{"id":15075,"date":"2019-07-01T16:56:54","date_gmt":"2019-07-01T14:56:54","guid":{"rendered":"https:\/\/www.coatresa.com\/politica-de-calidad\/"},"modified":"2019-07-09T10:26:00","modified_gmt":"2019-07-09T08:26:00","slug":"politica-de-qualitat","status":"publish","type":"page","link":"https:\/\/www.coatresa.com\/ca\/politica-de-qualitat\/","title":{"rendered":"Pol\u00edtica de qualitat"},"content":{"rendered":"<div id=\"pl-15075\"  class=\"panel-layout\" ><div id=\"pg-15075-0\"  class=\"panel-grid panel-has-style\" ><div style=\"padding: 0px 0; \" data-overlay=\"true\" data-overlay-color=\"#000000\" class=\"panel-row-style panel-row-style-for-15075-0\" ><div id=\"pgc-15075-0-0\"  class=\"panel-grid-cell\" ><div id=\"panel-15075-0-0-0\" class=\"so-panel widget_sow-editor panel-first-child panel-last-child\" data-index=\"0\" ><div style=\"text-align: left;\" data-title-color=\"#47425d\" data-headings-color=\"#443f3f\" data-title_alignment=\"center\" class=\"panel-widget-style panel-widget-style-for-15075-0-0-0\" ><div\n\t\t\t\n\t\t\tclass=\"so-widget-sow-editor so-widget-sow-editor-base\"\n\t\t\t\n\t\t>\n<div class=\"siteorigin-widget-tinymce textwidget\">\n\t<h1>Pol\u00edtica de qualitat<\/h1>\n<p style=\"text-align: justify;\">La Direcci\u00f3 de COATRESA GROUP, per convenciment propi, mant\u00e9 un proc\u00e9s de constant evoluci\u00f3, desenvolupament i millora de l'empresa amb els par\u00e0metres de Qualitat, Efic\u00e0cia i Satisfacci\u00f3 del Client que s\u00f3n imprescindibles avui dia per a la viabilitat de l'Organitzaci\u00f3, i defineix la seg\u00fcent pol\u00edtica de qualitat, amb la qual es pret\u00e9n donar el marc a l'Empresa perqu\u00e8 evolucioni:<\/p>\n<ul>\n<li style=\"text-align: justify;\"><b>Millora cont\u00ednua de l'organitzaci\u00f3 i els processos<\/b><br \/>\nCOATRESA GROUP se situa en un estat de constant innovaci\u00f3, desenvolupament i millora dels seus sistemes organitzatius i productius a fi d'aconseguir la m\u00e0xima efic\u00e0cia i efici\u00e8ncia dels mitjans humans i materials.<\/li>\n<li style=\"text-align: justify;\"><b>Satisfacci\u00f3 de les necessitats i requisits del client<\/b><br \/>\nCOATRESA GROUP es proposa obtenir la total confian\u00e7a i satisfacci\u00f3 dels seus clients, i mantenir-la i augmentar-la al llarg del temps, mitjan\u00e7ant el compliment dels seus requisits i expectatives, aix\u00ed com els requisits legals i reglamentaris.<\/li>\n<li style=\"text-align: justify;\"><b>Treball en equip i desenvolupament hum\u00e0<\/b><br \/>\nCOATRESA GROUP ha d'assegurar que el creixement de l'empresa contribueixi tamb\u00e9 al desenvolupament hum\u00e0 i material dels seus empleats, per aix\u00f2 ha de fomentar la col\u00b7laboraci\u00f3 i el treball en equip, proporcionant tots aquells canals de participaci\u00f3, motivaci\u00f3 i formaci\u00f3 que contribueixin a aconseguir una major qualitat del producte i de l'organitzaci\u00f3.<\/li>\n<\/ul>\n<\/div>\n<\/div><\/div><\/div><\/div><\/div><\/div><\/div>","protected":false},"excerpt":{"rendered":"<p>Pol\u00edtica de qualitat La Direcci\u00f3 de COATRESA GROUP, per convenciment propi, mant\u00e9 un proc\u00e9s de constant evoluci\u00f3, desenvolupament i millora de l&#8217;empresa [&hellip;]<\/p>\n","protected":false},"author":1,"featured_media":0,"parent":0,"menu_order":0,"comment_status":"closed","ping_status":"closed","template":"page-templates\/page_fullwidth.php","meta":{"footnotes":""},"class_list":["post-15075","page","type-page","status-publish","hentry"],"yoast_head":"<!-- This site is optimized with the Yoast SEO plugin v27.6 - https:\/\/yoast.com\/product\/yoast-seo-wordpress\/ -->\n<title>Pol\u00edtica de qualitat - Coatresa<\/title>\n<meta name=\"robots\" content=\"noindex, follow\" \/>\n<meta property=\"og:locale\" content=\"ca_ES\" \/>\n<meta property=\"og:type\" content=\"article\" \/>\n<meta property=\"og:title\" content=\"Pol\u00edtica de qualitat - Coatresa\" \/>\n<meta property=\"og:description\" content=\"Pol\u00edtica de qualitat La Direcci\u00f3 de COATRESA GROUP, per convenciment propi, mant\u00e9 un proc\u00e9s de constant evoluci\u00f3, desenvolupament i millora de l&#039;empresa [&hellip;]\" \/>\n<meta property=\"og:url\" content=\"https:\/\/www.coatresa.com\/ca\/politica-de-qualitat\/\" \/>\n<meta property=\"og:site_name\" content=\"Coatresa\" \/>\n<meta property=\"article:publisher\" content=\"https:\/\/www.facebook.com\/Coatresa\/\" \/>\n<meta property=\"article:modified_time\" content=\"2019-07-09T08:26:00+00:00\" \/>\n<meta name=\"twitter:card\" content=\"summary_large_image\" \/>\n<meta name=\"twitter:site\" content=\"@Coatresa\" \/>\n<meta name=\"twitter:label1\" content=\"Est. reading time\" \/>\n\t<meta name=\"twitter:data1\" content=\"1 minute\" \/>\n<script type=\"application\/ld+json\" class=\"yoast-schema-graph\">{\"@context\":\"https:\\\/\\\/schema.org\",\"@graph\":[{\"@type\":\"WebPage\",\"@id\":\"https:\\\/\\\/www.coatresa.com\\\/ca\\\/politica-de-qualitat\\\/\",\"url\":\"https:\\\/\\\/www.coatresa.com\\\/ca\\\/politica-de-qualitat\\\/\",\"name\":\"Pol\u00edtica de qualitat - Coatresa\",\"isPartOf\":{\"@id\":\"https:\\\/\\\/www.coatresa.com\\\/ca\\\/#website\"},\"datePublished\":\"2019-07-01T14:56:54+00:00\",\"dateModified\":\"2019-07-09T08:26:00+00:00\",\"breadcrumb\":{\"@id\":\"https:\\\/\\\/www.coatresa.com\\\/ca\\\/politica-de-qualitat\\\/#breadcrumb\"},\"inLanguage\":\"ca-ES\",\"potentialAction\":[{\"@type\":\"ReadAction\",\"target\":[\"https:\\\/\\\/www.coatresa.com\\\/ca\\\/politica-de-qualitat\\\/\"]}]},{\"@type\":\"BreadcrumbList\",\"@id\":\"https:\\\/\\\/www.coatresa.com\\\/ca\\\/politica-de-qualitat\\\/#breadcrumb\",\"itemListElement\":[{\"@type\":\"ListItem\",\"position\":1,\"name\":\"Portada\",\"item\":\"https:\\\/\\\/www.coatresa.com\\\/ca\\\/\"},{\"@type\":\"ListItem\",\"position\":2,\"name\":\"Pol\u00edtica de qualitat\"}]},{\"@type\":\"WebSite\",\"@id\":\"https:\\\/\\\/www.coatresa.com\\\/ca\\\/#website\",\"url\":\"https:\\\/\\\/www.coatresa.com\\\/ca\\\/\",\"name\":\"Coatresa\",\"description\":\"Aplicaci\u00f3n de recubrimientos antiadherentes y anticorrosivos como el Teflon. Expertos del Powder Coating\",\"publisher\":{\"@id\":\"https:\\\/\\\/www.coatresa.com\\\/ca\\\/#organization\"},\"potentialAction\":[{\"@type\":\"SearchAction\",\"target\":{\"@type\":\"EntryPoint\",\"urlTemplate\":\"https:\\\/\\\/www.coatresa.com\\\/ca\\\/?s={search_term_string}\"},\"query-input\":{\"@type\":\"PropertyValueSpecification\",\"valueRequired\":true,\"valueName\":\"search_term_string\"}}],\"inLanguage\":\"ca-ES\"},{\"@type\":\"Organization\",\"@id\":\"https:\\\/\\\/www.coatresa.com\\\/ca\\\/#organization\",\"name\":\"Coatresa\",\"url\":\"https:\\\/\\\/www.coatresa.com\\\/ca\\\/\",\"logo\":{\"@type\":\"ImageObject\",\"inLanguage\":\"ca-ES\",\"@id\":\"https:\\\/\\\/www.coatresa.com\\\/ca\\\/#\\\/schema\\\/logo\\\/image\\\/\",\"url\":\"https:\\\/\\\/www.coatresa.com\\\/wp-content\\\/uploads\\\/2022\\\/07\\\/A_blava_mitja_transp.png\",\"contentUrl\":\"https:\\\/\\\/www.coatresa.com\\\/wp-content\\\/uploads\\\/2022\\\/07\\\/A_blava_mitja_transp.png\",\"width\":340,\"height\":326,\"caption\":\"Coatresa\"},\"image\":{\"@id\":\"https:\\\/\\\/www.coatresa.com\\\/ca\\\/#\\\/schema\\\/logo\\\/image\\\/\"},\"sameAs\":[\"https:\\\/\\\/www.facebook.com\\\/Coatresa\\\/\",\"https:\\\/\\\/x.com\\\/Coatresa\",\"https:\\\/\\\/www.linkedin.com\\\/company\\\/coatresa\\\/\",\"https:\\\/\\\/www.youtube.com\\\/user\\\/CoatresaCoatings\"]}]}<\/script>\n<!-- \/ Yoast SEO plugin. -->","yoast_head_json":{"title":"Pol\u00edtica de qualitat - Coatresa","robots":{"index":"noindex","follow":"follow"},"og_locale":"ca_ES","og_type":"article","og_title":"Pol\u00edtica de qualitat - Coatresa","og_description":"Pol\u00edtica de qualitat La Direcci\u00f3 de COATRESA GROUP, per convenciment propi, mant\u00e9 un proc\u00e9s de constant evoluci\u00f3, desenvolupament i millora de l'empresa [&hellip;]","og_url":"https:\/\/www.coatresa.com\/ca\/politica-de-qualitat\/","og_site_name":"Coatresa","article_publisher":"https:\/\/www.facebook.com\/Coatresa\/","article_modified_time":"2019-07-09T08:26:00+00:00","twitter_card":"summary_large_image","twitter_site":"@Coatresa","twitter_misc":{"Est. reading time":"1 minute"},"schema":{"@context":"https:\/\/schema.org","@graph":[{"@type":"WebPage","@id":"https:\/\/www.coatresa.com\/ca\/politica-de-qualitat\/","url":"https:\/\/www.coatresa.com\/ca\/politica-de-qualitat\/","name":"Pol\u00edtica de qualitat - Coatresa","isPartOf":{"@id":"https:\/\/www.coatresa.com\/ca\/#website"},"datePublished":"2019-07-01T14:56:54+00:00","dateModified":"2019-07-09T08:26:00+00:00","breadcrumb":{"@id":"https:\/\/www.coatresa.com\/ca\/politica-de-qualitat\/#breadcrumb"},"inLanguage":"ca-ES","potentialAction":[{"@type":"ReadAction","target":["https:\/\/www.coatresa.com\/ca\/politica-de-qualitat\/"]}]},{"@type":"BreadcrumbList","@id":"https:\/\/www.coatresa.com\/ca\/politica-de-qualitat\/#breadcrumb","itemListElement":[{"@type":"ListItem","position":1,"name":"Portada","item":"https:\/\/www.coatresa.com\/ca\/"},{"@type":"ListItem","position":2,"name":"Pol\u00edtica de qualitat"}]},{"@type":"WebSite","@id":"https:\/\/www.coatresa.com\/ca\/#website","url":"https:\/\/www.coatresa.com\/ca\/","name":"Coatresa","description":"Aplicaci\u00f3n de recubrimientos antiadherentes y anticorrosivos como el Teflon. Expertos del Powder Coating","publisher":{"@id":"https:\/\/www.coatresa.com\/ca\/#organization"},"potentialAction":[{"@type":"SearchAction","target":{"@type":"EntryPoint","urlTemplate":"https:\/\/www.coatresa.com\/ca\/?s={search_term_string}"},"query-input":{"@type":"PropertyValueSpecification","valueRequired":true,"valueName":"search_term_string"}}],"inLanguage":"ca-ES"},{"@type":"Organization","@id":"https:\/\/www.coatresa.com\/ca\/#organization","name":"Coatresa","url":"https:\/\/www.coatresa.com\/ca\/","logo":{"@type":"ImageObject","inLanguage":"ca-ES","@id":"https:\/\/www.coatresa.com\/ca\/#\/schema\/logo\/image\/","url":"https:\/\/www.coatresa.com\/wp-content\/uploads\/2022\/07\/A_blava_mitja_transp.png","contentUrl":"https:\/\/www.coatresa.com\/wp-content\/uploads\/2022\/07\/A_blava_mitja_transp.png","width":340,"height":326,"caption":"Coatresa"},"image":{"@id":"https:\/\/www.coatresa.com\/ca\/#\/schema\/logo\/image\/"},"sameAs":["https:\/\/www.facebook.com\/Coatresa\/","https:\/\/x.com\/Coatresa","https:\/\/www.linkedin.com\/company\/coatresa\/","https:\/\/www.youtube.com\/user\/CoatresaCoatings"]}]}},"_links":{"self":[{"href":"https:\/\/www.coatresa.com\/ca\/wp-json\/wp\/v2\/pages\/15075","targetHints":{"allow":["GET"]}}],"collection":[{"href":"https:\/\/www.coatresa.com\/ca\/wp-json\/wp\/v2\/pages"}],"about":[{"href":"https:\/\/www.coatresa.com\/ca\/wp-json\/wp\/v2\/types\/page"}],"author":[{"embeddable":true,"href":"https:\/\/www.coatresa.com\/ca\/wp-json\/wp\/v2\/users\/1"}],"replies":[{"embeddable":true,"href":"https:\/\/www.coatresa.com\/ca\/wp-json\/wp\/v2\/comments?post=15075"}],"version-history":[{"count":0,"href":"https:\/\/www.coatresa.com\/ca\/wp-json\/wp\/v2\/pages\/15075\/revisions"}],"wp:attachment":[{"href":"https:\/\/www.coatresa.com\/ca\/wp-json\/wp\/v2\/media?parent=15075"}],"curies":[{"name":"wp","href":"https:\/\/api.w.org\/{rel}","templated":true}]}}