{"id":51692,"date":"2019-10-16T17:48:51","date_gmt":"2019-10-16T15:48:51","guid":{"rendered":"https:\/\/www.coatresa.com\/recubrimiento-dow-molykote\/"},"modified":"2020-05-19T12:03:29","modified_gmt":"2020-05-19T10:03:29","slug":"recobriment-dow-molykote","status":"publish","type":"page","link":"https:\/\/www.coatresa.com\/ca\/recobriment-dow-molykote\/","title":{"rendered":"Recobriment Molykote"},"content":{"rendered":"<div id=\"pl-51692\"  class=\"panel-layout\" ><div id=\"pg-51692-0\"  class=\"panel-grid panel-has-style\" ><div style=\"padding: 0px 0; \" data-overlay=\"true\" data-overlay-color=\"#000000\" class=\"panel-row-style panel-row-style-for-51692-0\" ><div id=\"pgc-51692-0-0\"  class=\"panel-grid-cell\" ><div id=\"panel-51692-0-0-0\" class=\"so-panel widget_sow-image panel-first-child panel-last-child\" data-index=\"0\" ><div style=\"text-align: left;\" data-title-color=\"#47425d\" data-headings-color=\"#443f3f\" data-title_alignment=\"center\" class=\"panel-widget-style panel-widget-style-for-51692-0-0-0\" ><div\n\t\t\t\n\t\t\tclass=\"so-widget-sow-image so-widget-sow-image-default-c67d20f9f743-51692\"\n\t\t\t\n\t\t>\n<div class=\"sow-image-container\">\n\t\t<img \n\tsrc=\"https:\/\/www.coatresa.com\/wp-content\/uploads\/2019\/10\/recubrimientos-dow-molykote.png\" width=\"240\" height=\"197\" srcset=\"https:\/\/www.coatresa.com\/wp-content\/uploads\/2019\/10\/recubrimientos-dow-molykote.png 240w, https:\/\/www.coatresa.com\/wp-content\/uploads\/2019\/10\/recubrimientos-dow-molykote-230x189.png 230w\" sizes=\"(max-width: 240px) 100vw, 240px\" title=\"recubrimientos Molykote de DOW\" alt=\"recubrimientos Molykote de DOW\" \t\tclass=\"so-widget-image\"\/>\n\t<\/div>\n\n<\/div><\/div><\/div><\/div><div id=\"pgc-51692-0-1\"  class=\"panel-grid-cell\" ><div id=\"panel-51692-0-1-0\" class=\"so-panel widget_sow-editor panel-first-child panel-last-child\" data-index=\"1\" ><div style=\"text-align: left;\" data-title-color=\"#47425d\" data-headings-color=\"#000000\" data-title_alignment=\"center\" class=\"panel-widget-style panel-widget-style-for-51692-0-1-0\" ><div\n\t\t\t\n\t\t\tclass=\"so-widget-sow-editor so-widget-sow-editor-base\"\n\t\t\t\n\t\t>\n<div class=\"siteorigin-widget-tinymce textwidget\">\n\t<h1 style=\"text-align: left;\">Recobriment Molykote \u00ae<\/h1>\n<hr align=\"left\" \/>\n<p style=\"text-align: justify;\">Els recobriments antifricci\u00f3 Molykote\u00ae contenen part\u00edcules microm\u00e8triques en base <b>disulfur de molibd\u00e8<\/b>, <b>grafits<\/b> o <b>PTFE<\/b> que li aporten propietats lubricants, amb baix coeficient de fricci\u00f3 i resist\u00e8ncia a la corrosi\u00f3.<br \/>\nAquests recobriments estan especialment dissenyats per reduir la fricci\u00f3, el soroll i el par de pressi\u00f3 a baixa velocitat o vibraci\u00f3, en superf\u00edcies de metall sobre metall, pl\u00e0stic sobre metall, pl\u00e0stic sobre pell, pell sobre pell o pl\u00e0stic amb pl\u00e0stic.<br \/>\nUna de les propietats m\u00e9s destacables s\u00f3n el seu rang de temperatura de treball, que va dels -180\u00baC fins als 450\u00baC.<\/p>\n<\/div>\n<\/div><\/div><\/div><\/div><\/div><\/div><div id=\"pg-51692-1\"  class=\"panel-grid panel-has-style\" ><div class=\"FRANJA-BLAVA-TITOL siteorigin-panels-stretch panel-row-style panel-row-style-for-51692-1\" style=\"padding: 0px 0; \" data-stretch-type=\"full\" data-overlay=\"true\" data-overlay-color=\"#000000\" ><div id=\"pgc-51692-1-0\"  class=\"panel-grid-cell\" ><div id=\"panel-51692-1-0-0\" class=\"so-panel widget_sow-editor panel-first-child panel-last-child\" data-index=\"2\" ><div class=\"blanc panel-widget-style panel-widget-style-for-51692-1-0-0\" style=\"text-align: left;\" data-title-color=\"#47425d\" data-headings-color=\"#443f3f\" data-title_alignment=\"center\" ><div\n\t\t\t\n\t\t\tclass=\"so-widget-sow-editor so-widget-sow-editor-base\"\n\t\t\t\n\t\t>\n<div class=\"siteorigin-widget-tinymce textwidget\">\n\t<h2 style=\"text-align: center;\">Propietats del recobriment Molykote \u00ae<\/h2>\n<\/div>\n<\/div><\/div><\/div><\/div><\/div><\/div><div id=\"pg-51692-2\"  class=\"panel-grid panel-has-style\" ><div class=\"BGC-GRIS siteorigin-panels-stretch panel-row-style panel-row-style-for-51692-2\" style=\"padding: 50px 0; \" data-stretch-type=\"full\" data-overlay=\"true\" data-overlay-color=\"#000000\" ><div id=\"pgc-51692-2-0\"  class=\"panel-grid-cell\" ><div id=\"panel-51692-2-0-0\" class=\"so-panel widget_sow-editor panel-first-child\" data-index=\"3\" ><div class=\"TEXTOS-DESTACATS panel-widget-style panel-widget-style-for-51692-2-0-0\" style=\"text-align: left;\" data-title-color=\"#47425d\" data-headings-color=\"#443f3f\" data-title_alignment=\"center\" ><div\n\t\t\t\n\t\t\tclass=\"so-widget-sow-editor so-widget-sow-editor-base\"\n\t\t\t\n\t\t>\n<div class=\"siteorigin-widget-tinymce textwidget\">\n\t<p style=\"text-align: center;\">Les propietats t\u00edpiques per els recobriments Molykote\u00ae s\u00f3n:<\/p>\n<\/div>\n<\/div><\/div><\/div><div id=\"panel-51692-2-0-1\" class=\"so-panel widget_sow-editor panel-last-child\" data-index=\"4\" ><div style=\"text-align: left;\" data-title-color=\"#47425d\" data-headings-color=\"#443f3f\" data-title_alignment=\"center\" class=\"panel-widget-style panel-widget-style-for-51692-2-0-1\" ><div\n\t\t\t\n\t\t\tclass=\"so-widget-sow-editor so-widget-sow-editor-base\"\n\t\t\t\n\t\t>\n<div class=\"siteorigin-widget-tinymce textwidget\">\n\t<ul class=\"LLISTA-SUBRATLLADA\">\n<li>Eliminaci\u00f3 de sorolls entre components de mecanismes<\/li>\n<li>Apropiat per a la lubricaci\u00f3 permanent de guies lliscants amb esfor\u00e7os elevats i velocitats de lliscament petites, moviments oscil\u00b7lants o treball intermitent<\/li>\n<li>Millora el proc\u00e9s de rodatge, lubricaci\u00f3 sota buit i temperatures extremes<\/li>\n<li>Emprat amb \u00e8xit en cargols de culata, guies de torradora, mecanismes d'ajust de miralls de cotxe, interruptors d'alt voltatge, per a la posada en marxa de pinyons sotmesos a fortes esfor\u00e7os<\/li>\n<li>Per combinacions metall\/metall amb moviments lents a mitjanament r\u00e0pids i c\u00e0rregues altes<\/li>\n<li>Lubricant d'emerg\u00e8ncia per parts del cap\u00e7al del rotor d'instal\u00b7lacions d'energia e\u00f2lica i per a l'extrusi\u00f3 en fred d'acer sense estries<\/li>\n<\/ul>\n<\/div>\n<\/div><\/div><\/div><\/div><\/div><\/div><div id=\"pg-51692-3\"  class=\"panel-grid panel-has-style\" ><div class=\"siteorigin-panels-stretch panel-row-style panel-row-style-for-51692-3\" style=\"padding: 50px 0; \" data-stretch-type=\"full\" data-overlay=\"true\" data-overlay-color=\"#000000\" ><div id=\"pgc-51692-3-0\"  class=\"panel-grid-cell\" ><div id=\"panel-51692-3-0-0\" class=\"so-panel widget_sow-editor panel-first-child\" data-index=\"5\" ><div style=\"text-align: left;\" data-title-color=\"#47425d\" data-headings-color=\"#443f3f\" data-title_alignment=\"center\" class=\"panel-widget-style panel-widget-style-for-51692-3-0-0\" ><div\n\t\t\t\n\t\t\tclass=\"so-widget-sow-editor so-widget-sow-editor-base\"\n\t\t\t\n\t\t>\n<div class=\"siteorigin-widget-tinymce textwidget\">\n\t<h2 class=\"BLAU-FOSC\" style=\"text-align: center;\">Refer\u00e8ncies de Molykote \u00ae<\/h2>\n<\/div>\n<\/div><\/div><\/div><div id=\"panel-51692-3-0-1\" class=\"so-panel widget_siteorigin-panels-builder panel-last-child\" data-index=\"6\" ><div style=\"text-align: left;\" data-title-color=\"#47425d\" data-headings-color=\"#443f3f\" data-title_alignment=\"center\" class=\"panel-widget-style panel-widget-style-for-51692-3-0-1\" ><div id=\"pl-w5da73be32e370\"  class=\"panel-layout\" ><div id=\"pg-w5da73be32e370-0\"  class=\"panel-grid panel-has-style\" ><div style=\"padding: 40px 0; \" data-overlay=\"true\" data-overlay-color=\"#000000\" class=\"panel-row-style panel-row-style-for-w5da73be32e370-0\" ><div id=\"pgc-w5da73be32e370-0-0\"  class=\"panel-grid-cell panel-grid-cell-empty\" ><\/div><div id=\"pgc-w5da73be32e370-0-1\"  class=\"panel-grid-cell panel-grid-cell-mobile-last\" ><div id=\"panel-w5da73be32e370-0-1-0\" class=\"so-panel widget_sow-editor panel-first-child panel-last-child\" data-index=\"0\" ><div style=\"text-align: left;\" data-title-color=\"#47425d\" data-headings-color=\"#443f3f\" data-title_alignment=\"center\" class=\"panel-widget-style panel-widget-style-for-w5da73be32e370-0-1-0\" ><div\n\t\t\t\n\t\t\tclass=\"so-widget-sow-editor so-widget-sow-editor-base\"\n\t\t\t\n\t\t>\n<div class=\"siteorigin-widget-tinymce textwidget\">\n\t<p style=\"text-align: center;\"><b>D-708<\/b><br \/>\n<b>D-709<\/b><br \/>\n<b>D-96<\/b><br \/>\n<b>D-96 UV<\/b><br \/>\n<b>D-321 R<\/b><\/p>\n<\/div>\n<\/div><\/div><\/div><\/div><div id=\"pgc-w5da73be32e370-0-2\"  class=\"panel-grid-cell panel-grid-cell-empty\" ><\/div><\/div><\/div><\/div><\/div><\/div><\/div><\/div><\/div><\/div>","protected":false},"excerpt":{"rendered":"<p>Recobriment Molykote \u00ae Els recobriments antifricci\u00f3 Molykote\u00ae contenen part\u00edcules microm\u00e8triques en base disulfur de molibd\u00e8, grafits o PTFE que li aporten propietats [&hellip;]<\/p>\n","protected":false},"author":1,"featured_media":15965,"parent":0,"menu_order":0,"comment_status":"closed","ping_status":"closed","template":"page-templates\/page_fullwidth.php","meta":{"footnotes":""},"class_list":["post-51692","page","type-page","status-publish","has-post-thumbnail","hentry"],"yoast_head":"<!-- This site is optimized with the Yoast SEO plugin v27.4 - https:\/\/yoast.com\/product\/yoast-seo-wordpress\/ -->\n<title>Recobriment Molykote - Coatresa<\/title>\n<meta name=\"description\" content=\"Recobriment Molykote DOW: recobriments antifricci\u00f3 en base disulfur de molibd\u00e8, grafits o PTFE. Baixa fricci\u00f3 i resist\u00e8ncia a la corrosi\u00f3.\" \/>\n<meta name=\"robots\" content=\"index, follow, max-snippet:-1, max-image-preview:large, max-video-preview:-1\" \/>\n<link rel=\"canonical\" href=\"https:\/\/www.coatresa.com\/ca\/recobriment-dow-molykote\/\" \/>\n<meta property=\"og:locale\" content=\"ca_ES\" \/>\n<meta property=\"og:type\" content=\"article\" \/>\n<meta property=\"og:title\" content=\"Recobriment Molykote - Coatresa\" \/>\n<meta property=\"og:description\" content=\"Recobriment Molykote DOW: recobriments antifricci\u00f3 en base disulfur de molibd\u00e8, grafits o PTFE. Baixa fricci\u00f3 i resist\u00e8ncia a la corrosi\u00f3.\" \/>\n<meta property=\"og:url\" content=\"https:\/\/www.coatresa.com\/ca\/recobriment-dow-molykote\/\" \/>\n<meta property=\"og:site_name\" content=\"Coatresa\" \/>\n<meta property=\"article:publisher\" content=\"https:\/\/www.facebook.com\/Coatresa\/\" \/>\n<meta property=\"article:modified_time\" content=\"2020-05-19T10:03:29+00:00\" \/>\n<meta property=\"og:image\" content=\"https:\/\/www.coatresa.com\/wp-content\/uploads\/2019\/10\/recubrimientos-dow-molykote.png\" \/>\n\t<meta property=\"og:image:width\" content=\"240\" \/>\n\t<meta property=\"og:image:height\" content=\"197\" \/>\n\t<meta property=\"og:image:type\" content=\"image\/png\" \/>\n<meta name=\"twitter:card\" content=\"summary_large_image\" \/>\n<meta name=\"twitter:site\" content=\"@Coatresa\" \/>\n<meta name=\"twitter:label1\" content=\"Est. reading time\" \/>\n\t<meta name=\"twitter:data1\" content=\"1 minute\" \/>\n<script type=\"application\/ld+json\" class=\"yoast-schema-graph\">{\"@context\":\"https:\\\/\\\/schema.org\",\"@graph\":[{\"@type\":\"WebPage\",\"@id\":\"https:\\\/\\\/www.coatresa.com\\\/ca\\\/recobriment-dow-molykote\\\/\",\"url\":\"https:\\\/\\\/www.coatresa.com\\\/ca\\\/recobriment-dow-molykote\\\/\",\"name\":\"Recobriment Molykote - Coatresa\",\"isPartOf\":{\"@id\":\"https:\\\/\\\/www.coatresa.com\\\/ca\\\/#website\"},\"primaryImageOfPage\":{\"@id\":\"https:\\\/\\\/www.coatresa.com\\\/ca\\\/recobriment-dow-molykote\\\/#primaryimage\"},\"image\":{\"@id\":\"https:\\\/\\\/www.coatresa.com\\\/ca\\\/recobriment-dow-molykote\\\/#primaryimage\"},\"thumbnailUrl\":\"https:\\\/\\\/www.coatresa.com\\\/wp-content\\\/uploads\\\/2019\\\/10\\\/recubrimientos-dow-molykote.png\",\"datePublished\":\"2019-10-16T15:48:51+00:00\",\"dateModified\":\"2020-05-19T10:03:29+00:00\",\"description\":\"Recobriment Molykote DOW: recobriments antifricci\u00f3 en base disulfur de molibd\u00e8, grafits o PTFE. Baixa fricci\u00f3 i resist\u00e8ncia a la corrosi\u00f3.\",\"breadcrumb\":{\"@id\":\"https:\\\/\\\/www.coatresa.com\\\/ca\\\/recobriment-dow-molykote\\\/#breadcrumb\"},\"inLanguage\":\"ca-ES\",\"potentialAction\":[{\"@type\":\"ReadAction\",\"target\":[\"https:\\\/\\\/www.coatresa.com\\\/ca\\\/recobriment-dow-molykote\\\/\"]}]},{\"@type\":\"ImageObject\",\"inLanguage\":\"ca-ES\",\"@id\":\"https:\\\/\\\/www.coatresa.com\\\/ca\\\/recobriment-dow-molykote\\\/#primaryimage\",\"url\":\"https:\\\/\\\/www.coatresa.com\\\/wp-content\\\/uploads\\\/2019\\\/10\\\/recubrimientos-dow-molykote.png\",\"contentUrl\":\"https:\\\/\\\/www.coatresa.com\\\/wp-content\\\/uploads\\\/2019\\\/10\\\/recubrimientos-dow-molykote.png\",\"width\":240,\"height\":197,\"caption\":\"recubrimientos Molykote de DOW\"},{\"@type\":\"BreadcrumbList\",\"@id\":\"https:\\\/\\\/www.coatresa.com\\\/ca\\\/recobriment-dow-molykote\\\/#breadcrumb\",\"itemListElement\":[{\"@type\":\"ListItem\",\"position\":1,\"name\":\"Portada\",\"item\":\"https:\\\/\\\/www.coatresa.com\\\/ca\\\/\"},{\"@type\":\"ListItem\",\"position\":2,\"name\":\"Recobriment Molykote\"}]},{\"@type\":\"WebSite\",\"@id\":\"https:\\\/\\\/www.coatresa.com\\\/ca\\\/#website\",\"url\":\"https:\\\/\\\/www.coatresa.com\\\/ca\\\/\",\"name\":\"Coatresa\",\"description\":\"Aplicaci\u00f3n de recubrimientos antiadherentes y anticorrosivos como el Teflon. Expertos del Powder Coating\",\"publisher\":{\"@id\":\"https:\\\/\\\/www.coatresa.com\\\/ca\\\/#organization\"},\"potentialAction\":[{\"@type\":\"SearchAction\",\"target\":{\"@type\":\"EntryPoint\",\"urlTemplate\":\"https:\\\/\\\/www.coatresa.com\\\/ca\\\/?s={search_term_string}\"},\"query-input\":{\"@type\":\"PropertyValueSpecification\",\"valueRequired\":true,\"valueName\":\"search_term_string\"}}],\"inLanguage\":\"ca-ES\"},{\"@type\":\"Organization\",\"@id\":\"https:\\\/\\\/www.coatresa.com\\\/ca\\\/#organization\",\"name\":\"Coatresa\",\"url\":\"https:\\\/\\\/www.coatresa.com\\\/ca\\\/\",\"logo\":{\"@type\":\"ImageObject\",\"inLanguage\":\"ca-ES\",\"@id\":\"https:\\\/\\\/www.coatresa.com\\\/ca\\\/#\\\/schema\\\/logo\\\/image\\\/\",\"url\":\"https:\\\/\\\/www.coatresa.com\\\/wp-content\\\/uploads\\\/2022\\\/07\\\/A_blava_mitja_transp.png\",\"contentUrl\":\"https:\\\/\\\/www.coatresa.com\\\/wp-content\\\/uploads\\\/2022\\\/07\\\/A_blava_mitja_transp.png\",\"width\":340,\"height\":326,\"caption\":\"Coatresa\"},\"image\":{\"@id\":\"https:\\\/\\\/www.coatresa.com\\\/ca\\\/#\\\/schema\\\/logo\\\/image\\\/\"},\"sameAs\":[\"https:\\\/\\\/www.facebook.com\\\/Coatresa\\\/\",\"https:\\\/\\\/x.com\\\/Coatresa\",\"https:\\\/\\\/www.linkedin.com\\\/company\\\/coatresa\\\/\",\"https:\\\/\\\/www.youtube.com\\\/user\\\/CoatresaCoatings\"]}]}<\/script>\n<!-- \/ Yoast SEO plugin. -->","yoast_head_json":{"title":"Recobriment Molykote - Coatresa","description":"Recobriment Molykote DOW: recobriments antifricci\u00f3 en base disulfur de molibd\u00e8, grafits o PTFE. Baixa fricci\u00f3 i resist\u00e8ncia a la corrosi\u00f3.","robots":{"index":"index","follow":"follow","max-snippet":"max-snippet:-1","max-image-preview":"max-image-preview:large","max-video-preview":"max-video-preview:-1"},"canonical":"https:\/\/www.coatresa.com\/ca\/recobriment-dow-molykote\/","og_locale":"ca_ES","og_type":"article","og_title":"Recobriment Molykote - Coatresa","og_description":"Recobriment Molykote DOW: recobriments antifricci\u00f3 en base disulfur de molibd\u00e8, grafits o PTFE. Baixa fricci\u00f3 i resist\u00e8ncia a la corrosi\u00f3.","og_url":"https:\/\/www.coatresa.com\/ca\/recobriment-dow-molykote\/","og_site_name":"Coatresa","article_publisher":"https:\/\/www.facebook.com\/Coatresa\/","article_modified_time":"2020-05-19T10:03:29+00:00","og_image":[{"width":240,"height":197,"url":"https:\/\/www.coatresa.com\/wp-content\/uploads\/2019\/10\/recubrimientos-dow-molykote.png","type":"image\/png"}],"twitter_card":"summary_large_image","twitter_site":"@Coatresa","twitter_misc":{"Est. reading time":"1 minute"},"schema":{"@context":"https:\/\/schema.org","@graph":[{"@type":"WebPage","@id":"https:\/\/www.coatresa.com\/ca\/recobriment-dow-molykote\/","url":"https:\/\/www.coatresa.com\/ca\/recobriment-dow-molykote\/","name":"Recobriment Molykote - Coatresa","isPartOf":{"@id":"https:\/\/www.coatresa.com\/ca\/#website"},"primaryImageOfPage":{"@id":"https:\/\/www.coatresa.com\/ca\/recobriment-dow-molykote\/#primaryimage"},"image":{"@id":"https:\/\/www.coatresa.com\/ca\/recobriment-dow-molykote\/#primaryimage"},"thumbnailUrl":"https:\/\/www.coatresa.com\/wp-content\/uploads\/2019\/10\/recubrimientos-dow-molykote.png","datePublished":"2019-10-16T15:48:51+00:00","dateModified":"2020-05-19T10:03:29+00:00","description":"Recobriment Molykote DOW: recobriments antifricci\u00f3 en base disulfur de molibd\u00e8, grafits o PTFE. Baixa fricci\u00f3 i resist\u00e8ncia a la corrosi\u00f3.","breadcrumb":{"@id":"https:\/\/www.coatresa.com\/ca\/recobriment-dow-molykote\/#breadcrumb"},"inLanguage":"ca-ES","potentialAction":[{"@type":"ReadAction","target":["https:\/\/www.coatresa.com\/ca\/recobriment-dow-molykote\/"]}]},{"@type":"ImageObject","inLanguage":"ca-ES","@id":"https:\/\/www.coatresa.com\/ca\/recobriment-dow-molykote\/#primaryimage","url":"https:\/\/www.coatresa.com\/wp-content\/uploads\/2019\/10\/recubrimientos-dow-molykote.png","contentUrl":"https:\/\/www.coatresa.com\/wp-content\/uploads\/2019\/10\/recubrimientos-dow-molykote.png","width":240,"height":197,"caption":"recubrimientos Molykote de DOW"},{"@type":"BreadcrumbList","@id":"https:\/\/www.coatresa.com\/ca\/recobriment-dow-molykote\/#breadcrumb","itemListElement":[{"@type":"ListItem","position":1,"name":"Portada","item":"https:\/\/www.coatresa.com\/ca\/"},{"@type":"ListItem","position":2,"name":"Recobriment Molykote"}]},{"@type":"WebSite","@id":"https:\/\/www.coatresa.com\/ca\/#website","url":"https:\/\/www.coatresa.com\/ca\/","name":"Coatresa","description":"Aplicaci\u00f3n de recubrimientos antiadherentes y anticorrosivos como el Teflon. Expertos del Powder Coating","publisher":{"@id":"https:\/\/www.coatresa.com\/ca\/#organization"},"potentialAction":[{"@type":"SearchAction","target":{"@type":"EntryPoint","urlTemplate":"https:\/\/www.coatresa.com\/ca\/?s={search_term_string}"},"query-input":{"@type":"PropertyValueSpecification","valueRequired":true,"valueName":"search_term_string"}}],"inLanguage":"ca-ES"},{"@type":"Organization","@id":"https:\/\/www.coatresa.com\/ca\/#organization","name":"Coatresa","url":"https:\/\/www.coatresa.com\/ca\/","logo":{"@type":"ImageObject","inLanguage":"ca-ES","@id":"https:\/\/www.coatresa.com\/ca\/#\/schema\/logo\/image\/","url":"https:\/\/www.coatresa.com\/wp-content\/uploads\/2022\/07\/A_blava_mitja_transp.png","contentUrl":"https:\/\/www.coatresa.com\/wp-content\/uploads\/2022\/07\/A_blava_mitja_transp.png","width":340,"height":326,"caption":"Coatresa"},"image":{"@id":"https:\/\/www.coatresa.com\/ca\/#\/schema\/logo\/image\/"},"sameAs":["https:\/\/www.facebook.com\/Coatresa\/","https:\/\/x.com\/Coatresa","https:\/\/www.linkedin.com\/company\/coatresa\/","https:\/\/www.youtube.com\/user\/CoatresaCoatings"]}]}},"_links":{"self":[{"href":"https:\/\/www.coatresa.com\/ca\/wp-json\/wp\/v2\/pages\/51692","targetHints":{"allow":["GET"]}}],"collection":[{"href":"https:\/\/www.coatresa.com\/ca\/wp-json\/wp\/v2\/pages"}],"about":[{"href":"https:\/\/www.coatresa.com\/ca\/wp-json\/wp\/v2\/types\/page"}],"author":[{"embeddable":true,"href":"https:\/\/www.coatresa.com\/ca\/wp-json\/wp\/v2\/users\/1"}],"replies":[{"embeddable":true,"href":"https:\/\/www.coatresa.com\/ca\/wp-json\/wp\/v2\/comments?post=51692"}],"version-history":[{"count":0,"href":"https:\/\/www.coatresa.com\/ca\/wp-json\/wp\/v2\/pages\/51692\/revisions"}],"wp:featuredmedia":[{"embeddable":true,"href":"https:\/\/www.coatresa.com\/ca\/wp-json\/wp\/v2\/media\/15965"}],"wp:attachment":[{"href":"https:\/\/www.coatresa.com\/ca\/wp-json\/wp\/v2\/media?parent=51692"}],"curies":[{"name":"wp","href":"https:\/\/api.w.org\/{rel}","templated":true}]}}