{"id":51708,"date":"2019-09-18T15:28:29","date_gmt":"2019-09-18T13:28:29","guid":{"rendered":"https:\/\/www.coatresa.com\/recubrimiento-victrex-vicote\/"},"modified":"2020-05-20T09:53:07","modified_gmt":"2020-05-20T07:53:07","slug":"recobriment-victrex-vicote","status":"publish","type":"page","link":"https:\/\/www.coatresa.com\/ca\/recobriment-victrex-vicote\/","title":{"rendered":"Recobriment Vicote"},"content":{"rendered":"<div id=\"pl-51708\"  class=\"panel-layout\" ><div id=\"pg-51708-0\"  class=\"panel-grid panel-has-style\" ><div style=\"padding: 0px 0; \" data-overlay=\"true\" data-overlay-color=\"#000000\" class=\"panel-row-style panel-row-style-for-51708-0\" ><div id=\"pgc-51708-0-0\"  class=\"panel-grid-cell\" ><div id=\"panel-51708-0-0-0\" class=\"so-panel widget_sow-image panel-first-child panel-last-child\" data-index=\"0\" ><div style=\"text-align: left;\" data-title-color=\"#47425d\" data-headings-color=\"#443f3f\" data-title_alignment=\"center\" class=\"panel-widget-style panel-widget-style-for-51708-0-0-0\" ><div\n\t\t\t\n\t\t\tclass=\"so-widget-sow-image so-widget-sow-image-default-c67d20f9f743-51708\"\n\t\t\t\n\t\t>\n<div class=\"sow-image-container\">\n\t\t<img \n\tsrc=\"https:\/\/www.coatresa.com\/wp-content\/uploads\/2019\/09\/recubrimientos-victrex-vicote.png\" width=\"197\" height=\"197\" srcset=\"https:\/\/www.coatresa.com\/wp-content\/uploads\/2019\/09\/recubrimientos-victrex-vicote.png 197w, https:\/\/www.coatresa.com\/wp-content\/uploads\/2019\/09\/recubrimientos-victrex-vicote-150x150.png 150w\" sizes=\"(max-width: 197px) 100vw, 197px\" title=\"recubrimientos Victrex Vicote\" alt=\"recubrimientos Victrex Vicote\" \t\tclass=\"so-widget-image\"\/>\n\t<\/div>\n\n<\/div><\/div><\/div><\/div><div id=\"pgc-51708-0-1\"  class=\"panel-grid-cell\" ><div id=\"panel-51708-0-1-0\" class=\"so-panel widget_sow-editor panel-first-child panel-last-child\" data-index=\"1\" ><div style=\"text-align: left;\" data-title-color=\"#47425d\" data-headings-color=\"#000000\" data-title_alignment=\"center\" class=\"panel-widget-style panel-widget-style-for-51708-0-1-0\" ><div\n\t\t\t\n\t\t\tclass=\"so-widget-sow-editor so-widget-sow-editor-base\"\n\t\t\t\n\t\t>\n<div class=\"siteorigin-widget-tinymce textwidget\">\n\t<h1 style=\"text-align: left;\">Recobriment Vicote \u2122<\/h1>\n<hr align=\"left\" \/>\n<p style=\"text-align: justify;\">Els <b>recobriments ecol\u00f2gics VICOTE<\/b>\u2122 es van desenvolupar per omplir l'oportunitat en concepte de falta de rendiment trobada en moltes tecnologies existents en recobriments d'avui. S'apliquen en diferents sectors industrials com ara: automoci\u00f3, processament d'aliments, semiconductors, electr\u00f2nica o recanvis farmac\u00e8utics.<br \/>\nEls recobriments VICOTE\u2122 s\u00f3n <b>una gran opci\u00f3 per a enginyers que busquen millorar el desgast, el rendiment i la vida \u00fatil de la pe\u00e7a<\/b>. Es poden aplicar utilitzant la t\u00e8cnica de polvoritzaci\u00f3 per dispersi\u00f3 electrost\u00e0tica o convencional.<\/p>\n<\/div>\n<\/div><\/div><\/div><\/div><\/div><\/div><div id=\"pg-51708-1\"  class=\"panel-grid panel-has-style\" ><div class=\"FRANJA-BLAVA-TITOL siteorigin-panels-stretch panel-row-style panel-row-style-for-51708-1\" style=\"padding: 0px 0; \" data-stretch-type=\"full\" data-overlay=\"true\" data-overlay-color=\"#000000\" ><div id=\"pgc-51708-1-0\"  class=\"panel-grid-cell\" ><div id=\"panel-51708-1-0-0\" class=\"so-panel widget_sow-editor panel-first-child panel-last-child\" data-index=\"2\" ><div class=\"blanc panel-widget-style panel-widget-style-for-51708-1-0-0\" style=\"text-align: left;\" data-title-color=\"#47425d\" data-headings-color=\"#443f3f\" data-title_alignment=\"center\" ><div\n\t\t\t\n\t\t\tclass=\"so-widget-sow-editor so-widget-sow-editor-base\"\n\t\t\t\n\t\t>\n<div class=\"siteorigin-widget-tinymce textwidget\">\n\t<h2 style=\"text-align: center;\">Propietats principals del recobriment Vicote\u2122<\/h2>\n<\/div>\n<\/div><\/div><\/div><\/div><\/div><\/div><div id=\"pg-51708-2\"  class=\"panel-grid panel-has-style\" ><div class=\"BGC-GRIS siteorigin-panels-stretch panel-row-style panel-row-style-for-51708-2\" style=\"padding: 50px 0; \" data-stretch-type=\"full\" data-overlay=\"true\" data-overlay-color=\"#000000\" ><div id=\"pgc-51708-2-0\"  class=\"panel-grid-cell\" ><div id=\"panel-51708-2-0-0\" class=\"so-panel widget_sow-editor panel-first-child\" data-index=\"3\" ><div style=\"text-align: left;\" data-title-color=\"#47425d\" data-headings-color=\"#443f3f\" data-title_alignment=\"center\" class=\"panel-widget-style panel-widget-style-for-51708-2-0-0\" ><div\n\t\t\t\n\t\t\tclass=\"so-widget-sow-editor so-widget-sow-editor-base\"\n\t\t\t\n\t\t>\n<div class=\"siteorigin-widget-tinymce textwidget\">\n\t<p style=\"text-align: center;\">L'ingredient principal del recobriment VICOTE\u2122 \u00e9s el pol\u00edmer <b>VICTREX PEEK<\/b>\u2122, un pol\u00edmer lineal, termopl\u00e0stic arom\u00e0tic, semicristal\u00b7l\u00ed, considerat com <b>un dels millors materials termopl\u00e0stics al m\u00f3n<\/b>. Ofereix una combinaci\u00f3 \u00fanica de propietats per ajudar als aplicadors i usuaris per assolir nous nivells d'estalvi de costos, rendiment i diferenciaci\u00f3 de producte.<\/p>\n<\/div>\n<\/div><\/div><\/div><div id=\"panel-51708-2-0-1\" class=\"so-panel widget_sow-editor panel-last-child\" data-index=\"4\" ><div style=\"text-align: left;\" data-title-color=\"#47425d\" data-headings-color=\"#443f3f\" data-title_alignment=\"center\" class=\"panel-widget-style panel-widget-style-for-51708-2-0-1\" ><div\n\t\t\t\n\t\t\tclass=\"so-widget-sow-editor so-widget-sow-editor-base\"\n\t\t\t\n\t\t>\n<div class=\"siteorigin-widget-tinymce textwidget\">\n\t<ul class=\"LLISTA-SUBRATLLADA\">\n<li>Excepcional resist\u00e8ncia a l'abrasi\u00f3<\/li>\n<li>Excel\u00b7lents propietats mec\u00e0niques<\/li>\n<li>Excel\u00b7lent protecci\u00f3 superficial<\/li>\n<li>Bona lubricaci\u00f3<\/li>\n<li>Resistent a grans c\u00e0rregues<\/li>\n<li>Bona barrera qu\u00edmica<\/li>\n<li>Excel\u00b7lent resist\u00e8ncia a la radiaci\u00f3<\/li>\n<li>Alta resist\u00e8ncia t\u00e8rmica<\/li>\n<li>Compleix amb la normativa RoHS<\/li>\n<li>Baixa migraci\u00f3<\/li>\n<li>Eco-friendly<\/li>\n<li>Compleix amb la normativa per contacte amb aliments FDA<\/li>\n<li>Baixa absorci\u00f3 de la humitat<\/li>\n<li>Excel\u00b7lent resist\u00e8ncia a la hidr\u00f2lisi<\/li>\n<li>Lliure d'hal\u00f2gens<\/li>\n<\/ul>\n<\/div>\n<\/div><\/div><\/div><\/div><\/div><\/div><div id=\"pg-51708-3\"  class=\"panel-grid panel-has-style\" ><div class=\"siteorigin-panels-stretch panel-row-style panel-row-style-for-51708-3\" style=\"padding: 50px 0; \" data-stretch-type=\"full\" data-overlay=\"true\" data-overlay-color=\"#000000\" ><div id=\"pgc-51708-3-0\"  class=\"panel-grid-cell\" ><div id=\"panel-51708-3-0-0\" class=\"so-panel widget_sow-editor panel-first-child\" data-index=\"5\" ><div style=\"text-align: left;\" data-title-color=\"#47425d\" data-headings-color=\"#443f3f\" data-title_alignment=\"center\" class=\"panel-widget-style panel-widget-style-for-51708-3-0-0\" ><div\n\t\t\t\n\t\t\tclass=\"so-widget-sow-editor so-widget-sow-editor-base\"\n\t\t\t\n\t\t>\n<div class=\"siteorigin-widget-tinymce textwidget\">\n\t<h2 class=\"BLAU-FOSC\" style=\"text-align: center;\">Refer\u00e8ncies de Vicote \u2122<\/h2>\n<\/div>\n<\/div><\/div><\/div><div id=\"panel-51708-3-0-1\" class=\"so-panel widget_siteorigin-panels-builder panel-last-child\" data-index=\"6\" ><div style=\"text-align: left;\" data-title-color=\"#47425d\" data-headings-color=\"#443f3f\" data-title_alignment=\"center\" class=\"panel-widget-style panel-widget-style-for-51708-3-0-1\" ><div id=\"pl-w5d822f967388d\"  class=\"panel-layout\" ><div id=\"pg-w5d822f967388d-0\"  class=\"panel-grid panel-has-style\" ><div style=\"padding: 40px 0; \" data-overlay=\"true\" data-overlay-color=\"#000000\" class=\"panel-row-style panel-row-style-for-w5d822f967388d-0\" ><div id=\"pgc-w5d822f967388d-0-0\"  class=\"panel-grid-cell\" ><div id=\"panel-w5d822f967388d-0-0-0\" class=\"so-panel widget_sow-editor panel-first-child panel-last-child\" data-index=\"0\" ><div style=\"text-align: left;\" data-title-color=\"#47425d\" data-headings-color=\"#443f3f\" data-title_alignment=\"center\" class=\"panel-widget-style panel-widget-style-for-w5d822f967388d-0-0-0\" ><div\n\t\t\t\n\t\t\tclass=\"so-widget-sow-editor so-widget-sow-editor-base\"\n\t\t\t\n\t\t>\n<div class=\"siteorigin-widget-tinymce textwidget\">\n\t<p style=\"text-align: center;\"><b>701<\/b><br \/>\n<b>702<\/b><br \/>\n<b>703<\/b><br \/>\n<b>704<\/b><br \/>\n<b>705<\/b><br \/>\n<b>706<\/b><br \/>\n<b>707<\/b><br \/>\n<b>708<\/b><br \/>\n<b>709<\/b><br \/>\n<b>804<\/b><\/p>\n<\/div>\n<\/div><\/div><\/div><\/div><div id=\"pgc-w5d822f967388d-0-1\"  class=\"panel-grid-cell\" ><div id=\"panel-w5d822f967388d-0-1-0\" class=\"so-panel widget_sow-editor panel-first-child panel-last-child\" data-index=\"1\" ><div style=\"text-align: left;\" data-title-color=\"#47425d\" data-headings-color=\"#443f3f\" data-title_alignment=\"center\" class=\"panel-widget-style panel-widget-style-for-w5d822f967388d-0-1-0\" ><div\n\t\t\t\n\t\t\tclass=\"so-widget-sow-editor so-widget-sow-editor-base\"\n\t\t\t\n\t\t>\n<div class=\"siteorigin-widget-tinymce textwidget\">\n\t<p style=\"text-align: center;\"><b>F804<\/b><br \/>\n<b>806<\/b><br \/>\n<b>F806<\/b><br \/>\n<b>807<\/b><br \/>\n<b>F807<\/b><br \/>\n<b>808<\/b><br \/>\n<b>F808<\/b><br \/>\n<b>809<\/b><br \/>\n<b>F809<\/b><br \/>\n<b>810<\/b><\/p>\n<\/div>\n<\/div><\/div><\/div><\/div><div id=\"pgc-w5d822f967388d-0-2\"  class=\"panel-grid-cell\" ><div id=\"panel-w5d822f967388d-0-2-0\" class=\"so-panel widget_sow-editor panel-first-child panel-last-child\" data-index=\"2\" ><div style=\"text-align: left;\" data-title-color=\"#47425d\" data-headings-color=\"#443f3f\" data-title_alignment=\"center\" class=\"panel-widget-style panel-widget-style-for-w5d822f967388d-0-2-0\" ><div\n\t\t\t\n\t\t\tclass=\"so-widget-sow-editor so-widget-sow-editor-base\"\n\t\t\t\n\t\t>\n<div class=\"siteorigin-widget-tinymce textwidget\">\n\t<p style=\"text-align: center;\"><b>F810<\/b><br \/>\n<b>811<\/b><br \/>\n<b>812<\/b><br \/>\n<b>813<\/b><br \/>\n<b>814<\/b><br \/>\n<b>815<\/b><br \/>\n<b>816<\/b><\/p>\n<\/div>\n<\/div><\/div><\/div><\/div><\/div><\/div><\/div><\/div><\/div><\/div><\/div><\/div><\/div>","protected":false},"excerpt":{"rendered":"<p>Recobriment Vicote \u2122 Els recobriments ecol\u00f2gics VICOTE\u2122 es van desenvolupar per omplir l&#8217;oportunitat en concepte de falta de rendiment trobada en moltes [&hellip;]<\/p>\n","protected":false},"author":1,"featured_media":15512,"parent":0,"menu_order":0,"comment_status":"closed","ping_status":"closed","template":"page-templates\/page_fullwidth.php","meta":{"footnotes":""},"class_list":["post-51708","page","type-page","status-publish","has-post-thumbnail","hentry"],"yoast_head":"<!-- This site is optimized with the Yoast SEO plugin v27.3 - https:\/\/yoast.com\/product\/yoast-seo-wordpress\/ -->\n<title>Recobriment Vicote - Coatresa<\/title>\n<meta name=\"description\" content=\"Recobriment Vicote Victrex: recobriment ecol\u00f2gic per a sectors com el farmac\u00e8utic o l&#039;electr\u00f2nica. Normativa FDA, lliure d&#039;hal\u00f2gens. Pol\u00edmer PEEK\" \/>\n<meta name=\"robots\" content=\"index, follow, max-snippet:-1, max-image-preview:large, max-video-preview:-1\" \/>\n<link rel=\"canonical\" href=\"https:\/\/www.coatresa.com\/ca\/recobriment-victrex-vicote\/\" \/>\n<meta property=\"og:locale\" content=\"ca_ES\" \/>\n<meta property=\"og:type\" content=\"article\" \/>\n<meta property=\"og:title\" content=\"Recobriment Vicote - Coatresa\" \/>\n<meta property=\"og:description\" content=\"Recobriment Vicote Victrex: recobriment ecol\u00f2gic per a sectors com el farmac\u00e8utic o l&#039;electr\u00f2nica. Normativa FDA, lliure d&#039;hal\u00f2gens. Pol\u00edmer PEEK\" \/>\n<meta property=\"og:url\" content=\"https:\/\/www.coatresa.com\/ca\/recobriment-victrex-vicote\/\" \/>\n<meta property=\"og:site_name\" content=\"Coatresa\" \/>\n<meta property=\"article:publisher\" content=\"https:\/\/www.facebook.com\/Coatresa\/\" \/>\n<meta property=\"article:modified_time\" content=\"2020-05-20T07:53:07+00:00\" \/>\n<meta property=\"og:image\" content=\"https:\/\/www.coatresa.com\/wp-content\/uploads\/2019\/09\/recubrimientos-victrex-vicote.png\" \/>\n\t<meta property=\"og:image:width\" content=\"197\" \/>\n\t<meta property=\"og:image:height\" content=\"197\" \/>\n\t<meta property=\"og:image:type\" content=\"image\/png\" \/>\n<meta name=\"twitter:card\" content=\"summary_large_image\" \/>\n<meta name=\"twitter:site\" content=\"@Coatresa\" \/>\n<meta name=\"twitter:label1\" content=\"Est. reading time\" \/>\n\t<meta name=\"twitter:data1\" content=\"1 minute\" \/>\n<script type=\"application\/ld+json\" class=\"yoast-schema-graph\">{\"@context\":\"https:\\\/\\\/schema.org\",\"@graph\":[{\"@type\":\"WebPage\",\"@id\":\"https:\\\/\\\/www.coatresa.com\\\/ca\\\/recobriment-victrex-vicote\\\/\",\"url\":\"https:\\\/\\\/www.coatresa.com\\\/ca\\\/recobriment-victrex-vicote\\\/\",\"name\":\"Recobriment Vicote - Coatresa\",\"isPartOf\":{\"@id\":\"https:\\\/\\\/www.coatresa.com\\\/ca\\\/#website\"},\"primaryImageOfPage\":{\"@id\":\"https:\\\/\\\/www.coatresa.com\\\/ca\\\/recobriment-victrex-vicote\\\/#primaryimage\"},\"image\":{\"@id\":\"https:\\\/\\\/www.coatresa.com\\\/ca\\\/recobriment-victrex-vicote\\\/#primaryimage\"},\"thumbnailUrl\":\"https:\\\/\\\/www.coatresa.com\\\/wp-content\\\/uploads\\\/2019\\\/09\\\/recubrimientos-victrex-vicote.png\",\"datePublished\":\"2019-09-18T13:28:29+00:00\",\"dateModified\":\"2020-05-20T07:53:07+00:00\",\"description\":\"Recobriment Vicote Victrex: recobriment ecol\u00f2gic per a sectors com el farmac\u00e8utic o l'electr\u00f2nica. Normativa FDA, lliure d'hal\u00f2gens. Pol\u00edmer PEEK\",\"breadcrumb\":{\"@id\":\"https:\\\/\\\/www.coatresa.com\\\/ca\\\/recobriment-victrex-vicote\\\/#breadcrumb\"},\"inLanguage\":\"ca-ES\",\"potentialAction\":[{\"@type\":\"ReadAction\",\"target\":[\"https:\\\/\\\/www.coatresa.com\\\/ca\\\/recobriment-victrex-vicote\\\/\"]}]},{\"@type\":\"ImageObject\",\"inLanguage\":\"ca-ES\",\"@id\":\"https:\\\/\\\/www.coatresa.com\\\/ca\\\/recobriment-victrex-vicote\\\/#primaryimage\",\"url\":\"https:\\\/\\\/www.coatresa.com\\\/wp-content\\\/uploads\\\/2019\\\/09\\\/recubrimientos-victrex-vicote.png\",\"contentUrl\":\"https:\\\/\\\/www.coatresa.com\\\/wp-content\\\/uploads\\\/2019\\\/09\\\/recubrimientos-victrex-vicote.png\",\"width\":197,\"height\":197,\"caption\":\"recubrimientos Victrex Vicote\"},{\"@type\":\"BreadcrumbList\",\"@id\":\"https:\\\/\\\/www.coatresa.com\\\/ca\\\/recobriment-victrex-vicote\\\/#breadcrumb\",\"itemListElement\":[{\"@type\":\"ListItem\",\"position\":1,\"name\":\"Portada\",\"item\":\"https:\\\/\\\/www.coatresa.com\\\/ca\\\/\"},{\"@type\":\"ListItem\",\"position\":2,\"name\":\"Recobriment Vicote\"}]},{\"@type\":\"WebSite\",\"@id\":\"https:\\\/\\\/www.coatresa.com\\\/ca\\\/#website\",\"url\":\"https:\\\/\\\/www.coatresa.com\\\/ca\\\/\",\"name\":\"Coatresa\",\"description\":\"Aplicaci\u00f3n de recubrimientos antiadherentes y anticorrosivos como el Teflon. Expertos del Powder Coating\",\"publisher\":{\"@id\":\"https:\\\/\\\/www.coatresa.com\\\/ca\\\/#organization\"},\"potentialAction\":[{\"@type\":\"SearchAction\",\"target\":{\"@type\":\"EntryPoint\",\"urlTemplate\":\"https:\\\/\\\/www.coatresa.com\\\/ca\\\/?s={search_term_string}\"},\"query-input\":{\"@type\":\"PropertyValueSpecification\",\"valueRequired\":true,\"valueName\":\"search_term_string\"}}],\"inLanguage\":\"ca-ES\"},{\"@type\":\"Organization\",\"@id\":\"https:\\\/\\\/www.coatresa.com\\\/ca\\\/#organization\",\"name\":\"Coatresa\",\"url\":\"https:\\\/\\\/www.coatresa.com\\\/ca\\\/\",\"logo\":{\"@type\":\"ImageObject\",\"inLanguage\":\"ca-ES\",\"@id\":\"https:\\\/\\\/www.coatresa.com\\\/ca\\\/#\\\/schema\\\/logo\\\/image\\\/\",\"url\":\"https:\\\/\\\/www.coatresa.com\\\/wp-content\\\/uploads\\\/2022\\\/07\\\/A_blava_mitja_transp.png\",\"contentUrl\":\"https:\\\/\\\/www.coatresa.com\\\/wp-content\\\/uploads\\\/2022\\\/07\\\/A_blava_mitja_transp.png\",\"width\":340,\"height\":326,\"caption\":\"Coatresa\"},\"image\":{\"@id\":\"https:\\\/\\\/www.coatresa.com\\\/ca\\\/#\\\/schema\\\/logo\\\/image\\\/\"},\"sameAs\":[\"https:\\\/\\\/www.facebook.com\\\/Coatresa\\\/\",\"https:\\\/\\\/x.com\\\/Coatresa\",\"https:\\\/\\\/www.linkedin.com\\\/company\\\/coatresa\\\/\",\"https:\\\/\\\/www.youtube.com\\\/user\\\/CoatresaCoatings\"]}]}<\/script>\n<!-- \/ Yoast SEO plugin. -->","yoast_head_json":{"title":"Recobriment Vicote - Coatresa","description":"Recobriment Vicote Victrex: recobriment ecol\u00f2gic per a sectors com el farmac\u00e8utic o l'electr\u00f2nica. Normativa FDA, lliure d'hal\u00f2gens. Pol\u00edmer PEEK","robots":{"index":"index","follow":"follow","max-snippet":"max-snippet:-1","max-image-preview":"max-image-preview:large","max-video-preview":"max-video-preview:-1"},"canonical":"https:\/\/www.coatresa.com\/ca\/recobriment-victrex-vicote\/","og_locale":"ca_ES","og_type":"article","og_title":"Recobriment Vicote - Coatresa","og_description":"Recobriment Vicote Victrex: recobriment ecol\u00f2gic per a sectors com el farmac\u00e8utic o l'electr\u00f2nica. Normativa FDA, lliure d'hal\u00f2gens. Pol\u00edmer PEEK","og_url":"https:\/\/www.coatresa.com\/ca\/recobriment-victrex-vicote\/","og_site_name":"Coatresa","article_publisher":"https:\/\/www.facebook.com\/Coatresa\/","article_modified_time":"2020-05-20T07:53:07+00:00","og_image":[{"width":197,"height":197,"url":"https:\/\/www.coatresa.com\/wp-content\/uploads\/2019\/09\/recubrimientos-victrex-vicote.png","type":"image\/png"}],"twitter_card":"summary_large_image","twitter_site":"@Coatresa","twitter_misc":{"Est. reading time":"1 minute"},"schema":{"@context":"https:\/\/schema.org","@graph":[{"@type":"WebPage","@id":"https:\/\/www.coatresa.com\/ca\/recobriment-victrex-vicote\/","url":"https:\/\/www.coatresa.com\/ca\/recobriment-victrex-vicote\/","name":"Recobriment Vicote - Coatresa","isPartOf":{"@id":"https:\/\/www.coatresa.com\/ca\/#website"},"primaryImageOfPage":{"@id":"https:\/\/www.coatresa.com\/ca\/recobriment-victrex-vicote\/#primaryimage"},"image":{"@id":"https:\/\/www.coatresa.com\/ca\/recobriment-victrex-vicote\/#primaryimage"},"thumbnailUrl":"https:\/\/www.coatresa.com\/wp-content\/uploads\/2019\/09\/recubrimientos-victrex-vicote.png","datePublished":"2019-09-18T13:28:29+00:00","dateModified":"2020-05-20T07:53:07+00:00","description":"Recobriment Vicote Victrex: recobriment ecol\u00f2gic per a sectors com el farmac\u00e8utic o l'electr\u00f2nica. Normativa FDA, lliure d'hal\u00f2gens. Pol\u00edmer PEEK","breadcrumb":{"@id":"https:\/\/www.coatresa.com\/ca\/recobriment-victrex-vicote\/#breadcrumb"},"inLanguage":"ca-ES","potentialAction":[{"@type":"ReadAction","target":["https:\/\/www.coatresa.com\/ca\/recobriment-victrex-vicote\/"]}]},{"@type":"ImageObject","inLanguage":"ca-ES","@id":"https:\/\/www.coatresa.com\/ca\/recobriment-victrex-vicote\/#primaryimage","url":"https:\/\/www.coatresa.com\/wp-content\/uploads\/2019\/09\/recubrimientos-victrex-vicote.png","contentUrl":"https:\/\/www.coatresa.com\/wp-content\/uploads\/2019\/09\/recubrimientos-victrex-vicote.png","width":197,"height":197,"caption":"recubrimientos Victrex Vicote"},{"@type":"BreadcrumbList","@id":"https:\/\/www.coatresa.com\/ca\/recobriment-victrex-vicote\/#breadcrumb","itemListElement":[{"@type":"ListItem","position":1,"name":"Portada","item":"https:\/\/www.coatresa.com\/ca\/"},{"@type":"ListItem","position":2,"name":"Recobriment Vicote"}]},{"@type":"WebSite","@id":"https:\/\/www.coatresa.com\/ca\/#website","url":"https:\/\/www.coatresa.com\/ca\/","name":"Coatresa","description":"Aplicaci\u00f3n de recubrimientos antiadherentes y anticorrosivos como el Teflon. Expertos del Powder Coating","publisher":{"@id":"https:\/\/www.coatresa.com\/ca\/#organization"},"potentialAction":[{"@type":"SearchAction","target":{"@type":"EntryPoint","urlTemplate":"https:\/\/www.coatresa.com\/ca\/?s={search_term_string}"},"query-input":{"@type":"PropertyValueSpecification","valueRequired":true,"valueName":"search_term_string"}}],"inLanguage":"ca-ES"},{"@type":"Organization","@id":"https:\/\/www.coatresa.com\/ca\/#organization","name":"Coatresa","url":"https:\/\/www.coatresa.com\/ca\/","logo":{"@type":"ImageObject","inLanguage":"ca-ES","@id":"https:\/\/www.coatresa.com\/ca\/#\/schema\/logo\/image\/","url":"https:\/\/www.coatresa.com\/wp-content\/uploads\/2022\/07\/A_blava_mitja_transp.png","contentUrl":"https:\/\/www.coatresa.com\/wp-content\/uploads\/2022\/07\/A_blava_mitja_transp.png","width":340,"height":326,"caption":"Coatresa"},"image":{"@id":"https:\/\/www.coatresa.com\/ca\/#\/schema\/logo\/image\/"},"sameAs":["https:\/\/www.facebook.com\/Coatresa\/","https:\/\/x.com\/Coatresa","https:\/\/www.linkedin.com\/company\/coatresa\/","https:\/\/www.youtube.com\/user\/CoatresaCoatings"]}]}},"_links":{"self":[{"href":"https:\/\/www.coatresa.com\/ca\/wp-json\/wp\/v2\/pages\/51708","targetHints":{"allow":["GET"]}}],"collection":[{"href":"https:\/\/www.coatresa.com\/ca\/wp-json\/wp\/v2\/pages"}],"about":[{"href":"https:\/\/www.coatresa.com\/ca\/wp-json\/wp\/v2\/types\/page"}],"author":[{"embeddable":true,"href":"https:\/\/www.coatresa.com\/ca\/wp-json\/wp\/v2\/users\/1"}],"replies":[{"embeddable":true,"href":"https:\/\/www.coatresa.com\/ca\/wp-json\/wp\/v2\/comments?post=51708"}],"version-history":[{"count":0,"href":"https:\/\/www.coatresa.com\/ca\/wp-json\/wp\/v2\/pages\/51708\/revisions"}],"wp:featuredmedia":[{"embeddable":true,"href":"https:\/\/www.coatresa.com\/ca\/wp-json\/wp\/v2\/media\/15512"}],"wp:attachment":[{"href":"https:\/\/www.coatresa.com\/ca\/wp-json\/wp\/v2\/media?parent=51708"}],"curies":[{"name":"wp","href":"https:\/\/api.w.org\/{rel}","templated":true}]}}