{"id":51754,"date":"2019-07-19T14:16:45","date_gmt":"2019-07-19T12:16:45","guid":{"rendered":"https:\/\/www.coatresa.com\/recubrimiento-acheson-molydag\/"},"modified":"2020-05-21T11:01:59","modified_gmt":"2020-05-21T09:01:59","slug":"recobriment-acheson-molydag","status":"publish","type":"page","link":"https:\/\/www.coatresa.com\/ca\/recobriment-acheson-molydag\/","title":{"rendered":"Recobriment Molydag"},"content":{"rendered":"<div id=\"pl-51754\"  class=\"panel-layout\" ><div id=\"pg-51754-0\"  class=\"panel-grid panel-has-style\" ><div style=\"padding: 0px 0; \" data-overlay=\"true\" data-overlay-color=\"#000000\" class=\"panel-row-style panel-row-style-for-51754-0\" ><div id=\"pgc-51754-0-0\"  class=\"panel-grid-cell\" ><div id=\"panel-51754-0-0-0\" class=\"so-panel widget_sow-image panel-first-child panel-last-child\" data-index=\"0\" ><div style=\"text-align: left;\" data-title-color=\"#47425d\" data-headings-color=\"#443f3f\" data-title_alignment=\"center\" class=\"panel-widget-style panel-widget-style-for-51754-0-0-0\" ><div\n\t\t\t\n\t\t\tclass=\"so-widget-sow-image so-widget-sow-image-default-c67d20f9f743-51754\"\n\t\t\t\n\t\t>\n<div class=\"sow-image-container\">\n\t\t<img \n\tsrc=\"https:\/\/www.coatresa.com\/wp-content\/uploads\/2018\/09\/recubrimiento-acheson-molydag.png\" width=\"197\" height=\"197\" srcset=\"https:\/\/www.coatresa.com\/wp-content\/uploads\/2018\/09\/recubrimiento-acheson-molydag.png 197w, https:\/\/www.coatresa.com\/wp-content\/uploads\/2018\/09\/recubrimiento-acheson-molydag-150x150.png 150w\" sizes=\"(max-width: 197px) 100vw, 197px\" title=\"recubrimiento Acheson Molydag\" alt=\"recubrimiento Acheson Molydag\" \t\tclass=\"so-widget-image\"\/>\n\t<\/div>\n\n<\/div><\/div><\/div><\/div><div id=\"pgc-51754-0-1\"  class=\"panel-grid-cell\" ><div id=\"panel-51754-0-1-0\" class=\"so-panel widget_sow-editor panel-first-child panel-last-child\" data-index=\"1\" ><div style=\"text-align: left;\" data-title-color=\"#47425d\" data-headings-color=\"#000000\" data-title_alignment=\"center\" class=\"panel-widget-style panel-widget-style-for-51754-0-1-0\" ><div\n\t\t\t\n\t\t\tclass=\"so-widget-sow-editor so-widget-sow-editor-base\"\n\t\t\t\n\t\t>\n<div class=\"siteorigin-widget-tinymce textwidget\">\n\t<h1 style=\"text-align: left;\">Recobriment Molydag \u00ae<\/h1>\n<hr align=\"left\" \/>\n<p style=\"text-align: justify;\"><b>Molydag<\/b>\u00ae \u00e9s una s\u00e8rie de productes del fabricant Acheson, que es caracteritzen per les seves propietats <b>lubricants a base resines<\/b>. Aquests productes estan dissenyats per proporcionar una pel\u00b7l\u00edcula de <b>lubricaci\u00f3 seca per a una gran varietat de sectors industrials<\/b>, productes de consum i aplicacions militars.<\/p>\n<p style=\"text-align: justify;\">Una de les principals propietats de la gamma <b>Molydag<\/b>\u00ae, \u00e9s l'aplicaci\u00f3 sobre components que s\u00f3n inaccessibles despr\u00e9s del muntatge per\u00f2 que han de continuar funcionant de manera fiable a nivell de lubricaci\u00f3. Aix\u00ed mateix, aquests recobriments proporcionen un <b>rendiment efectiu, fins i tot amb una pel\u00b7l\u00edcula molt prima de nom\u00e9s 8 micres<\/b>, per tant, no hi ha interfer\u00e8ncia amb les toler\u00e0ncies mec\u00e0niques dels components lubricats.<\/p>\n<\/div>\n<\/div><\/div><\/div><\/div><\/div><\/div><div id=\"pg-51754-1\"  class=\"panel-grid panel-has-style\" ><div class=\"FRANJA-BLAVA-TITOL siteorigin-panels-stretch panel-row-style panel-row-style-for-51754-1\" style=\"padding: 0px 0; \" data-stretch-type=\"full\" data-overlay=\"true\" data-overlay-color=\"#000000\" ><div id=\"pgc-51754-1-0\"  class=\"panel-grid-cell\" ><div id=\"panel-51754-1-0-0\" class=\"so-panel widget_sow-editor panel-first-child panel-last-child\" data-index=\"2\" ><div class=\"blanc panel-widget-style panel-widget-style-for-51754-1-0-0\" style=\"text-align: left;\" data-title-color=\"#47425d\" data-headings-color=\"#443f3f\" data-title_alignment=\"center\" ><div\n\t\t\t\n\t\t\tclass=\"so-widget-sow-editor so-widget-sow-editor-base\"\n\t\t\t\n\t\t>\n<div class=\"siteorigin-widget-tinymce textwidget\">\n\t<h2 style=\"text-align: center;\">Propietats i beneficis del recobriment Molydag \u00ae<\/h2>\n<\/div>\n<\/div><\/div><\/div><\/div><\/div><\/div><div id=\"pg-51754-2\"  class=\"panel-grid panel-has-style\" ><div class=\"BGC-GRIS siteorigin-panels-stretch panel-row-style panel-row-style-for-51754-2\" style=\"padding: 0px 0; \" data-stretch-type=\"full\" data-overlay=\"true\" data-overlay-color=\"#000000\" ><div id=\"pgc-51754-2-0\"  class=\"panel-grid-cell\" ><div id=\"panel-51754-2-0-0\" class=\"so-panel widget_sow-editor panel-first-child panel-last-child\" data-index=\"3\" ><div style=\"text-align: left;\" data-title-color=\"#47425d\" data-headings-color=\"#443f3f\" data-title_alignment=\"center\" class=\"panel-widget-style panel-widget-style-for-51754-2-0-0\" ><div\n\t\t\t\n\t\t\tclass=\"so-widget-sow-editor so-widget-sow-editor-base\"\n\t\t\t\n\t\t>\n<div class=\"siteorigin-widget-tinymce textwidget\">\n\t<p style=\"text-align: center;\">Els productes Molydag\u00ae es poden aplicar amb diferents t\u00e8cniques: a pinzell, immersi\u00f3 i centrifugat o per aportaci\u00f3 aerogr\u00e0fica. Les seves aplicacions poden ser diverses entre les que destaquem les m\u00e9s t\u00edpiques:<\/p>\n<\/div>\n<\/div><\/div><\/div><\/div><\/div><\/div><div id=\"pg-51754-3\"  class=\"panel-grid panel-has-style\" ><div class=\"BGC-GRIS siteorigin-panels-stretch panel-row-style panel-row-style-for-51754-3\" style=\"padding: 0px 0; \" data-stretch-type=\"full\" data-overlay=\"true\" data-overlay-color=\"#000000\" ><div id=\"pgc-51754-3-0\"  class=\"panel-grid-cell\" ><div id=\"panel-51754-3-0-0\" class=\"so-panel widget_sow-editor panel-first-child panel-last-child\" data-index=\"4\" ><div style=\"text-align: left;\" data-title-color=\"#47425d\" data-headings-color=\"#443f3f\" data-title_alignment=\"center\" class=\"panel-widget-style panel-widget-style-for-51754-3-0-0\" ><div\n\t\t\t\n\t\t\tclass=\"so-widget-sow-editor so-widget-sow-editor-base\"\n\t\t\t\n\t\t>\n<div class=\"siteorigin-widget-tinymce textwidget\">\n\t<ul>\n<li>Equip de construcci\u00f3<\/li>\n<li>Maquin\u00e0ria de partida en fred<\/li>\n<li>M\u00e0quines comercials<\/li>\n<li>Connexions roscades<\/li>\n<\/ul>\n<\/div>\n<\/div><\/div><\/div><\/div><div id=\"pgc-51754-3-1\"  class=\"panel-grid-cell\" ><div id=\"panel-51754-3-1-0\" class=\"so-panel widget_sow-editor panel-first-child panel-last-child\" data-index=\"5\" ><div style=\"text-align: left;\" data-title-color=\"#47425d\" data-headings-color=\"#443f3f\" data-title_alignment=\"center\" class=\"panel-widget-style panel-widget-style-for-51754-3-1-0\" ><div\n\t\t\t\n\t\t\tclass=\"so-widget-sow-editor so-widget-sow-editor-base\"\n\t\t\t\n\t\t>\n<div class=\"siteorigin-widget-tinymce textwidget\">\n\t<ul>\n<li>Peces de motors a reacci\u00f3<\/li>\n<li>Maquin\u00e0ria agr\u00edcola<\/li>\n<li>Components d'equips de fusteria<\/li>\n<li>Mecanismes de cinturons de seguretat en aeron\u00e0utica<\/li>\n<\/ul>\n<\/div>\n<\/div><\/div><\/div><\/div><div id=\"pgc-51754-3-2\"  class=\"panel-grid-cell\" ><div id=\"panel-51754-3-2-0\" class=\"so-panel widget_sow-editor panel-first-child panel-last-child\" data-index=\"6\" ><div style=\"text-align: left;\" data-title-color=\"#47425d\" data-headings-color=\"#443f3f\" data-title_alignment=\"center\" class=\"panel-widget-style panel-widget-style-for-51754-3-2-0\" ><div\n\t\t\t\n\t\t\tclass=\"so-widget-sow-editor so-widget-sow-editor-base\"\n\t\t\t\n\t\t>\n<div class=\"siteorigin-widget-tinymce textwidget\">\n\t<ul>\n<li>Equips de mineria<\/li>\n<li>Femelles i cargols d'alta tensi\u00f3<\/li>\n<li>Equips de seguretat<\/li>\n<\/ul>\n<\/div>\n<\/div><\/div><\/div><\/div><\/div><\/div><div id=\"pg-51754-4\"  class=\"panel-grid panel-has-style\" ><div class=\"BGC-GRIS siteorigin-panels-stretch panel-row-style panel-row-style-for-51754-4\" style=\"padding: 0px 0; \" data-stretch-type=\"full\" data-overlay=\"true\" data-overlay-color=\"#000000\" ><div id=\"pgc-51754-4-0\"  class=\"panel-grid-cell\" ><div id=\"panel-51754-4-0-0\" class=\"so-panel widget_sow-editor panel-first-child panel-last-child\" data-index=\"7\" ><div style=\"text-align: left;\" data-title-color=\"#47425d\" data-headings-color=\"#443f3f\" data-title_alignment=\"center\" class=\"panel-widget-style panel-widget-style-for-51754-4-0-0\" ><div\n\t\t\t\n\t\t\tclass=\"so-widget-sow-editor so-widget-sow-editor-base\"\n\t\t\t\n\t\t>\n<div class=\"siteorigin-widget-tinymce textwidget\">\n\t<p class=\"TEXTOS-DESTACATS\" style=\"text-align: center;\">Els principals avantatges dels productes Molydag\u00ae s\u00f3n:<\/p>\n<ul class=\"LLISTA-SUBRATLLADA\">\n<li>Bona adher\u00e8ncia a metalls<\/li>\n<li>Baix coeficient de fricci\u00f3<\/li>\n<li>Bona vida \u00fatil (resist\u00e8ncia a l'abrasi\u00f3 i al fregament)<\/li>\n<li>Resist\u00e8ncia a la corrosi\u00f3<\/li>\n<li>Resist\u00e8ncia a molts productes qu\u00edmics i dissolvents (veure requisits de resist\u00e8ncia qu\u00edmica MIL-L-8937-D)<\/li>\n<\/ul>\n<\/div>\n<\/div><\/div><\/div><\/div><\/div><\/div><div id=\"pg-51754-5\"  class=\"panel-grid panel-has-style\" ><div class=\"siteorigin-panels-stretch panel-row-style panel-row-style-for-51754-5\" style=\"padding: 50px 0; \" data-stretch-type=\"full\" data-overlay=\"true\" data-overlay-color=\"#000000\" ><div id=\"pgc-51754-5-0\"  class=\"panel-grid-cell\" ><div id=\"panel-51754-5-0-0\" class=\"so-panel widget_siteorigin-panels-builder panel-first-child panel-last-child\" data-index=\"8\" ><div style=\"text-align: left;\" data-title-color=\"#47425d\" data-headings-color=\"#443f3f\" data-title_alignment=\"center\" class=\"panel-widget-style panel-widget-style-for-51754-5-0-0\" ><div id=\"pl-w5ec643874d864\"  class=\"panel-layout\" ><div id=\"pg-w5ec643874d864-0\"  class=\"panel-grid panel-has-style\" ><div style=\"padding: 0px 0; \" data-overlay=\"true\" data-overlay-color=\"#000000\" class=\"panel-row-style panel-row-style-for-w5ec643874d864-0\" ><div id=\"pgc-w5ec643874d864-0-0\"  class=\"panel-grid-cell\" ><div id=\"panel-w5ec643874d864-0-0-0\" class=\"so-panel widget_sow-editor panel-first-child panel-last-child\" data-index=\"0\" ><div style=\"text-align: left;\" data-title-color=\"#47425d\" data-headings-color=\"#443f3f\" data-title_alignment=\"center\" class=\"panel-widget-style panel-widget-style-for-w5ec643874d864-0-0-0\" ><div\n\t\t\t\n\t\t\tclass=\"so-widget-sow-editor so-widget-sow-editor-base\"\n\t\t\t\n\t\t>\n<div class=\"siteorigin-widget-tinymce textwidget\">\n\t<h2 class=\"BLAU-FOSC\" style=\"text-align: center;\">Refer\u00e8ncies Molydag \u00ae<\/h2>\n<\/div>\n<\/div><\/div><\/div><\/div><\/div><\/div><div id=\"pg-w5ec643874d864-1\"  class=\"panel-grid panel-has-style\" ><div style=\"padding: 0px 0; \" data-overlay=\"true\" data-overlay-color=\"#000000\" class=\"panel-row-style panel-row-style-for-w5ec643874d864-1\" ><div id=\"pgc-w5ec643874d864-1-0\"  class=\"panel-grid-cell\" ><div id=\"panel-w5ec643874d864-1-0-0\" class=\"so-panel widget_sow-editor panel-first-child panel-last-child\" data-index=\"1\" ><div style=\"text-align: left;\" data-title-color=\"#47425d\" data-headings-color=\"#443f3f\" data-title_alignment=\"center\" class=\"panel-widget-style panel-widget-style-for-w5ec643874d864-1-0-0\" ><div\n\t\t\t\n\t\t\tclass=\"so-widget-sow-editor so-widget-sow-editor-base\"\n\t\t\t\n\t\t>\n<div class=\"siteorigin-widget-tinymce textwidget\">\n\t<p style=\"text-align: center; padding-top: 40px;\"><b>210<\/b><br \/>\n<b>213<\/b><br \/>\n<b>254<\/b><br \/>\n<b>250<\/b><br \/>\n<b>200<\/b><br \/>\n<b>15<\/b><br \/>\n<b>16<\/b><br \/>\n<b>147<\/b><br \/>\n<b>709<\/b><\/p>\n<\/div>\n<\/div><\/div><\/div><\/div><\/div><\/div><\/div><\/div><\/div><\/div><\/div><\/div><\/div>","protected":false},"excerpt":{"rendered":"<p>Recobriment Molydag \u00ae Molydag\u00ae \u00e9s una s\u00e8rie de productes del fabricant Acheson, que es caracteritzen per les seves propietats lubricants a base [&hellip;]<\/p>\n","protected":false},"author":1,"featured_media":12156,"parent":0,"menu_order":0,"comment_status":"closed","ping_status":"closed","template":"page-templates\/page_fullwidth.php","meta":{"footnotes":""},"class_list":["post-51754","page","type-page","status-publish","has-post-thumbnail","hentry"],"yoast_head":"<!-- This site is optimized with the Yoast SEO plugin v27.6 - https:\/\/yoast.com\/product\/yoast-seo-wordpress\/ -->\n<title>Recobriment Molydag - Coatresa<\/title>\n<meta name=\"description\" content=\"Recobriment Molydag Acheson: lubricants base resines dissenyats per proporcionar una pel\u00b7l\u00edcula de lubricaci\u00f3 seca per sectors industrials. Informa&#039;t!\" \/>\n<meta name=\"robots\" content=\"index, follow, max-snippet:-1, max-image-preview:large, max-video-preview:-1\" \/>\n<link rel=\"canonical\" href=\"https:\/\/www.coatresa.com\/ca\/recobriment-acheson-molydag\/\" \/>\n<meta property=\"og:locale\" content=\"ca_ES\" \/>\n<meta property=\"og:type\" content=\"article\" \/>\n<meta property=\"og:title\" content=\"Recobriment Molydag - Coatresa\" \/>\n<meta property=\"og:description\" content=\"Recobriment Molydag Acheson: lubricants base resines dissenyats per proporcionar una pel\u00b7l\u00edcula de lubricaci\u00f3 seca per sectors industrials. Informa&#039;t!\" \/>\n<meta property=\"og:url\" content=\"https:\/\/www.coatresa.com\/ca\/recobriment-acheson-molydag\/\" \/>\n<meta property=\"og:site_name\" content=\"Coatresa\" \/>\n<meta property=\"article:publisher\" content=\"https:\/\/www.facebook.com\/Coatresa\/\" \/>\n<meta property=\"article:modified_time\" content=\"2020-05-21T09:01:59+00:00\" \/>\n<meta property=\"og:image\" content=\"https:\/\/www.coatresa.com\/wp-content\/uploads\/2018\/09\/recubrimiento-acheson-molydag.png\" \/>\n\t<meta property=\"og:image:width\" content=\"197\" \/>\n\t<meta property=\"og:image:height\" content=\"197\" \/>\n\t<meta property=\"og:image:type\" content=\"image\/png\" \/>\n<meta name=\"twitter:card\" content=\"summary_large_image\" \/>\n<meta name=\"twitter:site\" content=\"@Coatresa\" \/>\n<meta name=\"twitter:label1\" content=\"Est. reading time\" \/>\n\t<meta name=\"twitter:data1\" content=\"1 minute\" \/>\n<script type=\"application\/ld+json\" class=\"yoast-schema-graph\">{\"@context\":\"https:\\\/\\\/schema.org\",\"@graph\":[{\"@type\":\"WebPage\",\"@id\":\"https:\\\/\\\/www.coatresa.com\\\/ca\\\/recobriment-acheson-molydag\\\/\",\"url\":\"https:\\\/\\\/www.coatresa.com\\\/ca\\\/recobriment-acheson-molydag\\\/\",\"name\":\"Recobriment Molydag - Coatresa\",\"isPartOf\":{\"@id\":\"https:\\\/\\\/www.coatresa.com\\\/ca\\\/#website\"},\"primaryImageOfPage\":{\"@id\":\"https:\\\/\\\/www.coatresa.com\\\/ca\\\/recobriment-acheson-molydag\\\/#primaryimage\"},\"image\":{\"@id\":\"https:\\\/\\\/www.coatresa.com\\\/ca\\\/recobriment-acheson-molydag\\\/#primaryimage\"},\"thumbnailUrl\":\"https:\\\/\\\/www.coatresa.com\\\/wp-content\\\/uploads\\\/2018\\\/09\\\/recubrimiento-acheson-molydag.png\",\"datePublished\":\"2019-07-19T12:16:45+00:00\",\"dateModified\":\"2020-05-21T09:01:59+00:00\",\"description\":\"Recobriment Molydag Acheson: lubricants base resines dissenyats per proporcionar una pel\u00b7l\u00edcula de lubricaci\u00f3 seca per sectors industrials. Informa't!\",\"breadcrumb\":{\"@id\":\"https:\\\/\\\/www.coatresa.com\\\/ca\\\/recobriment-acheson-molydag\\\/#breadcrumb\"},\"inLanguage\":\"ca-ES\",\"potentialAction\":[{\"@type\":\"ReadAction\",\"target\":[\"https:\\\/\\\/www.coatresa.com\\\/ca\\\/recobriment-acheson-molydag\\\/\"]}]},{\"@type\":\"ImageObject\",\"inLanguage\":\"ca-ES\",\"@id\":\"https:\\\/\\\/www.coatresa.com\\\/ca\\\/recobriment-acheson-molydag\\\/#primaryimage\",\"url\":\"https:\\\/\\\/www.coatresa.com\\\/wp-content\\\/uploads\\\/2018\\\/09\\\/recubrimiento-acheson-molydag.png\",\"contentUrl\":\"https:\\\/\\\/www.coatresa.com\\\/wp-content\\\/uploads\\\/2018\\\/09\\\/recubrimiento-acheson-molydag.png\",\"width\":197,\"height\":197,\"caption\":\"recobriment Acheson Molydag\"},{\"@type\":\"BreadcrumbList\",\"@id\":\"https:\\\/\\\/www.coatresa.com\\\/ca\\\/recobriment-acheson-molydag\\\/#breadcrumb\",\"itemListElement\":[{\"@type\":\"ListItem\",\"position\":1,\"name\":\"Portada\",\"item\":\"https:\\\/\\\/www.coatresa.com\\\/ca\\\/\"},{\"@type\":\"ListItem\",\"position\":2,\"name\":\"Recobriment Molydag\"}]},{\"@type\":\"WebSite\",\"@id\":\"https:\\\/\\\/www.coatresa.com\\\/ca\\\/#website\",\"url\":\"https:\\\/\\\/www.coatresa.com\\\/ca\\\/\",\"name\":\"Coatresa\",\"description\":\"Aplicaci\u00f3n de recubrimientos antiadherentes y anticorrosivos como el Teflon. Expertos del Powder Coating\",\"publisher\":{\"@id\":\"https:\\\/\\\/www.coatresa.com\\\/ca\\\/#organization\"},\"potentialAction\":[{\"@type\":\"SearchAction\",\"target\":{\"@type\":\"EntryPoint\",\"urlTemplate\":\"https:\\\/\\\/www.coatresa.com\\\/ca\\\/?s={search_term_string}\"},\"query-input\":{\"@type\":\"PropertyValueSpecification\",\"valueRequired\":true,\"valueName\":\"search_term_string\"}}],\"inLanguage\":\"ca-ES\"},{\"@type\":\"Organization\",\"@id\":\"https:\\\/\\\/www.coatresa.com\\\/ca\\\/#organization\",\"name\":\"Coatresa\",\"url\":\"https:\\\/\\\/www.coatresa.com\\\/ca\\\/\",\"logo\":{\"@type\":\"ImageObject\",\"inLanguage\":\"ca-ES\",\"@id\":\"https:\\\/\\\/www.coatresa.com\\\/ca\\\/#\\\/schema\\\/logo\\\/image\\\/\",\"url\":\"https:\\\/\\\/www.coatresa.com\\\/wp-content\\\/uploads\\\/2022\\\/07\\\/A_blava_mitja_transp.png\",\"contentUrl\":\"https:\\\/\\\/www.coatresa.com\\\/wp-content\\\/uploads\\\/2022\\\/07\\\/A_blava_mitja_transp.png\",\"width\":340,\"height\":326,\"caption\":\"Coatresa\"},\"image\":{\"@id\":\"https:\\\/\\\/www.coatresa.com\\\/ca\\\/#\\\/schema\\\/logo\\\/image\\\/\"},\"sameAs\":[\"https:\\\/\\\/www.facebook.com\\\/Coatresa\\\/\",\"https:\\\/\\\/x.com\\\/Coatresa\",\"https:\\\/\\\/www.linkedin.com\\\/company\\\/coatresa\\\/\",\"https:\\\/\\\/www.youtube.com\\\/user\\\/CoatresaCoatings\"]}]}<\/script>\n<!-- \/ Yoast SEO plugin. -->","yoast_head_json":{"title":"Recobriment Molydag - Coatresa","description":"Recobriment Molydag Acheson: lubricants base resines dissenyats per proporcionar una pel\u00b7l\u00edcula de lubricaci\u00f3 seca per sectors industrials. Informa't!","robots":{"index":"index","follow":"follow","max-snippet":"max-snippet:-1","max-image-preview":"max-image-preview:large","max-video-preview":"max-video-preview:-1"},"canonical":"https:\/\/www.coatresa.com\/ca\/recobriment-acheson-molydag\/","og_locale":"ca_ES","og_type":"article","og_title":"Recobriment Molydag - Coatresa","og_description":"Recobriment Molydag Acheson: lubricants base resines dissenyats per proporcionar una pel\u00b7l\u00edcula de lubricaci\u00f3 seca per sectors industrials. Informa't!","og_url":"https:\/\/www.coatresa.com\/ca\/recobriment-acheson-molydag\/","og_site_name":"Coatresa","article_publisher":"https:\/\/www.facebook.com\/Coatresa\/","article_modified_time":"2020-05-21T09:01:59+00:00","og_image":[{"width":197,"height":197,"url":"https:\/\/www.coatresa.com\/wp-content\/uploads\/2018\/09\/recubrimiento-acheson-molydag.png","type":"image\/png"}],"twitter_card":"summary_large_image","twitter_site":"@Coatresa","twitter_misc":{"Est. reading time":"1 minute"},"schema":{"@context":"https:\/\/schema.org","@graph":[{"@type":"WebPage","@id":"https:\/\/www.coatresa.com\/ca\/recobriment-acheson-molydag\/","url":"https:\/\/www.coatresa.com\/ca\/recobriment-acheson-molydag\/","name":"Recobriment Molydag - Coatresa","isPartOf":{"@id":"https:\/\/www.coatresa.com\/ca\/#website"},"primaryImageOfPage":{"@id":"https:\/\/www.coatresa.com\/ca\/recobriment-acheson-molydag\/#primaryimage"},"image":{"@id":"https:\/\/www.coatresa.com\/ca\/recobriment-acheson-molydag\/#primaryimage"},"thumbnailUrl":"https:\/\/www.coatresa.com\/wp-content\/uploads\/2018\/09\/recubrimiento-acheson-molydag.png","datePublished":"2019-07-19T12:16:45+00:00","dateModified":"2020-05-21T09:01:59+00:00","description":"Recobriment Molydag Acheson: lubricants base resines dissenyats per proporcionar una pel\u00b7l\u00edcula de lubricaci\u00f3 seca per sectors industrials. Informa't!","breadcrumb":{"@id":"https:\/\/www.coatresa.com\/ca\/recobriment-acheson-molydag\/#breadcrumb"},"inLanguage":"ca-ES","potentialAction":[{"@type":"ReadAction","target":["https:\/\/www.coatresa.com\/ca\/recobriment-acheson-molydag\/"]}]},{"@type":"ImageObject","inLanguage":"ca-ES","@id":"https:\/\/www.coatresa.com\/ca\/recobriment-acheson-molydag\/#primaryimage","url":"https:\/\/www.coatresa.com\/wp-content\/uploads\/2018\/09\/recubrimiento-acheson-molydag.png","contentUrl":"https:\/\/www.coatresa.com\/wp-content\/uploads\/2018\/09\/recubrimiento-acheson-molydag.png","width":197,"height":197,"caption":"recobriment Acheson Molydag"},{"@type":"BreadcrumbList","@id":"https:\/\/www.coatresa.com\/ca\/recobriment-acheson-molydag\/#breadcrumb","itemListElement":[{"@type":"ListItem","position":1,"name":"Portada","item":"https:\/\/www.coatresa.com\/ca\/"},{"@type":"ListItem","position":2,"name":"Recobriment Molydag"}]},{"@type":"WebSite","@id":"https:\/\/www.coatresa.com\/ca\/#website","url":"https:\/\/www.coatresa.com\/ca\/","name":"Coatresa","description":"Aplicaci\u00f3n de recubrimientos antiadherentes y anticorrosivos como el Teflon. Expertos del Powder Coating","publisher":{"@id":"https:\/\/www.coatresa.com\/ca\/#organization"},"potentialAction":[{"@type":"SearchAction","target":{"@type":"EntryPoint","urlTemplate":"https:\/\/www.coatresa.com\/ca\/?s={search_term_string}"},"query-input":{"@type":"PropertyValueSpecification","valueRequired":true,"valueName":"search_term_string"}}],"inLanguage":"ca-ES"},{"@type":"Organization","@id":"https:\/\/www.coatresa.com\/ca\/#organization","name":"Coatresa","url":"https:\/\/www.coatresa.com\/ca\/","logo":{"@type":"ImageObject","inLanguage":"ca-ES","@id":"https:\/\/www.coatresa.com\/ca\/#\/schema\/logo\/image\/","url":"https:\/\/www.coatresa.com\/wp-content\/uploads\/2022\/07\/A_blava_mitja_transp.png","contentUrl":"https:\/\/www.coatresa.com\/wp-content\/uploads\/2022\/07\/A_blava_mitja_transp.png","width":340,"height":326,"caption":"Coatresa"},"image":{"@id":"https:\/\/www.coatresa.com\/ca\/#\/schema\/logo\/image\/"},"sameAs":["https:\/\/www.facebook.com\/Coatresa\/","https:\/\/x.com\/Coatresa","https:\/\/www.linkedin.com\/company\/coatresa\/","https:\/\/www.youtube.com\/user\/CoatresaCoatings"]}]}},"_links":{"self":[{"href":"https:\/\/www.coatresa.com\/ca\/wp-json\/wp\/v2\/pages\/51754","targetHints":{"allow":["GET"]}}],"collection":[{"href":"https:\/\/www.coatresa.com\/ca\/wp-json\/wp\/v2\/pages"}],"about":[{"href":"https:\/\/www.coatresa.com\/ca\/wp-json\/wp\/v2\/types\/page"}],"author":[{"embeddable":true,"href":"https:\/\/www.coatresa.com\/ca\/wp-json\/wp\/v2\/users\/1"}],"replies":[{"embeddable":true,"href":"https:\/\/www.coatresa.com\/ca\/wp-json\/wp\/v2\/comments?post=51754"}],"version-history":[{"count":0,"href":"https:\/\/www.coatresa.com\/ca\/wp-json\/wp\/v2\/pages\/51754\/revisions"}],"wp:featuredmedia":[{"embeddable":true,"href":"https:\/\/www.coatresa.com\/ca\/wp-json\/wp\/v2\/media\/12156"}],"wp:attachment":[{"href":"https:\/\/www.coatresa.com\/ca\/wp-json\/wp\/v2\/media?parent=51754"}],"curies":[{"name":"wp","href":"https:\/\/api.w.org\/{rel}","templated":true}]}}