{"id":51762,"date":"2019-07-12T10:08:17","date_gmt":"2019-07-12T08:08:17","guid":{"rendered":"https:\/\/www.coatresa.com\/recubrimiento-chemours-tefzel\/"},"modified":"2020-05-21T11:26:40","modified_gmt":"2020-05-21T09:26:40","slug":"recobriment-chemours-tefzel","status":"publish","type":"page","link":"https:\/\/www.coatresa.com\/ca\/recobriment-chemours-tefzel\/","title":{"rendered":"Recobriment Tefzel"},"content":{"rendered":"<div id=\"pl-51762\"  class=\"panel-layout\" ><div id=\"pg-51762-0\"  class=\"panel-grid panel-has-style\" ><div style=\"padding: 0px 0; \" data-overlay=\"true\" data-overlay-color=\"#000000\" class=\"panel-row-style panel-row-style-for-51762-0\" ><div id=\"pgc-51762-0-0\"  class=\"panel-grid-cell\" ><div id=\"panel-51762-0-0-0\" class=\"so-panel widget_sow-image panel-first-child panel-last-child\" data-index=\"0\" ><div style=\"text-align: left;\" data-title-color=\"#47425d\" data-headings-color=\"#443f3f\" data-title_alignment=\"center\" class=\"panel-widget-style panel-widget-style-for-51762-0-0-0\" ><div\n\t\t\t\n\t\t\tclass=\"so-widget-sow-image so-widget-sow-image-default-c67d20f9f743-51762\"\n\t\t\t\n\t\t>\n<div class=\"sow-image-container\">\n\t\t<img \n\tsrc=\"https:\/\/www.coatresa.com\/wp-content\/uploads\/2018\/07\/recubrimientos-dupont-chemours-tefzel.png\" width=\"197\" height=\"197\" srcset=\"https:\/\/www.coatresa.com\/wp-content\/uploads\/2018\/07\/recubrimientos-dupont-chemours-tefzel.png 197w, https:\/\/www.coatresa.com\/wp-content\/uploads\/2018\/07\/recubrimientos-dupont-chemours-tefzel-150x150.png 150w\" sizes=\"(max-width: 197px) 100vw, 197px\" title=\"recubrimientos Dupont Chemours Tefzel\" alt=\"recubrimientos Dupont Chemours Tefzel\" \t\tclass=\"so-widget-image\"\/>\n\t<\/div>\n\n<\/div><\/div><\/div><\/div><div id=\"pgc-51762-0-1\"  class=\"panel-grid-cell\" ><div id=\"panel-51762-0-1-0\" class=\"so-panel widget_sow-editor panel-first-child panel-last-child\" data-index=\"1\" ><div style=\"text-align: left;\" data-title-color=\"#47425d\" data-headings-color=\"#000000\" data-title_alignment=\"center\" class=\"panel-widget-style panel-widget-style-for-51762-0-1-0\" ><div\n\t\t\t\n\t\t\tclass=\"so-widget-sow-editor so-widget-sow-editor-base\"\n\t\t\t\n\t\t>\n<div class=\"siteorigin-widget-tinymce textwidget\">\n\t<h1 style=\"text-align: left;\">Recobriment Tefzel \u2122<\/h1>\n<hr align=\"left\" \/>\n<p style=\"text-align: justify;\">El recobriment <b>Tefzel<\/b>\u2122 \u00e9s un fluoropl\u00e0stic ETFE (etil\u00e8-tetrafluoroetil\u00e8) modificat disponible com p\u00e8l\u00b7lets o com pols per a l'emmotllament rotacional. \u00c9s un termopl\u00e0stic que combina una tenacitat mec\u00e0nica superior amb una resist\u00e8ncia qu\u00edmica excepcional que s'aproxima a la de les resines fluoropl\u00e0stiques Teflon \u2122.<\/p>\n<p style=\"text-align: justify;\">Tefzel \u2122 presenta una f\u00e0cil processabilitat, una gravetat espec\u00edfica de 1.7 i una resist\u00e8ncia a la radiaci\u00f3 d'alta energia. La majoria dels graus estan qualificats per a l'exposici\u00f3 cont\u00ednua a 150\u00b0C (302\u00b0F). Les resines fluoropl\u00e0stiques <b>Tefzel \u2122 ETFE<\/b> es processen mitjan\u00e7ant t\u00e8cniques convencionals d'extrusi\u00f3 per fusi\u00f3 i processos d'injecci\u00f3, compressi\u00f3, transfer\u00e8ncia, rotaci\u00f3 i emmotllament per bufat.<\/p>\n<\/div>\n<\/div><\/div><\/div><\/div><\/div><\/div><div id=\"pg-51762-1\"  class=\"panel-grid panel-has-style\" ><div class=\"FRANJA-BLAVA-TITOL siteorigin-panels-stretch panel-row-style panel-row-style-for-51762-1\" style=\"padding: 0px 0; \" data-stretch-type=\"full\" data-overlay=\"true\" data-overlay-color=\"#000000\" ><div id=\"pgc-51762-1-0\"  class=\"panel-grid-cell\" ><div id=\"panel-51762-1-0-0\" class=\"so-panel widget_sow-editor panel-first-child panel-last-child\" data-index=\"2\" ><div class=\"blanc panel-widget-style panel-widget-style-for-51762-1-0-0\" style=\"text-align: left;\" data-title-color=\"#47425d\" data-headings-color=\"#443f3f\" data-title_alignment=\"center\" ><div\n\t\t\t\n\t\t\tclass=\"so-widget-sow-editor so-widget-sow-editor-base\"\n\t\t\t\n\t\t>\n<div class=\"siteorigin-widget-tinymce textwidget\">\n\t<h2 style=\"text-align: center;\">Propietats del recobriment Tefzel \u2122<\/h2>\n<\/div>\n<\/div><\/div><\/div><\/div><\/div><\/div><div id=\"pg-51762-2\"  class=\"panel-grid panel-has-style\" ><div class=\"BGC-GRIS siteorigin-panels-stretch panel-row-style panel-row-style-for-51762-2\" style=\"padding: 50px 0; \" data-stretch-type=\"full\" data-overlay=\"true\" data-overlay-color=\"#000000\" ><div id=\"pgc-51762-2-0\"  class=\"panel-grid-cell\" ><div id=\"panel-51762-2-0-0\" class=\"so-panel widget_sow-editor panel-first-child\" data-index=\"3\" ><div style=\"text-align: left;\" data-title-color=\"#47425d\" data-headings-color=\"#443f3f\" data-title_alignment=\"center\" class=\"panel-widget-style panel-widget-style-for-51762-2-0-0\" ><div\n\t\t\t\n\t\t\tclass=\"so-widget-sow-editor so-widget-sow-editor-base\"\n\t\t\t\n\t\t>\n<div class=\"siteorigin-widget-tinymce textwidget\">\n\t<p style=\"text-align: justify;\">El <b>ETFE<\/b> tamb\u00e9 combina la propietat d'a\u00efllant el\u00e8ctric amb una <b>bona antiadher\u00e8ncia i baix coeficient de fricci\u00f3<\/b>. Dins de les m\u00faltiples refer\u00e8ncies que componen la marca Tefzel \u2122, trobem algunes que compleixen amb la <b>normativa FDA<\/b> per contacte amb aliments.<\/p>\n<p>Un dels avantatges principals versus altres recobriments de caracter\u00edstiques similars, \u00e9s la possibilitat d'aplicar-lo sobre el substrat fred i a diferents gruixos, que poden anar des de 250 micres a 1300 micres, amb la t\u00e8cnica \"<b>Spray & Bake<\/b>\", que consisteix a aplicar m\u00faltiples capes polvoritzades aerogr\u00e0ficament i despr\u00e9s fornejades. Amb aquesta t\u00e8cnica s'aconsegueix una pel\u00b7l\u00edcula resistent i sense porositats, atorgant aix\u00ed, una immillorable resist\u00e8ncia a ambients qu\u00edmics.<\/p>\n<\/div>\n<\/div><\/div><\/div><div id=\"panel-51762-2-0-1\" class=\"so-panel widget_sow-editor panel-last-child\" data-index=\"4\" ><div style=\"text-align: left;\" data-title-color=\"#47425d\" data-headings-color=\"#443f3f\" data-title_alignment=\"center\" class=\"panel-widget-style panel-widget-style-for-51762-2-0-1\" ><div\n\t\t\t\n\t\t\tclass=\"so-widget-sow-editor so-widget-sow-editor-base\"\n\t\t\t\n\t\t>\n<div class=\"siteorigin-widget-tinymce textwidget\">\n\t<ul class=\"LLISTA-SUBRATLLADA\">\n<li>Baix coeficient de fricci\u00f3<\/li>\n<li>F\u00e0cil processat<\/li>\n<li>A\u00efllant el\u00e8ctric<\/li>\n<li>Resist\u00e8ncia a la radiaci\u00f3<\/li>\n<li>Resist\u00e8ncia qu\u00edmica<\/li>\n<li>Aplicaci\u00f3 sobre substrat fred<\/li>\n<\/ul>\n<\/div>\n<\/div><\/div><\/div><\/div><\/div><\/div><div id=\"pg-51762-3\"  class=\"panel-grid panel-has-style\" ><div class=\"siteorigin-panels-stretch panel-row-style panel-row-style-for-51762-3\" style=\"padding: 50px 0; \" data-stretch-type=\"full\" data-overlay=\"true\" data-overlay-color=\"#000000\" ><div id=\"pgc-51762-3-0\"  class=\"panel-grid-cell\" ><div id=\"panel-51762-3-0-0\" class=\"so-panel widget_sow-editor panel-first-child\" data-index=\"5\" ><div style=\"text-align: left;\" data-title-color=\"#47425d\" data-headings-color=\"#443f3f\" data-title_alignment=\"center\" class=\"panel-widget-style panel-widget-style-for-51762-3-0-0\" ><div\n\t\t\t\n\t\t\tclass=\"so-widget-sow-editor so-widget-sow-editor-base\"\n\t\t\t\n\t\t>\n<div class=\"siteorigin-widget-tinymce textwidget\">\n\t<h2 class=\"BLAU-FOSC\" style=\"text-align: center;\">Refer\u00e8ncies Tefzel \u2122<\/h2>\n<\/div>\n<\/div><\/div><\/div><div id=\"panel-51762-3-0-1\" class=\"so-panel widget_siteorigin-panels-builder panel-last-child\" data-index=\"6\" ><div style=\"text-align: left;\" data-title-color=\"#47425d\" data-headings-color=\"#443f3f\" data-title_alignment=\"center\" class=\"panel-widget-style panel-widget-style-for-51762-3-0-1\" ><div id=\"pl-w5d271e5f76a50\"  class=\"panel-layout\" ><div id=\"pg-w5d271e5f76a50-0\"  class=\"panel-grid panel-has-style\" ><div style=\"padding: 40px 0; \" data-overlay=\"true\" data-overlay-color=\"#000000\" class=\"panel-row-style panel-row-style-for-w5d271e5f76a50-0\" ><div id=\"pgc-w5d271e5f76a50-0-0\"  class=\"panel-grid-cell\" ><div id=\"panel-w5d271e5f76a50-0-0-0\" class=\"so-panel widget_sow-editor panel-first-child panel-last-child\" data-index=\"0\" ><div style=\"text-align: left;\" data-title-color=\"#47425d\" data-headings-color=\"#443f3f\" data-title_alignment=\"center\" class=\"panel-widget-style panel-widget-style-for-w5d271e5f76a50-0-0-0\" ><div\n\t\t\t\n\t\t\tclass=\"so-widget-sow-editor so-widget-sow-editor-base\"\n\t\t\t\n\t\t>\n<div class=\"siteorigin-widget-tinymce textwidget\">\n\t<p style=\"text-align: center;\"><b>ETFE 699-205<\/b><br \/>\n<b>ETFE 699N-129<\/b><br \/>\n<b>ETFE 532-6305<\/b><br \/>\n<b>ETFE 532-6405<\/b><br \/>\n<b>ETFE 532-6118<\/b><\/p>\n<\/div>\n<\/div><\/div><\/div><\/div><div id=\"pgc-w5d271e5f76a50-0-1\"  class=\"panel-grid-cell\" ><div id=\"panel-w5d271e5f76a50-0-1-0\" class=\"so-panel widget_sow-editor panel-first-child panel-last-child\" data-index=\"1\" ><div style=\"text-align: left;\" data-title-color=\"#47425d\" data-headings-color=\"#443f3f\" data-title_alignment=\"center\" class=\"panel-widget-style panel-widget-style-for-w5d271e5f76a50-0-1-0\" ><div\n\t\t\t\n\t\t\tclass=\"so-widget-sow-editor so-widget-sow-editor-base\"\n\t\t\t\n\t\t>\n<div class=\"siteorigin-widget-tinymce textwidget\">\n\t<p style=\"text-align: center;\"><b>ETFE 532-6210<\/b><br \/>\n<b>ETFE 532-6310<\/b><br \/>\n<b>ETFE 532-6314<\/b><br \/>\n<b>ETFE 532-6412<\/b><br \/>\n<b>ETFE 532-6410<\/b><\/p>\n<\/div>\n<\/div><\/div><\/div><\/div><\/div><\/div><\/div><\/div><\/div><\/div><\/div><\/div><\/div>","protected":false},"excerpt":{"rendered":"<p>Recobriment Tefzel \u2122 El recobriment Tefzel\u2122 \u00e9s un fluoropl\u00e0stic ETFE (etil\u00e8-tetrafluoroetil\u00e8) modificat disponible com p\u00e8l\u00b7lets o com pols per a l&#8217;emmotllament rotacional. [&hellip;]<\/p>\n","protected":false},"author":1,"featured_media":7767,"parent":0,"menu_order":0,"comment_status":"closed","ping_status":"closed","template":"page-templates\/page_fullwidth.php","meta":{"footnotes":""},"class_list":["post-51762","page","type-page","status-publish","has-post-thumbnail","hentry"],"yoast_head":"<!-- This site is optimized with the Yoast SEO plugin v27.6 - https:\/\/yoast.com\/product\/yoast-seo-wordpress\/ -->\n<title>Recobriment Tefzel - Coatresa<\/title>\n<meta name=\"description\" content=\"Recobriment Tefzel Chemours: fluoropl\u00e0stic ETFE amb una resist\u00e8ncia qu\u00edmica excepcional. \u00c9s un etil\u00e8-tetrafluoroetil\u00e8 amb resist\u00e8ncia a la radicaci\u00f3\" \/>\n<meta name=\"robots\" content=\"index, follow, max-snippet:-1, max-image-preview:large, max-video-preview:-1\" \/>\n<link rel=\"canonical\" href=\"https:\/\/www.coatresa.com\/ca\/recobriment-chemours-tefzel\/\" \/>\n<meta property=\"og:locale\" content=\"ca_ES\" \/>\n<meta property=\"og:type\" content=\"article\" \/>\n<meta property=\"og:title\" content=\"Recobriment Tefzel - Coatresa\" \/>\n<meta property=\"og:description\" content=\"Recobriment Tefzel Chemours: fluoropl\u00e0stic ETFE amb una resist\u00e8ncia qu\u00edmica excepcional. \u00c9s un etil\u00e8-tetrafluoroetil\u00e8 amb resist\u00e8ncia a la radicaci\u00f3\" \/>\n<meta property=\"og:url\" content=\"https:\/\/www.coatresa.com\/ca\/recobriment-chemours-tefzel\/\" \/>\n<meta property=\"og:site_name\" content=\"Coatresa\" \/>\n<meta property=\"article:publisher\" content=\"https:\/\/www.facebook.com\/Coatresa\/\" \/>\n<meta property=\"article:modified_time\" content=\"2020-05-21T09:26:40+00:00\" \/>\n<meta property=\"og:image\" content=\"https:\/\/www.coatresa.com\/wp-content\/uploads\/2018\/07\/recubrimientos-dupont-chemours-tefzel.png\" \/>\n\t<meta property=\"og:image:width\" content=\"197\" \/>\n\t<meta property=\"og:image:height\" content=\"197\" \/>\n\t<meta property=\"og:image:type\" content=\"image\/png\" \/>\n<meta name=\"twitter:card\" content=\"summary_large_image\" \/>\n<meta name=\"twitter:site\" content=\"@Coatresa\" \/>\n<meta name=\"twitter:label1\" content=\"Est. reading time\" \/>\n\t<meta name=\"twitter:data1\" content=\"1 minute\" \/>\n<script type=\"application\/ld+json\" class=\"yoast-schema-graph\">{\"@context\":\"https:\\\/\\\/schema.org\",\"@graph\":[{\"@type\":\"WebPage\",\"@id\":\"https:\\\/\\\/www.coatresa.com\\\/ca\\\/recobriment-chemours-tefzel\\\/\",\"url\":\"https:\\\/\\\/www.coatresa.com\\\/ca\\\/recobriment-chemours-tefzel\\\/\",\"name\":\"Recobriment Tefzel - Coatresa\",\"isPartOf\":{\"@id\":\"https:\\\/\\\/www.coatresa.com\\\/ca\\\/#website\"},\"primaryImageOfPage\":{\"@id\":\"https:\\\/\\\/www.coatresa.com\\\/ca\\\/recobriment-chemours-tefzel\\\/#primaryimage\"},\"image\":{\"@id\":\"https:\\\/\\\/www.coatresa.com\\\/ca\\\/recobriment-chemours-tefzel\\\/#primaryimage\"},\"thumbnailUrl\":\"https:\\\/\\\/www.coatresa.com\\\/wp-content\\\/uploads\\\/2018\\\/07\\\/recubrimientos-dupont-chemours-tefzel.png\",\"datePublished\":\"2019-07-12T08:08:17+00:00\",\"dateModified\":\"2020-05-21T09:26:40+00:00\",\"description\":\"Recobriment Tefzel Chemours: fluoropl\u00e0stic ETFE amb una resist\u00e8ncia qu\u00edmica excepcional. \u00c9s un etil\u00e8-tetrafluoroetil\u00e8 amb resist\u00e8ncia a la radicaci\u00f3\",\"breadcrumb\":{\"@id\":\"https:\\\/\\\/www.coatresa.com\\\/ca\\\/recobriment-chemours-tefzel\\\/#breadcrumb\"},\"inLanguage\":\"ca-ES\",\"potentialAction\":[{\"@type\":\"ReadAction\",\"target\":[\"https:\\\/\\\/www.coatresa.com\\\/ca\\\/recobriment-chemours-tefzel\\\/\"]}]},{\"@type\":\"ImageObject\",\"inLanguage\":\"ca-ES\",\"@id\":\"https:\\\/\\\/www.coatresa.com\\\/ca\\\/recobriment-chemours-tefzel\\\/#primaryimage\",\"url\":\"https:\\\/\\\/www.coatresa.com\\\/wp-content\\\/uploads\\\/2018\\\/07\\\/recubrimientos-dupont-chemours-tefzel.png\",\"contentUrl\":\"https:\\\/\\\/www.coatresa.com\\\/wp-content\\\/uploads\\\/2018\\\/07\\\/recubrimientos-dupont-chemours-tefzel.png\",\"width\":197,\"height\":197,\"caption\":\"recubrimientos Dupont Chemours Tefzel\"},{\"@type\":\"BreadcrumbList\",\"@id\":\"https:\\\/\\\/www.coatresa.com\\\/ca\\\/recobriment-chemours-tefzel\\\/#breadcrumb\",\"itemListElement\":[{\"@type\":\"ListItem\",\"position\":1,\"name\":\"Portada\",\"item\":\"https:\\\/\\\/www.coatresa.com\\\/ca\\\/\"},{\"@type\":\"ListItem\",\"position\":2,\"name\":\"Recobriment Tefzel\"}]},{\"@type\":\"WebSite\",\"@id\":\"https:\\\/\\\/www.coatresa.com\\\/ca\\\/#website\",\"url\":\"https:\\\/\\\/www.coatresa.com\\\/ca\\\/\",\"name\":\"Coatresa\",\"description\":\"Aplicaci\u00f3n de recubrimientos antiadherentes y anticorrosivos como el Teflon. Expertos del Powder Coating\",\"publisher\":{\"@id\":\"https:\\\/\\\/www.coatresa.com\\\/ca\\\/#organization\"},\"potentialAction\":[{\"@type\":\"SearchAction\",\"target\":{\"@type\":\"EntryPoint\",\"urlTemplate\":\"https:\\\/\\\/www.coatresa.com\\\/ca\\\/?s={search_term_string}\"},\"query-input\":{\"@type\":\"PropertyValueSpecification\",\"valueRequired\":true,\"valueName\":\"search_term_string\"}}],\"inLanguage\":\"ca-ES\"},{\"@type\":\"Organization\",\"@id\":\"https:\\\/\\\/www.coatresa.com\\\/ca\\\/#organization\",\"name\":\"Coatresa\",\"url\":\"https:\\\/\\\/www.coatresa.com\\\/ca\\\/\",\"logo\":{\"@type\":\"ImageObject\",\"inLanguage\":\"ca-ES\",\"@id\":\"https:\\\/\\\/www.coatresa.com\\\/ca\\\/#\\\/schema\\\/logo\\\/image\\\/\",\"url\":\"https:\\\/\\\/www.coatresa.com\\\/wp-content\\\/uploads\\\/2022\\\/07\\\/A_blava_mitja_transp.png\",\"contentUrl\":\"https:\\\/\\\/www.coatresa.com\\\/wp-content\\\/uploads\\\/2022\\\/07\\\/A_blava_mitja_transp.png\",\"width\":340,\"height\":326,\"caption\":\"Coatresa\"},\"image\":{\"@id\":\"https:\\\/\\\/www.coatresa.com\\\/ca\\\/#\\\/schema\\\/logo\\\/image\\\/\"},\"sameAs\":[\"https:\\\/\\\/www.facebook.com\\\/Coatresa\\\/\",\"https:\\\/\\\/x.com\\\/Coatresa\",\"https:\\\/\\\/www.linkedin.com\\\/company\\\/coatresa\\\/\",\"https:\\\/\\\/www.youtube.com\\\/user\\\/CoatresaCoatings\"]}]}<\/script>\n<!-- \/ Yoast SEO plugin. -->","yoast_head_json":{"title":"Recobriment Tefzel - Coatresa","description":"Recobriment Tefzel Chemours: fluoropl\u00e0stic ETFE amb una resist\u00e8ncia qu\u00edmica excepcional. \u00c9s un etil\u00e8-tetrafluoroetil\u00e8 amb resist\u00e8ncia a la radicaci\u00f3","robots":{"index":"index","follow":"follow","max-snippet":"max-snippet:-1","max-image-preview":"max-image-preview:large","max-video-preview":"max-video-preview:-1"},"canonical":"https:\/\/www.coatresa.com\/ca\/recobriment-chemours-tefzel\/","og_locale":"ca_ES","og_type":"article","og_title":"Recobriment Tefzel - Coatresa","og_description":"Recobriment Tefzel Chemours: fluoropl\u00e0stic ETFE amb una resist\u00e8ncia qu\u00edmica excepcional. \u00c9s un etil\u00e8-tetrafluoroetil\u00e8 amb resist\u00e8ncia a la radicaci\u00f3","og_url":"https:\/\/www.coatresa.com\/ca\/recobriment-chemours-tefzel\/","og_site_name":"Coatresa","article_publisher":"https:\/\/www.facebook.com\/Coatresa\/","article_modified_time":"2020-05-21T09:26:40+00:00","og_image":[{"width":197,"height":197,"url":"https:\/\/www.coatresa.com\/wp-content\/uploads\/2018\/07\/recubrimientos-dupont-chemours-tefzel.png","type":"image\/png"}],"twitter_card":"summary_large_image","twitter_site":"@Coatresa","twitter_misc":{"Est. reading time":"1 minute"},"schema":{"@context":"https:\/\/schema.org","@graph":[{"@type":"WebPage","@id":"https:\/\/www.coatresa.com\/ca\/recobriment-chemours-tefzel\/","url":"https:\/\/www.coatresa.com\/ca\/recobriment-chemours-tefzel\/","name":"Recobriment Tefzel - Coatresa","isPartOf":{"@id":"https:\/\/www.coatresa.com\/ca\/#website"},"primaryImageOfPage":{"@id":"https:\/\/www.coatresa.com\/ca\/recobriment-chemours-tefzel\/#primaryimage"},"image":{"@id":"https:\/\/www.coatresa.com\/ca\/recobriment-chemours-tefzel\/#primaryimage"},"thumbnailUrl":"https:\/\/www.coatresa.com\/wp-content\/uploads\/2018\/07\/recubrimientos-dupont-chemours-tefzel.png","datePublished":"2019-07-12T08:08:17+00:00","dateModified":"2020-05-21T09:26:40+00:00","description":"Recobriment Tefzel Chemours: fluoropl\u00e0stic ETFE amb una resist\u00e8ncia qu\u00edmica excepcional. \u00c9s un etil\u00e8-tetrafluoroetil\u00e8 amb resist\u00e8ncia a la radicaci\u00f3","breadcrumb":{"@id":"https:\/\/www.coatresa.com\/ca\/recobriment-chemours-tefzel\/#breadcrumb"},"inLanguage":"ca-ES","potentialAction":[{"@type":"ReadAction","target":["https:\/\/www.coatresa.com\/ca\/recobriment-chemours-tefzel\/"]}]},{"@type":"ImageObject","inLanguage":"ca-ES","@id":"https:\/\/www.coatresa.com\/ca\/recobriment-chemours-tefzel\/#primaryimage","url":"https:\/\/www.coatresa.com\/wp-content\/uploads\/2018\/07\/recubrimientos-dupont-chemours-tefzel.png","contentUrl":"https:\/\/www.coatresa.com\/wp-content\/uploads\/2018\/07\/recubrimientos-dupont-chemours-tefzel.png","width":197,"height":197,"caption":"recubrimientos Dupont Chemours Tefzel"},{"@type":"BreadcrumbList","@id":"https:\/\/www.coatresa.com\/ca\/recobriment-chemours-tefzel\/#breadcrumb","itemListElement":[{"@type":"ListItem","position":1,"name":"Portada","item":"https:\/\/www.coatresa.com\/ca\/"},{"@type":"ListItem","position":2,"name":"Recobriment Tefzel"}]},{"@type":"WebSite","@id":"https:\/\/www.coatresa.com\/ca\/#website","url":"https:\/\/www.coatresa.com\/ca\/","name":"Coatresa","description":"Aplicaci\u00f3n de recubrimientos antiadherentes y anticorrosivos como el Teflon. Expertos del Powder Coating","publisher":{"@id":"https:\/\/www.coatresa.com\/ca\/#organization"},"potentialAction":[{"@type":"SearchAction","target":{"@type":"EntryPoint","urlTemplate":"https:\/\/www.coatresa.com\/ca\/?s={search_term_string}"},"query-input":{"@type":"PropertyValueSpecification","valueRequired":true,"valueName":"search_term_string"}}],"inLanguage":"ca-ES"},{"@type":"Organization","@id":"https:\/\/www.coatresa.com\/ca\/#organization","name":"Coatresa","url":"https:\/\/www.coatresa.com\/ca\/","logo":{"@type":"ImageObject","inLanguage":"ca-ES","@id":"https:\/\/www.coatresa.com\/ca\/#\/schema\/logo\/image\/","url":"https:\/\/www.coatresa.com\/wp-content\/uploads\/2022\/07\/A_blava_mitja_transp.png","contentUrl":"https:\/\/www.coatresa.com\/wp-content\/uploads\/2022\/07\/A_blava_mitja_transp.png","width":340,"height":326,"caption":"Coatresa"},"image":{"@id":"https:\/\/www.coatresa.com\/ca\/#\/schema\/logo\/image\/"},"sameAs":["https:\/\/www.facebook.com\/Coatresa\/","https:\/\/x.com\/Coatresa","https:\/\/www.linkedin.com\/company\/coatresa\/","https:\/\/www.youtube.com\/user\/CoatresaCoatings"]}]}},"_links":{"self":[{"href":"https:\/\/www.coatresa.com\/ca\/wp-json\/wp\/v2\/pages\/51762","targetHints":{"allow":["GET"]}}],"collection":[{"href":"https:\/\/www.coatresa.com\/ca\/wp-json\/wp\/v2\/pages"}],"about":[{"href":"https:\/\/www.coatresa.com\/ca\/wp-json\/wp\/v2\/types\/page"}],"author":[{"embeddable":true,"href":"https:\/\/www.coatresa.com\/ca\/wp-json\/wp\/v2\/users\/1"}],"replies":[{"embeddable":true,"href":"https:\/\/www.coatresa.com\/ca\/wp-json\/wp\/v2\/comments?post=51762"}],"version-history":[{"count":0,"href":"https:\/\/www.coatresa.com\/ca\/wp-json\/wp\/v2\/pages\/51762\/revisions"}],"wp:featuredmedia":[{"embeddable":true,"href":"https:\/\/www.coatresa.com\/ca\/wp-json\/wp\/v2\/media\/7767"}],"wp:attachment":[{"href":"https:\/\/www.coatresa.com\/ca\/wp-json\/wp\/v2\/media?parent=51762"}],"curies":[{"name":"wp","href":"https:\/\/api.w.org\/{rel}","templated":true}]}}