{"id":51769,"date":"2019-07-12T12:01:39","date_gmt":"2019-07-12T10:01:39","guid":{"rendered":"https:\/\/www.coatresa.com\/recubrimiento-arkema-kynar\/"},"modified":"2022-06-14T15:48:53","modified_gmt":"2022-06-14T13:48:53","slug":"recobriment-arkema-kynar","status":"publish","type":"page","link":"https:\/\/www.coatresa.com\/ca\/recobriment-arkema-kynar\/","title":{"rendered":"Recobriment Kynar"},"content":{"rendered":"<div id=\"pl-51769\"  class=\"panel-layout\" ><div id=\"pg-51769-0\"  class=\"panel-grid panel-has-style\" ><div style=\"padding: 0px 0; \" data-overlay=\"true\" data-overlay-color=\"#000000\" class=\"panel-row-style panel-row-style-for-51769-0\" ><div id=\"pgc-51769-0-0\"  class=\"panel-grid-cell\" ><div id=\"panel-51769-0-0-0\" class=\"so-panel widget_sow-image panel-first-child panel-last-child\" data-index=\"0\" ><div style=\"text-align: left;\" data-title-color=\"#47425d\" data-headings-color=\"#443f3f\" data-title_alignment=\"center\" class=\"panel-widget-style panel-widget-style-for-51769-0-0-0\" ><div\n\t\t\t\n\t\t\tclass=\"so-widget-sow-image so-widget-sow-image-default-c67d20f9f743-51769\"\n\t\t\t\n\t\t>\n<div class=\"sow-image-container\">\n\t\t<img \n\tsrc=\"https:\/\/www.coatresa.com\/wp-content\/uploads\/2022\/06\/Kynar_Logo.png\" width=\"240\" height=\"197\" srcset=\"https:\/\/www.coatresa.com\/wp-content\/uploads\/2022\/06\/Kynar_Logo.png 240w, https:\/\/www.coatresa.com\/wp-content\/uploads\/2022\/06\/Kynar_Logo-230x189.png 230w\" sizes=\"(max-width: 240px) 100vw, 240px\" alt=\"\" \t\tclass=\"so-widget-image\"\/>\n\t<\/div>\n\n<\/div><\/div><\/div><\/div><div id=\"pgc-51769-0-1\"  class=\"panel-grid-cell\" ><div id=\"panel-51769-0-1-0\" class=\"so-panel widget_sow-editor panel-first-child panel-last-child\" data-index=\"1\" ><div style=\"text-align: left;\" data-title-color=\"#47425d\" data-headings-color=\"#000000\" data-title_alignment=\"center\" class=\"panel-widget-style panel-widget-style-for-51769-0-1-0\" ><div\n\t\t\t\n\t\t\tclass=\"so-widget-sow-editor so-widget-sow-editor-base\"\n\t\t\t\n\t\t>\n<div class=\"siteorigin-widget-tinymce textwidget\">\n\t<h1 style=\"text-align: left;\">Recobriment Kynar \u00ae<\/h1>\n<hr align=\"left\" \/>\n<p style=\"text-align: justify;\">Com a l\u00edder global en la producci\u00f3 de PVDF, Arkema ha treballat m\u00e9s de 50 anys en el desenvolupament de les resines Kynar \u00ae PVDF per a aplicacions avan\u00e7ades com les energies renovables (bateries i fotovoltaiques), reduint pes en la ind\u00fastria automotriu i en recobriments amb especial resist\u00e8ncia a la intemp\u00e8rie.<\/p>\n<p style=\"text-align: justify;\">Els nous desenvolupaments, com la resina Kynar 500\u00ae FSF\u00ae i els recobriments formulats amb Kynar Aquatec\u00ae amb alta resist\u00e8ncia a condicions clim\u00e0tiques d'exterior en recobriments arquitect\u00f2nics, demostren la durabilitat de les resines Kynar\u00ae PVDF. Arkema continua assignant recursos als seus esfor\u00e7os en Recerca i Desenvolupament per al creixement de tecnologies sostenibles en noves aplicacions de PVDF.<\/p>\n<\/div>\n<\/div><\/div><\/div><\/div><\/div><\/div><div id=\"pg-51769-1\"  class=\"panel-grid panel-has-style\" ><div class=\"FRANJA-BLAVA-TITOL siteorigin-panels-stretch panel-row-style panel-row-style-for-51769-1\" style=\"padding: 0px 0; \" data-stretch-type=\"full\" data-overlay=\"true\" data-overlay-color=\"#000000\" ><div id=\"pgc-51769-1-0\"  class=\"panel-grid-cell\" ><div id=\"panel-51769-1-0-0\" class=\"so-panel widget_sow-editor panel-first-child panel-last-child\" data-index=\"2\" ><div class=\"blanc panel-widget-style panel-widget-style-for-51769-1-0-0\" style=\"text-align: left;\" data-title-color=\"#47425d\" data-headings-color=\"#443f3f\" data-title_alignment=\"center\" ><div\n\t\t\t\n\t\t\tclass=\"so-widget-sow-editor so-widget-sow-editor-base\"\n\t\t\t\n\t\t>\n<div class=\"siteorigin-widget-tinymce textwidget\">\n\t<h2 style=\"text-align: center;\">Propietats i beneficis del recobriment Kynar \u00ae<\/h2>\n<\/div>\n<\/div><\/div><\/div><\/div><\/div><\/div><div id=\"pg-51769-2\"  class=\"panel-grid panel-has-style\" ><div class=\"BGC-GRIS siteorigin-panels-stretch panel-row-style panel-row-style-for-51769-2\" style=\"padding: 50px 0; \" data-stretch-type=\"full\" data-overlay=\"true\" data-overlay-color=\"#000000\" ><div id=\"pgc-51769-2-0\"  class=\"panel-grid-cell\" ><div id=\"panel-51769-2-0-0\" class=\"so-panel widget_sow-editor panel-first-child panel-last-child\" data-index=\"3\" ><div style=\"text-align: left;\" data-title-color=\"#47425d\" data-headings-color=\"#443f3f\" data-title_alignment=\"center\" class=\"panel-widget-style panel-widget-style-for-51769-2-0-0\" ><div\n\t\t\t\n\t\t\tclass=\"so-widget-sow-editor so-widget-sow-editor-base\"\n\t\t\t\n\t\t>\n<div class=\"siteorigin-widget-tinymce textwidget\">\n\t<p style=\"text-align: center;\">Les resines Kynar\u00ae PVDF ofereixen alta resist\u00e8ncia als qu\u00edmics, convertint-se en el material ideal en tot, des del maneig de qu\u00edmics agressius fins a solucions per a fibra \u00f2ptica i recobriments arquitect\u00f2nics.<\/p>\n<p class=\"TEXTOS-DESTACATS\" style=\"text-align: center;\">Les principals propietats de Kynar\u00ae s\u00f3n:<\/p>\n<ul class=\"LLISTA-SUBRATLLADA\">\n<li>Excel\u00b7lent resist\u00e8ncia a la llum solar \/ exposici\u00f3 als raigs UV<\/li>\n<li>Gran resist\u00e8ncia qu\u00edmica a una \u00e0mplia gamma de productes qu\u00edmics agressius<\/li>\n<li>Resist\u00e8ncia a la radiaci\u00f3<\/li>\n<li>Retardant al foc \/ flama i propietats del fum<\/li>\n<li>F\u00e0cil d'aplicar amb equips est\u00e0ndard de la ind\u00fastria i f\u00e0cil de manipular posteriorment, com soldadura i mecanitzaci\u00f3<\/li>\n<li>Extrema puresa per a les aplicacions m\u00e9s exigents<\/li>\n<li>Extrema estabilitat electroqu\u00edmica<\/li>\n<li>Excel\u00b7lent resist\u00e8ncia a l'abrasi\u00f3<\/li>\n<li>Rang de resist\u00e8ncia t\u00e8rmica: RTI 150\u00baC<\/li>\n<\/ul>\n<\/div>\n<\/div><\/div><\/div><\/div><\/div><\/div><div id=\"pg-51769-3\"  class=\"panel-grid panel-has-style\" ><div class=\"siteorigin-panels-stretch panel-row-style panel-row-style-for-51769-3\" style=\"padding: 50px 0; \" data-stretch-type=\"full\" data-overlay=\"true\" data-overlay-color=\"#000000\" ><div id=\"pgc-51769-3-0\"  class=\"panel-grid-cell\" ><div id=\"panel-51769-3-0-0\" class=\"so-panel widget_siteorigin-panels-builder panel-first-child panel-last-child\" data-index=\"4\" ><div style=\"text-align: left;\" data-title-color=\"#47425d\" data-headings-color=\"#443f3f\" data-title_alignment=\"center\" class=\"panel-widget-style panel-widget-style-for-51769-3-0-0\" ><div id=\"pl-w5ec64ea7b2884\"  class=\"panel-layout\" ><div id=\"pg-w5ec64ea7b2884-0\"  class=\"panel-grid panel-has-style\" ><div style=\"padding: 0px 0; \" data-overlay=\"true\" data-overlay-color=\"#000000\" class=\"panel-row-style panel-row-style-for-w5ec64ea7b2884-0\" ><div id=\"pgc-w5ec64ea7b2884-0-0\"  class=\"panel-grid-cell\" ><div id=\"panel-w5ec64ea7b2884-0-0-0\" class=\"so-panel widget_sow-editor panel-first-child panel-last-child\" data-index=\"0\" ><div style=\"text-align: left;\" data-title-color=\"#47425d\" data-headings-color=\"#443f3f\" data-title_alignment=\"center\" class=\"panel-widget-style panel-widget-style-for-w5ec64ea7b2884-0-0-0\" ><div\n\t\t\t\n\t\t\tclass=\"so-widget-sow-editor so-widget-sow-editor-base\"\n\t\t\t\n\t\t>\n<div class=\"siteorigin-widget-tinymce textwidget\">\n\t<h2 class=\"BLAU-FOSC\" style=\"text-align: center;\">Refer\u00e8ncies Kynar \u00ae<\/h2>\n<\/div>\n<\/div><\/div><\/div><\/div><\/div><\/div><div id=\"pg-w5ec64ea7b2884-1\"  class=\"panel-grid panel-has-style\" ><div style=\"padding: 0px 0; \" data-overlay=\"true\" data-overlay-color=\"#000000\" class=\"panel-row-style panel-row-style-for-w5ec64ea7b2884-1\" ><div id=\"pgc-w5ec64ea7b2884-1-0\"  class=\"panel-grid-cell\" ><div id=\"panel-w5ec64ea7b2884-1-0-0\" class=\"so-panel widget_sow-editor panel-first-child panel-last-child\" data-index=\"1\" ><div style=\"text-align: left;\" data-title-color=\"#47425d\" data-headings-color=\"#443f3f\" data-title_alignment=\"center\" class=\"panel-widget-style panel-widget-style-for-w5ec64ea7b2884-1-0-0\" ><div\n\t\t\t\n\t\t\tclass=\"so-widget-sow-editor so-widget-sow-editor-base\"\n\t\t\t\n\t\t>\n<div class=\"siteorigin-widget-tinymce textwidget\">\n\t<p style=\"text-align: center; padding-top: 40px;\"><b>500<\/b><br \/>\n<b>740<\/b><br \/>\n<b>720<\/b><br \/>\n<b>710<\/b><br \/>\n<b>760<\/b><br \/>\n<b>761<\/b><br \/>\n<b>700<\/b><\/p>\n<\/div>\n<\/div><\/div><\/div><\/div><\/div><\/div><\/div><\/div><\/div><\/div><\/div><\/div><\/div>","protected":false},"excerpt":{"rendered":"<p>Recobriment Kynar \u00ae Com a l\u00edder global en la producci\u00f3 de PVDF, Arkema ha treballat m\u00e9s de 50 anys en el desenvolupament [&hellip;]<\/p>\n","protected":false},"author":1,"featured_media":15247,"parent":0,"menu_order":0,"comment_status":"closed","ping_status":"closed","template":"page-templates\/page_fullwidth.php","meta":{"footnotes":""},"class_list":["post-51769","page","type-page","status-publish","has-post-thumbnail","hentry"],"yoast_head":"<!-- This site is optimized with the Yoast SEO plugin v27.4 - https:\/\/yoast.com\/product\/yoast-seo-wordpress\/ -->\n<title>Recobriment Kynar - Coatresa<\/title>\n<meta name=\"description\" content=\"Recobriment Kynar Arkema: resines PVDF que ofereixen alta resist\u00e8ncia als qu\u00edmics, per a aplicacions en energies renovables i ind\u00fastria automotriu.\" \/>\n<meta name=\"robots\" content=\"index, follow, max-snippet:-1, max-image-preview:large, max-video-preview:-1\" \/>\n<link rel=\"canonical\" href=\"https:\/\/www.coatresa.com\/ca\/recobriment-arkema-kynar\/\" \/>\n<meta property=\"og:locale\" content=\"ca_ES\" \/>\n<meta property=\"og:type\" content=\"article\" \/>\n<meta property=\"og:title\" content=\"Recobriment Kynar - Coatresa\" \/>\n<meta property=\"og:description\" content=\"Recobriment Kynar Arkema: resines PVDF que ofereixen alta resist\u00e8ncia als qu\u00edmics, per a aplicacions en energies renovables i ind\u00fastria automotriu.\" \/>\n<meta property=\"og:url\" content=\"https:\/\/www.coatresa.com\/ca\/recobriment-arkema-kynar\/\" \/>\n<meta property=\"og:site_name\" content=\"Coatresa\" \/>\n<meta property=\"article:publisher\" content=\"https:\/\/www.facebook.com\/Coatresa\/\" \/>\n<meta property=\"article:modified_time\" content=\"2022-06-14T13:48:53+00:00\" \/>\n<meta property=\"og:image\" content=\"https:\/\/www.coatresa.com\/wp-content\/uploads\/2019\/07\/recubrimientos-arkema-kynar.png\" \/>\n\t<meta property=\"og:image:width\" content=\"197\" \/>\n\t<meta property=\"og:image:height\" content=\"197\" \/>\n\t<meta property=\"og:image:type\" content=\"image\/png\" \/>\n<meta name=\"twitter:card\" content=\"summary_large_image\" \/>\n<meta name=\"twitter:site\" content=\"@Coatresa\" \/>\n<meta name=\"twitter:label1\" content=\"Est. reading time\" \/>\n\t<meta name=\"twitter:data1\" content=\"1 minute\" \/>\n<script type=\"application\/ld+json\" class=\"yoast-schema-graph\">{\"@context\":\"https:\\\/\\\/schema.org\",\"@graph\":[{\"@type\":\"WebPage\",\"@id\":\"https:\\\/\\\/www.coatresa.com\\\/ca\\\/recobriment-arkema-kynar\\\/\",\"url\":\"https:\\\/\\\/www.coatresa.com\\\/ca\\\/recobriment-arkema-kynar\\\/\",\"name\":\"Recobriment Kynar - Coatresa\",\"isPartOf\":{\"@id\":\"https:\\\/\\\/www.coatresa.com\\\/ca\\\/#website\"},\"primaryImageOfPage\":{\"@id\":\"https:\\\/\\\/www.coatresa.com\\\/ca\\\/recobriment-arkema-kynar\\\/#primaryimage\"},\"image\":{\"@id\":\"https:\\\/\\\/www.coatresa.com\\\/ca\\\/recobriment-arkema-kynar\\\/#primaryimage\"},\"thumbnailUrl\":\"https:\\\/\\\/www.coatresa.com\\\/wp-content\\\/uploads\\\/2019\\\/07\\\/recubrimientos-arkema-kynar.png\",\"datePublished\":\"2019-07-12T10:01:39+00:00\",\"dateModified\":\"2022-06-14T13:48:53+00:00\",\"description\":\"Recobriment Kynar Arkema: resines PVDF que ofereixen alta resist\u00e8ncia als qu\u00edmics, per a aplicacions en energies renovables i ind\u00fastria automotriu.\",\"breadcrumb\":{\"@id\":\"https:\\\/\\\/www.coatresa.com\\\/ca\\\/recobriment-arkema-kynar\\\/#breadcrumb\"},\"inLanguage\":\"ca-ES\",\"potentialAction\":[{\"@type\":\"ReadAction\",\"target\":[\"https:\\\/\\\/www.coatresa.com\\\/ca\\\/recobriment-arkema-kynar\\\/\"]}]},{\"@type\":\"ImageObject\",\"inLanguage\":\"ca-ES\",\"@id\":\"https:\\\/\\\/www.coatresa.com\\\/ca\\\/recobriment-arkema-kynar\\\/#primaryimage\",\"url\":\"https:\\\/\\\/www.coatresa.com\\\/wp-content\\\/uploads\\\/2019\\\/07\\\/recubrimientos-arkema-kynar.png\",\"contentUrl\":\"https:\\\/\\\/www.coatresa.com\\\/wp-content\\\/uploads\\\/2019\\\/07\\\/recubrimientos-arkema-kynar.png\",\"width\":197,\"height\":197,\"caption\":\"recobriment Arkema Kynar\"},{\"@type\":\"BreadcrumbList\",\"@id\":\"https:\\\/\\\/www.coatresa.com\\\/ca\\\/recobriment-arkema-kynar\\\/#breadcrumb\",\"itemListElement\":[{\"@type\":\"ListItem\",\"position\":1,\"name\":\"Portada\",\"item\":\"https:\\\/\\\/www.coatresa.com\\\/ca\\\/\"},{\"@type\":\"ListItem\",\"position\":2,\"name\":\"Recobriment Kynar\"}]},{\"@type\":\"WebSite\",\"@id\":\"https:\\\/\\\/www.coatresa.com\\\/ca\\\/#website\",\"url\":\"https:\\\/\\\/www.coatresa.com\\\/ca\\\/\",\"name\":\"Coatresa\",\"description\":\"Aplicaci\u00f3n de recubrimientos antiadherentes y anticorrosivos como el Teflon. Expertos del Powder Coating\",\"publisher\":{\"@id\":\"https:\\\/\\\/www.coatresa.com\\\/ca\\\/#organization\"},\"potentialAction\":[{\"@type\":\"SearchAction\",\"target\":{\"@type\":\"EntryPoint\",\"urlTemplate\":\"https:\\\/\\\/www.coatresa.com\\\/ca\\\/?s={search_term_string}\"},\"query-input\":{\"@type\":\"PropertyValueSpecification\",\"valueRequired\":true,\"valueName\":\"search_term_string\"}}],\"inLanguage\":\"ca-ES\"},{\"@type\":\"Organization\",\"@id\":\"https:\\\/\\\/www.coatresa.com\\\/ca\\\/#organization\",\"name\":\"Coatresa\",\"url\":\"https:\\\/\\\/www.coatresa.com\\\/ca\\\/\",\"logo\":{\"@type\":\"ImageObject\",\"inLanguage\":\"ca-ES\",\"@id\":\"https:\\\/\\\/www.coatresa.com\\\/ca\\\/#\\\/schema\\\/logo\\\/image\\\/\",\"url\":\"https:\\\/\\\/www.coatresa.com\\\/wp-content\\\/uploads\\\/2022\\\/07\\\/A_blava_mitja_transp.png\",\"contentUrl\":\"https:\\\/\\\/www.coatresa.com\\\/wp-content\\\/uploads\\\/2022\\\/07\\\/A_blava_mitja_transp.png\",\"width\":340,\"height\":326,\"caption\":\"Coatresa\"},\"image\":{\"@id\":\"https:\\\/\\\/www.coatresa.com\\\/ca\\\/#\\\/schema\\\/logo\\\/image\\\/\"},\"sameAs\":[\"https:\\\/\\\/www.facebook.com\\\/Coatresa\\\/\",\"https:\\\/\\\/x.com\\\/Coatresa\",\"https:\\\/\\\/www.linkedin.com\\\/company\\\/coatresa\\\/\",\"https:\\\/\\\/www.youtube.com\\\/user\\\/CoatresaCoatings\"]}]}<\/script>\n<!-- \/ Yoast SEO plugin. -->","yoast_head_json":{"title":"Recobriment Kynar - Coatresa","description":"Recobriment Kynar Arkema: resines PVDF que ofereixen alta resist\u00e8ncia als qu\u00edmics, per a aplicacions en energies renovables i ind\u00fastria automotriu.","robots":{"index":"index","follow":"follow","max-snippet":"max-snippet:-1","max-image-preview":"max-image-preview:large","max-video-preview":"max-video-preview:-1"},"canonical":"https:\/\/www.coatresa.com\/ca\/recobriment-arkema-kynar\/","og_locale":"ca_ES","og_type":"article","og_title":"Recobriment Kynar - Coatresa","og_description":"Recobriment Kynar Arkema: resines PVDF que ofereixen alta resist\u00e8ncia als qu\u00edmics, per a aplicacions en energies renovables i ind\u00fastria automotriu.","og_url":"https:\/\/www.coatresa.com\/ca\/recobriment-arkema-kynar\/","og_site_name":"Coatresa","article_publisher":"https:\/\/www.facebook.com\/Coatresa\/","article_modified_time":"2022-06-14T13:48:53+00:00","og_image":[{"width":197,"height":197,"url":"https:\/\/www.coatresa.com\/wp-content\/uploads\/2019\/07\/recubrimientos-arkema-kynar.png","type":"image\/png"}],"twitter_card":"summary_large_image","twitter_site":"@Coatresa","twitter_misc":{"Est. reading time":"1 minute"},"schema":{"@context":"https:\/\/schema.org","@graph":[{"@type":"WebPage","@id":"https:\/\/www.coatresa.com\/ca\/recobriment-arkema-kynar\/","url":"https:\/\/www.coatresa.com\/ca\/recobriment-arkema-kynar\/","name":"Recobriment Kynar - Coatresa","isPartOf":{"@id":"https:\/\/www.coatresa.com\/ca\/#website"},"primaryImageOfPage":{"@id":"https:\/\/www.coatresa.com\/ca\/recobriment-arkema-kynar\/#primaryimage"},"image":{"@id":"https:\/\/www.coatresa.com\/ca\/recobriment-arkema-kynar\/#primaryimage"},"thumbnailUrl":"https:\/\/www.coatresa.com\/wp-content\/uploads\/2019\/07\/recubrimientos-arkema-kynar.png","datePublished":"2019-07-12T10:01:39+00:00","dateModified":"2022-06-14T13:48:53+00:00","description":"Recobriment Kynar Arkema: resines PVDF que ofereixen alta resist\u00e8ncia als qu\u00edmics, per a aplicacions en energies renovables i ind\u00fastria automotriu.","breadcrumb":{"@id":"https:\/\/www.coatresa.com\/ca\/recobriment-arkema-kynar\/#breadcrumb"},"inLanguage":"ca-ES","potentialAction":[{"@type":"ReadAction","target":["https:\/\/www.coatresa.com\/ca\/recobriment-arkema-kynar\/"]}]},{"@type":"ImageObject","inLanguage":"ca-ES","@id":"https:\/\/www.coatresa.com\/ca\/recobriment-arkema-kynar\/#primaryimage","url":"https:\/\/www.coatresa.com\/wp-content\/uploads\/2019\/07\/recubrimientos-arkema-kynar.png","contentUrl":"https:\/\/www.coatresa.com\/wp-content\/uploads\/2019\/07\/recubrimientos-arkema-kynar.png","width":197,"height":197,"caption":"recobriment Arkema Kynar"},{"@type":"BreadcrumbList","@id":"https:\/\/www.coatresa.com\/ca\/recobriment-arkema-kynar\/#breadcrumb","itemListElement":[{"@type":"ListItem","position":1,"name":"Portada","item":"https:\/\/www.coatresa.com\/ca\/"},{"@type":"ListItem","position":2,"name":"Recobriment Kynar"}]},{"@type":"WebSite","@id":"https:\/\/www.coatresa.com\/ca\/#website","url":"https:\/\/www.coatresa.com\/ca\/","name":"Coatresa","description":"Aplicaci\u00f3n de recubrimientos antiadherentes y anticorrosivos como el Teflon. Expertos del Powder Coating","publisher":{"@id":"https:\/\/www.coatresa.com\/ca\/#organization"},"potentialAction":[{"@type":"SearchAction","target":{"@type":"EntryPoint","urlTemplate":"https:\/\/www.coatresa.com\/ca\/?s={search_term_string}"},"query-input":{"@type":"PropertyValueSpecification","valueRequired":true,"valueName":"search_term_string"}}],"inLanguage":"ca-ES"},{"@type":"Organization","@id":"https:\/\/www.coatresa.com\/ca\/#organization","name":"Coatresa","url":"https:\/\/www.coatresa.com\/ca\/","logo":{"@type":"ImageObject","inLanguage":"ca-ES","@id":"https:\/\/www.coatresa.com\/ca\/#\/schema\/logo\/image\/","url":"https:\/\/www.coatresa.com\/wp-content\/uploads\/2022\/07\/A_blava_mitja_transp.png","contentUrl":"https:\/\/www.coatresa.com\/wp-content\/uploads\/2022\/07\/A_blava_mitja_transp.png","width":340,"height":326,"caption":"Coatresa"},"image":{"@id":"https:\/\/www.coatresa.com\/ca\/#\/schema\/logo\/image\/"},"sameAs":["https:\/\/www.facebook.com\/Coatresa\/","https:\/\/x.com\/Coatresa","https:\/\/www.linkedin.com\/company\/coatresa\/","https:\/\/www.youtube.com\/user\/CoatresaCoatings"]}]}},"_links":{"self":[{"href":"https:\/\/www.coatresa.com\/ca\/wp-json\/wp\/v2\/pages\/51769","targetHints":{"allow":["GET"]}}],"collection":[{"href":"https:\/\/www.coatresa.com\/ca\/wp-json\/wp\/v2\/pages"}],"about":[{"href":"https:\/\/www.coatresa.com\/ca\/wp-json\/wp\/v2\/types\/page"}],"author":[{"embeddable":true,"href":"https:\/\/www.coatresa.com\/ca\/wp-json\/wp\/v2\/users\/1"}],"replies":[{"embeddable":true,"href":"https:\/\/www.coatresa.com\/ca\/wp-json\/wp\/v2\/comments?post=51769"}],"version-history":[{"count":0,"href":"https:\/\/www.coatresa.com\/ca\/wp-json\/wp\/v2\/pages\/51769\/revisions"}],"wp:featuredmedia":[{"embeddable":true,"href":"https:\/\/www.coatresa.com\/ca\/wp-json\/wp\/v2\/media\/15247"}],"wp:attachment":[{"href":"https:\/\/www.coatresa.com\/ca\/wp-json\/wp\/v2\/media?parent=51769"}],"curies":[{"name":"wp","href":"https:\/\/api.w.org\/{rel}","templated":true}]}}