{"id":51854,"date":"2019-10-03T11:03:17","date_gmt":"2019-10-03T09:03:17","guid":{"rendered":"https:\/\/www.coatresa.com\/recubrimiento-whitford-fusion\/"},"modified":"2023-06-13T13:14:46","modified_gmt":"2023-06-13T11:14:46","slug":"recobriment-whitford-fusion","status":"publish","type":"page","link":"https:\/\/www.coatresa.com\/ca\/recobriment-whitford-fusion\/","title":{"rendered":"Recobriment Fusion"},"content":{"rendered":"<div id=\"pl-51854\"  class=\"panel-layout\" ><div id=\"pg-51854-0\"  class=\"panel-grid panel-has-style\" ><div style=\"padding: 0px 0; \" data-overlay=\"true\" data-overlay-color=\"#000000\" class=\"panel-row-style panel-row-style-for-51854-0\" ><div id=\"pgc-51854-0-0\"  class=\"panel-grid-cell\" ><div id=\"panel-51854-0-0-0\" class=\"so-panel widget_sow-image panel-first-child panel-last-child\" data-index=\"0\" ><div style=\"text-align: left;\" data-title-color=\"#47425d\" data-headings-color=\"#443f3f\" data-title_alignment=\"center\" class=\"panel-widget-style panel-widget-style-for-51854-0-0-0\" ><div\n\t\t\t\n\t\t\tclass=\"so-widget-sow-image so-widget-sow-image-default-c67d20f9f743-51854\"\n\t\t\t\n\t\t>\n<div class=\"sow-image-container\">\n\t\t<img \n\tsrc=\"https:\/\/www.coatresa.com\/wp-content\/uploads\/2023\/06\/Recubrimiento-Whitford_Fusion.png\" width=\"197\" height=\"197\" srcset=\"https:\/\/www.coatresa.com\/wp-content\/uploads\/2023\/06\/Recubrimiento-Whitford_Fusion.png 197w, https:\/\/www.coatresa.com\/wp-content\/uploads\/2023\/06\/Recubrimiento-Whitford_Fusion-150x150.png 150w\" sizes=\"(max-width: 197px) 100vw, 197px\" title=\"Recubrimiento Whitford_Fusion\" alt=\"\" \t\tclass=\"so-widget-image\"\/>\n\t<\/div>\n\n<\/div><\/div><\/div><\/div><div id=\"pgc-51854-0-1\"  class=\"panel-grid-cell\" ><div id=\"panel-51854-0-1-0\" class=\"so-panel widget_sow-editor panel-first-child panel-last-child\" data-index=\"1\" ><div style=\"text-align: left;\" data-title-color=\"#47425d\" data-headings-color=\"#000000\" data-title_alignment=\"center\" class=\"panel-widget-style panel-widget-style-for-51854-0-1-0\" ><div\n\t\t\t\n\t\t\tclass=\"so-widget-sow-editor so-widget-sow-editor-base\"\n\t\t\t\n\t\t>\n<div class=\"siteorigin-widget-tinymce textwidget\">\n\t<h1 style=\"text-align: left;\">Recobriment Fusion \u00ae<\/h1>\n<hr align=\"left\" \/>\n<p style=\"text-align: justify;\">Fusion\u00ae \u00e9s un sistema de recobriment basat en tecnologia sol-gel, fet <b>sense PFOA i PTFE<\/b>. \u00c9s un recobriment h\u00edbrid de qu\u00edmica org\u00e0nica i inorg\u00e0nica com\u00fa a l'enginyeria cer\u00e0mica.<br \/>\nLa fam\u00edlia de recobriments Fusion\u00ae (Fusion, Fusion TI, Fusion HR, FusionX) s\u00f3n base aigua. Treballa a temperatures extremes, curant-se a temperatures m\u00e9s baixes amb menys energia.<\/p>\n<\/div>\n<\/div><\/div><\/div><\/div><\/div><\/div><div id=\"pg-51854-1\"  class=\"panel-grid panel-has-style\" ><div class=\"FRANJA-BLAVA-TITOL siteorigin-panels-stretch panel-row-style panel-row-style-for-51854-1\" style=\"padding: 0px 0; \" data-stretch-type=\"full\" data-overlay=\"true\" data-overlay-color=\"#000000\" ><div id=\"pgc-51854-1-0\"  class=\"panel-grid-cell\" ><div id=\"panel-51854-1-0-0\" class=\"so-panel widget_sow-editor panel-first-child panel-last-child\" data-index=\"2\" ><div style=\"text-align: left;\" data-title-color=\"#47425d\" data-headings-color=\"#443f3f\" data-title_alignment=\"center\" class=\"panel-widget-style panel-widget-style-for-51854-1-0-0\" ><div\n\t\t\t\n\t\t\tclass=\"so-widget-sow-editor so-widget-sow-editor-base\"\n\t\t\t\n\t\t>\n<div class=\"siteorigin-widget-tinymce textwidget\">\n\t<h2 style=\"text-align: center;\">Propietats dels recobriments Fusion \u00ae<\/h2>\n<\/div>\n<\/div><\/div><\/div><\/div><\/div><\/div><div id=\"pg-51854-2\"  class=\"panel-grid panel-has-style\" ><div class=\"BGC-GRIS siteorigin-panels-stretch panel-row-style panel-row-style-for-51854-2\" style=\"padding: 50px 0; \" data-stretch-type=\"full\" data-overlay=\"true\" data-overlay-color=\"#000000\" ><div id=\"pgc-51854-2-0\"  class=\"panel-grid-cell\" ><div id=\"panel-51854-2-0-0\" class=\"so-panel widget_sow-editor panel-first-child panel-last-child\" data-index=\"3\" ><div style=\"text-align: left;\" data-title-color=\"#47425d\" data-headings-color=\"#443f3f\" data-title_alignment=\"center\" class=\"panel-widget-style panel-widget-style-for-51854-2-0-0\" ><div\n\t\t\t\n\t\t\tclass=\"so-widget-sow-editor so-widget-sow-editor-base\"\n\t\t\t\n\t\t>\n<div class=\"siteorigin-widget-tinymce textwidget\">\n\t<h3>Fusion<\/h3>\n<p style=\"text-align: justify;\">Millor antiadher\u00e8ncia, millor resist\u00e8ncia a les taques i millor brillantor quan es compara amb altres \"<em>nonsticks<\/em>\" cer\u00e0mics<\/p>\n<h3>Fusion TI<\/h3>\n<p style=\"text-align: justify;\">Refor\u00e7at amb part\u00edcules de titani. Durabilitat i resist\u00e8ncia excepcionals a l'abrasi\u00f3: molt per sobre d'altres recobriments cer\u00e0mics de sol-gel provats.<\/p>\n<h3>Fusion HR<\/h3>\n<p style=\"text-align: justify;\">Excepcional rendiment antiadherent, demostrat a trav\u00e9s de dues proves extremadament dures de <b>Whitford<\/b>: la <b>prova d'estr\u00e8s t\u00e8rmic<\/b> i la <b>prova d'estr\u00e8s qu\u00edmic<\/b>. El rendiment dura > 2,5 vegades m\u00e9s que altres recobriments cer\u00e0mics. Propietats d'antiadher\u00e8ncia que abans es creien inabastables en un revestiment \"cer\u00e0mic\" de sol-gel.<\/p>\n<\/div>\n<\/div><\/div><\/div><\/div><div id=\"pgc-51854-2-1\"  class=\"panel-grid-cell\" ><div id=\"panel-51854-2-1-0\" class=\"so-panel widget_sow-editor panel-first-child panel-last-child\" data-index=\"4\" ><div style=\"text-align: left;\" data-title-color=\"#47425d\" data-headings-color=\"#443f3f\" data-title_alignment=\"center\" class=\"panel-widget-style panel-widget-style-for-51854-2-1-0\" ><div\n\t\t\t\n\t\t\tclass=\"so-widget-sow-editor so-widget-sow-editor-base\"\n\t\t\t\n\t\t>\n<div class=\"siteorigin-widget-tinymce textwidget\">\n\t<h3>Fusion X<\/h3>\n<p style=\"text-align: justify;\">L'\u00faltima incorporaci\u00f3 a la fam\u00edlia de recobriments Fusion \u00e9s una nova l\u00ednia de recobriments exteriors \"cer\u00e0mics\" sol-gel. Un sistema d'una sola capa disponible en una \u00e0mplia varietat de colors brillants, una alternativa acolorida, cridanera i f\u00e0cil a l'esmalt de porcellana. Es pot usar a temperatures extremes (930\u00b0C \/ 500\u00b0C, segons el color) i \u00e9s adequat per utilitzar sobre una flama directa.<br \/>\nL'antiadherent Fusion cer\u00e0mic de sol-gel de Whitford t\u00e9 una certificaci\u00f3 legal independent que verifica que compleix amb les regulacions de la FDA d'EE. UU. Per al contacte amb aliments i la legislaci\u00f3 principal de la <b>UE 1935\/2004<\/b>.<\/p>\n<\/div>\n<\/div><\/div><\/div><\/div><\/div><\/div><div id=\"pg-51854-3\"  class=\"panel-grid panel-has-style\" ><div class=\"siteorigin-panels-stretch panel-row-style panel-row-style-for-51854-3\" style=\"padding: 50px 0; \" data-stretch-type=\"full\" data-overlay=\"true\" data-overlay-color=\"#000000\" ><div id=\"pgc-51854-3-0\"  class=\"panel-grid-cell\" ><div id=\"panel-51854-3-0-0\" class=\"so-panel widget_siteorigin-panels-builder panel-first-child panel-last-child\" data-index=\"5\" ><div style=\"text-align: left;\" data-title-color=\"#47425d\" data-headings-color=\"#443f3f\" data-title_alignment=\"center\" class=\"panel-widget-style panel-widget-style-for-51854-3-0-0\" ><div id=\"pl-w64884fa65d0a0\"  class=\"panel-layout\" ><div id=\"pg-w64884fa65d0a0-0\"  class=\"panel-grid panel-has-style\" ><div style=\"padding: 0px 0; \" data-overlay=\"true\" data-overlay-color=\"#000000\" class=\"panel-row-style panel-row-style-for-w64884fa65d0a0-0\" ><div id=\"pgc-w64884fa65d0a0-0-0\"  class=\"panel-grid-cell\" ><div id=\"panel-w64884fa65d0a0-0-0-0\" class=\"so-panel widget_sow-editor panel-first-child panel-last-child\" data-index=\"0\" ><div style=\"text-align: left;\" data-title-color=\"#47425d\" data-headings-color=\"#443f3f\" data-title_alignment=\"center\" class=\"panel-widget-style panel-widget-style-for-w64884fa65d0a0-0-0-0\" ><div\n\t\t\t\n\t\t\tclass=\"so-widget-sow-editor so-widget-sow-editor-base\"\n\t\t\t\n\t\t>\n<div class=\"siteorigin-widget-tinymce textwidget\">\n\t<h2 class=\"BLAU-FOSC\" style=\"text-align: center;\">Refer\u00e8ncies Fusion\u00ae<\/h2>\n<p style=\"text-align: center; padding-top: 40px;\"><b>Fusion 8088<\/b><br \/>\n<b>Fusion 8089<\/b><\/p>\n<\/div>\n<\/div><\/div><\/div><\/div><\/div><\/div><\/div><\/div><\/div><\/div><\/div><\/div><\/div>","protected":false},"excerpt":{"rendered":"<p>Recobriment Fusion \u00ae Fusion\u00ae \u00e9s un sistema de recobriment basat en tecnologia sol-gel, fet sense PFOA i PTFE. \u00c9s un recobriment h\u00edbrid [&hellip;]<\/p>\n","protected":false},"author":1,"featured_media":15873,"parent":0,"menu_order":0,"comment_status":"closed","ping_status":"closed","template":"page-templates\/page_fullwidth.php","meta":{"footnotes":""},"class_list":["post-51854","page","type-page","status-publish","has-post-thumbnail","hentry"],"yoast_head":"<!-- This site is optimized with the Yoast SEO plugin v27.6 - https:\/\/yoast.com\/product\/yoast-seo-wordpress\/ -->\n<title>Recobriment Fusion - Coatresa<\/title>\n<meta name=\"description\" content=\"Recobriment Fusion Whitford: recobriments amb tecnologia sol-gel sense PFOA i PTFE. H\u00edbrid de qu\u00edmica org\u00e0nica i inorg\u00e0nica per a enginyeria cer\u00e0mica.\" \/>\n<meta name=\"robots\" content=\"index, follow, max-snippet:-1, max-image-preview:large, max-video-preview:-1\" \/>\n<link rel=\"canonical\" href=\"https:\/\/www.coatresa.com\/ca\/recobriment-whitford-fusion\/\" \/>\n<meta property=\"og:locale\" content=\"ca_ES\" \/>\n<meta property=\"og:type\" content=\"article\" \/>\n<meta property=\"og:title\" content=\"Recobriment Fusion - Coatresa\" \/>\n<meta property=\"og:description\" content=\"Recobriment Fusion Whitford: recobriments amb tecnologia sol-gel sense PFOA i PTFE. H\u00edbrid de qu\u00edmica org\u00e0nica i inorg\u00e0nica per a enginyeria cer\u00e0mica.\" \/>\n<meta property=\"og:url\" content=\"https:\/\/www.coatresa.com\/ca\/recobriment-whitford-fusion\/\" \/>\n<meta property=\"og:site_name\" content=\"Coatresa\" \/>\n<meta property=\"article:publisher\" content=\"https:\/\/www.facebook.com\/Coatresa\/\" \/>\n<meta property=\"article:modified_time\" content=\"2023-06-13T11:14:46+00:00\" \/>\n<meta property=\"og:image\" content=\"https:\/\/www.coatresa.com\/wp-content\/uploads\/2019\/10\/recubrimientos-fusion-whitford.png\" \/>\n\t<meta property=\"og:image:width\" content=\"197\" \/>\n\t<meta property=\"og:image:height\" content=\"197\" \/>\n\t<meta property=\"og:image:type\" content=\"image\/png\" \/>\n<meta name=\"twitter:card\" content=\"summary_large_image\" \/>\n<meta name=\"twitter:site\" content=\"@Coatresa\" \/>\n<meta name=\"twitter:label1\" content=\"Est. reading time\" \/>\n\t<meta name=\"twitter:data1\" content=\"2 minutes\" \/>\n<script type=\"application\/ld+json\" class=\"yoast-schema-graph\">{\"@context\":\"https:\\\/\\\/schema.org\",\"@graph\":[{\"@type\":\"WebPage\",\"@id\":\"https:\\\/\\\/www.coatresa.com\\\/ca\\\/recobriment-whitford-fusion\\\/\",\"url\":\"https:\\\/\\\/www.coatresa.com\\\/ca\\\/recobriment-whitford-fusion\\\/\",\"name\":\"Recobriment Fusion - Coatresa\",\"isPartOf\":{\"@id\":\"https:\\\/\\\/www.coatresa.com\\\/ca\\\/#website\"},\"primaryImageOfPage\":{\"@id\":\"https:\\\/\\\/www.coatresa.com\\\/ca\\\/recobriment-whitford-fusion\\\/#primaryimage\"},\"image\":{\"@id\":\"https:\\\/\\\/www.coatresa.com\\\/ca\\\/recobriment-whitford-fusion\\\/#primaryimage\"},\"thumbnailUrl\":\"https:\\\/\\\/www.coatresa.com\\\/wp-content\\\/uploads\\\/2019\\\/10\\\/recubrimientos-fusion-whitford.png\",\"datePublished\":\"2019-10-03T09:03:17+00:00\",\"dateModified\":\"2023-06-13T11:14:46+00:00\",\"description\":\"Recobriment Fusion Whitford: recobriments amb tecnologia sol-gel sense PFOA i PTFE. H\u00edbrid de qu\u00edmica org\u00e0nica i inorg\u00e0nica per a enginyeria cer\u00e0mica.\",\"breadcrumb\":{\"@id\":\"https:\\\/\\\/www.coatresa.com\\\/ca\\\/recobriment-whitford-fusion\\\/#breadcrumb\"},\"inLanguage\":\"ca-ES\",\"potentialAction\":[{\"@type\":\"ReadAction\",\"target\":[\"https:\\\/\\\/www.coatresa.com\\\/ca\\\/recobriment-whitford-fusion\\\/\"]}]},{\"@type\":\"ImageObject\",\"inLanguage\":\"ca-ES\",\"@id\":\"https:\\\/\\\/www.coatresa.com\\\/ca\\\/recobriment-whitford-fusion\\\/#primaryimage\",\"url\":\"https:\\\/\\\/www.coatresa.com\\\/wp-content\\\/uploads\\\/2019\\\/10\\\/recubrimientos-fusion-whitford.png\",\"contentUrl\":\"https:\\\/\\\/www.coatresa.com\\\/wp-content\\\/uploads\\\/2019\\\/10\\\/recubrimientos-fusion-whitford.png\",\"width\":197,\"height\":197,\"caption\":\"recobriment Fusion Whitford\"},{\"@type\":\"BreadcrumbList\",\"@id\":\"https:\\\/\\\/www.coatresa.com\\\/ca\\\/recobriment-whitford-fusion\\\/#breadcrumb\",\"itemListElement\":[{\"@type\":\"ListItem\",\"position\":1,\"name\":\"Portada\",\"item\":\"https:\\\/\\\/www.coatresa.com\\\/ca\\\/\"},{\"@type\":\"ListItem\",\"position\":2,\"name\":\"Recobriment Fusion\"}]},{\"@type\":\"WebSite\",\"@id\":\"https:\\\/\\\/www.coatresa.com\\\/ca\\\/#website\",\"url\":\"https:\\\/\\\/www.coatresa.com\\\/ca\\\/\",\"name\":\"Coatresa\",\"description\":\"Aplicaci\u00f3n de recubrimientos antiadherentes y anticorrosivos como el Teflon. Expertos del Powder Coating\",\"publisher\":{\"@id\":\"https:\\\/\\\/www.coatresa.com\\\/ca\\\/#organization\"},\"potentialAction\":[{\"@type\":\"SearchAction\",\"target\":{\"@type\":\"EntryPoint\",\"urlTemplate\":\"https:\\\/\\\/www.coatresa.com\\\/ca\\\/?s={search_term_string}\"},\"query-input\":{\"@type\":\"PropertyValueSpecification\",\"valueRequired\":true,\"valueName\":\"search_term_string\"}}],\"inLanguage\":\"ca-ES\"},{\"@type\":\"Organization\",\"@id\":\"https:\\\/\\\/www.coatresa.com\\\/ca\\\/#organization\",\"name\":\"Coatresa\",\"url\":\"https:\\\/\\\/www.coatresa.com\\\/ca\\\/\",\"logo\":{\"@type\":\"ImageObject\",\"inLanguage\":\"ca-ES\",\"@id\":\"https:\\\/\\\/www.coatresa.com\\\/ca\\\/#\\\/schema\\\/logo\\\/image\\\/\",\"url\":\"https:\\\/\\\/www.coatresa.com\\\/wp-content\\\/uploads\\\/2022\\\/07\\\/A_blava_mitja_transp.png\",\"contentUrl\":\"https:\\\/\\\/www.coatresa.com\\\/wp-content\\\/uploads\\\/2022\\\/07\\\/A_blava_mitja_transp.png\",\"width\":340,\"height\":326,\"caption\":\"Coatresa\"},\"image\":{\"@id\":\"https:\\\/\\\/www.coatresa.com\\\/ca\\\/#\\\/schema\\\/logo\\\/image\\\/\"},\"sameAs\":[\"https:\\\/\\\/www.facebook.com\\\/Coatresa\\\/\",\"https:\\\/\\\/x.com\\\/Coatresa\",\"https:\\\/\\\/www.linkedin.com\\\/company\\\/coatresa\\\/\",\"https:\\\/\\\/www.youtube.com\\\/user\\\/CoatresaCoatings\"]}]}<\/script>\n<!-- \/ Yoast SEO plugin. -->","yoast_head_json":{"title":"Recobriment Fusion - Coatresa","description":"Recobriment Fusion Whitford: recobriments amb tecnologia sol-gel sense PFOA i PTFE. H\u00edbrid de qu\u00edmica org\u00e0nica i inorg\u00e0nica per a enginyeria cer\u00e0mica.","robots":{"index":"index","follow":"follow","max-snippet":"max-snippet:-1","max-image-preview":"max-image-preview:large","max-video-preview":"max-video-preview:-1"},"canonical":"https:\/\/www.coatresa.com\/ca\/recobriment-whitford-fusion\/","og_locale":"ca_ES","og_type":"article","og_title":"Recobriment Fusion - Coatresa","og_description":"Recobriment Fusion Whitford: recobriments amb tecnologia sol-gel sense PFOA i PTFE. H\u00edbrid de qu\u00edmica org\u00e0nica i inorg\u00e0nica per a enginyeria cer\u00e0mica.","og_url":"https:\/\/www.coatresa.com\/ca\/recobriment-whitford-fusion\/","og_site_name":"Coatresa","article_publisher":"https:\/\/www.facebook.com\/Coatresa\/","article_modified_time":"2023-06-13T11:14:46+00:00","og_image":[{"width":197,"height":197,"url":"https:\/\/www.coatresa.com\/wp-content\/uploads\/2019\/10\/recubrimientos-fusion-whitford.png","type":"image\/png"}],"twitter_card":"summary_large_image","twitter_site":"@Coatresa","twitter_misc":{"Est. reading time":"2 minutes"},"schema":{"@context":"https:\/\/schema.org","@graph":[{"@type":"WebPage","@id":"https:\/\/www.coatresa.com\/ca\/recobriment-whitford-fusion\/","url":"https:\/\/www.coatresa.com\/ca\/recobriment-whitford-fusion\/","name":"Recobriment Fusion - Coatresa","isPartOf":{"@id":"https:\/\/www.coatresa.com\/ca\/#website"},"primaryImageOfPage":{"@id":"https:\/\/www.coatresa.com\/ca\/recobriment-whitford-fusion\/#primaryimage"},"image":{"@id":"https:\/\/www.coatresa.com\/ca\/recobriment-whitford-fusion\/#primaryimage"},"thumbnailUrl":"https:\/\/www.coatresa.com\/wp-content\/uploads\/2019\/10\/recubrimientos-fusion-whitford.png","datePublished":"2019-10-03T09:03:17+00:00","dateModified":"2023-06-13T11:14:46+00:00","description":"Recobriment Fusion Whitford: recobriments amb tecnologia sol-gel sense PFOA i PTFE. H\u00edbrid de qu\u00edmica org\u00e0nica i inorg\u00e0nica per a enginyeria cer\u00e0mica.","breadcrumb":{"@id":"https:\/\/www.coatresa.com\/ca\/recobriment-whitford-fusion\/#breadcrumb"},"inLanguage":"ca-ES","potentialAction":[{"@type":"ReadAction","target":["https:\/\/www.coatresa.com\/ca\/recobriment-whitford-fusion\/"]}]},{"@type":"ImageObject","inLanguage":"ca-ES","@id":"https:\/\/www.coatresa.com\/ca\/recobriment-whitford-fusion\/#primaryimage","url":"https:\/\/www.coatresa.com\/wp-content\/uploads\/2019\/10\/recubrimientos-fusion-whitford.png","contentUrl":"https:\/\/www.coatresa.com\/wp-content\/uploads\/2019\/10\/recubrimientos-fusion-whitford.png","width":197,"height":197,"caption":"recobriment Fusion Whitford"},{"@type":"BreadcrumbList","@id":"https:\/\/www.coatresa.com\/ca\/recobriment-whitford-fusion\/#breadcrumb","itemListElement":[{"@type":"ListItem","position":1,"name":"Portada","item":"https:\/\/www.coatresa.com\/ca\/"},{"@type":"ListItem","position":2,"name":"Recobriment Fusion"}]},{"@type":"WebSite","@id":"https:\/\/www.coatresa.com\/ca\/#website","url":"https:\/\/www.coatresa.com\/ca\/","name":"Coatresa","description":"Aplicaci\u00f3n de recubrimientos antiadherentes y anticorrosivos como el Teflon. Expertos del Powder Coating","publisher":{"@id":"https:\/\/www.coatresa.com\/ca\/#organization"},"potentialAction":[{"@type":"SearchAction","target":{"@type":"EntryPoint","urlTemplate":"https:\/\/www.coatresa.com\/ca\/?s={search_term_string}"},"query-input":{"@type":"PropertyValueSpecification","valueRequired":true,"valueName":"search_term_string"}}],"inLanguage":"ca-ES"},{"@type":"Organization","@id":"https:\/\/www.coatresa.com\/ca\/#organization","name":"Coatresa","url":"https:\/\/www.coatresa.com\/ca\/","logo":{"@type":"ImageObject","inLanguage":"ca-ES","@id":"https:\/\/www.coatresa.com\/ca\/#\/schema\/logo\/image\/","url":"https:\/\/www.coatresa.com\/wp-content\/uploads\/2022\/07\/A_blava_mitja_transp.png","contentUrl":"https:\/\/www.coatresa.com\/wp-content\/uploads\/2022\/07\/A_blava_mitja_transp.png","width":340,"height":326,"caption":"Coatresa"},"image":{"@id":"https:\/\/www.coatresa.com\/ca\/#\/schema\/logo\/image\/"},"sameAs":["https:\/\/www.facebook.com\/Coatresa\/","https:\/\/x.com\/Coatresa","https:\/\/www.linkedin.com\/company\/coatresa\/","https:\/\/www.youtube.com\/user\/CoatresaCoatings"]}]}},"_links":{"self":[{"href":"https:\/\/www.coatresa.com\/ca\/wp-json\/wp\/v2\/pages\/51854","targetHints":{"allow":["GET"]}}],"collection":[{"href":"https:\/\/www.coatresa.com\/ca\/wp-json\/wp\/v2\/pages"}],"about":[{"href":"https:\/\/www.coatresa.com\/ca\/wp-json\/wp\/v2\/types\/page"}],"author":[{"embeddable":true,"href":"https:\/\/www.coatresa.com\/ca\/wp-json\/wp\/v2\/users\/1"}],"replies":[{"embeddable":true,"href":"https:\/\/www.coatresa.com\/ca\/wp-json\/wp\/v2\/comments?post=51854"}],"version-history":[{"count":0,"href":"https:\/\/www.coatresa.com\/ca\/wp-json\/wp\/v2\/pages\/51854\/revisions"}],"wp:featuredmedia":[{"embeddable":true,"href":"https:\/\/www.coatresa.com\/ca\/wp-json\/wp\/v2\/media\/15873"}],"wp:attachment":[{"href":"https:\/\/www.coatresa.com\/ca\/wp-json\/wp\/v2\/media?parent=51854"}],"curies":[{"name":"wp","href":"https:\/\/api.w.org\/{rel}","templated":true}]}}