{"id":51860,"date":"2019-10-03T10:42:11","date_gmt":"2019-10-03T08:42:11","guid":{"rendered":"https:\/\/www.coatresa.com\/recubrimiento-whitford-resilon\/"},"modified":"2023-06-09T13:58:05","modified_gmt":"2023-06-09T11:58:05","slug":"recobriment-whitford-resilon","status":"publish","type":"page","link":"https:\/\/www.coatresa.com\/ca\/recobriment-whitford-resilon\/","title":{"rendered":"Recobriment Resilon"},"content":{"rendered":"<div id=\"pl-51860\"  class=\"panel-layout\" ><div id=\"pg-51860-0\"  class=\"panel-grid panel-has-style\" ><div style=\"padding: 0px 0; \" data-overlay=\"true\" data-overlay-color=\"#000000\" class=\"panel-row-style panel-row-style-for-51860-0\" ><div id=\"pgc-51860-0-0\"  class=\"panel-grid-cell\" ><div id=\"panel-51860-0-0-0\" class=\"so-panel widget_sow-image panel-first-child panel-last-child\" data-index=\"0\" ><div style=\"text-align: left;\" data-title-color=\"#47425d\" data-headings-color=\"#443f3f\" data-title_alignment=\"center\" class=\"panel-widget-style panel-widget-style-for-51860-0-0-0\" ><div\n\t\t\t\n\t\t\tclass=\"so-widget-sow-image so-widget-sow-image-default-c67d20f9f743-51860\"\n\t\t\t\n\t\t>\n<div class=\"sow-image-container\">\n\t\t<img \n\tsrc=\"https:\/\/www.coatresa.com\/wp-content\/uploads\/2023\/06\/Recubrimiento-Whitford_Resilon.png\" width=\"197\" height=\"197\" srcset=\"https:\/\/www.coatresa.com\/wp-content\/uploads\/2023\/06\/Recubrimiento-Whitford_Resilon.png 197w, https:\/\/www.coatresa.com\/wp-content\/uploads\/2023\/06\/Recubrimiento-Whitford_Resilon-150x150.png 150w\" sizes=\"(max-width: 197px) 100vw, 197px\" title=\"Recubrimiento Whitford_Resilon\" alt=\"\" \t\tclass=\"so-widget-image\"\/>\n\t<\/div>\n\n<\/div><\/div><\/div><\/div><div id=\"pgc-51860-0-1\"  class=\"panel-grid-cell\" ><div id=\"panel-51860-0-1-0\" class=\"so-panel widget_sow-editor panel-first-child panel-last-child\" data-index=\"1\" ><div style=\"text-align: left;\" data-title-color=\"#47425d\" data-headings-color=\"#000000\" data-title_alignment=\"center\" class=\"panel-widget-style panel-widget-style-for-51860-0-1-0\" ><div\n\t\t\t\n\t\t\tclass=\"so-widget-sow-editor so-widget-sow-editor-base\"\n\t\t\t\n\t\t>\n<div class=\"siteorigin-widget-tinymce textwidget\">\n\t<h1 style=\"text-align: left;\">Recobriment Resilon \u00ae<\/h1>\n<hr align=\"left\" \/>\n<p style=\"text-align: justify;\">El recobriment Resilon\u00ae \u00e9s una l\u00ednia de recobriments d'un sol component a base aigua per a \u00fas en substrats flexibles de la ind\u00fastria de l'autom\u00f2bil. Basats en la <b>tecnologia PU \/ Si-h\u00edbrida<\/b>, els recobriments Resilon\u00ae estan dissenyats per a resoldre una gran varietat de problemes.<\/p>\n<p style=\"text-align: justify;\">Resilon\u00ae <b>ajuda a reduir la fricci\u00f3<\/b>, <b>suprimeix el soroll<\/b>, evita que s'enganxi i protegeix contra la intemp\u00e8rie per als sistemes gomosos de segellat de l'autom\u00f2bil, \u00e9s a dir, les vores de maleter, segells de portes de goma, etc.<\/p>\n<\/div>\n<\/div><\/div><\/div><\/div><\/div><\/div><div id=\"pg-51860-1\"  class=\"panel-grid panel-has-style\" ><div class=\"FRANJA-BLAVA-TITOL siteorigin-panels-stretch panel-row-style panel-row-style-for-51860-1\" style=\"padding: 0px 0; \" data-stretch-type=\"full\" data-overlay=\"true\" data-overlay-color=\"#000000\" ><div id=\"pgc-51860-1-0\"  class=\"panel-grid-cell\" ><div id=\"panel-51860-1-0-0\" class=\"so-panel widget_sow-editor panel-first-child panel-last-child\" data-index=\"2\" ><div style=\"text-align: left;\" data-title-color=\"#47425d\" data-headings-color=\"#443f3f\" data-title_alignment=\"center\" class=\"panel-widget-style panel-widget-style-for-51860-1-0-0\" ><div\n\t\t\t\n\t\t\tclass=\"so-widget-sow-editor so-widget-sow-editor-base\"\n\t\t\t\n\t\t>\n<div class=\"siteorigin-widget-tinymce textwidget\">\n\t<h2 style=\"text-align: center;\">Propietats i aplicacions del recobriment Resilon \u00ae<\/h2>\n<\/div>\n<\/div><\/div><\/div><\/div><\/div><\/div><div id=\"pg-51860-2\"  class=\"panel-grid panel-has-style\" ><div class=\"BGC-GRIS siteorigin-panels-stretch panel-row-style panel-row-style-for-51860-2\" style=\"padding: 0px 0; \" data-stretch-type=\"full\" data-overlay=\"true\" data-overlay-color=\"#000000\" ><div id=\"pgc-51860-2-0\"  class=\"panel-grid-cell\" ><div id=\"panel-51860-2-0-0\" class=\"so-panel widget_sow-editor panel-first-child panel-last-child\" data-index=\"3\" ><div style=\"text-align: left;\" data-title-color=\"#47425d\" data-headings-color=\"#443f3f\" data-title_alignment=\"center\" class=\"panel-widget-style panel-widget-style-for-51860-2-0-0\" ><div\n\t\t\t\n\t\t\tclass=\"so-widget-sow-editor so-widget-sow-editor-base\"\n\t\t\t\n\t\t>\n<div class=\"siteorigin-widget-tinymce textwidget\">\n\t<p style=\"text-align: center;\">La gama de recobriments <b>Resilon<\/b>\u00ae ofereix importants beneficis:<\/p>\n<\/div>\n<\/div><\/div><\/div><\/div><\/div><\/div><div id=\"pg-51860-3\"  class=\"panel-grid panel-has-style\" ><div class=\"BGC-GRIS siteorigin-panels-stretch panel-row-style panel-row-style-for-51860-3\" style=\"padding: 0px 0; \" data-stretch-type=\"full\" data-overlay=\"true\" data-overlay-color=\"#000000\" ><div id=\"pgc-51860-3-0\"  class=\"panel-grid-cell\" ><div id=\"panel-51860-3-0-0\" class=\"so-panel widget_sow-editor panel-first-child panel-last-child\" data-index=\"4\" ><div style=\"text-align: left;\" data-title-color=\"#47425d\" data-headings-color=\"#443f3f\" data-title_alignment=\"center\" class=\"panel-widget-style panel-widget-style-for-51860-3-0-0\" ><div\n\t\t\t\n\t\t\tclass=\"so-widget-sow-editor so-widget-sow-editor-base\"\n\t\t\t\n\t\t>\n<div class=\"siteorigin-widget-tinymce textwidget\">\n\t<ul>\n<li style=\"text-align: justify;\"><b>Baixos VOCs: producte base aigua i lliure de NMP<\/b><\/li>\n<li style=\"text-align: justify;\"><b>Supressi\u00f3 del grinyol goma\/metall o goma\/goma<\/b><\/li>\n<li style=\"text-align: justify;\"><b>Excel\u00b7lent resist\u00e8ncia a l'abrasi\u00f3 i durabilitat a llarg termini<\/b><\/li>\n<li style=\"text-align: justify;\"><b>Excel\u00b7lents propietats h\u00e0ptiques<\/b><\/li>\n<\/ul>\n<\/div>\n<\/div><\/div><\/div><\/div><div id=\"pgc-51860-3-1\"  class=\"panel-grid-cell\" ><div id=\"panel-51860-3-1-0\" class=\"so-panel widget_sow-editor panel-first-child panel-last-child\" data-index=\"5\" ><div style=\"text-align: left;\" data-title-color=\"#47425d\" data-headings-color=\"#443f3f\" data-title_alignment=\"center\" class=\"panel-widget-style panel-widget-style-for-51860-3-1-0\" ><div\n\t\t\t\n\t\t\tclass=\"so-widget-sow-editor so-widget-sow-editor-base\"\n\t\t\t\n\t\t>\n<div class=\"siteorigin-widget-tinymce textwidget\">\n\t<ul>\n<li style=\"text-align: justify;\"><b>Baixa fricci\u00f3 controlada: 0.1 a 1.0<\/b><\/li>\n<li style=\"text-align: justify;\"><b>Excel\u00b7lents propietats d'alliberament de calor i congelaci\u00f3<\/b><\/li>\n<li style=\"text-align: justify;\"><b>Excel\u00b7lent resist\u00e8ncia als elements: resist\u00e8ncia a la intemp\u00e8rie i qu\u00edmica<\/b><\/li>\n<li style=\"text-align: justify;\"><b>Ideal per extrusi\u00f3 i motllures de cantonades<\/b><\/li>\n<\/ul>\n<\/div>\n<\/div><\/div><\/div><\/div><\/div><\/div><div id=\"pg-51860-4\"  class=\"panel-grid panel-has-style\" ><div class=\"BGC-GRIS siteorigin-panels-stretch panel-row-style panel-row-style-for-51860-4\" style=\"padding: 0px 0; \" data-stretch-type=\"full\" data-overlay=\"true\" data-overlay-color=\"#000000\" ><div id=\"pgc-51860-4-0\"  class=\"panel-grid-cell\" ><div id=\"panel-51860-4-0-0\" class=\"so-panel widget_sow-editor panel-first-child panel-last-child\" data-index=\"6\" ><div style=\"text-align: left;\" data-title-color=\"#47425d\" data-headings-color=\"#443f3f\" data-title_alignment=\"center\" class=\"panel-widget-style panel-widget-style-for-51860-4-0-0\" ><div\n\t\t\t\n\t\t\tclass=\"so-widget-sow-editor so-widget-sow-editor-base\"\n\t\t\t\n\t\t>\n<div class=\"siteorigin-widget-tinymce textwidget\">\n\t<p style=\"text-align: justify;\">Disponible en negre-transparent i altres colors sota comanda, els recobriments de Resilon\u00ae es poden aplicar f\u00e0cilment a <b>EPDM<\/b>, <b>TPE<\/b>, <b>NBR<\/b>, <b>PVC<\/b>, <b>ABS<\/b> i altres substrats sensibles a la temperatura. Resilon\u00ae s'utilitza actualment en m\u00e9s de 100 plataformes automotrius a tot el m\u00f3n, que inclouen, entre d'altres:<\/p>\n<p style=\"text-align: center;\"><b>Aston Martin, Bentley, BMW, Bugatti, Chevrolet, Chrysler, Fiat, Ford, GM, Honda, Hyundai, Jeep, Lotus, Mercedes-Benz, Nissan, Porsche, Renault, Rolls Royce, Skoda, Suzuki, Tesla, Toyota, VW<\/b><\/p>\n<p style=\"text-align: center;\">Dissenyats d'acord amb els requisits espec\u00edfics del producte, els recobriments de Resilon\u00ae es desenvolupen per complir i superar les especificacions del sector automobil\u00edstic seg\u00fcent:<\/p>\n<\/div>\n<\/div><\/div><\/div><\/div><\/div><\/div><div id=\"pg-51860-5\"  class=\"panel-grid panel-has-style\" ><div class=\"BGC-GRIS siteorigin-panels-stretch panel-row-style panel-row-style-for-51860-5\" style=\"padding: 0px 0; \" data-stretch-type=\"full\" data-overlay=\"true\" data-overlay-color=\"#000000\" ><div id=\"pgc-51860-5-0\"  class=\"panel-grid-cell\" ><div id=\"panel-51860-5-0-0\" class=\"so-panel widget_sow-editor panel-first-child panel-last-child\" data-index=\"7\" ><div style=\"text-align: left;\" data-title-color=\"#47425d\" data-headings-color=\"#443f3f\" data-title_alignment=\"center\" class=\"panel-widget-style panel-widget-style-for-51860-5-0-0\" ><div\n\t\t\t\n\t\t\tclass=\"so-widget-sow-editor so-widget-sow-editor-base\"\n\t\t\t\n\t\t>\n<div class=\"siteorigin-widget-tinymce textwidget\">\n\t<ul>\n<li>Adhesion Fingernail scratch<\/li>\n<li>Karcher VW 50129: 2008-02<\/li>\n<li>Coefficient of Friction \u2013 Dynamic VW 50129: 2008-02<\/li>\n<li>Coefficient of Friction \u2013 Static VW 50129: 2008-02<\/li>\n<li>Cold Flex DBL 5578.30<\/li>\n<li>Crocking \u2013 Armorall Ford \u2013 WSB-M9P9-A 900gm load<\/li>\n<li>Crocking \u2013 Dry Ford \u2013 WSS-M9P9-A 900gm load<\/li>\n<li>Crocking \u2013 IPA\/DIW (1:1) Ford \u2013 WSB-M9P9-A 900gm load<\/li>\n<li>Crocking \u2013 Soapy water Ford \u2013 WSB-M2D49A2 900gm load<\/li>\n<li>Crocking \u2013 Wet Ford \u2013 WSS-M9P9-A 900gm load<\/li>\n<\/ul>\n<\/div>\n<\/div><\/div><\/div><\/div><div id=\"pgc-51860-5-1\"  class=\"panel-grid-cell\" ><div id=\"panel-51860-5-1-0\" class=\"so-panel widget_sow-editor panel-first-child panel-last-child\" data-index=\"8\" ><div style=\"text-align: left;\" data-title-color=\"#47425d\" data-headings-color=\"#443f3f\" data-title_alignment=\"center\" class=\"panel-widget-style panel-widget-style-for-51860-5-1-0\" ><div\n\t\t\t\n\t\t\tclass=\"so-widget-sow-editor so-widget-sow-editor-base\"\n\t\t\t\n\t\t>\n<div class=\"siteorigin-widget-tinymce textwidget\">\n\t<ul>\n<li>Crocking Windex Ford \u2013 WSS-M9P9-A 900gm load<\/li>\n<li>Crocking (VW) VW 50129: 2008-02<\/li>\n<li>Elongation Whitford Test Method 133L<\/li>\n<li>Jeans Test VW 50129: 2008-02<\/li>\n<li>Noise and Vibration Harshness (NVH) Noise test GM9842P Rev.D<\/li>\n<li>Oven Aging Whitford Test Method 173K<\/li>\n<li>Toulene Double Rubs Whitford Test Method 115A<\/li>\n<li>80\u00b0C Water Immersion Whitford Test Method 153K<\/li>\n<li>Water Sealing Skoda<\/li>\n<li>VW Florida\/Kalahari Weathering PV 3930 \/ PV 3929<\/li>\n<\/ul>\n<\/div>\n<\/div><\/div><\/div><\/div><\/div><\/div><div id=\"pg-51860-6\"  class=\"panel-grid panel-has-style\" ><div class=\"siteorigin-panels-stretch panel-row-style panel-row-style-for-51860-6\" style=\"padding: 50px 0; \" data-stretch-type=\"full\" data-overlay=\"true\" data-overlay-color=\"#000000\" ><div id=\"pgc-51860-6-0\"  class=\"panel-grid-cell\" ><div id=\"panel-51860-6-0-0\" class=\"so-panel widget_siteorigin-panels-builder panel-first-child panel-last-child\" data-index=\"9\" ><div style=\"text-align: left;\" data-title-color=\"#47425d\" data-headings-color=\"#443f3f\" data-title_alignment=\"center\" class=\"panel-widget-style panel-widget-style-for-51860-6-0-0\" ><div id=\"pl-w5ec78a69a2210\"  class=\"panel-layout\" ><div id=\"pg-w5ec78a69a2210-0\"  class=\"panel-grid panel-has-style\" ><div style=\"padding: 0px 0; \" data-overlay=\"true\" data-overlay-color=\"#000000\" class=\"panel-row-style panel-row-style-for-w5ec78a69a2210-0\" ><div id=\"pgc-w5ec78a69a2210-0-0\"  class=\"panel-grid-cell\" ><div id=\"panel-w5ec78a69a2210-0-0-0\" class=\"so-panel widget_sow-editor panel-first-child panel-last-child\" data-index=\"0\" ><div style=\"text-align: left;\" data-title-color=\"#47425d\" data-headings-color=\"#443f3f\" data-title_alignment=\"center\" class=\"panel-widget-style panel-widget-style-for-w5ec78a69a2210-0-0-0\" ><div\n\t\t\t\n\t\t\tclass=\"so-widget-sow-editor so-widget-sow-editor-base\"\n\t\t\t\n\t\t>\n<div class=\"siteorigin-widget-tinymce textwidget\">\n\t<h2 class=\"BLAU-FOSC\" style=\"text-align: center;\">Refer\u00e8ncies Resilon\u00ae<\/h2>\n<p style=\"text-align: center; padding-top: 40px;\"><b>2020<\/b><br \/>\n<b>2420<\/b><\/p>\n<\/div>\n<\/div><\/div><\/div><\/div><\/div><\/div><\/div><\/div><\/div><\/div><\/div><\/div><\/div>","protected":false},"excerpt":{"rendered":"<p>Recobriment Resilon \u00ae El recobriment Resilon\u00ae \u00e9s una l\u00ednia de recobriments d&#8217;un sol component a base aigua per a \u00fas en substrats [&hellip;]<\/p>\n","protected":false},"author":1,"featured_media":15879,"parent":0,"menu_order":0,"comment_status":"closed","ping_status":"closed","template":"page-templates\/page_fullwidth.php","meta":{"footnotes":""},"class_list":["post-51860","page","type-page","status-publish","has-post-thumbnail","hentry"],"yoast_head":"<!-- This site is optimized with the Yoast SEO plugin v27.6 - https:\/\/yoast.com\/product\/yoast-seo-wordpress\/ -->\n<title>Recobriment Resilon - Coatresa<\/title>\n<meta name=\"description\" content=\"Recobriment Resilon Whitford: recobriments base aigua per a \u00fas a la ind\u00fastria de l&#039;autom\u00f2bil. Tecnologia PU \/ Si-h\u00edbrida. Redueix la fricci\u00f3 i el soroll.\" \/>\n<meta name=\"robots\" content=\"index, follow, max-snippet:-1, max-image-preview:large, max-video-preview:-1\" \/>\n<link rel=\"canonical\" href=\"https:\/\/www.coatresa.com\/ca\/recobriment-whitford-resilon\/\" \/>\n<meta property=\"og:locale\" content=\"ca_ES\" \/>\n<meta property=\"og:type\" content=\"article\" \/>\n<meta property=\"og:title\" content=\"Recobriment Resilon - Coatresa\" \/>\n<meta property=\"og:description\" content=\"Recobriment Resilon Whitford: recobriments base aigua per a \u00fas a la ind\u00fastria de l&#039;autom\u00f2bil. Tecnologia PU \/ Si-h\u00edbrida. Redueix la fricci\u00f3 i el soroll.\" \/>\n<meta property=\"og:url\" content=\"https:\/\/www.coatresa.com\/ca\/recobriment-whitford-resilon\/\" \/>\n<meta property=\"og:site_name\" content=\"Coatresa\" \/>\n<meta property=\"article:publisher\" content=\"https:\/\/www.facebook.com\/Coatresa\/\" \/>\n<meta property=\"article:modified_time\" content=\"2023-06-09T11:58:05+00:00\" \/>\n<meta property=\"og:image\" content=\"https:\/\/www.coatresa.com\/wp-content\/uploads\/2019\/10\/recubrimientos-resilon-whitford.png\" \/>\n\t<meta property=\"og:image:width\" content=\"197\" \/>\n\t<meta property=\"og:image:height\" content=\"197\" \/>\n\t<meta property=\"og:image:type\" content=\"image\/png\" \/>\n<meta name=\"twitter:card\" content=\"summary_large_image\" \/>\n<meta name=\"twitter:site\" content=\"@Coatresa\" \/>\n<meta name=\"twitter:label1\" content=\"Est. reading time\" \/>\n\t<meta name=\"twitter:data1\" content=\"2 minutes\" \/>\n<script type=\"application\/ld+json\" class=\"yoast-schema-graph\">{\"@context\":\"https:\\\/\\\/schema.org\",\"@graph\":[{\"@type\":\"WebPage\",\"@id\":\"https:\\\/\\\/www.coatresa.com\\\/ca\\\/recobriment-whitford-resilon\\\/\",\"url\":\"https:\\\/\\\/www.coatresa.com\\\/ca\\\/recobriment-whitford-resilon\\\/\",\"name\":\"Recobriment Resilon - Coatresa\",\"isPartOf\":{\"@id\":\"https:\\\/\\\/www.coatresa.com\\\/ca\\\/#website\"},\"primaryImageOfPage\":{\"@id\":\"https:\\\/\\\/www.coatresa.com\\\/ca\\\/recobriment-whitford-resilon\\\/#primaryimage\"},\"image\":{\"@id\":\"https:\\\/\\\/www.coatresa.com\\\/ca\\\/recobriment-whitford-resilon\\\/#primaryimage\"},\"thumbnailUrl\":\"https:\\\/\\\/www.coatresa.com\\\/wp-content\\\/uploads\\\/2019\\\/10\\\/recubrimientos-resilon-whitford.png\",\"datePublished\":\"2019-10-03T08:42:11+00:00\",\"dateModified\":\"2023-06-09T11:58:05+00:00\",\"description\":\"Recobriment Resilon Whitford: recobriments base aigua per a \u00fas a la ind\u00fastria de l'autom\u00f2bil. Tecnologia PU \\\/ Si-h\u00edbrida. Redueix la fricci\u00f3 i el soroll.\",\"breadcrumb\":{\"@id\":\"https:\\\/\\\/www.coatresa.com\\\/ca\\\/recobriment-whitford-resilon\\\/#breadcrumb\"},\"inLanguage\":\"ca-ES\",\"potentialAction\":[{\"@type\":\"ReadAction\",\"target\":[\"https:\\\/\\\/www.coatresa.com\\\/ca\\\/recobriment-whitford-resilon\\\/\"]}]},{\"@type\":\"ImageObject\",\"inLanguage\":\"ca-ES\",\"@id\":\"https:\\\/\\\/www.coatresa.com\\\/ca\\\/recobriment-whitford-resilon\\\/#primaryimage\",\"url\":\"https:\\\/\\\/www.coatresa.com\\\/wp-content\\\/uploads\\\/2019\\\/10\\\/recubrimientos-resilon-whitford.png\",\"contentUrl\":\"https:\\\/\\\/www.coatresa.com\\\/wp-content\\\/uploads\\\/2019\\\/10\\\/recubrimientos-resilon-whitford.png\",\"width\":197,\"height\":197,\"caption\":\"recobriment Resilon Whitford\"},{\"@type\":\"BreadcrumbList\",\"@id\":\"https:\\\/\\\/www.coatresa.com\\\/ca\\\/recobriment-whitford-resilon\\\/#breadcrumb\",\"itemListElement\":[{\"@type\":\"ListItem\",\"position\":1,\"name\":\"Portada\",\"item\":\"https:\\\/\\\/www.coatresa.com\\\/ca\\\/\"},{\"@type\":\"ListItem\",\"position\":2,\"name\":\"Recobriment Resilon\"}]},{\"@type\":\"WebSite\",\"@id\":\"https:\\\/\\\/www.coatresa.com\\\/ca\\\/#website\",\"url\":\"https:\\\/\\\/www.coatresa.com\\\/ca\\\/\",\"name\":\"Coatresa\",\"description\":\"Aplicaci\u00f3n de recubrimientos antiadherentes y anticorrosivos como el Teflon. Expertos del Powder Coating\",\"publisher\":{\"@id\":\"https:\\\/\\\/www.coatresa.com\\\/ca\\\/#organization\"},\"potentialAction\":[{\"@type\":\"SearchAction\",\"target\":{\"@type\":\"EntryPoint\",\"urlTemplate\":\"https:\\\/\\\/www.coatresa.com\\\/ca\\\/?s={search_term_string}\"},\"query-input\":{\"@type\":\"PropertyValueSpecification\",\"valueRequired\":true,\"valueName\":\"search_term_string\"}}],\"inLanguage\":\"ca-ES\"},{\"@type\":\"Organization\",\"@id\":\"https:\\\/\\\/www.coatresa.com\\\/ca\\\/#organization\",\"name\":\"Coatresa\",\"url\":\"https:\\\/\\\/www.coatresa.com\\\/ca\\\/\",\"logo\":{\"@type\":\"ImageObject\",\"inLanguage\":\"ca-ES\",\"@id\":\"https:\\\/\\\/www.coatresa.com\\\/ca\\\/#\\\/schema\\\/logo\\\/image\\\/\",\"url\":\"https:\\\/\\\/www.coatresa.com\\\/wp-content\\\/uploads\\\/2022\\\/07\\\/A_blava_mitja_transp.png\",\"contentUrl\":\"https:\\\/\\\/www.coatresa.com\\\/wp-content\\\/uploads\\\/2022\\\/07\\\/A_blava_mitja_transp.png\",\"width\":340,\"height\":326,\"caption\":\"Coatresa\"},\"image\":{\"@id\":\"https:\\\/\\\/www.coatresa.com\\\/ca\\\/#\\\/schema\\\/logo\\\/image\\\/\"},\"sameAs\":[\"https:\\\/\\\/www.facebook.com\\\/Coatresa\\\/\",\"https:\\\/\\\/x.com\\\/Coatresa\",\"https:\\\/\\\/www.linkedin.com\\\/company\\\/coatresa\\\/\",\"https:\\\/\\\/www.youtube.com\\\/user\\\/CoatresaCoatings\"]}]}<\/script>\n<!-- \/ Yoast SEO plugin. -->","yoast_head_json":{"title":"Recobriment Resilon - Coatresa","description":"Recobriment Resilon Whitford: recobriments base aigua per a \u00fas a la ind\u00fastria de l'autom\u00f2bil. Tecnologia PU \/ Si-h\u00edbrida. Redueix la fricci\u00f3 i el soroll.","robots":{"index":"index","follow":"follow","max-snippet":"max-snippet:-1","max-image-preview":"max-image-preview:large","max-video-preview":"max-video-preview:-1"},"canonical":"https:\/\/www.coatresa.com\/ca\/recobriment-whitford-resilon\/","og_locale":"ca_ES","og_type":"article","og_title":"Recobriment Resilon - Coatresa","og_description":"Recobriment Resilon Whitford: recobriments base aigua per a \u00fas a la ind\u00fastria de l'autom\u00f2bil. Tecnologia PU \/ Si-h\u00edbrida. Redueix la fricci\u00f3 i el soroll.","og_url":"https:\/\/www.coatresa.com\/ca\/recobriment-whitford-resilon\/","og_site_name":"Coatresa","article_publisher":"https:\/\/www.facebook.com\/Coatresa\/","article_modified_time":"2023-06-09T11:58:05+00:00","og_image":[{"width":197,"height":197,"url":"https:\/\/www.coatresa.com\/wp-content\/uploads\/2019\/10\/recubrimientos-resilon-whitford.png","type":"image\/png"}],"twitter_card":"summary_large_image","twitter_site":"@Coatresa","twitter_misc":{"Est. reading time":"2 minutes"},"schema":{"@context":"https:\/\/schema.org","@graph":[{"@type":"WebPage","@id":"https:\/\/www.coatresa.com\/ca\/recobriment-whitford-resilon\/","url":"https:\/\/www.coatresa.com\/ca\/recobriment-whitford-resilon\/","name":"Recobriment Resilon - Coatresa","isPartOf":{"@id":"https:\/\/www.coatresa.com\/ca\/#website"},"primaryImageOfPage":{"@id":"https:\/\/www.coatresa.com\/ca\/recobriment-whitford-resilon\/#primaryimage"},"image":{"@id":"https:\/\/www.coatresa.com\/ca\/recobriment-whitford-resilon\/#primaryimage"},"thumbnailUrl":"https:\/\/www.coatresa.com\/wp-content\/uploads\/2019\/10\/recubrimientos-resilon-whitford.png","datePublished":"2019-10-03T08:42:11+00:00","dateModified":"2023-06-09T11:58:05+00:00","description":"Recobriment Resilon Whitford: recobriments base aigua per a \u00fas a la ind\u00fastria de l'autom\u00f2bil. Tecnologia PU \/ Si-h\u00edbrida. Redueix la fricci\u00f3 i el soroll.","breadcrumb":{"@id":"https:\/\/www.coatresa.com\/ca\/recobriment-whitford-resilon\/#breadcrumb"},"inLanguage":"ca-ES","potentialAction":[{"@type":"ReadAction","target":["https:\/\/www.coatresa.com\/ca\/recobriment-whitford-resilon\/"]}]},{"@type":"ImageObject","inLanguage":"ca-ES","@id":"https:\/\/www.coatresa.com\/ca\/recobriment-whitford-resilon\/#primaryimage","url":"https:\/\/www.coatresa.com\/wp-content\/uploads\/2019\/10\/recubrimientos-resilon-whitford.png","contentUrl":"https:\/\/www.coatresa.com\/wp-content\/uploads\/2019\/10\/recubrimientos-resilon-whitford.png","width":197,"height":197,"caption":"recobriment Resilon Whitford"},{"@type":"BreadcrumbList","@id":"https:\/\/www.coatresa.com\/ca\/recobriment-whitford-resilon\/#breadcrumb","itemListElement":[{"@type":"ListItem","position":1,"name":"Portada","item":"https:\/\/www.coatresa.com\/ca\/"},{"@type":"ListItem","position":2,"name":"Recobriment Resilon"}]},{"@type":"WebSite","@id":"https:\/\/www.coatresa.com\/ca\/#website","url":"https:\/\/www.coatresa.com\/ca\/","name":"Coatresa","description":"Aplicaci\u00f3n de recubrimientos antiadherentes y anticorrosivos como el Teflon. Expertos del Powder Coating","publisher":{"@id":"https:\/\/www.coatresa.com\/ca\/#organization"},"potentialAction":[{"@type":"SearchAction","target":{"@type":"EntryPoint","urlTemplate":"https:\/\/www.coatresa.com\/ca\/?s={search_term_string}"},"query-input":{"@type":"PropertyValueSpecification","valueRequired":true,"valueName":"search_term_string"}}],"inLanguage":"ca-ES"},{"@type":"Organization","@id":"https:\/\/www.coatresa.com\/ca\/#organization","name":"Coatresa","url":"https:\/\/www.coatresa.com\/ca\/","logo":{"@type":"ImageObject","inLanguage":"ca-ES","@id":"https:\/\/www.coatresa.com\/ca\/#\/schema\/logo\/image\/","url":"https:\/\/www.coatresa.com\/wp-content\/uploads\/2022\/07\/A_blava_mitja_transp.png","contentUrl":"https:\/\/www.coatresa.com\/wp-content\/uploads\/2022\/07\/A_blava_mitja_transp.png","width":340,"height":326,"caption":"Coatresa"},"image":{"@id":"https:\/\/www.coatresa.com\/ca\/#\/schema\/logo\/image\/"},"sameAs":["https:\/\/www.facebook.com\/Coatresa\/","https:\/\/x.com\/Coatresa","https:\/\/www.linkedin.com\/company\/coatresa\/","https:\/\/www.youtube.com\/user\/CoatresaCoatings"]}]}},"_links":{"self":[{"href":"https:\/\/www.coatresa.com\/ca\/wp-json\/wp\/v2\/pages\/51860","targetHints":{"allow":["GET"]}}],"collection":[{"href":"https:\/\/www.coatresa.com\/ca\/wp-json\/wp\/v2\/pages"}],"about":[{"href":"https:\/\/www.coatresa.com\/ca\/wp-json\/wp\/v2\/types\/page"}],"author":[{"embeddable":true,"href":"https:\/\/www.coatresa.com\/ca\/wp-json\/wp\/v2\/users\/1"}],"replies":[{"embeddable":true,"href":"https:\/\/www.coatresa.com\/ca\/wp-json\/wp\/v2\/comments?post=51860"}],"version-history":[{"count":0,"href":"https:\/\/www.coatresa.com\/ca\/wp-json\/wp\/v2\/pages\/51860\/revisions"}],"wp:featuredmedia":[{"embeddable":true,"href":"https:\/\/www.coatresa.com\/ca\/wp-json\/wp\/v2\/media\/15879"}],"wp:attachment":[{"href":"https:\/\/www.coatresa.com\/ca\/wp-json\/wp\/v2\/media?parent=51860"}],"curies":[{"name":"wp","href":"https:\/\/api.w.org\/{rel}","templated":true}]}}