{"id":55897,"date":"2021-02-08T11:02:27","date_gmt":"2021-02-08T10:02:27","guid":{"rendered":"https:\/\/www.coatresa.com\/interpon-redox\/"},"modified":"2021-02-08T12:46:31","modified_gmt":"2021-02-08T11:46:31","slug":"interpon-redox","status":"publish","type":"page","link":"https:\/\/www.coatresa.com\/ca\/interpon-redox\/","title":{"rendered":"Interpon Redox\u00ae"},"content":{"rendered":"<div id=\"pl-55897\"  class=\"panel-layout\" ><div id=\"pg-55897-0\"  class=\"panel-grid panel-has-style\" ><div style=\"padding: 0px 0; \" data-overlay=\"true\" data-overlay-color=\"#000000\" class=\"panel-row-style panel-row-style-for-55897-0\" ><div id=\"pgc-55897-0-0\"  class=\"panel-grid-cell\" ><div id=\"panel-55897-0-0-0\" class=\"so-panel widget_sow-image panel-first-child panel-last-child\" data-index=\"0\" ><div style=\"text-align: left;\" data-title-color=\"#47425d\" data-headings-color=\"#443f3f\" data-title_alignment=\"center\" class=\"panel-widget-style panel-widget-style-for-55897-0-0-0\" ><div\n\t\t\t\n\t\t\tclass=\"so-widget-sow-image so-widget-sow-image-default-c67d20f9f743-55897\"\n\t\t\t\n\t\t>\n<div class=\"sow-image-container\">\n\t\t<img \n\tsrc=\"https:\/\/www.coatresa.com\/wp-content\/uploads\/2021\/02\/Interpon.jpg\" width=\"2000\" height=\"706\" srcset=\"https:\/\/www.coatresa.com\/wp-content\/uploads\/2021\/02\/Interpon.jpg 2000w, https:\/\/www.coatresa.com\/wp-content\/uploads\/2021\/02\/Interpon-300x106.jpg 300w, https:\/\/www.coatresa.com\/wp-content\/uploads\/2021\/02\/Interpon-1024x361.jpg 1024w, https:\/\/www.coatresa.com\/wp-content\/uploads\/2021\/02\/Interpon-768x271.jpg 768w, https:\/\/www.coatresa.com\/wp-content\/uploads\/2021\/02\/Interpon-1536x542.jpg 1536w, https:\/\/www.coatresa.com\/wp-content\/uploads\/2021\/02\/Interpon-830x293.jpg 830w, https:\/\/www.coatresa.com\/wp-content\/uploads\/2021\/02\/Interpon-230x81.jpg 230w, https:\/\/www.coatresa.com\/wp-content\/uploads\/2021\/02\/Interpon-350x124.jpg 350w, https:\/\/www.coatresa.com\/wp-content\/uploads\/2021\/02\/Interpon-480x169.jpg 480w\" sizes=\"(max-width: 2000px) 100vw, 2000px\" title=\"Interpon Redox\" alt=\"interpon-redox\" \t\tclass=\"so-widget-image\"\/>\n\t<\/div>\n\n<\/div><\/div><\/div><\/div><div id=\"pgc-55897-0-1\"  class=\"panel-grid-cell\" ><div id=\"panel-55897-0-1-0\" class=\"so-panel widget_sow-editor panel-first-child panel-last-child\" data-index=\"1\" ><div style=\"text-align: left;\" data-title-color=\"#47425d\" data-headings-color=\"#000000\" data-title_alignment=\"center\" class=\"panel-widget-style panel-widget-style-for-55897-0-1-0\" ><div\n\t\t\t\n\t\t\tclass=\"so-widget-sow-editor so-widget-sow-editor-base\"\n\t\t\t\n\t\t>\n<div class=\"siteorigin-widget-tinymce textwidget\">\n\t<h1>Interpon Redox \u00ae<\/h1>\n<hr align=\"left\" \/>\n<p style=\"text-align: justify;\">Els recobriments <strong>Interpon Redox\u00ae<\/strong> s\u00f3n sistemes en pols multi-capa amb excel\u00b7lents qualitats per a la<strong> protecci\u00f3 contra la corrosi\u00f3<\/strong>. A m\u00e9s, s\u00f3n recobriments amb una empremta mediambiental molt baixa en comparaci\u00f3 amb pintures l\u00edquides.<\/p>\n<p style=\"text-align: justify;\">Aquests recobriments tenen molts avantatges, entre ells el <strong>baix risc d\u2019incendi<\/strong>, la <strong>f\u00e0cil eliminaci\u00f3 de residus<\/strong> o la <strong>millora en la productivitat<\/strong>. D\u2019aquesta manera, els Interpon Redox\u00ae s\u00f3n curosos amb el medi ambient, ja que no utilitzen compostos org\u00e0nics vol\u00e0tils (VOC) i a m\u00e9s, ofereixen reducci\u00f3 en costos i alta durabilitat.<\/p>\n<p style=\"text-align: justify;\">A Coatresa apliquem dos tipus d\u2019aquest recobriment en pols: <strong>Interpon Redox PZ\u00ae<\/strong> i <strong>Interpon Redox Triplex\u00ae<\/strong>.<\/p>\n<\/div>\n<\/div><\/div><\/div><\/div><\/div><\/div><div id=\"pg-55897-1\"  class=\"panel-grid panel-has-style\" ><div class=\"FRANJA-BLAVA-TITOL siteorigin-panels-stretch panel-row-style panel-row-style-for-55897-1\" style=\"padding: 0px 0; \" data-stretch-type=\"full\" data-overlay=\"true\" data-overlay-color=\"#000000\" ><div id=\"pgc-55897-1-0\"  class=\"panel-grid-cell\" ><div id=\"panel-55897-1-0-0\" class=\"so-panel widget_sow-editor panel-first-child panel-last-child\" data-index=\"2\" ><div class=\"blanc panel-widget-style panel-widget-style-for-55897-1-0-0\" style=\"text-align: left;\" data-title-color=\"#47425d\" data-headings-color=\"#443f3f\" data-title_alignment=\"center\" ><div\n\t\t\t\n\t\t\tclass=\"so-widget-sow-editor so-widget-sow-editor-base\"\n\t\t\t\n\t\t>\n<div class=\"siteorigin-widget-tinymce textwidget\">\n\t<h2 style=\"text-align: center;\">Interpon Redox PZ\u00ae<\/h2>\n<\/div>\n<\/div><\/div><\/div><\/div><\/div><\/div><div id=\"pg-55897-2\"  class=\"panel-grid panel-has-style\" ><div class=\"BGC-GRIS siteorigin-panels-stretch panel-row-style panel-row-style-for-55897-2\" style=\"padding: 50px 0; \" data-stretch-type=\"full\" data-overlay=\"true\" data-overlay-color=\"#000000\" ><div id=\"pgc-55897-2-0\"  class=\"panel-grid-cell\" ><div id=\"panel-55897-2-0-0\" class=\"so-panel widget_sow-editor panel-first-child panel-last-child\" data-index=\"3\" ><div style=\"text-align: left;\" data-title-color=\"#47425d\" data-headings-color=\"#443f3f\" data-title_alignment=\"center\" class=\"panel-widget-style panel-widget-style-for-55897-2-0-0\" ><div\n\t\t\t\n\t\t\tclass=\"so-widget-sow-editor so-widget-sow-editor-base\"\n\t\t\t\n\t\t>\n<div class=\"siteorigin-widget-tinymce textwidget\">\n\t<p style=\"text-align: center;\"><strong>Interpon Redox PZ\u00ae<\/strong> \u00e9s un imprimador d\u2019efecte barrera usat principalment sobre <strong>acer galvanitzat<\/strong> i en <strong>entorns adversos<\/strong>. Segons l\u2019aprovaci\u00f3 Qualisteelcoat, es tracta d\u2019un sistema bicapa amb una <strong>durabilitat en ambients de fins a C5-L<\/strong>. Els principals avantatges s\u00f3n la protecci\u00f3 cat\u00f2dica de llarga duraci\u00f3 i l\u2019alta prevenci\u00f3 contra la corrosi\u00f3. A m\u00e9s, ofereix un acabat m\u00e9s est\u00e8tic que altres sistemes de zinc met\u00e0l\u00b7lics.<\/p>\n<\/div>\n<\/div><\/div><\/div><\/div><\/div><\/div><div id=\"pg-55897-3\"  class=\"panel-grid panel-has-style\" ><div class=\"FRANJA-BLAVA-TITOL siteorigin-panels-stretch panel-row-style panel-row-style-for-55897-3\" style=\"padding: 0px 0; \" data-stretch-type=\"full\" data-overlay=\"true\" data-overlay-color=\"#000000\" ><div id=\"pgc-55897-3-0\"  class=\"panel-grid-cell\" ><div id=\"panel-55897-3-0-0\" class=\"so-panel widget_sow-editor panel-first-child panel-last-child\" data-index=\"4\" ><div class=\"blanc panel-widget-style panel-widget-style-for-55897-3-0-0\" style=\"text-align: left;\" data-title-color=\"#47425d\" data-headings-color=\"#443f3f\" data-title_alignment=\"center\" ><div\n\t\t\t\n\t\t\tclass=\"so-widget-sow-editor so-widget-sow-editor-base\"\n\t\t\t\n\t\t>\n<div class=\"siteorigin-widget-tinymce textwidget\">\n\t<h2 style=\"text-align: center;\">Interpon Redox Triplex\u00ae<\/h2>\n<\/div>\n<\/div><\/div><\/div><\/div><\/div><\/div><div id=\"pg-55897-4\"  class=\"panel-grid panel-has-style\" ><div class=\"BGC-GRIS siteorigin-panels-stretch panel-row-style panel-row-style-for-55897-4\" style=\"padding: 50px 0; \" data-stretch-type=\"full\" data-overlay=\"true\" data-overlay-color=\"#000000\" ><div id=\"pgc-55897-4-0\"  class=\"panel-grid-cell\" ><div id=\"panel-55897-4-0-0\" class=\"so-panel widget_sow-editor panel-first-child panel-last-child\" data-index=\"5\" ><div style=\"text-align: left;\" data-title-color=\"#47425d\" data-headings-color=\"#443f3f\" data-title_alignment=\"center\" class=\"panel-widget-style panel-widget-style-for-55897-4-0-0\" ><div\n\t\t\t\n\t\t\tclass=\"so-widget-sow-editor so-widget-sow-editor-base\"\n\t\t\t\n\t\t>\n<div class=\"siteorigin-widget-tinymce textwidget\">\n\t<p style=\"text-align: center;\"><strong>Interpon Redox Triplex\u00ae<\/strong> \u00e9s un sistema de tres capes que ofereix beneficis tant de <strong>protecci\u00f3 cat\u00f2dica<\/strong> com de <strong>barrera d\u2019una forma refor\u00e7ada<\/strong>. Combina el recobriment Interpon Redox PZ amb l\u2019Interpon Redox Plus per acabar amb la capa m\u00e9s indicada per a la seva empresa. Funciona molt b\u00e9 en <strong>ambients d\u2019alta humitat i salinitat<\/strong>, a m\u00e9s d\u2019estar lliure de compostos org\u00e0nics vol\u00e0tils i dissolvents.<\/p>\n<p style=\"text-align: center;\">Segons els rangs de durabilitat basats en la norma ISO 12944, Interpon Redox Triplex\u00ae t\u00e9 una <strong>durabilitat d\u2019entre 15 a 25 anys, fins C5-H<\/strong>.<\/p>\n<div id=\"gtx-trans\" style=\"position: absolute; left: 189px; top: -10px;\">\n<div class=\"gtx-trans-icon\"><\/div>\n<\/div>\n<\/div>\n<\/div><\/div><\/div><\/div><\/div><\/div><div id=\"pg-55897-5\"  class=\"panel-grid panel-has-style\" ><div class=\"siteorigin-panels-stretch panel-row-style panel-row-style-for-55897-5\" style=\"padding: 50px 0; \" data-stretch-type=\"full\" data-overlay=\"true\" data-overlay-color=\"#000000\" ><div id=\"pgc-55897-5-0\"  class=\"panel-grid-cell\" ><div id=\"panel-55897-5-0-0\" class=\"so-panel widget_sow-editor panel-first-child\" data-index=\"6\" ><div style=\"text-align: left;\" data-title-color=\"#47425d\" data-headings-color=\"#443f3f\" data-title_alignment=\"center\" class=\"panel-widget-style panel-widget-style-for-55897-5-0-0\" ><div\n\t\t\t\n\t\t\tclass=\"so-widget-sow-editor so-widget-sow-editor-base\"\n\t\t\t\n\t\t>\n<div class=\"siteorigin-widget-tinymce textwidget\">\n\t<h3 class=\"BLAU-FOSC\" style=\"text-align: center;\">Refer\u00e8ncies d'Interpon Redox\u00ae<\/h3>\n<\/div>\n<\/div><\/div><\/div><div id=\"panel-55897-5-0-1\" class=\"so-panel widget_siteorigin-panels-builder panel-last-child\" data-index=\"7\" ><div style=\"text-align: left;\" data-title-color=\"#47425d\" data-headings-color=\"#443f3f\" data-title_alignment=\"center\" class=\"panel-widget-style panel-widget-style-for-55897-5-0-1\" ><div id=\"pl-w60210c336e8ae\"  class=\"panel-layout\" ><div id=\"pg-w60210c336e8ae-0\"  class=\"panel-grid panel-has-style\" ><div style=\"padding: 40px 0; \" data-overlay=\"true\" data-overlay-color=\"#000000\" class=\"panel-row-style panel-row-style-for-w60210c336e8ae-0\" ><div id=\"pgc-w60210c336e8ae-0-0\"  class=\"panel-grid-cell\" ><div id=\"panel-w60210c336e8ae-0-0-0\" class=\"so-panel widget_sow-editor panel-first-child panel-last-child\" data-index=\"0\" ><div style=\"text-align: left;\" data-title-color=\"#47425d\" data-headings-color=\"#443f3f\" data-title_alignment=\"center\" class=\"panel-widget-style panel-widget-style-for-w60210c336e8ae-0-0-0\" ><div\n\t\t\t\n\t\t\tclass=\"so-widget-sow-editor so-widget-sow-editor-base\"\n\t\t\t\n\t\t>\n<div class=\"siteorigin-widget-tinymce textwidget\">\n\t<p style=\"text-align: center;\"><b>Interpon Redox PZ ALZ90F<\/b><br \/>\n<b>Interpon Redox Triplex<\/b><br \/>\n<b>Interpon 700<\/b><br \/>\n<b>Interpon 610<\/b><br \/>\n<b>Interpon D1036<\/b><br \/>\n<b>Interpon D2525<\/b><br \/>\n<b>Interpon EC<\/b><br \/>\n<b>AL251F<\/b><\/p>\n<\/div>\n<\/div><\/div><\/div><\/div><div id=\"pgc-w60210c336e8ae-0-1\"  class=\"panel-grid-cell\" ><div id=\"panel-w60210c336e8ae-0-1-0\" class=\"so-panel widget_sow-editor panel-first-child panel-last-child\" data-index=\"1\" ><div style=\"text-align: left;\" data-title-color=\"#47425d\" data-headings-color=\"#443f3f\" data-title_alignment=\"center\" class=\"panel-widget-style panel-widget-style-for-w60210c336e8ae-0-1-0\" ><div\n\t\t\t\n\t\t\tclass=\"so-widget-sow-editor so-widget-sow-editor-base\"\n\t\t\t\n\t\t>\n<div class=\"siteorigin-widget-tinymce textwidget\">\n\t<p style=\"text-align: center;\"><b>Interzinc 22<\/b><br \/>\n<b>Interzinc 52<\/b><br \/>\n<b>Interzinc 72<\/b><br \/>\n<b>Interzinc 315<\/b><br \/>\n<b>Interzinc 2280<\/b><br \/>\n<b>Interthane 870<\/b><br \/>\n<b>Interthane 990<\/b><br \/>\n<b>Interthane 1070<\/b><\/p>\n<\/div>\n<\/div><\/div><\/div><\/div><\/div><\/div><\/div><\/div><\/div><\/div><\/div><\/div><\/div>","protected":false},"excerpt":{"rendered":"<p>Interpon Redox \u00ae Els recobriments Interpon Redox\u00ae s\u00f3n sistemes en pols multi-capa amb excel\u00b7lents qualitats per a la protecci\u00f3 contra la corrosi\u00f3. [&hellip;]<\/p>\n","protected":false},"author":7,"featured_media":0,"parent":0,"menu_order":0,"comment_status":"closed","ping_status":"closed","template":"page-templates\/page_fullwidth.php","meta":{"footnotes":""},"class_list":["post-55897","page","type-page","status-publish","hentry"],"yoast_head":"<!-- This site is optimized with the Yoast SEO plugin v27.6 - https:\/\/yoast.com\/product\/yoast-seo-wordpress\/ -->\n<title>Interpon Redox\u00ae - Coatresa<\/title>\n<meta name=\"description\" content=\"Recobriment Interpon Redox de AkzoNobel: sistemes en pols multi-cpaes amb excel\u00b7lents qualitats per la protecci\u00f3 contra la corrosi\u00f3.\" \/>\n<meta name=\"robots\" content=\"index, follow, max-snippet:-1, max-image-preview:large, max-video-preview:-1\" \/>\n<link rel=\"canonical\" href=\"https:\/\/www.coatresa.com\/ca\/interpon-redox\/\" \/>\n<meta property=\"og:locale\" content=\"ca_ES\" \/>\n<meta property=\"og:type\" content=\"article\" \/>\n<meta property=\"og:title\" content=\"Interpon Redox\u00ae - Coatresa\" \/>\n<meta property=\"og:description\" content=\"Recobriment Interpon Redox de AkzoNobel: sistemes en pols multi-cpaes amb excel\u00b7lents qualitats per la protecci\u00f3 contra la corrosi\u00f3.\" \/>\n<meta property=\"og:url\" content=\"https:\/\/www.coatresa.com\/ca\/interpon-redox\/\" \/>\n<meta property=\"og:site_name\" content=\"Coatresa\" \/>\n<meta property=\"article:publisher\" content=\"https:\/\/www.facebook.com\/Coatresa\/\" \/>\n<meta property=\"article:modified_time\" content=\"2021-02-08T11:46:31+00:00\" \/>\n<meta name=\"twitter:card\" content=\"summary_large_image\" \/>\n<meta name=\"twitter:site\" content=\"@Coatresa\" \/>\n<meta name=\"twitter:label1\" content=\"Est. reading time\" \/>\n\t<meta name=\"twitter:data1\" content=\"2 minutes\" \/>\n<script type=\"application\/ld+json\" class=\"yoast-schema-graph\">{\"@context\":\"https:\\\/\\\/schema.org\",\"@graph\":[{\"@type\":\"WebPage\",\"@id\":\"https:\\\/\\\/www.coatresa.com\\\/ca\\\/interpon-redox\\\/\",\"url\":\"https:\\\/\\\/www.coatresa.com\\\/ca\\\/interpon-redox\\\/\",\"name\":\"Interpon Redox\u00ae - Coatresa\",\"isPartOf\":{\"@id\":\"https:\\\/\\\/www.coatresa.com\\\/ca\\\/#website\"},\"datePublished\":\"2021-02-08T10:02:27+00:00\",\"dateModified\":\"2021-02-08T11:46:31+00:00\",\"description\":\"Recobriment Interpon Redox de AkzoNobel: sistemes en pols multi-cpaes amb excel\u00b7lents qualitats per la protecci\u00f3 contra la corrosi\u00f3.\",\"breadcrumb\":{\"@id\":\"https:\\\/\\\/www.coatresa.com\\\/ca\\\/interpon-redox\\\/#breadcrumb\"},\"inLanguage\":\"ca-ES\",\"potentialAction\":[{\"@type\":\"ReadAction\",\"target\":[\"https:\\\/\\\/www.coatresa.com\\\/ca\\\/interpon-redox\\\/\"]}]},{\"@type\":\"BreadcrumbList\",\"@id\":\"https:\\\/\\\/www.coatresa.com\\\/ca\\\/interpon-redox\\\/#breadcrumb\",\"itemListElement\":[{\"@type\":\"ListItem\",\"position\":1,\"name\":\"Portada\",\"item\":\"https:\\\/\\\/www.coatresa.com\\\/ca\\\/\"},{\"@type\":\"ListItem\",\"position\":2,\"name\":\"Interpon Redox\u00ae\"}]},{\"@type\":\"WebSite\",\"@id\":\"https:\\\/\\\/www.coatresa.com\\\/ca\\\/#website\",\"url\":\"https:\\\/\\\/www.coatresa.com\\\/ca\\\/\",\"name\":\"Coatresa\",\"description\":\"Aplicaci\u00f3n de recubrimientos antiadherentes y anticorrosivos como el Teflon. Expertos del Powder Coating\",\"publisher\":{\"@id\":\"https:\\\/\\\/www.coatresa.com\\\/ca\\\/#organization\"},\"potentialAction\":[{\"@type\":\"SearchAction\",\"target\":{\"@type\":\"EntryPoint\",\"urlTemplate\":\"https:\\\/\\\/www.coatresa.com\\\/ca\\\/?s={search_term_string}\"},\"query-input\":{\"@type\":\"PropertyValueSpecification\",\"valueRequired\":true,\"valueName\":\"search_term_string\"}}],\"inLanguage\":\"ca-ES\"},{\"@type\":\"Organization\",\"@id\":\"https:\\\/\\\/www.coatresa.com\\\/ca\\\/#organization\",\"name\":\"Coatresa\",\"url\":\"https:\\\/\\\/www.coatresa.com\\\/ca\\\/\",\"logo\":{\"@type\":\"ImageObject\",\"inLanguage\":\"ca-ES\",\"@id\":\"https:\\\/\\\/www.coatresa.com\\\/ca\\\/#\\\/schema\\\/logo\\\/image\\\/\",\"url\":\"https:\\\/\\\/www.coatresa.com\\\/wp-content\\\/uploads\\\/2022\\\/07\\\/A_blava_mitja_transp.png\",\"contentUrl\":\"https:\\\/\\\/www.coatresa.com\\\/wp-content\\\/uploads\\\/2022\\\/07\\\/A_blava_mitja_transp.png\",\"width\":340,\"height\":326,\"caption\":\"Coatresa\"},\"image\":{\"@id\":\"https:\\\/\\\/www.coatresa.com\\\/ca\\\/#\\\/schema\\\/logo\\\/image\\\/\"},\"sameAs\":[\"https:\\\/\\\/www.facebook.com\\\/Coatresa\\\/\",\"https:\\\/\\\/x.com\\\/Coatresa\",\"https:\\\/\\\/www.linkedin.com\\\/company\\\/coatresa\\\/\",\"https:\\\/\\\/www.youtube.com\\\/user\\\/CoatresaCoatings\"]}]}<\/script>\n<!-- \/ Yoast SEO plugin. -->","yoast_head_json":{"title":"Interpon Redox\u00ae - Coatresa","description":"Recobriment Interpon Redox de AkzoNobel: sistemes en pols multi-cpaes amb excel\u00b7lents qualitats per la protecci\u00f3 contra la corrosi\u00f3.","robots":{"index":"index","follow":"follow","max-snippet":"max-snippet:-1","max-image-preview":"max-image-preview:large","max-video-preview":"max-video-preview:-1"},"canonical":"https:\/\/www.coatresa.com\/ca\/interpon-redox\/","og_locale":"ca_ES","og_type":"article","og_title":"Interpon Redox\u00ae - Coatresa","og_description":"Recobriment Interpon Redox de AkzoNobel: sistemes en pols multi-cpaes amb excel\u00b7lents qualitats per la protecci\u00f3 contra la corrosi\u00f3.","og_url":"https:\/\/www.coatresa.com\/ca\/interpon-redox\/","og_site_name":"Coatresa","article_publisher":"https:\/\/www.facebook.com\/Coatresa\/","article_modified_time":"2021-02-08T11:46:31+00:00","twitter_card":"summary_large_image","twitter_site":"@Coatresa","twitter_misc":{"Est. reading time":"2 minutes"},"schema":{"@context":"https:\/\/schema.org","@graph":[{"@type":"WebPage","@id":"https:\/\/www.coatresa.com\/ca\/interpon-redox\/","url":"https:\/\/www.coatresa.com\/ca\/interpon-redox\/","name":"Interpon Redox\u00ae - Coatresa","isPartOf":{"@id":"https:\/\/www.coatresa.com\/ca\/#website"},"datePublished":"2021-02-08T10:02:27+00:00","dateModified":"2021-02-08T11:46:31+00:00","description":"Recobriment Interpon Redox de AkzoNobel: sistemes en pols multi-cpaes amb excel\u00b7lents qualitats per la protecci\u00f3 contra la corrosi\u00f3.","breadcrumb":{"@id":"https:\/\/www.coatresa.com\/ca\/interpon-redox\/#breadcrumb"},"inLanguage":"ca-ES","potentialAction":[{"@type":"ReadAction","target":["https:\/\/www.coatresa.com\/ca\/interpon-redox\/"]}]},{"@type":"BreadcrumbList","@id":"https:\/\/www.coatresa.com\/ca\/interpon-redox\/#breadcrumb","itemListElement":[{"@type":"ListItem","position":1,"name":"Portada","item":"https:\/\/www.coatresa.com\/ca\/"},{"@type":"ListItem","position":2,"name":"Interpon Redox\u00ae"}]},{"@type":"WebSite","@id":"https:\/\/www.coatresa.com\/ca\/#website","url":"https:\/\/www.coatresa.com\/ca\/","name":"Coatresa","description":"Aplicaci\u00f3n de recubrimientos antiadherentes y anticorrosivos como el Teflon. Expertos del Powder Coating","publisher":{"@id":"https:\/\/www.coatresa.com\/ca\/#organization"},"potentialAction":[{"@type":"SearchAction","target":{"@type":"EntryPoint","urlTemplate":"https:\/\/www.coatresa.com\/ca\/?s={search_term_string}"},"query-input":{"@type":"PropertyValueSpecification","valueRequired":true,"valueName":"search_term_string"}}],"inLanguage":"ca-ES"},{"@type":"Organization","@id":"https:\/\/www.coatresa.com\/ca\/#organization","name":"Coatresa","url":"https:\/\/www.coatresa.com\/ca\/","logo":{"@type":"ImageObject","inLanguage":"ca-ES","@id":"https:\/\/www.coatresa.com\/ca\/#\/schema\/logo\/image\/","url":"https:\/\/www.coatresa.com\/wp-content\/uploads\/2022\/07\/A_blava_mitja_transp.png","contentUrl":"https:\/\/www.coatresa.com\/wp-content\/uploads\/2022\/07\/A_blava_mitja_transp.png","width":340,"height":326,"caption":"Coatresa"},"image":{"@id":"https:\/\/www.coatresa.com\/ca\/#\/schema\/logo\/image\/"},"sameAs":["https:\/\/www.facebook.com\/Coatresa\/","https:\/\/x.com\/Coatresa","https:\/\/www.linkedin.com\/company\/coatresa\/","https:\/\/www.youtube.com\/user\/CoatresaCoatings"]}]}},"_links":{"self":[{"href":"https:\/\/www.coatresa.com\/ca\/wp-json\/wp\/v2\/pages\/55897","targetHints":{"allow":["GET"]}}],"collection":[{"href":"https:\/\/www.coatresa.com\/ca\/wp-json\/wp\/v2\/pages"}],"about":[{"href":"https:\/\/www.coatresa.com\/ca\/wp-json\/wp\/v2\/types\/page"}],"author":[{"embeddable":true,"href":"https:\/\/www.coatresa.com\/ca\/wp-json\/wp\/v2\/users\/7"}],"replies":[{"embeddable":true,"href":"https:\/\/www.coatresa.com\/ca\/wp-json\/wp\/v2\/comments?post=55897"}],"version-history":[{"count":0,"href":"https:\/\/www.coatresa.com\/ca\/wp-json\/wp\/v2\/pages\/55897\/revisions"}],"wp:attachment":[{"href":"https:\/\/www.coatresa.com\/ca\/wp-json\/wp\/v2\/media?parent=55897"}],"curies":[{"name":"wp","href":"https:\/\/api.w.org\/{rel}","templated":true}]}}