{"id":62830,"date":"2022-06-20T13:53:13","date_gmt":"2022-06-20T11:53:13","guid":{"rendered":"https:\/\/www.coatresa.com\/?page_id=62830"},"modified":"2025-05-23T08:46:06","modified_gmt":"2025-05-23T06:46:06","slug":"recobriments-cerakote","status":"publish","type":"page","link":"https:\/\/www.coatresa.com\/ca\/recobriments-cerakote\/","title":{"rendered":""},"content":{"rendered":"<div id=\"pl-62830\"  class=\"panel-layout\" ><div id=\"pg-62830-0\"  class=\"panel-grid panel-has-style\" ><div style=\"padding: 10px 0; \" data-overlay=\"true\" data-overlay-color=\"#000000\" class=\"panel-row-style panel-row-style-for-62830-0\" ><div id=\"pgc-62830-0-0\"  class=\"panel-grid-cell\" ><div id=\"panel-62830-0-0-0\" class=\"so-panel widget_sow-image panel-first-child panel-last-child\" data-index=\"0\" ><div style=\"text-align: left;\" data-title-color=\"#47425d\" data-headings-color=\"#443f3f\" data-title_alignment=\"center\" class=\"panel-widget-style panel-widget-style-for-62830-0-0-0\" ><div\n\t\t\t\n\t\t\tclass=\"so-widget-sow-image so-widget-sow-image-default-c67d20f9f743-62830\"\n\t\t\t\n\t\t>\n<div class=\"sow-image-container\">\n\t\t<img \n\tsrc=\"https:\/\/www.coatresa.com\/wp-content\/uploads\/2024\/02\/cerakote_europe_black_gold@2x.png\" width=\"150\" height=\"76\" srcset=\"https:\/\/www.coatresa.com\/wp-content\/uploads\/2024\/02\/cerakote_europe_black_gold@2x.png 589w, https:\/\/www.coatresa.com\/wp-content\/uploads\/2024\/02\/cerakote_europe_black_gold@2x-300x152.png 300w, https:\/\/www.coatresa.com\/wp-content\/uploads\/2024\/02\/cerakote_europe_black_gold@2x-230x116.png 230w, https:\/\/www.coatresa.com\/wp-content\/uploads\/2024\/02\/cerakote_europe_black_gold@2x-350x177.png 350w, https:\/\/www.coatresa.com\/wp-content\/uploads\/2024\/02\/cerakote_europe_black_gold@2x-480x243.png 480w\" sizes=\"(max-width: 150px) 100vw, 150px\" alt=\"\" \t\tclass=\"so-widget-image\"\/>\n\t<\/div>\n\n<\/div><\/div><\/div><\/div><div id=\"pgc-62830-0-1\"  class=\"panel-grid-cell\" ><div id=\"panel-62830-0-1-0\" class=\"so-panel widget_sow-editor panel-first-child panel-last-child\" data-index=\"1\" ><div style=\"text-align: left;\" data-title-color=\"#47425d\" data-headings-color=\"#443f3f\" data-title_alignment=\"center\" class=\"panel-widget-style panel-widget-style-for-62830-0-1-0\" ><div\n\t\t\t\n\t\t\tclass=\"so-widget-sow-editor so-widget-sow-editor-base\"\n\t\t\t\n\t\t>\n<div class=\"siteorigin-widget-tinymce textwidget\">\n\t<h1 style=\"text-align: left;\">Recobriments CERAKOTE\u00ae<\/h1>\n<hr \/>\n<p style=\"text-align: justify;\">Fundada el 1987, <strong><a href=\"http:\/\/www.cerakoteeu.com\">CERAKOTE<\/a> \u00e9s l'empresa l\u00edder mundial en la fabricaci\u00f3 de recobriments cer\u00e0mics de pel\u00b7l\u00edcula fina.<\/strong> Actualment forma part de <strong>NIC Industries Inc<\/strong> juntament amb Prismatic Powders i Performance Materials i avui dia els seus recobriments s\u00f3n aplicables a sectors com el de la tecnologia i l'electr\u00f2nica, l'aeroespacial, l'automobil\u00edstic i l'esportiu.<\/p>\n<p>A Coatresa <strong>hem estat certificats per Cerakote com a aplicadors oficials dels seus recobriments cer\u00e0mics<\/strong>. Aix\u00f2 ens permet oferir un servei \u00f2ptim, donat que disposem dels coneixements necessaris per fer \u00fas de les millors t\u00e8cniques d'aplicaci\u00f3 per cadascun dels seus recobriments.<\/p>\n<p>Despr\u00e9s d'haver at\u00e8s les formacions espec\u00edfiques impartides per Cerakote, som capa\u00e7os d'entendre exhaustivament la mat\u00e8ria prima amb la que\u00a0 treballem, la qual cosa deriva en una aplicaci\u00f3 correcta i adequada per a cada producte.<\/p>\n<\/div>\n<\/div><\/div><\/div><\/div><\/div><\/div><div id=\"pg-62830-1\"  class=\"panel-grid panel-has-style\" ><div class=\"FRANJA-BLAVA-TITOL siteorigin-panels-stretch panel-row-style panel-row-style-for-62830-1\" style=\"padding: 10px 0; \" data-stretch-type=\"full\" data-overlay=\"true\" data-overlay-color=\"#000000\" ><div id=\"pgc-62830-1-0\"  class=\"panel-grid-cell\" ><div id=\"panel-62830-1-0-0\" class=\"so-panel widget_sow-editor panel-first-child panel-last-child\" data-index=\"2\" ><div class=\"FRANJA-BLAVA-TITOL panel-widget-style panel-widget-style-for-62830-1-0-0\" style=\"text-align: left;\" data-title-color=\"#47425d\" data-headings-color=\"#443f3f\" data-title_alignment=\"center\" ><div\n\t\t\t\n\t\t\tclass=\"so-widget-sow-editor so-widget-sow-editor-base\"\n\t\t\t\n\t\t>\n<div class=\"siteorigin-widget-tinymce textwidget\">\n\t<h2 style=\"text-align: center;\">Sectors als que aplica Cerakote\u00ae<\/h2>\n<\/div>\n<\/div><\/div><\/div><\/div><\/div><\/div><div id=\"pg-62830-2\"  class=\"panel-grid panel-has-style\" ><div style=\"padding: 20px 0; \" data-overlay=\"true\" data-overlay-color=\"#000000\" class=\"panel-row-style panel-row-style-for-62830-2\" ><div id=\"pgc-62830-2-0\"  class=\"panel-grid-cell\" ><div id=\"panel-62830-2-0-0\" class=\"so-panel widget_sow-editor panel-first-child panel-last-child\" data-index=\"3\" ><div style=\"text-align: left;\" data-title-color=\"#47425d\" data-headings-color=\"#443f3f\" data-title_alignment=\"center\" class=\"panel-widget-style panel-widget-style-for-62830-2-0-0\" ><div\n\t\t\t\n\t\t\tclass=\"so-widget-sow-editor so-widget-sow-editor-base\"\n\t\t\t\n\t\t>\n<div class=\"siteorigin-widget-tinymce textwidget\">\n\t<p>A causa de les seves propietats antiadherents i anticorrosives i a l'alta qualitat dels seus productes, l'aplicaci\u00f3 de Cerakote\u00ae \u00e9s apta en una gran varietat de sectors, com els seg\u00fcents:<\/p>\n<\/div>\n<\/div><\/div><\/div><\/div><\/div><\/div><div id=\"pg-62830-3\"  class=\"panel-grid panel-has-style\" ><div style=\"padding: 10px 0; \" data-overlay=\"true\" data-overlay-color=\"#000000\" class=\"panel-row-style panel-row-style-for-62830-3\" ><div id=\"pgc-62830-3-0\"  class=\"panel-grid-cell\" ><div id=\"panel-62830-3-0-0\" class=\"so-panel widget_sow-image panel-first-child panel-last-child\" data-index=\"4\" ><div style=\"text-align: left;\" data-title-color=\"#47425d\" data-headings-color=\"#443f3f\" data-title_alignment=\"center\" class=\"panel-widget-style panel-widget-style-for-62830-3-0-0\" ><div\n\t\t\t\n\t\t\tclass=\"so-widget-sow-image so-widget-sow-image-default-8b5b6f678277-62830\"\n\t\t\t\n\t\t>\n<div class=\"sow-image-container\">\n\t\t<img \n\tsrc=\"https:\/\/www.coatresa.com\/wp-content\/uploads\/2022\/11\/Aeroespacial-150x150.png\" width=\"150\" height=\"150\" srcset=\"https:\/\/www.coatresa.com\/wp-content\/uploads\/2022\/11\/Aeroespacial-150x150.png 150w, https:\/\/www.coatresa.com\/wp-content\/uploads\/2022\/11\/Aeroespacial-300x300.png 300w, https:\/\/www.coatresa.com\/wp-content\/uploads\/2022\/11\/Aeroespacial-230x230.png 230w, https:\/\/www.coatresa.com\/wp-content\/uploads\/2022\/11\/Aeroespacial-350x350.png 350w, https:\/\/www.coatresa.com\/wp-content\/uploads\/2022\/11\/Aeroespacial-480x480.png 480w, https:\/\/www.coatresa.com\/wp-content\/uploads\/2022\/11\/Aeroespacial.png 591w\" sizes=\"(max-width: 150px) 100vw, 150px\" alt=\"\" \t\tclass=\"so-widget-image\"\/>\n\t<\/div>\n\n<\/div><\/div><\/div><\/div><div id=\"pgc-62830-3-1\"  class=\"panel-grid-cell\" ><div id=\"panel-62830-3-1-0\" class=\"so-panel widget_sow-image panel-first-child panel-last-child\" data-index=\"5\" ><div style=\"text-align: left;\" data-title-color=\"#47425d\" data-headings-color=\"#443f3f\" data-title_alignment=\"center\" class=\"panel-widget-style panel-widget-style-for-62830-3-1-0\" ><div\n\t\t\t\n\t\t\tclass=\"so-widget-sow-image so-widget-sow-image-default-8b5b6f678277-62830\"\n\t\t\t\n\t\t>\n<div class=\"sow-image-container\">\n\t\t<img \n\tsrc=\"https:\/\/www.coatresa.com\/wp-content\/uploads\/2025\/05\/7-150x150.png\" width=\"150\" height=\"150\" srcset=\"https:\/\/www.coatresa.com\/wp-content\/uploads\/2025\/05\/7-150x150.png 150w, https:\/\/www.coatresa.com\/wp-content\/uploads\/2025\/05\/7-300x300.png 300w, https:\/\/www.coatresa.com\/wp-content\/uploads\/2025\/05\/7-230x230.png 230w, https:\/\/www.coatresa.com\/wp-content\/uploads\/2025\/05\/7-350x350.png 350w, https:\/\/www.coatresa.com\/wp-content\/uploads\/2025\/05\/7-480x480.png 480w, https:\/\/www.coatresa.com\/wp-content\/uploads\/2025\/05\/7.png 591w\" sizes=\"(max-width: 150px) 100vw, 150px\" title=\"Automotriu Cerakote\" alt=\"\" \t\tclass=\"so-widget-image\"\/>\n\t<\/div>\n\n<\/div><\/div><\/div><\/div><div id=\"pgc-62830-3-2\"  class=\"panel-grid-cell\" ><div id=\"panel-62830-3-2-0\" class=\"so-panel widget_sow-image panel-first-child panel-last-child\" data-index=\"6\" ><div style=\"text-align: left;\" data-title-color=\"#47425d\" data-headings-color=\"#443f3f\" data-title_alignment=\"center\" class=\"panel-widget-style panel-widget-style-for-62830-3-2-0\" ><div\n\t\t\t\n\t\t\tclass=\"so-widget-sow-image so-widget-sow-image-default-8b5b6f678277-62830\"\n\t\t\t\n\t\t>\n<div class=\"sow-image-container\">\n\t\t<img \n\tsrc=\"https:\/\/www.coatresa.com\/wp-content\/uploads\/2025\/05\/8-150x150.png\" width=\"150\" height=\"150\" srcset=\"https:\/\/www.coatresa.com\/wp-content\/uploads\/2025\/05\/8-150x150.png 150w, https:\/\/www.coatresa.com\/wp-content\/uploads\/2025\/05\/8-300x300.png 300w, https:\/\/www.coatresa.com\/wp-content\/uploads\/2025\/05\/8-230x230.png 230w, https:\/\/www.coatresa.com\/wp-content\/uploads\/2025\/05\/8-350x350.png 350w, https:\/\/www.coatresa.com\/wp-content\/uploads\/2025\/05\/8-480x480.png 480w, https:\/\/www.coatresa.com\/wp-content\/uploads\/2025\/05\/8.png 591w\" sizes=\"(max-width: 150px) 100vw, 150px\" title=\"Ciclisme Cerakote\" alt=\"\" \t\tclass=\"so-widget-image\"\/>\n\t<\/div>\n\n<\/div><\/div><\/div><\/div><\/div><\/div><div id=\"pg-62830-4\"  class=\"panel-grid panel-has-style\" ><div style=\"padding: 10px 0; \" data-overlay=\"true\" data-overlay-color=\"#000000\" class=\"panel-row-style panel-row-style-for-62830-4\" ><div id=\"pgc-62830-4-0\"  class=\"panel-grid-cell\" ><div id=\"panel-62830-4-0-0\" class=\"so-panel widget_sow-image panel-first-child panel-last-child\" data-index=\"7\" ><div style=\"text-align: left;\" data-title-color=\"#47425d\" data-headings-color=\"#443f3f\" data-title_alignment=\"center\" class=\"panel-widget-style panel-widget-style-for-62830-4-0-0\" ><div\n\t\t\t\n\t\t\tclass=\"so-widget-sow-image so-widget-sow-image-default-8b5b6f678277-62830\"\n\t\t\t\n\t\t>\n<div class=\"sow-image-container\">\n\t\t<img \n\tsrc=\"https:\/\/www.coatresa.com\/wp-content\/uploads\/2025\/05\/9-150x150.png\" width=\"150\" height=\"150\" srcset=\"https:\/\/www.coatresa.com\/wp-content\/uploads\/2025\/05\/9-150x150.png 150w, https:\/\/www.coatresa.com\/wp-content\/uploads\/2025\/05\/9-300x300.png 300w, https:\/\/www.coatresa.com\/wp-content\/uploads\/2025\/05\/9-230x230.png 230w, https:\/\/www.coatresa.com\/wp-content\/uploads\/2025\/05\/9-350x350.png 350w, https:\/\/www.coatresa.com\/wp-content\/uploads\/2025\/05\/9-480x480.png 480w, https:\/\/www.coatresa.com\/wp-content\/uploads\/2025\/05\/9.png 591w\" sizes=\"(max-width: 150px) 100vw, 150px\" title=\"Electr\u00f2nica\/Audio Cerakote\" alt=\"\" \t\tclass=\"so-widget-image\"\/>\n\t<\/div>\n\n<\/div><\/div><\/div><\/div><div id=\"pgc-62830-4-1\"  class=\"panel-grid-cell\" ><div id=\"panel-62830-4-1-0\" class=\"so-panel widget_sow-image panel-first-child panel-last-child\" data-index=\"8\" ><div style=\"text-align: left;\" data-title-color=\"#47425d\" data-headings-color=\"#443f3f\" data-title_alignment=\"center\" class=\"panel-widget-style panel-widget-style-for-62830-4-1-0\" ><div\n\t\t\t\n\t\t\tclass=\"so-widget-sow-image so-widget-sow-image-default-8b5b6f678277-62830\"\n\t\t\t\n\t\t>\n<div class=\"sow-image-container\">\n\t\t<img \n\tsrc=\"https:\/\/www.coatresa.com\/wp-content\/uploads\/2025\/05\/Logos-PPG-2-150x150.png\" width=\"150\" height=\"150\" srcset=\"https:\/\/www.coatresa.com\/wp-content\/uploads\/2025\/05\/Logos-PPG-2-150x150.png 150w, https:\/\/www.coatresa.com\/wp-content\/uploads\/2025\/05\/Logos-PPG-2.png 197w\" sizes=\"(max-width: 150px) 100vw, 150px\" title=\"Defensa Cerakote\" alt=\"\" \t\tclass=\"so-widget-image\"\/>\n\t<\/div>\n\n<\/div><\/div><\/div><\/div><div id=\"pgc-62830-4-2\"  class=\"panel-grid-cell\" ><div id=\"panel-62830-4-2-0\" class=\"so-panel widget_sow-image panel-first-child panel-last-child\" data-index=\"9\" ><div style=\"text-align: left;\" data-title-color=\"#47425d\" data-headings-color=\"#443f3f\" data-title_alignment=\"center\" class=\"panel-widget-style panel-widget-style-for-62830-4-2-0\" ><div\n\t\t\t\n\t\t\tclass=\"so-widget-sow-image so-widget-sow-image-default-8b5b6f678277-62830\"\n\t\t\t\n\t\t>\n<div class=\"sow-image-container\">\n\t\t<img \n\tsrc=\"https:\/\/www.coatresa.com\/wp-content\/uploads\/2025\/05\/10-150x150.png\" width=\"150\" height=\"150\" srcset=\"https:\/\/www.coatresa.com\/wp-content\/uploads\/2025\/05\/10-150x150.png 150w, https:\/\/www.coatresa.com\/wp-content\/uploads\/2025\/05\/10-300x300.png 300w, https:\/\/www.coatresa.com\/wp-content\/uploads\/2025\/05\/10-230x230.png 230w, https:\/\/www.coatresa.com\/wp-content\/uploads\/2025\/05\/10-350x350.png 350w, https:\/\/www.coatresa.com\/wp-content\/uploads\/2025\/05\/10-480x480.png 480w, https:\/\/www.coatresa.com\/wp-content\/uploads\/2025\/05\/10.png 591w\" sizes=\"(max-width: 150px) 100vw, 150px\" title=\"Impressi\u00f3 3D Cerakote\" alt=\"\" \t\tclass=\"so-widget-image\"\/>\n\t<\/div>\n\n<\/div><\/div><\/div><\/div><\/div><\/div><div id=\"pg-62830-5\"  class=\"panel-grid panel-has-style\" ><div class=\"FRANJA-BLAVA-TITOL siteorigin-panels-stretch panel-row-style panel-row-style-for-62830-5\" style=\"padding: 10px 0; \" data-stretch-type=\"full\" data-overlay=\"true\" data-overlay-color=\"#000000\" ><div id=\"pgc-62830-5-0\"  class=\"panel-grid-cell\" ><div id=\"panel-62830-5-0-0\" class=\"so-panel widget_sow-editor panel-first-child panel-last-child\" data-index=\"10\" ><div class=\"FRANJA-BLAVA-TITOL panel-widget-style panel-widget-style-for-62830-5-0-0\" style=\"text-align: left;\" data-title-color=\"#47425d\" data-headings-color=\"#443f3f\" data-title_alignment=\"center\" ><div\n\t\t\t\n\t\t\tclass=\"so-widget-sow-editor so-widget-sow-editor-base\"\n\t\t\t\n\t\t>\n<div class=\"siteorigin-widget-tinymce textwidget\">\n\t<h2 style=\"text-align: center;\">Cerakote\u00ae al sector de la defensa<\/h2>\n<\/div>\n<\/div><\/div><\/div><\/div><\/div><\/div><div id=\"pg-62830-6\"  class=\"panel-grid panel-has-style\" ><div style=\"padding: 20px 0; \" data-overlay=\"true\" data-overlay-color=\"#000000\" class=\"panel-row-style panel-row-style-for-62830-6\" ><div id=\"pgc-62830-6-0\"  class=\"panel-grid-cell\" ><div id=\"panel-62830-6-0-0\" class=\"so-panel widget_sow-editor panel-first-child panel-last-child\" data-index=\"11\" ><div style=\"text-align: left;\" data-title-color=\"#47425d\" data-headings-color=\"#443f3f\" data-title_alignment=\"center\" class=\"panel-widget-style panel-widget-style-for-62830-6-0-0\" ><div\n\t\t\t\n\t\t\tclass=\"so-widget-sow-editor so-widget-sow-editor-base\"\n\t\t\t\n\t\t>\n<div class=\"siteorigin-widget-tinymce textwidget\">\n\t<p>Cerakote\u00a0ofereix diversos recobriments cer\u00e0mics d'alt rendiment utilitzats en el sector de la defensa per a protegir i millorar components cr\u00edtics. Les principals s\u00e8ries emprades en aquest \u00e0mbit s\u00f3n:<\/p>\n<ul>\n<li><strong>S\u00e8rie H (Curat en forn)<\/strong>: Aquest recobriment de pel\u00b7l\u00edcula fina \u00e9s l\u00edder en protecci\u00f3, oferint m\u00e9s de 100 colors. \u00c9s ideal per a aplicacions amb toler\u00e0ncies ajustades i destaca per la seva resist\u00e8ncia superior a la corrosi\u00f3, productes qu\u00edmics i desgast. La seva tecnologia de pol\u00edmer cer\u00e0mic proporciona flexibilitat i un rendiment f\u00edsic excepcional.<\/li>\n<li><strong>S\u00e8rie C (Curat a l'aire):<\/strong> Formulada per a suportar temperatures de fins a 1800\u00b0F, aquesta s\u00e8rie \u00e9s monocomponente i s'aplica directament sobre el substrat sense necessitat d'emprimaci\u00f3. Ofereix excel\u00b7lent estabilitat UV i \u00e9s adequada per a peces que no poden ser curades en forn, mantenint una alta resist\u00e8ncia qu\u00edmica.<\/li>\n<li><strong>S\u00e8rie E (Curat en forn):<\/strong> Considerada la de major rendiment, aquesta s\u00e8rie proporciona una resist\u00e8ncia inigualable a l'abrasi\u00f3, corrosi\u00f3 i productes qu\u00edmics. El seu baix coeficient de fricci\u00f3 \u00e9s comparable al del Teflon\u00ae, la qual cosa la fa perfecta per a aplicacions amb toler\u00e0ncies estrictes, eliminant generalment la necessitat d'emmascarar.<\/li>\n<\/ul>\n<p>Aquestes s\u00e8ries de Cerakote s\u00f3n \u00e0mpliament utilitzades en el sector de la defensa a causa de la seva durabilitat i capacitat per a protegir equips i armes en condicions extremes.<\/p>\n<\/div>\n<\/div><\/div><\/div><\/div><\/div><\/div><\/div>","protected":false},"excerpt":{"rendered":"<p>Recobriments CERAKOTE\u00ae Fundada el 1987, CERAKOTE \u00e9s l&#8217;empresa l\u00edder mundial en la fabricaci\u00f3 de recobriments cer\u00e0mics de pel\u00b7l\u00edcula fina. Actualment forma part [&hellip;]<\/p>\n","protected":false},"author":1,"featured_media":62763,"parent":0,"menu_order":0,"comment_status":"closed","ping_status":"closed","template":"page-templates\/page_fullwidth.php","meta":{"footnotes":""},"class_list":["post-62830","page","type-page","status-publish","has-post-thumbnail","hentry"],"yoast_head":"<!-- This site is optimized with the Yoast SEO plugin v27.6 - https:\/\/yoast.com\/product\/yoast-seo-wordpress\/ -->\n<title>- Coatresa<\/title>\n<meta name=\"description\" content=\"CERAKOTE es l&#039;empresa l\u00edder mundial en recobriments de pel\u00b7l\u00edcula fina. Sectors: aeroespacial, automobil\u00edstic, tecnol\u00f2gic...\" \/>\n<meta name=\"robots\" content=\"index, follow, max-snippet:-1, max-image-preview:large, max-video-preview:-1\" \/>\n<link rel=\"canonical\" href=\"https:\/\/www.coatresa.com\/ca\/recobriments-cerakote\/\" \/>\n<meta property=\"og:locale\" content=\"ca_ES\" \/>\n<meta property=\"og:type\" content=\"article\" \/>\n<meta property=\"og:title\" content=\"- Coatresa\" \/>\n<meta property=\"og:description\" content=\"CERAKOTE es l&#039;empresa l\u00edder mundial en recobriments de pel\u00b7l\u00edcula fina. Sectors: aeroespacial, automobil\u00edstic, tecnol\u00f2gic...\" \/>\n<meta property=\"og:url\" content=\"https:\/\/www.coatresa.com\/ca\/recobriments-cerakote\/\" \/>\n<meta property=\"og:site_name\" content=\"Coatresa\" \/>\n<meta property=\"article:publisher\" content=\"https:\/\/www.facebook.com\/Coatresa\/\" \/>\n<meta property=\"article:modified_time\" content=\"2025-05-23T06:46:06+00:00\" \/>\n<meta property=\"og:image\" content=\"https:\/\/www.coatresa.com\/wp-content\/uploads\/2022\/06\/Coatresa-Cerakote-logo.png\" \/>\n\t<meta property=\"og:image:width\" content=\"648\" \/>\n\t<meta property=\"og:image:height\" content=\"260\" \/>\n\t<meta property=\"og:image:type\" content=\"image\/png\" \/>\n<meta name=\"twitter:card\" content=\"summary_large_image\" \/>\n<meta name=\"twitter:site\" content=\"@Coatresa\" \/>\n<meta name=\"twitter:label1\" content=\"Est. reading time\" \/>\n\t<meta name=\"twitter:data1\" content=\"4 minutes\" \/>\n<script type=\"application\/ld+json\" class=\"yoast-schema-graph\">{\"@context\":\"https:\\\/\\\/schema.org\",\"@graph\":[{\"@type\":\"WebPage\",\"@id\":\"https:\\\/\\\/www.coatresa.com\\\/ca\\\/recobriments-cerakote\\\/\",\"url\":\"https:\\\/\\\/www.coatresa.com\\\/ca\\\/recobriments-cerakote\\\/\",\"name\":\"- Coatresa\",\"isPartOf\":{\"@id\":\"https:\\\/\\\/www.coatresa.com\\\/ca\\\/#website\"},\"primaryImageOfPage\":{\"@id\":\"https:\\\/\\\/www.coatresa.com\\\/ca\\\/recobriments-cerakote\\\/#primaryimage\"},\"image\":{\"@id\":\"https:\\\/\\\/www.coatresa.com\\\/ca\\\/recobriments-cerakote\\\/#primaryimage\"},\"thumbnailUrl\":\"https:\\\/\\\/www.coatresa.com\\\/wp-content\\\/uploads\\\/2022\\\/06\\\/Coatresa-Cerakote-logo.png\",\"datePublished\":\"2022-06-20T11:53:13+00:00\",\"dateModified\":\"2025-05-23T06:46:06+00:00\",\"description\":\"CERAKOTE es l'empresa l\u00edder mundial en recobriments de pel\u00b7l\u00edcula fina. Sectors: aeroespacial, automobil\u00edstic, tecnol\u00f2gic...\",\"inLanguage\":\"ca-ES\",\"potentialAction\":[{\"@type\":\"ReadAction\",\"target\":[\"https:\\\/\\\/www.coatresa.com\\\/ca\\\/recobriments-cerakote\\\/\"]}]},{\"@type\":\"ImageObject\",\"inLanguage\":\"ca-ES\",\"@id\":\"https:\\\/\\\/www.coatresa.com\\\/ca\\\/recobriments-cerakote\\\/#primaryimage\",\"url\":\"https:\\\/\\\/www.coatresa.com\\\/wp-content\\\/uploads\\\/2022\\\/06\\\/Coatresa-Cerakote-logo.png\",\"contentUrl\":\"https:\\\/\\\/www.coatresa.com\\\/wp-content\\\/uploads\\\/2022\\\/06\\\/Coatresa-Cerakote-logo.png\",\"width\":648,\"height\":260,\"caption\":\"COATRESA CERAKOTE LOGO\"},{\"@type\":\"WebSite\",\"@id\":\"https:\\\/\\\/www.coatresa.com\\\/ca\\\/#website\",\"url\":\"https:\\\/\\\/www.coatresa.com\\\/ca\\\/\",\"name\":\"Coatresa\",\"description\":\"Aplicaci\u00f3n de recubrimientos antiadherentes y anticorrosivos como el Teflon. Expertos del Powder Coating\",\"publisher\":{\"@id\":\"https:\\\/\\\/www.coatresa.com\\\/ca\\\/#organization\"},\"potentialAction\":[{\"@type\":\"SearchAction\",\"target\":{\"@type\":\"EntryPoint\",\"urlTemplate\":\"https:\\\/\\\/www.coatresa.com\\\/ca\\\/?s={search_term_string}\"},\"query-input\":{\"@type\":\"PropertyValueSpecification\",\"valueRequired\":true,\"valueName\":\"search_term_string\"}}],\"inLanguage\":\"ca-ES\"},{\"@type\":\"Organization\",\"@id\":\"https:\\\/\\\/www.coatresa.com\\\/ca\\\/#organization\",\"name\":\"Coatresa\",\"url\":\"https:\\\/\\\/www.coatresa.com\\\/ca\\\/\",\"logo\":{\"@type\":\"ImageObject\",\"inLanguage\":\"ca-ES\",\"@id\":\"https:\\\/\\\/www.coatresa.com\\\/ca\\\/#\\\/schema\\\/logo\\\/image\\\/\",\"url\":\"https:\\\/\\\/www.coatresa.com\\\/wp-content\\\/uploads\\\/2022\\\/07\\\/A_blava_mitja_transp.png\",\"contentUrl\":\"https:\\\/\\\/www.coatresa.com\\\/wp-content\\\/uploads\\\/2022\\\/07\\\/A_blava_mitja_transp.png\",\"width\":340,\"height\":326,\"caption\":\"Coatresa\"},\"image\":{\"@id\":\"https:\\\/\\\/www.coatresa.com\\\/ca\\\/#\\\/schema\\\/logo\\\/image\\\/\"},\"sameAs\":[\"https:\\\/\\\/www.facebook.com\\\/Coatresa\\\/\",\"https:\\\/\\\/x.com\\\/Coatresa\",\"https:\\\/\\\/www.linkedin.com\\\/company\\\/coatresa\\\/\",\"https:\\\/\\\/www.youtube.com\\\/user\\\/CoatresaCoatings\"]}]}<\/script>\n<!-- \/ Yoast SEO plugin. -->","yoast_head_json":{"title":"- Coatresa","description":"CERAKOTE es l'empresa l\u00edder mundial en recobriments de pel\u00b7l\u00edcula fina. Sectors: aeroespacial, automobil\u00edstic, tecnol\u00f2gic...","robots":{"index":"index","follow":"follow","max-snippet":"max-snippet:-1","max-image-preview":"max-image-preview:large","max-video-preview":"max-video-preview:-1"},"canonical":"https:\/\/www.coatresa.com\/ca\/recobriments-cerakote\/","og_locale":"ca_ES","og_type":"article","og_title":"- Coatresa","og_description":"CERAKOTE es l'empresa l\u00edder mundial en recobriments de pel\u00b7l\u00edcula fina. Sectors: aeroespacial, automobil\u00edstic, tecnol\u00f2gic...","og_url":"https:\/\/www.coatresa.com\/ca\/recobriments-cerakote\/","og_site_name":"Coatresa","article_publisher":"https:\/\/www.facebook.com\/Coatresa\/","article_modified_time":"2025-05-23T06:46:06+00:00","og_image":[{"width":648,"height":260,"url":"https:\/\/www.coatresa.com\/wp-content\/uploads\/2022\/06\/Coatresa-Cerakote-logo.png","type":"image\/png"}],"twitter_card":"summary_large_image","twitter_site":"@Coatresa","twitter_misc":{"Est. reading time":"4 minutes"},"schema":{"@context":"https:\/\/schema.org","@graph":[{"@type":"WebPage","@id":"https:\/\/www.coatresa.com\/ca\/recobriments-cerakote\/","url":"https:\/\/www.coatresa.com\/ca\/recobriments-cerakote\/","name":"- Coatresa","isPartOf":{"@id":"https:\/\/www.coatresa.com\/ca\/#website"},"primaryImageOfPage":{"@id":"https:\/\/www.coatresa.com\/ca\/recobriments-cerakote\/#primaryimage"},"image":{"@id":"https:\/\/www.coatresa.com\/ca\/recobriments-cerakote\/#primaryimage"},"thumbnailUrl":"https:\/\/www.coatresa.com\/wp-content\/uploads\/2022\/06\/Coatresa-Cerakote-logo.png","datePublished":"2022-06-20T11:53:13+00:00","dateModified":"2025-05-23T06:46:06+00:00","description":"CERAKOTE es l'empresa l\u00edder mundial en recobriments de pel\u00b7l\u00edcula fina. Sectors: aeroespacial, automobil\u00edstic, tecnol\u00f2gic...","inLanguage":"ca-ES","potentialAction":[{"@type":"ReadAction","target":["https:\/\/www.coatresa.com\/ca\/recobriments-cerakote\/"]}]},{"@type":"ImageObject","inLanguage":"ca-ES","@id":"https:\/\/www.coatresa.com\/ca\/recobriments-cerakote\/#primaryimage","url":"https:\/\/www.coatresa.com\/wp-content\/uploads\/2022\/06\/Coatresa-Cerakote-logo.png","contentUrl":"https:\/\/www.coatresa.com\/wp-content\/uploads\/2022\/06\/Coatresa-Cerakote-logo.png","width":648,"height":260,"caption":"COATRESA CERAKOTE LOGO"},{"@type":"WebSite","@id":"https:\/\/www.coatresa.com\/ca\/#website","url":"https:\/\/www.coatresa.com\/ca\/","name":"Coatresa","description":"Aplicaci\u00f3n de recubrimientos antiadherentes y anticorrosivos como el Teflon. Expertos del Powder Coating","publisher":{"@id":"https:\/\/www.coatresa.com\/ca\/#organization"},"potentialAction":[{"@type":"SearchAction","target":{"@type":"EntryPoint","urlTemplate":"https:\/\/www.coatresa.com\/ca\/?s={search_term_string}"},"query-input":{"@type":"PropertyValueSpecification","valueRequired":true,"valueName":"search_term_string"}}],"inLanguage":"ca-ES"},{"@type":"Organization","@id":"https:\/\/www.coatresa.com\/ca\/#organization","name":"Coatresa","url":"https:\/\/www.coatresa.com\/ca\/","logo":{"@type":"ImageObject","inLanguage":"ca-ES","@id":"https:\/\/www.coatresa.com\/ca\/#\/schema\/logo\/image\/","url":"https:\/\/www.coatresa.com\/wp-content\/uploads\/2022\/07\/A_blava_mitja_transp.png","contentUrl":"https:\/\/www.coatresa.com\/wp-content\/uploads\/2022\/07\/A_blava_mitja_transp.png","width":340,"height":326,"caption":"Coatresa"},"image":{"@id":"https:\/\/www.coatresa.com\/ca\/#\/schema\/logo\/image\/"},"sameAs":["https:\/\/www.facebook.com\/Coatresa\/","https:\/\/x.com\/Coatresa","https:\/\/www.linkedin.com\/company\/coatresa\/","https:\/\/www.youtube.com\/user\/CoatresaCoatings"]}]}},"_links":{"self":[{"href":"https:\/\/www.coatresa.com\/ca\/wp-json\/wp\/v2\/pages\/62830","targetHints":{"allow":["GET"]}}],"collection":[{"href":"https:\/\/www.coatresa.com\/ca\/wp-json\/wp\/v2\/pages"}],"about":[{"href":"https:\/\/www.coatresa.com\/ca\/wp-json\/wp\/v2\/types\/page"}],"author":[{"embeddable":true,"href":"https:\/\/www.coatresa.com\/ca\/wp-json\/wp\/v2\/users\/1"}],"replies":[{"embeddable":true,"href":"https:\/\/www.coatresa.com\/ca\/wp-json\/wp\/v2\/comments?post=62830"}],"version-history":[{"count":0,"href":"https:\/\/www.coatresa.com\/ca\/wp-json\/wp\/v2\/pages\/62830\/revisions"}],"wp:featuredmedia":[{"embeddable":true,"href":"https:\/\/www.coatresa.com\/ca\/wp-json\/wp\/v2\/media\/62763"}],"wp:attachment":[{"href":"https:\/\/www.coatresa.com\/ca\/wp-json\/wp\/v2\/media?parent=62830"}],"curies":[{"name":"wp","href":"https:\/\/api.w.org\/{rel}","templated":true}]}}