{"id":65435,"date":"2023-03-29T16:51:10","date_gmt":"2023-03-29T14:51:10","guid":{"rendered":"https:\/\/www.coatresa.com\/?page_id=65435"},"modified":"2023-03-29T16:52:18","modified_gmt":"2023-03-29T14:52:18","slug":"declaracio-de-compromis-de-la-direccio-de-lempresa","status":"publish","type":"page","link":"https:\/\/www.coatresa.com\/ca\/declaracio-de-compromis-de-la-direccio-de-lempresa\/","title":{"rendered":"Declaraci\u00f3 de comprom\u00eds de la direcci\u00f3 de l&#8217;empresa"},"content":{"rendered":"<div id=\"pl-65435\"  class=\"panel-layout\" ><div id=\"pg-65435-0\"  class=\"panel-grid panel-has-style\" ><div style=\"padding: 0px 0; \" data-overlay=\"true\" data-overlay-color=\"#000000\" class=\"panel-row-style panel-row-style-for-65435-0\" ><div id=\"pgc-65435-0-0\"  class=\"panel-grid-cell\" ><div id=\"panel-65435-0-0-0\" class=\"so-panel widget_sow-editor panel-first-child panel-last-child\" data-index=\"0\" ><div style=\"text-align: left;\" data-title-color=\"#47425d\" data-headings-color=\"#443f3f\" data-title_alignment=\"center\" class=\"panel-widget-style panel-widget-style-for-65435-0-0-0\" ><div\n\t\t\t\n\t\t\tclass=\"so-widget-sow-editor so-widget-sow-editor-base\"\n\t\t\t\n\t\t>\n<div class=\"siteorigin-widget-tinymce textwidget\">\n\t<h1><strong>DECLARACI\u00d3 DE COMPROM\u00cdS DE LA DIRECCI\u00d3 DE L\u2019EMPRESA<\/strong><\/h1>\n<p>&nbsp;<\/p>\n<p>COATRESA GROUP S.L. declara el seu comprom\u00eds amb l\u2019establiment i el desenvolupament de pol\u00edtiques que integrin la igualtat de tracte i oportunitats entre dones i homes, sense discriminar directament o indirectament per ra\u00f3 de sexe, com tamb\u00e9 el seu comprom\u00eds d\u2019impulsar i fomentar mesures per aconseguir la igualtat real dins de la nostra organitzaci\u00f3, establint la igualtat d\u2019oportunitats entre dones i homes com un principi estrat\u00e8gic de la nostra pol\u00edtica corporativa de recursos humans, d\u2019acord amb la definici\u00f3 que estableix la Llei Org\u00e0nica 3\/2007, de 22 de mar\u00e7, per a la igualtat efectiva de dones i homes.<\/p>\n<p>En tots els \u00e0mbits que t\u00e9 lloc l\u2019activitat d\u2019aquesta empresa, des de la selecci\u00f3 a la promoci\u00f3, passant per la pol\u00edtica salarial, la formaci\u00f3, les condicions de treball i d\u2019ocupaci\u00f3, assumim el principi d\u2019igualtat d\u2019oportunitats entre dones i homes, considerant de manera especial la discriminaci\u00f3 indirecta, entenent-la com \u201cla situaci\u00f3 en qu\u00e8 una disposici\u00f3, criteri o pr\u00e0ctica aparentment neutres posa a una persona d\u2019un sexe en desavantatge particular respecte a persones de l\u2019altre sexe\u201d.<\/p>\n<p>Quant a la comunicaci\u00f3, tant interna com externa, s\u2019informar\u00e0 de totes les decisions que s\u2019adoptin en aquest aspecte i es projectar\u00e0 una imatge de l\u2019empresa d\u2019acord amb aquest principi d\u2019igualtat d\u2019oportunitats entre dones i homes. Els principis enunciats es protaran a la pr\u00e0ctica mitjan\u00e7ant mesures d\u2019igualtat o la implantaci\u00f3 d\u2019un pla de igualtat. El pla d\u2019igualtat ha de tenir en compte, entre d\u2019altres, les mat\u00e8ries d\u2019acc\u00e9s a l\u2019ocupaci\u00f3, la classificaci\u00f3 professional, la promoci\u00f3 i la formaci\u00f3, les retribucions, l\u2019ordenaci\u00f3 del temps de treball, per afavorir en termes d\u2019igualtat entre dones i homes, la conciliaci\u00f3 laboral, la personal i la familiar, i la prevenci\u00f3 de l\u2019assetjament sexual i de l\u2019assetjament per ra\u00f3 de sexe. En aquestes mat\u00e8ries, es dissenyaran actuacions que impliquin mesures respecte a la situaci\u00f3 actual i es fixaran els sistemes de seguiment corresponents, amb la finalitat d\u2019avan\u00e7ar en la consecuci\u00f3 de la igualtat entre dones i homes a les empreses i, per extensi\u00f3, al conjunt de la societat.<\/p>\n<p>Per a dur a terme aquest prop\u00f2sit es comptar\u00e0 amb la representaci\u00f3 legal dels treballadors i treballadores, no tan sols en el proc\u00e9s de la negociaci\u00f3 col\u00b7lectiva, tal i com estableix la Llei org\u00e0nica 3\/2007, de 22 de mar\u00e7, per a la igualtat efectiva de dones i homes, sin\u00f3 tamb\u00e9 en tot el proc\u00e9s de desenvolupament i avaluaci\u00f3 de les mesures d\u2019igualtat o el pla d\u2019igualtat.<\/p>\n<p>&nbsp;<\/p>\n<\/div>\n<\/div><\/div><\/div><\/div><\/div><\/div><\/div>","protected":false},"excerpt":{"rendered":"<p>DECLARACI\u00d3 DE COMPROM\u00cdS DE LA DIRECCI\u00d3 DE L\u2019EMPRESA &nbsp; COATRESA GROUP S.L. declara el seu comprom\u00eds amb l\u2019establiment i el desenvolupament de [&hellip;]<\/p>\n","protected":false},"author":4,"featured_media":0,"parent":0,"menu_order":0,"comment_status":"closed","ping_status":"closed","template":"","meta":{"footnotes":""},"class_list":["post-65435","page","type-page","status-publish","hentry"],"yoast_head":"<!-- This site is optimized with the Yoast SEO plugin v27.6 - https:\/\/yoast.com\/product\/yoast-seo-wordpress\/ -->\n<title>Declaraci\u00f3 de comprom\u00eds de la direcci\u00f3 de l&#039;empresa - Coatresa<\/title>\n<meta name=\"description\" content=\"COATRESA GROUP S.L. declara el seu comprom\u00eds amb l\u2019establiment i el desenvolupament de pol\u00edtiques que integrin la igualtat de tracte i oportunitats entre dones i homes.\" \/>\n<meta name=\"robots\" content=\"index, follow, max-snippet:-1, max-image-preview:large, max-video-preview:-1\" \/>\n<link rel=\"canonical\" href=\"https:\/\/www.coatresa.com\/ca\/declaracio-de-compromis-de-la-direccio-de-lempresa\/\" \/>\n<meta property=\"og:locale\" content=\"ca_ES\" \/>\n<meta property=\"og:type\" content=\"article\" \/>\n<meta property=\"og:title\" content=\"Declaraci\u00f3 de comprom\u00eds de la direcci\u00f3 de l&#039;empresa - Coatresa\" \/>\n<meta property=\"og:description\" content=\"COATRESA GROUP S.L. declara el seu comprom\u00eds amb l\u2019establiment i el desenvolupament de pol\u00edtiques que integrin la igualtat de tracte i oportunitats entre dones i homes.\" \/>\n<meta property=\"og:url\" content=\"https:\/\/www.coatresa.com\/ca\/declaracio-de-compromis-de-la-direccio-de-lempresa\/\" \/>\n<meta property=\"og:site_name\" content=\"Coatresa\" \/>\n<meta property=\"article:publisher\" content=\"https:\/\/www.facebook.com\/Coatresa\/\" \/>\n<meta property=\"article:modified_time\" content=\"2023-03-29T14:52:18+00:00\" \/>\n<meta name=\"twitter:card\" content=\"summary_large_image\" \/>\n<meta name=\"twitter:site\" content=\"@Coatresa\" \/>\n<meta name=\"twitter:label1\" content=\"Est. reading time\" \/>\n\t<meta name=\"twitter:data1\" content=\"2 minutes\" \/>\n<script type=\"application\/ld+json\" class=\"yoast-schema-graph\">{\"@context\":\"https:\\\/\\\/schema.org\",\"@graph\":[{\"@type\":\"WebPage\",\"@id\":\"https:\\\/\\\/www.coatresa.com\\\/ca\\\/declaracio-de-compromis-de-la-direccio-de-lempresa\\\/\",\"url\":\"https:\\\/\\\/www.coatresa.com\\\/ca\\\/declaracio-de-compromis-de-la-direccio-de-lempresa\\\/\",\"name\":\"Declaraci\u00f3 de comprom\u00eds de la direcci\u00f3 de l'empresa - Coatresa\",\"isPartOf\":{\"@id\":\"https:\\\/\\\/www.coatresa.com\\\/ca\\\/#website\"},\"datePublished\":\"2023-03-29T14:51:10+00:00\",\"dateModified\":\"2023-03-29T14:52:18+00:00\",\"description\":\"COATRESA GROUP S.L. declara el seu comprom\u00eds amb l\u2019establiment i el desenvolupament de pol\u00edtiques que integrin la igualtat de tracte i oportunitats entre dones i homes.\",\"breadcrumb\":{\"@id\":\"https:\\\/\\\/www.coatresa.com\\\/ca\\\/declaracio-de-compromis-de-la-direccio-de-lempresa\\\/#breadcrumb\"},\"inLanguage\":\"ca-ES\",\"potentialAction\":[{\"@type\":\"ReadAction\",\"target\":[\"https:\\\/\\\/www.coatresa.com\\\/ca\\\/declaracio-de-compromis-de-la-direccio-de-lempresa\\\/\"]}]},{\"@type\":\"BreadcrumbList\",\"@id\":\"https:\\\/\\\/www.coatresa.com\\\/ca\\\/declaracio-de-compromis-de-la-direccio-de-lempresa\\\/#breadcrumb\",\"itemListElement\":[{\"@type\":\"ListItem\",\"position\":1,\"name\":\"Portada\",\"item\":\"https:\\\/\\\/www.coatresa.com\\\/ca\\\/\"},{\"@type\":\"ListItem\",\"position\":2,\"name\":\"Declaraci\u00f3 de comprom\u00eds de la direcci\u00f3 de l&#8217;empresa\"}]},{\"@type\":\"WebSite\",\"@id\":\"https:\\\/\\\/www.coatresa.com\\\/ca\\\/#website\",\"url\":\"https:\\\/\\\/www.coatresa.com\\\/ca\\\/\",\"name\":\"Coatresa\",\"description\":\"Aplicaci\u00f3n de recubrimientos antiadherentes y anticorrosivos como el Teflon. Expertos del Powder Coating\",\"publisher\":{\"@id\":\"https:\\\/\\\/www.coatresa.com\\\/ca\\\/#organization\"},\"potentialAction\":[{\"@type\":\"SearchAction\",\"target\":{\"@type\":\"EntryPoint\",\"urlTemplate\":\"https:\\\/\\\/www.coatresa.com\\\/ca\\\/?s={search_term_string}\"},\"query-input\":{\"@type\":\"PropertyValueSpecification\",\"valueRequired\":true,\"valueName\":\"search_term_string\"}}],\"inLanguage\":\"ca-ES\"},{\"@type\":\"Organization\",\"@id\":\"https:\\\/\\\/www.coatresa.com\\\/ca\\\/#organization\",\"name\":\"Coatresa\",\"url\":\"https:\\\/\\\/www.coatresa.com\\\/ca\\\/\",\"logo\":{\"@type\":\"ImageObject\",\"inLanguage\":\"ca-ES\",\"@id\":\"https:\\\/\\\/www.coatresa.com\\\/ca\\\/#\\\/schema\\\/logo\\\/image\\\/\",\"url\":\"https:\\\/\\\/www.coatresa.com\\\/wp-content\\\/uploads\\\/2022\\\/07\\\/A_blava_mitja_transp.png\",\"contentUrl\":\"https:\\\/\\\/www.coatresa.com\\\/wp-content\\\/uploads\\\/2022\\\/07\\\/A_blava_mitja_transp.png\",\"width\":340,\"height\":326,\"caption\":\"Coatresa\"},\"image\":{\"@id\":\"https:\\\/\\\/www.coatresa.com\\\/ca\\\/#\\\/schema\\\/logo\\\/image\\\/\"},\"sameAs\":[\"https:\\\/\\\/www.facebook.com\\\/Coatresa\\\/\",\"https:\\\/\\\/x.com\\\/Coatresa\",\"https:\\\/\\\/www.linkedin.com\\\/company\\\/coatresa\\\/\",\"https:\\\/\\\/www.youtube.com\\\/user\\\/CoatresaCoatings\"]}]}<\/script>\n<!-- \/ Yoast SEO plugin. -->","yoast_head_json":{"title":"Declaraci\u00f3 de comprom\u00eds de la direcci\u00f3 de l'empresa - Coatresa","description":"COATRESA GROUP S.L. declara el seu comprom\u00eds amb l\u2019establiment i el desenvolupament de pol\u00edtiques que integrin la igualtat de tracte i oportunitats entre dones i homes.","robots":{"index":"index","follow":"follow","max-snippet":"max-snippet:-1","max-image-preview":"max-image-preview:large","max-video-preview":"max-video-preview:-1"},"canonical":"https:\/\/www.coatresa.com\/ca\/declaracio-de-compromis-de-la-direccio-de-lempresa\/","og_locale":"ca_ES","og_type":"article","og_title":"Declaraci\u00f3 de comprom\u00eds de la direcci\u00f3 de l'empresa - Coatresa","og_description":"COATRESA GROUP S.L. declara el seu comprom\u00eds amb l\u2019establiment i el desenvolupament de pol\u00edtiques que integrin la igualtat de tracte i oportunitats entre dones i homes.","og_url":"https:\/\/www.coatresa.com\/ca\/declaracio-de-compromis-de-la-direccio-de-lempresa\/","og_site_name":"Coatresa","article_publisher":"https:\/\/www.facebook.com\/Coatresa\/","article_modified_time":"2023-03-29T14:52:18+00:00","twitter_card":"summary_large_image","twitter_site":"@Coatresa","twitter_misc":{"Est. reading time":"2 minutes"},"schema":{"@context":"https:\/\/schema.org","@graph":[{"@type":"WebPage","@id":"https:\/\/www.coatresa.com\/ca\/declaracio-de-compromis-de-la-direccio-de-lempresa\/","url":"https:\/\/www.coatresa.com\/ca\/declaracio-de-compromis-de-la-direccio-de-lempresa\/","name":"Declaraci\u00f3 de comprom\u00eds de la direcci\u00f3 de l'empresa - Coatresa","isPartOf":{"@id":"https:\/\/www.coatresa.com\/ca\/#website"},"datePublished":"2023-03-29T14:51:10+00:00","dateModified":"2023-03-29T14:52:18+00:00","description":"COATRESA GROUP S.L. declara el seu comprom\u00eds amb l\u2019establiment i el desenvolupament de pol\u00edtiques que integrin la igualtat de tracte i oportunitats entre dones i homes.","breadcrumb":{"@id":"https:\/\/www.coatresa.com\/ca\/declaracio-de-compromis-de-la-direccio-de-lempresa\/#breadcrumb"},"inLanguage":"ca-ES","potentialAction":[{"@type":"ReadAction","target":["https:\/\/www.coatresa.com\/ca\/declaracio-de-compromis-de-la-direccio-de-lempresa\/"]}]},{"@type":"BreadcrumbList","@id":"https:\/\/www.coatresa.com\/ca\/declaracio-de-compromis-de-la-direccio-de-lempresa\/#breadcrumb","itemListElement":[{"@type":"ListItem","position":1,"name":"Portada","item":"https:\/\/www.coatresa.com\/ca\/"},{"@type":"ListItem","position":2,"name":"Declaraci\u00f3 de comprom\u00eds de la direcci\u00f3 de l&#8217;empresa"}]},{"@type":"WebSite","@id":"https:\/\/www.coatresa.com\/ca\/#website","url":"https:\/\/www.coatresa.com\/ca\/","name":"Coatresa","description":"Aplicaci\u00f3n de recubrimientos antiadherentes y anticorrosivos como el Teflon. Expertos del Powder Coating","publisher":{"@id":"https:\/\/www.coatresa.com\/ca\/#organization"},"potentialAction":[{"@type":"SearchAction","target":{"@type":"EntryPoint","urlTemplate":"https:\/\/www.coatresa.com\/ca\/?s={search_term_string}"},"query-input":{"@type":"PropertyValueSpecification","valueRequired":true,"valueName":"search_term_string"}}],"inLanguage":"ca-ES"},{"@type":"Organization","@id":"https:\/\/www.coatresa.com\/ca\/#organization","name":"Coatresa","url":"https:\/\/www.coatresa.com\/ca\/","logo":{"@type":"ImageObject","inLanguage":"ca-ES","@id":"https:\/\/www.coatresa.com\/ca\/#\/schema\/logo\/image\/","url":"https:\/\/www.coatresa.com\/wp-content\/uploads\/2022\/07\/A_blava_mitja_transp.png","contentUrl":"https:\/\/www.coatresa.com\/wp-content\/uploads\/2022\/07\/A_blava_mitja_transp.png","width":340,"height":326,"caption":"Coatresa"},"image":{"@id":"https:\/\/www.coatresa.com\/ca\/#\/schema\/logo\/image\/"},"sameAs":["https:\/\/www.facebook.com\/Coatresa\/","https:\/\/x.com\/Coatresa","https:\/\/www.linkedin.com\/company\/coatresa\/","https:\/\/www.youtube.com\/user\/CoatresaCoatings"]}]}},"_links":{"self":[{"href":"https:\/\/www.coatresa.com\/ca\/wp-json\/wp\/v2\/pages\/65435","targetHints":{"allow":["GET"]}}],"collection":[{"href":"https:\/\/www.coatresa.com\/ca\/wp-json\/wp\/v2\/pages"}],"about":[{"href":"https:\/\/www.coatresa.com\/ca\/wp-json\/wp\/v2\/types\/page"}],"author":[{"embeddable":true,"href":"https:\/\/www.coatresa.com\/ca\/wp-json\/wp\/v2\/users\/4"}],"replies":[{"embeddable":true,"href":"https:\/\/www.coatresa.com\/ca\/wp-json\/wp\/v2\/comments?post=65435"}],"version-history":[{"count":0,"href":"https:\/\/www.coatresa.com\/ca\/wp-json\/wp\/v2\/pages\/65435\/revisions"}],"wp:attachment":[{"href":"https:\/\/www.coatresa.com\/ca\/wp-json\/wp\/v2\/media?parent=65435"}],"curies":[{"name":"wp","href":"https:\/\/api.w.org\/{rel}","templated":true}]}}