{"id":68961,"date":"2025-02-28T05:18:05","date_gmt":"2025-02-28T04:18:05","guid":{"rendered":"https:\/\/www.coatresa.com\/?page_id=68961"},"modified":"2025-02-28T05:21:20","modified_gmt":"2025-02-28T04:21:20","slug":"recobriment-ppg-coraflon","status":"publish","type":"page","link":"https:\/\/www.coatresa.com\/ca\/recobriment-ppg-coraflon\/","title":{"rendered":""},"content":{"rendered":"<div id=\"pl-68961\"  class=\"panel-layout\" ><div id=\"pg-68961-0\"  class=\"panel-grid panel-has-style\" ><div style=\"padding: 0px 0; \" data-overlay=\"true\" data-overlay-color=\"#000000\" class=\"panel-row-style panel-row-style-for-68961-0\" ><div id=\"pgc-68961-0-0\"  class=\"panel-grid-cell\" ><div id=\"panel-68961-0-0-0\" class=\"so-panel widget_sow-image panel-first-child panel-last-child\" data-index=\"0\" ><div style=\"text-align: left;\" data-title-color=\"#47425d\" data-headings-color=\"#443f3f\" data-title_alignment=\"center\" class=\"panel-widget-style panel-widget-style-for-68961-0-0-0\" ><div\n\t\t\t\n\t\t\tclass=\"so-widget-sow-image so-widget-sow-image-default-8b5b6f678277-68961\"\n\t\t\t\n\t\t>\n<div class=\"sow-image-container\">\n\t\t<img \n\tsrc=\"https:\/\/www.coatresa.com\/wp-content\/uploads\/2025\/02\/Logo-Coraflon-adaptat.png\" width=\"197\" height=\"197\" srcset=\"https:\/\/www.coatresa.com\/wp-content\/uploads\/2025\/02\/Logo-Coraflon-adaptat.png 197w, https:\/\/www.coatresa.com\/wp-content\/uploads\/2025\/02\/Logo-Coraflon-adaptat-150x150.png 150w\" sizes=\"(max-width: 197px) 100vw, 197px\" title=\"Logo Coraflon PPG\" alt=\"\" \t\tclass=\"so-widget-image\"\/>\n\t<\/div>\n\n<\/div><\/div><\/div><\/div><div id=\"pgc-68961-0-1\"  class=\"panel-grid-cell\" ><div id=\"panel-68961-0-1-0\" class=\"so-panel widget_sow-editor panel-first-child panel-last-child\" data-index=\"1\" ><div style=\"text-align: left;\" data-title-color=\"#47425d\" data-headings-color=\"#443f3f\" data-title_alignment=\"center\" class=\"panel-widget-style panel-widget-style-for-68961-0-1-0\" ><div\n\t\t\t\n\t\t\tclass=\"so-widget-sow-editor so-widget-sow-editor-base\"\n\t\t\t\n\t\t>\n<div class=\"siteorigin-widget-tinymce textwidget\">\n\t<h1 style=\"text-align: left;\">Recubrimiento Coraflon \u00ae<\/h1>\n<hr align=\"left\" \/>\n<p>Coraflon\u00ae, una innovadora l\u00ednia de recobriments en pols FEVE fluoropol\u00edmers, ha estat dissenyada per a aplicacions arquitect\u00f2niques en extrusions i l\u00e0mines d'alumini. Aquests recobriments compleixen amb les especificacions FGIA\/AAMA 2605 i ofereixen una efici\u00e8ncia de transfer\u00e8ncia superior de m\u00e9s del 20% en comparaci\u00f3 amb els recobriments en pols FEVE est\u00e0ndard.<\/p>\n<\/div>\n<\/div><\/div><\/div><\/div><\/div><\/div><div id=\"pg-68961-1\"  class=\"panel-grid panel-has-style\" ><div class=\"FRANJA-BLAVA-TITOL siteorigin-panels-stretch panel-row-style panel-row-style-for-68961-1\" style=\"padding: 0px 0; \" data-stretch-type=\"full\" data-overlay=\"true\" data-overlay-color=\"#000000\" ><div id=\"pgc-68961-1-0\"  class=\"panel-grid-cell\" ><div id=\"panel-68961-1-0-0\" class=\"so-panel widget_sow-editor panel-first-child panel-last-child\" data-index=\"2\" ><div style=\"text-align: left;\" data-title-color=\"#47425d\" data-headings-color=\"#443f3f\" data-title_alignment=\"center\" class=\"panel-widget-style panel-widget-style-for-68961-1-0-0\" ><div\n\t\t\t\n\t\t\tclass=\"so-widget-sow-editor so-widget-sow-editor-base\"\n\t\t\t\n\t\t>\n<div class=\"siteorigin-widget-tinymce textwidget\">\n\t<h2 style=\"text-align: center;\">Propietats dels recobriments Coraflon \u00ae<\/h2>\n<\/div>\n<\/div><\/div><\/div><\/div><\/div><\/div><div id=\"pg-68961-2\"  class=\"panel-grid panel-has-style\" ><div style=\"padding: 25px 0; \" data-overlay=\"true\" data-overlay-color=\"#000000\" class=\"panel-row-style panel-row-style-for-68961-2\" ><div id=\"pgc-68961-2-0\"  class=\"panel-grid-cell\" ><div id=\"panel-68961-2-0-0\" class=\"so-panel widget_sow-editor panel-first-child panel-last-child\" data-index=\"3\" ><div style=\"text-align: left;\" data-title-color=\"#47425d\" data-headings-color=\"#443f3f\" data-title_alignment=\"center\" class=\"panel-widget-style panel-widget-style-for-68961-2-0-0\" ><div\n\t\t\t\n\t\t\tclass=\"so-widget-sow-editor so-widget-sow-editor-base\"\n\t\t\t\n\t\t>\n<div class=\"siteorigin-widget-tinymce textwidget\">\n\t<p data-start=\"367\" data-end=\"435\">Entre les principals caracter\u00edstiques de <strong data-start=\"408\" data-end=\"421\">CORAFLON\u00ae<\/strong> s'inclouen:<\/p>\n<ul data-start=\"436\" data-end=\"1289\">\n<li data-start=\"436\" data-end=\"598\"><strong data-start=\"438\" data-end=\"467\">Ampli rang de brillantor:<\/strong> Des de 5 fins a 85, superant el rang de 25 a 70 dels recobriments FEVE convencionals, permetent una major flexibilitat est\u00e8tica.<\/li>\n<li data-start=\"599\" data-end=\"788\"><strong data-start=\"601\" data-end=\"641\">Millora en l'efici\u00e8ncia d'aplicaci\u00f3:<\/strong> Una efici\u00e8ncia de transfer\u00e8ncia que supera en m\u00e9s del 20% els recobriments FEVE est\u00e0ndard, reduint el desaprofitament i la necessitat de retocs.<\/li>\n<li data-start=\"789\" data-end=\"1009\"><strong data-start=\"791\" data-end=\"816\">Beneficis ambientals:<\/strong> Formulats sense subst\u00e0ncies com TGIC, PFOA, fluorosurfactants, COVs, HAPs i components de la llista vermella del <strong data-start=\"930\" data-end=\"959\">Living Building Challenge<\/strong>, a m\u00e9s de complir amb les normatives <strong data-start=\"997\" data-end=\"1006\">REACH<\/strong>.<\/li>\n<li data-start=\"1010\" data-end=\"1128\"><strong data-start=\"1012\" data-end=\"1046\">Millor rendiment anticorrosiu:<\/strong> Ofereix una protecci\u00f3 superior contra la corrosi\u00f3 en alumini amb una sola capa.<\/li>\n<li data-start=\"1129\" data-end=\"1289\"><strong data-start=\"1131\" data-end=\"1160\">Noves opcions est\u00e8tiques:<\/strong> Inclou una paleta de colors amb acabats anoditzats mat i textures que imiten materials naturals com ciment, pedra i terracota.<\/li>\n<\/ul>\n<\/div>\n<\/div><\/div><\/div><\/div><\/div><\/div><div id=\"pg-68961-3\"  class=\"panel-grid panel-has-style\" ><div style=\"padding: 0px 0; \" data-overlay=\"true\" data-overlay-color=\"#000000\" class=\"panel-row-style panel-row-style-for-68961-3\" ><div id=\"pgc-68961-3-0\"  class=\"panel-grid-cell\" ><div id=\"panel-68961-3-0-0\" class=\"so-panel widget_sow-editor panel-first-child panel-last-child\" data-index=\"4\" ><div style=\"text-align: left;\" data-title-color=\"#47425d\" data-headings-color=\"#443f3f\" data-title_alignment=\"center\" class=\"panel-widget-style panel-widget-style-for-68961-3-0-0\" ><div\n\t\t\t\n\t\t\tclass=\"so-widget-sow-editor so-widget-sow-editor-base\"\n\t\t\t\n\t\t>\n<div class=\"siteorigin-widget-tinymce textwidget\">\n\t<p>Aquests recobriments s\u00f3n ideals per a marcs de finestres, panells d'edificis i aparadors, proporcionant<strong> durabilitat, rendiment i una \u00e0mplia gamma d'opcions est\u00e8tiques<\/strong> per a components met\u00e0l\u00b7lics arquitect\u00f2nics.<\/p>\n<\/div>\n<\/div><\/div><\/div><\/div><\/div><\/div><div id=\"pg-68961-4\"  class=\"panel-grid panel-has-style\" ><div class=\"siteorigin-panels-stretch panel-row-style panel-row-style-for-68961-4\" style=\"padding: 0px 0; \" data-stretch-type=\"full\" data-overlay=\"true\" data-overlay-color=\"#000000\" ><div id=\"pgc-68961-4-0\"  class=\"panel-grid-cell\" ><div id=\"panel-68961-4-0-0\" class=\"so-panel widget_sow-editor panel-first-child panel-last-child\" data-index=\"5\" ><div style=\"text-align: left;\" data-title-color=\"#47425d\" data-headings-color=\"#443f3f\" data-title_alignment=\"center\" class=\"panel-widget-style panel-widget-style-for-68961-4-0-0\" ><div\n\t\t\t\n\t\t\tclass=\"so-widget-sow-editor so-widget-sow-editor-base\"\n\t\t\t\n\t\t>\n<div class=\"siteorigin-widget-tinymce textwidget\">\n\t<h2 class=\"BLAU-FOSC\" style=\"text-align: center;\">Refer\u00e8ncies de Coraflon\u00ae<\/h2>\n<p style=\"text-align: center; padding-top: 40px;\"><b>Coraflon Platinum<\/b><br \/>\n<b>Coraflon ADS (Air-Dry System)<\/b><\/p>\n<\/div>\n<\/div><\/div><\/div><\/div><\/div><\/div><\/div>","protected":false},"excerpt":{"rendered":"<p>Recubrimiento Coraflon \u00ae Coraflon\u00ae, una innovadora l\u00ednia de recobriments en pols FEVE fluoropol\u00edmers, ha estat dissenyada per a aplicacions arquitect\u00f2niques en extrusions [&hellip;]<\/p>\n","protected":false},"author":7,"featured_media":0,"parent":0,"menu_order":0,"comment_status":"closed","ping_status":"closed","template":"page-templates\/page_fullwidth.php","meta":{"footnotes":""},"class_list":["post-68961","page","type-page","status-publish","hentry"],"yoast_head":"<!-- This site is optimized with the Yoast SEO plugin v27.6 - https:\/\/yoast.com\/product\/yoast-seo-wordpress\/ -->\n<title>Recobriment Coraflon\u00ae - Coatresa<\/title>\n<meta name=\"description\" content=\"Descubreix la gamma de recobriments t\u00e8cnics Coraflon\u00ae: recobriments en pols FEVE d\u2019alta efici\u00e8ncia per a alumini arquitect\u00f2nic. Compleix FGIA\/AAMA 2605 i millora la transfer\u00e8ncia un 20%.\" \/>\n<meta name=\"robots\" content=\"index, follow, max-snippet:-1, max-image-preview:large, max-video-preview:-1\" \/>\n<link rel=\"canonical\" href=\"https:\/\/www.coatresa.com\/ca\/recobriment-ppg-coraflon\/\" \/>\n<meta property=\"og:locale\" content=\"ca_ES\" \/>\n<meta property=\"og:type\" content=\"article\" \/>\n<meta property=\"og:title\" content=\"Recobriment Coraflon\u00ae - Coatresa\" \/>\n<meta property=\"og:description\" content=\"Descubreix la gamma de recobriments t\u00e8cnics Coraflon\u00ae: recobriments en pols FEVE d\u2019alta efici\u00e8ncia per a alumini arquitect\u00f2nic. Compleix FGIA\/AAMA 2605 i millora la transfer\u00e8ncia un 20%.\" \/>\n<meta property=\"og:url\" content=\"https:\/\/www.coatresa.com\/ca\/recobriment-ppg-coraflon\/\" \/>\n<meta property=\"og:site_name\" content=\"Coatresa\" \/>\n<meta property=\"article:publisher\" content=\"https:\/\/www.facebook.com\/Coatresa\/\" \/>\n<meta property=\"article:modified_time\" content=\"2025-02-28T04:21:20+00:00\" \/>\n<meta name=\"twitter:card\" content=\"summary_large_image\" \/>\n<meta name=\"twitter:site\" content=\"@Coatresa\" \/>\n<meta name=\"twitter:label1\" content=\"Est. reading time\" \/>\n\t<meta name=\"twitter:data1\" content=\"2 minutes\" \/>\n<script type=\"application\/ld+json\" class=\"yoast-schema-graph\">{\"@context\":\"https:\\\/\\\/schema.org\",\"@graph\":[{\"@type\":\"WebPage\",\"@id\":\"https:\\\/\\\/www.coatresa.com\\\/ca\\\/recobriment-ppg-coraflon\\\/\",\"url\":\"https:\\\/\\\/www.coatresa.com\\\/ca\\\/recobriment-ppg-coraflon\\\/\",\"name\":\"Recobriment Coraflon\u00ae - Coatresa\",\"isPartOf\":{\"@id\":\"https:\\\/\\\/www.coatresa.com\\\/ca\\\/#website\"},\"datePublished\":\"2025-02-28T04:18:05+00:00\",\"dateModified\":\"2025-02-28T04:21:20+00:00\",\"description\":\"Descubreix la gamma de recobriments t\u00e8cnics Coraflon\u00ae: recobriments en pols FEVE d\u2019alta efici\u00e8ncia per a alumini arquitect\u00f2nic. Compleix FGIA\\\/AAMA 2605 i millora la transfer\u00e8ncia un 20%.\",\"inLanguage\":\"ca-ES\",\"potentialAction\":[{\"@type\":\"ReadAction\",\"target\":[\"https:\\\/\\\/www.coatresa.com\\\/ca\\\/recobriment-ppg-coraflon\\\/\"]}]},{\"@type\":\"WebSite\",\"@id\":\"https:\\\/\\\/www.coatresa.com\\\/ca\\\/#website\",\"url\":\"https:\\\/\\\/www.coatresa.com\\\/ca\\\/\",\"name\":\"Coatresa\",\"description\":\"Aplicaci\u00f3n de recubrimientos antiadherentes y anticorrosivos como el Teflon. Expertos del Powder Coating\",\"publisher\":{\"@id\":\"https:\\\/\\\/www.coatresa.com\\\/ca\\\/#organization\"},\"potentialAction\":[{\"@type\":\"SearchAction\",\"target\":{\"@type\":\"EntryPoint\",\"urlTemplate\":\"https:\\\/\\\/www.coatresa.com\\\/ca\\\/?s={search_term_string}\"},\"query-input\":{\"@type\":\"PropertyValueSpecification\",\"valueRequired\":true,\"valueName\":\"search_term_string\"}}],\"inLanguage\":\"ca-ES\"},{\"@type\":\"Organization\",\"@id\":\"https:\\\/\\\/www.coatresa.com\\\/ca\\\/#organization\",\"name\":\"Coatresa\",\"url\":\"https:\\\/\\\/www.coatresa.com\\\/ca\\\/\",\"logo\":{\"@type\":\"ImageObject\",\"inLanguage\":\"ca-ES\",\"@id\":\"https:\\\/\\\/www.coatresa.com\\\/ca\\\/#\\\/schema\\\/logo\\\/image\\\/\",\"url\":\"https:\\\/\\\/www.coatresa.com\\\/wp-content\\\/uploads\\\/2022\\\/07\\\/A_blava_mitja_transp.png\",\"contentUrl\":\"https:\\\/\\\/www.coatresa.com\\\/wp-content\\\/uploads\\\/2022\\\/07\\\/A_blava_mitja_transp.png\",\"width\":340,\"height\":326,\"caption\":\"Coatresa\"},\"image\":{\"@id\":\"https:\\\/\\\/www.coatresa.com\\\/ca\\\/#\\\/schema\\\/logo\\\/image\\\/\"},\"sameAs\":[\"https:\\\/\\\/www.facebook.com\\\/Coatresa\\\/\",\"https:\\\/\\\/x.com\\\/Coatresa\",\"https:\\\/\\\/www.linkedin.com\\\/company\\\/coatresa\\\/\",\"https:\\\/\\\/www.youtube.com\\\/user\\\/CoatresaCoatings\"]}]}<\/script>\n<!-- \/ Yoast SEO plugin. -->","yoast_head_json":{"title":"Recobriment Coraflon\u00ae - Coatresa","description":"Descubreix la gamma de recobriments t\u00e8cnics Coraflon\u00ae: recobriments en pols FEVE d\u2019alta efici\u00e8ncia per a alumini arquitect\u00f2nic. Compleix FGIA\/AAMA 2605 i millora la transfer\u00e8ncia un 20%.","robots":{"index":"index","follow":"follow","max-snippet":"max-snippet:-1","max-image-preview":"max-image-preview:large","max-video-preview":"max-video-preview:-1"},"canonical":"https:\/\/www.coatresa.com\/ca\/recobriment-ppg-coraflon\/","og_locale":"ca_ES","og_type":"article","og_title":"Recobriment Coraflon\u00ae - Coatresa","og_description":"Descubreix la gamma de recobriments t\u00e8cnics Coraflon\u00ae: recobriments en pols FEVE d\u2019alta efici\u00e8ncia per a alumini arquitect\u00f2nic. Compleix FGIA\/AAMA 2605 i millora la transfer\u00e8ncia un 20%.","og_url":"https:\/\/www.coatresa.com\/ca\/recobriment-ppg-coraflon\/","og_site_name":"Coatresa","article_publisher":"https:\/\/www.facebook.com\/Coatresa\/","article_modified_time":"2025-02-28T04:21:20+00:00","twitter_card":"summary_large_image","twitter_site":"@Coatresa","twitter_misc":{"Est. reading time":"2 minutes"},"schema":{"@context":"https:\/\/schema.org","@graph":[{"@type":"WebPage","@id":"https:\/\/www.coatresa.com\/ca\/recobriment-ppg-coraflon\/","url":"https:\/\/www.coatresa.com\/ca\/recobriment-ppg-coraflon\/","name":"Recobriment Coraflon\u00ae - Coatresa","isPartOf":{"@id":"https:\/\/www.coatresa.com\/ca\/#website"},"datePublished":"2025-02-28T04:18:05+00:00","dateModified":"2025-02-28T04:21:20+00:00","description":"Descubreix la gamma de recobriments t\u00e8cnics Coraflon\u00ae: recobriments en pols FEVE d\u2019alta efici\u00e8ncia per a alumini arquitect\u00f2nic. Compleix FGIA\/AAMA 2605 i millora la transfer\u00e8ncia un 20%.","inLanguage":"ca-ES","potentialAction":[{"@type":"ReadAction","target":["https:\/\/www.coatresa.com\/ca\/recobriment-ppg-coraflon\/"]}]},{"@type":"WebSite","@id":"https:\/\/www.coatresa.com\/ca\/#website","url":"https:\/\/www.coatresa.com\/ca\/","name":"Coatresa","description":"Aplicaci\u00f3n de recubrimientos antiadherentes y anticorrosivos como el Teflon. Expertos del Powder Coating","publisher":{"@id":"https:\/\/www.coatresa.com\/ca\/#organization"},"potentialAction":[{"@type":"SearchAction","target":{"@type":"EntryPoint","urlTemplate":"https:\/\/www.coatresa.com\/ca\/?s={search_term_string}"},"query-input":{"@type":"PropertyValueSpecification","valueRequired":true,"valueName":"search_term_string"}}],"inLanguage":"ca-ES"},{"@type":"Organization","@id":"https:\/\/www.coatresa.com\/ca\/#organization","name":"Coatresa","url":"https:\/\/www.coatresa.com\/ca\/","logo":{"@type":"ImageObject","inLanguage":"ca-ES","@id":"https:\/\/www.coatresa.com\/ca\/#\/schema\/logo\/image\/","url":"https:\/\/www.coatresa.com\/wp-content\/uploads\/2022\/07\/A_blava_mitja_transp.png","contentUrl":"https:\/\/www.coatresa.com\/wp-content\/uploads\/2022\/07\/A_blava_mitja_transp.png","width":340,"height":326,"caption":"Coatresa"},"image":{"@id":"https:\/\/www.coatresa.com\/ca\/#\/schema\/logo\/image\/"},"sameAs":["https:\/\/www.facebook.com\/Coatresa\/","https:\/\/x.com\/Coatresa","https:\/\/www.linkedin.com\/company\/coatresa\/","https:\/\/www.youtube.com\/user\/CoatresaCoatings"]}]}},"_links":{"self":[{"href":"https:\/\/www.coatresa.com\/ca\/wp-json\/wp\/v2\/pages\/68961","targetHints":{"allow":["GET"]}}],"collection":[{"href":"https:\/\/www.coatresa.com\/ca\/wp-json\/wp\/v2\/pages"}],"about":[{"href":"https:\/\/www.coatresa.com\/ca\/wp-json\/wp\/v2\/types\/page"}],"author":[{"embeddable":true,"href":"https:\/\/www.coatresa.com\/ca\/wp-json\/wp\/v2\/users\/7"}],"replies":[{"embeddable":true,"href":"https:\/\/www.coatresa.com\/ca\/wp-json\/wp\/v2\/comments?post=68961"}],"version-history":[{"count":0,"href":"https:\/\/www.coatresa.com\/ca\/wp-json\/wp\/v2\/pages\/68961\/revisions"}],"wp:attachment":[{"href":"https:\/\/www.coatresa.com\/ca\/wp-json\/wp\/v2\/media?parent=68961"}],"curies":[{"name":"wp","href":"https:\/\/api.w.org\/{rel}","templated":true}]}}