{"id":69013,"date":"2025-03-31T02:38:07","date_gmt":"2025-03-31T00:38:07","guid":{"rendered":"https:\/\/www.coatresa.com\/?page_id=69013"},"modified":"2025-03-31T02:38:07","modified_gmt":"2025-03-31T00:38:07","slug":"recobriment-ppg-primeron","status":"publish","type":"page","link":"https:\/\/www.coatresa.com\/ca\/recobriment-ppg-primeron\/","title":{"rendered":""},"content":{"rendered":"<div id=\"pl-69013\"  class=\"panel-layout\" ><div id=\"pg-69013-0\"  class=\"panel-grid panel-has-style\" ><div style=\"padding: 0px 0; \" data-overlay=\"true\" data-overlay-color=\"#000000\" class=\"panel-row-style panel-row-style-for-69013-0\" ><div id=\"pgc-69013-0-0\"  class=\"panel-grid-cell\" ><div id=\"panel-69013-0-0-0\" class=\"so-panel widget_sow-image panel-first-child panel-last-child\" data-index=\"0\" ><div style=\"text-align: left;\" data-title-color=\"#47425d\" data-headings-color=\"#443f3f\" data-title_alignment=\"center\" class=\"panel-widget-style panel-widget-style-for-69013-0-0-0\" ><div\n\t\t\t\n\t\t\tclass=\"so-widget-sow-image so-widget-sow-image-default-8b5b6f678277-69013\"\n\t\t\t\n\t\t>\n<div class=\"sow-image-container\">\n\t\t<img \n\tsrc=\"https:\/\/www.coatresa.com\/wp-content\/uploads\/2025\/03\/Logo-Primeron-adaptat_PPG.jpg\" width=\"197\" height=\"197\" srcset=\"https:\/\/www.coatresa.com\/wp-content\/uploads\/2025\/03\/Logo-Primeron-adaptat_PPG.jpg 197w, https:\/\/www.coatresa.com\/wp-content\/uploads\/2025\/03\/Logo-Primeron-adaptat_PPG-150x150.jpg 150w\" sizes=\"(max-width: 197px) 100vw, 197px\" title=\"Logo Primeron PPG\" alt=\"\" \t\tclass=\"so-widget-image\"\/>\n\t<\/div>\n\n<\/div><\/div><\/div><\/div><div id=\"pgc-69013-0-1\"  class=\"panel-grid-cell\" ><div id=\"panel-69013-0-1-0\" class=\"so-panel widget_sow-editor panel-first-child panel-last-child\" data-index=\"1\" ><div style=\"text-align: left;\" data-title-color=\"#47425d\" data-headings-color=\"#443f3f\" data-title_alignment=\"center\" class=\"panel-widget-style panel-widget-style-for-69013-0-1-0\" ><div\n\t\t\t\n\t\t\tclass=\"so-widget-sow-editor so-widget-sow-editor-base\"\n\t\t\t\n\t\t>\n<div class=\"siteorigin-widget-tinymce textwidget\">\n\t<h1 style=\"text-align: left;\">Recobriment Primeron \u00ae<\/h1>\n<hr align=\"left\" \/>\n<p>La l\u00ednia de recobriments en pols d'alt rendiment <strong>PRIMERON\u00ae<\/strong> ha estat dissenyada per oferir una protecci\u00f3 superior contra la corrosi\u00f3 en diversos substrats met\u00e0l\u00b7lics, incloent-hi acer, acer galvanitzat en calent, acer metal\u00b7litzat i alumini. Aquests primers compleixen amb la norma ISO 12944, l'est\u00e0ndard de la ind\u00fastria per a la protecci\u00f3 d'estructures d'acer mitjan\u00e7ant sistemes de pintura protectora.<\/p>\n<p>&nbsp;<\/p>\n<\/div>\n<\/div><\/div><\/div><\/div><\/div><\/div><div id=\"pg-69013-1\"  class=\"panel-grid panel-has-style\" ><div class=\"siteorigin-panels-stretch panel-row-style panel-row-style-for-69013-1\" style=\"padding: 0px 0; \" data-stretch-type=\"full\" data-overlay=\"true\" data-overlay-color=\"#000000\" ><div id=\"pgc-69013-1-0\"  class=\"panel-grid-cell\" ><div id=\"panel-69013-1-0-0\" class=\"so-panel widget_sow-editor panel-first-child panel-last-child\" data-index=\"2\" ><div class=\"FRANJA-BLAVA-TITOL panel-widget-style panel-widget-style-for-69013-1-0-0\" style=\"text-align: left;\" data-title-color=\"#47425d\" data-headings-color=\"#443f3f\" data-title_alignment=\"center\" ><div\n\t\t\t\n\t\t\tclass=\"so-widget-sow-editor so-widget-sow-editor-base\"\n\t\t\t\n\t\t>\n<div class=\"siteorigin-widget-tinymce textwidget\">\n\t<h2 style=\"text-align: center;\">Propietats i beneficis del recobriment Primeron \u00ae<\/h2>\n<\/div>\n<\/div><\/div><\/div><\/div><\/div><\/div><div id=\"pg-69013-2\"  class=\"panel-grid panel-has-style\" ><div style=\"padding: 20px 0; \" data-overlay=\"true\" data-overlay-color=\"#000000\" class=\"panel-row-style panel-row-style-for-69013-2\" ><div id=\"pgc-69013-2-0\"  class=\"panel-grid-cell\" ><div id=\"panel-69013-2-0-0\" class=\"so-panel widget_sow-editor panel-first-child panel-last-child\" data-index=\"3\" ><div style=\"text-align: left;\" data-title-color=\"#47425d\" data-headings-color=\"#443f3f\" data-title_alignment=\"center\" class=\"panel-widget-style panel-widget-style-for-69013-2-0-0\" ><div\n\t\t\t\n\t\t\tclass=\"so-widget-sow-editor so-widget-sow-editor-base\"\n\t\t\t\n\t\t>\n<div class=\"siteorigin-widget-tinymce textwidget\">\n\t<p class=\"\" data-start=\"0\" data-end=\"67\"><strong data-start=\"0\" data-end=\"54\">Entre les caracter\u00edstiques destacades de PRIMERON\u00ae<\/strong> es troben:<\/p>\n<ul data-start=\"69\" data-end=\"760\" data-is-last-node=\"\" data-is-only-node=\"\">\n<li class=\"\" data-start=\"69\" data-end=\"349\">\n<p class=\"\" data-start=\"71\" data-end=\"349\"><strong data-start=\"71\" data-end=\"110\">Innovaci\u00f3 en primers epoxi amb zinc<\/strong>: Una tecnologia patentada que millora el rendiment en comparaci\u00f3 amb els primers de zinc tradicionals, oferint una millor efici\u00e8ncia de transfer\u00e8ncia, m\u00e9s protecci\u00f3 contra la corrosi\u00f3, facilitat d'aplicaci\u00f3 i costos aplicats m\u00e9s baixos.<\/p>\n<\/li>\n<li class=\"\" data-start=\"350\" data-end=\"537\">\n<p class=\"\" data-start=\"352\" data-end=\"537\"><strong data-start=\"352\" data-end=\"383\">Versatilitat en aplicacions<\/strong>: Apte per a processos de dues capes i una sola fornada en diversos substrats met\u00e0l\u00b7lics, proporcionant flexibilitat en diferents entorns i usos finals.<\/p>\n<\/li>\n<li class=\"\" data-start=\"538\" data-end=\"760\">\n<p class=\"\" data-start=\"540\" data-end=\"760\"><strong data-start=\"540\" data-end=\"587\">Compliment d'especificacions internacionals<\/strong>: Els primers PRIMERON\u00ae han estat provats segons les categories de corrosivitat i aprovats per Qualisteelcoat, assegurant el seu rendiment en diverses condicions ambientals.<\/p>\n<\/li>\n<\/ul>\n<\/div>\n<\/div><\/div><\/div><\/div><\/div><\/div><div id=\"pg-69013-3\"  class=\"panel-grid panel-has-style\" ><div style=\"padding: 0px 0; \" data-overlay=\"true\" data-overlay-color=\"#000000\" class=\"panel-row-style panel-row-style-for-69013-3\" ><div id=\"pgc-69013-3-0\"  class=\"panel-grid-cell\" ><div id=\"panel-69013-3-0-0\" class=\"so-panel widget_sow-editor panel-first-child panel-last-child\" data-index=\"4\" ><div style=\"text-align: left;\" data-title-color=\"#47425d\" data-headings-color=\"#443f3f\" data-title_alignment=\"center\" class=\"panel-widget-style panel-widget-style-for-69013-3-0-0\" ><div\n\t\t\t\n\t\t\tclass=\"so-widget-sow-editor so-widget-sow-editor-base\"\n\t\t\t\n\t\t>\n<div class=\"siteorigin-widget-tinymce textwidget\">\n\t<p>Amb PRIMERON\u00ae, PPG ofereix solucions avan\u00e7ades en recobriments en pols per satisfer les demandes de protecci\u00f3 i durabilitat en aplicacions industrials i arquitect\u00f2niques.<\/p>\n<\/div>\n<\/div><\/div><\/div><\/div><\/div><\/div><\/div>","protected":false},"excerpt":{"rendered":"<p>Recobriment Primeron \u00ae La l\u00ednia de recobriments en pols d&#8217;alt rendiment PRIMERON\u00ae ha estat dissenyada per oferir una protecci\u00f3 superior contra la [&hellip;]<\/p>\n","protected":false},"author":4,"featured_media":0,"parent":0,"menu_order":0,"comment_status":"closed","ping_status":"closed","template":"page-templates\/page_fullwidth.php","meta":{"footnotes":""},"class_list":["post-69013","page","type-page","status-publish","hentry"],"yoast_head":"<!-- This site is optimized with the Yoast SEO plugin v27.6 - https:\/\/yoast.com\/product\/yoast-seo-wordpress\/ -->\n<title>Recobriment Primeron\u00ae PPG - Coatresa<\/title>\n<meta name=\"description\" content=\"Descobreix PRIMERON\u00ae, recobriments en pols d&#039;alt rendiment. Protecci\u00f3 superior contra la corrosi\u00f3 en acer, alumini i m\u00e9s.\" \/>\n<meta name=\"robots\" content=\"index, follow, max-snippet:-1, max-image-preview:large, max-video-preview:-1\" \/>\n<link rel=\"canonical\" href=\"https:\/\/www.coatresa.com\/ca\/recobriment-ppg-primeron\/\" \/>\n<meta property=\"og:locale\" content=\"ca_ES\" \/>\n<meta property=\"og:type\" content=\"article\" \/>\n<meta property=\"og:title\" content=\"Recobriment Primeron\u00ae PPG - Coatresa\" \/>\n<meta property=\"og:description\" content=\"Descobreix PRIMERON\u00ae, recobriments en pols d&#039;alt rendiment. Protecci\u00f3 superior contra la corrosi\u00f3 en acer, alumini i m\u00e9s.\" \/>\n<meta property=\"og:url\" content=\"https:\/\/www.coatresa.com\/ca\/recobriment-ppg-primeron\/\" \/>\n<meta property=\"og:site_name\" content=\"Coatresa\" \/>\n<meta property=\"article:publisher\" content=\"https:\/\/www.facebook.com\/Coatresa\/\" \/>\n<meta name=\"twitter:card\" content=\"summary_large_image\" \/>\n<meta name=\"twitter:site\" content=\"@Coatresa\" \/>\n<meta name=\"twitter:label1\" content=\"Est. reading time\" \/>\n\t<meta name=\"twitter:data1\" content=\"2 minutes\" \/>\n<script type=\"application\/ld+json\" class=\"yoast-schema-graph\">{\"@context\":\"https:\\\/\\\/schema.org\",\"@graph\":[{\"@type\":\"WebPage\",\"@id\":\"https:\\\/\\\/www.coatresa.com\\\/ca\\\/recobriment-ppg-primeron\\\/\",\"url\":\"https:\\\/\\\/www.coatresa.com\\\/ca\\\/recobriment-ppg-primeron\\\/\",\"name\":\"Recobriment Primeron\u00ae PPG - Coatresa\",\"isPartOf\":{\"@id\":\"https:\\\/\\\/www.coatresa.com\\\/ca\\\/#website\"},\"datePublished\":\"2025-03-31T00:38:07+00:00\",\"description\":\"Descobreix PRIMERON\u00ae, recobriments en pols d'alt rendiment. Protecci\u00f3 superior contra la corrosi\u00f3 en acer, alumini i m\u00e9s.\",\"inLanguage\":\"ca-ES\",\"potentialAction\":[{\"@type\":\"ReadAction\",\"target\":[\"https:\\\/\\\/www.coatresa.com\\\/ca\\\/recobriment-ppg-primeron\\\/\"]}]},{\"@type\":\"WebSite\",\"@id\":\"https:\\\/\\\/www.coatresa.com\\\/ca\\\/#website\",\"url\":\"https:\\\/\\\/www.coatresa.com\\\/ca\\\/\",\"name\":\"Coatresa\",\"description\":\"Aplicaci\u00f3n de recubrimientos antiadherentes y anticorrosivos como el Teflon. Expertos del Powder Coating\",\"publisher\":{\"@id\":\"https:\\\/\\\/www.coatresa.com\\\/ca\\\/#organization\"},\"potentialAction\":[{\"@type\":\"SearchAction\",\"target\":{\"@type\":\"EntryPoint\",\"urlTemplate\":\"https:\\\/\\\/www.coatresa.com\\\/ca\\\/?s={search_term_string}\"},\"query-input\":{\"@type\":\"PropertyValueSpecification\",\"valueRequired\":true,\"valueName\":\"search_term_string\"}}],\"inLanguage\":\"ca-ES\"},{\"@type\":\"Organization\",\"@id\":\"https:\\\/\\\/www.coatresa.com\\\/ca\\\/#organization\",\"name\":\"Coatresa\",\"url\":\"https:\\\/\\\/www.coatresa.com\\\/ca\\\/\",\"logo\":{\"@type\":\"ImageObject\",\"inLanguage\":\"ca-ES\",\"@id\":\"https:\\\/\\\/www.coatresa.com\\\/ca\\\/#\\\/schema\\\/logo\\\/image\\\/\",\"url\":\"https:\\\/\\\/www.coatresa.com\\\/wp-content\\\/uploads\\\/2022\\\/07\\\/A_blava_mitja_transp.png\",\"contentUrl\":\"https:\\\/\\\/www.coatresa.com\\\/wp-content\\\/uploads\\\/2022\\\/07\\\/A_blava_mitja_transp.png\",\"width\":340,\"height\":326,\"caption\":\"Coatresa\"},\"image\":{\"@id\":\"https:\\\/\\\/www.coatresa.com\\\/ca\\\/#\\\/schema\\\/logo\\\/image\\\/\"},\"sameAs\":[\"https:\\\/\\\/www.facebook.com\\\/Coatresa\\\/\",\"https:\\\/\\\/x.com\\\/Coatresa\",\"https:\\\/\\\/www.linkedin.com\\\/company\\\/coatresa\\\/\",\"https:\\\/\\\/www.youtube.com\\\/user\\\/CoatresaCoatings\"]}]}<\/script>\n<!-- \/ Yoast SEO plugin. -->","yoast_head_json":{"title":"Recobriment Primeron\u00ae PPG - Coatresa","description":"Descobreix PRIMERON\u00ae, recobriments en pols d'alt rendiment. Protecci\u00f3 superior contra la corrosi\u00f3 en acer, alumini i m\u00e9s.","robots":{"index":"index","follow":"follow","max-snippet":"max-snippet:-1","max-image-preview":"max-image-preview:large","max-video-preview":"max-video-preview:-1"},"canonical":"https:\/\/www.coatresa.com\/ca\/recobriment-ppg-primeron\/","og_locale":"ca_ES","og_type":"article","og_title":"Recobriment Primeron\u00ae PPG - Coatresa","og_description":"Descobreix PRIMERON\u00ae, recobriments en pols d'alt rendiment. Protecci\u00f3 superior contra la corrosi\u00f3 en acer, alumini i m\u00e9s.","og_url":"https:\/\/www.coatresa.com\/ca\/recobriment-ppg-primeron\/","og_site_name":"Coatresa","article_publisher":"https:\/\/www.facebook.com\/Coatresa\/","twitter_card":"summary_large_image","twitter_site":"@Coatresa","twitter_misc":{"Est. reading time":"2 minutes"},"schema":{"@context":"https:\/\/schema.org","@graph":[{"@type":"WebPage","@id":"https:\/\/www.coatresa.com\/ca\/recobriment-ppg-primeron\/","url":"https:\/\/www.coatresa.com\/ca\/recobriment-ppg-primeron\/","name":"Recobriment Primeron\u00ae PPG - Coatresa","isPartOf":{"@id":"https:\/\/www.coatresa.com\/ca\/#website"},"datePublished":"2025-03-31T00:38:07+00:00","description":"Descobreix PRIMERON\u00ae, recobriments en pols d'alt rendiment. Protecci\u00f3 superior contra la corrosi\u00f3 en acer, alumini i m\u00e9s.","inLanguage":"ca-ES","potentialAction":[{"@type":"ReadAction","target":["https:\/\/www.coatresa.com\/ca\/recobriment-ppg-primeron\/"]}]},{"@type":"WebSite","@id":"https:\/\/www.coatresa.com\/ca\/#website","url":"https:\/\/www.coatresa.com\/ca\/","name":"Coatresa","description":"Aplicaci\u00f3n de recubrimientos antiadherentes y anticorrosivos como el Teflon. Expertos del Powder Coating","publisher":{"@id":"https:\/\/www.coatresa.com\/ca\/#organization"},"potentialAction":[{"@type":"SearchAction","target":{"@type":"EntryPoint","urlTemplate":"https:\/\/www.coatresa.com\/ca\/?s={search_term_string}"},"query-input":{"@type":"PropertyValueSpecification","valueRequired":true,"valueName":"search_term_string"}}],"inLanguage":"ca-ES"},{"@type":"Organization","@id":"https:\/\/www.coatresa.com\/ca\/#organization","name":"Coatresa","url":"https:\/\/www.coatresa.com\/ca\/","logo":{"@type":"ImageObject","inLanguage":"ca-ES","@id":"https:\/\/www.coatresa.com\/ca\/#\/schema\/logo\/image\/","url":"https:\/\/www.coatresa.com\/wp-content\/uploads\/2022\/07\/A_blava_mitja_transp.png","contentUrl":"https:\/\/www.coatresa.com\/wp-content\/uploads\/2022\/07\/A_blava_mitja_transp.png","width":340,"height":326,"caption":"Coatresa"},"image":{"@id":"https:\/\/www.coatresa.com\/ca\/#\/schema\/logo\/image\/"},"sameAs":["https:\/\/www.facebook.com\/Coatresa\/","https:\/\/x.com\/Coatresa","https:\/\/www.linkedin.com\/company\/coatresa\/","https:\/\/www.youtube.com\/user\/CoatresaCoatings"]}]}},"_links":{"self":[{"href":"https:\/\/www.coatresa.com\/ca\/wp-json\/wp\/v2\/pages\/69013","targetHints":{"allow":["GET"]}}],"collection":[{"href":"https:\/\/www.coatresa.com\/ca\/wp-json\/wp\/v2\/pages"}],"about":[{"href":"https:\/\/www.coatresa.com\/ca\/wp-json\/wp\/v2\/types\/page"}],"author":[{"embeddable":true,"href":"https:\/\/www.coatresa.com\/ca\/wp-json\/wp\/v2\/users\/4"}],"replies":[{"embeddable":true,"href":"https:\/\/www.coatresa.com\/ca\/wp-json\/wp\/v2\/comments?post=69013"}],"version-history":[{"count":0,"href":"https:\/\/www.coatresa.com\/ca\/wp-json\/wp\/v2\/pages\/69013\/revisions"}],"wp:attachment":[{"href":"https:\/\/www.coatresa.com\/ca\/wp-json\/wp\/v2\/media?parent=69013"}],"curies":[{"name":"wp","href":"https:\/\/api.w.org\/{rel}","templated":true}]}}