{"id":69278,"date":"2025-05-12T04:41:38","date_gmt":"2025-05-12T02:41:38","guid":{"rendered":"https:\/\/www.coatresa.com\/?page_id=69278"},"modified":"2025-05-26T02:08:47","modified_gmt":"2025-05-26T00:08:47","slug":"recobriments-mankiewicz","status":"publish","type":"page","link":"https:\/\/www.coatresa.com\/ca\/recobriments-mankiewicz\/","title":{"rendered":""},"content":{"rendered":"<div id=\"pl-69278\"  class=\"panel-layout\" ><div id=\"pg-69278-0\"  class=\"panel-grid panel-has-style\" ><div style=\"padding: 10px 0; \" data-overlay=\"true\" data-overlay-color=\"#000000\" class=\"panel-row-style panel-row-style-for-69278-0\" ><div id=\"pgc-69278-0-0\"  class=\"panel-grid-cell\" ><div id=\"panel-69278-0-0-0\" class=\"so-panel widget_sow-image panel-first-child panel-last-child\" data-index=\"0\" ><div style=\"text-align: left;\" data-title-color=\"#47425d\" data-headings-color=\"#443f3f\" data-title_alignment=\"center\" class=\"panel-widget-style panel-widget-style-for-69278-0-0-0\" ><div\n\t\t\t\n\t\t\tclass=\"so-widget-sow-image so-widget-sow-image-default-8b5b6f678277-69278\"\n\t\t\t\n\t\t>\n<div class=\"sow-image-container\">\n\t\t<img \n\tsrc=\"https:\/\/www.coatresa.com\/wp-content\/uploads\/2025\/05\/Logo-Mankiewicz_Coatresa-Logo.png\" width=\"197\" height=\"197\" srcset=\"https:\/\/www.coatresa.com\/wp-content\/uploads\/2025\/05\/Logo-Mankiewicz_Coatresa-Logo.png 197w, https:\/\/www.coatresa.com\/wp-content\/uploads\/2025\/05\/Logo-Mankiewicz_Coatresa-Logo-150x150.png 150w\" sizes=\"(max-width: 197px) 100vw, 197px\" title=\"Logo Mankiewicz_Coatresa Logo\" alt=\"\" \t\tclass=\"so-widget-image\"\/>\n\t<\/div>\n\n<\/div><\/div><\/div><\/div><div id=\"pgc-69278-0-1\"  class=\"panel-grid-cell\" ><div id=\"panel-69278-0-1-0\" class=\"so-panel widget_sow-editor panel-first-child panel-last-child\" data-index=\"1\" ><div style=\"text-align: left;\" data-title-color=\"#47425d\" data-headings-color=\"#443f3f\" data-title_alignment=\"center\" class=\"panel-widget-style panel-widget-style-for-69278-0-1-0\" ><div\n\t\t\t\n\t\t\tclass=\"so-widget-sow-editor so-widget-sow-editor-base\"\n\t\t\t\n\t\t>\n<div class=\"siteorigin-widget-tinymce textwidget\">\n\t<h1 style=\"text-align: left;\">Recobriments Mankiewicz<strong>\u00ae<\/strong><\/h1>\n<hr align=\"left\" \/>\n<p class=\"\" data-start=\"65\" data-end=\"454\">La gamma de recobriments t\u00e8cnics de <strong data-start=\"101\" data-end=\"116\">Mankiewicz\u00ae<\/strong> est\u00e0 especialment desenvolupada per complir amb els exigents est\u00e0ndards del <strong>sector de la defensa<\/strong>, oferint <strong>solucions d'alt rendiment en protecci\u00f3 antiadherent i resist\u00e8ncia qu\u00edmica.<\/strong> Aquests recobriments estan dissenyats per a aplicacions en components sotmesos a condicions extremes, garantint una alta durabilitat i fiabilitat operativa.<\/p>\n<p class=\"\" data-start=\"456\" data-end=\"840\">Gr\u00e0cies a la seva formulaci\u00f3 avan\u00e7ada, els recobriments Mankiewicz asseguren una <strong>protecci\u00f3 efica\u00e7 contra el desgast, la corrosi\u00f3 i l'acumulaci\u00f3 de residus<\/strong>, facilitant a m\u00e9s el manteniment i l'operativitat dels equips militars. S\u00f3n ideals per a vehicles t\u00e0ctics, components d'armament i sistemes de defensa que requereixen recobriments t\u00e8cnics amb prestacions espec\u00edfiques i duradores.<\/p>\n<\/div>\n<\/div><\/div><\/div><\/div><\/div><\/div><div id=\"pg-69278-1\"  class=\"panel-grid panel-has-style\" ><div style=\"padding: 20px 0; \" data-overlay=\"true\" data-overlay-color=\"#000000\" class=\"panel-row-style panel-row-style-for-69278-1\" ><div id=\"pgc-69278-1-0\"  class=\"panel-grid-cell\" ><div id=\"panel-69278-1-0-0\" class=\"so-panel widget_sow-editor panel-first-child panel-last-child\" data-index=\"2\" ><div style=\"text-align: left;\" data-title-color=\"#47425d\" data-headings-color=\"#443f3f\" data-title_alignment=\"center\" class=\"panel-widget-style panel-widget-style-for-69278-1-0-0\" ><div\n\t\t\t\n\t\t\tclass=\"so-widget-sow-editor so-widget-sow-editor-base\"\n\t\t\t\n\t\t>\n<div class=\"siteorigin-widget-tinymce textwidget\">\n\t<h2 class=\"BLAU-FOSC\" style=\"text-align: center;\">Refer\u00e8ncies Mankiewicz<\/h2>\n<p>&nbsp;<\/p>\n<p style=\"text-align: center;\"><strong>ALEXITHARDENER 400 NOC 8010123569430<\/strong><br \/>\n<strong>ALEXIT 90145 NOC 8010123569431<\/strong><br \/>\n<strong>ALEXIT 40623 NOC 8010123743913<\/strong><br \/>\n<strong>CELEROL DECKLACK 96212 SD NOC 8010121301263<\/strong><br \/>\n<strong>CELEROL DECKLACK 96212 NOC 8010121301269<\/strong><br \/>\n<strong>ALEXITHAERTER 400 NOC 8010123569430<\/strong><br \/>\n<strong>ALEXITVERDUENNER NOC 8010123569431<\/strong><br \/>\n<strong>ALEXIT47222FFS34079 NOC 8010123619603<\/strong><br \/>\n<strong>SEEVENAX NOC 8010123642530<\/strong><br \/>\n<strong>ALEXIT 47225 NOC 8010123802774<\/strong><br \/>\n<strong>ALEXITDL 47220 NOC 8010123825034<\/strong><br \/>\n<strong>SEEVENAX NOC 8030123555009<\/strong><br \/>\n<strong>NEXTEL 3101<\/strong><br \/>\n<strong>NEXTEL 811-21<\/strong><br \/>\n<strong>NEXTEL Primer 5523<\/strong><\/p>\n<\/div>\n<\/div><\/div><\/div><\/div><\/div><\/div><\/div>","protected":false},"excerpt":{"rendered":"<p>Recobriments Mankiewicz\u00ae La gamma de recobriments t\u00e8cnics de Mankiewicz\u00ae est\u00e0 especialment desenvolupada per complir amb els exigents est\u00e0ndards del sector de la [&hellip;]<\/p>\n","protected":false},"author":1,"featured_media":69272,"parent":0,"menu_order":0,"comment_status":"closed","ping_status":"closed","template":"page-templates\/page_fullwidth.php","meta":{"footnotes":""},"class_list":["post-69278","page","type-page","status-publish","has-post-thumbnail","hentry"],"yoast_head":"<!-- This site is optimized with the Yoast SEO plugin v27.6 - https:\/\/yoast.com\/product\/yoast-seo-wordpress\/ -->\n<title>Recobriments Mankiewicz - Coatresa<\/title>\n<meta name=\"description\" content=\"Descobreix els recobriments Mankiewicz\u00ae per a defensa: alta resist\u00e8ncia, protecci\u00f3 antiadherent i durabilitat en condicions extremes.\" \/>\n<meta name=\"robots\" content=\"index, follow, max-snippet:-1, max-image-preview:large, max-video-preview:-1\" \/>\n<link rel=\"canonical\" href=\"https:\/\/www.coatresa.com\/ca\/recobriments-mankiewicz\/\" \/>\n<meta property=\"og:locale\" content=\"ca_ES\" \/>\n<meta property=\"og:type\" content=\"article\" \/>\n<meta property=\"og:title\" content=\"Recobriments Mankiewicz - Coatresa\" \/>\n<meta property=\"og:description\" content=\"Descobreix els recobriments Mankiewicz\u00ae per a defensa: alta resist\u00e8ncia, protecci\u00f3 antiadherent i durabilitat en condicions extremes.\" \/>\n<meta property=\"og:url\" content=\"https:\/\/www.coatresa.com\/ca\/recobriments-mankiewicz\/\" \/>\n<meta property=\"og:site_name\" content=\"Coatresa\" \/>\n<meta property=\"article:publisher\" content=\"https:\/\/www.facebook.com\/Coatresa\/\" \/>\n<meta property=\"article:modified_time\" content=\"2025-05-26T00:08:47+00:00\" \/>\n<meta property=\"og:image\" content=\"https:\/\/www.coatresa.com\/wp-content\/uploads\/2025\/05\/Logo-Mankiewicz_Coatresa-Logo.png\" \/>\n\t<meta property=\"og:image:width\" content=\"197\" \/>\n\t<meta property=\"og:image:height\" content=\"197\" \/>\n\t<meta property=\"og:image:type\" content=\"image\/png\" \/>\n<meta name=\"twitter:card\" content=\"summary_large_image\" \/>\n<meta name=\"twitter:site\" content=\"@Coatresa\" \/>\n<meta name=\"twitter:label1\" content=\"Est. reading time\" \/>\n\t<meta name=\"twitter:data1\" content=\"2 minutes\" \/>\n<script type=\"application\/ld+json\" class=\"yoast-schema-graph\">{\"@context\":\"https:\\\/\\\/schema.org\",\"@graph\":[{\"@type\":\"WebPage\",\"@id\":\"https:\\\/\\\/www.coatresa.com\\\/ca\\\/recobriments-mankiewicz\\\/\",\"url\":\"https:\\\/\\\/www.coatresa.com\\\/ca\\\/recobriments-mankiewicz\\\/\",\"name\":\"Recobriments Mankiewicz - Coatresa\",\"isPartOf\":{\"@id\":\"https:\\\/\\\/www.coatresa.com\\\/ca\\\/#website\"},\"primaryImageOfPage\":{\"@id\":\"https:\\\/\\\/www.coatresa.com\\\/ca\\\/recobriments-mankiewicz\\\/#primaryimage\"},\"image\":{\"@id\":\"https:\\\/\\\/www.coatresa.com\\\/ca\\\/recobriments-mankiewicz\\\/#primaryimage\"},\"thumbnailUrl\":\"https:\\\/\\\/www.coatresa.com\\\/wp-content\\\/uploads\\\/2025\\\/05\\\/Logo-Mankiewicz_Coatresa-Logo.png\",\"datePublished\":\"2025-05-12T02:41:38+00:00\",\"dateModified\":\"2025-05-26T00:08:47+00:00\",\"description\":\"Descobreix els recobriments Mankiewicz\u00ae per a defensa: alta resist\u00e8ncia, protecci\u00f3 antiadherent i durabilitat en condicions extremes.\",\"inLanguage\":\"ca-ES\",\"potentialAction\":[{\"@type\":\"ReadAction\",\"target\":[\"https:\\\/\\\/www.coatresa.com\\\/ca\\\/recobriments-mankiewicz\\\/\"]}]},{\"@type\":\"ImageObject\",\"inLanguage\":\"ca-ES\",\"@id\":\"https:\\\/\\\/www.coatresa.com\\\/ca\\\/recobriments-mankiewicz\\\/#primaryimage\",\"url\":\"https:\\\/\\\/www.coatresa.com\\\/wp-content\\\/uploads\\\/2025\\\/05\\\/Logo-Mankiewicz_Coatresa-Logo.png\",\"contentUrl\":\"https:\\\/\\\/www.coatresa.com\\\/wp-content\\\/uploads\\\/2025\\\/05\\\/Logo-Mankiewicz_Coatresa-Logo.png\",\"width\":197,\"height\":197},{\"@type\":\"WebSite\",\"@id\":\"https:\\\/\\\/www.coatresa.com\\\/ca\\\/#website\",\"url\":\"https:\\\/\\\/www.coatresa.com\\\/ca\\\/\",\"name\":\"Coatresa\",\"description\":\"Aplicaci\u00f3n de recubrimientos antiadherentes y anticorrosivos como el Teflon. Expertos del Powder Coating\",\"publisher\":{\"@id\":\"https:\\\/\\\/www.coatresa.com\\\/ca\\\/#organization\"},\"potentialAction\":[{\"@type\":\"SearchAction\",\"target\":{\"@type\":\"EntryPoint\",\"urlTemplate\":\"https:\\\/\\\/www.coatresa.com\\\/ca\\\/?s={search_term_string}\"},\"query-input\":{\"@type\":\"PropertyValueSpecification\",\"valueRequired\":true,\"valueName\":\"search_term_string\"}}],\"inLanguage\":\"ca-ES\"},{\"@type\":\"Organization\",\"@id\":\"https:\\\/\\\/www.coatresa.com\\\/ca\\\/#organization\",\"name\":\"Coatresa\",\"url\":\"https:\\\/\\\/www.coatresa.com\\\/ca\\\/\",\"logo\":{\"@type\":\"ImageObject\",\"inLanguage\":\"ca-ES\",\"@id\":\"https:\\\/\\\/www.coatresa.com\\\/ca\\\/#\\\/schema\\\/logo\\\/image\\\/\",\"url\":\"https:\\\/\\\/www.coatresa.com\\\/wp-content\\\/uploads\\\/2022\\\/07\\\/A_blava_mitja_transp.png\",\"contentUrl\":\"https:\\\/\\\/www.coatresa.com\\\/wp-content\\\/uploads\\\/2022\\\/07\\\/A_blava_mitja_transp.png\",\"width\":340,\"height\":326,\"caption\":\"Coatresa\"},\"image\":{\"@id\":\"https:\\\/\\\/www.coatresa.com\\\/ca\\\/#\\\/schema\\\/logo\\\/image\\\/\"},\"sameAs\":[\"https:\\\/\\\/www.facebook.com\\\/Coatresa\\\/\",\"https:\\\/\\\/x.com\\\/Coatresa\",\"https:\\\/\\\/www.linkedin.com\\\/company\\\/coatresa\\\/\",\"https:\\\/\\\/www.youtube.com\\\/user\\\/CoatresaCoatings\"]}]}<\/script>\n<!-- \/ Yoast SEO plugin. -->","yoast_head_json":{"title":"Recobriments Mankiewicz - Coatresa","description":"Descobreix els recobriments Mankiewicz\u00ae per a defensa: alta resist\u00e8ncia, protecci\u00f3 antiadherent i durabilitat en condicions extremes.","robots":{"index":"index","follow":"follow","max-snippet":"max-snippet:-1","max-image-preview":"max-image-preview:large","max-video-preview":"max-video-preview:-1"},"canonical":"https:\/\/www.coatresa.com\/ca\/recobriments-mankiewicz\/","og_locale":"ca_ES","og_type":"article","og_title":"Recobriments Mankiewicz - Coatresa","og_description":"Descobreix els recobriments Mankiewicz\u00ae per a defensa: alta resist\u00e8ncia, protecci\u00f3 antiadherent i durabilitat en condicions extremes.","og_url":"https:\/\/www.coatresa.com\/ca\/recobriments-mankiewicz\/","og_site_name":"Coatresa","article_publisher":"https:\/\/www.facebook.com\/Coatresa\/","article_modified_time":"2025-05-26T00:08:47+00:00","og_image":[{"width":197,"height":197,"url":"https:\/\/www.coatresa.com\/wp-content\/uploads\/2025\/05\/Logo-Mankiewicz_Coatresa-Logo.png","type":"image\/png"}],"twitter_card":"summary_large_image","twitter_site":"@Coatresa","twitter_misc":{"Est. reading time":"2 minutes"},"schema":{"@context":"https:\/\/schema.org","@graph":[{"@type":"WebPage","@id":"https:\/\/www.coatresa.com\/ca\/recobriments-mankiewicz\/","url":"https:\/\/www.coatresa.com\/ca\/recobriments-mankiewicz\/","name":"Recobriments Mankiewicz - Coatresa","isPartOf":{"@id":"https:\/\/www.coatresa.com\/ca\/#website"},"primaryImageOfPage":{"@id":"https:\/\/www.coatresa.com\/ca\/recobriments-mankiewicz\/#primaryimage"},"image":{"@id":"https:\/\/www.coatresa.com\/ca\/recobriments-mankiewicz\/#primaryimage"},"thumbnailUrl":"https:\/\/www.coatresa.com\/wp-content\/uploads\/2025\/05\/Logo-Mankiewicz_Coatresa-Logo.png","datePublished":"2025-05-12T02:41:38+00:00","dateModified":"2025-05-26T00:08:47+00:00","description":"Descobreix els recobriments Mankiewicz\u00ae per a defensa: alta resist\u00e8ncia, protecci\u00f3 antiadherent i durabilitat en condicions extremes.","inLanguage":"ca-ES","potentialAction":[{"@type":"ReadAction","target":["https:\/\/www.coatresa.com\/ca\/recobriments-mankiewicz\/"]}]},{"@type":"ImageObject","inLanguage":"ca-ES","@id":"https:\/\/www.coatresa.com\/ca\/recobriments-mankiewicz\/#primaryimage","url":"https:\/\/www.coatresa.com\/wp-content\/uploads\/2025\/05\/Logo-Mankiewicz_Coatresa-Logo.png","contentUrl":"https:\/\/www.coatresa.com\/wp-content\/uploads\/2025\/05\/Logo-Mankiewicz_Coatresa-Logo.png","width":197,"height":197},{"@type":"WebSite","@id":"https:\/\/www.coatresa.com\/ca\/#website","url":"https:\/\/www.coatresa.com\/ca\/","name":"Coatresa","description":"Aplicaci\u00f3n de recubrimientos antiadherentes y anticorrosivos como el Teflon. Expertos del Powder Coating","publisher":{"@id":"https:\/\/www.coatresa.com\/ca\/#organization"},"potentialAction":[{"@type":"SearchAction","target":{"@type":"EntryPoint","urlTemplate":"https:\/\/www.coatresa.com\/ca\/?s={search_term_string}"},"query-input":{"@type":"PropertyValueSpecification","valueRequired":true,"valueName":"search_term_string"}}],"inLanguage":"ca-ES"},{"@type":"Organization","@id":"https:\/\/www.coatresa.com\/ca\/#organization","name":"Coatresa","url":"https:\/\/www.coatresa.com\/ca\/","logo":{"@type":"ImageObject","inLanguage":"ca-ES","@id":"https:\/\/www.coatresa.com\/ca\/#\/schema\/logo\/image\/","url":"https:\/\/www.coatresa.com\/wp-content\/uploads\/2022\/07\/A_blava_mitja_transp.png","contentUrl":"https:\/\/www.coatresa.com\/wp-content\/uploads\/2022\/07\/A_blava_mitja_transp.png","width":340,"height":326,"caption":"Coatresa"},"image":{"@id":"https:\/\/www.coatresa.com\/ca\/#\/schema\/logo\/image\/"},"sameAs":["https:\/\/www.facebook.com\/Coatresa\/","https:\/\/x.com\/Coatresa","https:\/\/www.linkedin.com\/company\/coatresa\/","https:\/\/www.youtube.com\/user\/CoatresaCoatings"]}]}},"_links":{"self":[{"href":"https:\/\/www.coatresa.com\/ca\/wp-json\/wp\/v2\/pages\/69278","targetHints":{"allow":["GET"]}}],"collection":[{"href":"https:\/\/www.coatresa.com\/ca\/wp-json\/wp\/v2\/pages"}],"about":[{"href":"https:\/\/www.coatresa.com\/ca\/wp-json\/wp\/v2\/types\/page"}],"author":[{"embeddable":true,"href":"https:\/\/www.coatresa.com\/ca\/wp-json\/wp\/v2\/users\/1"}],"replies":[{"embeddable":true,"href":"https:\/\/www.coatresa.com\/ca\/wp-json\/wp\/v2\/comments?post=69278"}],"version-history":[{"count":0,"href":"https:\/\/www.coatresa.com\/ca\/wp-json\/wp\/v2\/pages\/69278\/revisions"}],"wp:featuredmedia":[{"embeddable":true,"href":"https:\/\/www.coatresa.com\/ca\/wp-json\/wp\/v2\/media\/69272"}],"wp:attachment":[{"href":"https:\/\/www.coatresa.com\/ca\/wp-json\/wp\/v2\/media?parent=69278"}],"curies":[{"name":"wp","href":"https:\/\/api.w.org\/{rel}","templated":true}]}}