{"id":69370,"date":"2025-05-22T02:57:16","date_gmt":"2025-05-22T00:57:16","guid":{"rendered":"https:\/\/www.coatresa.com\/?page_id=69370"},"modified":"2025-05-22T02:58:51","modified_gmt":"2025-05-22T00:58:51","slug":"recobriments-incopaint","status":"publish","type":"page","link":"https:\/\/www.coatresa.com\/ca\/recobriments-incopaint\/","title":{"rendered":""},"content":{"rendered":"<div id=\"pl-69370\"  class=\"panel-layout\" ><div id=\"pg-69370-0\"  class=\"panel-grid panel-has-style\" ><div style=\"padding: 10px 0; \" data-overlay=\"true\" data-overlay-color=\"#000000\" class=\"panel-row-style panel-row-style-for-69370-0\" ><div id=\"pgc-69370-0-0\"  class=\"panel-grid-cell\" ><div id=\"panel-69370-0-0-0\" class=\"so-panel widget_sow-image panel-first-child panel-last-child\" data-index=\"0\" ><div style=\"text-align: left;\" data-title-color=\"#47425d\" data-headings-color=\"#443f3f\" data-title_alignment=\"center\" class=\"panel-widget-style panel-widget-style-for-69370-0-0-0\" ><div\n\t\t\t\n\t\t\tclass=\"so-widget-sow-image so-widget-sow-image-default-8b5b6f678277-69370\"\n\t\t\t\n\t\t>\n<div class=\"sow-image-container\">\n\t\t<img \n\tsrc=\"https:\/\/www.coatresa.com\/wp-content\/uploads\/2025\/05\/Logo-INCOPAINT.png\" width=\"197\" height=\"197\" srcset=\"https:\/\/www.coatresa.com\/wp-content\/uploads\/2025\/05\/Logo-INCOPAINT.png 197w, https:\/\/www.coatresa.com\/wp-content\/uploads\/2025\/05\/Logo-INCOPAINT-150x150.png 150w\" sizes=\"(max-width: 197px) 100vw, 197px\" title=\"Logo INCOPAINT\" alt=\"\" \t\tclass=\"so-widget-image\"\/>\n\t<\/div>\n\n<\/div><\/div><\/div><\/div><div id=\"pgc-69370-0-1\"  class=\"panel-grid-cell\" ><div id=\"panel-69370-0-1-0\" class=\"so-panel widget_sow-editor panel-first-child panel-last-child\" data-index=\"1\" ><div style=\"text-align: left;\" data-title-color=\"#47425d\" data-headings-color=\"#443f3f\" data-title_alignment=\"center\" class=\"panel-widget-style panel-widget-style-for-69370-0-1-0\" ><div\n\t\t\t\n\t\t\tclass=\"so-widget-sow-editor so-widget-sow-editor-base\"\n\t\t\t\n\t\t>\n<div class=\"siteorigin-widget-tinymce textwidget\">\n\t<h1 style=\"text-align: left;\">Recobriments Incopaint\u00ae<\/h1>\n<hr align=\"left\" \/>\n<p><strong>Incopaint\u00ae<\/strong> \u00e9s un prove\u00efdor l\u00edder en recobriments t\u00e8cnics que ofereix solucions avan\u00e7ades, complint amb els exigents est\u00e0ndards de la ind\u00fastria de la defensa. Els recobriments d'Incopaint estan dissenyats per proporcionar una protecci\u00f3 superior i un rendiment \u00f2ptim en aplicacions militars.<\/p>\n<\/div>\n<\/div><\/div><\/div><\/div><\/div><\/div><div id=\"pg-69370-1\"  class=\"panel-grid panel-has-style\" ><div class=\"FRANJA-BLAVA-TITOL siteorigin-panels-stretch panel-row-style panel-row-style-for-69370-1\" style=\"padding: 10px 0; \" data-stretch-type=\"full\" data-overlay=\"true\" data-overlay-color=\"#000000\" ><div id=\"pgc-69370-1-0\"  class=\"panel-grid-cell\" ><div id=\"panel-69370-1-0-0\" class=\"so-panel widget_sow-editor panel-first-child panel-last-child\" data-index=\"2\" ><div class=\"FRANJA-BLAVA-TITOL panel-widget-style panel-widget-style-for-69370-1-0-0\" style=\"text-align: left;\" data-title-color=\"#47425d\" data-headings-color=\"#443f3f\" data-title_alignment=\"center\" ><div\n\t\t\t\n\t\t\tclass=\"so-widget-sow-editor so-widget-sow-editor-base\"\n\t\t\t\n\t\t>\n<div class=\"siteorigin-widget-tinymce textwidget\">\n\t<h2 style=\"text-align: center;\">Propietats i beneficis dels recobriments Incopaint\u00ae<\/h2>\n<\/div>\n<\/div><\/div><\/div><\/div><\/div><\/div><div id=\"pg-69370-2\"  class=\"panel-grid panel-has-style\" ><div class=\"siteorigin-panels-stretch panel-row-style panel-row-style-for-69370-2\" style=\"padding: 20px 0; \" data-stretch-type=\"full\" data-overlay=\"true\" data-overlay-color=\"#000000\" ><div id=\"pgc-69370-2-0\"  class=\"panel-grid-cell\" ><div id=\"panel-69370-2-0-0\" class=\"so-panel widget_sow-editor panel-first-child panel-last-child\" data-index=\"3\" ><div style=\"text-align: left;\" data-title-color=\"#47425d\" data-headings-color=\"#443f3f\" data-title_alignment=\"center\" class=\"panel-widget-style panel-widget-style-for-69370-2-0-0\" ><div\n\t\t\t\n\t\t\tclass=\"so-widget-sow-editor so-widget-sow-editor-base\"\n\t\t\t\n\t\t>\n<div class=\"siteorigin-widget-tinymce textwidget\">\n\t<ul>\n<li><strong>Resist\u00e8ncia a la corrosi\u00f3 i productes qu\u00edmics:<\/strong> Els recobriments de Incopaint ofereixen una protecci\u00f3 excepcional contra la corrosi\u00f3 i l'exposici\u00f3 a productes qu\u00edmics agressius, assegurant la integritat i longevitat dels equips militars en entorns hostils.\u200b<\/li>\n<li><strong>Reducci\u00f3 de fricci\u00f3:<\/strong> Aquests recobriments disminueixen significativament el coeficient de fricci\u00f3, millorant l'efici\u00e8ncia operativa i reduint el desgast dels components m\u00f2bils en sistemes de defensa.\u200b<\/li>\n<li><strong>Alta resist\u00e8ncia t\u00e8rmica:<\/strong> Capa\u00e7os de suportar temperatures extremes, els recobriments de Incopaint garanteixen un rendiment estable i fiable dels equips militars en condicions t\u00e8rmiques adverses.\u200b<\/li>\n<li><strong>Propietats antiadherents i autonetejadores:<\/strong> Faciliten la neteja i el manteniment dels equips, contribuint a una major operativitat i reducci\u00f3 de temps d'inactivitat en operacions militars.\u200b<\/li>\n<li><strong>A\u00efllament el\u00e8ctric i dissipaci\u00f3 electroest\u00e0tica:<\/strong> Ideals per a aplicacions electr\u00f2niques sensibles en defensa, aquests recobriments proporcionen a\u00efllament el\u00e8ctric i poden adaptar-se per a dissipar c\u00e0rregues electroest\u00e0tiques segons les necessitats espec\u00edfiques.\u200b<\/li>\n<li><strong>Aplicacions en el sector de defensa:<\/strong> Els recobriments de Incopaint s'utilitzen en una \u00e0mplia gamma d'equips i components militars, incloent:\u200b\n<ul>\n<li>Sistemes d'armament i municions\u200b<\/li>\n<li>Components aeroespacials i d'aviaci\u00f3 militar\u200b<\/li>\n<li>Sistemes electr\u00f2nics i de comunicaci\u00f3\u200b<\/li>\n<li>Vehicles blindats i de transport<\/li>\n<li>\u200bInfraestructura naval i submarina\u200b<\/li>\n<\/ul>\n<\/li>\n<\/ul>\n<\/div>\n<\/div><\/div><\/div><\/div><\/div><\/div><div id=\"pg-69370-3\"  class=\"panel-grid panel-has-style\" ><div class=\"FRANJA-BLAVA-TITOL siteorigin-panels-stretch panel-row-style panel-row-style-for-69370-3\" style=\"padding: 10px 0; \" data-stretch-type=\"full\" data-overlay=\"true\" data-overlay-color=\"#000000\" ><div id=\"pgc-69370-3-0\"  class=\"panel-grid-cell\" ><div id=\"panel-69370-3-0-0\" class=\"so-panel widget_sow-editor panel-first-child panel-last-child\" data-index=\"4\" ><div class=\"FRANJA-BLAVA-TITOL panel-widget-style panel-widget-style-for-69370-3-0-0\" style=\"text-align: left;\" data-title-color=\"#47425d\" data-headings-color=\"#443f3f\" data-title_alignment=\"center\" ><div\n\t\t\t\n\t\t\tclass=\"so-widget-sow-editor so-widget-sow-editor-base\"\n\t\t\t\n\t\t>\n<div class=\"siteorigin-widget-tinymce textwidget\">\n\t<h2 style=\"text-align: center;\">Acabats<\/h2>\n<\/div>\n<\/div><\/div><\/div><\/div><\/div><\/div><div id=\"pg-69370-4\"  class=\"panel-grid panel-has-style\" ><div class=\"siteorigin-panels-stretch panel-row-style panel-row-style-for-69370-4\" style=\"padding: 20px 0; \" data-stretch-type=\"full\" data-overlay=\"true\" data-overlay-color=\"#000000\" ><div id=\"pgc-69370-4-0\"  class=\"panel-grid-cell\" ><div id=\"panel-69370-4-0-0\" class=\"so-panel widget_sow-editor panel-first-child panel-last-child\" data-index=\"5\" ><div style=\"text-align: left;\" data-title-color=\"#47425d\" data-headings-color=\"#443f3f\" data-title_alignment=\"center\" class=\"panel-widget-style panel-widget-style-for-69370-4-0-0\" ><div\n\t\t\t\n\t\t\tclass=\"so-widget-sow-editor so-widget-sow-editor-base\"\n\t\t\t\n\t\t>\n<div class=\"siteorigin-widget-tinymce textwidget\">\n\t<ul>\n<li><strong>Acabats amb invisibilitat en l'espectre infraroig:<\/strong> Formulats amb pigments que redueixen la reflexi\u00f3 en l'espectre infraroig, proporcionant caracter\u00edstiques de camuflatge en aquest rang. Compleix amb la norma espanyola NME-2499 (CAQUI M12).<\/li>\n<li><strong>Acabats CARC (Chemical Agent Resistant Coating):<\/strong> Dissenyats per a protegir estructures, vehicles i dispositius electr\u00f2nics contra la contaminaci\u00f3 qu\u00edmica i facilitar la seva descontaminaci\u00f3. Compleixen amb els est\u00e0ndards STANAG 4360 Ed3 AEP 65 i ofereixen resist\u00e8ncia al creixement de fongs (MIL STD 810 G 508.5).\u200b<\/li>\n<li><strong>Acabats\u00a0ASKD:<\/strong> Indicats per a vehicles o estructures exposades a productes qu\u00edmics agressius, com els l\u00edquids hidr\u00e0ulics en l'aviaci\u00f3. Ofereixen resist\u00e8ncia a la immersi\u00f3 en\u00a0Skydrol\u00a0durant 1000 hores.\u200b<\/li>\n<\/ul>\n<\/div>\n<\/div><\/div><\/div><\/div><\/div><\/div><div id=\"pg-69370-5\"  class=\"panel-grid panel-has-style\" ><div style=\"padding: 10px 0; \" data-overlay=\"true\" data-overlay-color=\"#000000\" class=\"panel-row-style panel-row-style-for-69370-5\" ><div id=\"pgc-69370-5-0\"  class=\"panel-grid-cell\" ><div id=\"panel-69370-5-0-0\" class=\"so-panel widget_sow-editor panel-first-child panel-last-child\" data-index=\"6\" ><div style=\"text-align: left;\" data-title-color=\"#47425d\" data-headings-color=\"#443f3f\" data-title_alignment=\"center\" class=\"panel-widget-style panel-widget-style-for-69370-5-0-0\" ><div\n\t\t\t\n\t\t\tclass=\"so-widget-sow-editor so-widget-sow-editor-base\"\n\t\t\t\n\t\t>\n<div class=\"siteorigin-widget-tinymce textwidget\">\n\t<h2 class=\"BLAU-FOSC\" style=\"text-align: center;\">Refer\u00e8ncies Incopaint<\/h2>\n<p>&nbsp;<\/p>\n<p style=\"text-align: center;\"><strong>Incopaint C5IADFe<\/strong><br \/>\n<strong>Incopaint C5IADAl<\/strong><\/p>\n<\/div>\n<\/div><\/div><\/div><\/div><\/div><\/div><\/div>","protected":false},"excerpt":{"rendered":"<p>Recobriments Incopaint\u00ae Incopaint\u00ae \u00e9s un prove\u00efdor l\u00edder en recobriments t\u00e8cnics que ofereix solucions avan\u00e7ades, complint amb els exigents est\u00e0ndards de la ind\u00fastria [&hellip;]<\/p>\n","protected":false},"author":1,"featured_media":0,"parent":0,"menu_order":0,"comment_status":"closed","ping_status":"closed","template":"page-templates\/page_fullwidth.php","meta":{"footnotes":""},"class_list":["post-69370","page","type-page","status-publish","hentry"],"yoast_head":"<!-- This site is optimized with the Yoast SEO plugin v27.6 - https:\/\/yoast.com\/product\/yoast-seo-wordpress\/ -->\n<title>Recobriments Incopaint\u00ae - Coatresa<\/title>\n<meta name=\"description\" content=\"Descobreix els recobriments avan\u00e7ats d&#039;Incopaint\u00ae: protecci\u00f3 superior i rendiment \u00f2ptim per a aplicacions militars.\" \/>\n<meta name=\"robots\" content=\"index, follow, max-snippet:-1, max-image-preview:large, max-video-preview:-1\" \/>\n<link rel=\"canonical\" href=\"https:\/\/www.coatresa.com\/ca\/recobriments-incopaint\/\" \/>\n<meta property=\"og:locale\" content=\"ca_ES\" \/>\n<meta property=\"og:type\" content=\"article\" \/>\n<meta property=\"og:title\" content=\"Recobriments Incopaint\u00ae - Coatresa\" \/>\n<meta property=\"og:description\" content=\"Descobreix els recobriments avan\u00e7ats d&#039;Incopaint\u00ae: protecci\u00f3 superior i rendiment \u00f2ptim per a aplicacions militars.\" \/>\n<meta property=\"og:url\" content=\"https:\/\/www.coatresa.com\/ca\/recobriments-incopaint\/\" \/>\n<meta property=\"og:site_name\" content=\"Coatresa\" \/>\n<meta property=\"article:publisher\" content=\"https:\/\/www.facebook.com\/Coatresa\/\" \/>\n<meta property=\"article:modified_time\" content=\"2025-05-22T00:58:51+00:00\" \/>\n<meta name=\"twitter:card\" content=\"summary_large_image\" \/>\n<meta name=\"twitter:site\" content=\"@Coatresa\" \/>\n<meta name=\"twitter:label1\" content=\"Est. reading time\" \/>\n\t<meta name=\"twitter:data1\" content=\"2 minutes\" \/>\n<script type=\"application\/ld+json\" class=\"yoast-schema-graph\">{\"@context\":\"https:\\\/\\\/schema.org\",\"@graph\":[{\"@type\":\"WebPage\",\"@id\":\"https:\\\/\\\/www.coatresa.com\\\/ca\\\/recobriments-incopaint\\\/\",\"url\":\"https:\\\/\\\/www.coatresa.com\\\/ca\\\/recobriments-incopaint\\\/\",\"name\":\"Recobriments Incopaint\u00ae - Coatresa\",\"isPartOf\":{\"@id\":\"https:\\\/\\\/www.coatresa.com\\\/ca\\\/#website\"},\"datePublished\":\"2025-05-22T00:57:16+00:00\",\"dateModified\":\"2025-05-22T00:58:51+00:00\",\"description\":\"Descobreix els recobriments avan\u00e7ats d'Incopaint\u00ae: protecci\u00f3 superior i rendiment \u00f2ptim per a aplicacions militars.\",\"inLanguage\":\"ca-ES\",\"potentialAction\":[{\"@type\":\"ReadAction\",\"target\":[\"https:\\\/\\\/www.coatresa.com\\\/ca\\\/recobriments-incopaint\\\/\"]}]},{\"@type\":\"WebSite\",\"@id\":\"https:\\\/\\\/www.coatresa.com\\\/ca\\\/#website\",\"url\":\"https:\\\/\\\/www.coatresa.com\\\/ca\\\/\",\"name\":\"Coatresa\",\"description\":\"Aplicaci\u00f3n de recubrimientos antiadherentes y anticorrosivos como el Teflon. Expertos del Powder Coating\",\"publisher\":{\"@id\":\"https:\\\/\\\/www.coatresa.com\\\/ca\\\/#organization\"},\"potentialAction\":[{\"@type\":\"SearchAction\",\"target\":{\"@type\":\"EntryPoint\",\"urlTemplate\":\"https:\\\/\\\/www.coatresa.com\\\/ca\\\/?s={search_term_string}\"},\"query-input\":{\"@type\":\"PropertyValueSpecification\",\"valueRequired\":true,\"valueName\":\"search_term_string\"}}],\"inLanguage\":\"ca-ES\"},{\"@type\":\"Organization\",\"@id\":\"https:\\\/\\\/www.coatresa.com\\\/ca\\\/#organization\",\"name\":\"Coatresa\",\"url\":\"https:\\\/\\\/www.coatresa.com\\\/ca\\\/\",\"logo\":{\"@type\":\"ImageObject\",\"inLanguage\":\"ca-ES\",\"@id\":\"https:\\\/\\\/www.coatresa.com\\\/ca\\\/#\\\/schema\\\/logo\\\/image\\\/\",\"url\":\"https:\\\/\\\/www.coatresa.com\\\/wp-content\\\/uploads\\\/2022\\\/07\\\/A_blava_mitja_transp.png\",\"contentUrl\":\"https:\\\/\\\/www.coatresa.com\\\/wp-content\\\/uploads\\\/2022\\\/07\\\/A_blava_mitja_transp.png\",\"width\":340,\"height\":326,\"caption\":\"Coatresa\"},\"image\":{\"@id\":\"https:\\\/\\\/www.coatresa.com\\\/ca\\\/#\\\/schema\\\/logo\\\/image\\\/\"},\"sameAs\":[\"https:\\\/\\\/www.facebook.com\\\/Coatresa\\\/\",\"https:\\\/\\\/x.com\\\/Coatresa\",\"https:\\\/\\\/www.linkedin.com\\\/company\\\/coatresa\\\/\",\"https:\\\/\\\/www.youtube.com\\\/user\\\/CoatresaCoatings\"]}]}<\/script>\n<!-- \/ Yoast SEO plugin. -->","yoast_head_json":{"title":"Recobriments Incopaint\u00ae - Coatresa","description":"Descobreix els recobriments avan\u00e7ats d'Incopaint\u00ae: protecci\u00f3 superior i rendiment \u00f2ptim per a aplicacions militars.","robots":{"index":"index","follow":"follow","max-snippet":"max-snippet:-1","max-image-preview":"max-image-preview:large","max-video-preview":"max-video-preview:-1"},"canonical":"https:\/\/www.coatresa.com\/ca\/recobriments-incopaint\/","og_locale":"ca_ES","og_type":"article","og_title":"Recobriments Incopaint\u00ae - Coatresa","og_description":"Descobreix els recobriments avan\u00e7ats d'Incopaint\u00ae: protecci\u00f3 superior i rendiment \u00f2ptim per a aplicacions militars.","og_url":"https:\/\/www.coatresa.com\/ca\/recobriments-incopaint\/","og_site_name":"Coatresa","article_publisher":"https:\/\/www.facebook.com\/Coatresa\/","article_modified_time":"2025-05-22T00:58:51+00:00","twitter_card":"summary_large_image","twitter_site":"@Coatresa","twitter_misc":{"Est. reading time":"2 minutes"},"schema":{"@context":"https:\/\/schema.org","@graph":[{"@type":"WebPage","@id":"https:\/\/www.coatresa.com\/ca\/recobriments-incopaint\/","url":"https:\/\/www.coatresa.com\/ca\/recobriments-incopaint\/","name":"Recobriments Incopaint\u00ae - Coatresa","isPartOf":{"@id":"https:\/\/www.coatresa.com\/ca\/#website"},"datePublished":"2025-05-22T00:57:16+00:00","dateModified":"2025-05-22T00:58:51+00:00","description":"Descobreix els recobriments avan\u00e7ats d'Incopaint\u00ae: protecci\u00f3 superior i rendiment \u00f2ptim per a aplicacions militars.","inLanguage":"ca-ES","potentialAction":[{"@type":"ReadAction","target":["https:\/\/www.coatresa.com\/ca\/recobriments-incopaint\/"]}]},{"@type":"WebSite","@id":"https:\/\/www.coatresa.com\/ca\/#website","url":"https:\/\/www.coatresa.com\/ca\/","name":"Coatresa","description":"Aplicaci\u00f3n de recubrimientos antiadherentes y anticorrosivos como el Teflon. Expertos del Powder Coating","publisher":{"@id":"https:\/\/www.coatresa.com\/ca\/#organization"},"potentialAction":[{"@type":"SearchAction","target":{"@type":"EntryPoint","urlTemplate":"https:\/\/www.coatresa.com\/ca\/?s={search_term_string}"},"query-input":{"@type":"PropertyValueSpecification","valueRequired":true,"valueName":"search_term_string"}}],"inLanguage":"ca-ES"},{"@type":"Organization","@id":"https:\/\/www.coatresa.com\/ca\/#organization","name":"Coatresa","url":"https:\/\/www.coatresa.com\/ca\/","logo":{"@type":"ImageObject","inLanguage":"ca-ES","@id":"https:\/\/www.coatresa.com\/ca\/#\/schema\/logo\/image\/","url":"https:\/\/www.coatresa.com\/wp-content\/uploads\/2022\/07\/A_blava_mitja_transp.png","contentUrl":"https:\/\/www.coatresa.com\/wp-content\/uploads\/2022\/07\/A_blava_mitja_transp.png","width":340,"height":326,"caption":"Coatresa"},"image":{"@id":"https:\/\/www.coatresa.com\/ca\/#\/schema\/logo\/image\/"},"sameAs":["https:\/\/www.facebook.com\/Coatresa\/","https:\/\/x.com\/Coatresa","https:\/\/www.linkedin.com\/company\/coatresa\/","https:\/\/www.youtube.com\/user\/CoatresaCoatings"]}]}},"_links":{"self":[{"href":"https:\/\/www.coatresa.com\/ca\/wp-json\/wp\/v2\/pages\/69370","targetHints":{"allow":["GET"]}}],"collection":[{"href":"https:\/\/www.coatresa.com\/ca\/wp-json\/wp\/v2\/pages"}],"about":[{"href":"https:\/\/www.coatresa.com\/ca\/wp-json\/wp\/v2\/types\/page"}],"author":[{"embeddable":true,"href":"https:\/\/www.coatresa.com\/ca\/wp-json\/wp\/v2\/users\/1"}],"replies":[{"embeddable":true,"href":"https:\/\/www.coatresa.com\/ca\/wp-json\/wp\/v2\/comments?post=69370"}],"version-history":[{"count":0,"href":"https:\/\/www.coatresa.com\/ca\/wp-json\/wp\/v2\/pages\/69370\/revisions"}],"wp:attachment":[{"href":"https:\/\/www.coatresa.com\/ca\/wp-json\/wp\/v2\/media?parent=69370"}],"curies":[{"name":"wp","href":"https:\/\/api.w.org\/{rel}","templated":true}]}}