{"id":69526,"date":"2025-05-26T07:28:32","date_gmt":"2025-05-26T05:28:32","guid":{"rendered":"https:\/\/www.coatresa.com\/?page_id=69526"},"modified":"2025-05-26T07:28:32","modified_gmt":"2025-05-26T05:28:32","slug":"recobriments-barpimo","status":"publish","type":"page","link":"https:\/\/www.coatresa.com\/ca\/recobriments-barpimo\/","title":{"rendered":""},"content":{"rendered":"<div id=\"pl-69526\"  class=\"panel-layout\" ><div id=\"pg-69526-0\"  class=\"panel-grid panel-has-style\" ><div style=\"padding: 10px 0; \" data-overlay=\"true\" data-overlay-color=\"#000000\" class=\"panel-row-style panel-row-style-for-69526-0\" ><div id=\"pgc-69526-0-0\"  class=\"panel-grid-cell\" ><div id=\"panel-69526-0-0-0\" class=\"so-panel widget_sow-image panel-first-child panel-last-child\" data-index=\"0\" ><div style=\"text-align: left;\" data-title-color=\"#47425d\" data-headings-color=\"#443f3f\" data-title_alignment=\"center\" class=\"panel-widget-style panel-widget-style-for-69526-0-0-0\" ><div\n\t\t\t\n\t\t\tclass=\"so-widget-sow-image so-widget-sow-image-default-8b5b6f678277-69526\"\n\t\t\t\n\t\t>\n<div class=\"sow-image-container\">\n\t\t<img \n\tsrc=\"https:\/\/www.coatresa.com\/wp-content\/uploads\/2025\/05\/Barpimo-logo.png\" width=\"1023\" height=\"544\" srcset=\"https:\/\/www.coatresa.com\/wp-content\/uploads\/2025\/05\/Barpimo-logo.png 1023w, https:\/\/www.coatresa.com\/wp-content\/uploads\/2025\/05\/Barpimo-logo-300x160.png 300w, https:\/\/www.coatresa.com\/wp-content\/uploads\/2025\/05\/Barpimo-logo-768x408.png 768w, https:\/\/www.coatresa.com\/wp-content\/uploads\/2025\/05\/Barpimo-logo-1000x532.png 1000w, https:\/\/www.coatresa.com\/wp-content\/uploads\/2025\/05\/Barpimo-logo-230x122.png 230w, https:\/\/www.coatresa.com\/wp-content\/uploads\/2025\/05\/Barpimo-logo-350x186.png 350w, https:\/\/www.coatresa.com\/wp-content\/uploads\/2025\/05\/Barpimo-logo-480x255.png 480w\" sizes=\"(max-width: 1023px) 100vw, 1023px\" title=\"Barpimo logo\" alt=\"\" \t\tclass=\"so-widget-image\"\/>\n\t<\/div>\n\n<\/div><\/div><\/div><\/div><div id=\"pgc-69526-0-1\"  class=\"panel-grid-cell\" ><div id=\"panel-69526-0-1-0\" class=\"so-panel widget_sow-editor panel-first-child panel-last-child\" data-index=\"1\" ><div style=\"text-align: left;\" data-title-color=\"#47425d\" data-headings-color=\"#443f3f\" data-title_alignment=\"center\" class=\"panel-widget-style panel-widget-style-for-69526-0-1-0\" ><div\n\t\t\t\n\t\t\tclass=\"so-widget-sow-editor so-widget-sow-editor-base\"\n\t\t\t\n\t\t>\n<div class=\"siteorigin-widget-tinymce textwidget\">\n\t<h1 style=\"text-align: left;\">Recobriments Barpimo<\/h1>\n<hr align=\"left\" \/>\n<p>Amb m\u00e9s de 50 anys de traject\u00f2ria, Barpimo s'ha consolidat com un<strong> referent en el desenvolupament de pintures i vernissos d'alt rendiment per als sectors del metall, la fusta i la decoraci\u00f3.<\/strong> El seu comprom\u00eds amb l'excel\u00b7l\u00e8ncia i la innovaci\u00f3 ha perm\u00e8s oferir solucions adaptades a les exig\u00e8ncies de la ind\u00fastria moderna.<\/p>\n<p>Des dels seus inicis, Barpimo ha apostat per la inversi\u00f3 en R+D+I, dotant en els seus laboratoris de tecnologia avan\u00e7ada per al desenvolupament de productes innovadors i sostenibles. Aquest enfocament ha estat reconegut amb prestigiosos guardons, com el <strong>premi Pr\u00edncep Felip a l'Excel\u00b7l\u00e8ncia Empresarial (1998)<\/strong> i el <strong>premi Europeu de Medi Ambient (2000).<\/strong><\/p>\n<\/div>\n<\/div><\/div><\/div><\/div><\/div><\/div><div id=\"pg-69526-1\"  class=\"panel-grid panel-has-style\" ><div class=\"FRANJA-BLAVA-TITOL siteorigin-panels-stretch panel-row-style panel-row-style-for-69526-1\" style=\"padding: 10px 0; \" data-stretch-type=\"full\" data-overlay=\"true\" data-overlay-color=\"#000000\" ><div id=\"pgc-69526-1-0\"  class=\"panel-grid-cell\" ><div id=\"panel-69526-1-0-0\" class=\"so-panel widget_sow-editor panel-first-child panel-last-child\" data-index=\"2\" ><div class=\"FRANJA-BLAVA-TITOL panel-widget-style panel-widget-style-for-69526-1-0-0\" style=\"text-align: left;\" data-title-color=\"#47425d\" data-headings-color=\"#443f3f\" data-title_alignment=\"center\" ><div\n\t\t\t\n\t\t\tclass=\"so-widget-sow-editor so-widget-sow-editor-base\"\n\t\t\t\n\t\t>\n<div class=\"siteorigin-widget-tinymce textwidget\">\n\t<h2 style=\"text-align: center;\">\u00c0mplia gamma de productes per a m\u00faltiples aplicacions<\/h2>\n<\/div>\n<\/div><\/div><\/div><\/div><\/div><\/div><div id=\"pg-69526-2\"  class=\"panel-grid panel-has-style\" ><div style=\"padding: 10px 0; \" data-overlay=\"true\" data-overlay-color=\"#000000\" class=\"panel-row-style panel-row-style-for-69526-2\" ><div id=\"pgc-69526-2-0\"  class=\"panel-grid-cell\" ><div id=\"panel-69526-2-0-0\" class=\"so-panel widget_sow-editor panel-first-child panel-last-child\" data-index=\"3\" ><div style=\"text-align: left;\" data-title-color=\"#47425d\" data-headings-color=\"#443f3f\" data-title_alignment=\"center\" class=\"panel-widget-style panel-widget-style-for-69526-2-0-0\" ><div\n\t\t\t\n\t\t\tclass=\"so-widget-sow-editor so-widget-sow-editor-base\"\n\t\t\t\n\t\t>\n<div class=\"siteorigin-widget-tinymce textwidget\">\n\t<p>En l'\u00e0mbit del tractament de metalls i la protecci\u00f3 anticorrosiva,\u00a0Barpimo\u00a0disposa d'una extensa l\u00ednia de productes que inclou:<\/p>\n<ul>\n<li><strong>Emprimacions i esmalts d'alta adher\u00e8ncia<\/strong><\/li>\n<li><strong>Pintures epoxi i poliuretans de gran resist\u00e8ncia<\/strong><\/li>\n<li><strong>Solucions hidrosolubles d'\u00faltima generaci\u00f3<\/strong><\/li>\n<\/ul>\n<p>Aquests productes estan dissenyats per a oferir durabilitat, resist\u00e8ncia qu\u00edmica i facilitat d'aplicaci\u00f3, complint amb els est\u00e0ndards m\u00e9s exigents del sector.<\/p>\n<\/div>\n<\/div><\/div><\/div><\/div><\/div><\/div><div id=\"pg-69526-3\"  class=\"panel-grid panel-has-style\" ><div class=\"FRANJA-BLAVA-TITOL siteorigin-panels-stretch panel-row-style panel-row-style-for-69526-3\" style=\"padding: 10px 0; \" data-stretch-type=\"full\" data-overlay=\"true\" data-overlay-color=\"#000000\" ><div id=\"pgc-69526-3-0\"  class=\"panel-grid-cell\" ><div id=\"panel-69526-3-0-0\" class=\"so-panel widget_sow-editor panel-first-child panel-last-child\" data-index=\"4\" ><div class=\"FRANJA-BLAVA-TITOL panel-widget-style panel-widget-style-for-69526-3-0-0\" style=\"text-align: left;\" data-title-color=\"#47425d\" data-headings-color=\"#443f3f\" data-title_alignment=\"center\" ><div\n\t\t\t\n\t\t\tclass=\"so-widget-sow-editor so-widget-sow-editor-base\"\n\t\t\t\n\t\t>\n<div class=\"siteorigin-widget-tinymce textwidget\">\n\t<h2 style=\"text-align: center;\">Certificacions que avalen la qualitat<\/h2>\n<\/div>\n<\/div><\/div><\/div><\/div><\/div><\/div><div id=\"pg-69526-4\"  class=\"panel-grid panel-has-style\" ><div style=\"padding: 10px 0; \" data-overlay=\"true\" data-overlay-color=\"#000000\" class=\"panel-row-style panel-row-style-for-69526-4\" ><div id=\"pgc-69526-4-0\"  class=\"panel-grid-cell\" ><div id=\"panel-69526-4-0-0\" class=\"so-panel widget_sow-editor panel-first-child panel-last-child\" data-index=\"5\" ><div style=\"text-align: left;\" data-title-color=\"#47425d\" data-headings-color=\"#443f3f\" data-title_alignment=\"center\" class=\"panel-widget-style panel-widget-style-for-69526-4-0-0\" ><div\n\t\t\t\n\t\t\tclass=\"so-widget-sow-editor so-widget-sow-editor-base\"\n\t\t\t\n\t\t>\n<div class=\"siteorigin-widget-tinymce textwidget\">\n\t<p>L'empresa compta amb certificacions internacionals que donen suport al seu comprom\u00eds amb la qualitat i el medi ambient:<\/p>\n<ul>\n<li><strong>ISO 9001:2000<\/strong> - Gesti\u00f3 de la Qualitat<\/li>\n<li><strong>ISO 14001:2004<\/strong> - Gesti\u00f3 Mediambiental<\/li>\n<li><strong>OSHAS\u00a018001<\/strong> - Seguretat i Salut en el Treball<\/li>\n<\/ul>\n<\/div>\n<\/div><\/div><\/div><\/div><\/div><\/div><div id=\"pg-69526-5\"  class=\"panel-grid panel-has-style\" ><div style=\"padding: 10px 0; \" data-overlay=\"true\" data-overlay-color=\"#000000\" class=\"panel-row-style panel-row-style-for-69526-5\" ><div id=\"pgc-69526-5-0\"  class=\"panel-grid-cell\" ><div id=\"panel-69526-5-0-0\" class=\"so-panel widget_siteorigin-panels-builder panel-first-child panel-last-child\" data-index=\"6\" ><div style=\"text-align: left;\" data-title-color=\"#47425d\" data-headings-color=\"#443f3f\" data-title_alignment=\"center\" class=\"panel-widget-style panel-widget-style-for-69526-5-0-0\" ><div id=\"pl-w6833fc00b2d20\"  class=\"panel-layout\" ><div id=\"pg-w6833fc00b2d20-0\"  class=\"panel-grid panel-has-style\" ><div style=\"padding: 10px 0; \" data-overlay=\"true\" data-overlay-color=\"#000000\" class=\"panel-row-style panel-row-style-for-w6833fc00b2d20-0\" ><div id=\"pgc-w6833fc00b2d20-0-0\"  class=\"panel-grid-cell\" ><div id=\"panel-w6833fc00b2d20-0-0-0\" class=\"so-panel widget_sow-editor panel-first-child panel-last-child\" data-index=\"0\" ><div style=\"text-align: left;\" data-title-color=\"#47425d\" data-headings-color=\"#443f3f\" data-title_alignment=\"center\" class=\"panel-widget-style panel-widget-style-for-w6833fc00b2d20-0-0-0\" ><div\n\t\t\t\n\t\t\tclass=\"so-widget-sow-editor so-widget-sow-editor-base\"\n\t\t\t\n\t\t>\n<div class=\"siteorigin-widget-tinymce textwidget\">\n\t<h2 class=\"BLAU-FOSC\" style=\"text-align: center;\">Refer\u00e8ncies Barpimo<\/h2>\n<\/div>\n<\/div><\/div><\/div><\/div><\/div><\/div><div id=\"pg-w6833fc00b2d20-1\"  class=\"panel-grid panel-has-style\" ><div style=\"padding: 10px 0; \" data-overlay=\"true\" data-overlay-color=\"#000000\" class=\"panel-row-style panel-row-style-for-w6833fc00b2d20-1\" ><div id=\"pgc-w6833fc00b2d20-1-0\"  class=\"panel-grid-cell\" ><div id=\"panel-w6833fc00b2d20-1-0-0\" class=\"so-panel widget_sow-editor panel-first-child panel-last-child\" data-index=\"1\" ><div style=\"text-align: left;\" data-title-color=\"#47425d\" data-headings-color=\"#443f3f\" data-title_alignment=\"center\" class=\"panel-widget-style panel-widget-style-for-w6833fc00b2d20-1-0-0\" ><div\n\t\t\t\n\t\t\tclass=\"so-widget-sow-editor so-widget-sow-editor-base\"\n\t\t\t\n\t\t>\n<div class=\"siteorigin-widget-tinymce textwidget\">\n\t<p style=\"text-align: center;\"><strong>L\u00cdNIA INDUSTRIAL<\/strong><\/p>\n<p style=\"text-align: center;\"><strong>BAREPIK 870 FC<\/strong><br \/>\n<strong>BAREPIK 870 WATER<\/strong><br \/>\n<strong>BAREPIK 870 LV<\/strong><br \/>\n<strong>BARPIZINC<\/strong><br \/>\n<strong>SILIBARP<\/strong><br \/>\n<strong>MIOX BARP<\/strong><br \/>\n<strong>LACAPOL DD<\/strong><br \/>\n<strong>LACAPOL WATER<\/strong><br \/>\n<strong>DUALCOTEX LS<\/strong><\/p>\n<\/div>\n<\/div><\/div><\/div><\/div><div id=\"pgc-w6833fc00b2d20-1-1\"  class=\"panel-grid-cell\" ><div id=\"panel-w6833fc00b2d20-1-1-0\" class=\"so-panel widget_sow-editor panel-first-child panel-last-child\" data-index=\"2\" ><div style=\"text-align: left;\" data-title-color=\"#47425d\" data-headings-color=\"#443f3f\" data-title_alignment=\"center\" class=\"panel-widget-style panel-widget-style-for-w6833fc00b2d20-1-1-0\" ><div\n\t\t\t\n\t\t\tclass=\"so-widget-sow-editor so-widget-sow-editor-base\"\n\t\t\t\n\t\t>\n<div class=\"siteorigin-widget-tinymce textwidget\">\n\t<p style=\"text-align: center;\"><strong>L\u00cdNIA DEFENSA<\/strong><\/p>\n<p style=\"text-align: center;\"><strong>C1958<\/strong><br \/>\n<strong>C1850<\/strong><br \/>\n<strong>1849L3,5<\/strong><br \/>\n<strong>1741<\/strong><br \/>\n<strong>1875<\/strong><br \/>\n<strong>C3742<\/strong><br \/>\n<strong>W3974<\/strong><br \/>\n<strong>D6848<\/strong><br \/>\n<strong>B3978<\/strong><br \/>\n<strong>N3791<\/strong><br \/>\n<strong>660442<\/strong><br \/>\n<strong>Q3876<\/strong><br \/>\n<strong>ZA858<\/strong><br \/>\n<strong>660074<\/strong><br \/>\n<strong>660669<\/strong><br \/>\n<strong>660670<\/strong><br \/>\n<strong>660671<\/strong><\/p>\n<\/div>\n<\/div><\/div><\/div><\/div><\/div><\/div><\/div><\/div><\/div><\/div><\/div><\/div><\/div>","protected":false},"excerpt":{"rendered":"<p>Recobriments Barpimo Amb m\u00e9s de 50 anys de traject\u00f2ria, Barpimo s&#8217;ha consolidat com un referent en el desenvolupament de pintures i vernissos [&hellip;]<\/p>\n","protected":false},"author":1,"featured_media":0,"parent":0,"menu_order":0,"comment_status":"closed","ping_status":"closed","template":"page-templates\/page_fullwidth.php","meta":{"footnotes":""},"class_list":["post-69526","page","type-page","status-publish","hentry"],"yoast_head":"<!-- This site is optimized with the Yoast SEO plugin v27.4 - https:\/\/yoast.com\/product\/yoast-seo-wordpress\/ -->\n<title>Recobriments Barpimo - Coatresa<\/title>\n<meta name=\"description\" content=\"Amb m\u00e9s de 50 anys de traject\u00f2ria, Barpimo s&#039;ha consolidat com un referent en el desenvolupament de pintures i vernissos d&#039;alt rendiment.\" \/>\n<meta name=\"robots\" content=\"index, follow, max-snippet:-1, max-image-preview:large, max-video-preview:-1\" \/>\n<link rel=\"canonical\" href=\"https:\/\/www.coatresa.com\/ca\/recobriments-barpimo\/\" \/>\n<meta property=\"og:locale\" content=\"ca_ES\" \/>\n<meta property=\"og:type\" content=\"article\" \/>\n<meta property=\"og:title\" content=\"Recobriments Barpimo - Coatresa\" \/>\n<meta property=\"og:description\" content=\"Amb m\u00e9s de 50 anys de traject\u00f2ria, Barpimo s&#039;ha consolidat com un referent en el desenvolupament de pintures i vernissos d&#039;alt rendiment.\" \/>\n<meta property=\"og:url\" content=\"https:\/\/www.coatresa.com\/ca\/recobriments-barpimo\/\" \/>\n<meta property=\"og:site_name\" content=\"Coatresa\" \/>\n<meta property=\"article:publisher\" content=\"https:\/\/www.facebook.com\/Coatresa\/\" \/>\n<meta name=\"twitter:card\" content=\"summary_large_image\" \/>\n<meta name=\"twitter:site\" content=\"@Coatresa\" \/>\n<meta name=\"twitter:label1\" content=\"Est. reading time\" \/>\n\t<meta name=\"twitter:data1\" content=\"2 minutes\" \/>\n<script type=\"application\/ld+json\" class=\"yoast-schema-graph\">{\"@context\":\"https:\\\/\\\/schema.org\",\"@graph\":[{\"@type\":\"WebPage\",\"@id\":\"https:\\\/\\\/www.coatresa.com\\\/ca\\\/recobriments-barpimo\\\/\",\"url\":\"https:\\\/\\\/www.coatresa.com\\\/ca\\\/recobriments-barpimo\\\/\",\"name\":\"Recobriments Barpimo - Coatresa\",\"isPartOf\":{\"@id\":\"https:\\\/\\\/www.coatresa.com\\\/ca\\\/#website\"},\"datePublished\":\"2025-05-26T05:28:32+00:00\",\"description\":\"Amb m\u00e9s de 50 anys de traject\u00f2ria, Barpimo s'ha consolidat com un referent en el desenvolupament de pintures i vernissos d'alt rendiment.\",\"inLanguage\":\"ca-ES\",\"potentialAction\":[{\"@type\":\"ReadAction\",\"target\":[\"https:\\\/\\\/www.coatresa.com\\\/ca\\\/recobriments-barpimo\\\/\"]}]},{\"@type\":\"WebSite\",\"@id\":\"https:\\\/\\\/www.coatresa.com\\\/ca\\\/#website\",\"url\":\"https:\\\/\\\/www.coatresa.com\\\/ca\\\/\",\"name\":\"Coatresa\",\"description\":\"Aplicaci\u00f3n de recubrimientos antiadherentes y anticorrosivos como el Teflon. Expertos del Powder Coating\",\"publisher\":{\"@id\":\"https:\\\/\\\/www.coatresa.com\\\/ca\\\/#organization\"},\"potentialAction\":[{\"@type\":\"SearchAction\",\"target\":{\"@type\":\"EntryPoint\",\"urlTemplate\":\"https:\\\/\\\/www.coatresa.com\\\/ca\\\/?s={search_term_string}\"},\"query-input\":{\"@type\":\"PropertyValueSpecification\",\"valueRequired\":true,\"valueName\":\"search_term_string\"}}],\"inLanguage\":\"ca-ES\"},{\"@type\":\"Organization\",\"@id\":\"https:\\\/\\\/www.coatresa.com\\\/ca\\\/#organization\",\"name\":\"Coatresa\",\"url\":\"https:\\\/\\\/www.coatresa.com\\\/ca\\\/\",\"logo\":{\"@type\":\"ImageObject\",\"inLanguage\":\"ca-ES\",\"@id\":\"https:\\\/\\\/www.coatresa.com\\\/ca\\\/#\\\/schema\\\/logo\\\/image\\\/\",\"url\":\"https:\\\/\\\/www.coatresa.com\\\/wp-content\\\/uploads\\\/2022\\\/07\\\/A_blava_mitja_transp.png\",\"contentUrl\":\"https:\\\/\\\/www.coatresa.com\\\/wp-content\\\/uploads\\\/2022\\\/07\\\/A_blava_mitja_transp.png\",\"width\":340,\"height\":326,\"caption\":\"Coatresa\"},\"image\":{\"@id\":\"https:\\\/\\\/www.coatresa.com\\\/ca\\\/#\\\/schema\\\/logo\\\/image\\\/\"},\"sameAs\":[\"https:\\\/\\\/www.facebook.com\\\/Coatresa\\\/\",\"https:\\\/\\\/x.com\\\/Coatresa\",\"https:\\\/\\\/www.linkedin.com\\\/company\\\/coatresa\\\/\",\"https:\\\/\\\/www.youtube.com\\\/user\\\/CoatresaCoatings\"]}]}<\/script>\n<!-- \/ Yoast SEO plugin. -->","yoast_head_json":{"title":"Recobriments Barpimo - Coatresa","description":"Amb m\u00e9s de 50 anys de traject\u00f2ria, Barpimo s'ha consolidat com un referent en el desenvolupament de pintures i vernissos d'alt rendiment.","robots":{"index":"index","follow":"follow","max-snippet":"max-snippet:-1","max-image-preview":"max-image-preview:large","max-video-preview":"max-video-preview:-1"},"canonical":"https:\/\/www.coatresa.com\/ca\/recobriments-barpimo\/","og_locale":"ca_ES","og_type":"article","og_title":"Recobriments Barpimo - Coatresa","og_description":"Amb m\u00e9s de 50 anys de traject\u00f2ria, Barpimo s'ha consolidat com un referent en el desenvolupament de pintures i vernissos d'alt rendiment.","og_url":"https:\/\/www.coatresa.com\/ca\/recobriments-barpimo\/","og_site_name":"Coatresa","article_publisher":"https:\/\/www.facebook.com\/Coatresa\/","twitter_card":"summary_large_image","twitter_site":"@Coatresa","twitter_misc":{"Est. reading time":"2 minutes"},"schema":{"@context":"https:\/\/schema.org","@graph":[{"@type":"WebPage","@id":"https:\/\/www.coatresa.com\/ca\/recobriments-barpimo\/","url":"https:\/\/www.coatresa.com\/ca\/recobriments-barpimo\/","name":"Recobriments Barpimo - Coatresa","isPartOf":{"@id":"https:\/\/www.coatresa.com\/ca\/#website"},"datePublished":"2025-05-26T05:28:32+00:00","description":"Amb m\u00e9s de 50 anys de traject\u00f2ria, Barpimo s'ha consolidat com un referent en el desenvolupament de pintures i vernissos d'alt rendiment.","inLanguage":"ca-ES","potentialAction":[{"@type":"ReadAction","target":["https:\/\/www.coatresa.com\/ca\/recobriments-barpimo\/"]}]},{"@type":"WebSite","@id":"https:\/\/www.coatresa.com\/ca\/#website","url":"https:\/\/www.coatresa.com\/ca\/","name":"Coatresa","description":"Aplicaci\u00f3n de recubrimientos antiadherentes y anticorrosivos como el Teflon. Expertos del Powder Coating","publisher":{"@id":"https:\/\/www.coatresa.com\/ca\/#organization"},"potentialAction":[{"@type":"SearchAction","target":{"@type":"EntryPoint","urlTemplate":"https:\/\/www.coatresa.com\/ca\/?s={search_term_string}"},"query-input":{"@type":"PropertyValueSpecification","valueRequired":true,"valueName":"search_term_string"}}],"inLanguage":"ca-ES"},{"@type":"Organization","@id":"https:\/\/www.coatresa.com\/ca\/#organization","name":"Coatresa","url":"https:\/\/www.coatresa.com\/ca\/","logo":{"@type":"ImageObject","inLanguage":"ca-ES","@id":"https:\/\/www.coatresa.com\/ca\/#\/schema\/logo\/image\/","url":"https:\/\/www.coatresa.com\/wp-content\/uploads\/2022\/07\/A_blava_mitja_transp.png","contentUrl":"https:\/\/www.coatresa.com\/wp-content\/uploads\/2022\/07\/A_blava_mitja_transp.png","width":340,"height":326,"caption":"Coatresa"},"image":{"@id":"https:\/\/www.coatresa.com\/ca\/#\/schema\/logo\/image\/"},"sameAs":["https:\/\/www.facebook.com\/Coatresa\/","https:\/\/x.com\/Coatresa","https:\/\/www.linkedin.com\/company\/coatresa\/","https:\/\/www.youtube.com\/user\/CoatresaCoatings"]}]}},"_links":{"self":[{"href":"https:\/\/www.coatresa.com\/ca\/wp-json\/wp\/v2\/pages\/69526","targetHints":{"allow":["GET"]}}],"collection":[{"href":"https:\/\/www.coatresa.com\/ca\/wp-json\/wp\/v2\/pages"}],"about":[{"href":"https:\/\/www.coatresa.com\/ca\/wp-json\/wp\/v2\/types\/page"}],"author":[{"embeddable":true,"href":"https:\/\/www.coatresa.com\/ca\/wp-json\/wp\/v2\/users\/1"}],"replies":[{"embeddable":true,"href":"https:\/\/www.coatresa.com\/ca\/wp-json\/wp\/v2\/comments?post=69526"}],"version-history":[{"count":0,"href":"https:\/\/www.coatresa.com\/ca\/wp-json\/wp\/v2\/pages\/69526\/revisions"}],"wp:attachment":[{"href":"https:\/\/www.coatresa.com\/ca\/wp-json\/wp\/v2\/media?parent=69526"}],"curies":[{"name":"wp","href":"https:\/\/api.w.org\/{rel}","templated":true}]}}