{"id":9803,"date":"2017-09-22T08:52:57","date_gmt":"2017-09-22T08:52:57","guid":{"rendered":"http:\/\/coatresa.com\/grupo-coatresa-soluciones-en-recubrimientos\/"},"modified":"2021-10-01T09:36:30","modified_gmt":"2021-10-01T07:36:30","slug":"grup-coatresa-solucions-en-recubriments","status":"publish","type":"page","link":"https:\/\/www.coatresa.com\/ca\/grup-coatresa-solucions-en-recubriments\/","title":{"rendered":"Grup Coatresa : Solucions en recobriments t\u00e8cnics"},"content":{"rendered":"<div id=\"pl-9803\"  class=\"panel-layout\" ><div id=\"pg-9803-0\"  class=\"panel-grid panel-has-style\" ><div style=\"padding: 0px 0; \" data-overlay=\"true\" data-overlay-color=\"#000000\" class=\"panel-row-style panel-row-style-for-9803-0\" ><div id=\"pgc-9803-0-0\"  class=\"panel-grid-cell\" ><div id=\"panel-9803-0-0-0\" class=\"so-panel widget_sow-editor panel-first-child\" data-index=\"0\" ><div style=\"text-align: left;\" data-title-color=\"#47425d\" data-headings-color=\"#000000\" data-title_alignment=\"center\" class=\"panel-widget-style panel-widget-style-for-9803-0-0-0\" ><div\n\t\t\t\n\t\t\tclass=\"so-widget-sow-editor so-widget-sow-editor-base\"\n\t\t\t\n\t\t>\n<div class=\"siteorigin-widget-tinymce textwidget\">\n\t<h1 style=\"text-align: center;\">Solucions en recobriments<\/h1>\n<hr \/>\n<p style=\"text-align: center;\">El Grup Coatresa neix de la necessitat d'oferir un servei integral d\u2019aplicaci\u00f3 de recobriments t\u00e8cnics a un mercat industrial global i en expansi\u00f3.<\/p>\n<p style=\"text-align: center;\">El grup aglutina diverses empreses amb \u00e0mplia experi\u00e8ncia en el sector del recobriment i de tractament de superf\u00edcies. Totes elles s\u00f3n expertes en l\u2019aplicaci\u00f3 de recobriments t\u00e8cnics amb productes base PTFE com\u00a0<b>Teflon<\/b>\u00ae,\u00a0<b>Xylan<\/b>\u00ae,\u00a0<b>Halar<\/b>\u00ae o\u00a0<b>Rilsan<\/b>\u00ae,\u00a0 i altres antiadherents com cautx\u00fas, silicones, EPDM, gomes i poliuretans que aporten solucions en recobriments \u00faniques a la ind\u00fastria.<\/p>\n<\/div>\n<\/div><\/div><\/div><div id=\"panel-9803-0-0-1\" class=\"so-panel widget_sow-image\" data-index=\"1\" ><div class=\"ICONA-PRINCIPAL panel-widget-style panel-widget-style-for-9803-0-0-1\" style=\"text-align: left;\" data-title-color=\"#47425d\" data-headings-color=\"#443f3f\" data-title_alignment=\"center\" ><div\n\t\t\t\n\t\t\tclass=\"so-widget-sow-image so-widget-sow-image-default-c67d20f9f743-9803\"\n\t\t\t\n\t\t>\n<div class=\"sow-image-container\">\n\t\t<img \n\tsrc=\"https:\/\/www.coatresa.com\/wp-content\/uploads\/2020\/02\/coatings-coatresa-group.png\" width=\"582\" height=\"164\" srcset=\"https:\/\/www.coatresa.com\/wp-content\/uploads\/2020\/02\/coatings-coatresa-group.png 582w, https:\/\/www.coatresa.com\/wp-content\/uploads\/2020\/02\/coatings-coatresa-group-300x85.png 300w, https:\/\/www.coatresa.com\/wp-content\/uploads\/2020\/02\/coatings-coatresa-group-230x65.png 230w, https:\/\/www.coatresa.com\/wp-content\/uploads\/2020\/02\/coatings-coatresa-group-350x99.png 350w, https:\/\/www.coatresa.com\/wp-content\/uploads\/2020\/02\/coatings-coatresa-group-480x135.png 480w\" sizes=\"(max-width: 582px) 100vw, 582px\" title=\"coatings Coatresa Group\" alt=\"coatings Coatresa Group\" \t\tclass=\"so-widget-image\"\/>\n\t<\/div>\n\n<\/div><\/div><\/div><div id=\"panel-9803-0-0-2\" class=\"so-panel widget_sow-editor panel-last-child\" data-index=\"2\" ><div class=\"TEXTOS-DESTACATS panel-widget-style panel-widget-style-for-9803-0-0-2\" style=\"text-align: left;\" data-title-color=\"#47425d\" data-headings-color=\"#443f3f\" data-title_alignment=\"center\" ><div\n\t\t\t\n\t\t\tclass=\"so-widget-sow-editor so-widget-sow-editor-base\"\n\t\t\t\n\t\t>\n<div class=\"siteorigin-widget-tinymce textwidget\">\n\t<p style=\"text-align: center;\">Empreses que formen part del Grup Coatresa:<\/p>\n<\/div>\n<\/div><\/div><\/div><\/div><\/div><\/div><div id=\"pg-9803-1\"  class=\"panel-grid panel-has-style\" ><div style=\"padding: 0px 0; \" data-overlay=\"true\" data-overlay-color=\"#000000\" class=\"panel-row-style panel-row-style-for-9803-1\" ><div id=\"pgc-9803-1-0\"  class=\"panel-grid-cell\" ><div class=\"BGC-GRIS PADDING-GRAN-CELDES AUGMENTAR-ICONA panel-cell-style panel-cell-style-for-9803-1-0\" ><div id=\"panel-9803-1-0-0\" class=\"widget_text so-panel widget_custom_html panel-first-child\" data-index=\"3\" ><div style=\"text-align: center;\" data-title-color=\"#47425d\" data-headings-color=\"#443f3f\" data-title_alignment=\"center\" class=\"widget_text panel-widget-style panel-widget-style-for-9803-1-0-0\" ><div class=\"textwidget custom-html-widget\"><a href=\"\/ca\/coatresa\/\" class=\"ICONES-SEUS-GRUP\"><img decoding=\"async\" src=\"\/wp-content\/uploads\/2020\/02\/recubrimientos-coatresa.png\"><\/a><\/div><\/div><\/div><div id=\"panel-9803-1-0-1\" class=\"so-panel widget_sow-editor panel-last-child\" data-index=\"4\" ><div class=\"ALTURA-MINIMA-1 panel-widget-style panel-widget-style-for-9803-1-0-1\" style=\"text-align: left;\" data-title-color=\"#47425d\" data-headings-color=\"#443f3f\" data-title_alignment=\"center\" ><div\n\t\t\t\n\t\t\tclass=\"so-widget-sow-editor so-widget-sow-editor-base\"\n\t\t\t\n\t\t>\n<div class=\"siteorigin-widget-tinymce textwidget\">\n\t<h2 style=\"text-align: center;\">BARCELONA - ESPANYA<\/h2>\n<p style=\"text-align: center;\">Recobriments per a la <b>panificaci\u00f3 industrial<\/b>, <b>laboratori I+D<\/b><\/p><\/div>\n<\/div><\/div><\/div><\/div><\/div><div id=\"pgc-9803-1-1\"  class=\"panel-grid-cell\" ><div class=\"BGC-GRIS PADDING-GRAN-CELDES AUGMENTAR-ICONA panel-cell-style panel-cell-style-for-9803-1-1\" ><div id=\"panel-9803-1-1-0\" class=\"widget_text so-panel widget_custom_html panel-first-child\" data-index=\"5\" ><div style=\"text-align: center;\" data-title-color=\"#47425d\" data-headings-color=\"#443f3f\" data-title_alignment=\"center\" class=\"widget_text panel-widget-style panel-widget-style-for-9803-1-1-0\" ><div class=\"textwidget custom-html-widget\"><a href=\"\/ca\/retansa\/\" class=\"ICONES-SEUS-GRUP\"><img decoding=\"async\" src=\"\/wp-content\/uploads\/2020\/02\/recubrimientos-retansa.png\"><\/a><\/div><\/div><\/div><div id=\"panel-9803-1-1-1\" class=\"so-panel widget_sow-editor panel-last-child\" data-index=\"6\" ><div class=\"ALTURA-MINIMA-1 panel-widget-style panel-widget-style-for-9803-1-1-1\" style=\"text-align: left;\" data-title-color=\"#47425d\" data-headings-color=\"#443f3f\" data-title_alignment=\"center\" ><div\n\t\t\t\n\t\t\tclass=\"so-widget-sow-editor so-widget-sow-editor-base\"\n\t\t\t\n\t\t>\n<div class=\"siteorigin-widget-tinymce textwidget\">\n\t<h2 style=\"text-align: center;\">VIT\u00d2RIA - ESPANYA<\/h2>\n<p style=\"text-align: center;\">Recobriments per al <b>parament<\/b>, <b>automoci\u00f3<\/b> y <b>petit electrodom\u00e8stic<\/b><\/p><\/div>\n<\/div><\/div><\/div><\/div><\/div><\/div><\/div><div id=\"pg-9803-2\"  class=\"panel-grid panel-has-style\" ><div style=\"padding: 0px 0; \" data-overlay=\"true\" data-overlay-color=\"#000000\" class=\"panel-row-style panel-row-style-for-9803-2\" ><div id=\"pgc-9803-2-0\"  class=\"panel-grid-cell\" ><div class=\"BGC-GRIS PADDING-GRAN-CELDES  AUGMENTAR-ICONA panel-cell-style panel-cell-style-for-9803-2-0\" ><div id=\"panel-9803-2-0-0\" class=\"widget_text so-panel widget_custom_html panel-first-child\" data-index=\"7\" ><div style=\"text-align: center;\" data-title-color=\"#47425d\" data-headings-color=\"#443f3f\" data-title_alignment=\"center\" class=\"widget_text panel-widget-style panel-widget-style-for-9803-2-0-0\" ><div class=\"textwidget custom-html-widget\"><a href=\"\/ca\/atresa-recobriments-industria\/\" class=\"ICONES-SEUS-GRUP\"><img decoding=\"async\" src=\"\/wp-content\/uploads\/2020\/02\/recubrimientos-atresa.png\"><\/a><\/div><\/div><\/div><div id=\"panel-9803-2-0-1\" class=\"so-panel widget_sow-editor panel-last-child\" data-index=\"8\" ><div class=\"ALTURA-MINIMA-1 panel-widget-style panel-widget-style-for-9803-2-0-1\" style=\"text-align: left;\" data-title-color=\"#47425d\" data-headings-color=\"#443f3f\" data-title_alignment=\"center\" ><div\n\t\t\t\n\t\t\tclass=\"so-widget-sow-editor so-widget-sow-editor-base\"\n\t\t\t\n\t\t>\n<div class=\"siteorigin-widget-tinymce textwidget\">\n\t<h2 style=\"text-align: center;\">BARCELONA - ESPANYA<\/h2>\n<p style=\"text-align: center;\">Recobriments per a la <b>ind\u00fastria<\/b><\/p><\/div>\n<\/div><\/div><\/div><\/div><\/div><div id=\"pgc-9803-2-1\"  class=\"panel-grid-cell\" ><div class=\"BGC-GRIS PADDING-GRAN-CELDES  AUGMENTAR-ICONA panel-cell-style panel-cell-style-for-9803-2-1\" ><div id=\"panel-9803-2-1-0\" class=\"widget_text so-panel widget_custom_html panel-first-child\" data-index=\"9\" ><div style=\"text-align: center;\" data-title-color=\"#47425d\" data-headings-color=\"#443f3f\" data-title_alignment=\"center\" class=\"widget_text panel-widget-style panel-widget-style-for-9803-2-1-0\" ><div class=\"textwidget custom-html-widget\"><a href=\"\/ca\/praimer-revestimentos-brasil\/\" class=\"ICONES-SEUS-GRUP\"><img decoding=\"async\" src=\"\/wp-content\/uploads\/2019\/03\/revestimentos-brasil-praimer-3.png\"><\/a><\/div><\/div><\/div><div id=\"panel-9803-2-1-1\" class=\"so-panel widget_sow-editor panel-last-child\" data-index=\"10\" ><div class=\"ALTURA-MINIMA-1 panel-widget-style panel-widget-style-for-9803-2-1-1\" style=\"text-align: left;\" data-title-color=\"#47425d\" data-headings-color=\"#443f3f\" data-title_alignment=\"center\" ><div\n\t\t\t\n\t\t\tclass=\"so-widget-sow-editor so-widget-sow-editor-base\"\n\t\t\t\n\t\t>\n<div class=\"siteorigin-widget-tinymce textwidget\">\n\t<h2 style=\"text-align: center;\">PONTA GROSSA - BRASIL<\/h2>\n<p style=\"text-align: center;\">Recobriments per a la <b>ind\u00fastria<\/b> i la\u00a0<b>panificaci\u00f3<\/b><\/p><\/div>\n<\/div><\/div><\/div><\/div><\/div><\/div><\/div><div id=\"pg-9803-3\"  class=\"panel-grid panel-has-style\" ><div style=\"padding: 0px 0; \" data-overlay=\"true\" data-overlay-color=\"#000000\" class=\"panel-row-style panel-row-style-for-9803-3\" ><div id=\"pgc-9803-3-0\"  class=\"panel-grid-cell\" ><div class=\"BGC-GRIS PADDING-GRAN-CELDES AUGMENTAR-ICONA panel-cell-style panel-cell-style-for-9803-3-0\" ><div id=\"panel-9803-3-0-0\" class=\"so-panel widget_sow-editor panel-first-child\" data-index=\"11\" ><div class=\"TEXTOS-DESTACATS-NO-NEGRETA panel-widget-style panel-widget-style-for-9803-3-0-0\" style=\"text-align: left;\" data-title-color=\"#47425d\" data-headings-color=\"#443f3f\" data-title_alignment=\"center\" ><div\n\t\t\t\n\t\t\tclass=\"so-widget-sow-editor so-widget-sow-editor-base\"\n\t\t\t\n\t\t>\n<div class=\"siteorigin-widget-tinymce textwidget\">\n\t<p style=\"text-align: center;\">Si vols posar-te en contacte amb nosaltres<br \/>\nestarem encantats d'ajudar-te<\/p>\n<\/div>\n<\/div><\/div><\/div><div id=\"panel-9803-3-0-1\" class=\"widget_text so-panel widget_custom_html panel-last-child\" data-index=\"12\" ><div style=\"text-align: center;\" data-title-color=\"#47425d\" data-headings-color=\"#443f3f\" data-title_alignment=\"center\" class=\"widget_text panel-widget-style panel-widget-style-for-9803-3-0-1\" ><div class=\"textwidget custom-html-widget\"><a href=\"\/ca\/contacte\/\" class=\"roll-button blau\">CONTACTAR<\/a><\/div><\/div><\/div><\/div><\/div><\/div><\/div><div id=\"pg-9803-4\"  class=\"panel-grid panel-has-style\" ><div class=\"siteorigin-panels-stretch panel-row-style panel-row-style-for-9803-4\" style=\"background-image: url(https:\/\/www.coatresa.com\/wp-content\/uploads\/2017\/09\/coatresa-soluciones-en-recubrimientos.jpg);padding: 0px 0; \" data-stretch-type=\"full\" data-hasbg=\"hasbg\" data-overlay=\"true\" data-overlay-color=\"#000000\" ><div id=\"pgc-9803-4-0\"  class=\"panel-grid-cell\" ><div id=\"panel-9803-4-0-0\" class=\"so-panel widget_sow-editor panel-first-child panel-last-child\" data-index=\"13\" ><div class=\"blanc panel-widget-style panel-widget-style-for-9803-4-0-0\" style=\"text-align: left;\" data-title-color=\"#47425d\" data-headings-color=\"#443f3f\" data-title_alignment=\"center\" ><div\n\t\t\t\n\t\t\tclass=\"so-widget-sow-editor so-widget-sow-editor-base\"\n\t\t\t\n\t\t>\n<div class=\"siteorigin-widget-tinymce textwidget\">\n\t<h2 style=\"text-align: center;\">Solucions noves en recobriments<\/h2>\n<p>&nbsp;<\/p>\n<p style=\"text-align: center;\">Mitjan\u00e7ant una estrat\u00e8gia d\u2019inversi\u00f3 en R+D i el contacte permanent amb el m\u00f3n industrial, aportem solucions en recobriments noves al mercat. Aquest constant nivell de superaci\u00f3 ha situat Coatresa en una posici\u00f3 l\u00edder dins del camp dels recobriments t\u00e8cnics.<\/p>\n<p style=\"text-align: center;\">En l'actualitat som l\u00edders en recobriments t\u00e8cnics i disposem d'un alt reconeixement en el mercat mundial. Basem el nostre futur en la innovaci\u00f3 constant i l\u2019aportaci\u00f3 de noves solucions al mercat. El nostre principal objectiu \u00e9s anticipar-nos a les necessitats dels nostres clients.<\/p>\n<p style=\"text-align: center;\">La missi\u00f3 del Grup Coatresa ha sigut millorar cont\u00ednuament el servei, tant en qualitat com en terminis de lliurament immillorables, la qual cosa ens ha perm\u00e8s mantenir un creixement constant.<\/p>\n<\/div>\n<\/div><\/div><\/div><\/div><\/div><\/div><\/div>","protected":false},"excerpt":{"rendered":"<p>Solucions en recobriments El Grup Coatresa neix de la necessitat d&#8217;oferir un servei integral d\u2019aplicaci\u00f3 de recobriments t\u00e8cnics a un mercat industrial [&hellip;]<\/p>\n","protected":false},"author":1,"featured_media":18730,"parent":0,"menu_order":0,"comment_status":"closed","ping_status":"closed","template":"page-templates\/page_fullwidth.php","meta":{"footnotes":""},"class_list":["post-9803","page","type-page","status-publish","has-post-thumbnail","hentry"],"yoast_head":"<!-- This site is optimized with the Yoast SEO plugin v27.6 - https:\/\/yoast.com\/product\/yoast-seo-wordpress\/ -->\n<title>Grup Coatresa : Solucions en recobriments t\u00e8cnics - Coatresa<\/title>\n<meta name=\"description\" content=\"Grup Coatresa : solucions en recobriments t\u00e8cnics antiadherents i anticorrosius per als sectors industrials. Fabricaci\u00f3 de motllos de panificaci\u00f3\" \/>\n<meta name=\"robots\" content=\"index, follow, max-snippet:-1, max-image-preview:large, max-video-preview:-1\" \/>\n<link rel=\"canonical\" href=\"https:\/\/www.coatresa.com\/ca\/grup-coatresa-solucions-en-recubriments\/\" \/>\n<meta property=\"og:locale\" content=\"ca_ES\" \/>\n<meta property=\"og:type\" content=\"article\" \/>\n<meta property=\"og:title\" content=\"Grup Coatresa : Solucions en recobriments t\u00e8cnics - Coatresa\" \/>\n<meta property=\"og:description\" content=\"Grup Coatresa : solucions en recobriments t\u00e8cnics antiadherents i anticorrosius per als sectors industrials. Fabricaci\u00f3 de motllos de panificaci\u00f3\" \/>\n<meta property=\"og:url\" content=\"https:\/\/www.coatresa.com\/ca\/grup-coatresa-solucions-en-recubriments\/\" \/>\n<meta property=\"og:site_name\" content=\"Coatresa\" \/>\n<meta property=\"article:publisher\" content=\"https:\/\/www.facebook.com\/Coatresa\/\" \/>\n<meta property=\"article:modified_time\" content=\"2021-10-01T07:36:30+00:00\" \/>\n<meta property=\"og:image\" content=\"https:\/\/www.coatresa.com\/wp-content\/uploads\/2020\/02\/coatings-coatresa-group.png\" \/>\n\t<meta property=\"og:image:width\" content=\"582\" \/>\n\t<meta property=\"og:image:height\" content=\"164\" \/>\n\t<meta property=\"og:image:type\" content=\"image\/png\" \/>\n<meta name=\"twitter:card\" content=\"summary_large_image\" \/>\n<meta name=\"twitter:site\" content=\"@Coatresa\" \/>\n<meta name=\"twitter:label1\" content=\"Est. reading time\" \/>\n\t<meta name=\"twitter:data1\" content=\"2 minutes\" \/>\n<script type=\"application\/ld+json\" class=\"yoast-schema-graph\">{\"@context\":\"https:\\\/\\\/schema.org\",\"@graph\":[{\"@type\":\"WebPage\",\"@id\":\"https:\\\/\\\/www.coatresa.com\\\/ca\\\/grup-coatresa-solucions-en-recubriments\\\/\",\"url\":\"https:\\\/\\\/www.coatresa.com\\\/ca\\\/grup-coatresa-solucions-en-recubriments\\\/\",\"name\":\"Grup Coatresa : Solucions en recobriments t\u00e8cnics - Coatresa\",\"isPartOf\":{\"@id\":\"https:\\\/\\\/www.coatresa.com\\\/ca\\\/#website\"},\"primaryImageOfPage\":{\"@id\":\"https:\\\/\\\/www.coatresa.com\\\/ca\\\/grup-coatresa-solucions-en-recubriments\\\/#primaryimage\"},\"image\":{\"@id\":\"https:\\\/\\\/www.coatresa.com\\\/ca\\\/grup-coatresa-solucions-en-recubriments\\\/#primaryimage\"},\"thumbnailUrl\":\"https:\\\/\\\/www.coatresa.com\\\/wp-content\\\/uploads\\\/2020\\\/02\\\/coatings-coatresa-group.png\",\"datePublished\":\"2017-09-22T08:52:57+00:00\",\"dateModified\":\"2021-10-01T07:36:30+00:00\",\"description\":\"Grup Coatresa : solucions en recobriments t\u00e8cnics antiadherents i anticorrosius per als sectors industrials. Fabricaci\u00f3 de motllos de panificaci\u00f3\",\"breadcrumb\":{\"@id\":\"https:\\\/\\\/www.coatresa.com\\\/ca\\\/grup-coatresa-solucions-en-recubriments\\\/#breadcrumb\"},\"inLanguage\":\"ca-ES\",\"potentialAction\":[{\"@type\":\"ReadAction\",\"target\":[\"https:\\\/\\\/www.coatresa.com\\\/ca\\\/grup-coatresa-solucions-en-recubriments\\\/\"]}]},{\"@type\":\"ImageObject\",\"inLanguage\":\"ca-ES\",\"@id\":\"https:\\\/\\\/www.coatresa.com\\\/ca\\\/grup-coatresa-solucions-en-recubriments\\\/#primaryimage\",\"url\":\"https:\\\/\\\/www.coatresa.com\\\/wp-content\\\/uploads\\\/2020\\\/02\\\/coatings-coatresa-group.png\",\"contentUrl\":\"https:\\\/\\\/www.coatresa.com\\\/wp-content\\\/uploads\\\/2020\\\/02\\\/coatings-coatresa-group.png\",\"width\":582,\"height\":164,\"caption\":\"coatings Coatresa Group\"},{\"@type\":\"BreadcrumbList\",\"@id\":\"https:\\\/\\\/www.coatresa.com\\\/ca\\\/grup-coatresa-solucions-en-recubriments\\\/#breadcrumb\",\"itemListElement\":[{\"@type\":\"ListItem\",\"position\":1,\"name\":\"Portada\",\"item\":\"https:\\\/\\\/www.coatresa.com\\\/ca\\\/\"},{\"@type\":\"ListItem\",\"position\":2,\"name\":\"Grup Coatresa : Solucions en recobriments t\u00e8cnics\"}]},{\"@type\":\"WebSite\",\"@id\":\"https:\\\/\\\/www.coatresa.com\\\/ca\\\/#website\",\"url\":\"https:\\\/\\\/www.coatresa.com\\\/ca\\\/\",\"name\":\"Coatresa\",\"description\":\"Aplicaci\u00f3n de recubrimientos antiadherentes y anticorrosivos como el Teflon. Expertos del Powder Coating\",\"publisher\":{\"@id\":\"https:\\\/\\\/www.coatresa.com\\\/ca\\\/#organization\"},\"potentialAction\":[{\"@type\":\"SearchAction\",\"target\":{\"@type\":\"EntryPoint\",\"urlTemplate\":\"https:\\\/\\\/www.coatresa.com\\\/ca\\\/?s={search_term_string}\"},\"query-input\":{\"@type\":\"PropertyValueSpecification\",\"valueRequired\":true,\"valueName\":\"search_term_string\"}}],\"inLanguage\":\"ca-ES\"},{\"@type\":\"Organization\",\"@id\":\"https:\\\/\\\/www.coatresa.com\\\/ca\\\/#organization\",\"name\":\"Coatresa\",\"url\":\"https:\\\/\\\/www.coatresa.com\\\/ca\\\/\",\"logo\":{\"@type\":\"ImageObject\",\"inLanguage\":\"ca-ES\",\"@id\":\"https:\\\/\\\/www.coatresa.com\\\/ca\\\/#\\\/schema\\\/logo\\\/image\\\/\",\"url\":\"https:\\\/\\\/www.coatresa.com\\\/wp-content\\\/uploads\\\/2022\\\/07\\\/A_blava_mitja_transp.png\",\"contentUrl\":\"https:\\\/\\\/www.coatresa.com\\\/wp-content\\\/uploads\\\/2022\\\/07\\\/A_blava_mitja_transp.png\",\"width\":340,\"height\":326,\"caption\":\"Coatresa\"},\"image\":{\"@id\":\"https:\\\/\\\/www.coatresa.com\\\/ca\\\/#\\\/schema\\\/logo\\\/image\\\/\"},\"sameAs\":[\"https:\\\/\\\/www.facebook.com\\\/Coatresa\\\/\",\"https:\\\/\\\/x.com\\\/Coatresa\",\"https:\\\/\\\/www.linkedin.com\\\/company\\\/coatresa\\\/\",\"https:\\\/\\\/www.youtube.com\\\/user\\\/CoatresaCoatings\"]}]}<\/script>\n<!-- \/ Yoast SEO plugin. -->","yoast_head_json":{"title":"Grup Coatresa : Solucions en recobriments t\u00e8cnics - Coatresa","description":"Grup Coatresa : solucions en recobriments t\u00e8cnics antiadherents i anticorrosius per als sectors industrials. Fabricaci\u00f3 de motllos de panificaci\u00f3","robots":{"index":"index","follow":"follow","max-snippet":"max-snippet:-1","max-image-preview":"max-image-preview:large","max-video-preview":"max-video-preview:-1"},"canonical":"https:\/\/www.coatresa.com\/ca\/grup-coatresa-solucions-en-recubriments\/","og_locale":"ca_ES","og_type":"article","og_title":"Grup Coatresa : Solucions en recobriments t\u00e8cnics - Coatresa","og_description":"Grup Coatresa : solucions en recobriments t\u00e8cnics antiadherents i anticorrosius per als sectors industrials. Fabricaci\u00f3 de motllos de panificaci\u00f3","og_url":"https:\/\/www.coatresa.com\/ca\/grup-coatresa-solucions-en-recubriments\/","og_site_name":"Coatresa","article_publisher":"https:\/\/www.facebook.com\/Coatresa\/","article_modified_time":"2021-10-01T07:36:30+00:00","og_image":[{"width":582,"height":164,"url":"https:\/\/www.coatresa.com\/wp-content\/uploads\/2020\/02\/coatings-coatresa-group.png","type":"image\/png"}],"twitter_card":"summary_large_image","twitter_site":"@Coatresa","twitter_misc":{"Est. reading time":"2 minutes"},"schema":{"@context":"https:\/\/schema.org","@graph":[{"@type":"WebPage","@id":"https:\/\/www.coatresa.com\/ca\/grup-coatresa-solucions-en-recubriments\/","url":"https:\/\/www.coatresa.com\/ca\/grup-coatresa-solucions-en-recubriments\/","name":"Grup Coatresa : Solucions en recobriments t\u00e8cnics - Coatresa","isPartOf":{"@id":"https:\/\/www.coatresa.com\/ca\/#website"},"primaryImageOfPage":{"@id":"https:\/\/www.coatresa.com\/ca\/grup-coatresa-solucions-en-recubriments\/#primaryimage"},"image":{"@id":"https:\/\/www.coatresa.com\/ca\/grup-coatresa-solucions-en-recubriments\/#primaryimage"},"thumbnailUrl":"https:\/\/www.coatresa.com\/wp-content\/uploads\/2020\/02\/coatings-coatresa-group.png","datePublished":"2017-09-22T08:52:57+00:00","dateModified":"2021-10-01T07:36:30+00:00","description":"Grup Coatresa : solucions en recobriments t\u00e8cnics antiadherents i anticorrosius per als sectors industrials. Fabricaci\u00f3 de motllos de panificaci\u00f3","breadcrumb":{"@id":"https:\/\/www.coatresa.com\/ca\/grup-coatresa-solucions-en-recubriments\/#breadcrumb"},"inLanguage":"ca-ES","potentialAction":[{"@type":"ReadAction","target":["https:\/\/www.coatresa.com\/ca\/grup-coatresa-solucions-en-recubriments\/"]}]},{"@type":"ImageObject","inLanguage":"ca-ES","@id":"https:\/\/www.coatresa.com\/ca\/grup-coatresa-solucions-en-recubriments\/#primaryimage","url":"https:\/\/www.coatresa.com\/wp-content\/uploads\/2020\/02\/coatings-coatresa-group.png","contentUrl":"https:\/\/www.coatresa.com\/wp-content\/uploads\/2020\/02\/coatings-coatresa-group.png","width":582,"height":164,"caption":"coatings Coatresa Group"},{"@type":"BreadcrumbList","@id":"https:\/\/www.coatresa.com\/ca\/grup-coatresa-solucions-en-recubriments\/#breadcrumb","itemListElement":[{"@type":"ListItem","position":1,"name":"Portada","item":"https:\/\/www.coatresa.com\/ca\/"},{"@type":"ListItem","position":2,"name":"Grup Coatresa : Solucions en recobriments t\u00e8cnics"}]},{"@type":"WebSite","@id":"https:\/\/www.coatresa.com\/ca\/#website","url":"https:\/\/www.coatresa.com\/ca\/","name":"Coatresa","description":"Aplicaci\u00f3n de recubrimientos antiadherentes y anticorrosivos como el Teflon. Expertos del Powder Coating","publisher":{"@id":"https:\/\/www.coatresa.com\/ca\/#organization"},"potentialAction":[{"@type":"SearchAction","target":{"@type":"EntryPoint","urlTemplate":"https:\/\/www.coatresa.com\/ca\/?s={search_term_string}"},"query-input":{"@type":"PropertyValueSpecification","valueRequired":true,"valueName":"search_term_string"}}],"inLanguage":"ca-ES"},{"@type":"Organization","@id":"https:\/\/www.coatresa.com\/ca\/#organization","name":"Coatresa","url":"https:\/\/www.coatresa.com\/ca\/","logo":{"@type":"ImageObject","inLanguage":"ca-ES","@id":"https:\/\/www.coatresa.com\/ca\/#\/schema\/logo\/image\/","url":"https:\/\/www.coatresa.com\/wp-content\/uploads\/2022\/07\/A_blava_mitja_transp.png","contentUrl":"https:\/\/www.coatresa.com\/wp-content\/uploads\/2022\/07\/A_blava_mitja_transp.png","width":340,"height":326,"caption":"Coatresa"},"image":{"@id":"https:\/\/www.coatresa.com\/ca\/#\/schema\/logo\/image\/"},"sameAs":["https:\/\/www.facebook.com\/Coatresa\/","https:\/\/x.com\/Coatresa","https:\/\/www.linkedin.com\/company\/coatresa\/","https:\/\/www.youtube.com\/user\/CoatresaCoatings"]}]}},"_links":{"self":[{"href":"https:\/\/www.coatresa.com\/ca\/wp-json\/wp\/v2\/pages\/9803","targetHints":{"allow":["GET"]}}],"collection":[{"href":"https:\/\/www.coatresa.com\/ca\/wp-json\/wp\/v2\/pages"}],"about":[{"href":"https:\/\/www.coatresa.com\/ca\/wp-json\/wp\/v2\/types\/page"}],"author":[{"embeddable":true,"href":"https:\/\/www.coatresa.com\/ca\/wp-json\/wp\/v2\/users\/1"}],"replies":[{"embeddable":true,"href":"https:\/\/www.coatresa.com\/ca\/wp-json\/wp\/v2\/comments?post=9803"}],"version-history":[{"count":0,"href":"https:\/\/www.coatresa.com\/ca\/wp-json\/wp\/v2\/pages\/9803\/revisions"}],"wp:featuredmedia":[{"embeddable":true,"href":"https:\/\/www.coatresa.com\/ca\/wp-json\/wp\/v2\/media\/18730"}],"wp:attachment":[{"href":"https:\/\/www.coatresa.com\/ca\/wp-json\/wp\/v2\/media?parent=9803"}],"curies":[{"name":"wp","href":"https:\/\/api.w.org\/{rel}","templated":true}]}}