{"id":9866,"date":"2018-02-01T17:28:43","date_gmt":"2018-02-01T16:28:43","guid":{"rendered":"http:\/\/coatresa.com\/testrong-coatings\/"},"modified":"2018-09-06T19:36:05","modified_gmt":"2018-09-06T17:36:05","slug":"testrong-coatings","status":"publish","type":"page","link":"https:\/\/www.coatresa.com\/ca\/testrong-coatings\/","title":{"rendered":"Testrong coatings"},"content":{"rendered":"<div id=\"pl-9866\"  class=\"panel-layout\" ><div id=\"pg-9866-0\"  class=\"panel-grid panel-has-style\" ><div style=\"padding: 0px 0; \" data-overlay=\"true\" data-overlay-color=\"#000000\" class=\"panel-row-style panel-row-style-for-9866-0\" ><div id=\"pgc-9866-0-0\"  class=\"panel-grid-cell\" ><div id=\"panel-9866-0-0-0\" class=\"so-panel widget_sow-image panel-first-child\" data-index=\"0\" ><div style=\"text-align: left;\" data-title-color=\"#47425d\" data-headings-color=\"#443f3f\" data-title_alignment=\"center\" class=\"panel-widget-style panel-widget-style-for-9866-0-0-0\" ><div\n\t\t\t\n\t\t\tclass=\"so-widget-sow-image so-widget-sow-image-default-c67d20f9f743-9866\"\n\t\t\t\n\t\t>\n<div class=\"sow-image-container\">\n\t\t<img \n\tsrc=\"https:\/\/www.coatresa.com\/wp-content\/uploads\/2018\/02\/testrong-coatings-by-coatresa-230x71.png\" width=\"230\" height=\"71\" srcset=\"https:\/\/www.coatresa.com\/wp-content\/uploads\/2018\/02\/testrong-coatings-by-coatresa-230x71.png 230w, https:\/\/www.coatresa.com\/wp-content\/uploads\/2018\/02\/testrong-coatings-by-coatresa-300x92.png 300w, https:\/\/www.coatresa.com\/wp-content\/uploads\/2018\/02\/testrong-coatings-by-coatresa-350x108.png 350w, https:\/\/www.coatresa.com\/wp-content\/uploads\/2018\/02\/testrong-coatings-by-coatresa.png 432w\" sizes=\"(max-width: 230px) 100vw, 230px\" title=\"testrong coatings by coatresa\" alt=\"testrong coatings by coatresa\" \t\tclass=\"so-widget-image\"\/>\n\t<\/div>\n\n<\/div><\/div><\/div><div id=\"panel-9866-0-0-1\" class=\"so-panel widget_sow-editor panel-last-child\" data-index=\"1\" ><div style=\"text-align: left;\" data-title-color=\"#47425d\" data-headings-color=\"#443f3f\" data-title_alignment=\"center\" class=\"panel-widget-style panel-widget-style-for-9866-0-0-1\" ><div\n\t\t\t\n\t\t\tclass=\"so-widget-sow-editor so-widget-sow-editor-base\"\n\t\t\t\n\t\t>\n<div class=\"siteorigin-widget-tinymce textwidget\">\n\t<h1 style=\"text-align: center;\">Testrong coatings : recobriments per a la panificaci\u00f3<\/h1>\n<hr \/>\n<p style=\"text-align: justify;\">COATRESA sempre ha cregut i apostat per la inversi\u00f3 constant en R+D.\u00a0<b>Testrong<\/b>\u00ae neix al nostre Departament de R+D despr\u00e9s de 30 anys d\u2019experi\u00e8ncia en el m\u00f3n dels\u00a0recobriments antiadherents per a la ind\u00fastria del pa.<\/p>\n<p style=\"text-align: justify;\">Els sistemes\u00a0<b>Testrong<\/b>\u00ae, sobre la base de fluoropol\u00edmers (PTFE, PFA, MFA, FEP, etc.) i silic\u00f2nics,\u00a0 responen a la necessitat del panificador. Testrong\u00ae \u00e9s una gamma de recobriments antiadherents d'\u00faltima generaci\u00f3 concebuts despr\u00e9s de combinar i aplicar adequadament els millors productes del mercat per oferir i proporcionar un recobriment de major qualitat i rendiment per a la ind\u00fastria de panificaci\u00f3 ajudant a una reducci\u00f3 de costos gr\u00e0cies a la seva extensa durabilitat. Gr\u00e0cies a la investigaci\u00f3 cont\u00ednua i a l'estreta col\u00b7laboraci\u00f3 amb els principals fabricants de mat\u00e8ria primera a nivell mundial, Testrong\u00ae est\u00e0 en constant evoluci\u00f3 per proporcionar sempre el m\u00e0xim benefici al panificador.<\/p>\n<p style=\"text-align: justify;\">La nostra \u00e0mplia gamma de recobriments Testrong\u00ae permet eliminar l'\u00fas d'olis i\/o agents desemmotllants en les l\u00ednies de producci\u00f3.<\/p>\n<\/div>\n<\/div><\/div><\/div><\/div><\/div><\/div><div id=\"pg-9866-1\"  class=\"panel-grid panel-has-style\" ><div style=\"padding: 0px 0; \" data-overlay=\"true\" data-overlay-color=\"#000000\" class=\"panel-row-style panel-row-style-for-9866-1\" ><div id=\"pgc-9866-1-0\"  class=\"panel-grid-cell\" ><div id=\"panel-9866-1-0-0\" class=\"so-panel widget_sow-image panel-first-child panel-last-child\" data-index=\"2\" ><div style=\"text-align: left;\" data-title-color=\"#47425d\" data-headings-color=\"#443f3f\" data-title_alignment=\"center\" class=\"panel-widget-style panel-widget-style-for-9866-1-0-0\" ><div\n\t\t\t\n\t\t\tclass=\"so-widget-sow-image so-widget-sow-image-default-c67d20f9f743-9866\"\n\t\t\t\n\t\t>\n<div class=\"sow-image-container\">\n\t\t<img \n\tsrc=\"https:\/\/www.coatresa.com\/wp-content\/uploads\/2018\/02\/recubrimientos-testrong-coatings.jpg\" width=\"714\" height=\"222\" srcset=\"https:\/\/www.coatresa.com\/wp-content\/uploads\/2018\/02\/recubrimientos-testrong-coatings.jpg 714w, https:\/\/www.coatresa.com\/wp-content\/uploads\/2018\/02\/recubrimientos-testrong-coatings-300x93.jpg 300w, https:\/\/www.coatresa.com\/wp-content\/uploads\/2018\/02\/recubrimientos-testrong-coatings-230x72.jpg 230w, https:\/\/www.coatresa.com\/wp-content\/uploads\/2018\/02\/recubrimientos-testrong-coatings-350x109.jpg 350w, https:\/\/www.coatresa.com\/wp-content\/uploads\/2018\/02\/recubrimientos-testrong-coatings-480x149.jpg 480w\" sizes=\"(max-width: 714px) 100vw, 714px\" title=\"recubrimientos testrong coatings\" alt=\"recubrimientos testrong coatings\" \t\tclass=\"so-widget-image\"\/>\n\t<\/div>\n\n<\/div><\/div><\/div><\/div><\/div><\/div><div id=\"pg-9866-2\"  class=\"panel-grid panel-has-style\" ><div class=\"FRANJA-BLAVA-TITOL siteorigin-panels-stretch panel-row-style panel-row-style-for-9866-2\" style=\"padding: 13px 0; \" data-stretch-type=\"full\" data-overlay=\"true\" data-overlay-color=\"#000000\" ><div id=\"pgc-9866-2-0\"  class=\"panel-grid-cell\" ><div id=\"panel-9866-2-0-0\" class=\"so-panel widget_sow-editor panel-first-child panel-last-child\" data-index=\"3\" ><div style=\"text-align: left;\" data-title-color=\"#47425d\" data-headings-color=\"#443f3f\" data-title_alignment=\"center\" class=\"panel-widget-style panel-widget-style-for-9866-2-0-0\" ><div\n\t\t\t\n\t\t\tclass=\"so-widget-sow-editor so-widget-sow-editor-base\"\n\t\t\t\n\t\t>\n<div class=\"siteorigin-widget-tinymce textwidget\">\n\t<h2 style=\"text-align: center;\">Beneficis de Testrong Coatings<\/h2><\/div>\n<\/div><\/div><\/div><\/div><\/div><\/div><div id=\"pg-9866-3\"  class=\"panel-grid panel-has-style\" ><div class=\"BGC-GRIS siteorigin-panels-stretch panel-row-style panel-row-style-for-9866-3\" style=\"padding: 40px 0; \" data-stretch-type=\"full\" data-overlay=\"true\" data-overlay-color=\"#000000\" ><div id=\"pgc-9866-3-0\"  class=\"panel-grid-cell\" ><div id=\"panel-9866-3-0-0\" class=\"so-panel widget_siteorigin-panels-builder panel-first-child panel-last-child\" data-index=\"4\" ><div style=\"text-align: left;\" data-title-color=\"#47425d\" data-headings-color=\"#443f3f\" data-title_alignment=\"center\" class=\"panel-widget-style panel-widget-style-for-9866-3-0-0\" ><div id=\"pl-w5b7ed5c2cf842\"  class=\"panel-layout\" ><div id=\"pg-w5b7ed5c2cf842-0\"  class=\"panel-grid panel-has-style\" ><div style=\"padding: 0px 0; \" data-overlay=\"true\" data-overlay-color=\"#000000\" class=\"panel-row-style panel-row-style-for-w5b7ed5c2cf842-0\" ><div id=\"pgc-w5b7ed5c2cf842-0-0\"  class=\"panel-grid-cell\" ><div id=\"panel-w5b7ed5c2cf842-0-0-0\" class=\"so-panel widget_sow-editor panel-first-child panel-last-child\" data-index=\"0\" ><div class=\"TEXTOS-DESTACATS panel-widget-style panel-widget-style-for-w5b7ed5c2cf842-0-0-0\" style=\"text-align: left;\" data-title-color=\"#47425d\" data-headings-color=\"#443f3f\" data-title_alignment=\"center\" ><div\n\t\t\t\n\t\t\tclass=\"so-widget-sow-editor so-widget-sow-editor-base\"\n\t\t\t\n\t\t>\n<div class=\"siteorigin-widget-tinymce textwidget\">\n\t<p style=\"text-align: center;\">Els sistemes Testrong Coatings ofereixen m\u00faltiples beneficis per als fabricants de pa i pastisseria:<\/p>\n<\/div>\n<\/div><\/div><\/div><\/div><\/div><\/div><div id=\"pg-w5b7ed5c2cf842-1\"  class=\"panel-grid panel-has-style\" ><div style=\"padding: 0px 0; \" data-overlay=\"true\" data-overlay-color=\"#000000\" class=\"panel-row-style panel-row-style-for-w5b7ed5c2cf842-1\" ><div id=\"pgc-w5b7ed5c2cf842-1-0\"  class=\"panel-grid-cell\" ><div id=\"panel-w5b7ed5c2cf842-1-0-0\" class=\"so-panel widget_sow-editor panel-first-child panel-last-child\" data-index=\"1\" ><div class=\"TITOL-REQUADRE TEXTOS-DESTACATS panel-widget-style panel-widget-style-for-w5b7ed5c2cf842-1-0-0\" style=\"text-align: left;\" data-title-color=\"#47425d\" data-headings-color=\"#443f3f\" data-title_alignment=\"center\" ><div\n\t\t\t\n\t\t\tclass=\"so-widget-sow-editor so-widget-sow-editor-base\"\n\t\t\t\n\t\t>\n<div class=\"siteorigin-widget-tinymce textwidget\">\n\t<p>Estalvi en costos<\/p>\n<\/div>\n<\/div><\/div><\/div><\/div><div id=\"pgc-w5b7ed5c2cf842-1-1\"  class=\"panel-grid-cell\" ><div id=\"panel-w5b7ed5c2cf842-1-1-0\" class=\"so-panel widget_sow-editor panel-first-child panel-last-child\" data-index=\"2\" ><div style=\"text-align: left;\" data-title-color=\"#47425d\" data-headings-color=\"#443f3f\" data-title_alignment=\"center\" class=\"panel-widget-style panel-widget-style-for-w5b7ed5c2cf842-1-1-0\" ><div\n\t\t\t\n\t\t\tclass=\"so-widget-sow-editor so-widget-sow-editor-base\"\n\t\t\t\n\t\t>\n<div class=\"siteorigin-widget-tinymce textwidget\">\n\t<ul>\n<li>Eliminaci\u00f3 d'olis i desemmotllants<\/li>\n<li>Minimitzaci\u00f3 del cost de neteja i manteniment a la f\u00e0brica<\/li>\n<\/ul>\n<\/div>\n<\/div><\/div><\/div><\/div><\/div><\/div><div id=\"pg-w5b7ed5c2cf842-2\"  class=\"panel-grid panel-has-style\" ><div style=\"padding: 0px 0; \" data-overlay=\"true\" data-overlay-color=\"#000000\" class=\"panel-row-style panel-row-style-for-w5b7ed5c2cf842-2\" ><div id=\"pgc-w5b7ed5c2cf842-2-0\"  class=\"panel-grid-cell\" ><div id=\"panel-w5b7ed5c2cf842-2-0-0\" class=\"so-panel widget_sow-editor panel-first-child panel-last-child\" data-index=\"3\" ><div class=\"TITOL-REQUADRE TEXTOS-DESTACATS panel-widget-style panel-widget-style-for-w5b7ed5c2cf842-2-0-0\" style=\"text-align: left;\" data-title-color=\"#47425d\" data-headings-color=\"#443f3f\" data-title_alignment=\"center\" ><div\n\t\t\t\n\t\t\tclass=\"so-widget-sow-editor so-widget-sow-editor-base\"\n\t\t\t\n\t\t>\n<div class=\"siteorigin-widget-tinymce textwidget\">\n\t<p>Millora del rendiment<\/p>\n<\/div>\n<\/div><\/div><\/div><\/div><div id=\"pgc-w5b7ed5c2cf842-2-1\"  class=\"panel-grid-cell\" ><div id=\"panel-w5b7ed5c2cf842-2-1-0\" class=\"so-panel widget_sow-editor panel-first-child panel-last-child\" data-index=\"4\" ><div style=\"text-align: left;\" data-title-color=\"#47425d\" data-headings-color=\"#443f3f\" data-title_alignment=\"center\" class=\"panel-widget-style panel-widget-style-for-w5b7ed5c2cf842-2-1-0\" ><div\n\t\t\t\n\t\t\tclass=\"so-widget-sow-editor so-widget-sow-editor-base\"\n\t\t\t\n\t\t>\n<div class=\"siteorigin-widget-tinymce textwidget\">\n\t<ul>\n<li>\u00d2ptim desemmotllament del producte<\/li>\n<li>Reduccions de p\u00e8rdues<\/li>\n<li>Millora en la productivitat i qualitat del producte<\/li>\n<\/ul>\n<\/div>\n<\/div><\/div><\/div><\/div><\/div><\/div><div id=\"pg-w5b7ed5c2cf842-3\"  class=\"panel-grid panel-has-style\" ><div style=\"padding: 0px 0; \" data-overlay=\"true\" data-overlay-color=\"#000000\" class=\"panel-row-style panel-row-style-for-w5b7ed5c2cf842-3\" ><div id=\"pgc-w5b7ed5c2cf842-3-0\"  class=\"panel-grid-cell\" ><div id=\"panel-w5b7ed5c2cf842-3-0-0\" class=\"so-panel widget_sow-editor panel-first-child panel-last-child\" data-index=\"5\" ><div class=\"TITOL-REQUADRE TEXTOS-DESTACATS panel-widget-style panel-widget-style-for-w5b7ed5c2cf842-3-0-0\" style=\"text-align: left;\" data-title-color=\"#47425d\" data-headings-color=\"#443f3f\" data-title_alignment=\"center\" ><div\n\t\t\t\n\t\t\tclass=\"so-widget-sow-editor so-widget-sow-editor-base\"\n\t\t\t\n\t\t>\n<div class=\"siteorigin-widget-tinymce textwidget\">\n\t<p>Major qualitat del producte final<\/p>\n<\/div>\n<\/div><\/div><\/div><\/div><div id=\"pgc-w5b7ed5c2cf842-3-1\"  class=\"panel-grid-cell\" ><div id=\"panel-w5b7ed5c2cf842-3-1-0\" class=\"so-panel widget_sow-editor panel-first-child panel-last-child\" data-index=\"6\" ><div style=\"text-align: left;\" data-title-color=\"#47425d\" data-headings-color=\"#443f3f\" data-title_alignment=\"center\" class=\"panel-widget-style panel-widget-style-for-w5b7ed5c2cf842-3-1-0\" ><div\n\t\t\t\n\t\t\tclass=\"so-widget-sow-editor so-widget-sow-editor-base\"\n\t\t\t\n\t\t>\n<div class=\"siteorigin-widget-tinymce textwidget\">\n\t<ul>\n<li>Major vida del pa al punt de venda<\/li>\n<li>Millor aparen\u00e7a del producte: crosta llisa i regular sense incrustacions<\/li>\n<li>Uniformitat del pa i consist\u00e8ncia del producte final<\/li>\n<li>No influeix en el sabor del producte final<\/li>\n<\/ul>\n<\/div>\n<\/div><\/div><\/div><\/div><\/div><\/div><\/div><\/div><\/div><\/div><\/div><\/div><div id=\"pg-9866-4\"  class=\"panel-grid panel-has-style\" ><div class=\"siteorigin-panels-stretch panel-row-style panel-row-style-for-9866-4\" style=\"background-image: url(https:\/\/www.coatresa.com\/wp-content\/uploads\/2018\/02\/testrong-coatings.jpg);padding: 100px 0; \" data-stretch-type=\"full\" data-hasbg=\"hasbg\" data-overlay=\"true\" data-overlay-color=\"#000000\" ><div id=\"pgc-9866-4-0\"  class=\"panel-grid-cell\" ><div id=\"panel-9866-4-0-0\" class=\"so-panel widget_sow-editor panel-first-child panel-last-child\" data-index=\"5\" ><div class=\"TEXTOS-DESTACATS-PRE-FOOTER blanc panel-widget-style panel-widget-style-for-9866-4-0-0\" style=\"text-align: left;\" data-title-color=\"#47425d\" data-headings-color=\"#443f3f\" data-title_alignment=\"center\" ><div\n\t\t\t\n\t\t\tclass=\"so-widget-sow-editor so-widget-sow-editor-base\"\n\t\t\t\n\t\t>\n<div class=\"siteorigin-widget-tinymce textwidget\">\n\t<p style=\"text-align: center;\">Tots els nostres sistemes de recobriments Testrong\u00ae han sigut aprovats per a contacte alimentari d'acord\namb les normatives nacionals i internacionals, aix\u00ed com certificats de migraci\u00f3 per un laboratori alemany independent.<\/p><\/div>\n<\/div><\/div><\/div><\/div><\/div><\/div><\/div>","protected":false},"excerpt":{"rendered":"<p>Testrong coatings : recobriments per a la panificaci\u00f3 COATRESA sempre ha cregut i apostat per la inversi\u00f3 constant en R+D.\u00a0Testrong\u00ae neix al [&hellip;]<\/p>\n","protected":false},"author":1,"featured_media":6422,"parent":0,"menu_order":0,"comment_status":"closed","ping_status":"closed","template":"page-templates\/page_fullwidth.php","meta":{"footnotes":""},"class_list":["post-9866","page","type-page","status-publish","has-post-thumbnail","hentry"],"yoast_head":"<!-- This site is optimized with the Yoast SEO plugin v27.6 - https:\/\/yoast.com\/product\/yoast-seo-wordpress\/ -->\n<title>Testrong coatings - Coatresa<\/title>\n<meta name=\"description\" content=\"Testrong Coatings : recobriments antiadherents per a la ind\u00fastria del pa. Descobreix els beneficis que aporta a la panificaci\u00f3 i pastisseria. Informa&#039;t!\" \/>\n<meta name=\"robots\" content=\"index, follow, max-snippet:-1, max-image-preview:large, max-video-preview:-1\" \/>\n<link rel=\"canonical\" href=\"https:\/\/www.coatresa.com\/ca\/testrong-coatings\/\" \/>\n<meta property=\"og:locale\" content=\"ca_ES\" \/>\n<meta property=\"og:type\" content=\"article\" \/>\n<meta property=\"og:title\" content=\"Testrong coatings - Coatresa\" \/>\n<meta property=\"og:description\" content=\"Testrong Coatings : recobriments antiadherents per a la ind\u00fastria del pa. Descobreix els beneficis que aporta a la panificaci\u00f3 i pastisseria. Informa&#039;t!\" \/>\n<meta property=\"og:url\" content=\"https:\/\/www.coatresa.com\/ca\/testrong-coatings\/\" \/>\n<meta property=\"og:site_name\" content=\"Coatresa\" \/>\n<meta property=\"article:publisher\" content=\"https:\/\/www.facebook.com\/Coatresa\/\" \/>\n<meta property=\"article:modified_time\" content=\"2018-09-06T17:36:05+00:00\" \/>\n<meta property=\"og:image\" content=\"https:\/\/www.coatresa.com\/wp-content\/uploads\/2018\/02\/testrong-coatings-by-coatresa.png\" \/>\n\t<meta property=\"og:image:width\" content=\"432\" \/>\n\t<meta property=\"og:image:height\" content=\"133\" \/>\n\t<meta property=\"og:image:type\" content=\"image\/png\" \/>\n<meta name=\"twitter:card\" content=\"summary_large_image\" \/>\n<meta name=\"twitter:site\" content=\"@Coatresa\" \/>\n<meta name=\"twitter:label1\" content=\"Est. reading time\" \/>\n\t<meta name=\"twitter:data1\" content=\"2 minutes\" \/>\n<script type=\"application\/ld+json\" class=\"yoast-schema-graph\">{\"@context\":\"https:\\\/\\\/schema.org\",\"@graph\":[{\"@type\":\"WebPage\",\"@id\":\"https:\\\/\\\/www.coatresa.com\\\/ca\\\/testrong-coatings\\\/\",\"url\":\"https:\\\/\\\/www.coatresa.com\\\/ca\\\/testrong-coatings\\\/\",\"name\":\"Testrong coatings - Coatresa\",\"isPartOf\":{\"@id\":\"https:\\\/\\\/www.coatresa.com\\\/ca\\\/#website\"},\"primaryImageOfPage\":{\"@id\":\"https:\\\/\\\/www.coatresa.com\\\/ca\\\/testrong-coatings\\\/#primaryimage\"},\"image\":{\"@id\":\"https:\\\/\\\/www.coatresa.com\\\/ca\\\/testrong-coatings\\\/#primaryimage\"},\"thumbnailUrl\":\"https:\\\/\\\/www.coatresa.com\\\/wp-content\\\/uploads\\\/2018\\\/02\\\/testrong-coatings-by-coatresa.png\",\"datePublished\":\"2018-02-01T16:28:43+00:00\",\"dateModified\":\"2018-09-06T17:36:05+00:00\",\"description\":\"Testrong Coatings : recobriments antiadherents per a la ind\u00fastria del pa. Descobreix els beneficis que aporta a la panificaci\u00f3 i pastisseria. Informa't!\",\"breadcrumb\":{\"@id\":\"https:\\\/\\\/www.coatresa.com\\\/ca\\\/testrong-coatings\\\/#breadcrumb\"},\"inLanguage\":\"ca-ES\",\"potentialAction\":[{\"@type\":\"ReadAction\",\"target\":[\"https:\\\/\\\/www.coatresa.com\\\/ca\\\/testrong-coatings\\\/\"]}]},{\"@type\":\"ImageObject\",\"inLanguage\":\"ca-ES\",\"@id\":\"https:\\\/\\\/www.coatresa.com\\\/ca\\\/testrong-coatings\\\/#primaryimage\",\"url\":\"https:\\\/\\\/www.coatresa.com\\\/wp-content\\\/uploads\\\/2018\\\/02\\\/testrong-coatings-by-coatresa.png\",\"contentUrl\":\"https:\\\/\\\/www.coatresa.com\\\/wp-content\\\/uploads\\\/2018\\\/02\\\/testrong-coatings-by-coatresa.png\",\"width\":432,\"height\":133},{\"@type\":\"BreadcrumbList\",\"@id\":\"https:\\\/\\\/www.coatresa.com\\\/ca\\\/testrong-coatings\\\/#breadcrumb\",\"itemListElement\":[{\"@type\":\"ListItem\",\"position\":1,\"name\":\"Portada\",\"item\":\"https:\\\/\\\/www.coatresa.com\\\/ca\\\/\"},{\"@type\":\"ListItem\",\"position\":2,\"name\":\"Testrong coatings\"}]},{\"@type\":\"WebSite\",\"@id\":\"https:\\\/\\\/www.coatresa.com\\\/ca\\\/#website\",\"url\":\"https:\\\/\\\/www.coatresa.com\\\/ca\\\/\",\"name\":\"Coatresa\",\"description\":\"Aplicaci\u00f3n de recubrimientos antiadherentes y anticorrosivos como el Teflon. Expertos del Powder Coating\",\"publisher\":{\"@id\":\"https:\\\/\\\/www.coatresa.com\\\/ca\\\/#organization\"},\"potentialAction\":[{\"@type\":\"SearchAction\",\"target\":{\"@type\":\"EntryPoint\",\"urlTemplate\":\"https:\\\/\\\/www.coatresa.com\\\/ca\\\/?s={search_term_string}\"},\"query-input\":{\"@type\":\"PropertyValueSpecification\",\"valueRequired\":true,\"valueName\":\"search_term_string\"}}],\"inLanguage\":\"ca-ES\"},{\"@type\":\"Organization\",\"@id\":\"https:\\\/\\\/www.coatresa.com\\\/ca\\\/#organization\",\"name\":\"Coatresa\",\"url\":\"https:\\\/\\\/www.coatresa.com\\\/ca\\\/\",\"logo\":{\"@type\":\"ImageObject\",\"inLanguage\":\"ca-ES\",\"@id\":\"https:\\\/\\\/www.coatresa.com\\\/ca\\\/#\\\/schema\\\/logo\\\/image\\\/\",\"url\":\"https:\\\/\\\/www.coatresa.com\\\/wp-content\\\/uploads\\\/2022\\\/07\\\/A_blava_mitja_transp.png\",\"contentUrl\":\"https:\\\/\\\/www.coatresa.com\\\/wp-content\\\/uploads\\\/2022\\\/07\\\/A_blava_mitja_transp.png\",\"width\":340,\"height\":326,\"caption\":\"Coatresa\"},\"image\":{\"@id\":\"https:\\\/\\\/www.coatresa.com\\\/ca\\\/#\\\/schema\\\/logo\\\/image\\\/\"},\"sameAs\":[\"https:\\\/\\\/www.facebook.com\\\/Coatresa\\\/\",\"https:\\\/\\\/x.com\\\/Coatresa\",\"https:\\\/\\\/www.linkedin.com\\\/company\\\/coatresa\\\/\",\"https:\\\/\\\/www.youtube.com\\\/user\\\/CoatresaCoatings\"]}]}<\/script>\n<!-- \/ Yoast SEO plugin. -->","yoast_head_json":{"title":"Testrong coatings - Coatresa","description":"Testrong Coatings : recobriments antiadherents per a la ind\u00fastria del pa. Descobreix els beneficis que aporta a la panificaci\u00f3 i pastisseria. Informa't!","robots":{"index":"index","follow":"follow","max-snippet":"max-snippet:-1","max-image-preview":"max-image-preview:large","max-video-preview":"max-video-preview:-1"},"canonical":"https:\/\/www.coatresa.com\/ca\/testrong-coatings\/","og_locale":"ca_ES","og_type":"article","og_title":"Testrong coatings - Coatresa","og_description":"Testrong Coatings : recobriments antiadherents per a la ind\u00fastria del pa. Descobreix els beneficis que aporta a la panificaci\u00f3 i pastisseria. Informa't!","og_url":"https:\/\/www.coatresa.com\/ca\/testrong-coatings\/","og_site_name":"Coatresa","article_publisher":"https:\/\/www.facebook.com\/Coatresa\/","article_modified_time":"2018-09-06T17:36:05+00:00","og_image":[{"width":432,"height":133,"url":"https:\/\/www.coatresa.com\/wp-content\/uploads\/2018\/02\/testrong-coatings-by-coatresa.png","type":"image\/png"}],"twitter_card":"summary_large_image","twitter_site":"@Coatresa","twitter_misc":{"Est. reading time":"2 minutes"},"schema":{"@context":"https:\/\/schema.org","@graph":[{"@type":"WebPage","@id":"https:\/\/www.coatresa.com\/ca\/testrong-coatings\/","url":"https:\/\/www.coatresa.com\/ca\/testrong-coatings\/","name":"Testrong coatings - Coatresa","isPartOf":{"@id":"https:\/\/www.coatresa.com\/ca\/#website"},"primaryImageOfPage":{"@id":"https:\/\/www.coatresa.com\/ca\/testrong-coatings\/#primaryimage"},"image":{"@id":"https:\/\/www.coatresa.com\/ca\/testrong-coatings\/#primaryimage"},"thumbnailUrl":"https:\/\/www.coatresa.com\/wp-content\/uploads\/2018\/02\/testrong-coatings-by-coatresa.png","datePublished":"2018-02-01T16:28:43+00:00","dateModified":"2018-09-06T17:36:05+00:00","description":"Testrong Coatings : recobriments antiadherents per a la ind\u00fastria del pa. Descobreix els beneficis que aporta a la panificaci\u00f3 i pastisseria. Informa't!","breadcrumb":{"@id":"https:\/\/www.coatresa.com\/ca\/testrong-coatings\/#breadcrumb"},"inLanguage":"ca-ES","potentialAction":[{"@type":"ReadAction","target":["https:\/\/www.coatresa.com\/ca\/testrong-coatings\/"]}]},{"@type":"ImageObject","inLanguage":"ca-ES","@id":"https:\/\/www.coatresa.com\/ca\/testrong-coatings\/#primaryimage","url":"https:\/\/www.coatresa.com\/wp-content\/uploads\/2018\/02\/testrong-coatings-by-coatresa.png","contentUrl":"https:\/\/www.coatresa.com\/wp-content\/uploads\/2018\/02\/testrong-coatings-by-coatresa.png","width":432,"height":133},{"@type":"BreadcrumbList","@id":"https:\/\/www.coatresa.com\/ca\/testrong-coatings\/#breadcrumb","itemListElement":[{"@type":"ListItem","position":1,"name":"Portada","item":"https:\/\/www.coatresa.com\/ca\/"},{"@type":"ListItem","position":2,"name":"Testrong coatings"}]},{"@type":"WebSite","@id":"https:\/\/www.coatresa.com\/ca\/#website","url":"https:\/\/www.coatresa.com\/ca\/","name":"Coatresa","description":"Aplicaci\u00f3n de recubrimientos antiadherentes y anticorrosivos como el Teflon. Expertos del Powder Coating","publisher":{"@id":"https:\/\/www.coatresa.com\/ca\/#organization"},"potentialAction":[{"@type":"SearchAction","target":{"@type":"EntryPoint","urlTemplate":"https:\/\/www.coatresa.com\/ca\/?s={search_term_string}"},"query-input":{"@type":"PropertyValueSpecification","valueRequired":true,"valueName":"search_term_string"}}],"inLanguage":"ca-ES"},{"@type":"Organization","@id":"https:\/\/www.coatresa.com\/ca\/#organization","name":"Coatresa","url":"https:\/\/www.coatresa.com\/ca\/","logo":{"@type":"ImageObject","inLanguage":"ca-ES","@id":"https:\/\/www.coatresa.com\/ca\/#\/schema\/logo\/image\/","url":"https:\/\/www.coatresa.com\/wp-content\/uploads\/2022\/07\/A_blava_mitja_transp.png","contentUrl":"https:\/\/www.coatresa.com\/wp-content\/uploads\/2022\/07\/A_blava_mitja_transp.png","width":340,"height":326,"caption":"Coatresa"},"image":{"@id":"https:\/\/www.coatresa.com\/ca\/#\/schema\/logo\/image\/"},"sameAs":["https:\/\/www.facebook.com\/Coatresa\/","https:\/\/x.com\/Coatresa","https:\/\/www.linkedin.com\/company\/coatresa\/","https:\/\/www.youtube.com\/user\/CoatresaCoatings"]}]}},"_links":{"self":[{"href":"https:\/\/www.coatresa.com\/ca\/wp-json\/wp\/v2\/pages\/9866","targetHints":{"allow":["GET"]}}],"collection":[{"href":"https:\/\/www.coatresa.com\/ca\/wp-json\/wp\/v2\/pages"}],"about":[{"href":"https:\/\/www.coatresa.com\/ca\/wp-json\/wp\/v2\/types\/page"}],"author":[{"embeddable":true,"href":"https:\/\/www.coatresa.com\/ca\/wp-json\/wp\/v2\/users\/1"}],"replies":[{"embeddable":true,"href":"https:\/\/www.coatresa.com\/ca\/wp-json\/wp\/v2\/comments?post=9866"}],"version-history":[{"count":0,"href":"https:\/\/www.coatresa.com\/ca\/wp-json\/wp\/v2\/pages\/9866\/revisions"}],"wp:featuredmedia":[{"embeddable":true,"href":"https:\/\/www.coatresa.com\/ca\/wp-json\/wp\/v2\/media\/6422"}],"wp:attachment":[{"href":"https:\/\/www.coatresa.com\/ca\/wp-json\/wp\/v2\/media?parent=9866"}],"curies":[{"name":"wp","href":"https:\/\/api.w.org\/{rel}","templated":true}]}}