{"id":9880,"date":"2018-06-14T17:48:20","date_gmt":"2018-06-14T15:48:20","guid":{"rendered":"http:\/\/coatresa.com\/recubrimientos-para-menaje\/"},"modified":"2018-09-06T10:41:12","modified_gmt":"2018-09-06T08:41:12","slug":"recobriments-per-parament","status":"publish","type":"page","link":"https:\/\/www.coatresa.com\/ca\/recobriments-per-parament\/","title":{"rendered":"Recobriments per al parament"},"content":{"rendered":"<div id=\"pl-9880\"  class=\"panel-layout\" ><div id=\"pg-9880-0\"  class=\"panel-grid panel-has-style\" ><div style=\"padding: 0px 0; \" data-overlay=\"true\" data-overlay-color=\"#000000\" class=\"panel-row-style panel-row-style-for-9880-0\" ><div id=\"pgc-9880-0-0\"  class=\"panel-grid-cell\" ><div id=\"panel-9880-0-0-0\" class=\"so-panel widget_sow-image panel-first-child\" data-index=\"0\" ><div class=\"ICONA-MITJANA panel-widget-style panel-widget-style-for-9880-0-0-0\" style=\"text-align: left;\" data-title-color=\"#47425d\" data-headings-color=\"#443f3f\" data-title_alignment=\"center\" ><div\n\t\t\t\n\t\t\tclass=\"so-widget-sow-image so-widget-sow-image-default-c67d20f9f743-9880\"\n\t\t\t\n\t\t>\n<div class=\"sow-image-container\">\n\t\t<img \n\tsrc=\"https:\/\/www.coatresa.com\/wp-content\/uploads\/2018\/06\/recubrimientos-antiadherentes-menaje.png\" width=\"269\" height=\"269\" srcset=\"https:\/\/www.coatresa.com\/wp-content\/uploads\/2018\/06\/recubrimientos-antiadherentes-menaje.png 269w, https:\/\/www.coatresa.com\/wp-content\/uploads\/2018\/06\/recubrimientos-antiadherentes-menaje-150x150.png 150w, https:\/\/www.coatresa.com\/wp-content\/uploads\/2018\/06\/recubrimientos-antiadherentes-menaje-230x230.png 230w\" sizes=\"(max-width: 269px) 100vw, 269px\" title=\"recubrimientos antiadherentes para menaje\" alt=\"recubrimientos antiadherentes para menaje\" \t\tclass=\"so-widget-image\"\/>\n\t<\/div>\n\n<\/div><\/div><\/div><div id=\"panel-9880-0-0-1\" class=\"so-panel widget_sow-editor panel-last-child\" data-index=\"1\" ><div style=\"text-align: left;\" data-title-color=\"#47425d\" data-headings-color=\"#000000\" data-title_alignment=\"center\" class=\"panel-widget-style panel-widget-style-for-9880-0-0-1\" ><div\n\t\t\t\n\t\t\tclass=\"so-widget-sow-editor so-widget-sow-editor-base\"\n\t\t\t\n\t\t>\n<div class=\"siteorigin-widget-tinymce textwidget\">\n\t<h1 style=\"text-align: center;\">Recobriments per a parament<\/h1>\n<hr \/>\n<p style=\"text-align: center;\">Des de l'arribada a les llars de la primera paella antiadherent recoberta amb PTFE a la d\u00e8cada de 1960, aquest material fluoropolim\u00e8ric no ha deixat d'estar present en els objectes de parament de les nostres llars: paelles, robots de cuina, planxes, grills, sandvitxeres, casseroles, fregidores, motllos per a pastissos, safates i safata per al forn, fulles de tallar especials, cafeteres, espremedors, etc. han anat evolucionant i ara s'utilitzen des del b\u00e0sic PTFE, fins a solucions innovadores com els recents recobriments cer\u00e0mics, recobriments de \u201c pedra\u201d, etc., que ofereixen solucions antiadherents duradores i atractives.<\/p>\n<p style=\"text-align: center;\">Les t\u00e8cniques i els productes han anat evolucionant amb el temps i ara les divisions de parament de COATRESA compten amb les \u00faltimes tecnologies i productes innovadors per satisfer qualsevol demanda del sector, tant t\u00e8cnica com est\u00e8ticament. COATRESA analitza i utilitza la mat\u00e8ria primera dels principals fabricants del m\u00f3n com\u00a0<b>Whitford<\/b>,\u00a0<b>Chemours<\/b>,\u00a0<b>Weilburger<\/b>,\u00a0<b>Ilag<\/b>, etc. i \u00e9s aplicador expert en <b>Eterna<\/b>\u00ae, <b>Excalibur<\/b>\u00ae, <b>Qu\u00e0ntum<\/b>\u00ae, <b>Quantanium<\/b>\u00ae, <b>Greblon<\/b>\u00ae, <b>Teflon<\/b>\u00ae, <b>Select<\/b>\u00ae, <b>Silverstone<\/b>\u00ae, <b>Platinum<\/b>\u00ae, <b>Eclipse<\/b>\u00ae, etc.<\/p>\n<\/div>\n<\/div><\/div><\/div><\/div><\/div><\/div><div id=\"pg-9880-1\"  class=\"panel-grid panel-has-style\" ><div class=\"FRANJA-BLAVA-TITOL siteorigin-panels-stretch panel-row-style panel-row-style-for-9880-1\" style=\"padding: 0px 0; \" data-stretch-type=\"full\" data-overlay=\"true\" data-overlay-color=\"#000000\" ><div id=\"pgc-9880-1-0\"  class=\"panel-grid-cell\" ><div id=\"panel-9880-1-0-0\" class=\"so-panel widget_sow-editor panel-first-child panel-last-child\" data-index=\"2\" ><div style=\"text-align: left;\" data-title-color=\"#47425d\" data-headings-color=\"#443f3f\" data-title_alignment=\"center\" class=\"panel-widget-style panel-widget-style-for-9880-1-0-0\" ><div\n\t\t\t\n\t\t\tclass=\"so-widget-sow-editor so-widget-sow-editor-base\"\n\t\t\t\n\t\t>\n<div class=\"siteorigin-widget-tinymce textwidget\">\n\t<h2 style=\"text-align: center;\">Principals beneficis dels recobriments per a parament<\/h2>\n<\/div>\n<\/div><\/div><\/div><\/div><\/div><\/div><div id=\"pg-9880-2\"  class=\"panel-grid panel-has-style\" ><div class=\"BGC-GRIS siteorigin-panels-stretch panel-row-style panel-row-style-for-9880-2\" style=\"padding: 40px 0; \" data-stretch-type=\"full\" data-overlay=\"true\" data-overlay-color=\"#000000\" ><div id=\"pgc-9880-2-0\"  class=\"panel-grid-cell\" ><div id=\"panel-9880-2-0-0\" class=\"so-panel widget_sow-image panel-first-child panel-last-child\" data-index=\"3\" ><div class=\"ICONA-GRAN panel-widget-style panel-widget-style-for-9880-2-0-0\" style=\"text-align: left;\" data-title-color=\"#47425d\" data-headings-color=\"#443f3f\" data-title_alignment=\"center\" ><div\n\t\t\t\n\t\t\tclass=\"so-widget-sow-image so-widget-sow-image-default-c67d20f9f743-9880\"\n\t\t\t\n\t\t>\n<div class=\"sow-image-container\">\n\t\t<img \n\tsrc=\"https:\/\/www.coatresa.com\/wp-content\/uploads\/2018\/02\/beneficios-recubrimientos-antiadherentes-anticorrosivos-industriales.png\" width=\"300\" height=\"300\" srcset=\"https:\/\/www.coatresa.com\/wp-content\/uploads\/2018\/02\/beneficios-recubrimientos-antiadherentes-anticorrosivos-industriales.png 300w, https:\/\/www.coatresa.com\/wp-content\/uploads\/2018\/02\/beneficios-recubrimientos-antiadherentes-anticorrosivos-industriales-150x150.png 150w, https:\/\/www.coatresa.com\/wp-content\/uploads\/2018\/02\/beneficios-recubrimientos-antiadherentes-anticorrosivos-industriales-230x230.png 230w\" sizes=\"(max-width: 300px) 100vw, 300px\" title=\"beneficios de los recubrimientos antiadherentes y anticorrosivos industriales\" alt=\"beneficios de los recubrimientos antiadherentes y anticorrosivos industriales\" \t\tclass=\"so-widget-image\"\/>\n\t<\/div>\n\n<\/div><\/div><\/div><\/div><div id=\"pgc-9880-2-1\"  class=\"panel-grid-cell\" ><div id=\"panel-9880-2-1-0\" class=\"so-panel widget_sow-editor panel-first-child panel-last-child\" data-index=\"4\" ><div class=\"TEXTOS-DESTACATS LLISTES panel-widget-style panel-widget-style-for-9880-2-1-0\" style=\"text-align: left;\" data-title-color=\"#47425d\" data-headings-color=\"#443f3f\" data-title_alignment=\"center\" ><div\n\t\t\t\n\t\t\tclass=\"so-widget-sow-editor so-widget-sow-editor-base\"\n\t\t\t\n\t\t>\n<div class=\"siteorigin-widget-tinymce textwidget\">\n\t<ul>\n<li>Redu\u00eft \u00fas d'oli<\/li>\n<li>Menor adher\u00e8ncia dels aliments a la superf\u00edcie<\/li>\n<li>Major facilitat de neteja<\/li>\n<li>Increment de la vida dels elements<\/li>\n<\/ul>\n<\/div>\n<\/div><\/div><\/div><\/div><\/div><\/div><div id=\"pg-9880-3\"  class=\"panel-grid panel-has-style\" ><div class=\"siteorigin-panels-stretch panel-row-style panel-row-style-for-9880-3\" style=\"padding: 50px 0; \" data-stretch-type=\"full-stretched\" data-overlay=\"true\" data-overlay-color=\"#000000\" ><div id=\"pgc-9880-3-0\"  class=\"panel-grid-cell\" ><div id=\"panel-9880-3-0-0\" class=\"so-panel widget_sow-editor panel-first-child\" data-index=\"5\" ><div class=\"BLAU-FOSC panel-widget-style panel-widget-style-for-9880-3-0-0\" style=\"text-align: left;\" data-title-color=\"#47425d\" data-headings-color=\"#443f3f\" data-title_alignment=\"center\" ><div\n\t\t\t\n\t\t\tclass=\"so-widget-sow-editor so-widget-sow-editor-base\"\n\t\t\t\n\t\t>\n<div class=\"siteorigin-widget-tinymce textwidget\">\n\t<h2 style=\"text-align: center;\">Alguns dels nostres treballs en Parament<\/h2>\n<\/div>\n<\/div><\/div><\/div><div id=\"panel-9880-3-0-1\" class=\"so-panel widget_sow-image-grid panel-last-child\" data-index=\"6\" ><div class=\"IMATGES-PORTFOLI panel-widget-style panel-widget-style-for-9880-3-0-1\" style=\"text-align: left;\" data-title-color=\"#47425d\" data-headings-color=\"#443f3f\" data-title_alignment=\"center\" ><div\n\t\t\t\n\t\t\tclass=\"so-widget-sow-image-grid so-widget-sow-image-grid-default-555de9c308f5-9880\"\n\t\t\t\n\t\t>\t<div\n\t\tclass=\"sow-image-grid-wrapper\"\n\t\t\t\t\t>\n\t\t\t\t\t<div class=\"sow-image-grid-image\">\n\t\t\t\t\t\t\t\t\t\t\t\t<img loading=\"lazy\" decoding=\"async\" width=\"300\" height=\"300\" src=\"https:\/\/www.coatresa.com\/wp-content\/uploads\/2018\/06\/recubrimientos-antiadherentes-cacerola-alta-300x300.png\" class=\"sow-image-grid-image_html\" alt=\"\" title=\"recubrimientos antiadherentes para cacerola alta\" srcset=\"https:\/\/www.coatresa.com\/wp-content\/uploads\/2018\/06\/recubrimientos-antiadherentes-cacerola-alta-300x300.png 300w, https:\/\/www.coatresa.com\/wp-content\/uploads\/2018\/06\/recubrimientos-antiadherentes-cacerola-alta-150x150.png 150w, https:\/\/www.coatresa.com\/wp-content\/uploads\/2018\/06\/recubrimientos-antiadherentes-cacerola-alta-230x230.png 230w, https:\/\/www.coatresa.com\/wp-content\/uploads\/2018\/06\/recubrimientos-antiadherentes-cacerola-alta-350x350.png 350w, https:\/\/www.coatresa.com\/wp-content\/uploads\/2018\/06\/recubrimientos-antiadherentes-cacerola-alta-480x480.png 480w, https:\/\/www.coatresa.com\/wp-content\/uploads\/2018\/06\/recubrimientos-antiadherentes-cacerola-alta.png 737w\" sizes=\"auto, (max-width: 300px) 100vw, 300px\" \/>\t\t\t\t\t\t\t\t\t\t\t<\/div>\n\t\t\t\t\t<div class=\"sow-image-grid-image\">\n\t\t\t\t\t\t\t\t\t\t\t\t<img loading=\"lazy\" decoding=\"async\" width=\"300\" height=\"300\" src=\"https:\/\/www.coatresa.com\/wp-content\/uploads\/2018\/06\/recubrimientos-antiadherentes-cuchillos-300x300.png\" class=\"sow-image-grid-image_html\" alt=\"\" title=\"recubrimientos antiadherentes para cuchillos\" srcset=\"https:\/\/www.coatresa.com\/wp-content\/uploads\/2018\/06\/recubrimientos-antiadherentes-cuchillos-300x300.png 300w, https:\/\/www.coatresa.com\/wp-content\/uploads\/2018\/06\/recubrimientos-antiadherentes-cuchillos-150x150.png 150w, https:\/\/www.coatresa.com\/wp-content\/uploads\/2018\/06\/recubrimientos-antiadherentes-cuchillos-230x230.png 230w, https:\/\/www.coatresa.com\/wp-content\/uploads\/2018\/06\/recubrimientos-antiadherentes-cuchillos-350x350.png 350w, https:\/\/www.coatresa.com\/wp-content\/uploads\/2018\/06\/recubrimientos-antiadherentes-cuchillos-480x480.png 480w, https:\/\/www.coatresa.com\/wp-content\/uploads\/2018\/06\/recubrimientos-antiadherentes-cuchillos.png 737w\" sizes=\"auto, (max-width: 300px) 100vw, 300px\" \/>\t\t\t\t\t\t\t\t\t\t\t<\/div>\n\t\t\t\t\t<div class=\"sow-image-grid-image\">\n\t\t\t\t\t\t\t\t\t\t\t\t<img loading=\"lazy\" decoding=\"async\" width=\"300\" height=\"300\" src=\"https:\/\/www.coatresa.com\/wp-content\/uploads\/2018\/06\/recubrimientos-antiadherentes-olla-expres-300x300.png\" class=\"sow-image-grid-image_html\" alt=\"\" title=\"recubrimientos antiadherentes para olla expres\" srcset=\"https:\/\/www.coatresa.com\/wp-content\/uploads\/2018\/06\/recubrimientos-antiadherentes-olla-expres-300x300.png 300w, https:\/\/www.coatresa.com\/wp-content\/uploads\/2018\/06\/recubrimientos-antiadherentes-olla-expres-150x150.png 150w, https:\/\/www.coatresa.com\/wp-content\/uploads\/2018\/06\/recubrimientos-antiadherentes-olla-expres-230x230.png 230w, https:\/\/www.coatresa.com\/wp-content\/uploads\/2018\/06\/recubrimientos-antiadherentes-olla-expres-350x350.png 350w, https:\/\/www.coatresa.com\/wp-content\/uploads\/2018\/06\/recubrimientos-antiadherentes-olla-expres-480x480.png 480w, https:\/\/www.coatresa.com\/wp-content\/uploads\/2018\/06\/recubrimientos-antiadherentes-olla-expres.png 737w\" sizes=\"auto, (max-width: 300px) 100vw, 300px\" \/>\t\t\t\t\t\t\t\t\t\t\t<\/div>\n\t\t\t\t\t<div class=\"sow-image-grid-image\">\n\t\t\t\t\t\t\t\t\t\t\t\t<img loading=\"lazy\" decoding=\"async\" width=\"300\" height=\"300\" src=\"https:\/\/www.coatresa.com\/wp-content\/uploads\/2018\/06\/recubrimientos-antiadherentes-plancha-grill-300x300.png\" class=\"sow-image-grid-image_html\" alt=\"\" title=\"recubrimientos antiadherentes para plancha grill\" srcset=\"https:\/\/www.coatresa.com\/wp-content\/uploads\/2018\/06\/recubrimientos-antiadherentes-plancha-grill-300x300.png 300w, https:\/\/www.coatresa.com\/wp-content\/uploads\/2018\/06\/recubrimientos-antiadherentes-plancha-grill-150x150.png 150w, https:\/\/www.coatresa.com\/wp-content\/uploads\/2018\/06\/recubrimientos-antiadherentes-plancha-grill-230x230.png 230w, https:\/\/www.coatresa.com\/wp-content\/uploads\/2018\/06\/recubrimientos-antiadherentes-plancha-grill-350x350.png 350w, https:\/\/www.coatresa.com\/wp-content\/uploads\/2018\/06\/recubrimientos-antiadherentes-plancha-grill-480x480.png 480w, https:\/\/www.coatresa.com\/wp-content\/uploads\/2018\/06\/recubrimientos-antiadherentes-plancha-grill.png 737w\" sizes=\"auto, (max-width: 300px) 100vw, 300px\" \/>\t\t\t\t\t\t\t\t\t\t\t<\/div>\n\t\t\t\t\t<div class=\"sow-image-grid-image\">\n\t\t\t\t\t\t\t\t\t\t\t\t<img loading=\"lazy\" decoding=\"async\" width=\"300\" height=\"300\" src=\"https:\/\/www.coatresa.com\/wp-content\/uploads\/2018\/06\/recubrimientos-ceramicos-sarten-300x300.png\" class=\"sow-image-grid-image_html\" alt=\"\" title=\"recubrimientos cer\u00e1micos para sart\u00e9n\" srcset=\"https:\/\/www.coatresa.com\/wp-content\/uploads\/2018\/06\/recubrimientos-ceramicos-sarten-300x300.png 300w, https:\/\/www.coatresa.com\/wp-content\/uploads\/2018\/06\/recubrimientos-ceramicos-sarten-150x150.png 150w, https:\/\/www.coatresa.com\/wp-content\/uploads\/2018\/06\/recubrimientos-ceramicos-sarten-230x230.png 230w, https:\/\/www.coatresa.com\/wp-content\/uploads\/2018\/06\/recubrimientos-ceramicos-sarten-350x350.png 350w, https:\/\/www.coatresa.com\/wp-content\/uploads\/2018\/06\/recubrimientos-ceramicos-sarten-480x480.png 480w, https:\/\/www.coatresa.com\/wp-content\/uploads\/2018\/06\/recubrimientos-ceramicos-sarten.png 737w\" sizes=\"auto, (max-width: 300px) 100vw, 300px\" \/>\t\t\t\t\t\t\t\t\t\t\t<\/div>\n\t\t\t<\/div>\n<\/div><\/div><\/div><\/div><\/div><\/div><div id=\"pg-9880-4\"  class=\"panel-grid panel-has-style\" ><div class=\"siteorigin-panels-stretch panel-row-style panel-row-style-for-9880-4\" style=\"background-image: url(https:\/\/www.coatresa.com\/wp-content\/uploads\/2018\/02\/recubrimientos-antiadherentes-automocion.jpg);padding: 50px 0; \" data-stretch-type=\"full\" data-hasbg=\"hasbg\" data-overlay=\"true\" data-overlay-color=\"#000000\" ><div id=\"pgc-9880-4-0\"  class=\"panel-grid-cell\" ><div id=\"panel-9880-4-0-0\" class=\"so-panel widget_sow-editor panel-first-child panel-last-child\" data-index=\"7\" ><div class=\"TEXTOS-DESTACATS-PRE-FOOTER blanc panel-widget-style panel-widget-style-for-9880-4-0-0\" style=\"text-align: left;\" data-title-color=\"#47425d\" data-headings-color=\"#443f3f\" data-title_alignment=\"center\" ><div\n\t\t\t\n\t\t\tclass=\"so-widget-sow-editor so-widget-sow-editor-base\"\n\t\t\t\n\t\t>\n<div class=\"siteorigin-widget-tinymce textwidget\">\n\t<p style=\"text-align: center;\">COATRESA ofereix solucions antiadherents sobre quasi qualsevol substrat susceptible de formar part d'un producte de parament com ara alumini, acer inoxidable, vidre, acer, ferro, etc. i tots els seus productes s\u00f3n certificats per a \u00fas alimentari d'acord amb totes les normatives vigents.<\/p>\n<\/div>\n<\/div><\/div><\/div><\/div><\/div><\/div><\/div>","protected":false},"excerpt":{"rendered":"<p>Recobriments per a parament Des de l&#8217;arribada a les llars de la primera paella antiadherent recoberta amb PTFE a la d\u00e8cada de [&hellip;]<\/p>\n","protected":false},"author":1,"featured_media":0,"parent":0,"menu_order":0,"comment_status":"closed","ping_status":"closed","template":"page-templates\/page_fullwidth.php","meta":{"footnotes":""},"class_list":["post-9880","page","type-page","status-publish","hentry"],"yoast_head":"<!-- This site is optimized with the Yoast SEO plugin v27.4 - https:\/\/yoast.com\/product\/yoast-seo-wordpress\/ -->\n<title>Recobriments per al parament - Coatresa<\/title>\n<meta name=\"description\" content=\"Experts en l\u2019aplicaci\u00f3 d&#039;antiadherents PTFE per a parament com el Teflon \u00ae. Des de la cl\u00e0ssica paella antiadherent fins a una paella cer\u00e0mica. Informa-te\u2019n!\" \/>\n<meta name=\"robots\" content=\"index, follow, max-snippet:-1, max-image-preview:large, max-video-preview:-1\" \/>\n<link rel=\"canonical\" href=\"https:\/\/www.coatresa.com\/ca\/recobriments-per-parament\/\" \/>\n<meta property=\"og:locale\" content=\"ca_ES\" \/>\n<meta property=\"og:type\" content=\"article\" \/>\n<meta property=\"og:title\" content=\"Recobriments per al parament - Coatresa\" \/>\n<meta property=\"og:description\" content=\"Experts en l\u2019aplicaci\u00f3 d&#039;antiadherents PTFE per a parament com el Teflon \u00ae. Des de la cl\u00e0ssica paella antiadherent fins a una paella cer\u00e0mica. Informa-te\u2019n!\" \/>\n<meta property=\"og:url\" content=\"https:\/\/www.coatresa.com\/ca\/recobriments-per-parament\/\" \/>\n<meta property=\"og:site_name\" content=\"Coatresa\" \/>\n<meta property=\"article:publisher\" content=\"https:\/\/www.facebook.com\/Coatresa\/\" \/>\n<meta property=\"article:modified_time\" content=\"2018-09-06T08:41:12+00:00\" \/>\n<meta name=\"twitter:card\" content=\"summary_large_image\" \/>\n<meta name=\"twitter:site\" content=\"@Coatresa\" \/>\n<meta name=\"twitter:label1\" content=\"Est. reading time\" \/>\n\t<meta name=\"twitter:data1\" content=\"1 minute\" \/>\n<script type=\"application\/ld+json\" class=\"yoast-schema-graph\">{\"@context\":\"https:\\\/\\\/schema.org\",\"@graph\":[{\"@type\":\"WebPage\",\"@id\":\"https:\\\/\\\/www.coatresa.com\\\/ca\\\/recobriments-per-parament\\\/\",\"url\":\"https:\\\/\\\/www.coatresa.com\\\/ca\\\/recobriments-per-parament\\\/\",\"name\":\"Recobriments per al parament - Coatresa\",\"isPartOf\":{\"@id\":\"https:\\\/\\\/www.coatresa.com\\\/ca\\\/#website\"},\"datePublished\":\"2018-06-14T15:48:20+00:00\",\"dateModified\":\"2018-09-06T08:41:12+00:00\",\"description\":\"Experts en l\u2019aplicaci\u00f3 d'antiadherents PTFE per a parament com el Teflon \u00ae. Des de la cl\u00e0ssica paella antiadherent fins a una paella cer\u00e0mica. Informa-te\u2019n!\",\"breadcrumb\":{\"@id\":\"https:\\\/\\\/www.coatresa.com\\\/ca\\\/recobriments-per-parament\\\/#breadcrumb\"},\"inLanguage\":\"ca-ES\",\"potentialAction\":[{\"@type\":\"ReadAction\",\"target\":[\"https:\\\/\\\/www.coatresa.com\\\/ca\\\/recobriments-per-parament\\\/\"]}]},{\"@type\":\"BreadcrumbList\",\"@id\":\"https:\\\/\\\/www.coatresa.com\\\/ca\\\/recobriments-per-parament\\\/#breadcrumb\",\"itemListElement\":[{\"@type\":\"ListItem\",\"position\":1,\"name\":\"Portada\",\"item\":\"https:\\\/\\\/www.coatresa.com\\\/ca\\\/\"},{\"@type\":\"ListItem\",\"position\":2,\"name\":\"Recobriments per al parament\"}]},{\"@type\":\"WebSite\",\"@id\":\"https:\\\/\\\/www.coatresa.com\\\/ca\\\/#website\",\"url\":\"https:\\\/\\\/www.coatresa.com\\\/ca\\\/\",\"name\":\"Coatresa\",\"description\":\"Aplicaci\u00f3n de recubrimientos antiadherentes y anticorrosivos como el Teflon. Expertos del Powder Coating\",\"publisher\":{\"@id\":\"https:\\\/\\\/www.coatresa.com\\\/ca\\\/#organization\"},\"potentialAction\":[{\"@type\":\"SearchAction\",\"target\":{\"@type\":\"EntryPoint\",\"urlTemplate\":\"https:\\\/\\\/www.coatresa.com\\\/ca\\\/?s={search_term_string}\"},\"query-input\":{\"@type\":\"PropertyValueSpecification\",\"valueRequired\":true,\"valueName\":\"search_term_string\"}}],\"inLanguage\":\"ca-ES\"},{\"@type\":\"Organization\",\"@id\":\"https:\\\/\\\/www.coatresa.com\\\/ca\\\/#organization\",\"name\":\"Coatresa\",\"url\":\"https:\\\/\\\/www.coatresa.com\\\/ca\\\/\",\"logo\":{\"@type\":\"ImageObject\",\"inLanguage\":\"ca-ES\",\"@id\":\"https:\\\/\\\/www.coatresa.com\\\/ca\\\/#\\\/schema\\\/logo\\\/image\\\/\",\"url\":\"https:\\\/\\\/www.coatresa.com\\\/wp-content\\\/uploads\\\/2022\\\/07\\\/A_blava_mitja_transp.png\",\"contentUrl\":\"https:\\\/\\\/www.coatresa.com\\\/wp-content\\\/uploads\\\/2022\\\/07\\\/A_blava_mitja_transp.png\",\"width\":340,\"height\":326,\"caption\":\"Coatresa\"},\"image\":{\"@id\":\"https:\\\/\\\/www.coatresa.com\\\/ca\\\/#\\\/schema\\\/logo\\\/image\\\/\"},\"sameAs\":[\"https:\\\/\\\/www.facebook.com\\\/Coatresa\\\/\",\"https:\\\/\\\/x.com\\\/Coatresa\",\"https:\\\/\\\/www.linkedin.com\\\/company\\\/coatresa\\\/\",\"https:\\\/\\\/www.youtube.com\\\/user\\\/CoatresaCoatings\"]}]}<\/script>\n<!-- \/ Yoast SEO plugin. -->","yoast_head_json":{"title":"Recobriments per al parament - Coatresa","description":"Experts en l\u2019aplicaci\u00f3 d'antiadherents PTFE per a parament com el Teflon \u00ae. Des de la cl\u00e0ssica paella antiadherent fins a una paella cer\u00e0mica. Informa-te\u2019n!","robots":{"index":"index","follow":"follow","max-snippet":"max-snippet:-1","max-image-preview":"max-image-preview:large","max-video-preview":"max-video-preview:-1"},"canonical":"https:\/\/www.coatresa.com\/ca\/recobriments-per-parament\/","og_locale":"ca_ES","og_type":"article","og_title":"Recobriments per al parament - Coatresa","og_description":"Experts en l\u2019aplicaci\u00f3 d'antiadherents PTFE per a parament com el Teflon \u00ae. Des de la cl\u00e0ssica paella antiadherent fins a una paella cer\u00e0mica. Informa-te\u2019n!","og_url":"https:\/\/www.coatresa.com\/ca\/recobriments-per-parament\/","og_site_name":"Coatresa","article_publisher":"https:\/\/www.facebook.com\/Coatresa\/","article_modified_time":"2018-09-06T08:41:12+00:00","twitter_card":"summary_large_image","twitter_site":"@Coatresa","twitter_misc":{"Est. reading time":"1 minute"},"schema":{"@context":"https:\/\/schema.org","@graph":[{"@type":"WebPage","@id":"https:\/\/www.coatresa.com\/ca\/recobriments-per-parament\/","url":"https:\/\/www.coatresa.com\/ca\/recobriments-per-parament\/","name":"Recobriments per al parament - Coatresa","isPartOf":{"@id":"https:\/\/www.coatresa.com\/ca\/#website"},"datePublished":"2018-06-14T15:48:20+00:00","dateModified":"2018-09-06T08:41:12+00:00","description":"Experts en l\u2019aplicaci\u00f3 d'antiadherents PTFE per a parament com el Teflon \u00ae. Des de la cl\u00e0ssica paella antiadherent fins a una paella cer\u00e0mica. Informa-te\u2019n!","breadcrumb":{"@id":"https:\/\/www.coatresa.com\/ca\/recobriments-per-parament\/#breadcrumb"},"inLanguage":"ca-ES","potentialAction":[{"@type":"ReadAction","target":["https:\/\/www.coatresa.com\/ca\/recobriments-per-parament\/"]}]},{"@type":"BreadcrumbList","@id":"https:\/\/www.coatresa.com\/ca\/recobriments-per-parament\/#breadcrumb","itemListElement":[{"@type":"ListItem","position":1,"name":"Portada","item":"https:\/\/www.coatresa.com\/ca\/"},{"@type":"ListItem","position":2,"name":"Recobriments per al parament"}]},{"@type":"WebSite","@id":"https:\/\/www.coatresa.com\/ca\/#website","url":"https:\/\/www.coatresa.com\/ca\/","name":"Coatresa","description":"Aplicaci\u00f3n de recubrimientos antiadherentes y anticorrosivos como el Teflon. Expertos del Powder Coating","publisher":{"@id":"https:\/\/www.coatresa.com\/ca\/#organization"},"potentialAction":[{"@type":"SearchAction","target":{"@type":"EntryPoint","urlTemplate":"https:\/\/www.coatresa.com\/ca\/?s={search_term_string}"},"query-input":{"@type":"PropertyValueSpecification","valueRequired":true,"valueName":"search_term_string"}}],"inLanguage":"ca-ES"},{"@type":"Organization","@id":"https:\/\/www.coatresa.com\/ca\/#organization","name":"Coatresa","url":"https:\/\/www.coatresa.com\/ca\/","logo":{"@type":"ImageObject","inLanguage":"ca-ES","@id":"https:\/\/www.coatresa.com\/ca\/#\/schema\/logo\/image\/","url":"https:\/\/www.coatresa.com\/wp-content\/uploads\/2022\/07\/A_blava_mitja_transp.png","contentUrl":"https:\/\/www.coatresa.com\/wp-content\/uploads\/2022\/07\/A_blava_mitja_transp.png","width":340,"height":326,"caption":"Coatresa"},"image":{"@id":"https:\/\/www.coatresa.com\/ca\/#\/schema\/logo\/image\/"},"sameAs":["https:\/\/www.facebook.com\/Coatresa\/","https:\/\/x.com\/Coatresa","https:\/\/www.linkedin.com\/company\/coatresa\/","https:\/\/www.youtube.com\/user\/CoatresaCoatings"]}]}},"_links":{"self":[{"href":"https:\/\/www.coatresa.com\/ca\/wp-json\/wp\/v2\/pages\/9880","targetHints":{"allow":["GET"]}}],"collection":[{"href":"https:\/\/www.coatresa.com\/ca\/wp-json\/wp\/v2\/pages"}],"about":[{"href":"https:\/\/www.coatresa.com\/ca\/wp-json\/wp\/v2\/types\/page"}],"author":[{"embeddable":true,"href":"https:\/\/www.coatresa.com\/ca\/wp-json\/wp\/v2\/users\/1"}],"replies":[{"embeddable":true,"href":"https:\/\/www.coatresa.com\/ca\/wp-json\/wp\/v2\/comments?post=9880"}],"version-history":[{"count":0,"href":"https:\/\/www.coatresa.com\/ca\/wp-json\/wp\/v2\/pages\/9880\/revisions"}],"wp:attachment":[{"href":"https:\/\/www.coatresa.com\/ca\/wp-json\/wp\/v2\/media?parent=9880"}],"curies":[{"name":"wp","href":"https:\/\/api.w.org\/{rel}","templated":true}]}}