{"id":9922,"date":"2018-07-12T17:29:52","date_gmt":"2018-07-12T15:29:52","guid":{"rendered":"http:\/\/coatresa.com\/recubrimientos-bechem\/"},"modified":"2018-09-06T11:01:20","modified_gmt":"2018-09-06T09:01:20","slug":"recobriments-bechem","status":"publish","type":"page","link":"https:\/\/www.coatresa.com\/ca\/recobriments-bechem\/","title":{"rendered":"Recobriments Bechem"},"content":{"rendered":"<div id=\"pl-9922\"  class=\"panel-layout\" ><div id=\"pg-9922-0\"  class=\"panel-grid panel-has-style\" ><div style=\"padding: 0px 0; \" data-overlay=\"true\" data-overlay-color=\"#000000\" class=\"panel-row-style panel-row-style-for-9922-0\" ><div id=\"pgc-9922-0-0\"  class=\"panel-grid-cell\" ><div id=\"panel-9922-0-0-0\" class=\"so-panel widget_sow-image panel-first-child\" data-index=\"0\" ><div style=\"text-align: left;\" data-title-color=\"#47425d\" data-headings-color=\"#443f3f\" data-title_alignment=\"center\" class=\"panel-widget-style panel-widget-style-for-9922-0-0-0\" ><div\n\t\t\t\n\t\t\tclass=\"so-widget-sow-image so-widget-sow-image-default-c67d20f9f743-9922\"\n\t\t\t\n\t\t>\n<div class=\"sow-image-container\">\n\t\t<img \n\tsrc=\"https:\/\/www.coatresa.com\/wp-content\/uploads\/2018\/07\/recubrimientos-bechem.png\" width=\"124\" height=\"120\" sizes=\"(max-width: 124px) 100vw, 124px\" title=\"recubrimientos bechem\" alt=\"recubrimientos bechem\" \t\tclass=\"so-widget-image\"\/>\n\t<\/div>\n\n<\/div><\/div><\/div><div id=\"panel-9922-0-0-1\" class=\"so-panel widget_sow-editor panel-last-child\" data-index=\"1\" ><div style=\"text-align: left;\" data-title-color=\"#47425d\" data-headings-color=\"#000000\" data-title_alignment=\"center\" class=\"panel-widget-style panel-widget-style-for-9922-0-0-1\" ><div\n\t\t\t\n\t\t\tclass=\"so-widget-sow-editor so-widget-sow-editor-base\"\n\t\t\t\n\t\t>\n<div class=\"siteorigin-widget-tinymce textwidget\">\n\t<h1 style=\"text-align: center;\">Recobriments Bechem<\/h1>\n<hr \/>\n<p style=\"text-align: justify;\">Carl Bechem va fundar l\u2019any 1834 la primera petroliera a Alemanya i es va convertir aix\u00ed en el primer fabricant alemany de lubrificants industrials. La primera l\u00ednia de ferrocarrils va comen\u00e7ar a funcionar el 1835 i aviat va comen\u00e7ar a ser un client important de Bechem. Al segle XX els recobriments Bechem s\u00f3n \u00e0mpliament utilitzats en els motors de zepelins i despr\u00e9s com a prestigioses grades per a engranatges.<\/p>\n<p style=\"text-align: justify;\">Al final del segle XX Bechem subministra lubrificants per a filtres del sector aeroespacial i al 2011, guanya el premi alemany a l'efici\u00e8ncia pel desenvolupament de <b>Berufluid<\/b>\u00ae: un lubrificant refrigerant a base d'aigua viscosa i lliure de minerals.<\/p>\n<p style=\"text-align: justify;\">Bechem en l'actualitat compta amb pres\u00e8ncia global en 70 pa\u00efsos i 500 empleats en tot el m\u00f3n i \u00e9s pionera en sistemes de lubricaci\u00f3 amb base aigua i sistemes de recobriment lliures de fosfats, la qual cosa el situa en una posici\u00f3 l\u00edder en tecnologia de la lubricaci\u00f3.<\/p>\n<\/div>\n<\/div><\/div><\/div><\/div><\/div><\/div><div id=\"pg-9922-1\"  class=\"panel-grid panel-has-style\" ><div class=\"FRANJA-BLAVA-TITOL siteorigin-panels-stretch panel-row-style panel-row-style-for-9922-1\" style=\"padding: 0px 0; \" data-stretch-type=\"full\" data-overlay=\"true\" data-overlay-color=\"#000000\" ><div id=\"pgc-9922-1-0\"  class=\"panel-grid-cell\" ><div id=\"panel-9922-1-0-0\" class=\"so-panel widget_sow-editor panel-first-child panel-last-child\" data-index=\"2\" ><div class=\"blanc panel-widget-style panel-widget-style-for-9922-1-0-0\" style=\"text-align: left;\" data-title-color=\"#47425d\" data-headings-color=\"#443f3f\" data-title_alignment=\"center\" ><div\n\t\t\t\n\t\t\tclass=\"so-widget-sow-editor so-widget-sow-editor-base\"\n\t\t\t\n\t\t>\n<div class=\"siteorigin-widget-tinymce textwidget\">\n\t<h2 style=\"text-align: center;\">Productes Bechem<\/h2>\n<\/div>\n<\/div><\/div><\/div><\/div><\/div><\/div><div id=\"pg-9922-2\"  class=\"panel-grid panel-has-style\" ><div class=\"BGC-GRIS siteorigin-panels-stretch panel-row-style panel-row-style-for-9922-2\" style=\"padding: 50px 0; \" data-stretch-type=\"full\" data-overlay=\"true\" data-overlay-color=\"#000000\" ><div id=\"pgc-9922-2-0\"  class=\"panel-grid-cell\" ><div id=\"panel-9922-2-0-0\" class=\"so-panel widget_siteorigin-panels-builder panel-first-child panel-last-child\" data-index=\"3\" ><div style=\"text-align: left;\" data-title-color=\"#47425d\" data-headings-color=\"#443f3f\" data-title_alignment=\"center\" class=\"panel-widget-style panel-widget-style-for-9922-2-0-0\" ><div id=\"pl-w5b90ece01bb19\"  class=\"panel-layout\" ><div id=\"pg-w5b90ece01bb19-0\"  class=\"panel-grid panel-has-style\" ><div style=\"padding: 0px 0; \" data-overlay=\"true\" data-overlay-color=\"#000000\" class=\"panel-row-style panel-row-style-for-w5b90ece01bb19-0\" ><div id=\"pgc-w5b90ece01bb19-0-0\"  class=\"panel-grid-cell\" ><div id=\"panel-w5b90ece01bb19-0-0-0\" class=\"so-panel widget_sow-editor panel-first-child\" data-index=\"0\" ><div style=\"text-align: left;\" data-title-color=\"#47425d\" data-headings-color=\"#443f3f\" data-title_alignment=\"center\" class=\"panel-widget-style panel-widget-style-for-w5b90ece01bb19-0-0-0\" ><div\n\t\t\t\n\t\t\tclass=\"so-widget-sow-editor so-widget-sow-editor-base\"\n\t\t\t\n\t\t>\n<div class=\"siteorigin-widget-tinymce textwidget\">\n\t<p style=\"text-align: justify;\">La gamma de productes de Bechem inclou: greixos i oli lubrificants, lubrificants de mecanitzaci\u00f3 i estampaci\u00f3 met\u00e0l\u00b7lica, productes per netejar i protegir contra la corrosi\u00f3, i recobriments amb baix coeficient de fricci\u00f3, que s'apliquen en multitud de sectors com el d\u2019automoci\u00f3, ferroviari, miner, qu\u00edmic, electr\u00f2nica, enginyeria mec\u00e0nica i farmac\u00e8utic, entre d\u2019altres.<\/p>\n<p style=\"text-align: justify;\"><b>Berufluid<\/b>\u00ae \u00e9s la marca sota la qual es comercialitza la seva gamma de lubrificants amb base aigua en lloc d'oli.<br \/>\n<b>Beruforge<\/b>\u00ae 150 \u00e9s l'alternativa als productes de semi-acabats met\u00e0l\u00b7lics i de fosfatat. Els lubrificants de mecanitzaci\u00f3 i estampaci\u00f3 met\u00e0l\u00b7lica s\u00f3n respectuosos amb el medi ambient i eficients energ\u00e8ticament.<br \/>\nBechem tamb\u00e9 ofereix productes per a la neteja i la protecci\u00f3 de metalls amb excel\u00b7lent tecnologia d\u2019emulsi\u00f3.<\/p>\n<\/div>\n<\/div><\/div><\/div><div id=\"panel-w5b90ece01bb19-0-0-1\" class=\"so-panel widget_sow-editor panel-last-child\" data-index=\"1\" ><div class=\"TEXTOS-DESTACATS panel-widget-style panel-widget-style-for-w5b90ece01bb19-0-0-1\" style=\"text-align: left;\" data-title-color=\"#47425d\" data-headings-color=\"#443f3f\" data-title_alignment=\"center\" ><div\n\t\t\t\n\t\t\tclass=\"so-widget-sow-editor so-widget-sow-editor-base\"\n\t\t\t\n\t\t>\n<div class=\"siteorigin-widget-tinymce textwidget\">\n\t<p style=\"text-align: center;\"> Sota la marca Berucoat \u00ae es comercialitzen els recobriments basats en la tecnologia de microc\u00e0psules amb baix coeficient de fricci\u00f3 ofereixen sistemes de recobriments que superen els tradicionals recobriments anti-fricci\u00f3 de MoS2.<\/p>\n<\/div>\n<\/div><\/div><\/div><\/div><\/div><\/div><div id=\"pg-w5b90ece01bb19-1\"  class=\"panel-grid panel-has-style\" ><div style=\"padding: 0px 0; \" data-overlay=\"true\" data-overlay-color=\"#000000\" class=\"panel-row-style panel-row-style-for-w5b90ece01bb19-1\" ><div id=\"pgc-w5b90ece01bb19-1-0\"  class=\"panel-grid-cell panel-grid-cell-empty\" ><div class=\"BGC-BLANC panel-cell-style panel-cell-style-for-w5b90ece01bb19-1-0\" ><\/div><\/div><div id=\"pgc-w5b90ece01bb19-1-1\"  class=\"panel-grid-cell panel-grid-cell-mobile-last\" ><div class=\"BGC-BLANC panel-cell-style panel-cell-style-for-w5b90ece01bb19-1-1\" ><div id=\"panel-w5b90ece01bb19-1-1-0\" class=\"so-panel widget_sow-image panel-first-child panel-last-child\" data-index=\"2\" ><div class=\"PADDING-H-1 AUGMENTAR-ICONA panel-widget-style panel-widget-style-for-w5b90ece01bb19-1-1-0\" style=\"text-align: left;\" data-title-color=\"#47425d\" data-headings-color=\"#443f3f\" data-title_alignment=\"center\" ><div\n\t\t\t\n\t\t\tclass=\"so-widget-sow-image so-widget-sow-image-default-c67d20f9f743\"\n\t\t\t\n\t\t>\n<div class=\"sow-image-container\">\n\t\t\t<a href=\"\/ca\/recobriment-bechem-berucoat\"\n\t\t\t\t\t>\n\t\t\t<img \n\tsrc=\"https:\/\/www.coatresa.com\/wp-content\/uploads\/2018\/07\/recubrimientos-bechem-berucoat.png\" width=\"197\" height=\"197\" srcset=\"https:\/\/www.coatresa.com\/wp-content\/uploads\/2018\/07\/recubrimientos-bechem-berucoat.png 197w, https:\/\/www.coatresa.com\/wp-content\/uploads\/2018\/07\/recubrimientos-bechem-berucoat-150x150.png 150w\" sizes=\"(max-width: 197px) 100vw, 197px\" title=\"recubrimientos Bechem Berucoat\" alt=\"recubrimientos Bechem Berucoat\" \t\tclass=\"so-widget-image\"\/>\n\t\t\t<\/a><\/div>\n\n<\/div><\/div><\/div><\/div><\/div><div id=\"pgc-w5b90ece01bb19-1-2\"  class=\"panel-grid-cell panel-grid-cell-empty\" ><div class=\"BGC-BLANC panel-cell-style panel-cell-style-for-w5b90ece01bb19-1-2\" ><\/div><\/div><\/div><\/div><\/div><\/div><\/div><\/div><\/div><\/div><\/div>","protected":false},"excerpt":{"rendered":"<p>Recobriments Bechem Carl Bechem va fundar l\u2019any 1834 la primera petroliera a Alemanya i es va convertir aix\u00ed en el primer fabricant [&hellip;]<\/p>\n","protected":false},"author":1,"featured_media":7399,"parent":0,"menu_order":0,"comment_status":"closed","ping_status":"closed","template":"page-templates\/page_fullwidth.php","meta":{"footnotes":""},"class_list":["post-9922","page","type-page","status-publish","has-post-thumbnail","hentry"],"yoast_head":"<!-- This site is optimized with the Yoast SEO plugin v27.4 - https:\/\/yoast.com\/product\/yoast-seo-wordpress\/ -->\n<title>Recobriments Bechem - Coatresa<\/title>\n<meta name=\"description\" content=\"Recobriments Bechem : lubricaci\u00f3 base aigua i sistemes de recobriment anti-fricci\u00f3 lliures de fosfats. Berufluid, Beruforge 150 i Berucoat. Informa-te\u2019n!\" \/>\n<meta name=\"robots\" content=\"index, follow, max-snippet:-1, max-image-preview:large, max-video-preview:-1\" \/>\n<link rel=\"canonical\" href=\"https:\/\/www.coatresa.com\/ca\/recobriments-bechem\/\" \/>\n<meta property=\"og:locale\" content=\"ca_ES\" \/>\n<meta property=\"og:type\" content=\"article\" \/>\n<meta property=\"og:title\" content=\"Recobriments Bechem - Coatresa\" \/>\n<meta property=\"og:description\" content=\"Recobriments Bechem : lubricaci\u00f3 base aigua i sistemes de recobriment anti-fricci\u00f3 lliures de fosfats. Berufluid, Beruforge 150 i Berucoat. Informa-te\u2019n!\" \/>\n<meta property=\"og:url\" content=\"https:\/\/www.coatresa.com\/ca\/recobriments-bechem\/\" \/>\n<meta property=\"og:site_name\" content=\"Coatresa\" \/>\n<meta property=\"article:publisher\" content=\"https:\/\/www.facebook.com\/Coatresa\/\" \/>\n<meta property=\"article:modified_time\" content=\"2018-09-06T09:01:20+00:00\" \/>\n<meta property=\"og:image\" content=\"https:\/\/www.coatresa.com\/wp-content\/uploads\/2018\/07\/recubrimientos-bechem.png\" \/>\n\t<meta property=\"og:image:width\" content=\"124\" \/>\n\t<meta property=\"og:image:height\" content=\"120\" \/>\n\t<meta property=\"og:image:type\" content=\"image\/png\" \/>\n<meta name=\"twitter:card\" content=\"summary_large_image\" \/>\n<meta name=\"twitter:site\" content=\"@Coatresa\" \/>\n<meta name=\"twitter:label1\" content=\"Est. reading time\" \/>\n\t<meta name=\"twitter:data1\" content=\"2 minutes\" \/>\n<script type=\"application\/ld+json\" class=\"yoast-schema-graph\">{\"@context\":\"https:\\\/\\\/schema.org\",\"@graph\":[{\"@type\":\"WebPage\",\"@id\":\"https:\\\/\\\/www.coatresa.com\\\/ca\\\/recobriments-bechem\\\/\",\"url\":\"https:\\\/\\\/www.coatresa.com\\\/ca\\\/recobriments-bechem\\\/\",\"name\":\"Recobriments Bechem - Coatresa\",\"isPartOf\":{\"@id\":\"https:\\\/\\\/www.coatresa.com\\\/ca\\\/#website\"},\"primaryImageOfPage\":{\"@id\":\"https:\\\/\\\/www.coatresa.com\\\/ca\\\/recobriments-bechem\\\/#primaryimage\"},\"image\":{\"@id\":\"https:\\\/\\\/www.coatresa.com\\\/ca\\\/recobriments-bechem\\\/#primaryimage\"},\"thumbnailUrl\":\"https:\\\/\\\/www.coatresa.com\\\/wp-content\\\/uploads\\\/2018\\\/07\\\/recubrimientos-bechem.png\",\"datePublished\":\"2018-07-12T15:29:52+00:00\",\"dateModified\":\"2018-09-06T09:01:20+00:00\",\"description\":\"Recobriments Bechem : lubricaci\u00f3 base aigua i sistemes de recobriment anti-fricci\u00f3 lliures de fosfats. Berufluid, Beruforge 150 i Berucoat. Informa-te\u2019n!\",\"breadcrumb\":{\"@id\":\"https:\\\/\\\/www.coatresa.com\\\/ca\\\/recobriments-bechem\\\/#breadcrumb\"},\"inLanguage\":\"ca-ES\",\"potentialAction\":[{\"@type\":\"ReadAction\",\"target\":[\"https:\\\/\\\/www.coatresa.com\\\/ca\\\/recobriments-bechem\\\/\"]}]},{\"@type\":\"ImageObject\",\"inLanguage\":\"ca-ES\",\"@id\":\"https:\\\/\\\/www.coatresa.com\\\/ca\\\/recobriments-bechem\\\/#primaryimage\",\"url\":\"https:\\\/\\\/www.coatresa.com\\\/wp-content\\\/uploads\\\/2018\\\/07\\\/recubrimientos-bechem.png\",\"contentUrl\":\"https:\\\/\\\/www.coatresa.com\\\/wp-content\\\/uploads\\\/2018\\\/07\\\/recubrimientos-bechem.png\",\"width\":124,\"height\":120,\"caption\":\"recubrimientos bechem\"},{\"@type\":\"BreadcrumbList\",\"@id\":\"https:\\\/\\\/www.coatresa.com\\\/ca\\\/recobriments-bechem\\\/#breadcrumb\",\"itemListElement\":[{\"@type\":\"ListItem\",\"position\":1,\"name\":\"Portada\",\"item\":\"https:\\\/\\\/www.coatresa.com\\\/ca\\\/\"},{\"@type\":\"ListItem\",\"position\":2,\"name\":\"Recobriments Bechem\"}]},{\"@type\":\"WebSite\",\"@id\":\"https:\\\/\\\/www.coatresa.com\\\/ca\\\/#website\",\"url\":\"https:\\\/\\\/www.coatresa.com\\\/ca\\\/\",\"name\":\"Coatresa\",\"description\":\"Aplicaci\u00f3n de recubrimientos antiadherentes y anticorrosivos como el Teflon. Expertos del Powder Coating\",\"publisher\":{\"@id\":\"https:\\\/\\\/www.coatresa.com\\\/ca\\\/#organization\"},\"potentialAction\":[{\"@type\":\"SearchAction\",\"target\":{\"@type\":\"EntryPoint\",\"urlTemplate\":\"https:\\\/\\\/www.coatresa.com\\\/ca\\\/?s={search_term_string}\"},\"query-input\":{\"@type\":\"PropertyValueSpecification\",\"valueRequired\":true,\"valueName\":\"search_term_string\"}}],\"inLanguage\":\"ca-ES\"},{\"@type\":\"Organization\",\"@id\":\"https:\\\/\\\/www.coatresa.com\\\/ca\\\/#organization\",\"name\":\"Coatresa\",\"url\":\"https:\\\/\\\/www.coatresa.com\\\/ca\\\/\",\"logo\":{\"@type\":\"ImageObject\",\"inLanguage\":\"ca-ES\",\"@id\":\"https:\\\/\\\/www.coatresa.com\\\/ca\\\/#\\\/schema\\\/logo\\\/image\\\/\",\"url\":\"https:\\\/\\\/www.coatresa.com\\\/wp-content\\\/uploads\\\/2022\\\/07\\\/A_blava_mitja_transp.png\",\"contentUrl\":\"https:\\\/\\\/www.coatresa.com\\\/wp-content\\\/uploads\\\/2022\\\/07\\\/A_blava_mitja_transp.png\",\"width\":340,\"height\":326,\"caption\":\"Coatresa\"},\"image\":{\"@id\":\"https:\\\/\\\/www.coatresa.com\\\/ca\\\/#\\\/schema\\\/logo\\\/image\\\/\"},\"sameAs\":[\"https:\\\/\\\/www.facebook.com\\\/Coatresa\\\/\",\"https:\\\/\\\/x.com\\\/Coatresa\",\"https:\\\/\\\/www.linkedin.com\\\/company\\\/coatresa\\\/\",\"https:\\\/\\\/www.youtube.com\\\/user\\\/CoatresaCoatings\"]}]}<\/script>\n<!-- \/ Yoast SEO plugin. -->","yoast_head_json":{"title":"Recobriments Bechem - Coatresa","description":"Recobriments Bechem : lubricaci\u00f3 base aigua i sistemes de recobriment anti-fricci\u00f3 lliures de fosfats. Berufluid, Beruforge 150 i Berucoat. Informa-te\u2019n!","robots":{"index":"index","follow":"follow","max-snippet":"max-snippet:-1","max-image-preview":"max-image-preview:large","max-video-preview":"max-video-preview:-1"},"canonical":"https:\/\/www.coatresa.com\/ca\/recobriments-bechem\/","og_locale":"ca_ES","og_type":"article","og_title":"Recobriments Bechem - Coatresa","og_description":"Recobriments Bechem : lubricaci\u00f3 base aigua i sistemes de recobriment anti-fricci\u00f3 lliures de fosfats. Berufluid, Beruforge 150 i Berucoat. Informa-te\u2019n!","og_url":"https:\/\/www.coatresa.com\/ca\/recobriments-bechem\/","og_site_name":"Coatresa","article_publisher":"https:\/\/www.facebook.com\/Coatresa\/","article_modified_time":"2018-09-06T09:01:20+00:00","og_image":[{"width":124,"height":120,"url":"https:\/\/www.coatresa.com\/wp-content\/uploads\/2018\/07\/recubrimientos-bechem.png","type":"image\/png"}],"twitter_card":"summary_large_image","twitter_site":"@Coatresa","twitter_misc":{"Est. reading time":"2 minutes"},"schema":{"@context":"https:\/\/schema.org","@graph":[{"@type":"WebPage","@id":"https:\/\/www.coatresa.com\/ca\/recobriments-bechem\/","url":"https:\/\/www.coatresa.com\/ca\/recobriments-bechem\/","name":"Recobriments Bechem - Coatresa","isPartOf":{"@id":"https:\/\/www.coatresa.com\/ca\/#website"},"primaryImageOfPage":{"@id":"https:\/\/www.coatresa.com\/ca\/recobriments-bechem\/#primaryimage"},"image":{"@id":"https:\/\/www.coatresa.com\/ca\/recobriments-bechem\/#primaryimage"},"thumbnailUrl":"https:\/\/www.coatresa.com\/wp-content\/uploads\/2018\/07\/recubrimientos-bechem.png","datePublished":"2018-07-12T15:29:52+00:00","dateModified":"2018-09-06T09:01:20+00:00","description":"Recobriments Bechem : lubricaci\u00f3 base aigua i sistemes de recobriment anti-fricci\u00f3 lliures de fosfats. Berufluid, Beruforge 150 i Berucoat. Informa-te\u2019n!","breadcrumb":{"@id":"https:\/\/www.coatresa.com\/ca\/recobriments-bechem\/#breadcrumb"},"inLanguage":"ca-ES","potentialAction":[{"@type":"ReadAction","target":["https:\/\/www.coatresa.com\/ca\/recobriments-bechem\/"]}]},{"@type":"ImageObject","inLanguage":"ca-ES","@id":"https:\/\/www.coatresa.com\/ca\/recobriments-bechem\/#primaryimage","url":"https:\/\/www.coatresa.com\/wp-content\/uploads\/2018\/07\/recubrimientos-bechem.png","contentUrl":"https:\/\/www.coatresa.com\/wp-content\/uploads\/2018\/07\/recubrimientos-bechem.png","width":124,"height":120,"caption":"recubrimientos bechem"},{"@type":"BreadcrumbList","@id":"https:\/\/www.coatresa.com\/ca\/recobriments-bechem\/#breadcrumb","itemListElement":[{"@type":"ListItem","position":1,"name":"Portada","item":"https:\/\/www.coatresa.com\/ca\/"},{"@type":"ListItem","position":2,"name":"Recobriments Bechem"}]},{"@type":"WebSite","@id":"https:\/\/www.coatresa.com\/ca\/#website","url":"https:\/\/www.coatresa.com\/ca\/","name":"Coatresa","description":"Aplicaci\u00f3n de recubrimientos antiadherentes y anticorrosivos como el Teflon. Expertos del Powder Coating","publisher":{"@id":"https:\/\/www.coatresa.com\/ca\/#organization"},"potentialAction":[{"@type":"SearchAction","target":{"@type":"EntryPoint","urlTemplate":"https:\/\/www.coatresa.com\/ca\/?s={search_term_string}"},"query-input":{"@type":"PropertyValueSpecification","valueRequired":true,"valueName":"search_term_string"}}],"inLanguage":"ca-ES"},{"@type":"Organization","@id":"https:\/\/www.coatresa.com\/ca\/#organization","name":"Coatresa","url":"https:\/\/www.coatresa.com\/ca\/","logo":{"@type":"ImageObject","inLanguage":"ca-ES","@id":"https:\/\/www.coatresa.com\/ca\/#\/schema\/logo\/image\/","url":"https:\/\/www.coatresa.com\/wp-content\/uploads\/2022\/07\/A_blava_mitja_transp.png","contentUrl":"https:\/\/www.coatresa.com\/wp-content\/uploads\/2022\/07\/A_blava_mitja_transp.png","width":340,"height":326,"caption":"Coatresa"},"image":{"@id":"https:\/\/www.coatresa.com\/ca\/#\/schema\/logo\/image\/"},"sameAs":["https:\/\/www.facebook.com\/Coatresa\/","https:\/\/x.com\/Coatresa","https:\/\/www.linkedin.com\/company\/coatresa\/","https:\/\/www.youtube.com\/user\/CoatresaCoatings"]}]}},"_links":{"self":[{"href":"https:\/\/www.coatresa.com\/ca\/wp-json\/wp\/v2\/pages\/9922","targetHints":{"allow":["GET"]}}],"collection":[{"href":"https:\/\/www.coatresa.com\/ca\/wp-json\/wp\/v2\/pages"}],"about":[{"href":"https:\/\/www.coatresa.com\/ca\/wp-json\/wp\/v2\/types\/page"}],"author":[{"embeddable":true,"href":"https:\/\/www.coatresa.com\/ca\/wp-json\/wp\/v2\/users\/1"}],"replies":[{"embeddable":true,"href":"https:\/\/www.coatresa.com\/ca\/wp-json\/wp\/v2\/comments?post=9922"}],"version-history":[{"count":0,"href":"https:\/\/www.coatresa.com\/ca\/wp-json\/wp\/v2\/pages\/9922\/revisions"}],"wp:featuredmedia":[{"embeddable":true,"href":"https:\/\/www.coatresa.com\/ca\/wp-json\/wp\/v2\/media\/7399"}],"wp:attachment":[{"href":"https:\/\/www.coatresa.com\/ca\/wp-json\/wp\/v2\/media?parent=9922"}],"curies":[{"name":"wp","href":"https:\/\/api.w.org\/{rel}","templated":true}]}}