{"id":9929,"date":"2018-07-12T22:50:10","date_gmt":"2018-07-12T20:50:10","guid":{"rendered":"http:\/\/coatresa.com\/recubrimientos-daikin\/"},"modified":"2019-07-04T17:04:48","modified_gmt":"2019-07-04T15:04:48","slug":"recobriments-daikin","status":"publish","type":"page","link":"https:\/\/www.coatresa.com\/ca\/recobriments-daikin\/","title":{"rendered":"Recobriments Daikin"},"content":{"rendered":"<div id=\"pl-9929\"  class=\"panel-layout\" ><div id=\"pg-9929-0\"  class=\"panel-grid panel-has-style\" ><div style=\"padding: 0px 0; \" data-overlay=\"true\" data-overlay-color=\"#000000\" class=\"panel-row-style panel-row-style-for-9929-0\" ><div id=\"pgc-9929-0-0\"  class=\"panel-grid-cell\" ><div id=\"panel-9929-0-0-0\" class=\"so-panel widget_sow-image panel-first-child\" data-index=\"0\" ><div style=\"text-align: left;\" data-title-color=\"#47425d\" data-headings-color=\"#443f3f\" data-title_alignment=\"center\" class=\"panel-widget-style panel-widget-style-for-9929-0-0-0\" ><div\n\t\t\t\n\t\t\tclass=\"so-widget-sow-image so-widget-sow-image-default-c67d20f9f743-9929\"\n\t\t\t\n\t\t>\n<div class=\"sow-image-container\">\n\t\t<img \n\tsrc=\"https:\/\/www.coatresa.com\/wp-content\/uploads\/2018\/07\/recubrimientos-daikin.png\" width=\"200\" height=\"120\" sizes=\"(max-width: 200px) 100vw, 200px\" title=\"recubrimientos Daikin\" alt=\"recubrimientos Daikin\" \t\tclass=\"so-widget-image\"\/>\n\t<\/div>\n\n<\/div><\/div><\/div><div id=\"panel-9929-0-0-1\" class=\"so-panel widget_sow-editor panel-last-child\" data-index=\"1\" ><div style=\"text-align: left;\" data-title-color=\"#47425d\" data-headings-color=\"#000000\" data-title_alignment=\"center\" class=\"panel-widget-style panel-widget-style-for-9929-0-0-1\" ><div\n\t\t\t\n\t\t\tclass=\"so-widget-sow-editor so-widget-sow-editor-base\"\n\t\t\t\n\t\t>\n<div class=\"siteorigin-widget-tinymce textwidget\">\n\t<h1 style=\"text-align: center;\">Recobriments Daikin<\/h1>\n<hr \/>\n<p style=\"text-align: justify;\">Daikin \u00e9s una empresa multinacional japonesa amb seu en Osaka i fundada l\u2019any 1924 i opera a tots els continents. Al 1963 Daikin va desenvolupar el seu fluoropol\u00edmer ins\u00edgnia <b>Neoflon<\/b>\u00ae. M\u00e9s tard va inventar els sistemes de volum variable de refrigerant (VRV), una innovaci\u00f3 davant dels que hi havia fins aquell moment, i els va llan\u00e7ar al mercat l\u2019any1982. Daikin segueix sent el l\u00edder del mercat amb aquests sistemes. Aquest sector d'Aire condicionat potser \u00e9s el m\u00e9s conegut pel seu abast al consumidor final, per\u00f2 Daikin tamb\u00e9 compta amb les unitats de negoci de Sistemes Hidr\u00e0ulics, Sistemes de Defensa i Qu\u00edmica, que es divideix en Fluorocarbonis, Fluoropl\u00e0sticos i Fluoroelast\u00f2mers, entre d\u2019altres.<\/p>\n<\/div>\n<\/div><\/div><\/div><\/div><\/div><\/div><div id=\"pg-9929-1\"  class=\"panel-grid panel-has-style\" ><div class=\"FRANJA-BLAVA-TITOL siteorigin-panels-stretch panel-row-style panel-row-style-for-9929-1\" style=\"padding: 0px 0; \" data-stretch-type=\"full\" data-overlay=\"true\" data-overlay-color=\"#000000\" ><div id=\"pgc-9929-1-0\"  class=\"panel-grid-cell\" ><div id=\"panel-9929-1-0-0\" class=\"so-panel widget_sow-editor panel-first-child panel-last-child\" data-index=\"2\" ><div class=\"blanc panel-widget-style panel-widget-style-for-9929-1-0-0\" style=\"text-align: left;\" data-title-color=\"#47425d\" data-headings-color=\"#443f3f\" data-title_alignment=\"center\" ><div\n\t\t\t\n\t\t\tclass=\"so-widget-sow-editor so-widget-sow-editor-base\"\n\t\t\t\n\t\t>\n<div class=\"siteorigin-widget-tinymce textwidget\">\n\t<h2 style=\"text-align: center;\">Productes Daikin<\/h2>\n<\/div>\n<\/div><\/div><\/div><\/div><\/div><\/div><div id=\"pg-9929-2\"  class=\"panel-grid panel-has-style\" ><div class=\"BGC-GRIS siteorigin-panels-stretch panel-row-style panel-row-style-for-9929-2\" style=\"padding: 50px 0; \" data-stretch-type=\"full\" data-overlay=\"true\" data-overlay-color=\"#000000\" ><div id=\"pgc-9929-2-0\"  class=\"panel-grid-cell\" ><div id=\"panel-9929-2-0-0\" class=\"so-panel widget_siteorigin-panels-builder panel-first-child panel-last-child\" data-index=\"3\" ><div style=\"text-align: left;\" data-title-color=\"#47425d\" data-headings-color=\"#443f3f\" data-title_alignment=\"center\" class=\"panel-widget-style panel-widget-style-for-9929-2-0-0\" ><div id=\"pl-w5b90ed2313624\"  class=\"panel-layout\" ><div id=\"pg-w5b90ed2313624-0\"  class=\"panel-grid panel-has-style\" ><div style=\"padding: 0px 0; \" data-overlay=\"true\" data-overlay-color=\"#000000\" class=\"panel-row-style panel-row-style-for-w5b90ed2313624-0\" ><div id=\"pgc-w5b90ed2313624-0-0\"  class=\"panel-grid-cell\" ><div id=\"panel-w5b90ed2313624-0-0-0\" class=\"so-panel widget_sow-editor panel-first-child panel-last-child\" data-index=\"0\" ><div style=\"text-align: left;\" data-title-color=\"#47425d\" data-headings-color=\"#443f3f\" data-title_alignment=\"center\" class=\"panel-widget-style panel-widget-style-for-w5b90ed2313624-0-0-0\" ><div\n\t\t\t\n\t\t\tclass=\"so-widget-sow-editor so-widget-sow-editor-base\"\n\t\t\t\n\t\t>\n<div class=\"siteorigin-widget-tinymce textwidget\">\n\t<p style=\"text-align: justify;\">Dels fluoropol\u00edmers de Daikin aplicats a Coatresa trobem les ic\u00f2niques <b>Polyflon<\/b>\u00ae (PTFE) i tota la gamma de\u00a0<b>Neoflon<\/b>\u00ae, que es troben en PFA, FEP, PCTFE, CPT, ETFE i EFEP.<\/p>\n<\/div>\n<\/div><\/div><\/div><\/div><\/div><\/div><div id=\"pg-w5b90ed2313624-1\"  class=\"panel-grid panel-has-style\" ><div style=\"padding: 0px 0; \" data-overlay=\"true\" data-overlay-color=\"#000000\" class=\"panel-row-style panel-row-style-for-w5b90ed2313624-1\" ><div id=\"pgc-w5b90ed2313624-1-0\"  class=\"panel-grid-cell panel-grid-cell-empty\" ><\/div><div id=\"pgc-w5b90ed2313624-1-1\"  class=\"panel-grid-cell\" ><div class=\"BGC-BLANC panel-cell-style panel-cell-style-for-w5b90ed2313624-1-1\" ><div id=\"panel-w5b90ed2313624-1-1-0\" class=\"so-panel widget_sow-image panel-first-child panel-last-child\" data-index=\"1\" ><div class=\"PADDING-H-1 AUGMENTAR-ICONA panel-widget-style panel-widget-style-for-w5b90ed2313624-1-1-0\" style=\"text-align: left;\" data-title-color=\"#47425d\" data-headings-color=\"#443f3f\" data-title_alignment=\"center\" ><div\n\t\t\t\n\t\t\tclass=\"so-widget-sow-image so-widget-sow-image-default-c67d20f9f743\"\n\t\t\t\n\t\t>\n<div class=\"sow-image-container\">\n\t\t\t<a href=\"\/ca\/recobriment-daikin-neoflon\"\n\t\t\t\t\t>\n\t\t\t<img \n\tsrc=\"https:\/\/www.coatresa.com\/wp-content\/uploads\/2018\/07\/recubrimientos-daikin-neoflon-1.png\" width=\"197\" height=\"197\" srcset=\"https:\/\/www.coatresa.com\/wp-content\/uploads\/2018\/07\/recubrimientos-daikin-neoflon-1.png 197w, https:\/\/www.coatresa.com\/wp-content\/uploads\/2018\/07\/recubrimientos-daikin-neoflon-1-150x150.png 150w\" sizes=\"(max-width: 197px) 100vw, 197px\" title=\"recubrimientos Daikin Neoflon\" alt=\"recubrimientos Daikin Neoflon\" \t\tclass=\"so-widget-image\"\/>\n\t\t\t<\/a><\/div>\n\n<\/div><\/div><\/div><\/div><\/div><div id=\"pgc-w5b90ed2313624-1-2\"  class=\"panel-grid-cell panel-grid-cell-mobile-last\" ><div class=\"BGC-GRIS-CLAR panel-cell-style panel-cell-style-for-w5b90ed2313624-1-2\" ><div id=\"panel-w5b90ed2313624-1-2-0\" class=\"so-panel widget_sow-image panel-first-child panel-last-child\" data-index=\"2\" ><div class=\"PADDING-H-1 panel-widget-style panel-widget-style-for-w5b90ed2313624-1-2-0\" style=\"text-align: left;\" data-title-color=\"#47425d\" data-headings-color=\"#443f3f\" data-title_alignment=\"center\" ><div\n\t\t\t\n\t\t\tclass=\"so-widget-sow-image so-widget-sow-image-default-c67d20f9f743\"\n\t\t\t\n\t\t>\n<div class=\"sow-image-container\">\n\t\t<img \n\tsrc=\"https:\/\/www.coatresa.com\/wp-content\/uploads\/2018\/07\/recubrimientos-daikin-polyflon.png\" width=\"197\" height=\"197\" srcset=\"https:\/\/www.coatresa.com\/wp-content\/uploads\/2018\/07\/recubrimientos-daikin-polyflon.png 197w, https:\/\/www.coatresa.com\/wp-content\/uploads\/2018\/07\/recubrimientos-daikin-polyflon-150x150.png 150w\" sizes=\"(max-width: 197px) 100vw, 197px\" title=\"recubrimientos Daikin Polyflon\" alt=\"recubrimientos Daikin Polyflon\" \t\tclass=\"so-widget-image\"\/>\n\t<\/div>\n\n<\/div><\/div><\/div><\/div><\/div><div id=\"pgc-w5b90ed2313624-1-3\"  class=\"panel-grid-cell panel-grid-cell-empty\" ><\/div><\/div><\/div><div id=\"pg-w5b90ed2313624-2\"  class=\"panel-grid panel-has-style\" ><div style=\"padding: 0px 0; \" data-overlay=\"true\" data-overlay-color=\"#000000\" class=\"panel-row-style panel-row-style-for-w5b90ed2313624-2\" ><div id=\"pgc-w5b90ed2313624-2-0\"  class=\"panel-grid-cell\" ><div id=\"panel-w5b90ed2313624-2-0-0\" class=\"so-panel widget_sow-editor panel-first-child panel-last-child\" data-index=\"3\" ><div style=\"text-align: left;\" data-title-color=\"#47425d\" data-headings-color=\"#443f3f\" data-title_alignment=\"center\" class=\"panel-widget-style panel-widget-style-for-w5b90ed2313624-2-0-0\" ><div\n\t\t\t\n\t\t\tclass=\"so-widget-sow-editor so-widget-sow-editor-base\"\n\t\t\t\n\t\t>\n<div class=\"siteorigin-widget-tinymce textwidget\">\n\t<p><b>Neoflon<\/b>\u00ae \u00e9s la marca sota la qual Daikin comercialitza les seues fluoropol\u00edmers.<\/p>\n<p style=\"text-align: justify;\"><b>Polyflon<\/b>\u00ae \u00e9s la marca sota la qual Daikin comercialitza el politetrafluoroetil\u00e8, resistent a les altes temperatures i als agents qu\u00edmics, propietats que s'aconsegueixen gr\u00e0cies a la seva estructura qu\u00edmica formada per \u00e0toms de carboni i de fluor amb alta electronegativitat. A m\u00e9s, gr\u00e0cies al seu baix coeficient de fricci\u00f3 i les seves excel\u00b7lents propietats t\u00e8rmiques, mec\u00e0niques i el\u00e8ctriques, el fan adequat per a una gran varietat d'aplicacions exigents com el sector alimentari, qu\u00edmic i embalatge, entre d\u2019altres.<br \/>\nLa gamma\u00a0<b>Polyflon<\/b>\u00ae est\u00e0 disponible tant en pols com en dispersi\u00f3.<\/p>\n<\/div>\n<\/div><\/div><\/div><\/div><\/div><\/div><\/div><\/div><\/div><\/div><\/div><\/div><div id=\"pg-9929-3\"  class=\"panel-grid panel-has-style\" ><div style=\"padding: 50px 0; \" data-overlay=\"true\" data-overlay-color=\"#000000\" class=\"panel-row-style panel-row-style-for-9929-3\" ><div id=\"pgc-9929-3-0\"  class=\"panel-grid-cell\" ><div id=\"panel-9929-3-0-0\" class=\"so-panel widget_siteorigin-panels-builder panel-first-child panel-last-child\" data-index=\"4\" ><div style=\"text-align: left;\" data-title-color=\"#47425d\" data-headings-color=\"#443f3f\" data-title_alignment=\"center\" class=\"panel-widget-style panel-widget-style-for-9929-3-0-0\" ><div id=\"pl-w5d1e159078ca3\"  class=\"panel-layout\" ><div id=\"pg-w5d1e159078ca3-0\"  class=\"panel-grid panel-has-style\" ><div style=\"padding: 0px 0; \" data-overlay=\"true\" data-overlay-color=\"#000000\" class=\"panel-row-style panel-row-style-for-w5d1e159078ca3-0\" ><div id=\"pgc-w5d1e159078ca3-0-0\"  class=\"panel-grid-cell\" ><div id=\"panel-w5d1e159078ca3-0-0-0\" class=\"so-panel widget_sow-editor panel-first-child\" data-index=\"0\" ><div style=\"text-align: left;\" data-title-color=\"#47425d\" data-headings-color=\"#443f3f\" data-title_alignment=\"center\" class=\"panel-widget-style panel-widget-style-for-w5d1e159078ca3-0-0-0\" ><div\n\t\t\t\n\t\t\tclass=\"so-widget-sow-editor so-widget-sow-editor-base\"\n\t\t\t\n\t\t>\n<div class=\"siteorigin-widget-tinymce textwidget\">\n\t<h3 class=\"BLAU-FOSC\" style=\"text-align: center;\">Refer\u00e8ncies de Polyflon\u00ae<\/h3>\n<\/div>\n<\/div><\/div><\/div><div id=\"panel-w5d1e159078ca3-0-0-1\" class=\"so-panel widget_siteorigin-panels-builder panel-last-child\" data-index=\"1\" ><div style=\"text-align: left;\" data-title-color=\"#47425d\" data-headings-color=\"#443f3f\" data-title_alignment=\"center\" class=\"panel-widget-style panel-widget-style-for-w5d1e159078ca3-0-0-1\" ><div id=\"pl-w5d1e157b7d169\"  class=\"panel-layout\" ><div id=\"pg-w5d1e157b7d169-0\"  class=\"panel-grid panel-has-style\" ><div style=\"padding: 0px 0; \" data-overlay=\"true\" data-overlay-color=\"#000000\" class=\"panel-row-style panel-row-style-for-w5d1e157b7d169-0\" ><div id=\"pgc-w5d1e157b7d169-0-0\"  class=\"panel-grid-cell\" ><div id=\"panel-w5d1e157b7d169-0-0-0\" class=\"so-panel widget_sow-editor panel-first-child panel-last-child\" data-index=\"0\" ><div style=\"text-align: left;\" data-title-color=\"#47425d\" data-headings-color=\"#443f3f\" data-title_alignment=\"center\" class=\"panel-widget-style panel-widget-style-for-w5d1e157b7d169-0-0-0\" ><div\n\t\t\t\n\t\t\tclass=\"so-widget-sow-editor so-widget-sow-editor-base\"\n\t\t\t\n\t\t>\n<div class=\"siteorigin-widget-tinymce textwidget\">\n\t<p style=\"text-align: center;\"><b>PTFE TC-7109BK<\/b><br \/>\n<b>PTFE TC-11000<\/b><br \/>\n<b>PTFE TC-1509M1<\/b><br \/>\n<b>PTFE TC-1559M2<\/b><br \/>\n<b>PTFE TC-7105GN<\/b><br \/>\n<b>PTFE TC-7113LB<\/b><br \/>\n<b>PTFE TC-7400CR<\/b><br \/>\n<b>PTFE TC-7405GN<\/b><br \/>\n<b>PTFE TC-7408GY<\/b><br \/>\n<b>PTFE TC-7409BK<\/b><br \/>\n<b>PTFE TC-7609M1<\/b><\/p>\n<\/div>\n<\/div><\/div><\/div><\/div><div id=\"pgc-w5d1e157b7d169-0-1\"  class=\"panel-grid-cell\" ><div id=\"panel-w5d1e157b7d169-0-1-0\" class=\"so-panel widget_sow-editor panel-first-child panel-last-child\" data-index=\"1\" ><div style=\"text-align: left;\" data-title-color=\"#47425d\" data-headings-color=\"#443f3f\" data-title_alignment=\"center\" class=\"panel-widget-style panel-widget-style-for-w5d1e157b7d169-0-1-0\" ><div\n\t\t\t\n\t\t\tclass=\"so-widget-sow-editor so-widget-sow-editor-base\"\n\t\t\t\n\t\t>\n<div class=\"siteorigin-widget-tinymce textwidget\">\n\t<p style=\"text-align: center;\"><b>PTFE TC-7808GY<\/b><br \/>\n<b>PTFE TC-7809BK<\/b><br \/>\n<b>PTFE TD-7139BD<\/b><br \/>\n<b>PTFE TT-7100<\/b><br \/>\n<b>PTFE TT-7400<\/b><br \/>\n<b>PTFE E-3705S21R<\/b><br \/>\n<b>PTFE EK-1209BKER<\/b><br \/>\n<b>PTFE EK-1209M10R<\/b><br \/>\n<b>PTFE EK-1908S21R<\/b><br \/>\n<b>PTFE EK-1909S21R<\/b><\/p>\n<\/div>\n<\/div><\/div><\/div><\/div><div id=\"pgc-w5d1e157b7d169-0-2\"  class=\"panel-grid-cell\" ><div id=\"panel-w5d1e157b7d169-0-2-0\" class=\"so-panel widget_sow-editor panel-first-child panel-last-child\" data-index=\"2\" ><div style=\"text-align: left;\" data-title-color=\"#47425d\" data-headings-color=\"#443f3f\" data-title_alignment=\"center\" class=\"panel-widget-style panel-widget-style-for-w5d1e157b7d169-0-2-0\" ><div\n\t\t\t\n\t\t\tclass=\"so-widget-sow-editor so-widget-sow-editor-base\"\n\t\t\t\n\t\t>\n<div class=\"siteorigin-widget-tinymce textwidget\">\n\t<p style=\"text-align: center;\"><b>PTFE EK-1959S21R<\/b><br \/>\n<b>PTFE EK-1983S21R<\/b><br \/>\n<b>PTFE EK-3700C21R<\/b><br \/>\n<b>PTFE EK-3707M21R<\/b><br \/>\n<b>PTFE EK-3708S21R<\/b><br \/>\n<b>PTFE EK-3709M21R<\/b><br \/>\n<b>PTFE EK-3709S21R<\/b><br \/>\n<b>PTFE EK-3712M21R<\/b><br \/>\n<b>PTFE EK-3781M21R<\/b><br \/>\n<b>PTFE EK-3783S21R<\/b><\/p>\n<\/div>\n<\/div><\/div><\/div><\/div><div id=\"pgc-w5d1e157b7d169-0-3\"  class=\"panel-grid-cell\" ><div id=\"panel-w5d1e157b7d169-0-3-0\" class=\"so-panel widget_sow-editor panel-first-child panel-last-child\" data-index=\"3\" ><div style=\"text-align: left;\" data-title-color=\"#47425d\" data-headings-color=\"#443f3f\" data-title_alignment=\"center\" class=\"panel-widget-style panel-widget-style-for-w5d1e157b7d169-0-3-0\" ><div\n\t\t\t\n\t\t\tclass=\"so-widget-sow-editor so-widget-sow-editor-base\"\n\t\t\t\n\t\t>\n<div class=\"siteorigin-widget-tinymce textwidget\">\n\t<p style=\"text-align: center;\"><b>PTFE EK-3793S21R<\/b><br \/>\n<b>PTFE EK-3798M21R<\/b><br \/>\n<b>PTFE ED-1939D21R<\/b><br \/>\n<b>PTFE ED-3239S1R<\/b><br \/>\n<b>PTFE ED-3293SW1R<\/b><br \/>\n<b>PTFE ND-110<\/b><br \/>\n<b>PTFE ND-2R<\/b><br \/>\n<b>PTFE ND-4GYHR<\/b><br \/>\n<b>PTFE ND-4R<\/b><br \/>\n<b>PTFE AD-2CRER<\/b><\/p>\n<\/div>\n<\/div><\/div><\/div><\/div><\/div><\/div><\/div><\/div><\/div><\/div><\/div><\/div><\/div><\/div><\/div><\/div><\/div><\/div><\/div>","protected":false},"excerpt":{"rendered":"<p>Recobriments Daikin Daikin \u00e9s una empresa multinacional japonesa amb seu en Osaka i fundada l\u2019any 1924 i opera a tots els continents. [&hellip;]<\/p>\n","protected":false},"author":1,"featured_media":7405,"parent":0,"menu_order":0,"comment_status":"closed","ping_status":"closed","template":"page-templates\/page_fullwidth.php","meta":{"footnotes":""},"class_list":["post-9929","page","type-page","status-publish","has-post-thumbnail","hentry"],"yoast_head":"<!-- This site is optimized with the Yoast SEO plugin v27.6 - https:\/\/yoast.com\/product\/yoast-seo-wordpress\/ -->\n<title>Recobriments Daikin - Coatresa<\/title>\n<meta name=\"description\" content=\"Recobriments Daikin : aplicaci\u00f3 de fluoropol\u00edmers Polyflon PTFE i Neoflon en PFA, FEP, PCTFE, CPT, ETFE i EFEP. Sota coeficient de fricci\u00f3. Informa-te\u2019n!\" \/>\n<meta name=\"robots\" content=\"index, follow, max-snippet:-1, max-image-preview:large, max-video-preview:-1\" \/>\n<link rel=\"canonical\" href=\"https:\/\/www.coatresa.com\/ca\/recobriments-daikin\/\" \/>\n<meta property=\"og:locale\" content=\"ca_ES\" \/>\n<meta property=\"og:type\" content=\"article\" \/>\n<meta property=\"og:title\" content=\"Recobriments Daikin - Coatresa\" \/>\n<meta property=\"og:description\" content=\"Recobriments Daikin : aplicaci\u00f3 de fluoropol\u00edmers Polyflon PTFE i Neoflon en PFA, FEP, PCTFE, CPT, ETFE i EFEP. Sota coeficient de fricci\u00f3. Informa-te\u2019n!\" \/>\n<meta property=\"og:url\" content=\"https:\/\/www.coatresa.com\/ca\/recobriments-daikin\/\" \/>\n<meta property=\"og:site_name\" content=\"Coatresa\" \/>\n<meta property=\"article:publisher\" content=\"https:\/\/www.facebook.com\/Coatresa\/\" \/>\n<meta property=\"article:modified_time\" content=\"2019-07-04T15:04:48+00:00\" \/>\n<meta property=\"og:image\" content=\"https:\/\/www.coatresa.com\/wp-content\/uploads\/2018\/07\/recubrimientos-daikin.png\" \/>\n\t<meta property=\"og:image:width\" content=\"200\" \/>\n\t<meta property=\"og:image:height\" content=\"120\" \/>\n\t<meta property=\"og:image:type\" content=\"image\/png\" \/>\n<meta name=\"twitter:card\" content=\"summary_large_image\" \/>\n<meta name=\"twitter:site\" content=\"@Coatresa\" \/>\n<meta name=\"twitter:label1\" content=\"Est. reading time\" \/>\n\t<meta name=\"twitter:data1\" content=\"2 minutes\" \/>\n<script type=\"application\/ld+json\" class=\"yoast-schema-graph\">{\"@context\":\"https:\\\/\\\/schema.org\",\"@graph\":[{\"@type\":\"WebPage\",\"@id\":\"https:\\\/\\\/www.coatresa.com\\\/ca\\\/recobriments-daikin\\\/\",\"url\":\"https:\\\/\\\/www.coatresa.com\\\/ca\\\/recobriments-daikin\\\/\",\"name\":\"Recobriments Daikin - Coatresa\",\"isPartOf\":{\"@id\":\"https:\\\/\\\/www.coatresa.com\\\/ca\\\/#website\"},\"primaryImageOfPage\":{\"@id\":\"https:\\\/\\\/www.coatresa.com\\\/ca\\\/recobriments-daikin\\\/#primaryimage\"},\"image\":{\"@id\":\"https:\\\/\\\/www.coatresa.com\\\/ca\\\/recobriments-daikin\\\/#primaryimage\"},\"thumbnailUrl\":\"https:\\\/\\\/www.coatresa.com\\\/wp-content\\\/uploads\\\/2018\\\/07\\\/recubrimientos-daikin.png\",\"datePublished\":\"2018-07-12T20:50:10+00:00\",\"dateModified\":\"2019-07-04T15:04:48+00:00\",\"description\":\"Recobriments Daikin : aplicaci\u00f3 de fluoropol\u00edmers Polyflon PTFE i Neoflon en PFA, FEP, PCTFE, CPT, ETFE i EFEP. Sota coeficient de fricci\u00f3. Informa-te\u2019n!\",\"breadcrumb\":{\"@id\":\"https:\\\/\\\/www.coatresa.com\\\/ca\\\/recobriments-daikin\\\/#breadcrumb\"},\"inLanguage\":\"ca-ES\",\"potentialAction\":[{\"@type\":\"ReadAction\",\"target\":[\"https:\\\/\\\/www.coatresa.com\\\/ca\\\/recobriments-daikin\\\/\"]}]},{\"@type\":\"ImageObject\",\"inLanguage\":\"ca-ES\",\"@id\":\"https:\\\/\\\/www.coatresa.com\\\/ca\\\/recobriments-daikin\\\/#primaryimage\",\"url\":\"https:\\\/\\\/www.coatresa.com\\\/wp-content\\\/uploads\\\/2018\\\/07\\\/recubrimientos-daikin.png\",\"contentUrl\":\"https:\\\/\\\/www.coatresa.com\\\/wp-content\\\/uploads\\\/2018\\\/07\\\/recubrimientos-daikin.png\",\"width\":200,\"height\":120,\"caption\":\"recubrimientos daikin\"},{\"@type\":\"BreadcrumbList\",\"@id\":\"https:\\\/\\\/www.coatresa.com\\\/ca\\\/recobriments-daikin\\\/#breadcrumb\",\"itemListElement\":[{\"@type\":\"ListItem\",\"position\":1,\"name\":\"Portada\",\"item\":\"https:\\\/\\\/www.coatresa.com\\\/ca\\\/\"},{\"@type\":\"ListItem\",\"position\":2,\"name\":\"Recobriments Daikin\"}]},{\"@type\":\"WebSite\",\"@id\":\"https:\\\/\\\/www.coatresa.com\\\/ca\\\/#website\",\"url\":\"https:\\\/\\\/www.coatresa.com\\\/ca\\\/\",\"name\":\"Coatresa\",\"description\":\"Aplicaci\u00f3n de recubrimientos antiadherentes y anticorrosivos como el Teflon. Expertos del Powder Coating\",\"publisher\":{\"@id\":\"https:\\\/\\\/www.coatresa.com\\\/ca\\\/#organization\"},\"potentialAction\":[{\"@type\":\"SearchAction\",\"target\":{\"@type\":\"EntryPoint\",\"urlTemplate\":\"https:\\\/\\\/www.coatresa.com\\\/ca\\\/?s={search_term_string}\"},\"query-input\":{\"@type\":\"PropertyValueSpecification\",\"valueRequired\":true,\"valueName\":\"search_term_string\"}}],\"inLanguage\":\"ca-ES\"},{\"@type\":\"Organization\",\"@id\":\"https:\\\/\\\/www.coatresa.com\\\/ca\\\/#organization\",\"name\":\"Coatresa\",\"url\":\"https:\\\/\\\/www.coatresa.com\\\/ca\\\/\",\"logo\":{\"@type\":\"ImageObject\",\"inLanguage\":\"ca-ES\",\"@id\":\"https:\\\/\\\/www.coatresa.com\\\/ca\\\/#\\\/schema\\\/logo\\\/image\\\/\",\"url\":\"https:\\\/\\\/www.coatresa.com\\\/wp-content\\\/uploads\\\/2022\\\/07\\\/A_blava_mitja_transp.png\",\"contentUrl\":\"https:\\\/\\\/www.coatresa.com\\\/wp-content\\\/uploads\\\/2022\\\/07\\\/A_blava_mitja_transp.png\",\"width\":340,\"height\":326,\"caption\":\"Coatresa\"},\"image\":{\"@id\":\"https:\\\/\\\/www.coatresa.com\\\/ca\\\/#\\\/schema\\\/logo\\\/image\\\/\"},\"sameAs\":[\"https:\\\/\\\/www.facebook.com\\\/Coatresa\\\/\",\"https:\\\/\\\/x.com\\\/Coatresa\",\"https:\\\/\\\/www.linkedin.com\\\/company\\\/coatresa\\\/\",\"https:\\\/\\\/www.youtube.com\\\/user\\\/CoatresaCoatings\"]}]}<\/script>\n<!-- \/ Yoast SEO plugin. -->","yoast_head_json":{"title":"Recobriments Daikin - Coatresa","description":"Recobriments Daikin : aplicaci\u00f3 de fluoropol\u00edmers Polyflon PTFE i Neoflon en PFA, FEP, PCTFE, CPT, ETFE i EFEP. Sota coeficient de fricci\u00f3. Informa-te\u2019n!","robots":{"index":"index","follow":"follow","max-snippet":"max-snippet:-1","max-image-preview":"max-image-preview:large","max-video-preview":"max-video-preview:-1"},"canonical":"https:\/\/www.coatresa.com\/ca\/recobriments-daikin\/","og_locale":"ca_ES","og_type":"article","og_title":"Recobriments Daikin - Coatresa","og_description":"Recobriments Daikin : aplicaci\u00f3 de fluoropol\u00edmers Polyflon PTFE i Neoflon en PFA, FEP, PCTFE, CPT, ETFE i EFEP. Sota coeficient de fricci\u00f3. Informa-te\u2019n!","og_url":"https:\/\/www.coatresa.com\/ca\/recobriments-daikin\/","og_site_name":"Coatresa","article_publisher":"https:\/\/www.facebook.com\/Coatresa\/","article_modified_time":"2019-07-04T15:04:48+00:00","og_image":[{"width":200,"height":120,"url":"https:\/\/www.coatresa.com\/wp-content\/uploads\/2018\/07\/recubrimientos-daikin.png","type":"image\/png"}],"twitter_card":"summary_large_image","twitter_site":"@Coatresa","twitter_misc":{"Est. reading time":"2 minutes"},"schema":{"@context":"https:\/\/schema.org","@graph":[{"@type":"WebPage","@id":"https:\/\/www.coatresa.com\/ca\/recobriments-daikin\/","url":"https:\/\/www.coatresa.com\/ca\/recobriments-daikin\/","name":"Recobriments Daikin - Coatresa","isPartOf":{"@id":"https:\/\/www.coatresa.com\/ca\/#website"},"primaryImageOfPage":{"@id":"https:\/\/www.coatresa.com\/ca\/recobriments-daikin\/#primaryimage"},"image":{"@id":"https:\/\/www.coatresa.com\/ca\/recobriments-daikin\/#primaryimage"},"thumbnailUrl":"https:\/\/www.coatresa.com\/wp-content\/uploads\/2018\/07\/recubrimientos-daikin.png","datePublished":"2018-07-12T20:50:10+00:00","dateModified":"2019-07-04T15:04:48+00:00","description":"Recobriments Daikin : aplicaci\u00f3 de fluoropol\u00edmers Polyflon PTFE i Neoflon en PFA, FEP, PCTFE, CPT, ETFE i EFEP. Sota coeficient de fricci\u00f3. Informa-te\u2019n!","breadcrumb":{"@id":"https:\/\/www.coatresa.com\/ca\/recobriments-daikin\/#breadcrumb"},"inLanguage":"ca-ES","potentialAction":[{"@type":"ReadAction","target":["https:\/\/www.coatresa.com\/ca\/recobriments-daikin\/"]}]},{"@type":"ImageObject","inLanguage":"ca-ES","@id":"https:\/\/www.coatresa.com\/ca\/recobriments-daikin\/#primaryimage","url":"https:\/\/www.coatresa.com\/wp-content\/uploads\/2018\/07\/recubrimientos-daikin.png","contentUrl":"https:\/\/www.coatresa.com\/wp-content\/uploads\/2018\/07\/recubrimientos-daikin.png","width":200,"height":120,"caption":"recubrimientos daikin"},{"@type":"BreadcrumbList","@id":"https:\/\/www.coatresa.com\/ca\/recobriments-daikin\/#breadcrumb","itemListElement":[{"@type":"ListItem","position":1,"name":"Portada","item":"https:\/\/www.coatresa.com\/ca\/"},{"@type":"ListItem","position":2,"name":"Recobriments Daikin"}]},{"@type":"WebSite","@id":"https:\/\/www.coatresa.com\/ca\/#website","url":"https:\/\/www.coatresa.com\/ca\/","name":"Coatresa","description":"Aplicaci\u00f3n de recubrimientos antiadherentes y anticorrosivos como el Teflon. Expertos del Powder Coating","publisher":{"@id":"https:\/\/www.coatresa.com\/ca\/#organization"},"potentialAction":[{"@type":"SearchAction","target":{"@type":"EntryPoint","urlTemplate":"https:\/\/www.coatresa.com\/ca\/?s={search_term_string}"},"query-input":{"@type":"PropertyValueSpecification","valueRequired":true,"valueName":"search_term_string"}}],"inLanguage":"ca-ES"},{"@type":"Organization","@id":"https:\/\/www.coatresa.com\/ca\/#organization","name":"Coatresa","url":"https:\/\/www.coatresa.com\/ca\/","logo":{"@type":"ImageObject","inLanguage":"ca-ES","@id":"https:\/\/www.coatresa.com\/ca\/#\/schema\/logo\/image\/","url":"https:\/\/www.coatresa.com\/wp-content\/uploads\/2022\/07\/A_blava_mitja_transp.png","contentUrl":"https:\/\/www.coatresa.com\/wp-content\/uploads\/2022\/07\/A_blava_mitja_transp.png","width":340,"height":326,"caption":"Coatresa"},"image":{"@id":"https:\/\/www.coatresa.com\/ca\/#\/schema\/logo\/image\/"},"sameAs":["https:\/\/www.facebook.com\/Coatresa\/","https:\/\/x.com\/Coatresa","https:\/\/www.linkedin.com\/company\/coatresa\/","https:\/\/www.youtube.com\/user\/CoatresaCoatings"]}]}},"_links":{"self":[{"href":"https:\/\/www.coatresa.com\/ca\/wp-json\/wp\/v2\/pages\/9929","targetHints":{"allow":["GET"]}}],"collection":[{"href":"https:\/\/www.coatresa.com\/ca\/wp-json\/wp\/v2\/pages"}],"about":[{"href":"https:\/\/www.coatresa.com\/ca\/wp-json\/wp\/v2\/types\/page"}],"author":[{"embeddable":true,"href":"https:\/\/www.coatresa.com\/ca\/wp-json\/wp\/v2\/users\/1"}],"replies":[{"embeddable":true,"href":"https:\/\/www.coatresa.com\/ca\/wp-json\/wp\/v2\/comments?post=9929"}],"version-history":[{"count":0,"href":"https:\/\/www.coatresa.com\/ca\/wp-json\/wp\/v2\/pages\/9929\/revisions"}],"wp:featuredmedia":[{"embeddable":true,"href":"https:\/\/www.coatresa.com\/ca\/wp-json\/wp\/v2\/media\/7405"}],"wp:attachment":[{"href":"https:\/\/www.coatresa.com\/ca\/wp-json\/wp\/v2\/media?parent=9929"}],"curies":[{"name":"wp","href":"https:\/\/api.w.org\/{rel}","templated":true}]}}