{"id":9933,"date":"2018-07-12T23:10:30","date_gmt":"2018-07-12T21:10:30","guid":{"rendered":"http:\/\/coatresa.com\/recubrimientos-daikin-neoflon\/"},"modified":"2019-03-25T12:15:04","modified_gmt":"2019-03-25T11:15:04","slug":"recobriment-daikin-neoflon","status":"publish","type":"page","link":"https:\/\/www.coatresa.com\/ca\/recobriment-daikin-neoflon\/","title":{"rendered":"Recobriment Neoflon"},"content":{"rendered":"<div id=\"pl-9933\"  class=\"panel-layout\" ><div id=\"pg-9933-0\"  class=\"panel-grid panel-has-style\" ><div style=\"padding: 0px 0; \" data-overlay=\"true\" data-overlay-color=\"#000000\" class=\"panel-row-style panel-row-style-for-9933-0\" ><div id=\"pgc-9933-0-0\"  class=\"panel-grid-cell\" ><div id=\"panel-9933-0-0-0\" class=\"so-panel widget_sow-image panel-first-child panel-last-child\" data-index=\"0\" ><div style=\"text-align: left;\" data-title-color=\"#47425d\" data-headings-color=\"#443f3f\" data-title_alignment=\"center\" class=\"panel-widget-style panel-widget-style-for-9933-0-0-0\" ><div\n\t\t\t\n\t\t\tclass=\"so-widget-sow-image so-widget-sow-image-default-c67d20f9f743-9933\"\n\t\t\t\n\t\t>\n<div class=\"sow-image-container\">\n\t\t<img \n\tsrc=\"https:\/\/www.coatresa.com\/wp-content\/uploads\/2018\/07\/recubrimientos-daikin-neoflon-1.png\" width=\"197\" height=\"197\" srcset=\"https:\/\/www.coatresa.com\/wp-content\/uploads\/2018\/07\/recubrimientos-daikin-neoflon-1.png 197w, https:\/\/www.coatresa.com\/wp-content\/uploads\/2018\/07\/recubrimientos-daikin-neoflon-1-150x150.png 150w\" sizes=\"(max-width: 197px) 100vw, 197px\" title=\"recubrimientos Daikin Neoflon\" alt=\"recubrimientos Daikin Neoflon\" \t\tclass=\"so-widget-image\"\/>\n\t<\/div>\n\n<\/div><\/div><\/div><\/div><div id=\"pgc-9933-0-1\"  class=\"panel-grid-cell\" ><div id=\"panel-9933-0-1-0\" class=\"so-panel widget_sow-editor panel-first-child panel-last-child\" data-index=\"1\" ><div style=\"text-align: left;\" data-title-color=\"#47425d\" data-headings-color=\"#000000\" data-title_alignment=\"center\" class=\"panel-widget-style panel-widget-style-for-9933-0-1-0\" ><div\n\t\t\t\n\t\t\tclass=\"so-widget-sow-editor so-widget-sow-editor-base\"\n\t\t\t\n\t\t>\n<div class=\"siteorigin-widget-tinymce textwidget\">\n\t<h1 style=\"text-align: left;\">Recobriment Neoflon \u00ae<\/h1>\n<hr align=\"left\" \/>\n<p style=\"text-align: justify;\"><b>Neoflon<\/b>\u00ae \u00e9s la marca sota la qual Daikin comercialitza les seues fluoropol\u00edmers. Aquests productes s'utilitzen principalment en automoci\u00f3, aviaci\u00f3, semiconductors, tecnologies de la informaci\u00f3 i en articles i electrodom\u00e8stics per la seva propietat antiadhesiva i el seu baix coeficient de fricci\u00f3, a m\u00e9s de per la seva resist\u00e8ncia t\u00e8rmica i qu\u00edmica i les seves propietats el\u00e8ctriques en comparaci\u00f3 amb altres pol\u00edmers.<\/p>\n<\/div>\n<\/div><\/div><\/div><\/div><\/div><\/div><div id=\"pg-9933-1\"  class=\"panel-grid panel-has-style\" ><div class=\"FRANJA-BLAVA-TITOL siteorigin-panels-stretch panel-row-style panel-row-style-for-9933-1\" style=\"padding: 0px 0; \" data-stretch-type=\"full\" data-overlay=\"true\" data-overlay-color=\"#000000\" ><div id=\"pgc-9933-1-0\"  class=\"panel-grid-cell\" ><div id=\"panel-9933-1-0-0\" class=\"so-panel widget_sow-editor panel-first-child panel-last-child\" data-index=\"2\" ><div class=\"blanc panel-widget-style panel-widget-style-for-9933-1-0-0\" style=\"text-align: left;\" data-title-color=\"#47425d\" data-headings-color=\"#443f3f\" data-title_alignment=\"center\" ><div\n\t\t\t\n\t\t\tclass=\"so-widget-sow-editor so-widget-sow-editor-base\"\n\t\t\t\n\t\t>\n<div class=\"siteorigin-widget-tinymce textwidget\">\n\t<h2 style=\"text-align: center;\">Gama de productes Neoflon \u00ae<\/h2>\n<\/div>\n<\/div><\/div><\/div><\/div><\/div><\/div><div id=\"pg-9933-2\"  class=\"panel-grid panel-has-style\" ><div class=\"BGC-GRIS siteorigin-panels-stretch panel-row-style panel-row-style-for-9933-2\" style=\"padding: 50px 0; \" data-stretch-type=\"full\" data-overlay=\"true\" data-overlay-color=\"#000000\" ><div id=\"pgc-9933-2-0\"  class=\"panel-grid-cell\" ><div id=\"panel-9933-2-0-0\" class=\"so-panel widget_sow-editor panel-first-child\" data-index=\"3\" ><div class=\"TEXTOS-DESTACATS panel-widget-style panel-widget-style-for-9933-2-0-0\" style=\"text-align: left;\" data-title-color=\"#47425d\" data-headings-color=\"#443f3f\" data-title_alignment=\"center\" ><div\n\t\t\t\n\t\t\tclass=\"so-widget-sow-editor so-widget-sow-editor-base\"\n\t\t\t\n\t\t>\n<div class=\"siteorigin-widget-tinymce textwidget\">\n\t<p style=\"text-align: center;\"><b>Neoflon<\/b>\u00ae inclou una \u00e0mplia gamma de productes, cadascun d'ells \u00e9s un derivat del PTFE o politetrafluoroetil\u00e8:<\/p>\n<\/div>\n<\/div><\/div><\/div><div id=\"panel-9933-2-0-1\" class=\"so-panel widget_siteorigin-panels-builder panel-last-child\" data-index=\"4\" ><div class=\"MARGE-LLISTA panel-widget-style panel-widget-style-for-9933-2-0-1\" style=\"text-align: left;\" data-title-color=\"#47425d\" data-headings-color=\"#443f3f\" data-title_alignment=\"center\" ><div id=\"pl-w5b7fda0b45651\"  class=\"panel-layout\" ><div id=\"pg-w5b7fda0b45651-0\"  class=\"panel-grid panel-has-style\" ><div style=\"padding: 0px 0; \" data-overlay=\"true\" data-overlay-color=\"#000000\" class=\"panel-row-style panel-row-style-for-w5b7fda0b45651-0\" ><div id=\"pgc-w5b7fda0b45651-0-0\"  class=\"panel-grid-cell\" ><div id=\"panel-w5b7fda0b45651-0-0-0\" class=\"so-panel widget_sow-editor panel-first-child\" data-index=\"0\" ><div style=\"text-align: left;\" data-title-color=\"#47425d\" data-headings-color=\"#443f3f\" data-title_alignment=\"center\" class=\"panel-widget-style panel-widget-style-for-w5b7fda0b45651-0-0-0\" ><div\n\t\t\t\n\t\t\tclass=\"so-widget-sow-editor so-widget-sow-editor-base\"\n\t\t\t\n\t\t>\n<div class=\"siteorigin-widget-tinymce textwidget\">\n\t<p style=\"text-align: justify;\"><b>Neoflon<\/b>\u00ae\u00a0<b>PFA<\/b>\u00a0o perfluoroalcoxi \u00e9s un copol\u00edmer de tetrafluoroetil\u00e8 i perfluoroalquilvinileter. Es tracta d'un perfluoropol\u00edmer format per nom\u00e9s \u00e0toms de carboni i \u00e0toms de fluor sense cap \u00e0tom d'hidrogen. Presenta els mateixos beneficis que el PTFE en un ampli rang de temperatures, per\u00f2 a m\u00e9s presenta una excel\u00b7lent transpar\u00e8ncia i una gran for\u00e7a mec\u00e0nica a altes temperatures.<\/p>\n<\/div>\n<\/div><\/div><\/div><div id=\"panel-w5b7fda0b45651-0-0-1\" class=\"so-panel widget_sow-editor\" data-index=\"1\" ><div style=\"text-align: left;\" data-title-color=\"#47425d\" data-headings-color=\"#443f3f\" data-title_alignment=\"center\" class=\"panel-widget-style panel-widget-style-for-w5b7fda0b45651-0-0-1\" ><div\n\t\t\t\n\t\t\tclass=\"so-widget-sow-editor so-widget-sow-editor-base\"\n\t\t\t\n\t\t>\n<div class=\"siteorigin-widget-tinymce textwidget\">\n\t<p style=\"text-align: justify;\"><b>Neoflon<\/b>\u00ae\u00a0<b>FEP<\/b>\u00a0\u00e9s un copol\u00edmer perfluorat de tetrafluoroetil\u00e8 i hexafluoroetil\u00e8. T\u00e9 unes excel\u00b7lents propietats el\u00e8ctriques com el PTFE perqu\u00e8 el FEP est\u00e0 format nom\u00e9s per \u00e0toms de fluor i \u00e0toms de carboni. Presenta la mateixa resist\u00e8ncia qu\u00edmica i mec\u00e0nica que el PFA, per\u00f2 la resist\u00e8ncia a altes temperatures \u00e9s inferior a la del PFA.<\/p>\n<\/div>\n<\/div><\/div><\/div><div id=\"panel-w5b7fda0b45651-0-0-2\" class=\"so-panel widget_sow-editor\" data-index=\"2\" ><div style=\"text-align: left;\" data-title-color=\"#47425d\" data-headings-color=\"#443f3f\" data-title_alignment=\"center\" class=\"panel-widget-style panel-widget-style-for-w5b7fda0b45651-0-0-2\" ><div\n\t\t\t\n\t\t\tclass=\"so-widget-sow-editor so-widget-sow-editor-base\"\n\t\t\t\n\t\t>\n<div class=\"siteorigin-widget-tinymce textwidget\">\n\t<p style=\"text-align: justify;\"><b>Neoflon<\/b>\u00ae\u00a0<b>PCTFE<\/b>\u00a0forma una excel\u00b7lent barrera als gasos, sobretot per la seva baixa permeaci\u00f3 d'humitat i vapor en comparaci\u00f3 amb altres pl\u00e0stics. La seva resist\u00e8ncia a les altes temperatures i als agents qu\u00edmics \u00e9s inferior que la del PFA i del FEP, per\u00f2 les seves caracter\u00edstiques mec\u00e0niques (especialment la duresa) s\u00f3n superiors.<\/p>\n<\/div>\n<\/div><\/div><\/div><div id=\"panel-w5b7fda0b45651-0-0-3\" class=\"so-panel widget_sow-editor\" data-index=\"3\" ><div style=\"text-align: left;\" data-title-color=\"#47425d\" data-headings-color=\"#443f3f\" data-title_alignment=\"center\" class=\"panel-widget-style panel-widget-style-for-w5b7fda0b45651-0-0-3\" ><div\n\t\t\t\n\t\t\tclass=\"so-widget-sow-editor so-widget-sow-editor-base\"\n\t\t\t\n\t\t>\n<div class=\"siteorigin-widget-tinymce textwidget\">\n\t<p style=\"text-align: justify;\"><b>Neoflon<\/b>\u00ae\u00a0<b>CPT<\/b>\u00a0\u00e9s un nou tipus de fluoropol\u00edmer que t\u00e9 unes excel\u00b7lents propietats d'estanque\u00eftat enfront de tot tipus de solvents org\u00e0nics i a \u00e0cids molt actius com HF, HCl, HNO3. Es fabrica per ser adherit a altres pl\u00e0stics.<\/p>\n<\/div>\n<\/div><\/div><\/div><div id=\"panel-w5b7fda0b45651-0-0-4\" class=\"so-panel widget_sow-editor\" data-index=\"4\" ><div style=\"text-align: left;\" data-title-color=\"#47425d\" data-headings-color=\"#443f3f\" data-title_alignment=\"center\" class=\"panel-widget-style panel-widget-style-for-w5b7fda0b45651-0-0-4\" ><div\n\t\t\t\n\t\t\tclass=\"so-widget-sow-editor so-widget-sow-editor-base\"\n\t\t\t\n\t\t>\n<div class=\"siteorigin-widget-tinymce textwidget\">\n\t<p style=\"text-align: justify;\"><b>Neoflon<\/b>\u00ae\u00a0<b>ETFE<\/b>\u00a0\u00e9s un copol\u00edmer de tetrafluoroetil\u00e8 i etil\u00e8 i t\u00e9 la gravetat espec\u00edfica m\u00e9s baixa de tots els fluoropol\u00edmers. Presenta unes caracter\u00edstiques de fusi\u00f3 i propietats mec\u00e0niques superiors en comparaci\u00f3 amb el PTFE i el FEP i tamb\u00e9 t\u00e9 unes bones propietats el\u00e8ctriques i qu\u00edmiques. \u00c9s apropiat per a aplicacions que requereixen duresa mec\u00e0nica, resist\u00e8ncia qu\u00edmica, resist\u00e8ncia a les altes temperatures i propietats el\u00e8ctriques.<\/p>\n<\/div>\n<\/div><\/div><\/div><div id=\"panel-w5b7fda0b45651-0-0-5\" class=\"so-panel widget_sow-editor panel-last-child\" data-index=\"5\" ><div style=\"text-align: left;\" data-title-color=\"#47425d\" data-headings-color=\"#443f3f\" data-title_alignment=\"center\" class=\"panel-widget-style panel-widget-style-for-w5b7fda0b45651-0-0-5\" ><div\n\t\t\t\n\t\t\tclass=\"so-widget-sow-editor so-widget-sow-editor-base\"\n\t\t\t\n\t\t>\n<div class=\"siteorigin-widget-tinymce textwidget\">\n\t<p style=\"text-align: justify;\"><b>Neoflon<\/b>\u00ae\u00a0<b>EFEP<\/b>\u00a0\u00e9s un nou fluoropol\u00edmer que t\u00e9 la capacitat d'adherir-se a altres materials que no siguin altres fluoropol\u00edmers antiadhesius existents. A m\u00e9s, t\u00e9 la mateixa resist\u00e8ncia qu\u00edmica que altres fluoropol\u00edmers. \u00c9s m\u00e9s transparent que els fluoropol\u00edmers tradicionals i Daikin afirma que \u00e9s la pr\u00f2xima generaci\u00f3 de materials que ampliar\u00e0 les possibilitats de les aplicacions amb fluoropol\u00edmers.<\/p>\n<\/div>\n<\/div><\/div><\/div><\/div><\/div><\/div><\/div><\/div><\/div><\/div><\/div><\/div><div id=\"pg-9933-3\"  class=\"panel-grid panel-has-style\" ><div class=\"siteorigin-panels-stretch panel-row-style panel-row-style-for-9933-3\" style=\"padding: 50px 0; \" data-stretch-type=\"full\" data-overlay=\"true\" data-overlay-color=\"#000000\" ><div id=\"pgc-9933-3-0\"  class=\"panel-grid-cell\" ><div id=\"panel-9933-3-0-0\" class=\"so-panel widget_siteorigin-panels-builder panel-first-child panel-last-child\" data-index=\"5\" ><div style=\"text-align: left;\" data-title-color=\"#47425d\" data-headings-color=\"#443f3f\" data-title_alignment=\"center\" class=\"panel-widget-style panel-widget-style-for-9933-3-0-0\" ><div id=\"pl-w5c98b83897bf8\"  class=\"panel-layout\" ><div id=\"pg-w5c98b83897bf8-0\"  class=\"panel-grid panel-has-style\" ><div style=\"padding: 0px 0; \" data-overlay=\"true\" data-overlay-color=\"#000000\" class=\"panel-row-style panel-row-style-for-w5c98b83897bf8-0\" ><div id=\"pgc-w5c98b83897bf8-0-0\"  class=\"panel-grid-cell\" ><div id=\"panel-w5c98b83897bf8-0-0-0\" class=\"so-panel widget_sow-editor panel-first-child panel-last-child\" data-index=\"0\" ><div style=\"text-align: left;\" data-title-color=\"#47425d\" data-headings-color=\"#443f3f\" data-title_alignment=\"center\" class=\"panel-widget-style panel-widget-style-for-w5c98b83897bf8-0-0-0\" ><div\n\t\t\t\n\t\t\tclass=\"so-widget-sow-editor so-widget-sow-editor-base\"\n\t\t\t\n\t\t>\n<div class=\"siteorigin-widget-tinymce textwidget\">\n\t<h2 class=\"BLAU-FOSC\" style=\"text-align: center;\">Refer\u00e8ncies de Neoflon\u00ae<\/h2>\n<\/div>\n<\/div><\/div><\/div><\/div><\/div><\/div><div id=\"pg-w5c98b83897bf8-1\"  class=\"panel-grid panel-has-style\" ><div style=\"padding: 0px 0; \" data-overlay=\"true\" data-overlay-color=\"#000000\" class=\"panel-row-style panel-row-style-for-w5c98b83897bf8-1\" ><div id=\"pgc-w5c98b83897bf8-1-0\"  class=\"panel-grid-cell\" ><div id=\"panel-w5c98b83897bf8-1-0-0\" class=\"so-panel widget_sow-editor panel-first-child panel-last-child\" data-index=\"1\" ><div style=\"text-align: left;\" data-title-color=\"#47425d\" data-headings-color=\"#443f3f\" data-title_alignment=\"center\" class=\"panel-widget-style panel-widget-style-for-w5c98b83897bf8-1-0-0\" ><div\n\t\t\t\n\t\t\tclass=\"so-widget-sow-editor so-widget-sow-editor-base\"\n\t\t\t\n\t\t>\n<div class=\"siteorigin-widget-tinymce textwidget\">\n\t<p style=\"text-align: center; padding-top: 40px;\"><b>FEP NC-1500<\/b><br \/>\n<b>FEP NC-1511<\/b><br \/>\n<b>FEP NC-1515<\/b><br \/>\n<b>FEP NC-1519<\/b><br \/>\n<b>FEP NC-1539N<\/b><br \/>\n<b>FEP NCX-1<\/b><br \/>\n<b>FEP NCX-11<\/b><br \/>\n<b>EFEP RC-4520<\/b><\/p>\n<\/div>\n<\/div><\/div><\/div><\/div><div id=\"pgc-w5c98b83897bf8-1-1\"  class=\"panel-grid-cell\" ><div id=\"panel-w5c98b83897bf8-1-1-0\" class=\"so-panel widget_sow-editor panel-first-child panel-last-child\" data-index=\"2\" ><div style=\"text-align: left;\" data-title-color=\"#47425d\" data-headings-color=\"#443f3f\" data-title_alignment=\"center\" class=\"panel-widget-style panel-widget-style-for-w5c98b83897bf8-1-1-0\" ><div\n\t\t\t\n\t\t\tclass=\"so-widget-sow-editor so-widget-sow-editor-base\"\n\t\t\t\n\t\t>\n<div class=\"siteorigin-widget-tinymce textwidget\">\n\t<p style=\"text-align: center; padding-top: 40px;\"><b>ETFE EC-6510<\/b><br \/>\n<b>ETFE EC-6511<\/b><br \/>\n<b>ETFE EC-6515<\/b><br \/>\n<b>ETFE EC-6516<\/b><br \/>\n<b>ETFE EC-6519<\/b><br \/>\n<b>ETFE EC-6820<\/b><br \/>\n<b>ETFE EPW-1606BL<\/b><br \/>\n<b>ETFE EPW-1609BK<\/b><\/p>\n<\/div>\n<\/div><\/div><\/div><\/div><div id=\"pgc-w5c98b83897bf8-1-2\"  class=\"panel-grid-cell\" ><div id=\"panel-w5c98b83897bf8-1-2-0\" class=\"so-panel widget_sow-editor panel-first-child panel-last-child\" data-index=\"3\" ><div style=\"text-align: left;\" data-title-color=\"#47425d\" data-headings-color=\"#443f3f\" data-title_alignment=\"center\" class=\"panel-widget-style panel-widget-style-for-w5c98b83897bf8-1-2-0\" ><div\n\t\t\t\n\t\t\tclass=\"so-widget-sow-editor so-widget-sow-editor-base\"\n\t\t\t\n\t\t>\n<div class=\"siteorigin-widget-tinymce textwidget\">\n\t<p style=\"text-align: center; padding-top: 40px;\"><b>PFA AC-5539<\/b><br \/>\n<b>PFA AC-5600<\/b><br \/>\n<b>PFA AC-5820<\/b><br \/>\n<b>PFA AC-5830<\/b><br \/>\n<b>PFA AC-5840<\/b><br \/>\n<b>PFA ACX-21<\/b><br \/>\n<b>PFA ACX-31<\/b><br \/>\n<b>PFA ACX-34<\/b><br \/>\n<b>PFA ACX-41<\/b><\/p>\n<\/div>\n<\/div><\/div><\/div><\/div><\/div><\/div><\/div><\/div><\/div><\/div><\/div><\/div><\/div>","protected":false},"excerpt":{"rendered":"<p>Recobriment Neoflon \u00ae Neoflon\u00ae \u00e9s la marca sota la qual Daikin comercialitza les seues fluoropol\u00edmers. Aquests productes s&#8217;utilitzen principalment en automoci\u00f3, aviaci\u00f3, [&hellip;]<\/p>\n","protected":false},"author":1,"featured_media":7841,"parent":0,"menu_order":0,"comment_status":"closed","ping_status":"closed","template":"page-templates\/page_fullwidth.php","meta":{"footnotes":""},"class_list":["post-9933","page","type-page","status-publish","has-post-thumbnail","hentry"],"yoast_head":"<!-- This site is optimized with the Yoast SEO plugin v27.6 - https:\/\/yoast.com\/product\/yoast-seo-wordpress\/ -->\n<title>Recobriment Neoflon - Coatresa<\/title>\n<meta name=\"description\" content=\"Recobriment Neoflon Daikin : aplicaci\u00f3 de fluoropol\u00edmers com Neoflon PFA, Neoflon FEP, Neoflon PCTFE, Neoflon CPT, Neoflon ETFE i Neoflon EFEP.\" \/>\n<meta name=\"robots\" content=\"index, follow, max-snippet:-1, max-image-preview:large, max-video-preview:-1\" \/>\n<link rel=\"canonical\" href=\"https:\/\/www.coatresa.com\/ca\/recobriment-daikin-neoflon\/\" \/>\n<meta property=\"og:locale\" content=\"ca_ES\" \/>\n<meta property=\"og:type\" content=\"article\" \/>\n<meta property=\"og:title\" content=\"Recobriment Neoflon - Coatresa\" \/>\n<meta property=\"og:description\" content=\"Recobriment Neoflon Daikin : aplicaci\u00f3 de fluoropol\u00edmers com Neoflon PFA, Neoflon FEP, Neoflon PCTFE, Neoflon CPT, Neoflon ETFE i Neoflon EFEP.\" \/>\n<meta property=\"og:url\" content=\"https:\/\/www.coatresa.com\/ca\/recobriment-daikin-neoflon\/\" \/>\n<meta property=\"og:site_name\" content=\"Coatresa\" \/>\n<meta property=\"article:publisher\" content=\"https:\/\/www.facebook.com\/Coatresa\/\" \/>\n<meta property=\"article:modified_time\" content=\"2019-03-25T11:15:04+00:00\" \/>\n<meta property=\"og:image\" content=\"https:\/\/www.coatresa.com\/wp-content\/uploads\/2018\/07\/recubrimientos-daikin-neoflon-1.png\" \/>\n\t<meta property=\"og:image:width\" content=\"197\" \/>\n\t<meta property=\"og:image:height\" content=\"197\" \/>\n\t<meta property=\"og:image:type\" content=\"image\/png\" \/>\n<meta name=\"twitter:card\" content=\"summary_large_image\" \/>\n<meta name=\"twitter:site\" content=\"@Coatresa\" \/>\n<meta name=\"twitter:label1\" content=\"Est. reading time\" \/>\n\t<meta name=\"twitter:data1\" content=\"3 minutes\" \/>\n<script type=\"application\/ld+json\" class=\"yoast-schema-graph\">{\"@context\":\"https:\\\/\\\/schema.org\",\"@graph\":[{\"@type\":\"WebPage\",\"@id\":\"https:\\\/\\\/www.coatresa.com\\\/ca\\\/recobriment-daikin-neoflon\\\/\",\"url\":\"https:\\\/\\\/www.coatresa.com\\\/ca\\\/recobriment-daikin-neoflon\\\/\",\"name\":\"Recobriment Neoflon - Coatresa\",\"isPartOf\":{\"@id\":\"https:\\\/\\\/www.coatresa.com\\\/ca\\\/#website\"},\"primaryImageOfPage\":{\"@id\":\"https:\\\/\\\/www.coatresa.com\\\/ca\\\/recobriment-daikin-neoflon\\\/#primaryimage\"},\"image\":{\"@id\":\"https:\\\/\\\/www.coatresa.com\\\/ca\\\/recobriment-daikin-neoflon\\\/#primaryimage\"},\"thumbnailUrl\":\"https:\\\/\\\/www.coatresa.com\\\/wp-content\\\/uploads\\\/2018\\\/07\\\/recubrimientos-daikin-neoflon-1.png\",\"datePublished\":\"2018-07-12T21:10:30+00:00\",\"dateModified\":\"2019-03-25T11:15:04+00:00\",\"description\":\"Recobriment Neoflon Daikin : aplicaci\u00f3 de fluoropol\u00edmers com Neoflon PFA, Neoflon FEP, Neoflon PCTFE, Neoflon CPT, Neoflon ETFE i Neoflon EFEP.\",\"breadcrumb\":{\"@id\":\"https:\\\/\\\/www.coatresa.com\\\/ca\\\/recobriment-daikin-neoflon\\\/#breadcrumb\"},\"inLanguage\":\"ca-ES\",\"potentialAction\":[{\"@type\":\"ReadAction\",\"target\":[\"https:\\\/\\\/www.coatresa.com\\\/ca\\\/recobriment-daikin-neoflon\\\/\"]}]},{\"@type\":\"ImageObject\",\"inLanguage\":\"ca-ES\",\"@id\":\"https:\\\/\\\/www.coatresa.com\\\/ca\\\/recobriment-daikin-neoflon\\\/#primaryimage\",\"url\":\"https:\\\/\\\/www.coatresa.com\\\/wp-content\\\/uploads\\\/2018\\\/07\\\/recubrimientos-daikin-neoflon-1.png\",\"contentUrl\":\"https:\\\/\\\/www.coatresa.com\\\/wp-content\\\/uploads\\\/2018\\\/07\\\/recubrimientos-daikin-neoflon-1.png\",\"width\":197,\"height\":197,\"caption\":\"recubrimientos Daikin Neoflon\"},{\"@type\":\"BreadcrumbList\",\"@id\":\"https:\\\/\\\/www.coatresa.com\\\/ca\\\/recobriment-daikin-neoflon\\\/#breadcrumb\",\"itemListElement\":[{\"@type\":\"ListItem\",\"position\":1,\"name\":\"Portada\",\"item\":\"https:\\\/\\\/www.coatresa.com\\\/ca\\\/\"},{\"@type\":\"ListItem\",\"position\":2,\"name\":\"Recobriment Neoflon\"}]},{\"@type\":\"WebSite\",\"@id\":\"https:\\\/\\\/www.coatresa.com\\\/ca\\\/#website\",\"url\":\"https:\\\/\\\/www.coatresa.com\\\/ca\\\/\",\"name\":\"Coatresa\",\"description\":\"Aplicaci\u00f3n de recubrimientos antiadherentes y anticorrosivos como el Teflon. Expertos del Powder Coating\",\"publisher\":{\"@id\":\"https:\\\/\\\/www.coatresa.com\\\/ca\\\/#organization\"},\"potentialAction\":[{\"@type\":\"SearchAction\",\"target\":{\"@type\":\"EntryPoint\",\"urlTemplate\":\"https:\\\/\\\/www.coatresa.com\\\/ca\\\/?s={search_term_string}\"},\"query-input\":{\"@type\":\"PropertyValueSpecification\",\"valueRequired\":true,\"valueName\":\"search_term_string\"}}],\"inLanguage\":\"ca-ES\"},{\"@type\":\"Organization\",\"@id\":\"https:\\\/\\\/www.coatresa.com\\\/ca\\\/#organization\",\"name\":\"Coatresa\",\"url\":\"https:\\\/\\\/www.coatresa.com\\\/ca\\\/\",\"logo\":{\"@type\":\"ImageObject\",\"inLanguage\":\"ca-ES\",\"@id\":\"https:\\\/\\\/www.coatresa.com\\\/ca\\\/#\\\/schema\\\/logo\\\/image\\\/\",\"url\":\"https:\\\/\\\/www.coatresa.com\\\/wp-content\\\/uploads\\\/2022\\\/07\\\/A_blava_mitja_transp.png\",\"contentUrl\":\"https:\\\/\\\/www.coatresa.com\\\/wp-content\\\/uploads\\\/2022\\\/07\\\/A_blava_mitja_transp.png\",\"width\":340,\"height\":326,\"caption\":\"Coatresa\"},\"image\":{\"@id\":\"https:\\\/\\\/www.coatresa.com\\\/ca\\\/#\\\/schema\\\/logo\\\/image\\\/\"},\"sameAs\":[\"https:\\\/\\\/www.facebook.com\\\/Coatresa\\\/\",\"https:\\\/\\\/x.com\\\/Coatresa\",\"https:\\\/\\\/www.linkedin.com\\\/company\\\/coatresa\\\/\",\"https:\\\/\\\/www.youtube.com\\\/user\\\/CoatresaCoatings\"]}]}<\/script>\n<!-- \/ Yoast SEO plugin. -->","yoast_head_json":{"title":"Recobriment Neoflon - Coatresa","description":"Recobriment Neoflon Daikin : aplicaci\u00f3 de fluoropol\u00edmers com Neoflon PFA, Neoflon FEP, Neoflon PCTFE, Neoflon CPT, Neoflon ETFE i Neoflon EFEP.","robots":{"index":"index","follow":"follow","max-snippet":"max-snippet:-1","max-image-preview":"max-image-preview:large","max-video-preview":"max-video-preview:-1"},"canonical":"https:\/\/www.coatresa.com\/ca\/recobriment-daikin-neoflon\/","og_locale":"ca_ES","og_type":"article","og_title":"Recobriment Neoflon - Coatresa","og_description":"Recobriment Neoflon Daikin : aplicaci\u00f3 de fluoropol\u00edmers com Neoflon PFA, Neoflon FEP, Neoflon PCTFE, Neoflon CPT, Neoflon ETFE i Neoflon EFEP.","og_url":"https:\/\/www.coatresa.com\/ca\/recobriment-daikin-neoflon\/","og_site_name":"Coatresa","article_publisher":"https:\/\/www.facebook.com\/Coatresa\/","article_modified_time":"2019-03-25T11:15:04+00:00","og_image":[{"width":197,"height":197,"url":"https:\/\/www.coatresa.com\/wp-content\/uploads\/2018\/07\/recubrimientos-daikin-neoflon-1.png","type":"image\/png"}],"twitter_card":"summary_large_image","twitter_site":"@Coatresa","twitter_misc":{"Est. reading time":"3 minutes"},"schema":{"@context":"https:\/\/schema.org","@graph":[{"@type":"WebPage","@id":"https:\/\/www.coatresa.com\/ca\/recobriment-daikin-neoflon\/","url":"https:\/\/www.coatresa.com\/ca\/recobriment-daikin-neoflon\/","name":"Recobriment Neoflon - Coatresa","isPartOf":{"@id":"https:\/\/www.coatresa.com\/ca\/#website"},"primaryImageOfPage":{"@id":"https:\/\/www.coatresa.com\/ca\/recobriment-daikin-neoflon\/#primaryimage"},"image":{"@id":"https:\/\/www.coatresa.com\/ca\/recobriment-daikin-neoflon\/#primaryimage"},"thumbnailUrl":"https:\/\/www.coatresa.com\/wp-content\/uploads\/2018\/07\/recubrimientos-daikin-neoflon-1.png","datePublished":"2018-07-12T21:10:30+00:00","dateModified":"2019-03-25T11:15:04+00:00","description":"Recobriment Neoflon Daikin : aplicaci\u00f3 de fluoropol\u00edmers com Neoflon PFA, Neoflon FEP, Neoflon PCTFE, Neoflon CPT, Neoflon ETFE i Neoflon EFEP.","breadcrumb":{"@id":"https:\/\/www.coatresa.com\/ca\/recobriment-daikin-neoflon\/#breadcrumb"},"inLanguage":"ca-ES","potentialAction":[{"@type":"ReadAction","target":["https:\/\/www.coatresa.com\/ca\/recobriment-daikin-neoflon\/"]}]},{"@type":"ImageObject","inLanguage":"ca-ES","@id":"https:\/\/www.coatresa.com\/ca\/recobriment-daikin-neoflon\/#primaryimage","url":"https:\/\/www.coatresa.com\/wp-content\/uploads\/2018\/07\/recubrimientos-daikin-neoflon-1.png","contentUrl":"https:\/\/www.coatresa.com\/wp-content\/uploads\/2018\/07\/recubrimientos-daikin-neoflon-1.png","width":197,"height":197,"caption":"recubrimientos Daikin Neoflon"},{"@type":"BreadcrumbList","@id":"https:\/\/www.coatresa.com\/ca\/recobriment-daikin-neoflon\/#breadcrumb","itemListElement":[{"@type":"ListItem","position":1,"name":"Portada","item":"https:\/\/www.coatresa.com\/ca\/"},{"@type":"ListItem","position":2,"name":"Recobriment Neoflon"}]},{"@type":"WebSite","@id":"https:\/\/www.coatresa.com\/ca\/#website","url":"https:\/\/www.coatresa.com\/ca\/","name":"Coatresa","description":"Aplicaci\u00f3n de recubrimientos antiadherentes y anticorrosivos como el Teflon. Expertos del Powder Coating","publisher":{"@id":"https:\/\/www.coatresa.com\/ca\/#organization"},"potentialAction":[{"@type":"SearchAction","target":{"@type":"EntryPoint","urlTemplate":"https:\/\/www.coatresa.com\/ca\/?s={search_term_string}"},"query-input":{"@type":"PropertyValueSpecification","valueRequired":true,"valueName":"search_term_string"}}],"inLanguage":"ca-ES"},{"@type":"Organization","@id":"https:\/\/www.coatresa.com\/ca\/#organization","name":"Coatresa","url":"https:\/\/www.coatresa.com\/ca\/","logo":{"@type":"ImageObject","inLanguage":"ca-ES","@id":"https:\/\/www.coatresa.com\/ca\/#\/schema\/logo\/image\/","url":"https:\/\/www.coatresa.com\/wp-content\/uploads\/2022\/07\/A_blava_mitja_transp.png","contentUrl":"https:\/\/www.coatresa.com\/wp-content\/uploads\/2022\/07\/A_blava_mitja_transp.png","width":340,"height":326,"caption":"Coatresa"},"image":{"@id":"https:\/\/www.coatresa.com\/ca\/#\/schema\/logo\/image\/"},"sameAs":["https:\/\/www.facebook.com\/Coatresa\/","https:\/\/x.com\/Coatresa","https:\/\/www.linkedin.com\/company\/coatresa\/","https:\/\/www.youtube.com\/user\/CoatresaCoatings"]}]}},"_links":{"self":[{"href":"https:\/\/www.coatresa.com\/ca\/wp-json\/wp\/v2\/pages\/9933","targetHints":{"allow":["GET"]}}],"collection":[{"href":"https:\/\/www.coatresa.com\/ca\/wp-json\/wp\/v2\/pages"}],"about":[{"href":"https:\/\/www.coatresa.com\/ca\/wp-json\/wp\/v2\/types\/page"}],"author":[{"embeddable":true,"href":"https:\/\/www.coatresa.com\/ca\/wp-json\/wp\/v2\/users\/1"}],"replies":[{"embeddable":true,"href":"https:\/\/www.coatresa.com\/ca\/wp-json\/wp\/v2\/comments?post=9933"}],"version-history":[{"count":0,"href":"https:\/\/www.coatresa.com\/ca\/wp-json\/wp\/v2\/pages\/9933\/revisions"}],"wp:featuredmedia":[{"embeddable":true,"href":"https:\/\/www.coatresa.com\/ca\/wp-json\/wp\/v2\/media\/7841"}],"wp:attachment":[{"href":"https:\/\/www.coatresa.com\/ca\/wp-json\/wp\/v2\/media?parent=9933"}],"curies":[{"name":"wp","href":"https:\/\/api.w.org\/{rel}","templated":true}]}}