{"id":9937,"date":"2018-07-12T23:31:54","date_gmt":"2018-07-12T21:31:54","guid":{"rendered":"http:\/\/coatresa.com\/recubrimientos-dupont-chemours\/"},"modified":"2020-05-21T11:29:45","modified_gmt":"2020-05-21T09:29:45","slug":"recobriments-dupont-chemours","status":"publish","type":"page","link":"https:\/\/www.coatresa.com\/ca\/recobriments-dupont-chemours\/","title":{"rendered":"Recobriments Chemours Dupont"},"content":{"rendered":"<div id=\"pl-9937\"  class=\"panel-layout\" ><div id=\"pg-9937-0\"  class=\"panel-grid panel-has-style\" ><div style=\"padding: 0px 0; \" data-overlay=\"true\" data-overlay-color=\"#000000\" class=\"panel-row-style panel-row-style-for-9937-0\" ><div id=\"pgc-9937-0-0\"  class=\"panel-grid-cell\" ><div id=\"panel-9937-0-0-0\" class=\"so-panel widget_sow-image panel-first-child\" data-index=\"0\" ><div style=\"text-align: left;\" data-title-color=\"#47425d\" data-headings-color=\"#443f3f\" data-title_alignment=\"center\" class=\"panel-widget-style panel-widget-style-for-9937-0-0-0\" ><div\n\t\t\t\n\t\t\tclass=\"so-widget-sow-image so-widget-sow-image-default-c67d20f9f743-9937\"\n\t\t\t\n\t\t>\n<div class=\"sow-image-container\">\n\t\t<img \n\tsrc=\"https:\/\/www.coatresa.com\/wp-content\/uploads\/2018\/07\/recubrimientos-chemours-dupont.png\" width=\"274\" height=\"120\" srcset=\"https:\/\/www.coatresa.com\/wp-content\/uploads\/2018\/07\/recubrimientos-chemours-dupont.png 274w, https:\/\/www.coatresa.com\/wp-content\/uploads\/2018\/07\/recubrimientos-chemours-dupont-230x101.png 230w, https:\/\/www.coatresa.com\/wp-content\/uploads\/2018\/07\/recubrimientos-chemours-dupont-272x120.png 272w\" sizes=\"(max-width: 274px) 100vw, 274px\" title=\"recubrimientos Chemours ( Dupont )\" alt=\"recubrimientos Chemours ( Dupont )\" \t\tclass=\"so-widget-image\"\/>\n\t<\/div>\n\n<\/div><\/div><\/div><div id=\"panel-9937-0-0-1\" class=\"so-panel widget_sow-editor panel-last-child\" data-index=\"1\" ><div style=\"text-align: left;\" data-title-color=\"#47425d\" data-headings-color=\"#000000\" data-title_alignment=\"center\" class=\"panel-widget-style panel-widget-style-for-9937-0-0-1\" ><div\n\t\t\t\n\t\t\tclass=\"so-widget-sow-editor so-widget-sow-editor-base\"\n\t\t\t\n\t\t>\n<div class=\"siteorigin-widget-tinymce textwidget\">\n\t<h1 style=\"text-align: center;\">Recobriments Chemours ( Dupont )<\/h1>\n<hr \/>\n<p style=\"text-align: justify;\">Chemours \u00e9s una empresa nord-americana que va n\u00e9ixer l\u2019any 2015 despr\u00e9s que el gegant multinacional DuPont va escindir la seva divisi\u00f3 d'Especialitats Qu\u00edmiques d'Altes Prestacions i es va convertir en una empresa que va cotitzar a borsa el primer dia de la seva creaci\u00f3.<\/p>\n<p style=\"text-align: justify;\">Chemours es dedica a la fabricaci\u00f3 i distribuci\u00f3 de tres unitats de negoci: fluoroproductes (incloent resines fluoropolim\u00e8riques industrials sota les marques\u00a0<b>Teflon<\/b>\u00ae,\u00a0<b>Freon<\/b>\u00ae i\u00a0<b>Viton<\/b>\u00ae), solucions qu\u00edmiques i tecnologies de titani.<\/p>\n<p style=\"text-align: justify;\">Chemours t\u00e9 m\u00e9s de 200 anys d\u2019experi\u00e8ncia en el sector i arriba a m\u00e9s de 130 pa\u00efsos, a m\u00e9s de comptar amb m\u00e9s de 45 centres d'investigaci\u00f3 i fabricaci\u00f3. Compten amb la ic\u00f2nica marca Teflon\u00ae, patentada per DuPont en 1941 com el primer recobriment amb base PTFE del mercat.<\/p>\n<\/div>\n<\/div><\/div><\/div><\/div><\/div><\/div><div id=\"pg-9937-1\"  class=\"panel-grid panel-has-style\" ><div class=\"FRANJA-BLAVA-TITOL siteorigin-panels-stretch panel-row-style panel-row-style-for-9937-1\" style=\"padding: 0px 0; \" data-stretch-type=\"full\" data-overlay=\"true\" data-overlay-color=\"#000000\" ><div id=\"pgc-9937-1-0\"  class=\"panel-grid-cell\" ><div id=\"panel-9937-1-0-0\" class=\"so-panel widget_sow-editor panel-first-child panel-last-child\" data-index=\"2\" ><div class=\"blanc panel-widget-style panel-widget-style-for-9937-1-0-0\" style=\"text-align: left;\" data-title-color=\"#47425d\" data-headings-color=\"#443f3f\" data-title_alignment=\"center\" ><div\n\t\t\t\n\t\t\tclass=\"so-widget-sow-editor so-widget-sow-editor-base\"\n\t\t\t\n\t\t>\n<div class=\"siteorigin-widget-tinymce textwidget\">\n\t<h2 style=\"text-align: center;\">Productes Chemours ( Dupont )<\/h2>\n<\/div>\n<\/div><\/div><\/div><\/div><\/div><\/div><div id=\"pg-9937-2\"  class=\"panel-grid panel-has-style\" ><div class=\"BGC-GRIS siteorigin-panels-stretch panel-row-style panel-row-style-for-9937-2\" style=\"padding: 50px 0; \" data-stretch-type=\"full\" data-overlay=\"true\" data-overlay-color=\"#000000\" ><div id=\"pgc-9937-2-0\"  class=\"panel-grid-cell\" ><div id=\"panel-9937-2-0-0\" class=\"so-panel widget_siteorigin-panels-builder panel-first-child panel-last-child\" data-index=\"3\" ><div style=\"text-align: left;\" data-title-color=\"#47425d\" data-headings-color=\"#443f3f\" data-title_alignment=\"center\" class=\"panel-widget-style panel-widget-style-for-9937-2-0-0\" ><div id=\"pl-w5ec64a0926ef7\"  class=\"panel-layout\" ><div id=\"pg-w5ec64a0926ef7-0\"  class=\"panel-grid panel-has-style\" ><div style=\"padding: 0px 0; \" data-overlay=\"true\" data-overlay-color=\"#000000\" class=\"panel-row-style panel-row-style-for-w5ec64a0926ef7-0\" ><div id=\"pgc-w5ec64a0926ef7-0-0\"  class=\"panel-grid-cell\" ><div id=\"panel-w5ec64a0926ef7-0-0-0\" class=\"so-panel widget_sow-editor panel-first-child panel-last-child\" data-index=\"0\" ><div style=\"text-align: left;\" data-title-color=\"#47425d\" data-headings-color=\"#443f3f\" data-title_alignment=\"center\" class=\"panel-widget-style panel-widget-style-for-w5ec64a0926ef7-0-0-0\" ><div\n\t\t\t\n\t\t\tclass=\"so-widget-sow-editor so-widget-sow-editor-base\"\n\t\t\t\n\t\t>\n<div class=\"siteorigin-widget-tinymce textwidget\">\n\t<p style=\"text-align: justify;\">Chemours, amb el llegat de\u00a0<b>Teflon<\/b>\u00ae de Dupont, segueix innovant i apostant per aquest producte, llan\u00e7ant al mercat millores i versions: Teflon\u00ae Platinum, Teflon\u00ae Platinum Plus, Teflon\u00ae Select, Teflon\u00ae Xtra\u2026 sobretot per al sector del parament i els petits electrodom\u00e8stics. Tamb\u00e9 existeix una varietat m\u00e9s resistent, combinant PTFE amb PFA,\u00a0<b>SilverStone<\/b>\u00ae i les seues variants SilverStone\u00ae Select i SilverStone\u00ae Professional.<\/p>\n<p style=\"text-align: justify;\">Els fluoropol\u00edmers de Chemours utilitzats a Coatresa amb base <b>PTFE<\/b>, <b>ETFE<\/b>, <b>FEP<\/b> i <b>PFA<\/b> tenen un gran nivell d'antiadher\u00e8ncia i un excel\u00b7lent comportament anticorrosiu. El Teflon\u00ae per a sectors industrials pot ser aplicat a qualsevol part met\u00e0l\u00b7lica que requereixi antiadher\u00e8ncia, resist\u00e8ncia a la corrosi\u00f3, f\u00e0cil neteja i baixos coeficients de fricci\u00f3, com per exemple les ind\u00fastries qu\u00edmica, t\u00e8xtil, gr\u00e0fica...<\/p>\n<p style=\"text-align: justify;\">Dins del seu portfolio de productes per a usos en l\u2019aplicaci\u00f3 de recobriments t\u00e8cnics realitzats a Coatresa tamb\u00e9 trobem el\u00a0<b>Tefzel<\/b>\u00ae, que \u00e9s un fluoropl\u00e0stic ETFE (etil\u00e8 tetrafluoroetil\u00e8) modificat, que es destina sobretot a la ind\u00fastria qu\u00edmica i a plantes potabilitzadores d'aigua. Aquesta resina \u00e9s qu\u00edmicament inerta i presenta una duresa molt elevada i s'aplica en capes de fins a 1.000 micres.<\/p>\n<\/div>\n<\/div><\/div><\/div><\/div><\/div><\/div><div id=\"pg-w5ec64a0926ef7-1\"  class=\"panel-grid panel-has-style\" ><div style=\"padding: 0px 0; \" data-overlay=\"true\" data-overlay-color=\"#000000\" class=\"panel-row-style panel-row-style-for-w5ec64a0926ef7-1\" ><div id=\"pgc-w5ec64a0926ef7-1-0\"  class=\"panel-grid-cell\" ><div class=\"BGC-BLANC panel-cell-style panel-cell-style-for-w5ec64a0926ef7-1-0\" ><div id=\"panel-w5ec64a0926ef7-1-0-0\" class=\"so-panel widget_sow-image panel-first-child panel-last-child\" data-index=\"1\" ><div class=\"PADDING-H-1 AUGMENTAR-ICONA panel-widget-style panel-widget-style-for-w5ec64a0926ef7-1-0-0\" style=\"text-align: left;\" data-title-color=\"#47425d\" data-headings-color=\"#443f3f\" data-title_alignment=\"center\" ><div\n\t\t\t\n\t\t\tclass=\"so-widget-sow-image so-widget-sow-image-default-c67d20f9f743\"\n\t\t\t\n\t\t>\n<div class=\"sow-image-container\">\n\t\t\t<a href=\"\/ca\/teflon-recobriment-dupont-chemours\"\n\t\t\t\t\t>\n\t\t\t<img \n\tsrc=\"https:\/\/www.coatresa.com\/wp-content\/uploads\/2018\/07\/recubrimientos-dupont-chemours-teflon.png\" width=\"197\" height=\"197\" srcset=\"https:\/\/www.coatresa.com\/wp-content\/uploads\/2018\/07\/recubrimientos-dupont-chemours-teflon.png 197w, https:\/\/www.coatresa.com\/wp-content\/uploads\/2018\/07\/recubrimientos-dupont-chemours-teflon-150x150.png 150w\" sizes=\"(max-width: 197px) 100vw, 197px\" title=\"recubrimientos Dupont Chemours Teflon\" alt=\"recubrimientos Dupont Chemours Teflon\" \t\tclass=\"so-widget-image\"\/>\n\t\t\t<\/a><\/div>\n\n<\/div><\/div><\/div><\/div><\/div><div id=\"pgc-w5ec64a0926ef7-1-1\"  class=\"panel-grid-cell\" ><div class=\"BGC-BLANC panel-cell-style panel-cell-style-for-w5ec64a0926ef7-1-1\" ><div id=\"panel-w5ec64a0926ef7-1-1-0\" class=\"so-panel widget_sow-image panel-first-child panel-last-child\" data-index=\"2\" ><div class=\"PADDING-H-1 AUGMENTAR-ICONA panel-widget-style panel-widget-style-for-w5ec64a0926ef7-1-1-0\" style=\"text-align: left;\" data-title-color=\"#47425d\" data-headings-color=\"#443f3f\" data-title_alignment=\"center\" ><div\n\t\t\t\n\t\t\tclass=\"so-widget-sow-image so-widget-sow-image-default-c67d20f9f743\"\n\t\t\t\n\t\t>\n<div class=\"sow-image-container\">\n\t\t\t<a href=\"\/ca\/recobriment-chemours-tefzel\/\"\n\t\t\t\t\t>\n\t\t\t<img \n\tsrc=\"https:\/\/www.coatresa.com\/wp-content\/uploads\/2018\/07\/recubrimientos-dupont-chemours-tefzel.png\" width=\"197\" height=\"197\" srcset=\"https:\/\/www.coatresa.com\/wp-content\/uploads\/2018\/07\/recubrimientos-dupont-chemours-tefzel.png 197w, https:\/\/www.coatresa.com\/wp-content\/uploads\/2018\/07\/recubrimientos-dupont-chemours-tefzel-150x150.png 150w\" sizes=\"(max-width: 197px) 100vw, 197px\" title=\"recubrimientos Dupont Chemours Tefzel\" alt=\"recubrimientos Dupont Chemours Tefzel\" \t\tclass=\"so-widget-image\"\/>\n\t\t\t<\/a><\/div>\n\n<\/div><\/div><\/div><\/div><\/div><div id=\"pgc-w5ec64a0926ef7-1-2\"  class=\"panel-grid-cell\" ><div class=\"BGC-GRIS-CLAR panel-cell-style panel-cell-style-for-w5ec64a0926ef7-1-2\" ><div id=\"panel-w5ec64a0926ef7-1-2-0\" class=\"so-panel widget_sow-image panel-first-child panel-last-child\" data-index=\"3\" ><div class=\"PADDING-H-1 panel-widget-style panel-widget-style-for-w5ec64a0926ef7-1-2-0\" style=\"text-align: left;\" data-title-color=\"#47425d\" data-headings-color=\"#443f3f\" data-title_alignment=\"center\" ><div\n\t\t\t\n\t\t\tclass=\"so-widget-sow-image so-widget-sow-image-default-c67d20f9f743\"\n\t\t\t\n\t\t>\n<div class=\"sow-image-container\">\n\t\t<img \n\tsrc=\"https:\/\/www.coatresa.com\/wp-content\/uploads\/2018\/07\/recubrimientos-dupont-chemours-SilverStone.png\" width=\"197\" height=\"197\" srcset=\"https:\/\/www.coatresa.com\/wp-content\/uploads\/2018\/07\/recubrimientos-dupont-chemours-SilverStone.png 197w, https:\/\/www.coatresa.com\/wp-content\/uploads\/2018\/07\/recubrimientos-dupont-chemours-SilverStone-150x150.png 150w\" sizes=\"(max-width: 197px) 100vw, 197px\" title=\"recubrimientos Dupont Chemours SilverStone\" alt=\"recubrimientos Dupont Chemours SilverStone\" \t\tclass=\"so-widget-image\"\/>\n\t<\/div>\n\n<\/div><\/div><\/div><\/div><\/div><\/div><\/div><div id=\"pg-w5ec64a0926ef7-2\"  class=\"panel-grid panel-has-style\" ><div style=\"padding: 0px 0; \" data-overlay=\"true\" data-overlay-color=\"#000000\" class=\"panel-row-style panel-row-style-for-w5ec64a0926ef7-2\" ><div id=\"pgc-w5ec64a0926ef7-2-0\"  class=\"panel-grid-cell\" ><div id=\"panel-w5ec64a0926ef7-2-0-0\" class=\"so-panel widget_sow-editor panel-first-child panel-last-child\" data-index=\"4\" ><div class=\"TEXTOS-DESTACATS panel-widget-style panel-widget-style-for-w5ec64a0926ef7-2-0-0\" style=\"text-align: left;\" data-title-color=\"#47425d\" data-headings-color=\"#443f3f\" data-title_alignment=\"center\" ><div\n\t\t\t\n\t\t\tclass=\"so-widget-sow-editor so-widget-sow-editor-base\"\n\t\t\t\n\t\t>\n<div class=\"siteorigin-widget-tinymce textwidget\">\n\t<p style=\"text-align: center;\">COATRESA \u00e9s \"Licensed Industrial Applicator\" (LIA) de Chemours per a tota Espanya.<\/p>\n<\/div>\n<\/div><\/div><\/div><\/div><\/div><\/div><\/div><\/div><\/div><\/div><\/div><\/div><\/div>","protected":false},"excerpt":{"rendered":"<p>Recobriments Chemours ( Dupont ) Chemours \u00e9s una empresa nord-americana que va n\u00e9ixer l\u2019any 2015 despr\u00e9s que el gegant multinacional DuPont va [&hellip;]<\/p>\n","protected":false},"author":1,"featured_media":9747,"parent":0,"menu_order":0,"comment_status":"closed","ping_status":"closed","template":"page-templates\/page_fullwidth.php","meta":{"footnotes":""},"class_list":["post-9937","page","type-page","status-publish","has-post-thumbnail","hentry"],"yoast_head":"<!-- This site is optimized with the Yoast SEO plugin v27.4 - https:\/\/yoast.com\/product\/yoast-seo-wordpress\/ -->\n<title>Recobriments Chemours Dupont - Coatresa<\/title>\n<meta name=\"description\" content=\"Recobriments Dupont Chemours : fluoropol\u00edmers PTFE, ETFE, FEP i PFA com Freon i Viton. Aplicaci\u00f3 de Teflon, SilverStone i Tefzel fluoropl\u00e0stic. LIA\" \/>\n<meta name=\"robots\" content=\"index, follow, max-snippet:-1, max-image-preview:large, max-video-preview:-1\" \/>\n<link rel=\"canonical\" href=\"https:\/\/www.coatresa.com\/ca\/recobriments-dupont-chemours\/\" \/>\n<meta property=\"og:locale\" content=\"ca_ES\" \/>\n<meta property=\"og:type\" content=\"article\" \/>\n<meta property=\"og:title\" content=\"Recobriments Chemours Dupont - Coatresa\" \/>\n<meta property=\"og:description\" content=\"Recobriments Dupont Chemours : fluoropol\u00edmers PTFE, ETFE, FEP i PFA com Freon i Viton. Aplicaci\u00f3 de Teflon, SilverStone i Tefzel fluoropl\u00e0stic. LIA\" \/>\n<meta property=\"og:url\" content=\"https:\/\/www.coatresa.com\/ca\/recobriments-dupont-chemours\/\" \/>\n<meta property=\"og:site_name\" content=\"Coatresa\" \/>\n<meta property=\"article:publisher\" content=\"https:\/\/www.facebook.com\/Coatresa\/\" \/>\n<meta property=\"article:modified_time\" content=\"2020-05-21T09:29:45+00:00\" \/>\n<meta property=\"og:image\" content=\"https:\/\/www.coatresa.com\/wp-content\/uploads\/2018\/07\/recubrimientos-chemours-dupont.png\" \/>\n\t<meta property=\"og:image:width\" content=\"274\" \/>\n\t<meta property=\"og:image:height\" content=\"120\" \/>\n\t<meta property=\"og:image:type\" content=\"image\/png\" \/>\n<meta name=\"twitter:card\" content=\"summary_large_image\" \/>\n<meta name=\"twitter:site\" content=\"@Coatresa\" \/>\n<meta name=\"twitter:label1\" content=\"Est. reading time\" \/>\n\t<meta name=\"twitter:data1\" content=\"2 minutes\" \/>\n<script type=\"application\/ld+json\" class=\"yoast-schema-graph\">{\"@context\":\"https:\\\/\\\/schema.org\",\"@graph\":[{\"@type\":\"WebPage\",\"@id\":\"https:\\\/\\\/www.coatresa.com\\\/ca\\\/recobriments-dupont-chemours\\\/\",\"url\":\"https:\\\/\\\/www.coatresa.com\\\/ca\\\/recobriments-dupont-chemours\\\/\",\"name\":\"Recobriments Chemours Dupont - Coatresa\",\"isPartOf\":{\"@id\":\"https:\\\/\\\/www.coatresa.com\\\/ca\\\/#website\"},\"primaryImageOfPage\":{\"@id\":\"https:\\\/\\\/www.coatresa.com\\\/ca\\\/recobriments-dupont-chemours\\\/#primaryimage\"},\"image\":{\"@id\":\"https:\\\/\\\/www.coatresa.com\\\/ca\\\/recobriments-dupont-chemours\\\/#primaryimage\"},\"thumbnailUrl\":\"https:\\\/\\\/www.coatresa.com\\\/wp-content\\\/uploads\\\/2018\\\/07\\\/recubrimientos-chemours-dupont.png\",\"datePublished\":\"2018-07-12T21:31:54+00:00\",\"dateModified\":\"2020-05-21T09:29:45+00:00\",\"description\":\"Recobriments Dupont Chemours : fluoropol\u00edmers PTFE, ETFE, FEP i PFA com Freon i Viton. Aplicaci\u00f3 de Teflon, SilverStone i Tefzel fluoropl\u00e0stic. LIA\",\"breadcrumb\":{\"@id\":\"https:\\\/\\\/www.coatresa.com\\\/ca\\\/recobriments-dupont-chemours\\\/#breadcrumb\"},\"inLanguage\":\"ca-ES\",\"potentialAction\":[{\"@type\":\"ReadAction\",\"target\":[\"https:\\\/\\\/www.coatresa.com\\\/ca\\\/recobriments-dupont-chemours\\\/\"]}]},{\"@type\":\"ImageObject\",\"inLanguage\":\"ca-ES\",\"@id\":\"https:\\\/\\\/www.coatresa.com\\\/ca\\\/recobriments-dupont-chemours\\\/#primaryimage\",\"url\":\"https:\\\/\\\/www.coatresa.com\\\/wp-content\\\/uploads\\\/2018\\\/07\\\/recubrimientos-chemours-dupont.png\",\"contentUrl\":\"https:\\\/\\\/www.coatresa.com\\\/wp-content\\\/uploads\\\/2018\\\/07\\\/recubrimientos-chemours-dupont.png\",\"width\":274,\"height\":120,\"caption\":\"recobriments chemours dupont\"},{\"@type\":\"BreadcrumbList\",\"@id\":\"https:\\\/\\\/www.coatresa.com\\\/ca\\\/recobriments-dupont-chemours\\\/#breadcrumb\",\"itemListElement\":[{\"@type\":\"ListItem\",\"position\":1,\"name\":\"Portada\",\"item\":\"https:\\\/\\\/www.coatresa.com\\\/ca\\\/\"},{\"@type\":\"ListItem\",\"position\":2,\"name\":\"Recobriments Chemours Dupont\"}]},{\"@type\":\"WebSite\",\"@id\":\"https:\\\/\\\/www.coatresa.com\\\/ca\\\/#website\",\"url\":\"https:\\\/\\\/www.coatresa.com\\\/ca\\\/\",\"name\":\"Coatresa\",\"description\":\"Aplicaci\u00f3n de recubrimientos antiadherentes y anticorrosivos como el Teflon. Expertos del Powder Coating\",\"publisher\":{\"@id\":\"https:\\\/\\\/www.coatresa.com\\\/ca\\\/#organization\"},\"potentialAction\":[{\"@type\":\"SearchAction\",\"target\":{\"@type\":\"EntryPoint\",\"urlTemplate\":\"https:\\\/\\\/www.coatresa.com\\\/ca\\\/?s={search_term_string}\"},\"query-input\":{\"@type\":\"PropertyValueSpecification\",\"valueRequired\":true,\"valueName\":\"search_term_string\"}}],\"inLanguage\":\"ca-ES\"},{\"@type\":\"Organization\",\"@id\":\"https:\\\/\\\/www.coatresa.com\\\/ca\\\/#organization\",\"name\":\"Coatresa\",\"url\":\"https:\\\/\\\/www.coatresa.com\\\/ca\\\/\",\"logo\":{\"@type\":\"ImageObject\",\"inLanguage\":\"ca-ES\",\"@id\":\"https:\\\/\\\/www.coatresa.com\\\/ca\\\/#\\\/schema\\\/logo\\\/image\\\/\",\"url\":\"https:\\\/\\\/www.coatresa.com\\\/wp-content\\\/uploads\\\/2022\\\/07\\\/A_blava_mitja_transp.png\",\"contentUrl\":\"https:\\\/\\\/www.coatresa.com\\\/wp-content\\\/uploads\\\/2022\\\/07\\\/A_blava_mitja_transp.png\",\"width\":340,\"height\":326,\"caption\":\"Coatresa\"},\"image\":{\"@id\":\"https:\\\/\\\/www.coatresa.com\\\/ca\\\/#\\\/schema\\\/logo\\\/image\\\/\"},\"sameAs\":[\"https:\\\/\\\/www.facebook.com\\\/Coatresa\\\/\",\"https:\\\/\\\/x.com\\\/Coatresa\",\"https:\\\/\\\/www.linkedin.com\\\/company\\\/coatresa\\\/\",\"https:\\\/\\\/www.youtube.com\\\/user\\\/CoatresaCoatings\"]}]}<\/script>\n<!-- \/ Yoast SEO plugin. -->","yoast_head_json":{"title":"Recobriments Chemours Dupont - Coatresa","description":"Recobriments Dupont Chemours : fluoropol\u00edmers PTFE, ETFE, FEP i PFA com Freon i Viton. Aplicaci\u00f3 de Teflon, SilverStone i Tefzel fluoropl\u00e0stic. LIA","robots":{"index":"index","follow":"follow","max-snippet":"max-snippet:-1","max-image-preview":"max-image-preview:large","max-video-preview":"max-video-preview:-1"},"canonical":"https:\/\/www.coatresa.com\/ca\/recobriments-dupont-chemours\/","og_locale":"ca_ES","og_type":"article","og_title":"Recobriments Chemours Dupont - Coatresa","og_description":"Recobriments Dupont Chemours : fluoropol\u00edmers PTFE, ETFE, FEP i PFA com Freon i Viton. Aplicaci\u00f3 de Teflon, SilverStone i Tefzel fluoropl\u00e0stic. LIA","og_url":"https:\/\/www.coatresa.com\/ca\/recobriments-dupont-chemours\/","og_site_name":"Coatresa","article_publisher":"https:\/\/www.facebook.com\/Coatresa\/","article_modified_time":"2020-05-21T09:29:45+00:00","og_image":[{"width":274,"height":120,"url":"https:\/\/www.coatresa.com\/wp-content\/uploads\/2018\/07\/recubrimientos-chemours-dupont.png","type":"image\/png"}],"twitter_card":"summary_large_image","twitter_site":"@Coatresa","twitter_misc":{"Est. reading time":"2 minutes"},"schema":{"@context":"https:\/\/schema.org","@graph":[{"@type":"WebPage","@id":"https:\/\/www.coatresa.com\/ca\/recobriments-dupont-chemours\/","url":"https:\/\/www.coatresa.com\/ca\/recobriments-dupont-chemours\/","name":"Recobriments Chemours Dupont - Coatresa","isPartOf":{"@id":"https:\/\/www.coatresa.com\/ca\/#website"},"primaryImageOfPage":{"@id":"https:\/\/www.coatresa.com\/ca\/recobriments-dupont-chemours\/#primaryimage"},"image":{"@id":"https:\/\/www.coatresa.com\/ca\/recobriments-dupont-chemours\/#primaryimage"},"thumbnailUrl":"https:\/\/www.coatresa.com\/wp-content\/uploads\/2018\/07\/recubrimientos-chemours-dupont.png","datePublished":"2018-07-12T21:31:54+00:00","dateModified":"2020-05-21T09:29:45+00:00","description":"Recobriments Dupont Chemours : fluoropol\u00edmers PTFE, ETFE, FEP i PFA com Freon i Viton. Aplicaci\u00f3 de Teflon, SilverStone i Tefzel fluoropl\u00e0stic. LIA","breadcrumb":{"@id":"https:\/\/www.coatresa.com\/ca\/recobriments-dupont-chemours\/#breadcrumb"},"inLanguage":"ca-ES","potentialAction":[{"@type":"ReadAction","target":["https:\/\/www.coatresa.com\/ca\/recobriments-dupont-chemours\/"]}]},{"@type":"ImageObject","inLanguage":"ca-ES","@id":"https:\/\/www.coatresa.com\/ca\/recobriments-dupont-chemours\/#primaryimage","url":"https:\/\/www.coatresa.com\/wp-content\/uploads\/2018\/07\/recubrimientos-chemours-dupont.png","contentUrl":"https:\/\/www.coatresa.com\/wp-content\/uploads\/2018\/07\/recubrimientos-chemours-dupont.png","width":274,"height":120,"caption":"recobriments chemours dupont"},{"@type":"BreadcrumbList","@id":"https:\/\/www.coatresa.com\/ca\/recobriments-dupont-chemours\/#breadcrumb","itemListElement":[{"@type":"ListItem","position":1,"name":"Portada","item":"https:\/\/www.coatresa.com\/ca\/"},{"@type":"ListItem","position":2,"name":"Recobriments Chemours Dupont"}]},{"@type":"WebSite","@id":"https:\/\/www.coatresa.com\/ca\/#website","url":"https:\/\/www.coatresa.com\/ca\/","name":"Coatresa","description":"Aplicaci\u00f3n de recubrimientos antiadherentes y anticorrosivos como el Teflon. Expertos del Powder Coating","publisher":{"@id":"https:\/\/www.coatresa.com\/ca\/#organization"},"potentialAction":[{"@type":"SearchAction","target":{"@type":"EntryPoint","urlTemplate":"https:\/\/www.coatresa.com\/ca\/?s={search_term_string}"},"query-input":{"@type":"PropertyValueSpecification","valueRequired":true,"valueName":"search_term_string"}}],"inLanguage":"ca-ES"},{"@type":"Organization","@id":"https:\/\/www.coatresa.com\/ca\/#organization","name":"Coatresa","url":"https:\/\/www.coatresa.com\/ca\/","logo":{"@type":"ImageObject","inLanguage":"ca-ES","@id":"https:\/\/www.coatresa.com\/ca\/#\/schema\/logo\/image\/","url":"https:\/\/www.coatresa.com\/wp-content\/uploads\/2022\/07\/A_blava_mitja_transp.png","contentUrl":"https:\/\/www.coatresa.com\/wp-content\/uploads\/2022\/07\/A_blava_mitja_transp.png","width":340,"height":326,"caption":"Coatresa"},"image":{"@id":"https:\/\/www.coatresa.com\/ca\/#\/schema\/logo\/image\/"},"sameAs":["https:\/\/www.facebook.com\/Coatresa\/","https:\/\/x.com\/Coatresa","https:\/\/www.linkedin.com\/company\/coatresa\/","https:\/\/www.youtube.com\/user\/CoatresaCoatings"]}]}},"_links":{"self":[{"href":"https:\/\/www.coatresa.com\/ca\/wp-json\/wp\/v2\/pages\/9937","targetHints":{"allow":["GET"]}}],"collection":[{"href":"https:\/\/www.coatresa.com\/ca\/wp-json\/wp\/v2\/pages"}],"about":[{"href":"https:\/\/www.coatresa.com\/ca\/wp-json\/wp\/v2\/types\/page"}],"author":[{"embeddable":true,"href":"https:\/\/www.coatresa.com\/ca\/wp-json\/wp\/v2\/users\/1"}],"replies":[{"embeddable":true,"href":"https:\/\/www.coatresa.com\/ca\/wp-json\/wp\/v2\/comments?post=9937"}],"version-history":[{"count":0,"href":"https:\/\/www.coatresa.com\/ca\/wp-json\/wp\/v2\/pages\/9937\/revisions"}],"wp:featuredmedia":[{"embeddable":true,"href":"https:\/\/www.coatresa.com\/ca\/wp-json\/wp\/v2\/media\/9747"}],"wp:attachment":[{"href":"https:\/\/www.coatresa.com\/ca\/wp-json\/wp\/v2\/media?parent=9937"}],"curies":[{"name":"wp","href":"https:\/\/api.w.org\/{rel}","templated":true}]}}