{"id":9949,"date":"2018-07-18T11:47:58","date_gmt":"2018-07-18T09:47:58","guid":{"rendered":"http:\/\/coatresa.com\/recubrimientos-hempel-avantguard\/"},"modified":"2018-09-06T09:54:36","modified_gmt":"2018-09-06T07:54:36","slug":"recobriment-hempel-avantguard","status":"publish","type":"page","link":"https:\/\/www.coatresa.com\/ca\/recobriment-hempel-avantguard\/","title":{"rendered":"Recobriment Avantguard"},"content":{"rendered":"<div id=\"pl-9949\"  class=\"panel-layout\" ><div id=\"pg-9949-0\"  class=\"panel-grid panel-has-style\" ><div style=\"padding: 0px 0; \" data-overlay=\"true\" data-overlay-color=\"#000000\" class=\"panel-row-style panel-row-style-for-9949-0\" ><div id=\"pgc-9949-0-0\"  class=\"panel-grid-cell\" ><div id=\"panel-9949-0-0-0\" class=\"so-panel widget_sow-image panel-first-child panel-last-child\" data-index=\"0\" ><div style=\"text-align: left;\" data-title-color=\"#47425d\" data-headings-color=\"#443f3f\" data-title_alignment=\"center\" class=\"panel-widget-style panel-widget-style-for-9949-0-0-0\" ><div\n\t\t\t\n\t\t\tclass=\"so-widget-sow-image so-widget-sow-image-default-c67d20f9f743-9949\"\n\t\t\t\n\t\t>\n<div class=\"sow-image-container\">\n\t\t<img \n\tsrc=\"https:\/\/www.coatresa.com\/wp-content\/uploads\/2018\/07\/recubrimientos-avantguard.png\" width=\"197\" height=\"197\" srcset=\"https:\/\/www.coatresa.com\/wp-content\/uploads\/2018\/07\/recubrimientos-avantguard.png 197w, https:\/\/www.coatresa.com\/wp-content\/uploads\/2018\/07\/recubrimientos-avantguard-150x150.png 150w\" sizes=\"(max-width: 197px) 100vw, 197px\" title=\"recubrimientos Avantguard\" alt=\"recubrimientos Avantguard\" \t\tclass=\"so-widget-image\"\/>\n\t<\/div>\n\n<\/div><\/div><\/div><\/div><div id=\"pgc-9949-0-1\"  class=\"panel-grid-cell\" ><div id=\"panel-9949-0-1-0\" class=\"so-panel widget_sow-editor panel-first-child panel-last-child\" data-index=\"1\" ><div style=\"text-align: left;\" data-title-color=\"#47425d\" data-headings-color=\"#000000\" data-title_alignment=\"center\" class=\"panel-widget-style panel-widget-style-for-9949-0-1-0\" ><div\n\t\t\t\n\t\t\tclass=\"so-widget-sow-editor so-widget-sow-editor-base\"\n\t\t\t\n\t\t>\n<div class=\"siteorigin-widget-tinymce textwidget\">\n\t<h1 style=\"text-align: left;\">Recobriment Avantguard \u00ae<\/h1>\n<hr align=\"left\" \/>\n<p style=\"text-align: justify;\">Els recobriments\u00a0<b>Avantguard<\/b>\u00ae de Hempel estan basats en zinc activat, millorant-ne la protecci\u00f3 anticorrosiva. La combinaci\u00f3 d'esferes de vidre buit amb el zinc, juntament amb l'activador patentat, ofereix un recobriment protector d'alt rendiment, reduint els efectes de la corrosi\u00f3 amb una major durabilitat, capa\u00e7 de suportar condicions clim\u00e0tiques extremes.<\/p>\n<p>Les propietats anticorrosives del recobriment\u00a0<b>Avantguard<\/b>\u00ae han sigut testades complint diferents assajos com:<\/p>\n<ul>\n<li>assajos c\u00edclics de corrosi\u00f3 (ISO 20340) de Norsok M 501 (revisi\u00f3 6)<\/li>\n<li>assajos en cambra de boira salina (ISO 12944)<\/li>\n<\/ul>\n<\/div>\n<\/div><\/div><\/div><\/div><\/div><\/div><div id=\"pg-9949-1\"  class=\"panel-grid panel-has-style\" ><div class=\"FRANJA-BLAVA-TITOL siteorigin-panels-stretch panel-row-style panel-row-style-for-9949-1\" style=\"padding: 0px 0; \" data-stretch-type=\"full\" data-overlay=\"true\" data-overlay-color=\"#000000\" ><div id=\"pgc-9949-1-0\"  class=\"panel-grid-cell\" ><div id=\"panel-9949-1-0-0\" class=\"so-panel widget_sow-editor panel-first-child panel-last-child\" data-index=\"2\" ><div class=\"blanc panel-widget-style panel-widget-style-for-9949-1-0-0\" style=\"text-align: left;\" data-title-color=\"#47425d\" data-headings-color=\"#443f3f\" data-title_alignment=\"center\" ><div\n\t\t\t\n\t\t\tclass=\"so-widget-sow-editor so-widget-sow-editor-base\"\n\t\t\t\n\t\t>\n<div class=\"siteorigin-widget-tinymce textwidget\">\n\t<h2 style=\"text-align: center;\">Propietats del recobriment Avantguard \u00ae<\/h2>\n<\/div>\n<\/div><\/div><\/div><\/div><\/div><\/div><div id=\"pg-9949-2\"  class=\"panel-grid panel-has-style\" ><div class=\"BGC-GRIS siteorigin-panels-stretch panel-row-style panel-row-style-for-9949-2\" style=\"padding: 50px 0; \" data-stretch-type=\"full\" data-overlay=\"true\" data-overlay-color=\"#000000\" ><div id=\"pgc-9949-2-0\"  class=\"panel-grid-cell\" ><div id=\"panel-9949-2-0-0\" class=\"so-panel widget_sow-editor panel-first-child\" data-index=\"3\" ><div class=\"TEXTOS-DESTACATS panel-widget-style panel-widget-style-for-9949-2-0-0\" style=\"text-align: left;\" data-title-color=\"#47425d\" data-headings-color=\"#443f3f\" data-title_alignment=\"center\" ><div\n\t\t\t\n\t\t\tclass=\"so-widget-sow-editor so-widget-sow-editor-base\"\n\t\t\t\n\t\t>\n<div class=\"siteorigin-widget-tinymce textwidget\">\n\t<p style=\"text-align: center;\">La tecnologia <b>Avantguard<\/b>\u00ae, amb l'\u00fas de zinc activat, proporciona una protecci\u00f3 major davant de la corrosi\u00f3, reduint significativament l\u2019aparici\u00f3 d'esquerdes. Les seves principals propietats s\u00f3n:<\/p>\n<\/div>\n<\/div><\/div><\/div><div id=\"panel-9949-2-0-1\" class=\"so-panel widget_siteorigin-panels-builder panel-last-child\" data-index=\"4\" ><div class=\"MARGE-LLISTA panel-widget-style panel-widget-style-for-9949-2-0-1\" style=\"text-align: left;\" data-title-color=\"#47425d\" data-headings-color=\"#443f3f\" data-title_alignment=\"center\" ><div id=\"pl-w5b7fe1748a12a\"  class=\"panel-layout\" ><div id=\"pg-w5b7fe1748a12a-0\"  class=\"panel-grid panel-has-style\" ><div style=\"padding: 0px 0; \" data-overlay=\"true\" data-overlay-color=\"#000000\" class=\"panel-row-style panel-row-style-for-w5b7fe1748a12a-0\" ><div id=\"pgc-w5b7fe1748a12a-0-0\"  class=\"panel-grid-cell\" ><div id=\"panel-w5b7fe1748a12a-0-0-0\" class=\"so-panel widget_sow-image panel-first-child panel-last-child\" data-index=\"0\" ><div class=\"ICONA-PETITA-2 panel-widget-style panel-widget-style-for-w5b7fe1748a12a-0-0-0\" style=\"text-align: left;\" data-title-color=\"#47425d\" data-headings-color=\"#443f3f\" data-title_alignment=\"center\" ><div\n\t\t\t\n\t\t\tclass=\"so-widget-sow-image so-widget-sow-image-default-4e6925654b7a\"\n\t\t\t\n\t\t>\n<div class=\"sow-image-container\">\n\t\t<img \n\tsrc=\"https:\/\/www.coatresa.com\/wp-content\/uploads\/2018\/07\/anticorrosivo-resistencia.png\" width=\"227\" height=\"227\" srcset=\"https:\/\/www.coatresa.com\/wp-content\/uploads\/2018\/07\/anticorrosivo-resistencia.png 227w, https:\/\/www.coatresa.com\/wp-content\/uploads\/2018\/07\/anticorrosivo-resistencia-150x150.png 150w\" sizes=\"(max-width: 227px) 100vw, 227px\" title=\"anticorrosivo con gran resistencia\" alt=\"anticorrosivo con gran resistencia\" \t\tclass=\"so-widget-image\"\/>\n\t<\/div>\n\n<\/div><\/div><\/div><\/div><div id=\"pgc-w5b7fe1748a12a-0-1\"  class=\"panel-grid-cell panel-grid-cell-empty\" ><\/div><div id=\"pgc-w5b7fe1748a12a-0-2\"  class=\"panel-grid-cell\" ><div id=\"panel-w5b7fe1748a12a-0-2-0\" class=\"so-panel widget_sow-editor panel-first-child panel-last-child\" data-index=\"1\" ><div style=\"text-align: left;\" data-title-color=\"#47425d\" data-headings-color=\"#443f3f\" data-title_alignment=\"center\" class=\"panel-widget-style panel-widget-style-for-w5b7fe1748a12a-0-2-0\" ><div\n\t\t\t\n\t\t\tclass=\"so-widget-sow-editor so-widget-sow-editor-base\"\n\t\t\t\n\t\t>\n<div class=\"siteorigin-widget-tinymce textwidget\">\n\t<p>Disminueix la formaci\u00f3 d'esquerdes gr\u00e0cies al seu disseny per suportar l'expansi\u00f3 i contracci\u00f3 de la superf\u00edcie sobre la qual s'ha aplicat el recobriment, disminuint-ne els efectes de la corrosi\u00f3. Els recobriments Avantguard\u00ae han sigut testats per l'assaig d'esquerdament NAIX i per proves de soldadura.<\/p>\n<\/div>\n<\/div><\/div><\/div><\/div><\/div><\/div><div id=\"pg-w5b7fe1748a12a-1\"  class=\"panel-grid panel-has-style\" ><div style=\"padding: 0px 0; \" data-overlay=\"true\" data-overlay-color=\"#000000\" class=\"panel-row-style panel-row-style-for-w5b7fe1748a12a-1\" ><div id=\"pgc-w5b7fe1748a12a-1-0\"  class=\"panel-grid-cell\" ><div id=\"panel-w5b7fe1748a12a-1-0-0\" class=\"so-panel widget_sow-image panel-first-child panel-last-child\" data-index=\"2\" ><div class=\"ICONA-PETITA-2 panel-widget-style panel-widget-style-for-w5b7fe1748a12a-1-0-0\" style=\"text-align: left;\" data-title-color=\"#47425d\" data-headings-color=\"#443f3f\" data-title_alignment=\"center\" ><div\n\t\t\t\n\t\t\tclass=\"so-widget-sow-image so-widget-sow-image-default-4e6925654b7a\"\n\t\t\t\n\t\t>\n<div class=\"sow-image-container\">\n\t\t<img \n\tsrc=\"https:\/\/www.coatresa.com\/wp-content\/uploads\/2018\/07\/recubrimiento-hidrofobico-oleofobico-B.png\" width=\"227\" height=\"227\" srcset=\"https:\/\/www.coatresa.com\/wp-content\/uploads\/2018\/07\/recubrimiento-hidrofobico-oleofobico-B.png 227w, https:\/\/www.coatresa.com\/wp-content\/uploads\/2018\/07\/recubrimiento-hidrofobico-oleofobico-B-150x150.png 150w\" sizes=\"(max-width: 227px) 100vw, 227px\" title=\"recubrimiento hidrof\u00f3bico y oleof\u00f3bico\" alt=\"recubrimiento hidrof\u00f3bico y oleof\u00f3bico\" \t\tclass=\"so-widget-image\"\/>\n\t<\/div>\n\n<\/div><\/div><\/div><\/div><div id=\"pgc-w5b7fe1748a12a-1-1\"  class=\"panel-grid-cell panel-grid-cell-empty\" ><\/div><div id=\"pgc-w5b7fe1748a12a-1-2\"  class=\"panel-grid-cell\" ><div id=\"panel-w5b7fe1748a12a-1-2-0\" class=\"so-panel widget_sow-editor panel-first-child panel-last-child\" data-index=\"3\" ><div style=\"text-align: left;\" data-title-color=\"#47425d\" data-headings-color=\"#443f3f\" data-title_alignment=\"center\" class=\"panel-widget-style panel-widget-style-for-w5b7fe1748a12a-1-2-0\" ><div\n\t\t\t\n\t\t\tclass=\"so-widget-sow-editor so-widget-sow-editor-base\"\n\t\t\t\n\t\t>\n<div class=\"siteorigin-widget-tinymce textwidget\">\n\t<p>En el proc\u00e9s d\u2019activaci\u00f3 del zinc, es produeixen unes sals que omplen els espais dins del recobriment, millorant-ne la <b>impermeabilitat<\/b>.<\/p>\n<\/div>\n<\/div><\/div><\/div><\/div><\/div><\/div><div id=\"pg-w5b7fe1748a12a-2\"  class=\"panel-grid panel-has-style\" ><div style=\"padding: 0px 0; \" data-overlay=\"true\" data-overlay-color=\"#000000\" class=\"panel-row-style panel-row-style-for-w5b7fe1748a12a-2\" ><div id=\"pgc-w5b7fe1748a12a-2-0\"  class=\"panel-grid-cell\" ><div id=\"panel-w5b7fe1748a12a-2-0-0\" class=\"so-panel widget_sow-image panel-first-child panel-last-child\" data-index=\"4\" ><div class=\"ICONA-PETITA-2 panel-widget-style panel-widget-style-for-w5b7fe1748a12a-2-0-0\" style=\"text-align: left;\" data-title-color=\"#47425d\" data-headings-color=\"#443f3f\" data-title_alignment=\"center\" ><div\n\t\t\t\n\t\t\tclass=\"so-widget-sow-image so-widget-sow-image-default-4e6925654b7a\"\n\t\t\t\n\t\t>\n<div class=\"sow-image-container\">\n\t\t<img \n\tsrc=\"https:\/\/www.coatresa.com\/wp-content\/uploads\/2018\/02\/recubrimiento-resistente-corrosion-B.png\" width=\"227\" height=\"227\" srcset=\"https:\/\/www.coatresa.com\/wp-content\/uploads\/2018\/02\/recubrimiento-resistente-corrosion-B.png 227w, https:\/\/www.coatresa.com\/wp-content\/uploads\/2018\/02\/recubrimiento-resistente-corrosion-B-150x150.png 150w\" sizes=\"(max-width: 227px) 100vw, 227px\" title=\"recubrimiento resistente a la corrosi\u00f3n\" alt=\"recubrimiento resistente a la corrosi\u00f3n\" \t\tclass=\"so-widget-image\"\/>\n\t<\/div>\n\n<\/div><\/div><\/div><\/div><div id=\"pgc-w5b7fe1748a12a-2-1\"  class=\"panel-grid-cell panel-grid-cell-empty\" ><\/div><div id=\"pgc-w5b7fe1748a12a-2-2\"  class=\"panel-grid-cell\" ><div id=\"panel-w5b7fe1748a12a-2-2-0\" class=\"so-panel widget_sow-editor panel-first-child panel-last-child\" data-index=\"5\" ><div style=\"text-align: left;\" data-title-color=\"#47425d\" data-headings-color=\"#443f3f\" data-title_alignment=\"center\" class=\"panel-widget-style panel-widget-style-for-w5b7fe1748a12a-2-2-0\" ><div\n\t\t\t\n\t\t\tclass=\"so-widget-sow-editor so-widget-sow-editor-base\"\n\t\t\t\n\t\t>\n<div class=\"siteorigin-widget-tinymce textwidget\">\n\t<p>El zinc reacciona m\u00e9s r\u00e0pidament que l'acer en pres\u00e8ncia d\u2019oxigen, aigua i sal, amb el que el proc\u00e9s de corrosi\u00f3 es retarda. Les sals de zinc produ\u00efdes en l\u2019activaci\u00f3 augmenta la <b>protecci\u00f3 anticorrosiva<\/b>, ja que cont\u00e9 ions de clorur.<\/p>\n<\/div>\n<\/div><\/div><\/div><\/div><\/div><\/div><\/div><\/div><\/div><\/div><\/div><\/div><\/div>","protected":false},"excerpt":{"rendered":"<p>Recobriment Avantguard \u00ae Els recobriments\u00a0Avantguard\u00ae de Hempel estan basats en zinc activat, millorant-ne la protecci\u00f3 anticorrosiva. La combinaci\u00f3 d&#8217;esferes de vidre buit [&hellip;]<\/p>\n","protected":false},"author":1,"featured_media":9264,"parent":0,"menu_order":0,"comment_status":"closed","ping_status":"closed","template":"page-templates\/page_fullwidth.php","meta":{"footnotes":""},"class_list":["post-9949","page","type-page","status-publish","has-post-thumbnail","hentry"],"yoast_head":"<!-- This site is optimized with the Yoast SEO plugin v27.6 - https:\/\/yoast.com\/product\/yoast-seo-wordpress\/ -->\n<title>Recobriment Avantguard - Coatresa<\/title>\n<meta name=\"description\" content=\"Recobriment Avantguard Hempel : recobriment d&#039;alta protecci\u00f3 anticorrosiva. Compleix amb Norsok M 501 (ISO 20340) i cambra de boira salina (ISO 12944)\" \/>\n<meta name=\"robots\" content=\"index, follow, max-snippet:-1, max-image-preview:large, max-video-preview:-1\" \/>\n<link rel=\"canonical\" href=\"https:\/\/www.coatresa.com\/ca\/recobriment-hempel-avantguard\/\" \/>\n<meta property=\"og:locale\" content=\"ca_ES\" \/>\n<meta property=\"og:type\" content=\"article\" \/>\n<meta property=\"og:title\" content=\"Recobriment Avantguard - Coatresa\" \/>\n<meta property=\"og:description\" content=\"Recobriment Avantguard Hempel : recobriment d&#039;alta protecci\u00f3 anticorrosiva. Compleix amb Norsok M 501 (ISO 20340) i cambra de boira salina (ISO 12944)\" \/>\n<meta property=\"og:url\" content=\"https:\/\/www.coatresa.com\/ca\/recobriment-hempel-avantguard\/\" \/>\n<meta property=\"og:site_name\" content=\"Coatresa\" \/>\n<meta property=\"article:publisher\" content=\"https:\/\/www.facebook.com\/Coatresa\/\" \/>\n<meta property=\"article:modified_time\" content=\"2018-09-06T07:54:36+00:00\" \/>\n<meta property=\"og:image\" content=\"https:\/\/www.coatresa.com\/wp-content\/uploads\/2018\/07\/recubrimientos-avantguard.png\" \/>\n\t<meta property=\"og:image:width\" content=\"197\" \/>\n\t<meta property=\"og:image:height\" content=\"197\" \/>\n\t<meta property=\"og:image:type\" content=\"image\/png\" \/>\n<meta name=\"twitter:card\" content=\"summary_large_image\" \/>\n<meta name=\"twitter:site\" content=\"@Coatresa\" \/>\n<meta name=\"twitter:label1\" content=\"Est. reading time\" \/>\n\t<meta name=\"twitter:data1\" content=\"1 minute\" \/>\n<script type=\"application\/ld+json\" class=\"yoast-schema-graph\">{\"@context\":\"https:\\\/\\\/schema.org\",\"@graph\":[{\"@type\":\"WebPage\",\"@id\":\"https:\\\/\\\/www.coatresa.com\\\/ca\\\/recobriment-hempel-avantguard\\\/\",\"url\":\"https:\\\/\\\/www.coatresa.com\\\/ca\\\/recobriment-hempel-avantguard\\\/\",\"name\":\"Recobriment Avantguard - Coatresa\",\"isPartOf\":{\"@id\":\"https:\\\/\\\/www.coatresa.com\\\/ca\\\/#website\"},\"primaryImageOfPage\":{\"@id\":\"https:\\\/\\\/www.coatresa.com\\\/ca\\\/recobriment-hempel-avantguard\\\/#primaryimage\"},\"image\":{\"@id\":\"https:\\\/\\\/www.coatresa.com\\\/ca\\\/recobriment-hempel-avantguard\\\/#primaryimage\"},\"thumbnailUrl\":\"https:\\\/\\\/www.coatresa.com\\\/wp-content\\\/uploads\\\/2018\\\/07\\\/recubrimientos-avantguard.png\",\"datePublished\":\"2018-07-18T09:47:58+00:00\",\"dateModified\":\"2018-09-06T07:54:36+00:00\",\"description\":\"Recobriment Avantguard Hempel : recobriment d'alta protecci\u00f3 anticorrosiva. Compleix amb Norsok M 501 (ISO 20340) i cambra de boira salina (ISO 12944)\",\"breadcrumb\":{\"@id\":\"https:\\\/\\\/www.coatresa.com\\\/ca\\\/recobriment-hempel-avantguard\\\/#breadcrumb\"},\"inLanguage\":\"ca-ES\",\"potentialAction\":[{\"@type\":\"ReadAction\",\"target\":[\"https:\\\/\\\/www.coatresa.com\\\/ca\\\/recobriment-hempel-avantguard\\\/\"]}]},{\"@type\":\"ImageObject\",\"inLanguage\":\"ca-ES\",\"@id\":\"https:\\\/\\\/www.coatresa.com\\\/ca\\\/recobriment-hempel-avantguard\\\/#primaryimage\",\"url\":\"https:\\\/\\\/www.coatresa.com\\\/wp-content\\\/uploads\\\/2018\\\/07\\\/recubrimientos-avantguard.png\",\"contentUrl\":\"https:\\\/\\\/www.coatresa.com\\\/wp-content\\\/uploads\\\/2018\\\/07\\\/recubrimientos-avantguard.png\",\"width\":197,\"height\":197,\"caption\":\"recobriments Avantguard de Hempel\"},{\"@type\":\"BreadcrumbList\",\"@id\":\"https:\\\/\\\/www.coatresa.com\\\/ca\\\/recobriment-hempel-avantguard\\\/#breadcrumb\",\"itemListElement\":[{\"@type\":\"ListItem\",\"position\":1,\"name\":\"Portada\",\"item\":\"https:\\\/\\\/www.coatresa.com\\\/ca\\\/\"},{\"@type\":\"ListItem\",\"position\":2,\"name\":\"Recobriment Avantguard\"}]},{\"@type\":\"WebSite\",\"@id\":\"https:\\\/\\\/www.coatresa.com\\\/ca\\\/#website\",\"url\":\"https:\\\/\\\/www.coatresa.com\\\/ca\\\/\",\"name\":\"Coatresa\",\"description\":\"Aplicaci\u00f3n de recubrimientos antiadherentes y anticorrosivos como el Teflon. Expertos del Powder Coating\",\"publisher\":{\"@id\":\"https:\\\/\\\/www.coatresa.com\\\/ca\\\/#organization\"},\"potentialAction\":[{\"@type\":\"SearchAction\",\"target\":{\"@type\":\"EntryPoint\",\"urlTemplate\":\"https:\\\/\\\/www.coatresa.com\\\/ca\\\/?s={search_term_string}\"},\"query-input\":{\"@type\":\"PropertyValueSpecification\",\"valueRequired\":true,\"valueName\":\"search_term_string\"}}],\"inLanguage\":\"ca-ES\"},{\"@type\":\"Organization\",\"@id\":\"https:\\\/\\\/www.coatresa.com\\\/ca\\\/#organization\",\"name\":\"Coatresa\",\"url\":\"https:\\\/\\\/www.coatresa.com\\\/ca\\\/\",\"logo\":{\"@type\":\"ImageObject\",\"inLanguage\":\"ca-ES\",\"@id\":\"https:\\\/\\\/www.coatresa.com\\\/ca\\\/#\\\/schema\\\/logo\\\/image\\\/\",\"url\":\"https:\\\/\\\/www.coatresa.com\\\/wp-content\\\/uploads\\\/2022\\\/07\\\/A_blava_mitja_transp.png\",\"contentUrl\":\"https:\\\/\\\/www.coatresa.com\\\/wp-content\\\/uploads\\\/2022\\\/07\\\/A_blava_mitja_transp.png\",\"width\":340,\"height\":326,\"caption\":\"Coatresa\"},\"image\":{\"@id\":\"https:\\\/\\\/www.coatresa.com\\\/ca\\\/#\\\/schema\\\/logo\\\/image\\\/\"},\"sameAs\":[\"https:\\\/\\\/www.facebook.com\\\/Coatresa\\\/\",\"https:\\\/\\\/x.com\\\/Coatresa\",\"https:\\\/\\\/www.linkedin.com\\\/company\\\/coatresa\\\/\",\"https:\\\/\\\/www.youtube.com\\\/user\\\/CoatresaCoatings\"]}]}<\/script>\n<!-- \/ Yoast SEO plugin. -->","yoast_head_json":{"title":"Recobriment Avantguard - Coatresa","description":"Recobriment Avantguard Hempel : recobriment d'alta protecci\u00f3 anticorrosiva. Compleix amb Norsok M 501 (ISO 20340) i cambra de boira salina (ISO 12944)","robots":{"index":"index","follow":"follow","max-snippet":"max-snippet:-1","max-image-preview":"max-image-preview:large","max-video-preview":"max-video-preview:-1"},"canonical":"https:\/\/www.coatresa.com\/ca\/recobriment-hempel-avantguard\/","og_locale":"ca_ES","og_type":"article","og_title":"Recobriment Avantguard - Coatresa","og_description":"Recobriment Avantguard Hempel : recobriment d'alta protecci\u00f3 anticorrosiva. Compleix amb Norsok M 501 (ISO 20340) i cambra de boira salina (ISO 12944)","og_url":"https:\/\/www.coatresa.com\/ca\/recobriment-hempel-avantguard\/","og_site_name":"Coatresa","article_publisher":"https:\/\/www.facebook.com\/Coatresa\/","article_modified_time":"2018-09-06T07:54:36+00:00","og_image":[{"width":197,"height":197,"url":"https:\/\/www.coatresa.com\/wp-content\/uploads\/2018\/07\/recubrimientos-avantguard.png","type":"image\/png"}],"twitter_card":"summary_large_image","twitter_site":"@Coatresa","twitter_misc":{"Est. reading time":"1 minute"},"schema":{"@context":"https:\/\/schema.org","@graph":[{"@type":"WebPage","@id":"https:\/\/www.coatresa.com\/ca\/recobriment-hempel-avantguard\/","url":"https:\/\/www.coatresa.com\/ca\/recobriment-hempel-avantguard\/","name":"Recobriment Avantguard - Coatresa","isPartOf":{"@id":"https:\/\/www.coatresa.com\/ca\/#website"},"primaryImageOfPage":{"@id":"https:\/\/www.coatresa.com\/ca\/recobriment-hempel-avantguard\/#primaryimage"},"image":{"@id":"https:\/\/www.coatresa.com\/ca\/recobriment-hempel-avantguard\/#primaryimage"},"thumbnailUrl":"https:\/\/www.coatresa.com\/wp-content\/uploads\/2018\/07\/recubrimientos-avantguard.png","datePublished":"2018-07-18T09:47:58+00:00","dateModified":"2018-09-06T07:54:36+00:00","description":"Recobriment Avantguard Hempel : recobriment d'alta protecci\u00f3 anticorrosiva. Compleix amb Norsok M 501 (ISO 20340) i cambra de boira salina (ISO 12944)","breadcrumb":{"@id":"https:\/\/www.coatresa.com\/ca\/recobriment-hempel-avantguard\/#breadcrumb"},"inLanguage":"ca-ES","potentialAction":[{"@type":"ReadAction","target":["https:\/\/www.coatresa.com\/ca\/recobriment-hempel-avantguard\/"]}]},{"@type":"ImageObject","inLanguage":"ca-ES","@id":"https:\/\/www.coatresa.com\/ca\/recobriment-hempel-avantguard\/#primaryimage","url":"https:\/\/www.coatresa.com\/wp-content\/uploads\/2018\/07\/recubrimientos-avantguard.png","contentUrl":"https:\/\/www.coatresa.com\/wp-content\/uploads\/2018\/07\/recubrimientos-avantguard.png","width":197,"height":197,"caption":"recobriments Avantguard de Hempel"},{"@type":"BreadcrumbList","@id":"https:\/\/www.coatresa.com\/ca\/recobriment-hempel-avantguard\/#breadcrumb","itemListElement":[{"@type":"ListItem","position":1,"name":"Portada","item":"https:\/\/www.coatresa.com\/ca\/"},{"@type":"ListItem","position":2,"name":"Recobriment Avantguard"}]},{"@type":"WebSite","@id":"https:\/\/www.coatresa.com\/ca\/#website","url":"https:\/\/www.coatresa.com\/ca\/","name":"Coatresa","description":"Aplicaci\u00f3n de recubrimientos antiadherentes y anticorrosivos como el Teflon. Expertos del Powder Coating","publisher":{"@id":"https:\/\/www.coatresa.com\/ca\/#organization"},"potentialAction":[{"@type":"SearchAction","target":{"@type":"EntryPoint","urlTemplate":"https:\/\/www.coatresa.com\/ca\/?s={search_term_string}"},"query-input":{"@type":"PropertyValueSpecification","valueRequired":true,"valueName":"search_term_string"}}],"inLanguage":"ca-ES"},{"@type":"Organization","@id":"https:\/\/www.coatresa.com\/ca\/#organization","name":"Coatresa","url":"https:\/\/www.coatresa.com\/ca\/","logo":{"@type":"ImageObject","inLanguage":"ca-ES","@id":"https:\/\/www.coatresa.com\/ca\/#\/schema\/logo\/image\/","url":"https:\/\/www.coatresa.com\/wp-content\/uploads\/2022\/07\/A_blava_mitja_transp.png","contentUrl":"https:\/\/www.coatresa.com\/wp-content\/uploads\/2022\/07\/A_blava_mitja_transp.png","width":340,"height":326,"caption":"Coatresa"},"image":{"@id":"https:\/\/www.coatresa.com\/ca\/#\/schema\/logo\/image\/"},"sameAs":["https:\/\/www.facebook.com\/Coatresa\/","https:\/\/x.com\/Coatresa","https:\/\/www.linkedin.com\/company\/coatresa\/","https:\/\/www.youtube.com\/user\/CoatresaCoatings"]}]}},"_links":{"self":[{"href":"https:\/\/www.coatresa.com\/ca\/wp-json\/wp\/v2\/pages\/9949","targetHints":{"allow":["GET"]}}],"collection":[{"href":"https:\/\/www.coatresa.com\/ca\/wp-json\/wp\/v2\/pages"}],"about":[{"href":"https:\/\/www.coatresa.com\/ca\/wp-json\/wp\/v2\/types\/page"}],"author":[{"embeddable":true,"href":"https:\/\/www.coatresa.com\/ca\/wp-json\/wp\/v2\/users\/1"}],"replies":[{"embeddable":true,"href":"https:\/\/www.coatresa.com\/ca\/wp-json\/wp\/v2\/comments?post=9949"}],"version-history":[{"count":0,"href":"https:\/\/www.coatresa.com\/ca\/wp-json\/wp\/v2\/pages\/9949\/revisions"}],"wp:featuredmedia":[{"embeddable":true,"href":"https:\/\/www.coatresa.com\/ca\/wp-json\/wp\/v2\/media\/9264"}],"wp:attachment":[{"href":"https:\/\/www.coatresa.com\/ca\/wp-json\/wp\/v2\/media?parent=9949"}],"curies":[{"name":"wp","href":"https:\/\/api.w.org\/{rel}","templated":true}]}}