{"id":10464,"date":"2017-09-22T08:52:57","date_gmt":"2017-09-22T08:52:57","guid":{"rendered":"http:\/\/coatresa.com\/grupo-coatresa-soluciones-en-recubrimientos\/"},"modified":"2021-10-01T09:40:50","modified_gmt":"2021-10-01T07:40:50","slug":"coatresa-gruppe-technische-beschichtungsloesungen","status":"publish","type":"page","link":"https:\/\/www.coatresa.com\/de\/coatresa-gruppe-technische-beschichtungsloesungen\/","title":{"rendered":"Coatresa-Gruppe\u00a0: Technische Beschichtungsl\u00f6sungen"},"content":{"rendered":"<div id=\"pl-10464\"  class=\"panel-layout\" ><div id=\"pg-10464-0\"  class=\"panel-grid panel-has-style\" ><div style=\"padding: 0px 0; \" data-overlay=\"true\" data-overlay-color=\"#000000\" class=\"panel-row-style panel-row-style-for-10464-0\" ><div id=\"pgc-10464-0-0\"  class=\"panel-grid-cell\" ><div id=\"panel-10464-0-0-0\" class=\"so-panel widget_sow-editor panel-first-child\" data-index=\"0\" ><div style=\"text-align: left;\" data-title-color=\"#47425d\" data-headings-color=\"#000000\" data-title_alignment=\"center\" class=\"panel-widget-style panel-widget-style-for-10464-0-0-0\" ><div\n\t\t\t\n\t\t\tclass=\"so-widget-sow-editor so-widget-sow-editor-base\"\n\t\t\t\n\t\t>\n<div class=\"siteorigin-widget-tinymce textwidget\">\n\t<h1 style=\"text-align: center;\">Beschichtungsl\u00f6sungen<\/h1>\n<hr \/>\n<p style=\"text-align: center;\">Die Coatresa-Gruppe entstand mit der Vision, dem wachsenden weltweiten Industriemarkt einen umfassenden Service im Bereich der technischen Beschichtungen anzubieten.<br \/>\nDer Konzern umfasst mehrere Unternehmen mit einer langj\u00e4hrigen Erfahrung im Bereich der Beschichtung und Oberfl\u00e4chenbehandlung. Wir sind Experten f\u00fcr die Applikation technischer Beschichtungen mit Produkten auf PTFE-Basis, wie <b>Teflon<\/b>\u00ae,\u00a0<b>Xylan<\/b>\u00ae,\u00a0<b>Halar<\/b>\u00ae oder\u00a0<b>Rilsan<\/b>\u00ae, und anderer Antihaftmittel, wie Kautschuk, Silikon, EPDM, Gummi und Polyurethan, um so der Industrie einzigartige Beschichtungsl\u00f6sungen zur Verf\u00fcgung zu stellen.<\/p>\n<\/div>\n<\/div><\/div><\/div><div id=\"panel-10464-0-0-1\" class=\"so-panel widget_sow-image\" data-index=\"1\" ><div class=\"ICONA-PRINCIPAL panel-widget-style panel-widget-style-for-10464-0-0-1\" style=\"text-align: left;\" data-title-color=\"#47425d\" data-headings-color=\"#443f3f\" data-title_alignment=\"center\" ><div\n\t\t\t\n\t\t\tclass=\"so-widget-sow-image so-widget-sow-image-default-c67d20f9f743-10464\"\n\t\t\t\n\t\t>\n<div class=\"sow-image-container\">\n\t\t<img \n\tsrc=\"https:\/\/www.coatresa.com\/wp-content\/uploads\/2020\/02\/coatings-coatresa-group.png\" width=\"582\" height=\"164\" srcset=\"https:\/\/www.coatresa.com\/wp-content\/uploads\/2020\/02\/coatings-coatresa-group.png 582w, https:\/\/www.coatresa.com\/wp-content\/uploads\/2020\/02\/coatings-coatresa-group-300x85.png 300w, https:\/\/www.coatresa.com\/wp-content\/uploads\/2020\/02\/coatings-coatresa-group-230x65.png 230w, https:\/\/www.coatresa.com\/wp-content\/uploads\/2020\/02\/coatings-coatresa-group-350x99.png 350w, https:\/\/www.coatresa.com\/wp-content\/uploads\/2020\/02\/coatings-coatresa-group-480x135.png 480w\" sizes=\"(max-width: 582px) 100vw, 582px\" title=\"Beschichtungen Coatresa Group\" alt=\"Beschichtungen Coatresa Group\" \t\tclass=\"so-widget-image\"\/>\n\t<\/div>\n\n<\/div><\/div><\/div><div id=\"panel-10464-0-0-2\" class=\"so-panel widget_sow-editor panel-last-child\" data-index=\"2\" ><div class=\"TEXTOS-DESTACATS panel-widget-style panel-widget-style-for-10464-0-0-2\" style=\"text-align: left;\" data-title-color=\"#47425d\" data-headings-color=\"#443f3f\" data-title_alignment=\"center\" ><div\n\t\t\t\n\t\t\tclass=\"so-widget-sow-editor so-widget-sow-editor-base\"\n\t\t\t\n\t\t>\n<div class=\"siteorigin-widget-tinymce textwidget\">\n\t<p style=\"text-align: center;\">Unternehmen der Coatresa-Gruppe:<\/p>\n<\/div>\n<\/div><\/div><\/div><\/div><\/div><\/div><div id=\"pg-10464-1\"  class=\"panel-grid panel-has-style\" ><div style=\"padding: 0px 0; \" data-overlay=\"true\" data-overlay-color=\"#000000\" class=\"panel-row-style panel-row-style-for-10464-1\" ><div id=\"pgc-10464-1-0\"  class=\"panel-grid-cell\" ><div class=\"BGC-GRIS PADDING-GRAN-CELDES AUGMENTAR-ICONA panel-cell-style panel-cell-style-for-10464-1-0\" ><div id=\"panel-10464-1-0-0\" class=\"widget_text so-panel widget_custom_html panel-first-child\" data-index=\"3\" ><div style=\"text-align: center;\" data-title-color=\"#47425d\" data-headings-color=\"#443f3f\" data-title_alignment=\"center\" class=\"widget_text panel-widget-style panel-widget-style-for-10464-1-0-0\" ><div class=\"textwidget custom-html-widget\"><a href=\"\/de\/coatresa\/\" class=\"ICONES-SEUS-GRUP\"><img decoding=\"async\" src=\"\/wp-content\/uploads\/2020\/02\/recubrimientos-coatresa.png\"><\/a><\/div><\/div><\/div><div id=\"panel-10464-1-0-1\" class=\"so-panel widget_sow-editor panel-last-child\" data-index=\"4\" ><div class=\"ALTURA-MINIMA-1 panel-widget-style panel-widget-style-for-10464-1-0-1\" style=\"text-align: left;\" data-title-color=\"#47425d\" data-headings-color=\"#443f3f\" data-title_alignment=\"center\" ><div\n\t\t\t\n\t\t\tclass=\"so-widget-sow-editor so-widget-sow-editor-base\"\n\t\t\t\n\t\t>\n<div class=\"siteorigin-widget-tinymce textwidget\">\n\t<h2 style=\"text-align: center;\">BARCELONA - SPANIEN<\/h2>\n<p style=\"text-align: center;\">Beschichtungen f\u00fcr die\u00a0<b>Industrielle Brotherstellung,\u00a0F&E-Labor<\/b><\/p><\/div>\n<\/div><\/div><\/div><\/div><\/div><div id=\"pgc-10464-1-1\"  class=\"panel-grid-cell\" ><div class=\"BGC-GRIS PADDING-GRAN-CELDES AUGMENTAR-ICONA panel-cell-style panel-cell-style-for-10464-1-1\" ><div id=\"panel-10464-1-1-0\" class=\"widget_text so-panel widget_custom_html panel-first-child\" data-index=\"5\" ><div style=\"text-align: center;\" data-title-color=\"#47425d\" data-headings-color=\"#443f3f\" data-title_alignment=\"center\" class=\"widget_text panel-widget-style panel-widget-style-for-10464-1-1-0\" ><div class=\"textwidget custom-html-widget\"><a href=\"\/de\/retansa\/\" class=\"ICONES-SEUS-GRUP\"><img decoding=\"async\" src=\"\/wp-content\/uploads\/2020\/02\/recubrimientos-retansa.png\"><\/a><\/div><\/div><\/div><div id=\"panel-10464-1-1-1\" class=\"so-panel widget_sow-editor panel-last-child\" data-index=\"6\" ><div class=\"ALTURA-MINIMA-1 panel-widget-style panel-widget-style-for-10464-1-1-1\" style=\"text-align: left;\" data-title-color=\"#47425d\" data-headings-color=\"#443f3f\" data-title_alignment=\"center\" ><div\n\t\t\t\n\t\t\tclass=\"so-widget-sow-editor so-widget-sow-editor-base\"\n\t\t\t\n\t\t>\n<div class=\"siteorigin-widget-tinymce textwidget\">\n\t<h2 style=\"text-align: center;\">VITORIA - SPANIEN<\/h2>\n<p style=\"text-align: center;\">Beschichtungen f\u00fcr die Bereiche Haushaltsutensilien, Automobilindustrie und Elektrokleinger\u00e4te<\/p><\/div>\n<\/div><\/div><\/div><\/div><\/div><\/div><\/div><div id=\"pg-10464-2\"  class=\"panel-grid panel-has-style\" ><div style=\"padding: 0px 0; \" data-overlay=\"true\" data-overlay-color=\"#000000\" class=\"panel-row-style panel-row-style-for-10464-2\" ><div id=\"pgc-10464-2-0\"  class=\"panel-grid-cell\" ><div class=\"BGC-GRIS PADDING-GRAN-CELDES  AUGMENTAR-ICONA panel-cell-style panel-cell-style-for-10464-2-0\" ><div id=\"panel-10464-2-0-0\" class=\"widget_text so-panel widget_custom_html panel-first-child\" data-index=\"7\" ><div style=\"text-align: center;\" data-title-color=\"#47425d\" data-headings-color=\"#443f3f\" data-title_alignment=\"center\" class=\"widget_text panel-widget-style panel-widget-style-for-10464-2-0-0\" ><div class=\"textwidget custom-html-widget\"><a href=\"\/de\/atresa-beschichtungen-industrie\/\" class=\"ICONES-SEUS-GRUP\"><img decoding=\"async\" src=\"\/wp-content\/uploads\/2020\/02\/recubrimientos-atresa.png\"><\/a><\/div><\/div><\/div><div id=\"panel-10464-2-0-1\" class=\"so-panel widget_sow-editor panel-last-child\" data-index=\"8\" ><div class=\"ALTURA-MINIMA-1 panel-widget-style panel-widget-style-for-10464-2-0-1\" style=\"text-align: left;\" data-title-color=\"#47425d\" data-headings-color=\"#443f3f\" data-title_alignment=\"center\" ><div\n\t\t\t\n\t\t\tclass=\"so-widget-sow-editor so-widget-sow-editor-base\"\n\t\t\t\n\t\t>\n<div class=\"siteorigin-widget-tinymce textwidget\">\n\t<h2 style=\"text-align: center;\">BARCELONA - SPANIEN<\/h2>\n<p style=\"text-align: center;\">Beschichtungen f\u00fcr die\u00a0Industrie<\/p><\/div>\n<\/div><\/div><\/div><\/div><\/div><div id=\"pgc-10464-2-1\"  class=\"panel-grid-cell\" ><div class=\"BGC-GRIS PADDING-GRAN-CELDES  AUGMENTAR-ICONA panel-cell-style panel-cell-style-for-10464-2-1\" ><div id=\"panel-10464-2-1-0\" class=\"widget_text so-panel widget_custom_html panel-first-child\" data-index=\"9\" ><div style=\"text-align: center;\" data-title-color=\"#47425d\" data-headings-color=\"#443f3f\" data-title_alignment=\"center\" class=\"widget_text panel-widget-style panel-widget-style-for-10464-2-1-0\" ><div class=\"textwidget custom-html-widget\"><a href=\"\/de\/praimer-beschichtungen-brasilien\/\" class=\"ICONES-SEUS-GRUP\"><img decoding=\"async\" src=\"\/wp-content\/uploads\/2019\/03\/revestimentos-brasil-praimer-3.png\"><\/a><\/div><\/div><\/div><div id=\"panel-10464-2-1-1\" class=\"so-panel widget_sow-editor panel-last-child\" data-index=\"10\" ><div class=\"ALTURA-MINIMA-1 panel-widget-style panel-widget-style-for-10464-2-1-1\" style=\"text-align: left;\" data-title-color=\"#47425d\" data-headings-color=\"#443f3f\" data-title_alignment=\"center\" ><div\n\t\t\t\n\t\t\tclass=\"so-widget-sow-editor so-widget-sow-editor-base\"\n\t\t\t\n\t\t>\n<div class=\"siteorigin-widget-tinymce textwidget\">\n\t<h2 style=\"text-align: center;\">PONTA GROSSA - BRASILIEN<\/h2>\n<p style=\"text-align: center;\">Beschichtungen f\u00fcr die <b>Industrie<\/b> und die <b>Brotherstellung<\/b><\/p><\/div>\n<\/div><\/div><\/div><\/div><\/div><\/div><\/div><div id=\"pg-10464-3\"  class=\"panel-grid panel-has-style\" ><div style=\"padding: 0px 0; \" data-overlay=\"true\" data-overlay-color=\"#000000\" class=\"panel-row-style panel-row-style-for-10464-3\" ><div id=\"pgc-10464-3-0\"  class=\"panel-grid-cell\" ><div class=\"BGC-GRIS PADDING-GRAN-CELDES AUGMENTAR-ICONA panel-cell-style panel-cell-style-for-10464-3-0\" ><div id=\"panel-10464-3-0-0\" class=\"so-panel widget_sow-editor panel-first-child\" data-index=\"11\" ><div class=\"TEXTOS-DESTACATS-NO-NEGRETA panel-widget-style panel-widget-style-for-10464-3-0-0\" style=\"text-align: left;\" data-title-color=\"#47425d\" data-headings-color=\"#443f3f\" data-title_alignment=\"center\" ><div\n\t\t\t\n\t\t\tclass=\"so-widget-sow-editor so-widget-sow-editor-base\"\n\t\t\t\n\t\t>\n<div class=\"siteorigin-widget-tinymce textwidget\">\n\t<p style=\"text-align: center;\">F\u00fcr weitere Ausk\u00fcnfte<br \/>\nstehen wir gern zur Verf\u00fcgung<\/p>\n<\/div>\n<\/div><\/div><\/div><div id=\"panel-10464-3-0-1\" class=\"widget_text so-panel widget_custom_html panel-last-child\" data-index=\"12\" ><div style=\"text-align: center;\" data-title-color=\"#47425d\" data-headings-color=\"#443f3f\" data-title_alignment=\"center\" class=\"widget_text panel-widget-style panel-widget-style-for-10464-3-0-1\" ><div class=\"textwidget custom-html-widget\"><a href=\"\/de\/kontakt\/\" class=\"roll-button blau\">KONTAKTIEREN<\/a><\/div><\/div><\/div><\/div><\/div><\/div><\/div><div id=\"pg-10464-4\"  class=\"panel-grid panel-has-style\" ><div class=\"siteorigin-panels-stretch panel-row-style panel-row-style-for-10464-4\" style=\"background-image: url(https:\/\/www.coatresa.com\/wp-content\/uploads\/2017\/09\/coatresa-soluciones-en-recubrimientos.jpg);padding: 0px 0; \" data-stretch-type=\"full\" data-hasbg=\"hasbg\" data-overlay=\"true\" data-overlay-color=\"#000000\" ><div id=\"pgc-10464-4-0\"  class=\"panel-grid-cell\" ><div id=\"panel-10464-4-0-0\" class=\"so-panel widget_sow-editor panel-first-child panel-last-child\" data-index=\"13\" ><div class=\"blanc panel-widget-style panel-widget-style-for-10464-4-0-0\" style=\"text-align: left;\" data-title-color=\"#47425d\" data-headings-color=\"#443f3f\" data-title_alignment=\"center\" ><div\n\t\t\t\n\t\t\tclass=\"so-widget-sow-editor so-widget-sow-editor-base\"\n\t\t\t\n\t\t>\n<div class=\"siteorigin-widget-tinymce textwidget\">\n\t<h2 style=\"text-align: center;\">Neuartige Beschichtungsl\u00f6sungen<\/h2>\n<p>&nbsp;<\/p>\n<p style=\"text-align: center;\">Mit unserer Strategie f\u00fcr Investitionen in F&E und durch den st\u00e4ndigen Kontakt mit der Industrie bringen wir innovative Beschichtungsl\u00f6sungen auf den Markt. Dank dieser kontinuierlichen Bem\u00fchungen hat Coatresa eine Spitzenposition im Bereich der technischen Beschichtungen erreicht.<\/p>\n<p style=\"text-align: center;\">Wir sind in der Gegenwart der f\u00fchrende Anbieter von technischen Beschichtungen und verf\u00fcgen \u00fcber ein hohes Ansehen auf dem Weltmarkt. Konstante Innovation und die Bereitstellung neuer L\u00f6sungen bilden die Grundlagen f\u00fcr unsere Zukunft. Unser Hauptziel ist es, die Bed\u00fcrfnisse unserer Kunden vorausschauend zu erkennen.<\/p>\n<p style=\"text-align: center;\">Die Aufgabe der Coatresa-Gruppe besteht darin, das Leistungsangebot sowohl in Bezug auf die Qualit\u00e4t als auch hinsichtlich der Lieferfristen st\u00e4ndig zu verbessern und so kontinuierlich zu wachsen.<\/p>\n<\/div>\n<\/div><\/div><\/div><\/div><\/div><\/div><\/div>","protected":false},"excerpt":{"rendered":"<p>Beschichtungsl\u00f6sungen Die Coatresa-Gruppe entstand mit der Vision, dem wachsenden weltweiten Industriemarkt einen umfassenden Service im Bereich der technischen Beschichtungen anzubieten. Der Konzern [&hellip;]<\/p>\n","protected":false},"author":1,"featured_media":18733,"parent":0,"menu_order":0,"comment_status":"closed","ping_status":"closed","template":"page-templates\/page_fullwidth.php","meta":{"footnotes":""},"class_list":["post-10464","page","type-page","status-publish","has-post-thumbnail","hentry"],"yoast_head":"<!-- This site is optimized with the Yoast SEO plugin v27.6 - https:\/\/yoast.com\/product\/yoast-seo-wordpress\/ -->\n<title>Coatresa-Gruppe\u00a0: Technische Beschichtungsl\u00f6sungen - Coatresa<\/title>\n<meta name=\"description\" content=\"Coatresa-Gruppe\u00a0: technische Antihaft- und Antikorrosionsbeschichtungen f\u00fcr verschiedenste Industriezweige. Herstellung von Formen f\u00fcr die Brotherstellung\" \/>\n<meta name=\"robots\" content=\"index, follow, max-snippet:-1, max-image-preview:large, max-video-preview:-1\" \/>\n<link rel=\"canonical\" href=\"https:\/\/www.coatresa.com\/de\/coatresa-gruppe-technische-beschichtungsloesungen\/\" \/>\n<meta property=\"og:locale\" content=\"de_DE\" \/>\n<meta property=\"og:type\" content=\"article\" \/>\n<meta property=\"og:title\" content=\"Coatresa-Gruppe\u00a0: Technische Beschichtungsl\u00f6sungen - Coatresa\" \/>\n<meta property=\"og:description\" content=\"Coatresa-Gruppe\u00a0: technische Antihaft- und Antikorrosionsbeschichtungen f\u00fcr verschiedenste Industriezweige. Herstellung von Formen f\u00fcr die Brotherstellung\" \/>\n<meta property=\"og:url\" content=\"https:\/\/www.coatresa.com\/de\/coatresa-gruppe-technische-beschichtungsloesungen\/\" \/>\n<meta property=\"og:site_name\" content=\"Coatresa\" \/>\n<meta property=\"article:publisher\" content=\"https:\/\/www.facebook.com\/Coatresa\/\" \/>\n<meta property=\"article:modified_time\" content=\"2021-10-01T07:40:50+00:00\" \/>\n<meta property=\"og:image\" content=\"https:\/\/www.coatresa.com\/wp-content\/uploads\/2020\/02\/coatings-coatresa-group.png\" \/>\n\t<meta property=\"og:image:width\" content=\"582\" \/>\n\t<meta property=\"og:image:height\" content=\"164\" \/>\n\t<meta property=\"og:image:type\" content=\"image\/png\" \/>\n<meta name=\"twitter:card\" content=\"summary_large_image\" \/>\n<meta name=\"twitter:site\" content=\"@Coatresa\" \/>\n<meta name=\"twitter:label1\" content=\"Gesch\u00e4tzte Lesezeit\" \/>\n\t<meta name=\"twitter:data1\" content=\"2\u00a0Minuten\" \/>\n<script type=\"application\/ld+json\" class=\"yoast-schema-graph\">{\"@context\":\"https:\\\/\\\/schema.org\",\"@graph\":[{\"@type\":\"WebPage\",\"@id\":\"https:\\\/\\\/www.coatresa.com\\\/de\\\/coatresa-gruppe-technische-beschichtungsloesungen\\\/\",\"url\":\"https:\\\/\\\/www.coatresa.com\\\/de\\\/coatresa-gruppe-technische-beschichtungsloesungen\\\/\",\"name\":\"Coatresa-Gruppe\u00a0: Technische Beschichtungsl\u00f6sungen - Coatresa\",\"isPartOf\":{\"@id\":\"https:\\\/\\\/www.coatresa.com\\\/de\\\/#website\"},\"primaryImageOfPage\":{\"@id\":\"https:\\\/\\\/www.coatresa.com\\\/de\\\/coatresa-gruppe-technische-beschichtungsloesungen\\\/#primaryimage\"},\"image\":{\"@id\":\"https:\\\/\\\/www.coatresa.com\\\/de\\\/coatresa-gruppe-technische-beschichtungsloesungen\\\/#primaryimage\"},\"thumbnailUrl\":\"https:\\\/\\\/www.coatresa.com\\\/wp-content\\\/uploads\\\/2020\\\/02\\\/coatings-coatresa-group.png\",\"datePublished\":\"2017-09-22T08:52:57+00:00\",\"dateModified\":\"2021-10-01T07:40:50+00:00\",\"description\":\"Coatresa-Gruppe\u00a0: technische Antihaft- und Antikorrosionsbeschichtungen f\u00fcr verschiedenste Industriezweige. Herstellung von Formen f\u00fcr die Brotherstellung\",\"breadcrumb\":{\"@id\":\"https:\\\/\\\/www.coatresa.com\\\/de\\\/coatresa-gruppe-technische-beschichtungsloesungen\\\/#breadcrumb\"},\"inLanguage\":\"de\",\"potentialAction\":[{\"@type\":\"ReadAction\",\"target\":[\"https:\\\/\\\/www.coatresa.com\\\/de\\\/coatresa-gruppe-technische-beschichtungsloesungen\\\/\"]}]},{\"@type\":\"ImageObject\",\"inLanguage\":\"de\",\"@id\":\"https:\\\/\\\/www.coatresa.com\\\/de\\\/coatresa-gruppe-technische-beschichtungsloesungen\\\/#primaryimage\",\"url\":\"https:\\\/\\\/www.coatresa.com\\\/wp-content\\\/uploads\\\/2020\\\/02\\\/coatings-coatresa-group.png\",\"contentUrl\":\"https:\\\/\\\/www.coatresa.com\\\/wp-content\\\/uploads\\\/2020\\\/02\\\/coatings-coatresa-group.png\",\"width\":582,\"height\":164,\"caption\":\"Beschichtungen Coatresa Group\"},{\"@type\":\"BreadcrumbList\",\"@id\":\"https:\\\/\\\/www.coatresa.com\\\/de\\\/coatresa-gruppe-technische-beschichtungsloesungen\\\/#breadcrumb\",\"itemListElement\":[{\"@type\":\"ListItem\",\"position\":1,\"name\":\"Portada\",\"item\":\"https:\\\/\\\/www.coatresa.com\\\/de\\\/\"},{\"@type\":\"ListItem\",\"position\":2,\"name\":\"Coatresa-Gruppe\u00a0: Technische Beschichtungsl\u00f6sungen\"}]},{\"@type\":\"WebSite\",\"@id\":\"https:\\\/\\\/www.coatresa.com\\\/de\\\/#website\",\"url\":\"https:\\\/\\\/www.coatresa.com\\\/de\\\/\",\"name\":\"Coatresa\",\"description\":\"Aplicaci\u00f3n de recubrimientos antiadherentes y anticorrosivos como el Teflon. Expertos del Powder Coating\",\"publisher\":{\"@id\":\"https:\\\/\\\/www.coatresa.com\\\/de\\\/#organization\"},\"potentialAction\":[{\"@type\":\"SearchAction\",\"target\":{\"@type\":\"EntryPoint\",\"urlTemplate\":\"https:\\\/\\\/www.coatresa.com\\\/de\\\/?s={search_term_string}\"},\"query-input\":{\"@type\":\"PropertyValueSpecification\",\"valueRequired\":true,\"valueName\":\"search_term_string\"}}],\"inLanguage\":\"de\"},{\"@type\":\"Organization\",\"@id\":\"https:\\\/\\\/www.coatresa.com\\\/de\\\/#organization\",\"name\":\"Coatresa\",\"url\":\"https:\\\/\\\/www.coatresa.com\\\/de\\\/\",\"logo\":{\"@type\":\"ImageObject\",\"inLanguage\":\"de\",\"@id\":\"https:\\\/\\\/www.coatresa.com\\\/de\\\/#\\\/schema\\\/logo\\\/image\\\/\",\"url\":\"https:\\\/\\\/www.coatresa.com\\\/wp-content\\\/uploads\\\/2022\\\/07\\\/A_blava_mitja_transp.png\",\"contentUrl\":\"https:\\\/\\\/www.coatresa.com\\\/wp-content\\\/uploads\\\/2022\\\/07\\\/A_blava_mitja_transp.png\",\"width\":340,\"height\":326,\"caption\":\"Coatresa\"},\"image\":{\"@id\":\"https:\\\/\\\/www.coatresa.com\\\/de\\\/#\\\/schema\\\/logo\\\/image\\\/\"},\"sameAs\":[\"https:\\\/\\\/www.facebook.com\\\/Coatresa\\\/\",\"https:\\\/\\\/x.com\\\/Coatresa\",\"https:\\\/\\\/www.linkedin.com\\\/company\\\/coatresa\\\/\",\"https:\\\/\\\/www.youtube.com\\\/user\\\/CoatresaCoatings\"]}]}<\/script>\n<!-- \/ Yoast SEO plugin. -->","yoast_head_json":{"title":"Coatresa-Gruppe\u00a0: Technische Beschichtungsl\u00f6sungen - Coatresa","description":"Coatresa-Gruppe\u00a0: technische Antihaft- und Antikorrosionsbeschichtungen f\u00fcr verschiedenste Industriezweige. Herstellung von Formen f\u00fcr die Brotherstellung","robots":{"index":"index","follow":"follow","max-snippet":"max-snippet:-1","max-image-preview":"max-image-preview:large","max-video-preview":"max-video-preview:-1"},"canonical":"https:\/\/www.coatresa.com\/de\/coatresa-gruppe-technische-beschichtungsloesungen\/","og_locale":"de_DE","og_type":"article","og_title":"Coatresa-Gruppe\u00a0: Technische Beschichtungsl\u00f6sungen - Coatresa","og_description":"Coatresa-Gruppe\u00a0: technische Antihaft- und Antikorrosionsbeschichtungen f\u00fcr verschiedenste Industriezweige. Herstellung von Formen f\u00fcr die Brotherstellung","og_url":"https:\/\/www.coatresa.com\/de\/coatresa-gruppe-technische-beschichtungsloesungen\/","og_site_name":"Coatresa","article_publisher":"https:\/\/www.facebook.com\/Coatresa\/","article_modified_time":"2021-10-01T07:40:50+00:00","og_image":[{"width":582,"height":164,"url":"https:\/\/www.coatresa.com\/wp-content\/uploads\/2020\/02\/coatings-coatresa-group.png","type":"image\/png"}],"twitter_card":"summary_large_image","twitter_site":"@Coatresa","twitter_misc":{"Gesch\u00e4tzte Lesezeit":"2\u00a0Minuten"},"schema":{"@context":"https:\/\/schema.org","@graph":[{"@type":"WebPage","@id":"https:\/\/www.coatresa.com\/de\/coatresa-gruppe-technische-beschichtungsloesungen\/","url":"https:\/\/www.coatresa.com\/de\/coatresa-gruppe-technische-beschichtungsloesungen\/","name":"Coatresa-Gruppe\u00a0: Technische Beschichtungsl\u00f6sungen - Coatresa","isPartOf":{"@id":"https:\/\/www.coatresa.com\/de\/#website"},"primaryImageOfPage":{"@id":"https:\/\/www.coatresa.com\/de\/coatresa-gruppe-technische-beschichtungsloesungen\/#primaryimage"},"image":{"@id":"https:\/\/www.coatresa.com\/de\/coatresa-gruppe-technische-beschichtungsloesungen\/#primaryimage"},"thumbnailUrl":"https:\/\/www.coatresa.com\/wp-content\/uploads\/2020\/02\/coatings-coatresa-group.png","datePublished":"2017-09-22T08:52:57+00:00","dateModified":"2021-10-01T07:40:50+00:00","description":"Coatresa-Gruppe\u00a0: technische Antihaft- und Antikorrosionsbeschichtungen f\u00fcr verschiedenste Industriezweige. Herstellung von Formen f\u00fcr die Brotherstellung","breadcrumb":{"@id":"https:\/\/www.coatresa.com\/de\/coatresa-gruppe-technische-beschichtungsloesungen\/#breadcrumb"},"inLanguage":"de","potentialAction":[{"@type":"ReadAction","target":["https:\/\/www.coatresa.com\/de\/coatresa-gruppe-technische-beschichtungsloesungen\/"]}]},{"@type":"ImageObject","inLanguage":"de","@id":"https:\/\/www.coatresa.com\/de\/coatresa-gruppe-technische-beschichtungsloesungen\/#primaryimage","url":"https:\/\/www.coatresa.com\/wp-content\/uploads\/2020\/02\/coatings-coatresa-group.png","contentUrl":"https:\/\/www.coatresa.com\/wp-content\/uploads\/2020\/02\/coatings-coatresa-group.png","width":582,"height":164,"caption":"Beschichtungen Coatresa Group"},{"@type":"BreadcrumbList","@id":"https:\/\/www.coatresa.com\/de\/coatresa-gruppe-technische-beschichtungsloesungen\/#breadcrumb","itemListElement":[{"@type":"ListItem","position":1,"name":"Portada","item":"https:\/\/www.coatresa.com\/de\/"},{"@type":"ListItem","position":2,"name":"Coatresa-Gruppe\u00a0: Technische Beschichtungsl\u00f6sungen"}]},{"@type":"WebSite","@id":"https:\/\/www.coatresa.com\/de\/#website","url":"https:\/\/www.coatresa.com\/de\/","name":"Coatresa","description":"Aplicaci\u00f3n de recubrimientos antiadherentes y anticorrosivos como el Teflon. Expertos del Powder Coating","publisher":{"@id":"https:\/\/www.coatresa.com\/de\/#organization"},"potentialAction":[{"@type":"SearchAction","target":{"@type":"EntryPoint","urlTemplate":"https:\/\/www.coatresa.com\/de\/?s={search_term_string}"},"query-input":{"@type":"PropertyValueSpecification","valueRequired":true,"valueName":"search_term_string"}}],"inLanguage":"de"},{"@type":"Organization","@id":"https:\/\/www.coatresa.com\/de\/#organization","name":"Coatresa","url":"https:\/\/www.coatresa.com\/de\/","logo":{"@type":"ImageObject","inLanguage":"de","@id":"https:\/\/www.coatresa.com\/de\/#\/schema\/logo\/image\/","url":"https:\/\/www.coatresa.com\/wp-content\/uploads\/2022\/07\/A_blava_mitja_transp.png","contentUrl":"https:\/\/www.coatresa.com\/wp-content\/uploads\/2022\/07\/A_blava_mitja_transp.png","width":340,"height":326,"caption":"Coatresa"},"image":{"@id":"https:\/\/www.coatresa.com\/de\/#\/schema\/logo\/image\/"},"sameAs":["https:\/\/www.facebook.com\/Coatresa\/","https:\/\/x.com\/Coatresa","https:\/\/www.linkedin.com\/company\/coatresa\/","https:\/\/www.youtube.com\/user\/CoatresaCoatings"]}]}},"_links":{"self":[{"href":"https:\/\/www.coatresa.com\/de\/wp-json\/wp\/v2\/pages\/10464","targetHints":{"allow":["GET"]}}],"collection":[{"href":"https:\/\/www.coatresa.com\/de\/wp-json\/wp\/v2\/pages"}],"about":[{"href":"https:\/\/www.coatresa.com\/de\/wp-json\/wp\/v2\/types\/page"}],"author":[{"embeddable":true,"href":"https:\/\/www.coatresa.com\/de\/wp-json\/wp\/v2\/users\/1"}],"replies":[{"embeddable":true,"href":"https:\/\/www.coatresa.com\/de\/wp-json\/wp\/v2\/comments?post=10464"}],"version-history":[{"count":0,"href":"https:\/\/www.coatresa.com\/de\/wp-json\/wp\/v2\/pages\/10464\/revisions"}],"wp:featuredmedia":[{"embeddable":true,"href":"https:\/\/www.coatresa.com\/de\/wp-json\/wp\/v2\/media\/18733"}],"wp:attachment":[{"href":"https:\/\/www.coatresa.com\/de\/wp-json\/wp\/v2\/media?parent=10464"}],"curies":[{"name":"wp","href":"https:\/\/api.w.org\/{rel}","templated":true}]}}