{"id":10525,"date":"2018-02-01T17:28:43","date_gmt":"2018-02-01T16:28:43","guid":{"rendered":"http:\/\/coatresa.com\/testrong-coatings\/"},"modified":"2018-09-06T19:37:33","modified_gmt":"2018-09-06T17:37:33","slug":"testrong-coatings","status":"publish","type":"page","link":"https:\/\/www.coatresa.com\/de\/testrong-coatings\/","title":{"rendered":"Testrong coatings"},"content":{"rendered":"<div id=\"pl-10525\"  class=\"panel-layout\" ><div id=\"pg-10525-0\"  class=\"panel-grid panel-has-style\" ><div style=\"padding: 0px 0; \" data-overlay=\"true\" data-overlay-color=\"#000000\" class=\"panel-row-style panel-row-style-for-10525-0\" ><div id=\"pgc-10525-0-0\"  class=\"panel-grid-cell\" ><div id=\"panel-10525-0-0-0\" class=\"so-panel widget_sow-image panel-first-child\" data-index=\"0\" ><div style=\"text-align: left;\" data-title-color=\"#47425d\" data-headings-color=\"#443f3f\" data-title_alignment=\"center\" class=\"panel-widget-style panel-widget-style-for-10525-0-0-0\" ><div\n\t\t\t\n\t\t\tclass=\"so-widget-sow-image so-widget-sow-image-default-c67d20f9f743-10525\"\n\t\t\t\n\t\t>\n<div class=\"sow-image-container\">\n\t\t<img \n\tsrc=\"https:\/\/www.coatresa.com\/wp-content\/uploads\/2018\/02\/testrong-coatings-by-coatresa-230x71.png\" width=\"230\" height=\"71\" srcset=\"https:\/\/www.coatresa.com\/wp-content\/uploads\/2018\/02\/testrong-coatings-by-coatresa-230x71.png 230w, https:\/\/www.coatresa.com\/wp-content\/uploads\/2018\/02\/testrong-coatings-by-coatresa-300x92.png 300w, https:\/\/www.coatresa.com\/wp-content\/uploads\/2018\/02\/testrong-coatings-by-coatresa-350x108.png 350w, https:\/\/www.coatresa.com\/wp-content\/uploads\/2018\/02\/testrong-coatings-by-coatresa.png 432w\" sizes=\"(max-width: 230px) 100vw, 230px\" title=\"testrong coatings by coatresa\" alt=\"testrong coatings by coatresa\" \t\tclass=\"so-widget-image\"\/>\n\t<\/div>\n\n<\/div><\/div><\/div><div id=\"panel-10525-0-0-1\" class=\"so-panel widget_sow-editor panel-last-child\" data-index=\"1\" ><div style=\"text-align: left;\" data-title-color=\"#47425d\" data-headings-color=\"#443f3f\" data-title_alignment=\"center\" class=\"panel-widget-style panel-widget-style-for-10525-0-0-1\" ><div\n\t\t\t\n\t\t\tclass=\"so-widget-sow-editor so-widget-sow-editor-base\"\n\t\t\t\n\t\t>\n<div class=\"siteorigin-widget-tinymce textwidget\">\n\t<h1 style=\"text-align: center;\">Testrong Coatings: Beschichtungen f\u00fcr die Brotherstellung<\/h1>\n<hr \/>\n<p style=\"text-align: justify;\">COATRESA setzt seit jeher auf kontinuierliche Investitionen in F&E. <b>Testrong<\/b>\u00ae entstand nach 30 Jahren Erfahrung in der Welt der\u00a0<b>Antihaftbeschichtungen in der Brotindustrie<\/b> in unserer F&E-Abteilung.<\/p>\n<p style=\"text-align: justify;\">Die\u00a0<b>Testrong<\/b>\u00ae-Systeme auf der Grundlage von Fluorpolymeren (PTFE, PFA, MFA, FEP etc.) und Silikonen entsprechen den Anforderungen der Brothersteller. Testrong\u00ae ist ein Sortiment neuartiger Antihaftbeschichtungen. Sie wurden durch Kombination und geeignete Applikation der besten Produkte im Markt konzipiert, im Hinblick auf eine h\u00f6herwertige Beschichtung und Leistung in der Brotherstellung. Dank ihrer Langlebigkeit tragen sie zur Kostensenkung bei. Dank der konstanten Forschung und der engen Zusammenarbeit mit den wichtigsten Grundstoffherstellern weltweit wird Testrong\u00ae st\u00e4ndig weiterentwickelt, um den Brotherstellern stets einen maximalen Nutzen zu bieten.<\/p>\n<p style=\"text-align: justify;\">Unser gro\u00dfes Sortiment an Testrong\u00ae-Beschichtungen erm\u00f6glicht den Verzicht auf \u00d6le und\/oder Trennmittel in den Produktionslinien.<\/p>\n<\/div>\n<\/div><\/div><\/div><\/div><\/div><\/div><div id=\"pg-10525-1\"  class=\"panel-grid panel-has-style\" ><div style=\"padding: 0px 0; \" data-overlay=\"true\" data-overlay-color=\"#000000\" class=\"panel-row-style panel-row-style-for-10525-1\" ><div id=\"pgc-10525-1-0\"  class=\"panel-grid-cell\" ><div id=\"panel-10525-1-0-0\" class=\"so-panel widget_sow-image panel-first-child panel-last-child\" data-index=\"2\" ><div style=\"text-align: left;\" data-title-color=\"#47425d\" data-headings-color=\"#443f3f\" data-title_alignment=\"center\" class=\"panel-widget-style panel-widget-style-for-10525-1-0-0\" ><div\n\t\t\t\n\t\t\tclass=\"so-widget-sow-image so-widget-sow-image-default-c67d20f9f743-10525\"\n\t\t\t\n\t\t>\n<div class=\"sow-image-container\">\n\t\t<img \n\tsrc=\"https:\/\/www.coatresa.com\/wp-content\/uploads\/2018\/02\/recubrimientos-testrong-coatings.jpg\" width=\"714\" height=\"222\" srcset=\"https:\/\/www.coatresa.com\/wp-content\/uploads\/2018\/02\/recubrimientos-testrong-coatings.jpg 714w, https:\/\/www.coatresa.com\/wp-content\/uploads\/2018\/02\/recubrimientos-testrong-coatings-300x93.jpg 300w, https:\/\/www.coatresa.com\/wp-content\/uploads\/2018\/02\/recubrimientos-testrong-coatings-230x72.jpg 230w, https:\/\/www.coatresa.com\/wp-content\/uploads\/2018\/02\/recubrimientos-testrong-coatings-350x109.jpg 350w, https:\/\/www.coatresa.com\/wp-content\/uploads\/2018\/02\/recubrimientos-testrong-coatings-480x149.jpg 480w\" sizes=\"(max-width: 714px) 100vw, 714px\" title=\"recubrimientos testrong coatings\" alt=\"recubrimientos testrong coatings\" \t\tclass=\"so-widget-image\"\/>\n\t<\/div>\n\n<\/div><\/div><\/div><\/div><\/div><\/div><div id=\"pg-10525-2\"  class=\"panel-grid panel-has-style\" ><div class=\"FRANJA-BLAVA-TITOL siteorigin-panels-stretch panel-row-style panel-row-style-for-10525-2\" style=\"padding: 13px 0; \" data-stretch-type=\"full\" data-overlay=\"true\" data-overlay-color=\"#000000\" ><div id=\"pgc-10525-2-0\"  class=\"panel-grid-cell\" ><div id=\"panel-10525-2-0-0\" class=\"so-panel widget_sow-editor panel-first-child panel-last-child\" data-index=\"3\" ><div style=\"text-align: left;\" data-title-color=\"#47425d\" data-headings-color=\"#443f3f\" data-title_alignment=\"center\" class=\"panel-widget-style panel-widget-style-for-10525-2-0-0\" ><div\n\t\t\t\n\t\t\tclass=\"so-widget-sow-editor so-widget-sow-editor-base\"\n\t\t\t\n\t\t>\n<div class=\"siteorigin-widget-tinymce textwidget\">\n\t<h2 style=\"text-align: center;\">Vorteile von Testrong Coatings<\/h2><\/div>\n<\/div><\/div><\/div><\/div><\/div><\/div><div id=\"pg-10525-3\"  class=\"panel-grid panel-has-style\" ><div class=\"BGC-GRIS siteorigin-panels-stretch panel-row-style panel-row-style-for-10525-3\" style=\"padding: 40px 0; \" data-stretch-type=\"full\" data-overlay=\"true\" data-overlay-color=\"#000000\" ><div id=\"pgc-10525-3-0\"  class=\"panel-grid-cell\" ><div id=\"panel-10525-3-0-0\" class=\"so-panel widget_siteorigin-panels-builder panel-first-child panel-last-child\" data-index=\"4\" ><div style=\"text-align: left;\" data-title-color=\"#47425d\" data-headings-color=\"#443f3f\" data-title_alignment=\"center\" class=\"panel-widget-style panel-widget-style-for-10525-3-0-0\" ><div id=\"pl-w5b8e470aa44aa\"  class=\"panel-layout\" ><div id=\"pg-w5b8e470aa44aa-0\"  class=\"panel-grid panel-has-style\" ><div style=\"padding: 0px 0; \" data-overlay=\"true\" data-overlay-color=\"#000000\" class=\"panel-row-style panel-row-style-for-w5b8e470aa44aa-0\" ><div id=\"pgc-w5b8e470aa44aa-0-0\"  class=\"panel-grid-cell\" ><div id=\"panel-w5b8e470aa44aa-0-0-0\" class=\"so-panel widget_sow-editor panel-first-child panel-last-child\" data-index=\"0\" ><div class=\"TEXTOS-DESTACATS panel-widget-style panel-widget-style-for-w5b8e470aa44aa-0-0-0\" style=\"text-align: left;\" data-title-color=\"#47425d\" data-headings-color=\"#443f3f\" data-title_alignment=\"center\" ><div\n\t\t\t\n\t\t\tclass=\"so-widget-sow-editor so-widget-sow-editor-base\"\n\t\t\t\n\t\t>\n<div class=\"siteorigin-widget-tinymce textwidget\">\n\t<p style=\"text-align: center;\">Die Testrong-Coatings-Systeme bieten zahlreiche Vorteile f\u00fcr die Hersteller von Brot und Feingeb\u00e4ck:<\/p>\n<\/div>\n<\/div><\/div><\/div><\/div><\/div><\/div><div id=\"pg-w5b8e470aa44aa-1\"  class=\"panel-grid panel-has-style\" ><div style=\"padding: 0px 0; \" data-overlay=\"true\" data-overlay-color=\"#000000\" class=\"panel-row-style panel-row-style-for-w5b8e470aa44aa-1\" ><div id=\"pgc-w5b8e470aa44aa-1-0\"  class=\"panel-grid-cell\" ><div id=\"panel-w5b8e470aa44aa-1-0-0\" class=\"so-panel widget_sow-editor panel-first-child panel-last-child\" data-index=\"1\" ><div class=\"TITOL-REQUADRE TEXTOS-DESTACATS panel-widget-style panel-widget-style-for-w5b8e470aa44aa-1-0-0\" style=\"text-align: left;\" data-title-color=\"#47425d\" data-headings-color=\"#443f3f\" data-title_alignment=\"center\" ><div\n\t\t\t\n\t\t\tclass=\"so-widget-sow-editor so-widget-sow-editor-base\"\n\t\t\t\n\t\t>\n<div class=\"siteorigin-widget-tinymce textwidget\">\n\t<p>Kosteneinsparung<\/p>\n<\/div>\n<\/div><\/div><\/div><\/div><div id=\"pgc-w5b8e470aa44aa-1-1\"  class=\"panel-grid-cell\" ><div id=\"panel-w5b8e470aa44aa-1-1-0\" class=\"so-panel widget_sow-editor panel-first-child panel-last-child\" data-index=\"2\" ><div style=\"text-align: left;\" data-title-color=\"#47425d\" data-headings-color=\"#443f3f\" data-title_alignment=\"center\" class=\"panel-widget-style panel-widget-style-for-w5b8e470aa44aa-1-1-0\" ><div\n\t\t\t\n\t\t\tclass=\"so-widget-sow-editor so-widget-sow-editor-base\"\n\t\t\t\n\t\t>\n<div class=\"siteorigin-widget-tinymce textwidget\">\n\t<ul>\n<li>Verzicht auf \u00d6l und Trennmittel<\/li>\n<li>Minimierung der Reinigungs- und Wartungskosten in der Fabrik<\/li>\n<\/ul>\n<\/div>\n<\/div><\/div><\/div><\/div><\/div><\/div><div id=\"pg-w5b8e470aa44aa-2\"  class=\"panel-grid panel-has-style\" ><div style=\"padding: 0px 0; \" data-overlay=\"true\" data-overlay-color=\"#000000\" class=\"panel-row-style panel-row-style-for-w5b8e470aa44aa-2\" ><div id=\"pgc-w5b8e470aa44aa-2-0\"  class=\"panel-grid-cell\" ><div id=\"panel-w5b8e470aa44aa-2-0-0\" class=\"so-panel widget_sow-editor panel-first-child panel-last-child\" data-index=\"3\" ><div class=\"TITOL-REQUADRE TEXTOS-DESTACATS panel-widget-style panel-widget-style-for-w5b8e470aa44aa-2-0-0\" style=\"text-align: left;\" data-title-color=\"#47425d\" data-headings-color=\"#443f3f\" data-title_alignment=\"center\" ><div\n\t\t\t\n\t\t\tclass=\"so-widget-sow-editor so-widget-sow-editor-base\"\n\t\t\t\n\t\t>\n<div class=\"siteorigin-widget-tinymce textwidget\">\n\t<p>Erh\u00f6hte Leistung<\/p>\n<\/div>\n<\/div><\/div><\/div><\/div><div id=\"pgc-w5b8e470aa44aa-2-1\"  class=\"panel-grid-cell\" ><div id=\"panel-w5b8e470aa44aa-2-1-0\" class=\"so-panel widget_sow-editor panel-first-child panel-last-child\" data-index=\"4\" ><div style=\"text-align: left;\" data-title-color=\"#47425d\" data-headings-color=\"#443f3f\" data-title_alignment=\"center\" class=\"panel-widget-style panel-widget-style-for-w5b8e470aa44aa-2-1-0\" ><div\n\t\t\t\n\t\t\tclass=\"so-widget-sow-editor so-widget-sow-editor-base\"\n\t\t\t\n\t\t>\n<div class=\"siteorigin-widget-tinymce textwidget\">\n\t<ul>\n<li>Optimales Entformen des Produktes<\/li>\n<li>Weniger Schwund<\/li>\n<li>H\u00f6here Produktivit\u00e4t und Qualit\u00e4t des Produkts<\/li>\n<\/ul>\n<\/div>\n<\/div><\/div><\/div><\/div><\/div><\/div><div id=\"pg-w5b8e470aa44aa-3\"  class=\"panel-grid panel-has-style\" ><div style=\"padding: 0px 0; \" data-overlay=\"true\" data-overlay-color=\"#000000\" class=\"panel-row-style panel-row-style-for-w5b8e470aa44aa-3\" ><div id=\"pgc-w5b8e470aa44aa-3-0\"  class=\"panel-grid-cell\" ><div id=\"panel-w5b8e470aa44aa-3-0-0\" class=\"so-panel widget_sow-editor panel-first-child panel-last-child\" data-index=\"5\" ><div class=\"TITOL-REQUADRE TEXTOS-DESTACATS panel-widget-style panel-widget-style-for-w5b8e470aa44aa-3-0-0\" style=\"text-align: left;\" data-title-color=\"#47425d\" data-headings-color=\"#443f3f\" data-title_alignment=\"center\" ><div\n\t\t\t\n\t\t\tclass=\"so-widget-sow-editor so-widget-sow-editor-base\"\n\t\t\t\n\t\t>\n<div class=\"siteorigin-widget-tinymce textwidget\">\n\t<p>Bessere Qualit\u00e4t des Endprodukts<\/p>\n<\/div>\n<\/div><\/div><\/div><\/div><div id=\"pgc-w5b8e470aa44aa-3-1\"  class=\"panel-grid-cell\" ><div id=\"panel-w5b8e470aa44aa-3-1-0\" class=\"so-panel widget_sow-editor panel-first-child panel-last-child\" data-index=\"6\" ><div style=\"text-align: left;\" data-title-color=\"#47425d\" data-headings-color=\"#443f3f\" data-title_alignment=\"center\" class=\"panel-widget-style panel-widget-style-for-w5b8e470aa44aa-3-1-0\" ><div\n\t\t\t\n\t\t\tclass=\"so-widget-sow-editor so-widget-sow-editor-base\"\n\t\t\t\n\t\t>\n<div class=\"siteorigin-widget-tinymce textwidget\">\n\t<ul>\n<li>L\u00e4ngere Haltbarkeit im Verkaufsregal<\/li>\n<li>Bessere Optik des Produkts: glatte, regelm\u00e4\u00dfige Rinde ohne Einschl\u00fcsse<\/li>\n<li>Gleichm\u00e4\u00dfiges Brot und einheitliches Endprodukt<\/li>\n<li>Kein Einfluss auf den Geschmack des Endprodukts<\/li>\n<\/ul>\n<\/div>\n<\/div><\/div><\/div><\/div><\/div><\/div><\/div><\/div><\/div><\/div><\/div><\/div><div id=\"pg-10525-4\"  class=\"panel-grid panel-has-style\" ><div class=\"siteorigin-panels-stretch panel-row-style panel-row-style-for-10525-4\" style=\"background-image: url(https:\/\/www.coatresa.com\/wp-content\/uploads\/2018\/02\/testrong-coatings.jpg);padding: 100px 0; \" data-stretch-type=\"full\" data-hasbg=\"hasbg\" data-overlay=\"true\" data-overlay-color=\"#000000\" ><div id=\"pgc-10525-4-0\"  class=\"panel-grid-cell\" ><div id=\"panel-10525-4-0-0\" class=\"so-panel widget_sow-editor panel-first-child panel-last-child\" data-index=\"5\" ><div class=\"TEXTOS-DESTACATS-PRE-FOOTER blanc panel-widget-style panel-widget-style-for-10525-4-0-0\" style=\"text-align: left;\" data-title-color=\"#47425d\" data-headings-color=\"#443f3f\" data-title_alignment=\"center\" ><div\n\t\t\t\n\t\t\tclass=\"so-widget-sow-editor so-widget-sow-editor-base\"\n\t\t\t\n\t\t>\n<div class=\"siteorigin-widget-tinymce textwidget\">\n\t<p style=\"text-align: center;\">Alle unsere Testrong\u00ae-Beschichtungssysteme sind gem\u00e4\u00df in- und ausl\u00e4ndischen Normen und Migrationszertifikaten\ndurch ein unabh\u00e4ngiges deutsches Labor f\u00fcr Lebensmittelkontakt zugelassen.<\/p><\/div>\n<\/div><\/div><\/div><\/div><\/div><\/div><\/div>","protected":false},"excerpt":{"rendered":"<p>Testrong Coatings: Beschichtungen f\u00fcr die Brotherstellung COATRESA setzt seit jeher auf kontinuierliche Investitionen in F&#038;E. Testrong\u00ae entstand nach 30 Jahren Erfahrung in [&hellip;]<\/p>\n","protected":false},"author":1,"featured_media":6425,"parent":0,"menu_order":0,"comment_status":"closed","ping_status":"closed","template":"page-templates\/page_fullwidth.php","meta":{"footnotes":""},"class_list":["post-10525","page","type-page","status-publish","has-post-thumbnail","hentry"],"yoast_head":"<!-- This site is optimized with the Yoast SEO plugin v27.3 - https:\/\/yoast.com\/product\/yoast-seo-wordpress\/ -->\n<title>Testrong coatings - Coatresa<\/title>\n<meta name=\"description\" content=\"Testrong-Coatings\u00a0: Antihaftbeschichtungen f\u00fcr die Brotherstellung. Entdecken Sie ihre Vorteile f\u00fcr die Herstellung von Brot und Feingeb\u00e4ck. Kontakt!\" \/>\n<meta name=\"robots\" content=\"index, follow, max-snippet:-1, max-image-preview:large, max-video-preview:-1\" \/>\n<link rel=\"canonical\" href=\"https:\/\/www.coatresa.com\/de\/testrong-coatings\/\" \/>\n<meta property=\"og:locale\" content=\"de_DE\" \/>\n<meta property=\"og:type\" content=\"article\" \/>\n<meta property=\"og:title\" content=\"Testrong coatings - Coatresa\" \/>\n<meta property=\"og:description\" content=\"Testrong-Coatings\u00a0: Antihaftbeschichtungen f\u00fcr die Brotherstellung. Entdecken Sie ihre Vorteile f\u00fcr die Herstellung von Brot und Feingeb\u00e4ck. Kontakt!\" \/>\n<meta property=\"og:url\" content=\"https:\/\/www.coatresa.com\/de\/testrong-coatings\/\" \/>\n<meta property=\"og:site_name\" content=\"Coatresa\" \/>\n<meta property=\"article:publisher\" content=\"https:\/\/www.facebook.com\/Coatresa\/\" \/>\n<meta property=\"article:modified_time\" content=\"2018-09-06T17:37:33+00:00\" \/>\n<meta property=\"og:image\" content=\"https:\/\/www.coatresa.com\/wp-content\/uploads\/2018\/02\/testrong-coatings-by-coatresa.png\" \/>\n\t<meta property=\"og:image:width\" content=\"432\" \/>\n\t<meta property=\"og:image:height\" content=\"133\" \/>\n\t<meta property=\"og:image:type\" content=\"image\/png\" \/>\n<meta name=\"twitter:card\" content=\"summary_large_image\" \/>\n<meta name=\"twitter:site\" content=\"@Coatresa\" \/>\n<meta name=\"twitter:label1\" content=\"Gesch\u00e4tzte Lesezeit\" \/>\n\t<meta name=\"twitter:data1\" content=\"1\u00a0Minute\" \/>\n<script type=\"application\/ld+json\" class=\"yoast-schema-graph\">{\"@context\":\"https:\\\/\\\/schema.org\",\"@graph\":[{\"@type\":\"WebPage\",\"@id\":\"https:\\\/\\\/www.coatresa.com\\\/de\\\/testrong-coatings\\\/\",\"url\":\"https:\\\/\\\/www.coatresa.com\\\/de\\\/testrong-coatings\\\/\",\"name\":\"Testrong coatings - Coatresa\",\"isPartOf\":{\"@id\":\"https:\\\/\\\/www.coatresa.com\\\/de\\\/#website\"},\"primaryImageOfPage\":{\"@id\":\"https:\\\/\\\/www.coatresa.com\\\/de\\\/testrong-coatings\\\/#primaryimage\"},\"image\":{\"@id\":\"https:\\\/\\\/www.coatresa.com\\\/de\\\/testrong-coatings\\\/#primaryimage\"},\"thumbnailUrl\":\"https:\\\/\\\/www.coatresa.com\\\/wp-content\\\/uploads\\\/2018\\\/02\\\/testrong-coatings-by-coatresa.png\",\"datePublished\":\"2018-02-01T16:28:43+00:00\",\"dateModified\":\"2018-09-06T17:37:33+00:00\",\"description\":\"Testrong-Coatings\u00a0: Antihaftbeschichtungen f\u00fcr die Brotherstellung. Entdecken Sie ihre Vorteile f\u00fcr die Herstellung von Brot und Feingeb\u00e4ck. Kontakt!\",\"breadcrumb\":{\"@id\":\"https:\\\/\\\/www.coatresa.com\\\/de\\\/testrong-coatings\\\/#breadcrumb\"},\"inLanguage\":\"de\",\"potentialAction\":[{\"@type\":\"ReadAction\",\"target\":[\"https:\\\/\\\/www.coatresa.com\\\/de\\\/testrong-coatings\\\/\"]}]},{\"@type\":\"ImageObject\",\"inLanguage\":\"de\",\"@id\":\"https:\\\/\\\/www.coatresa.com\\\/de\\\/testrong-coatings\\\/#primaryimage\",\"url\":\"https:\\\/\\\/www.coatresa.com\\\/wp-content\\\/uploads\\\/2018\\\/02\\\/testrong-coatings-by-coatresa.png\",\"contentUrl\":\"https:\\\/\\\/www.coatresa.com\\\/wp-content\\\/uploads\\\/2018\\\/02\\\/testrong-coatings-by-coatresa.png\",\"width\":432,\"height\":133},{\"@type\":\"BreadcrumbList\",\"@id\":\"https:\\\/\\\/www.coatresa.com\\\/de\\\/testrong-coatings\\\/#breadcrumb\",\"itemListElement\":[{\"@type\":\"ListItem\",\"position\":1,\"name\":\"Portada\",\"item\":\"https:\\\/\\\/www.coatresa.com\\\/de\\\/\"},{\"@type\":\"ListItem\",\"position\":2,\"name\":\"Testrong coatings\"}]},{\"@type\":\"WebSite\",\"@id\":\"https:\\\/\\\/www.coatresa.com\\\/de\\\/#website\",\"url\":\"https:\\\/\\\/www.coatresa.com\\\/de\\\/\",\"name\":\"Coatresa\",\"description\":\"Aplicaci\u00f3n de recubrimientos antiadherentes y anticorrosivos como el Teflon. Expertos del Powder Coating\",\"publisher\":{\"@id\":\"https:\\\/\\\/www.coatresa.com\\\/de\\\/#organization\"},\"potentialAction\":[{\"@type\":\"SearchAction\",\"target\":{\"@type\":\"EntryPoint\",\"urlTemplate\":\"https:\\\/\\\/www.coatresa.com\\\/de\\\/?s={search_term_string}\"},\"query-input\":{\"@type\":\"PropertyValueSpecification\",\"valueRequired\":true,\"valueName\":\"search_term_string\"}}],\"inLanguage\":\"de\"},{\"@type\":\"Organization\",\"@id\":\"https:\\\/\\\/www.coatresa.com\\\/de\\\/#organization\",\"name\":\"Coatresa\",\"url\":\"https:\\\/\\\/www.coatresa.com\\\/de\\\/\",\"logo\":{\"@type\":\"ImageObject\",\"inLanguage\":\"de\",\"@id\":\"https:\\\/\\\/www.coatresa.com\\\/de\\\/#\\\/schema\\\/logo\\\/image\\\/\",\"url\":\"https:\\\/\\\/www.coatresa.com\\\/wp-content\\\/uploads\\\/2022\\\/07\\\/A_blava_mitja_transp.png\",\"contentUrl\":\"https:\\\/\\\/www.coatresa.com\\\/wp-content\\\/uploads\\\/2022\\\/07\\\/A_blava_mitja_transp.png\",\"width\":340,\"height\":326,\"caption\":\"Coatresa\"},\"image\":{\"@id\":\"https:\\\/\\\/www.coatresa.com\\\/de\\\/#\\\/schema\\\/logo\\\/image\\\/\"},\"sameAs\":[\"https:\\\/\\\/www.facebook.com\\\/Coatresa\\\/\",\"https:\\\/\\\/x.com\\\/Coatresa\",\"https:\\\/\\\/www.linkedin.com\\\/company\\\/coatresa\\\/\",\"https:\\\/\\\/www.youtube.com\\\/user\\\/CoatresaCoatings\"]}]}<\/script>\n<!-- \/ Yoast SEO plugin. -->","yoast_head_json":{"title":"Testrong coatings - Coatresa","description":"Testrong-Coatings\u00a0: Antihaftbeschichtungen f\u00fcr die Brotherstellung. Entdecken Sie ihre Vorteile f\u00fcr die Herstellung von Brot und Feingeb\u00e4ck. Kontakt!","robots":{"index":"index","follow":"follow","max-snippet":"max-snippet:-1","max-image-preview":"max-image-preview:large","max-video-preview":"max-video-preview:-1"},"canonical":"https:\/\/www.coatresa.com\/de\/testrong-coatings\/","og_locale":"de_DE","og_type":"article","og_title":"Testrong coatings - Coatresa","og_description":"Testrong-Coatings\u00a0: Antihaftbeschichtungen f\u00fcr die Brotherstellung. Entdecken Sie ihre Vorteile f\u00fcr die Herstellung von Brot und Feingeb\u00e4ck. Kontakt!","og_url":"https:\/\/www.coatresa.com\/de\/testrong-coatings\/","og_site_name":"Coatresa","article_publisher":"https:\/\/www.facebook.com\/Coatresa\/","article_modified_time":"2018-09-06T17:37:33+00:00","og_image":[{"width":432,"height":133,"url":"https:\/\/www.coatresa.com\/wp-content\/uploads\/2018\/02\/testrong-coatings-by-coatresa.png","type":"image\/png"}],"twitter_card":"summary_large_image","twitter_site":"@Coatresa","twitter_misc":{"Gesch\u00e4tzte Lesezeit":"1\u00a0Minute"},"schema":{"@context":"https:\/\/schema.org","@graph":[{"@type":"WebPage","@id":"https:\/\/www.coatresa.com\/de\/testrong-coatings\/","url":"https:\/\/www.coatresa.com\/de\/testrong-coatings\/","name":"Testrong coatings - Coatresa","isPartOf":{"@id":"https:\/\/www.coatresa.com\/de\/#website"},"primaryImageOfPage":{"@id":"https:\/\/www.coatresa.com\/de\/testrong-coatings\/#primaryimage"},"image":{"@id":"https:\/\/www.coatresa.com\/de\/testrong-coatings\/#primaryimage"},"thumbnailUrl":"https:\/\/www.coatresa.com\/wp-content\/uploads\/2018\/02\/testrong-coatings-by-coatresa.png","datePublished":"2018-02-01T16:28:43+00:00","dateModified":"2018-09-06T17:37:33+00:00","description":"Testrong-Coatings\u00a0: Antihaftbeschichtungen f\u00fcr die Brotherstellung. Entdecken Sie ihre Vorteile f\u00fcr die Herstellung von Brot und Feingeb\u00e4ck. Kontakt!","breadcrumb":{"@id":"https:\/\/www.coatresa.com\/de\/testrong-coatings\/#breadcrumb"},"inLanguage":"de","potentialAction":[{"@type":"ReadAction","target":["https:\/\/www.coatresa.com\/de\/testrong-coatings\/"]}]},{"@type":"ImageObject","inLanguage":"de","@id":"https:\/\/www.coatresa.com\/de\/testrong-coatings\/#primaryimage","url":"https:\/\/www.coatresa.com\/wp-content\/uploads\/2018\/02\/testrong-coatings-by-coatresa.png","contentUrl":"https:\/\/www.coatresa.com\/wp-content\/uploads\/2018\/02\/testrong-coatings-by-coatresa.png","width":432,"height":133},{"@type":"BreadcrumbList","@id":"https:\/\/www.coatresa.com\/de\/testrong-coatings\/#breadcrumb","itemListElement":[{"@type":"ListItem","position":1,"name":"Portada","item":"https:\/\/www.coatresa.com\/de\/"},{"@type":"ListItem","position":2,"name":"Testrong coatings"}]},{"@type":"WebSite","@id":"https:\/\/www.coatresa.com\/de\/#website","url":"https:\/\/www.coatresa.com\/de\/","name":"Coatresa","description":"Aplicaci\u00f3n de recubrimientos antiadherentes y anticorrosivos como el Teflon. Expertos del Powder Coating","publisher":{"@id":"https:\/\/www.coatresa.com\/de\/#organization"},"potentialAction":[{"@type":"SearchAction","target":{"@type":"EntryPoint","urlTemplate":"https:\/\/www.coatresa.com\/de\/?s={search_term_string}"},"query-input":{"@type":"PropertyValueSpecification","valueRequired":true,"valueName":"search_term_string"}}],"inLanguage":"de"},{"@type":"Organization","@id":"https:\/\/www.coatresa.com\/de\/#organization","name":"Coatresa","url":"https:\/\/www.coatresa.com\/de\/","logo":{"@type":"ImageObject","inLanguage":"de","@id":"https:\/\/www.coatresa.com\/de\/#\/schema\/logo\/image\/","url":"https:\/\/www.coatresa.com\/wp-content\/uploads\/2022\/07\/A_blava_mitja_transp.png","contentUrl":"https:\/\/www.coatresa.com\/wp-content\/uploads\/2022\/07\/A_blava_mitja_transp.png","width":340,"height":326,"caption":"Coatresa"},"image":{"@id":"https:\/\/www.coatresa.com\/de\/#\/schema\/logo\/image\/"},"sameAs":["https:\/\/www.facebook.com\/Coatresa\/","https:\/\/x.com\/Coatresa","https:\/\/www.linkedin.com\/company\/coatresa\/","https:\/\/www.youtube.com\/user\/CoatresaCoatings"]}]}},"_links":{"self":[{"href":"https:\/\/www.coatresa.com\/de\/wp-json\/wp\/v2\/pages\/10525","targetHints":{"allow":["GET"]}}],"collection":[{"href":"https:\/\/www.coatresa.com\/de\/wp-json\/wp\/v2\/pages"}],"about":[{"href":"https:\/\/www.coatresa.com\/de\/wp-json\/wp\/v2\/types\/page"}],"author":[{"embeddable":true,"href":"https:\/\/www.coatresa.com\/de\/wp-json\/wp\/v2\/users\/1"}],"replies":[{"embeddable":true,"href":"https:\/\/www.coatresa.com\/de\/wp-json\/wp\/v2\/comments?post=10525"}],"version-history":[{"count":0,"href":"https:\/\/www.coatresa.com\/de\/wp-json\/wp\/v2\/pages\/10525\/revisions"}],"wp:featuredmedia":[{"embeddable":true,"href":"https:\/\/www.coatresa.com\/de\/wp-json\/wp\/v2\/media\/6425"}],"wp:attachment":[{"href":"https:\/\/www.coatresa.com\/de\/wp-json\/wp\/v2\/media?parent=10525"}],"curies":[{"name":"wp","href":"https:\/\/api.w.org\/{rel}","templated":true}]}}