{"id":10536,"date":"2018-06-25T17:23:10","date_gmt":"2018-06-25T15:23:10","guid":{"rendered":"http:\/\/coatresa.com\/recubrimientos-maquinaria-de-alimentacion\/"},"modified":"2018-09-10T16:01:27","modified_gmt":"2018-09-10T14:01:27","slug":"beschichtungen-lebensmittelindustrie-maschinen","status":"publish","type":"page","link":"https:\/\/www.coatresa.com\/de\/beschichtungen-lebensmittelindustrie-maschinen\/","title":{"rendered":"Beschichtungen f\u00fcr lebensmittelindustrie maschinen"},"content":{"rendered":"<div id=\"pl-10536\"  class=\"panel-layout\" ><div id=\"pg-10536-0\"  class=\"panel-grid panel-has-style\" ><div style=\"padding: 0px 0; \" data-overlay=\"true\" data-overlay-color=\"#000000\" class=\"panel-row-style panel-row-style-for-10536-0\" ><div id=\"pgc-10536-0-0\"  class=\"panel-grid-cell\" ><div id=\"panel-10536-0-0-0\" class=\"so-panel widget_sow-image panel-first-child\" data-index=\"0\" ><div class=\"ICONA-MITJANA panel-widget-style panel-widget-style-for-10536-0-0-0\" style=\"text-align: left;\" data-title-color=\"#47425d\" data-headings-color=\"#443f3f\" data-title_alignment=\"center\" ><div\n\t\t\t\n\t\t\tclass=\"so-widget-sow-image so-widget-sow-image-default-c67d20f9f743-10536\"\n\t\t\t\n\t\t>\n<div class=\"sow-image-container\">\n\t\t<img \n\tsrc=\"https:\/\/www.coatresa.com\/wp-content\/uploads\/2018\/06\/recubrimientos-antiadherentes-maquinaria-de-alimentacion.png\" width=\"269\" height=\"269\" srcset=\"https:\/\/www.coatresa.com\/wp-content\/uploads\/2018\/06\/recubrimientos-antiadherentes-maquinaria-de-alimentacion.png 269w, https:\/\/www.coatresa.com\/wp-content\/uploads\/2018\/06\/recubrimientos-antiadherentes-maquinaria-de-alimentacion-150x150.png 150w, https:\/\/www.coatresa.com\/wp-content\/uploads\/2018\/06\/recubrimientos-antiadherentes-maquinaria-de-alimentacion-230x230.png 230w\" sizes=\"(max-width: 269px) 100vw, 269px\" title=\"recubrimientos antiadherentes maquinaria de alimentaci\u00f3n\" alt=\"recubrimientos antiadherentes maquinaria de alimentaci\u00f3n\" \t\tclass=\"so-widget-image\"\/>\n\t<\/div>\n\n<\/div><\/div><\/div><div id=\"panel-10536-0-0-1\" class=\"so-panel widget_sow-editor panel-last-child\" data-index=\"1\" ><div style=\"text-align: left;\" data-title-color=\"#47425d\" data-headings-color=\"#000000\" data-title_alignment=\"center\" class=\"panel-widget-style panel-widget-style-for-10536-0-0-1\" ><div\n\t\t\t\n\t\t\tclass=\"so-widget-sow-editor so-widget-sow-editor-base\"\n\t\t\t\n\t\t>\n<div class=\"siteorigin-widget-tinymce textwidget\">\n\t<h1 style=\"text-align: center;\">Beschichtungen f\u00fcr Lebensmittelindustrie<\/h1>\n<hr \/>\n<p style=\"text-align: center;\">Die Lebensmittelindustrie verlangt minimale Stillstandzeiten, um den Produktionsprozess zu optimieren. In diesem Prozess ist es wichtig, dass sich keine Lebensmittelreste ansammeln und W\u00e4ge- und Abf\u00fcllfehler durch die Ansammlung des Produkts auftreten. Daher kommt es darauf an, dass die Maschinen gute Antihafteigenschaften aufweisen und das perfekte Gleiten der Lebensmittel gew\u00e4hrleisten. Jeder Produktionsprozess ist anders. In unserer F+E-Abteilung analysieren wir gr\u00fcndlich jedes Bed\u00fcrfnis. Daher st\u00fctzen sich unsere Beschichtungen auf eine gr\u00fcndliche Untersuchung, die uns hilft, die f\u00fcr jeden Fall beste Beschichtung anzubieten. Zu den Teilen, die von unseren Beschichtungen profitieren, z\u00e4hlen u.\u00a0a. <b>Brotteigtrichter<\/b>, <b>Teigmischschrauben<\/b>, <b>Beh\u00e4lter<\/b>, <b>R\u00fchrwerke<\/b>, <b>Spritzd\u00fcsen<\/b>, <b>Walzen<\/b>, <b>Messer<\/b>, <b>Schneckenf\u00f6rderer<\/b>, <b>F\u00f6rderb\u00e4nder<\/b>, <b>W\u00e4ge- und Dosiereinrichtungen<\/b>.<\/p>\n<p style=\"text-align: center;\">Alle unsere Beschichtungen bieten Antihafteigenschaften, sind hitzebest\u00e4ndig und <b>f\u00fcr den Kontakt mit Lebensmitteln geeignet<\/b> im Sinne der geltenden Vorschriften (FDA 21 CFR 175.300, Verordnung (EG) Nr. 1935\/2004 und Verordnung (EU) Nr. 10\/2011). Dank unseres Know-hows und unserer Erfahrung in diesem Sektor erkennen wir die geeignete L\u00f6sung und tragen fluorierte Produkte vom Typ Teflon auf PTFE-, PFA- oder FEP-Basis auf. Sie bieten jeweils die f\u00fcr den Produktionsprozess unserer Kunden notwendigen Eigenschaften.<\/p>\n<\/div>\n<\/div><\/div><\/div><\/div><\/div><\/div><div id=\"pg-10536-1\"  class=\"panel-grid panel-has-style\" ><div class=\"FRANJA-BLAVA-TITOL siteorigin-panels-stretch panel-row-style panel-row-style-for-10536-1\" style=\"padding: 0px 0; \" data-stretch-type=\"full\" data-overlay=\"true\" data-overlay-color=\"#000000\" ><div id=\"pgc-10536-1-0\"  class=\"panel-grid-cell\" ><div id=\"panel-10536-1-0-0\" class=\"so-panel widget_sow-editor panel-first-child panel-last-child\" data-index=\"2\" ><div style=\"text-align: left;\" data-title-color=\"#47425d\" data-headings-color=\"#443f3f\" data-title_alignment=\"center\" class=\"panel-widget-style panel-widget-style-for-10536-1-0-0\" ><div\n\t\t\t\n\t\t\tclass=\"so-widget-sow-editor so-widget-sow-editor-base\"\n\t\t\t\n\t\t>\n<div class=\"siteorigin-widget-tinymce textwidget\">\n\t<h2 style=\"text-align: center;\">Hauptvorteile der Beschichtungen f\u00fcr lebensmittelindustrie maschinen<\/h2>\n<\/div>\n<\/div><\/div><\/div><\/div><\/div><\/div><div id=\"pg-10536-2\"  class=\"panel-grid panel-has-style\" ><div class=\"BGC-GRIS siteorigin-panels-stretch panel-row-style panel-row-style-for-10536-2\" style=\"padding: 40px 0; \" data-stretch-type=\"full\" data-overlay=\"true\" data-overlay-color=\"#000000\" ><div id=\"pgc-10536-2-0\"  class=\"panel-grid-cell\" ><div id=\"panel-10536-2-0-0\" class=\"so-panel widget_sow-image panel-first-child panel-last-child\" data-index=\"3\" ><div class=\"ICONA-GRAN panel-widget-style panel-widget-style-for-10536-2-0-0\" style=\"text-align: left;\" data-title-color=\"#47425d\" data-headings-color=\"#443f3f\" data-title_alignment=\"center\" ><div\n\t\t\t\n\t\t\tclass=\"so-widget-sow-image so-widget-sow-image-default-c67d20f9f743-10536\"\n\t\t\t\n\t\t>\n<div class=\"sow-image-container\">\n\t\t<img \n\tsrc=\"https:\/\/www.coatresa.com\/wp-content\/uploads\/2018\/02\/beneficios-recubrimientos-antiadherentes-anticorrosivos-industriales.png\" width=\"300\" height=\"300\" srcset=\"https:\/\/www.coatresa.com\/wp-content\/uploads\/2018\/02\/beneficios-recubrimientos-antiadherentes-anticorrosivos-industriales.png 300w, https:\/\/www.coatresa.com\/wp-content\/uploads\/2018\/02\/beneficios-recubrimientos-antiadherentes-anticorrosivos-industriales-150x150.png 150w, https:\/\/www.coatresa.com\/wp-content\/uploads\/2018\/02\/beneficios-recubrimientos-antiadherentes-anticorrosivos-industriales-230x230.png 230w\" sizes=\"(max-width: 300px) 100vw, 300px\" title=\"beneficios de los recubrimientos antiadherentes y anticorrosivos industriales\" alt=\"beneficios de los recubrimientos antiadherentes y anticorrosivos industriales\" \t\tclass=\"so-widget-image\"\/>\n\t<\/div>\n\n<\/div><\/div><\/div><\/div><div id=\"pgc-10536-2-1\"  class=\"panel-grid-cell\" ><div id=\"panel-10536-2-1-0\" class=\"so-panel widget_sow-editor panel-first-child panel-last-child\" data-index=\"4\" ><div class=\"TEXTOS-DESTACATS LLISTES panel-widget-style panel-widget-style-for-10536-2-1-0\" style=\"text-align: left;\" data-title-color=\"#47425d\" data-headings-color=\"#443f3f\" data-title_alignment=\"center\" ><div\n\t\t\t\n\t\t\tclass=\"so-widget-sow-editor so-widget-sow-editor-base\"\n\t\t\t\n\t\t>\n<div class=\"siteorigin-widget-tinymce textwidget\">\n\t<ul>\n<li>K\u00fcrzere Zykluszeit<\/li>\n<li>Weniger Produktschwund wegen Anhaftungen<\/li>\n<li>Optimierung der F\u00f6rderung \/ Dosierung des Grundstoffs<\/li>\n<li>Leichte Reinigung<\/li>\n<li>Gleichm\u00e4\u00dfige Qualit\u00e4t des Fertigprodukts<\/li>\n<li>H\u00f6here Lebensdauer der korrosionsgef\u00e4hrdeten Komponenten<\/li>\n<\/ul>\n<\/div>\n<\/div><\/div><\/div><\/div><\/div><\/div><div id=\"pg-10536-3\"  class=\"panel-grid panel-has-style\" ><div class=\"siteorigin-panels-stretch panel-row-style panel-row-style-for-10536-3\" style=\"padding: 50px 0; \" data-stretch-type=\"full-stretched\" data-overlay=\"true\" data-overlay-color=\"#000000\" ><div id=\"pgc-10536-3-0\"  class=\"panel-grid-cell\" ><div id=\"panel-10536-3-0-0\" class=\"so-panel widget_sow-editor panel-first-child\" data-index=\"5\" ><div class=\"BLAU-FOSC panel-widget-style panel-widget-style-for-10536-3-0-0\" style=\"text-align: left;\" data-title-color=\"#47425d\" data-headings-color=\"#443f3f\" data-title_alignment=\"center\" ><div\n\t\t\t\n\t\t\tclass=\"so-widget-sow-editor so-widget-sow-editor-base\"\n\t\t\t\n\t\t>\n<div class=\"siteorigin-widget-tinymce textwidget\">\n\t<h2 style=\"text-align: center;\">Einige unserer Arbeiten f\u00fcr Lebensmittelmaschinen<\/h2>\n<\/div>\n<\/div><\/div><\/div><div id=\"panel-10536-3-0-1\" class=\"so-panel widget_sow-image-grid panel-last-child\" data-index=\"6\" ><div class=\"IMATGES-PORTFOLI panel-widget-style panel-widget-style-for-10536-3-0-1\" style=\"text-align: left;\" data-title-color=\"#47425d\" data-headings-color=\"#443f3f\" data-title_alignment=\"center\" ><div\n\t\t\t\n\t\t\tclass=\"so-widget-sow-image-grid so-widget-sow-image-grid-default-555de9c308f5-10536\"\n\t\t\t\n\t\t>\t<div\n\t\tclass=\"sow-image-grid-wrapper\"\n\t\t\t\t\t>\n\t\t\t\t\t<div class=\"sow-image-grid-image\">\n\t\t\t\t\t\t\t\t\t\t\t\t<img loading=\"lazy\" decoding=\"async\" width=\"300\" height=\"300\" src=\"https:\/\/www.coatresa.com\/wp-content\/uploads\/2018\/06\/recubrimientos-antiadherentes-agitador-helice-300x300.png\" class=\"sow-image-grid-image_html\" alt=\"\" title=\"recubrimientos antiadherentes para agitador de h\u00e9lice\" srcset=\"https:\/\/www.coatresa.com\/wp-content\/uploads\/2018\/06\/recubrimientos-antiadherentes-agitador-helice-300x300.png 300w, https:\/\/www.coatresa.com\/wp-content\/uploads\/2018\/06\/recubrimientos-antiadherentes-agitador-helice-150x150.png 150w, https:\/\/www.coatresa.com\/wp-content\/uploads\/2018\/06\/recubrimientos-antiadherentes-agitador-helice-230x230.png 230w, https:\/\/www.coatresa.com\/wp-content\/uploads\/2018\/06\/recubrimientos-antiadherentes-agitador-helice-350x350.png 350w, https:\/\/www.coatresa.com\/wp-content\/uploads\/2018\/06\/recubrimientos-antiadherentes-agitador-helice-480x480.png 480w, https:\/\/www.coatresa.com\/wp-content\/uploads\/2018\/06\/recubrimientos-antiadherentes-agitador-helice.png 737w\" sizes=\"auto, (max-width: 300px) 100vw, 300px\" \/>\t\t\t\t\t\t\t\t\t\t\t<\/div>\n\t\t\t\t\t<div class=\"sow-image-grid-image\">\n\t\t\t\t\t\t\t\t\t\t\t\t<img loading=\"lazy\" decoding=\"async\" width=\"300\" height=\"300\" src=\"https:\/\/www.coatresa.com\/wp-content\/uploads\/2018\/06\/recubrimientos-antiadherentes-amasadora-300x300.png\" class=\"sow-image-grid-image_html\" alt=\"\" title=\"recubrimientos antiadherentes para amasadora\" srcset=\"https:\/\/www.coatresa.com\/wp-content\/uploads\/2018\/06\/recubrimientos-antiadherentes-amasadora-300x300.png 300w, https:\/\/www.coatresa.com\/wp-content\/uploads\/2018\/06\/recubrimientos-antiadherentes-amasadora-150x150.png 150w, https:\/\/www.coatresa.com\/wp-content\/uploads\/2018\/06\/recubrimientos-antiadherentes-amasadora-230x230.png 230w, https:\/\/www.coatresa.com\/wp-content\/uploads\/2018\/06\/recubrimientos-antiadherentes-amasadora-350x350.png 350w, https:\/\/www.coatresa.com\/wp-content\/uploads\/2018\/06\/recubrimientos-antiadherentes-amasadora-480x480.png 480w, https:\/\/www.coatresa.com\/wp-content\/uploads\/2018\/06\/recubrimientos-antiadherentes-amasadora.png 737w\" sizes=\"auto, (max-width: 300px) 100vw, 300px\" \/>\t\t\t\t\t\t\t\t\t\t\t<\/div>\n\t\t\t\t\t<div class=\"sow-image-grid-image\">\n\t\t\t\t\t\t\t\t\t\t\t\t<img loading=\"lazy\" decoding=\"async\" width=\"300\" height=\"300\" src=\"https:\/\/www.coatresa.com\/wp-content\/uploads\/2018\/06\/recubrimientos-antiadherentes-dosificador-queso-300x300.png\" class=\"sow-image-grid-image_html\" alt=\"\" title=\"recubrimientos antiadherentes para dosificador de queso\" srcset=\"https:\/\/www.coatresa.com\/wp-content\/uploads\/2018\/06\/recubrimientos-antiadherentes-dosificador-queso-300x300.png 300w, https:\/\/www.coatresa.com\/wp-content\/uploads\/2018\/06\/recubrimientos-antiadherentes-dosificador-queso-150x150.png 150w, https:\/\/www.coatresa.com\/wp-content\/uploads\/2018\/06\/recubrimientos-antiadherentes-dosificador-queso-230x230.png 230w, https:\/\/www.coatresa.com\/wp-content\/uploads\/2018\/06\/recubrimientos-antiadherentes-dosificador-queso-350x350.png 350w, https:\/\/www.coatresa.com\/wp-content\/uploads\/2018\/06\/recubrimientos-antiadherentes-dosificador-queso-480x480.png 480w, https:\/\/www.coatresa.com\/wp-content\/uploads\/2018\/06\/recubrimientos-antiadherentes-dosificador-queso.png 737w\" sizes=\"auto, (max-width: 300px) 100vw, 300px\" \/>\t\t\t\t\t\t\t\t\t\t\t<\/div>\n\t\t\t\t\t<div class=\"sow-image-grid-image\">\n\t\t\t\t\t\t\t\t\t\t\t\t<img loading=\"lazy\" decoding=\"async\" width=\"300\" height=\"300\" src=\"https:\/\/www.coatresa.com\/wp-content\/uploads\/2018\/06\/recubrimientos-antiadherentes-rodillo-troquel-galletas-300x300.png\" class=\"sow-image-grid-image_html\" alt=\"\" title=\"recubrimientos antiadherentes para rodillo troquel de galletas\" srcset=\"https:\/\/www.coatresa.com\/wp-content\/uploads\/2018\/06\/recubrimientos-antiadherentes-rodillo-troquel-galletas-300x300.png 300w, https:\/\/www.coatresa.com\/wp-content\/uploads\/2018\/06\/recubrimientos-antiadherentes-rodillo-troquel-galletas-150x150.png 150w, https:\/\/www.coatresa.com\/wp-content\/uploads\/2018\/06\/recubrimientos-antiadherentes-rodillo-troquel-galletas-230x230.png 230w, https:\/\/www.coatresa.com\/wp-content\/uploads\/2018\/06\/recubrimientos-antiadherentes-rodillo-troquel-galletas-350x350.png 350w, https:\/\/www.coatresa.com\/wp-content\/uploads\/2018\/06\/recubrimientos-antiadherentes-rodillo-troquel-galletas-480x480.png 480w, https:\/\/www.coatresa.com\/wp-content\/uploads\/2018\/06\/recubrimientos-antiadherentes-rodillo-troquel-galletas.png 737w\" sizes=\"auto, (max-width: 300px) 100vw, 300px\" \/>\t\t\t\t\t\t\t\t\t\t\t<\/div>\n\t\t\t\t\t<div class=\"sow-image-grid-image\">\n\t\t\t\t\t\t\t\t\t\t\t\t<img loading=\"lazy\" decoding=\"async\" width=\"300\" height=\"300\" src=\"https:\/\/www.coatresa.com\/wp-content\/uploads\/2018\/06\/recubrimientos-antiadherentes-tolva-masa-pan-300x300.png\" class=\"sow-image-grid-image_html\" alt=\"\" title=\"recubrimientos antiadherentes para tolva de masa de pan\" srcset=\"https:\/\/www.coatresa.com\/wp-content\/uploads\/2018\/06\/recubrimientos-antiadherentes-tolva-masa-pan-300x300.png 300w, https:\/\/www.coatresa.com\/wp-content\/uploads\/2018\/06\/recubrimientos-antiadherentes-tolva-masa-pan-150x150.png 150w, https:\/\/www.coatresa.com\/wp-content\/uploads\/2018\/06\/recubrimientos-antiadherentes-tolva-masa-pan-230x230.png 230w, https:\/\/www.coatresa.com\/wp-content\/uploads\/2018\/06\/recubrimientos-antiadherentes-tolva-masa-pan-350x350.png 350w, https:\/\/www.coatresa.com\/wp-content\/uploads\/2018\/06\/recubrimientos-antiadherentes-tolva-masa-pan-480x480.png 480w, https:\/\/www.coatresa.com\/wp-content\/uploads\/2018\/06\/recubrimientos-antiadherentes-tolva-masa-pan.png 737w\" sizes=\"auto, (max-width: 300px) 100vw, 300px\" \/>\t\t\t\t\t\t\t\t\t\t\t<\/div>\n\t\t\t\t\t<div class=\"sow-image-grid-image\">\n\t\t\t\t\t\t\t\t\t\t\t\t<img loading=\"lazy\" decoding=\"async\" width=\"300\" height=\"300\" src=\"https:\/\/www.coatresa.com\/wp-content\/uploads\/2018\/06\/recubrimientos-antiadherentes-troquel-galletas-300x300.png\" class=\"sow-image-grid-image_html\" alt=\"\" title=\"recubrimientos antiadherentes para troquel de galletas\" srcset=\"https:\/\/www.coatresa.com\/wp-content\/uploads\/2018\/06\/recubrimientos-antiadherentes-troquel-galletas-300x300.png 300w, https:\/\/www.coatresa.com\/wp-content\/uploads\/2018\/06\/recubrimientos-antiadherentes-troquel-galletas-150x150.png 150w, https:\/\/www.coatresa.com\/wp-content\/uploads\/2018\/06\/recubrimientos-antiadherentes-troquel-galletas-230x230.png 230w, https:\/\/www.coatresa.com\/wp-content\/uploads\/2018\/06\/recubrimientos-antiadherentes-troquel-galletas-350x350.png 350w, https:\/\/www.coatresa.com\/wp-content\/uploads\/2018\/06\/recubrimientos-antiadherentes-troquel-galletas-480x480.png 480w, https:\/\/www.coatresa.com\/wp-content\/uploads\/2018\/06\/recubrimientos-antiadherentes-troquel-galletas.png 737w\" sizes=\"auto, (max-width: 300px) 100vw, 300px\" \/>\t\t\t\t\t\t\t\t\t\t\t<\/div>\n\t\t\t<\/div>\n<\/div><\/div><\/div><\/div><\/div><\/div><div id=\"pg-10536-4\"  class=\"panel-grid panel-has-style\" ><div class=\"siteorigin-panels-stretch panel-row-style panel-row-style-for-10536-4\" style=\"background-image: url(https:\/\/www.coatresa.com\/wp-content\/uploads\/2018\/02\/recubrimientos-antiadherentes-automocion.jpg);padding: 50px 0; \" data-stretch-type=\"full\" data-hasbg=\"hasbg\" data-overlay=\"true\" data-overlay-color=\"#000000\" ><div id=\"pgc-10536-4-0\"  class=\"panel-grid-cell\" ><div id=\"panel-10536-4-0-0\" class=\"so-panel widget_sow-editor panel-first-child panel-last-child\" data-index=\"7\" ><div class=\"TEXTOS-DESTACATS blanc panel-widget-style panel-widget-style-for-10536-4-0-0\" style=\"text-align: left;\" data-title-color=\"#47425d\" data-headings-color=\"#443f3f\" data-title_alignment=\"center\" ><div\n\t\t\t\n\t\t\tclass=\"so-widget-sow-editor so-widget-sow-editor-base\"\n\t\t\t\n\t\t>\n<div class=\"siteorigin-widget-tinymce textwidget\">\n\t<p style=\"text-align: center;\">Unsere Hochleistungsanlagen k\u00f6nnen sowohl kleine Werkst\u00fccke mit einer vollst\u00e4ndig robotisierten und gesteuerten Anwendung bis zu gro\u00dfformatigen Werkst\u00fccken verarbeiten, die durch hochqualifiziertes Personal beschichtet werden.<\/p>\n<\/div>\n<\/div><\/div><\/div><\/div><\/div><\/div><\/div>","protected":false},"excerpt":{"rendered":"<p>Beschichtungen f\u00fcr Lebensmittelindustrie Die Lebensmittelindustrie verlangt minimale Stillstandzeiten, um den Produktionsprozess zu optimieren. In diesem Prozess ist es wichtig, dass sich keine [&hellip;]<\/p>\n","protected":false},"author":1,"featured_media":0,"parent":0,"menu_order":0,"comment_status":"closed","ping_status":"closed","template":"page-templates\/page_fullwidth.php","meta":{"footnotes":""},"class_list":["post-10536","page","type-page","status-publish","hentry"],"yoast_head":"<!-- This site is optimized with the Yoast SEO plugin v27.6 - https:\/\/yoast.com\/product\/yoast-seo-wordpress\/ -->\n<title>Beschichtungen f\u00fcr lebensmittelindustrie maschinen - Coatresa<\/title>\n<meta name=\"description\" content=\"Antihaftbeschichtungen f\u00fcr Lebensmittelmaschinen zum Kontakt mit Lebensmitteln gem\u00e4\u00df FDA 21 CFR 175.300, Verordnung (EG) 1935\/2004 und Verordnung EU 10\/2011\" \/>\n<meta name=\"robots\" content=\"index, follow, max-snippet:-1, max-image-preview:large, max-video-preview:-1\" \/>\n<link rel=\"canonical\" href=\"https:\/\/www.coatresa.com\/de\/beschichtungen-lebensmittelindustrie-maschinen\/\" \/>\n<meta property=\"og:locale\" content=\"de_DE\" \/>\n<meta property=\"og:type\" content=\"article\" \/>\n<meta property=\"og:title\" content=\"Beschichtungen f\u00fcr lebensmittelindustrie maschinen - Coatresa\" \/>\n<meta property=\"og:description\" content=\"Antihaftbeschichtungen f\u00fcr Lebensmittelmaschinen zum Kontakt mit Lebensmitteln gem\u00e4\u00df FDA 21 CFR 175.300, Verordnung (EG) 1935\/2004 und Verordnung EU 10\/2011\" \/>\n<meta property=\"og:url\" content=\"https:\/\/www.coatresa.com\/de\/beschichtungen-lebensmittelindustrie-maschinen\/\" \/>\n<meta property=\"og:site_name\" content=\"Coatresa\" \/>\n<meta property=\"article:publisher\" content=\"https:\/\/www.facebook.com\/Coatresa\/\" \/>\n<meta property=\"article:modified_time\" content=\"2018-09-10T14:01:27+00:00\" \/>\n<meta name=\"twitter:card\" content=\"summary_large_image\" \/>\n<meta name=\"twitter:site\" content=\"@Coatresa\" \/>\n<meta name=\"twitter:label1\" content=\"Gesch\u00e4tzte Lesezeit\" \/>\n\t<meta name=\"twitter:data1\" content=\"1\u00a0Minute\" \/>\n<script type=\"application\/ld+json\" class=\"yoast-schema-graph\">{\"@context\":\"https:\\\/\\\/schema.org\",\"@graph\":[{\"@type\":\"WebPage\",\"@id\":\"https:\\\/\\\/www.coatresa.com\\\/de\\\/beschichtungen-lebensmittelindustrie-maschinen\\\/\",\"url\":\"https:\\\/\\\/www.coatresa.com\\\/de\\\/beschichtungen-lebensmittelindustrie-maschinen\\\/\",\"name\":\"Beschichtungen f\u00fcr lebensmittelindustrie maschinen - Coatresa\",\"isPartOf\":{\"@id\":\"https:\\\/\\\/www.coatresa.com\\\/de\\\/#website\"},\"datePublished\":\"2018-06-25T15:23:10+00:00\",\"dateModified\":\"2018-09-10T14:01:27+00:00\",\"description\":\"Antihaftbeschichtungen f\u00fcr Lebensmittelmaschinen zum Kontakt mit Lebensmitteln gem\u00e4\u00df FDA 21 CFR 175.300, Verordnung (EG) 1935\\\/2004 und Verordnung EU 10\\\/2011\",\"breadcrumb\":{\"@id\":\"https:\\\/\\\/www.coatresa.com\\\/de\\\/beschichtungen-lebensmittelindustrie-maschinen\\\/#breadcrumb\"},\"inLanguage\":\"de\",\"potentialAction\":[{\"@type\":\"ReadAction\",\"target\":[\"https:\\\/\\\/www.coatresa.com\\\/de\\\/beschichtungen-lebensmittelindustrie-maschinen\\\/\"]}]},{\"@type\":\"BreadcrumbList\",\"@id\":\"https:\\\/\\\/www.coatresa.com\\\/de\\\/beschichtungen-lebensmittelindustrie-maschinen\\\/#breadcrumb\",\"itemListElement\":[{\"@type\":\"ListItem\",\"position\":1,\"name\":\"Portada\",\"item\":\"https:\\\/\\\/www.coatresa.com\\\/de\\\/\"},{\"@type\":\"ListItem\",\"position\":2,\"name\":\"Beschichtungen f\u00fcr lebensmittelindustrie maschinen\"}]},{\"@type\":\"WebSite\",\"@id\":\"https:\\\/\\\/www.coatresa.com\\\/de\\\/#website\",\"url\":\"https:\\\/\\\/www.coatresa.com\\\/de\\\/\",\"name\":\"Coatresa\",\"description\":\"Aplicaci\u00f3n de recubrimientos antiadherentes y anticorrosivos como el Teflon. Expertos del Powder Coating\",\"publisher\":{\"@id\":\"https:\\\/\\\/www.coatresa.com\\\/de\\\/#organization\"},\"potentialAction\":[{\"@type\":\"SearchAction\",\"target\":{\"@type\":\"EntryPoint\",\"urlTemplate\":\"https:\\\/\\\/www.coatresa.com\\\/de\\\/?s={search_term_string}\"},\"query-input\":{\"@type\":\"PropertyValueSpecification\",\"valueRequired\":true,\"valueName\":\"search_term_string\"}}],\"inLanguage\":\"de\"},{\"@type\":\"Organization\",\"@id\":\"https:\\\/\\\/www.coatresa.com\\\/de\\\/#organization\",\"name\":\"Coatresa\",\"url\":\"https:\\\/\\\/www.coatresa.com\\\/de\\\/\",\"logo\":{\"@type\":\"ImageObject\",\"inLanguage\":\"de\",\"@id\":\"https:\\\/\\\/www.coatresa.com\\\/de\\\/#\\\/schema\\\/logo\\\/image\\\/\",\"url\":\"https:\\\/\\\/www.coatresa.com\\\/wp-content\\\/uploads\\\/2022\\\/07\\\/A_blava_mitja_transp.png\",\"contentUrl\":\"https:\\\/\\\/www.coatresa.com\\\/wp-content\\\/uploads\\\/2022\\\/07\\\/A_blava_mitja_transp.png\",\"width\":340,\"height\":326,\"caption\":\"Coatresa\"},\"image\":{\"@id\":\"https:\\\/\\\/www.coatresa.com\\\/de\\\/#\\\/schema\\\/logo\\\/image\\\/\"},\"sameAs\":[\"https:\\\/\\\/www.facebook.com\\\/Coatresa\\\/\",\"https:\\\/\\\/x.com\\\/Coatresa\",\"https:\\\/\\\/www.linkedin.com\\\/company\\\/coatresa\\\/\",\"https:\\\/\\\/www.youtube.com\\\/user\\\/CoatresaCoatings\"]}]}<\/script>\n<!-- \/ Yoast SEO plugin. -->","yoast_head_json":{"title":"Beschichtungen f\u00fcr lebensmittelindustrie maschinen - Coatresa","description":"Antihaftbeschichtungen f\u00fcr Lebensmittelmaschinen zum Kontakt mit Lebensmitteln gem\u00e4\u00df FDA 21 CFR 175.300, Verordnung (EG) 1935\/2004 und Verordnung EU 10\/2011","robots":{"index":"index","follow":"follow","max-snippet":"max-snippet:-1","max-image-preview":"max-image-preview:large","max-video-preview":"max-video-preview:-1"},"canonical":"https:\/\/www.coatresa.com\/de\/beschichtungen-lebensmittelindustrie-maschinen\/","og_locale":"de_DE","og_type":"article","og_title":"Beschichtungen f\u00fcr lebensmittelindustrie maschinen - Coatresa","og_description":"Antihaftbeschichtungen f\u00fcr Lebensmittelmaschinen zum Kontakt mit Lebensmitteln gem\u00e4\u00df FDA 21 CFR 175.300, Verordnung (EG) 1935\/2004 und Verordnung EU 10\/2011","og_url":"https:\/\/www.coatresa.com\/de\/beschichtungen-lebensmittelindustrie-maschinen\/","og_site_name":"Coatresa","article_publisher":"https:\/\/www.facebook.com\/Coatresa\/","article_modified_time":"2018-09-10T14:01:27+00:00","twitter_card":"summary_large_image","twitter_site":"@Coatresa","twitter_misc":{"Gesch\u00e4tzte Lesezeit":"1\u00a0Minute"},"schema":{"@context":"https:\/\/schema.org","@graph":[{"@type":"WebPage","@id":"https:\/\/www.coatresa.com\/de\/beschichtungen-lebensmittelindustrie-maschinen\/","url":"https:\/\/www.coatresa.com\/de\/beschichtungen-lebensmittelindustrie-maschinen\/","name":"Beschichtungen f\u00fcr lebensmittelindustrie maschinen - Coatresa","isPartOf":{"@id":"https:\/\/www.coatresa.com\/de\/#website"},"datePublished":"2018-06-25T15:23:10+00:00","dateModified":"2018-09-10T14:01:27+00:00","description":"Antihaftbeschichtungen f\u00fcr Lebensmittelmaschinen zum Kontakt mit Lebensmitteln gem\u00e4\u00df FDA 21 CFR 175.300, Verordnung (EG) 1935\/2004 und Verordnung EU 10\/2011","breadcrumb":{"@id":"https:\/\/www.coatresa.com\/de\/beschichtungen-lebensmittelindustrie-maschinen\/#breadcrumb"},"inLanguage":"de","potentialAction":[{"@type":"ReadAction","target":["https:\/\/www.coatresa.com\/de\/beschichtungen-lebensmittelindustrie-maschinen\/"]}]},{"@type":"BreadcrumbList","@id":"https:\/\/www.coatresa.com\/de\/beschichtungen-lebensmittelindustrie-maschinen\/#breadcrumb","itemListElement":[{"@type":"ListItem","position":1,"name":"Portada","item":"https:\/\/www.coatresa.com\/de\/"},{"@type":"ListItem","position":2,"name":"Beschichtungen f\u00fcr lebensmittelindustrie maschinen"}]},{"@type":"WebSite","@id":"https:\/\/www.coatresa.com\/de\/#website","url":"https:\/\/www.coatresa.com\/de\/","name":"Coatresa","description":"Aplicaci\u00f3n de recubrimientos antiadherentes y anticorrosivos como el Teflon. Expertos del Powder Coating","publisher":{"@id":"https:\/\/www.coatresa.com\/de\/#organization"},"potentialAction":[{"@type":"SearchAction","target":{"@type":"EntryPoint","urlTemplate":"https:\/\/www.coatresa.com\/de\/?s={search_term_string}"},"query-input":{"@type":"PropertyValueSpecification","valueRequired":true,"valueName":"search_term_string"}}],"inLanguage":"de"},{"@type":"Organization","@id":"https:\/\/www.coatresa.com\/de\/#organization","name":"Coatresa","url":"https:\/\/www.coatresa.com\/de\/","logo":{"@type":"ImageObject","inLanguage":"de","@id":"https:\/\/www.coatresa.com\/de\/#\/schema\/logo\/image\/","url":"https:\/\/www.coatresa.com\/wp-content\/uploads\/2022\/07\/A_blava_mitja_transp.png","contentUrl":"https:\/\/www.coatresa.com\/wp-content\/uploads\/2022\/07\/A_blava_mitja_transp.png","width":340,"height":326,"caption":"Coatresa"},"image":{"@id":"https:\/\/www.coatresa.com\/de\/#\/schema\/logo\/image\/"},"sameAs":["https:\/\/www.facebook.com\/Coatresa\/","https:\/\/x.com\/Coatresa","https:\/\/www.linkedin.com\/company\/coatresa\/","https:\/\/www.youtube.com\/user\/CoatresaCoatings"]}]}},"_links":{"self":[{"href":"https:\/\/www.coatresa.com\/de\/wp-json\/wp\/v2\/pages\/10536","targetHints":{"allow":["GET"]}}],"collection":[{"href":"https:\/\/www.coatresa.com\/de\/wp-json\/wp\/v2\/pages"}],"about":[{"href":"https:\/\/www.coatresa.com\/de\/wp-json\/wp\/v2\/types\/page"}],"author":[{"embeddable":true,"href":"https:\/\/www.coatresa.com\/de\/wp-json\/wp\/v2\/users\/1"}],"replies":[{"embeddable":true,"href":"https:\/\/www.coatresa.com\/de\/wp-json\/wp\/v2\/comments?post=10536"}],"version-history":[{"count":0,"href":"https:\/\/www.coatresa.com\/de\/wp-json\/wp\/v2\/pages\/10536\/revisions"}],"wp:attachment":[{"href":"https:\/\/www.coatresa.com\/de\/wp-json\/wp\/v2\/media?parent=10536"}],"curies":[{"name":"wp","href":"https:\/\/api.w.org\/{rel}","templated":true}]}}