{"id":10539,"date":"2018-06-14T17:48:20","date_gmt":"2018-06-14T15:48:20","guid":{"rendered":"http:\/\/coatresa.com\/recubrimientos-para-menaje\/"},"modified":"2018-09-04T11:40:13","modified_gmt":"2018-09-04T09:40:13","slug":"beschichtungen-haushaltsutensilien","status":"publish","type":"page","link":"https:\/\/www.coatresa.com\/de\/beschichtungen-haushaltsutensilien\/","title":{"rendered":"Beschichtungen f\u00fcr Haushaltsutensilien"},"content":{"rendered":"<div id=\"pl-10539\"  class=\"panel-layout\" ><div id=\"pg-10539-0\"  class=\"panel-grid panel-has-style\" ><div style=\"padding: 0px 0; \" data-overlay=\"true\" data-overlay-color=\"#000000\" class=\"panel-row-style panel-row-style-for-10539-0\" ><div id=\"pgc-10539-0-0\"  class=\"panel-grid-cell\" ><div id=\"panel-10539-0-0-0\" class=\"so-panel widget_sow-image panel-first-child\" data-index=\"0\" ><div class=\"ICONA-MITJANA panel-widget-style panel-widget-style-for-10539-0-0-0\" style=\"text-align: left;\" data-title-color=\"#47425d\" data-headings-color=\"#443f3f\" data-title_alignment=\"center\" ><div\n\t\t\t\n\t\t\tclass=\"so-widget-sow-image so-widget-sow-image-default-c67d20f9f743-10539\"\n\t\t\t\n\t\t>\n<div class=\"sow-image-container\">\n\t\t<img \n\tsrc=\"https:\/\/www.coatresa.com\/wp-content\/uploads\/2018\/06\/recubrimientos-antiadherentes-menaje.png\" width=\"269\" height=\"269\" srcset=\"https:\/\/www.coatresa.com\/wp-content\/uploads\/2018\/06\/recubrimientos-antiadherentes-menaje.png 269w, https:\/\/www.coatresa.com\/wp-content\/uploads\/2018\/06\/recubrimientos-antiadherentes-menaje-150x150.png 150w, https:\/\/www.coatresa.com\/wp-content\/uploads\/2018\/06\/recubrimientos-antiadherentes-menaje-230x230.png 230w\" sizes=\"(max-width: 269px) 100vw, 269px\" title=\"recubrimientos antiadherentes para menaje\" alt=\"recubrimientos antiadherentes para menaje\" \t\tclass=\"so-widget-image\"\/>\n\t<\/div>\n\n<\/div><\/div><\/div><div id=\"panel-10539-0-0-1\" class=\"so-panel widget_sow-editor panel-last-child\" data-index=\"1\" ><div style=\"text-align: left;\" data-title-color=\"#47425d\" data-headings-color=\"#000000\" data-title_alignment=\"center\" class=\"panel-widget-style panel-widget-style-for-10539-0-0-1\" ><div\n\t\t\t\n\t\t\tclass=\"so-widget-sow-editor so-widget-sow-editor-base\"\n\t\t\t\n\t\t>\n<div class=\"siteorigin-widget-tinymce textwidget\">\n\t<h1 style=\"text-align: center;\">Beschichtungen f\u00fcr Haushaltsutensilien<\/h1>\n<hr \/>\n<p style=\"text-align: center;\">Seit den ersten Pfannen mit PTFE-Antihaftschicht in den 60er Jahren ist dieses Fluorpolymermaterial bei Haushaltsutensilien pr\u00e4sent: Pfannen, K\u00fcchenroboter, Plattengrills, Grills, Sandwichmaker, T\u00f6pfe, Fritteusen, Backformen, Backbleche und Beh\u00e4lter f\u00fcr den Ofen, Spezialmesser, Kaffeemaschinen, Entsafter etc. haben sich weiter entwickelt und verwenden derzeit nicht nur einfaches PTFE, sondern auch innovative L\u00f6sungen wie die j\u00fcngsten keramischen Beschichtungen, Beschichtungen mit Gesteinslook etc., die dauerhafte und attraktive Antihaftl\u00f6sungen bieten.<\/p>\n<p style=\"text-align: center;\">Die Techniken und Produkte haben sich mit der Zeit weiterentwickelt. Heute bieten die COATRESA-Gesch\u00e4ftsbereiche f\u00fcr Haushaltsutensilien die neuestens Technologien und innovative Produkte f\u00fcr jeden Branchenbedarf, sowohl im Hinblick auf die Technik als auch auf die Optik. COATRESA analysiert und verwendet die Grundstoffe der weltweit wichtigsten Hersteller, wie <b>Whitford<\/b>, <b>Chemours<\/b>, <b>Weilburger<\/b>, <b>Ilag<\/b> etc. und ist ein erfahrener Anwender von <b>Eterna<\/b>\u00ae, <b>Excalibur<\/b>\u00ae, <b>Quantum<\/b>\u00ae, <b>Quantanium<\/b>\u00ae, <b>Greblon<\/b>\u00ae, <b>Teflon<\/b>\u00ae, <b>Select<\/b>\u00ae, <b>Silverstone<\/b>\u00ae, <b>Platinum<\/b>\u00ae, <b>Eclipse\u00ae etc.<\/b><\/p>\n<\/div>\n<\/div><\/div><\/div><\/div><\/div><\/div><div id=\"pg-10539-1\"  class=\"panel-grid panel-has-style\" ><div class=\"FRANJA-BLAVA-TITOL siteorigin-panels-stretch panel-row-style panel-row-style-for-10539-1\" style=\"padding: 0px 0; \" data-stretch-type=\"full\" data-overlay=\"true\" data-overlay-color=\"#000000\" ><div id=\"pgc-10539-1-0\"  class=\"panel-grid-cell\" ><div id=\"panel-10539-1-0-0\" class=\"so-panel widget_sow-editor panel-first-child panel-last-child\" data-index=\"2\" ><div style=\"text-align: left;\" data-title-color=\"#47425d\" data-headings-color=\"#443f3f\" data-title_alignment=\"center\" class=\"panel-widget-style panel-widget-style-for-10539-1-0-0\" ><div\n\t\t\t\n\t\t\tclass=\"so-widget-sow-editor so-widget-sow-editor-base\"\n\t\t\t\n\t\t>\n<div class=\"siteorigin-widget-tinymce textwidget\">\n\t<h2 style=\"text-align: center;\">Hauptvorteile der Beschichtungen f\u00fcr Haushaltsutensilien<\/h2>\n<\/div>\n<\/div><\/div><\/div><\/div><\/div><\/div><div id=\"pg-10539-2\"  class=\"panel-grid panel-has-style\" ><div class=\"BGC-GRIS siteorigin-panels-stretch panel-row-style panel-row-style-for-10539-2\" style=\"padding: 40px 0; \" data-stretch-type=\"full\" data-overlay=\"true\" data-overlay-color=\"#000000\" ><div id=\"pgc-10539-2-0\"  class=\"panel-grid-cell\" ><div id=\"panel-10539-2-0-0\" class=\"so-panel widget_sow-image panel-first-child panel-last-child\" data-index=\"3\" ><div class=\"ICONA-GRAN panel-widget-style panel-widget-style-for-10539-2-0-0\" style=\"text-align: left;\" data-title-color=\"#47425d\" data-headings-color=\"#443f3f\" data-title_alignment=\"center\" ><div\n\t\t\t\n\t\t\tclass=\"so-widget-sow-image so-widget-sow-image-default-c67d20f9f743-10539\"\n\t\t\t\n\t\t>\n<div class=\"sow-image-container\">\n\t\t<img \n\tsrc=\"https:\/\/www.coatresa.com\/wp-content\/uploads\/2018\/02\/beneficios-recubrimientos-antiadherentes-anticorrosivos-industriales.png\" width=\"300\" height=\"300\" srcset=\"https:\/\/www.coatresa.com\/wp-content\/uploads\/2018\/02\/beneficios-recubrimientos-antiadherentes-anticorrosivos-industriales.png 300w, https:\/\/www.coatresa.com\/wp-content\/uploads\/2018\/02\/beneficios-recubrimientos-antiadherentes-anticorrosivos-industriales-150x150.png 150w, https:\/\/www.coatresa.com\/wp-content\/uploads\/2018\/02\/beneficios-recubrimientos-antiadherentes-anticorrosivos-industriales-230x230.png 230w\" sizes=\"(max-width: 300px) 100vw, 300px\" title=\"beneficios de los recubrimientos antiadherentes y anticorrosivos industriales\" alt=\"beneficios de los recubrimientos antiadherentes y anticorrosivos industriales\" \t\tclass=\"so-widget-image\"\/>\n\t<\/div>\n\n<\/div><\/div><\/div><\/div><div id=\"pgc-10539-2-1\"  class=\"panel-grid-cell\" ><div id=\"panel-10539-2-1-0\" class=\"so-panel widget_sow-editor panel-first-child panel-last-child\" data-index=\"4\" ><div class=\"TEXTOS-DESTACATS LLISTES panel-widget-style panel-widget-style-for-10539-2-1-0\" style=\"text-align: left;\" data-title-color=\"#47425d\" data-headings-color=\"#443f3f\" data-title_alignment=\"center\" ><div\n\t\t\t\n\t\t\tclass=\"so-widget-sow-editor so-widget-sow-editor-base\"\n\t\t\t\n\t\t>\n<div class=\"siteorigin-widget-tinymce textwidget\">\n\t<ul>\n<li>Weniger \u00d6lverbrauch<\/li>\n<li>Weniger Haftung der Lebensmittel an der Oberfl\u00e4che<\/li>\n<li>Einfachere Reinigung<\/li>\n<li>L\u00e4ngere Lebensdauer der Haushaltsutensilien<\/li>\n<\/ul>\n<\/div>\n<\/div><\/div><\/div><\/div><\/div><\/div><div id=\"pg-10539-3\"  class=\"panel-grid panel-has-style\" ><div class=\"siteorigin-panels-stretch panel-row-style panel-row-style-for-10539-3\" style=\"padding: 50px 0; \" data-stretch-type=\"full-stretched\" data-overlay=\"true\" data-overlay-color=\"#000000\" ><div id=\"pgc-10539-3-0\"  class=\"panel-grid-cell\" ><div id=\"panel-10539-3-0-0\" class=\"so-panel widget_sow-editor panel-first-child\" data-index=\"5\" ><div class=\"BLAU-FOSC panel-widget-style panel-widget-style-for-10539-3-0-0\" style=\"text-align: left;\" data-title-color=\"#47425d\" data-headings-color=\"#443f3f\" data-title_alignment=\"center\" ><div\n\t\t\t\n\t\t\tclass=\"so-widget-sow-editor so-widget-sow-editor-base\"\n\t\t\t\n\t\t>\n<div class=\"siteorigin-widget-tinymce textwidget\">\n\t<h2 style=\"text-align: center;\">Einige unserer Arbeiten f\u00fcr Haushaltsutensilien<\/h2>\n<\/div>\n<\/div><\/div><\/div><div id=\"panel-10539-3-0-1\" class=\"so-panel widget_sow-image-grid panel-last-child\" data-index=\"6\" ><div class=\"IMATGES-PORTFOLI panel-widget-style panel-widget-style-for-10539-3-0-1\" style=\"text-align: left;\" data-title-color=\"#47425d\" data-headings-color=\"#443f3f\" data-title_alignment=\"center\" ><div\n\t\t\t\n\t\t\tclass=\"so-widget-sow-image-grid so-widget-sow-image-grid-default-555de9c308f5-10539\"\n\t\t\t\n\t\t>\t<div\n\t\tclass=\"sow-image-grid-wrapper\"\n\t\t\t\t\t>\n\t\t\t\t\t<div class=\"sow-image-grid-image\">\n\t\t\t\t\t\t\t\t\t\t\t\t<img loading=\"lazy\" decoding=\"async\" width=\"300\" height=\"300\" src=\"https:\/\/www.coatresa.com\/wp-content\/uploads\/2018\/06\/recubrimientos-antiadherentes-cacerola-alta-300x300.png\" class=\"sow-image-grid-image_html\" alt=\"\" title=\"recubrimientos antiadherentes para cacerola alta\" srcset=\"https:\/\/www.coatresa.com\/wp-content\/uploads\/2018\/06\/recubrimientos-antiadherentes-cacerola-alta-300x300.png 300w, https:\/\/www.coatresa.com\/wp-content\/uploads\/2018\/06\/recubrimientos-antiadherentes-cacerola-alta-150x150.png 150w, https:\/\/www.coatresa.com\/wp-content\/uploads\/2018\/06\/recubrimientos-antiadherentes-cacerola-alta-230x230.png 230w, https:\/\/www.coatresa.com\/wp-content\/uploads\/2018\/06\/recubrimientos-antiadherentes-cacerola-alta-350x350.png 350w, https:\/\/www.coatresa.com\/wp-content\/uploads\/2018\/06\/recubrimientos-antiadherentes-cacerola-alta-480x480.png 480w, https:\/\/www.coatresa.com\/wp-content\/uploads\/2018\/06\/recubrimientos-antiadherentes-cacerola-alta.png 737w\" sizes=\"auto, (max-width: 300px) 100vw, 300px\" \/>\t\t\t\t\t\t\t\t\t\t\t<\/div>\n\t\t\t\t\t<div class=\"sow-image-grid-image\">\n\t\t\t\t\t\t\t\t\t\t\t\t<img loading=\"lazy\" decoding=\"async\" width=\"300\" height=\"300\" src=\"https:\/\/www.coatresa.com\/wp-content\/uploads\/2018\/06\/recubrimientos-antiadherentes-cuchillos-300x300.png\" class=\"sow-image-grid-image_html\" alt=\"\" title=\"recubrimientos antiadherentes para cuchillos\" srcset=\"https:\/\/www.coatresa.com\/wp-content\/uploads\/2018\/06\/recubrimientos-antiadherentes-cuchillos-300x300.png 300w, https:\/\/www.coatresa.com\/wp-content\/uploads\/2018\/06\/recubrimientos-antiadherentes-cuchillos-150x150.png 150w, https:\/\/www.coatresa.com\/wp-content\/uploads\/2018\/06\/recubrimientos-antiadherentes-cuchillos-230x230.png 230w, https:\/\/www.coatresa.com\/wp-content\/uploads\/2018\/06\/recubrimientos-antiadherentes-cuchillos-350x350.png 350w, https:\/\/www.coatresa.com\/wp-content\/uploads\/2018\/06\/recubrimientos-antiadherentes-cuchillos-480x480.png 480w, https:\/\/www.coatresa.com\/wp-content\/uploads\/2018\/06\/recubrimientos-antiadherentes-cuchillos.png 737w\" sizes=\"auto, (max-width: 300px) 100vw, 300px\" \/>\t\t\t\t\t\t\t\t\t\t\t<\/div>\n\t\t\t\t\t<div class=\"sow-image-grid-image\">\n\t\t\t\t\t\t\t\t\t\t\t\t<img loading=\"lazy\" decoding=\"async\" width=\"300\" height=\"300\" src=\"https:\/\/www.coatresa.com\/wp-content\/uploads\/2018\/06\/recubrimientos-antiadherentes-olla-expres-300x300.png\" class=\"sow-image-grid-image_html\" alt=\"\" title=\"recubrimientos antiadherentes para olla expres\" srcset=\"https:\/\/www.coatresa.com\/wp-content\/uploads\/2018\/06\/recubrimientos-antiadherentes-olla-expres-300x300.png 300w, https:\/\/www.coatresa.com\/wp-content\/uploads\/2018\/06\/recubrimientos-antiadherentes-olla-expres-150x150.png 150w, https:\/\/www.coatresa.com\/wp-content\/uploads\/2018\/06\/recubrimientos-antiadherentes-olla-expres-230x230.png 230w, https:\/\/www.coatresa.com\/wp-content\/uploads\/2018\/06\/recubrimientos-antiadherentes-olla-expres-350x350.png 350w, https:\/\/www.coatresa.com\/wp-content\/uploads\/2018\/06\/recubrimientos-antiadherentes-olla-expres-480x480.png 480w, https:\/\/www.coatresa.com\/wp-content\/uploads\/2018\/06\/recubrimientos-antiadherentes-olla-expres.png 737w\" sizes=\"auto, (max-width: 300px) 100vw, 300px\" \/>\t\t\t\t\t\t\t\t\t\t\t<\/div>\n\t\t\t\t\t<div class=\"sow-image-grid-image\">\n\t\t\t\t\t\t\t\t\t\t\t\t<img loading=\"lazy\" decoding=\"async\" width=\"300\" height=\"300\" src=\"https:\/\/www.coatresa.com\/wp-content\/uploads\/2018\/06\/recubrimientos-antiadherentes-plancha-grill-300x300.png\" class=\"sow-image-grid-image_html\" alt=\"\" title=\"recubrimientos antiadherentes para plancha grill\" srcset=\"https:\/\/www.coatresa.com\/wp-content\/uploads\/2018\/06\/recubrimientos-antiadherentes-plancha-grill-300x300.png 300w, https:\/\/www.coatresa.com\/wp-content\/uploads\/2018\/06\/recubrimientos-antiadherentes-plancha-grill-150x150.png 150w, https:\/\/www.coatresa.com\/wp-content\/uploads\/2018\/06\/recubrimientos-antiadherentes-plancha-grill-230x230.png 230w, https:\/\/www.coatresa.com\/wp-content\/uploads\/2018\/06\/recubrimientos-antiadherentes-plancha-grill-350x350.png 350w, https:\/\/www.coatresa.com\/wp-content\/uploads\/2018\/06\/recubrimientos-antiadherentes-plancha-grill-480x480.png 480w, https:\/\/www.coatresa.com\/wp-content\/uploads\/2018\/06\/recubrimientos-antiadherentes-plancha-grill.png 737w\" sizes=\"auto, (max-width: 300px) 100vw, 300px\" \/>\t\t\t\t\t\t\t\t\t\t\t<\/div>\n\t\t\t\t\t<div class=\"sow-image-grid-image\">\n\t\t\t\t\t\t\t\t\t\t\t\t<img loading=\"lazy\" decoding=\"async\" width=\"300\" height=\"300\" src=\"https:\/\/www.coatresa.com\/wp-content\/uploads\/2018\/06\/recubrimientos-ceramicos-sarten-300x300.png\" class=\"sow-image-grid-image_html\" alt=\"\" title=\"recubrimientos cer\u00e1micos para sart\u00e9n\" srcset=\"https:\/\/www.coatresa.com\/wp-content\/uploads\/2018\/06\/recubrimientos-ceramicos-sarten-300x300.png 300w, https:\/\/www.coatresa.com\/wp-content\/uploads\/2018\/06\/recubrimientos-ceramicos-sarten-150x150.png 150w, https:\/\/www.coatresa.com\/wp-content\/uploads\/2018\/06\/recubrimientos-ceramicos-sarten-230x230.png 230w, https:\/\/www.coatresa.com\/wp-content\/uploads\/2018\/06\/recubrimientos-ceramicos-sarten-350x350.png 350w, https:\/\/www.coatresa.com\/wp-content\/uploads\/2018\/06\/recubrimientos-ceramicos-sarten-480x480.png 480w, https:\/\/www.coatresa.com\/wp-content\/uploads\/2018\/06\/recubrimientos-ceramicos-sarten.png 737w\" sizes=\"auto, (max-width: 300px) 100vw, 300px\" \/>\t\t\t\t\t\t\t\t\t\t\t<\/div>\n\t\t\t<\/div>\n<\/div><\/div><\/div><\/div><\/div><\/div><div id=\"pg-10539-4\"  class=\"panel-grid panel-has-style\" ><div class=\"siteorigin-panels-stretch panel-row-style panel-row-style-for-10539-4\" style=\"background-image: url(https:\/\/www.coatresa.com\/wp-content\/uploads\/2018\/02\/recubrimientos-antiadherentes-automocion.jpg);padding: 50px 0; \" data-stretch-type=\"full\" data-hasbg=\"hasbg\" data-overlay=\"true\" data-overlay-color=\"#000000\" ><div id=\"pgc-10539-4-0\"  class=\"panel-grid-cell\" ><div id=\"panel-10539-4-0-0\" class=\"so-panel widget_sow-editor panel-first-child panel-last-child\" data-index=\"7\" ><div class=\"TEXTOS-DESTACATS blanc panel-widget-style panel-widget-style-for-10539-4-0-0\" style=\"text-align: left;\" data-title-color=\"#47425d\" data-headings-color=\"#443f3f\" data-title_alignment=\"center\" ><div\n\t\t\t\n\t\t\tclass=\"so-widget-sow-editor so-widget-sow-editor-base\"\n\t\t\t\n\t\t>\n<div class=\"siteorigin-widget-tinymce textwidget\">\n\t<p style=\"text-align: center;\">COATRESA bietet Antihaftl\u00f6sungen f\u00fcr nahezu jedes Substrat, das in Haushaltsutensilien Verwendung finden kann, beispielsweise Aluminium, rostfreier Stahl, Glas, Stahl, Eisen etc. Alle seine Produkte sind gem\u00e4\u00df den geltenden Vorschriften f\u00fcr den Kontakt mit Lebensmitteln zertifiziert.<\/p>\n<\/div>\n<\/div><\/div><\/div><\/div><\/div><\/div><\/div>","protected":false},"excerpt":{"rendered":"<p>Beschichtungen f\u00fcr Haushaltsutensilien Seit den ersten Pfannen mit PTFE-Antihaftschicht in den 60er Jahren ist dieses Fluorpolymermaterial bei Haushaltsutensilien pr\u00e4sent: Pfannen, K\u00fcchenroboter, Plattengrills, [&hellip;]<\/p>\n","protected":false},"author":1,"featured_media":0,"parent":0,"menu_order":0,"comment_status":"closed","ping_status":"closed","template":"page-templates\/page_fullwidth.php","meta":{"footnotes":""},"class_list":["post-10539","page","type-page","status-publish","hentry"],"yoast_head":"<!-- This site is optimized with the Yoast SEO plugin v27.6 - https:\/\/yoast.com\/product\/yoast-seo-wordpress\/ -->\n<title>Beschichtungen f\u00fcr Haushaltsutensilien - Coatresa<\/title>\n<meta name=\"description\" content=\"Applikation von PTFE-Antihaftbeschichtungen wie Teflon f\u00fcr Haushaltsutensilien. Von der klassischen Antihaftpfanne bis zur Keramikpfanne.\" \/>\n<meta name=\"robots\" content=\"index, follow, max-snippet:-1, max-image-preview:large, max-video-preview:-1\" \/>\n<link rel=\"canonical\" href=\"https:\/\/www.coatresa.com\/de\/beschichtungen-haushaltsutensilien\/\" \/>\n<meta property=\"og:locale\" content=\"de_DE\" \/>\n<meta property=\"og:type\" content=\"article\" \/>\n<meta property=\"og:title\" content=\"Beschichtungen f\u00fcr Haushaltsutensilien - Coatresa\" \/>\n<meta property=\"og:description\" content=\"Applikation von PTFE-Antihaftbeschichtungen wie Teflon f\u00fcr Haushaltsutensilien. Von der klassischen Antihaftpfanne bis zur Keramikpfanne.\" \/>\n<meta property=\"og:url\" content=\"https:\/\/www.coatresa.com\/de\/beschichtungen-haushaltsutensilien\/\" \/>\n<meta property=\"og:site_name\" content=\"Coatresa\" \/>\n<meta property=\"article:publisher\" content=\"https:\/\/www.facebook.com\/Coatresa\/\" \/>\n<meta property=\"article:modified_time\" content=\"2018-09-04T09:40:13+00:00\" \/>\n<meta name=\"twitter:card\" content=\"summary_large_image\" \/>\n<meta name=\"twitter:site\" content=\"@Coatresa\" \/>\n<meta name=\"twitter:label1\" content=\"Gesch\u00e4tzte Lesezeit\" \/>\n\t<meta name=\"twitter:data1\" content=\"1\u00a0Minute\" \/>\n<script type=\"application\/ld+json\" class=\"yoast-schema-graph\">{\"@context\":\"https:\\\/\\\/schema.org\",\"@graph\":[{\"@type\":\"WebPage\",\"@id\":\"https:\\\/\\\/www.coatresa.com\\\/de\\\/beschichtungen-haushaltsutensilien\\\/\",\"url\":\"https:\\\/\\\/www.coatresa.com\\\/de\\\/beschichtungen-haushaltsutensilien\\\/\",\"name\":\"Beschichtungen f\u00fcr Haushaltsutensilien - Coatresa\",\"isPartOf\":{\"@id\":\"https:\\\/\\\/www.coatresa.com\\\/de\\\/#website\"},\"datePublished\":\"2018-06-14T15:48:20+00:00\",\"dateModified\":\"2018-09-04T09:40:13+00:00\",\"description\":\"Applikation von PTFE-Antihaftbeschichtungen wie Teflon f\u00fcr Haushaltsutensilien. Von der klassischen Antihaftpfanne bis zur Keramikpfanne.\",\"breadcrumb\":{\"@id\":\"https:\\\/\\\/www.coatresa.com\\\/de\\\/beschichtungen-haushaltsutensilien\\\/#breadcrumb\"},\"inLanguage\":\"de\",\"potentialAction\":[{\"@type\":\"ReadAction\",\"target\":[\"https:\\\/\\\/www.coatresa.com\\\/de\\\/beschichtungen-haushaltsutensilien\\\/\"]}]},{\"@type\":\"BreadcrumbList\",\"@id\":\"https:\\\/\\\/www.coatresa.com\\\/de\\\/beschichtungen-haushaltsutensilien\\\/#breadcrumb\",\"itemListElement\":[{\"@type\":\"ListItem\",\"position\":1,\"name\":\"Portada\",\"item\":\"https:\\\/\\\/www.coatresa.com\\\/de\\\/\"},{\"@type\":\"ListItem\",\"position\":2,\"name\":\"Beschichtungen f\u00fcr Haushaltsutensilien\"}]},{\"@type\":\"WebSite\",\"@id\":\"https:\\\/\\\/www.coatresa.com\\\/de\\\/#website\",\"url\":\"https:\\\/\\\/www.coatresa.com\\\/de\\\/\",\"name\":\"Coatresa\",\"description\":\"Aplicaci\u00f3n de recubrimientos antiadherentes y anticorrosivos como el Teflon. Expertos del Powder Coating\",\"publisher\":{\"@id\":\"https:\\\/\\\/www.coatresa.com\\\/de\\\/#organization\"},\"potentialAction\":[{\"@type\":\"SearchAction\",\"target\":{\"@type\":\"EntryPoint\",\"urlTemplate\":\"https:\\\/\\\/www.coatresa.com\\\/de\\\/?s={search_term_string}\"},\"query-input\":{\"@type\":\"PropertyValueSpecification\",\"valueRequired\":true,\"valueName\":\"search_term_string\"}}],\"inLanguage\":\"de\"},{\"@type\":\"Organization\",\"@id\":\"https:\\\/\\\/www.coatresa.com\\\/de\\\/#organization\",\"name\":\"Coatresa\",\"url\":\"https:\\\/\\\/www.coatresa.com\\\/de\\\/\",\"logo\":{\"@type\":\"ImageObject\",\"inLanguage\":\"de\",\"@id\":\"https:\\\/\\\/www.coatresa.com\\\/de\\\/#\\\/schema\\\/logo\\\/image\\\/\",\"url\":\"https:\\\/\\\/www.coatresa.com\\\/wp-content\\\/uploads\\\/2022\\\/07\\\/A_blava_mitja_transp.png\",\"contentUrl\":\"https:\\\/\\\/www.coatresa.com\\\/wp-content\\\/uploads\\\/2022\\\/07\\\/A_blava_mitja_transp.png\",\"width\":340,\"height\":326,\"caption\":\"Coatresa\"},\"image\":{\"@id\":\"https:\\\/\\\/www.coatresa.com\\\/de\\\/#\\\/schema\\\/logo\\\/image\\\/\"},\"sameAs\":[\"https:\\\/\\\/www.facebook.com\\\/Coatresa\\\/\",\"https:\\\/\\\/x.com\\\/Coatresa\",\"https:\\\/\\\/www.linkedin.com\\\/company\\\/coatresa\\\/\",\"https:\\\/\\\/www.youtube.com\\\/user\\\/CoatresaCoatings\"]}]}<\/script>\n<!-- \/ Yoast SEO plugin. -->","yoast_head_json":{"title":"Beschichtungen f\u00fcr Haushaltsutensilien - Coatresa","description":"Applikation von PTFE-Antihaftbeschichtungen wie Teflon f\u00fcr Haushaltsutensilien. Von der klassischen Antihaftpfanne bis zur Keramikpfanne.","robots":{"index":"index","follow":"follow","max-snippet":"max-snippet:-1","max-image-preview":"max-image-preview:large","max-video-preview":"max-video-preview:-1"},"canonical":"https:\/\/www.coatresa.com\/de\/beschichtungen-haushaltsutensilien\/","og_locale":"de_DE","og_type":"article","og_title":"Beschichtungen f\u00fcr Haushaltsutensilien - Coatresa","og_description":"Applikation von PTFE-Antihaftbeschichtungen wie Teflon f\u00fcr Haushaltsutensilien. Von der klassischen Antihaftpfanne bis zur Keramikpfanne.","og_url":"https:\/\/www.coatresa.com\/de\/beschichtungen-haushaltsutensilien\/","og_site_name":"Coatresa","article_publisher":"https:\/\/www.facebook.com\/Coatresa\/","article_modified_time":"2018-09-04T09:40:13+00:00","twitter_card":"summary_large_image","twitter_site":"@Coatresa","twitter_misc":{"Gesch\u00e4tzte Lesezeit":"1\u00a0Minute"},"schema":{"@context":"https:\/\/schema.org","@graph":[{"@type":"WebPage","@id":"https:\/\/www.coatresa.com\/de\/beschichtungen-haushaltsutensilien\/","url":"https:\/\/www.coatresa.com\/de\/beschichtungen-haushaltsutensilien\/","name":"Beschichtungen f\u00fcr Haushaltsutensilien - Coatresa","isPartOf":{"@id":"https:\/\/www.coatresa.com\/de\/#website"},"datePublished":"2018-06-14T15:48:20+00:00","dateModified":"2018-09-04T09:40:13+00:00","description":"Applikation von PTFE-Antihaftbeschichtungen wie Teflon f\u00fcr Haushaltsutensilien. Von der klassischen Antihaftpfanne bis zur Keramikpfanne.","breadcrumb":{"@id":"https:\/\/www.coatresa.com\/de\/beschichtungen-haushaltsutensilien\/#breadcrumb"},"inLanguage":"de","potentialAction":[{"@type":"ReadAction","target":["https:\/\/www.coatresa.com\/de\/beschichtungen-haushaltsutensilien\/"]}]},{"@type":"BreadcrumbList","@id":"https:\/\/www.coatresa.com\/de\/beschichtungen-haushaltsutensilien\/#breadcrumb","itemListElement":[{"@type":"ListItem","position":1,"name":"Portada","item":"https:\/\/www.coatresa.com\/de\/"},{"@type":"ListItem","position":2,"name":"Beschichtungen f\u00fcr Haushaltsutensilien"}]},{"@type":"WebSite","@id":"https:\/\/www.coatresa.com\/de\/#website","url":"https:\/\/www.coatresa.com\/de\/","name":"Coatresa","description":"Aplicaci\u00f3n de recubrimientos antiadherentes y anticorrosivos como el Teflon. Expertos del Powder Coating","publisher":{"@id":"https:\/\/www.coatresa.com\/de\/#organization"},"potentialAction":[{"@type":"SearchAction","target":{"@type":"EntryPoint","urlTemplate":"https:\/\/www.coatresa.com\/de\/?s={search_term_string}"},"query-input":{"@type":"PropertyValueSpecification","valueRequired":true,"valueName":"search_term_string"}}],"inLanguage":"de"},{"@type":"Organization","@id":"https:\/\/www.coatresa.com\/de\/#organization","name":"Coatresa","url":"https:\/\/www.coatresa.com\/de\/","logo":{"@type":"ImageObject","inLanguage":"de","@id":"https:\/\/www.coatresa.com\/de\/#\/schema\/logo\/image\/","url":"https:\/\/www.coatresa.com\/wp-content\/uploads\/2022\/07\/A_blava_mitja_transp.png","contentUrl":"https:\/\/www.coatresa.com\/wp-content\/uploads\/2022\/07\/A_blava_mitja_transp.png","width":340,"height":326,"caption":"Coatresa"},"image":{"@id":"https:\/\/www.coatresa.com\/de\/#\/schema\/logo\/image\/"},"sameAs":["https:\/\/www.facebook.com\/Coatresa\/","https:\/\/x.com\/Coatresa","https:\/\/www.linkedin.com\/company\/coatresa\/","https:\/\/www.youtube.com\/user\/CoatresaCoatings"]}]}},"_links":{"self":[{"href":"https:\/\/www.coatresa.com\/de\/wp-json\/wp\/v2\/pages\/10539","targetHints":{"allow":["GET"]}}],"collection":[{"href":"https:\/\/www.coatresa.com\/de\/wp-json\/wp\/v2\/pages"}],"about":[{"href":"https:\/\/www.coatresa.com\/de\/wp-json\/wp\/v2\/types\/page"}],"author":[{"embeddable":true,"href":"https:\/\/www.coatresa.com\/de\/wp-json\/wp\/v2\/users\/1"}],"replies":[{"embeddable":true,"href":"https:\/\/www.coatresa.com\/de\/wp-json\/wp\/v2\/comments?post=10539"}],"version-history":[{"count":0,"href":"https:\/\/www.coatresa.com\/de\/wp-json\/wp\/v2\/pages\/10539\/revisions"}],"wp:attachment":[{"href":"https:\/\/www.coatresa.com\/de\/wp-json\/wp\/v2\/media?parent=10539"}],"curies":[{"name":"wp","href":"https:\/\/api.w.org\/{rel}","templated":true}]}}