{"id":10573,"date":"2018-07-12T17:29:52","date_gmt":"2018-07-12T15:29:52","guid":{"rendered":"http:\/\/coatresa.com\/recubrimientos-bechem\/"},"modified":"2018-09-04T13:44:09","modified_gmt":"2018-09-04T11:44:09","slug":"bechem-beschichtungen","status":"publish","type":"page","link":"https:\/\/www.coatresa.com\/de\/bechem-beschichtungen\/","title":{"rendered":"Bechem Beschichtungen"},"content":{"rendered":"<div id=\"pl-10573\"  class=\"panel-layout\" ><div id=\"pg-10573-0\"  class=\"panel-grid panel-has-style\" ><div style=\"padding: 0px 0; \" data-overlay=\"true\" data-overlay-color=\"#000000\" class=\"panel-row-style panel-row-style-for-10573-0\" ><div id=\"pgc-10573-0-0\"  class=\"panel-grid-cell\" ><div id=\"panel-10573-0-0-0\" class=\"so-panel widget_sow-image panel-first-child\" data-index=\"0\" ><div style=\"text-align: left;\" data-title-color=\"#47425d\" data-headings-color=\"#443f3f\" data-title_alignment=\"center\" class=\"panel-widget-style panel-widget-style-for-10573-0-0-0\" ><div\n\t\t\t\n\t\t\tclass=\"so-widget-sow-image so-widget-sow-image-default-c67d20f9f743-10573\"\n\t\t\t\n\t\t>\n<div class=\"sow-image-container\">\n\t\t<img \n\tsrc=\"https:\/\/www.coatresa.com\/wp-content\/uploads\/2018\/07\/recubrimientos-bechem.png\" width=\"124\" height=\"120\" sizes=\"(max-width: 124px) 100vw, 124px\" title=\"recubrimientos bechem\" alt=\"recubrimientos bechem\" \t\tclass=\"so-widget-image\"\/>\n\t<\/div>\n\n<\/div><\/div><\/div><div id=\"panel-10573-0-0-1\" class=\"so-panel widget_sow-editor panel-last-child\" data-index=\"1\" ><div style=\"text-align: left;\" data-title-color=\"#47425d\" data-headings-color=\"#000000\" data-title_alignment=\"center\" class=\"panel-widget-style panel-widget-style-for-10573-0-0-1\" ><div\n\t\t\t\n\t\t\tclass=\"so-widget-sow-editor so-widget-sow-editor-base\"\n\t\t\t\n\t\t>\n<div class=\"siteorigin-widget-tinymce textwidget\">\n\t<h1 style=\"text-align: center;\">Bechem Beschichtungen<\/h1>\n<hr \/>\n<p style=\"text-align: justify;\">Carl Bechem gr\u00fcndete 1834 die erste \u00d6lfabrik in Deutschland und wurde so zum ersten deutschen Hersteller von industriellen Schmierstoffen. Die erste Eisenbahnlinie wurde 1835 in Betrieb genommen und war bald darauf ein wichtiger Kunde von Bechem. Im 20. Jahrhundert fanden die Bechem-Beschichtungen in Zeppelin-Motoren und sp\u00e4ter f\u00fcr Getriebe weite Verbreitung.<\/p>\n<p style=\"text-align: justify;\">Gegen Ende des 20. Jahrhunderts lieferte Bechem Schmierstoffe f\u00fcr D\u00fcsen im Luft- und Raumfahrtsektor und 2011 gewann das Unternehmen f\u00fcr die Entwicklung von\u00a0Berufluid\u00ae, einem mineral\u00f6lfreien K\u00fchlschmierstoff auf der Grundlage von viskosem Wasser, den Deutschen Rohstoffeffizienzpreis.<\/p>\n<p style=\"text-align: justify;\">Bechem ist derzeit in 70 L\u00e4ndern vertreten und verf\u00fcgt \u00fcber 500 Mitarbeiter in aller Welt. Das Unternehmen ist ein Vorreiter im Bereich der wasserbasierten Schmiersysteme und der phosphatfreien Beschichtungssysteme und nimmt damit eine f\u00fchrende Position in der Schmiertechnik ein.<\/p>\n<\/div>\n<\/div><\/div><\/div><\/div><\/div><\/div><div id=\"pg-10573-1\"  class=\"panel-grid panel-has-style\" ><div class=\"FRANJA-BLAVA-TITOL siteorigin-panels-stretch panel-row-style panel-row-style-for-10573-1\" style=\"padding: 0px 0; \" data-stretch-type=\"full\" data-overlay=\"true\" data-overlay-color=\"#000000\" ><div id=\"pgc-10573-1-0\"  class=\"panel-grid-cell\" ><div id=\"panel-10573-1-0-0\" class=\"so-panel widget_sow-editor panel-first-child panel-last-child\" data-index=\"2\" ><div class=\"blanc panel-widget-style panel-widget-style-for-10573-1-0-0\" style=\"text-align: left;\" data-title-color=\"#47425d\" data-headings-color=\"#443f3f\" data-title_alignment=\"center\" ><div\n\t\t\t\n\t\t\tclass=\"so-widget-sow-editor so-widget-sow-editor-base\"\n\t\t\t\n\t\t>\n<div class=\"siteorigin-widget-tinymce textwidget\">\n\t<h2 style=\"text-align: center;\">Bechem Produkte<\/h2>\n<\/div>\n<\/div><\/div><\/div><\/div><\/div><\/div><div id=\"pg-10573-2\"  class=\"panel-grid panel-has-style\" ><div class=\"BGC-GRIS siteorigin-panels-stretch panel-row-style panel-row-style-for-10573-2\" style=\"padding: 50px 0; \" data-stretch-type=\"full\" data-overlay=\"true\" data-overlay-color=\"#000000\" ><div id=\"pgc-10573-2-0\"  class=\"panel-grid-cell\" ><div id=\"panel-10573-2-0-0\" class=\"so-panel widget_siteorigin-panels-builder panel-first-child panel-last-child\" data-index=\"3\" ><div style=\"text-align: left;\" data-title-color=\"#47425d\" data-headings-color=\"#443f3f\" data-title_alignment=\"center\" class=\"panel-widget-style panel-widget-style-for-10573-2-0-0\" ><div id=\"pl-w5b8e7009c645c\"  class=\"panel-layout\" ><div id=\"pg-w5b8e7009c645c-0\"  class=\"panel-grid panel-has-style\" ><div style=\"padding: 0px 0; \" data-overlay=\"true\" data-overlay-color=\"#000000\" class=\"panel-row-style panel-row-style-for-w5b8e7009c645c-0\" ><div id=\"pgc-w5b8e7009c645c-0-0\"  class=\"panel-grid-cell\" ><div id=\"panel-w5b8e7009c645c-0-0-0\" class=\"so-panel widget_sow-editor panel-first-child\" data-index=\"0\" ><div style=\"text-align: left;\" data-title-color=\"#47425d\" data-headings-color=\"#443f3f\" data-title_alignment=\"center\" class=\"panel-widget-style panel-widget-style-for-w5b8e7009c645c-0-0-0\" ><div\n\t\t\t\n\t\t\tclass=\"so-widget-sow-editor so-widget-sow-editor-base\"\n\t\t\t\n\t\t>\n<div class=\"siteorigin-widget-tinymce textwidget\">\n\t<p style=\"text-align: justify;\">Die Produktpalette von Bechem umfasst Schmierfette und Schmier\u00f6le, Schmiermittel zum Schneiden und Schleifen und zur Metallumformung, Produkte zur Reinigung und zum Schutz vor Korrosion sowie Beschichtungen mit niedrigem Reibwert, die in zahlreichen Branchen wie z.\u00a0B. der Automobilindustrie, im Eisenbahnbau, Bergbau, in der chemischen Industrie, der Elektronik, der Mechanik und der Pharmaindustrie zum Einsatz kommen.<\/p>\n<p style=\"text-align: justify;\">Berufluid\u00ae ist die Marke, unter der die wasserbasierten, erd\u00f6lfreien Schmiermittel vertrieben werden.<br \/>\nBeruforge\u00ae 150 ist die Alternative zu den Halbfertigprodukten aus Metall und phosphathaltigen Beschichtungen. Die Schmierstoffe zum Schneiden und Schleifen sowie zur Metallumformung sind umweltfreundlich und energieeffizient.<br \/>\nBechem bietet au\u00dferdem Produkte zur Reinigung und zum Schutz von Metallen mit einer ausgezeichneten Emulsionstechnologie.<\/p>\n<\/div>\n<\/div><\/div><\/div><div id=\"panel-w5b8e7009c645c-0-0-1\" class=\"so-panel widget_sow-editor panel-last-child\" data-index=\"1\" ><div class=\"TEXTOS-DESTACATS panel-widget-style panel-widget-style-for-w5b8e7009c645c-0-0-1\" style=\"text-align: left;\" data-title-color=\"#47425d\" data-headings-color=\"#443f3f\" data-title_alignment=\"center\" ><div\n\t\t\t\n\t\t\tclass=\"so-widget-sow-editor so-widget-sow-editor-base\"\n\t\t\t\n\t\t>\n<div class=\"siteorigin-widget-tinymce textwidget\">\n\t<p style=\"text-align: center;\">Unter der Marke Berucoat werden Beschichtungssysteme auf der Grundlage der Mikrokapsel-Technologie mit niedrigem Reibwert angeboten, die die Eigenschaften von Gleitbeschichtungen mit MoS2 \u00fcbertreffen.<\/p>\n<\/div>\n<\/div><\/div><\/div><\/div><\/div><\/div><div id=\"pg-w5b8e7009c645c-1\"  class=\"panel-grid panel-has-style\" ><div style=\"padding: 0px 0; \" data-overlay=\"true\" data-overlay-color=\"#000000\" class=\"panel-row-style panel-row-style-for-w5b8e7009c645c-1\" ><div id=\"pgc-w5b8e7009c645c-1-0\"  class=\"panel-grid-cell panel-grid-cell-empty\" ><div class=\"BGC-BLANC panel-cell-style panel-cell-style-for-w5b8e7009c645c-1-0\" ><\/div><\/div><div id=\"pgc-w5b8e7009c645c-1-1\"  class=\"panel-grid-cell panel-grid-cell-mobile-last\" ><div class=\"BGC-BLANC panel-cell-style panel-cell-style-for-w5b8e7009c645c-1-1\" ><div id=\"panel-w5b8e7009c645c-1-1-0\" class=\"so-panel widget_sow-image panel-first-child panel-last-child\" data-index=\"2\" ><div class=\"PADDING-H-1 AUGMENTAR-ICONA panel-widget-style panel-widget-style-for-w5b8e7009c645c-1-1-0\" style=\"text-align: left;\" data-title-color=\"#47425d\" data-headings-color=\"#443f3f\" data-title_alignment=\"center\" ><div\n\t\t\t\n\t\t\tclass=\"so-widget-sow-image so-widget-sow-image-default-c67d20f9f743\"\n\t\t\t\n\t\t>\n<div class=\"sow-image-container\">\n\t\t\t<a href=\"\/de\/bechem-berucoat-Beschichtung\"\n\t\t\t\t\t>\n\t\t\t<img \n\tsrc=\"https:\/\/www.coatresa.com\/wp-content\/uploads\/2018\/07\/recubrimientos-bechem-berucoat.png\" width=\"197\" height=\"197\" srcset=\"https:\/\/www.coatresa.com\/wp-content\/uploads\/2018\/07\/recubrimientos-bechem-berucoat.png 197w, https:\/\/www.coatresa.com\/wp-content\/uploads\/2018\/07\/recubrimientos-bechem-berucoat-150x150.png 150w\" sizes=\"(max-width: 197px) 100vw, 197px\" title=\"recubrimientos Bechem Berucoat\" alt=\"recubrimientos Bechem Berucoat\" \t\tclass=\"so-widget-image\"\/>\n\t\t\t<\/a><\/div>\n\n<\/div><\/div><\/div><\/div><\/div><div id=\"pgc-w5b8e7009c645c-1-2\"  class=\"panel-grid-cell panel-grid-cell-empty\" ><div class=\"BGC-BLANC panel-cell-style panel-cell-style-for-w5b8e7009c645c-1-2\" ><\/div><\/div><\/div><\/div><\/div><\/div><\/div><\/div><\/div><\/div><\/div>","protected":false},"excerpt":{"rendered":"<p>Bechem Beschichtungen Carl Bechem gr\u00fcndete 1834 die erste \u00d6lfabrik in Deutschland und wurde so zum ersten deutschen Hersteller von industriellen Schmierstoffen. Die [&hellip;]<\/p>\n","protected":false},"author":1,"featured_media":7402,"parent":0,"menu_order":0,"comment_status":"closed","ping_status":"closed","template":"page-templates\/page_fullwidth.php","meta":{"footnotes":""},"class_list":["post-10573","page","type-page","status-publish","has-post-thumbnail","hentry"],"yoast_head":"<!-- This site is optimized with the Yoast SEO plugin v27.3 - https:\/\/yoast.com\/product\/yoast-seo-wordpress\/ -->\n<title>Bechem Beschichtungen - Coatresa<\/title>\n<meta name=\"description\" content=\"Bechem Beschichtungen\u00a0: wasserbasierte Schmierung und phosphatfreie Gleitbeschichtungssysteme. Berufluid, Beruforge 150 und Berucoat. Informieren Sie sich!\" \/>\n<meta name=\"robots\" content=\"index, follow, max-snippet:-1, max-image-preview:large, max-video-preview:-1\" \/>\n<link rel=\"canonical\" href=\"https:\/\/www.coatresa.com\/de\/bechem-beschichtungen\/\" \/>\n<meta property=\"og:locale\" content=\"de_DE\" \/>\n<meta property=\"og:type\" content=\"article\" \/>\n<meta property=\"og:title\" content=\"Bechem Beschichtungen - Coatresa\" \/>\n<meta property=\"og:description\" content=\"Bechem Beschichtungen\u00a0: wasserbasierte Schmierung und phosphatfreie Gleitbeschichtungssysteme. Berufluid, Beruforge 150 und Berucoat. Informieren Sie sich!\" \/>\n<meta property=\"og:url\" content=\"https:\/\/www.coatresa.com\/de\/bechem-beschichtungen\/\" \/>\n<meta property=\"og:site_name\" content=\"Coatresa\" \/>\n<meta property=\"article:publisher\" content=\"https:\/\/www.facebook.com\/Coatresa\/\" \/>\n<meta property=\"article:modified_time\" content=\"2018-09-04T11:44:09+00:00\" \/>\n<meta property=\"og:image\" content=\"https:\/\/www.coatresa.com\/wp-content\/uploads\/2018\/07\/recubrimientos-bechem.png\" \/>\n\t<meta property=\"og:image:width\" content=\"124\" \/>\n\t<meta property=\"og:image:height\" content=\"120\" \/>\n\t<meta property=\"og:image:type\" content=\"image\/png\" \/>\n<meta name=\"twitter:card\" content=\"summary_large_image\" \/>\n<meta name=\"twitter:site\" content=\"@Coatresa\" \/>\n<meta name=\"twitter:label1\" content=\"Gesch\u00e4tzte Lesezeit\" \/>\n\t<meta name=\"twitter:data1\" content=\"1\u00a0Minute\" \/>\n<script type=\"application\/ld+json\" class=\"yoast-schema-graph\">{\"@context\":\"https:\\\/\\\/schema.org\",\"@graph\":[{\"@type\":\"WebPage\",\"@id\":\"https:\\\/\\\/www.coatresa.com\\\/de\\\/bechem-beschichtungen\\\/\",\"url\":\"https:\\\/\\\/www.coatresa.com\\\/de\\\/bechem-beschichtungen\\\/\",\"name\":\"Bechem Beschichtungen - Coatresa\",\"isPartOf\":{\"@id\":\"https:\\\/\\\/www.coatresa.com\\\/de\\\/#website\"},\"primaryImageOfPage\":{\"@id\":\"https:\\\/\\\/www.coatresa.com\\\/de\\\/bechem-beschichtungen\\\/#primaryimage\"},\"image\":{\"@id\":\"https:\\\/\\\/www.coatresa.com\\\/de\\\/bechem-beschichtungen\\\/#primaryimage\"},\"thumbnailUrl\":\"https:\\\/\\\/www.coatresa.com\\\/wp-content\\\/uploads\\\/2018\\\/07\\\/recubrimientos-bechem.png\",\"datePublished\":\"2018-07-12T15:29:52+00:00\",\"dateModified\":\"2018-09-04T11:44:09+00:00\",\"description\":\"Bechem Beschichtungen\u00a0: wasserbasierte Schmierung und phosphatfreie Gleitbeschichtungssysteme. Berufluid, Beruforge 150 und Berucoat. Informieren Sie sich!\",\"breadcrumb\":{\"@id\":\"https:\\\/\\\/www.coatresa.com\\\/de\\\/bechem-beschichtungen\\\/#breadcrumb\"},\"inLanguage\":\"de\",\"potentialAction\":[{\"@type\":\"ReadAction\",\"target\":[\"https:\\\/\\\/www.coatresa.com\\\/de\\\/bechem-beschichtungen\\\/\"]}]},{\"@type\":\"ImageObject\",\"inLanguage\":\"de\",\"@id\":\"https:\\\/\\\/www.coatresa.com\\\/de\\\/bechem-beschichtungen\\\/#primaryimage\",\"url\":\"https:\\\/\\\/www.coatresa.com\\\/wp-content\\\/uploads\\\/2018\\\/07\\\/recubrimientos-bechem.png\",\"contentUrl\":\"https:\\\/\\\/www.coatresa.com\\\/wp-content\\\/uploads\\\/2018\\\/07\\\/recubrimientos-bechem.png\",\"width\":124,\"height\":120,\"caption\":\"recubrimientos bechem\"},{\"@type\":\"BreadcrumbList\",\"@id\":\"https:\\\/\\\/www.coatresa.com\\\/de\\\/bechem-beschichtungen\\\/#breadcrumb\",\"itemListElement\":[{\"@type\":\"ListItem\",\"position\":1,\"name\":\"Portada\",\"item\":\"https:\\\/\\\/www.coatresa.com\\\/de\\\/\"},{\"@type\":\"ListItem\",\"position\":2,\"name\":\"Bechem Beschichtungen\"}]},{\"@type\":\"WebSite\",\"@id\":\"https:\\\/\\\/www.coatresa.com\\\/de\\\/#website\",\"url\":\"https:\\\/\\\/www.coatresa.com\\\/de\\\/\",\"name\":\"Coatresa\",\"description\":\"Aplicaci\u00f3n de recubrimientos antiadherentes y anticorrosivos como el Teflon. Expertos del Powder Coating\",\"publisher\":{\"@id\":\"https:\\\/\\\/www.coatresa.com\\\/de\\\/#organization\"},\"potentialAction\":[{\"@type\":\"SearchAction\",\"target\":{\"@type\":\"EntryPoint\",\"urlTemplate\":\"https:\\\/\\\/www.coatresa.com\\\/de\\\/?s={search_term_string}\"},\"query-input\":{\"@type\":\"PropertyValueSpecification\",\"valueRequired\":true,\"valueName\":\"search_term_string\"}}],\"inLanguage\":\"de\"},{\"@type\":\"Organization\",\"@id\":\"https:\\\/\\\/www.coatresa.com\\\/de\\\/#organization\",\"name\":\"Coatresa\",\"url\":\"https:\\\/\\\/www.coatresa.com\\\/de\\\/\",\"logo\":{\"@type\":\"ImageObject\",\"inLanguage\":\"de\",\"@id\":\"https:\\\/\\\/www.coatresa.com\\\/de\\\/#\\\/schema\\\/logo\\\/image\\\/\",\"url\":\"https:\\\/\\\/www.coatresa.com\\\/wp-content\\\/uploads\\\/2022\\\/07\\\/A_blava_mitja_transp.png\",\"contentUrl\":\"https:\\\/\\\/www.coatresa.com\\\/wp-content\\\/uploads\\\/2022\\\/07\\\/A_blava_mitja_transp.png\",\"width\":340,\"height\":326,\"caption\":\"Coatresa\"},\"image\":{\"@id\":\"https:\\\/\\\/www.coatresa.com\\\/de\\\/#\\\/schema\\\/logo\\\/image\\\/\"},\"sameAs\":[\"https:\\\/\\\/www.facebook.com\\\/Coatresa\\\/\",\"https:\\\/\\\/x.com\\\/Coatresa\",\"https:\\\/\\\/www.linkedin.com\\\/company\\\/coatresa\\\/\",\"https:\\\/\\\/www.youtube.com\\\/user\\\/CoatresaCoatings\"]}]}<\/script>\n<!-- \/ Yoast SEO plugin. -->","yoast_head_json":{"title":"Bechem Beschichtungen - Coatresa","description":"Bechem Beschichtungen\u00a0: wasserbasierte Schmierung und phosphatfreie Gleitbeschichtungssysteme. Berufluid, Beruforge 150 und Berucoat. Informieren Sie sich!","robots":{"index":"index","follow":"follow","max-snippet":"max-snippet:-1","max-image-preview":"max-image-preview:large","max-video-preview":"max-video-preview:-1"},"canonical":"https:\/\/www.coatresa.com\/de\/bechem-beschichtungen\/","og_locale":"de_DE","og_type":"article","og_title":"Bechem Beschichtungen - Coatresa","og_description":"Bechem Beschichtungen\u00a0: wasserbasierte Schmierung und phosphatfreie Gleitbeschichtungssysteme. Berufluid, Beruforge 150 und Berucoat. Informieren Sie sich!","og_url":"https:\/\/www.coatresa.com\/de\/bechem-beschichtungen\/","og_site_name":"Coatresa","article_publisher":"https:\/\/www.facebook.com\/Coatresa\/","article_modified_time":"2018-09-04T11:44:09+00:00","og_image":[{"width":124,"height":120,"url":"https:\/\/www.coatresa.com\/wp-content\/uploads\/2018\/07\/recubrimientos-bechem.png","type":"image\/png"}],"twitter_card":"summary_large_image","twitter_site":"@Coatresa","twitter_misc":{"Gesch\u00e4tzte Lesezeit":"1\u00a0Minute"},"schema":{"@context":"https:\/\/schema.org","@graph":[{"@type":"WebPage","@id":"https:\/\/www.coatresa.com\/de\/bechem-beschichtungen\/","url":"https:\/\/www.coatresa.com\/de\/bechem-beschichtungen\/","name":"Bechem Beschichtungen - Coatresa","isPartOf":{"@id":"https:\/\/www.coatresa.com\/de\/#website"},"primaryImageOfPage":{"@id":"https:\/\/www.coatresa.com\/de\/bechem-beschichtungen\/#primaryimage"},"image":{"@id":"https:\/\/www.coatresa.com\/de\/bechem-beschichtungen\/#primaryimage"},"thumbnailUrl":"https:\/\/www.coatresa.com\/wp-content\/uploads\/2018\/07\/recubrimientos-bechem.png","datePublished":"2018-07-12T15:29:52+00:00","dateModified":"2018-09-04T11:44:09+00:00","description":"Bechem Beschichtungen\u00a0: wasserbasierte Schmierung und phosphatfreie Gleitbeschichtungssysteme. Berufluid, Beruforge 150 und Berucoat. Informieren Sie sich!","breadcrumb":{"@id":"https:\/\/www.coatresa.com\/de\/bechem-beschichtungen\/#breadcrumb"},"inLanguage":"de","potentialAction":[{"@type":"ReadAction","target":["https:\/\/www.coatresa.com\/de\/bechem-beschichtungen\/"]}]},{"@type":"ImageObject","inLanguage":"de","@id":"https:\/\/www.coatresa.com\/de\/bechem-beschichtungen\/#primaryimage","url":"https:\/\/www.coatresa.com\/wp-content\/uploads\/2018\/07\/recubrimientos-bechem.png","contentUrl":"https:\/\/www.coatresa.com\/wp-content\/uploads\/2018\/07\/recubrimientos-bechem.png","width":124,"height":120,"caption":"recubrimientos bechem"},{"@type":"BreadcrumbList","@id":"https:\/\/www.coatresa.com\/de\/bechem-beschichtungen\/#breadcrumb","itemListElement":[{"@type":"ListItem","position":1,"name":"Portada","item":"https:\/\/www.coatresa.com\/de\/"},{"@type":"ListItem","position":2,"name":"Bechem Beschichtungen"}]},{"@type":"WebSite","@id":"https:\/\/www.coatresa.com\/de\/#website","url":"https:\/\/www.coatresa.com\/de\/","name":"Coatresa","description":"Aplicaci\u00f3n de recubrimientos antiadherentes y anticorrosivos como el Teflon. Expertos del Powder Coating","publisher":{"@id":"https:\/\/www.coatresa.com\/de\/#organization"},"potentialAction":[{"@type":"SearchAction","target":{"@type":"EntryPoint","urlTemplate":"https:\/\/www.coatresa.com\/de\/?s={search_term_string}"},"query-input":{"@type":"PropertyValueSpecification","valueRequired":true,"valueName":"search_term_string"}}],"inLanguage":"de"},{"@type":"Organization","@id":"https:\/\/www.coatresa.com\/de\/#organization","name":"Coatresa","url":"https:\/\/www.coatresa.com\/de\/","logo":{"@type":"ImageObject","inLanguage":"de","@id":"https:\/\/www.coatresa.com\/de\/#\/schema\/logo\/image\/","url":"https:\/\/www.coatresa.com\/wp-content\/uploads\/2022\/07\/A_blava_mitja_transp.png","contentUrl":"https:\/\/www.coatresa.com\/wp-content\/uploads\/2022\/07\/A_blava_mitja_transp.png","width":340,"height":326,"caption":"Coatresa"},"image":{"@id":"https:\/\/www.coatresa.com\/de\/#\/schema\/logo\/image\/"},"sameAs":["https:\/\/www.facebook.com\/Coatresa\/","https:\/\/x.com\/Coatresa","https:\/\/www.linkedin.com\/company\/coatresa\/","https:\/\/www.youtube.com\/user\/CoatresaCoatings"]}]}},"_links":{"self":[{"href":"https:\/\/www.coatresa.com\/de\/wp-json\/wp\/v2\/pages\/10573","targetHints":{"allow":["GET"]}}],"collection":[{"href":"https:\/\/www.coatresa.com\/de\/wp-json\/wp\/v2\/pages"}],"about":[{"href":"https:\/\/www.coatresa.com\/de\/wp-json\/wp\/v2\/types\/page"}],"author":[{"embeddable":true,"href":"https:\/\/www.coatresa.com\/de\/wp-json\/wp\/v2\/users\/1"}],"replies":[{"embeddable":true,"href":"https:\/\/www.coatresa.com\/de\/wp-json\/wp\/v2\/comments?post=10573"}],"version-history":[{"count":0,"href":"https:\/\/www.coatresa.com\/de\/wp-json\/wp\/v2\/pages\/10573\/revisions"}],"wp:featuredmedia":[{"embeddable":true,"href":"https:\/\/www.coatresa.com\/de\/wp-json\/wp\/v2\/media\/7402"}],"wp:attachment":[{"href":"https:\/\/www.coatresa.com\/de\/wp-json\/wp\/v2\/media?parent=10573"}],"curies":[{"name":"wp","href":"https:\/\/api.w.org\/{rel}","templated":true}]}}