{"id":10578,"date":"2018-07-12T17:40:21","date_gmt":"2018-07-12T15:40:21","guid":{"rendered":"http:\/\/coatresa.com\/recubrimientos-bechem-berucoat\/"},"modified":"2019-05-08T09:51:38","modified_gmt":"2019-05-08T07:51:38","slug":"bechem-berucoat-beschichtung","status":"publish","type":"page","link":"https:\/\/www.coatresa.com\/de\/bechem-berucoat-beschichtung\/","title":{"rendered":"Berucoat Beschichtung"},"content":{"rendered":"<div id=\"pl-10578\"  class=\"panel-layout\" ><div id=\"pg-10578-0\"  class=\"panel-grid panel-has-style\" ><div style=\"padding: 0px 0; \" data-overlay=\"true\" data-overlay-color=\"#000000\" class=\"panel-row-style panel-row-style-for-10578-0\" ><div id=\"pgc-10578-0-0\"  class=\"panel-grid-cell\" ><div id=\"panel-10578-0-0-0\" class=\"so-panel widget_sow-image panel-first-child panel-last-child\" data-index=\"0\" ><div style=\"text-align: left;\" data-title-color=\"#47425d\" data-headings-color=\"#443f3f\" data-title_alignment=\"center\" class=\"panel-widget-style panel-widget-style-for-10578-0-0-0\" ><div\n\t\t\t\n\t\t\tclass=\"so-widget-sow-image so-widget-sow-image-default-c67d20f9f743-10578\"\n\t\t\t\n\t\t>\n<div class=\"sow-image-container\">\n\t\t<img \n\tsrc=\"https:\/\/www.coatresa.com\/wp-content\/uploads\/2018\/07\/recubrimientos-bechem-berucoat.png\" width=\"197\" height=\"197\" srcset=\"https:\/\/www.coatresa.com\/wp-content\/uploads\/2018\/07\/recubrimientos-bechem-berucoat.png 197w, https:\/\/www.coatresa.com\/wp-content\/uploads\/2018\/07\/recubrimientos-bechem-berucoat-150x150.png 150w\" sizes=\"(max-width: 197px) 100vw, 197px\" title=\"recubrimientos Bechem Berucoat\" alt=\"recubrimientos Bechem Berucoat\" \t\tclass=\"so-widget-image\"\/>\n\t<\/div>\n\n<\/div><\/div><\/div><\/div><div id=\"pgc-10578-0-1\"  class=\"panel-grid-cell\" ><div id=\"panel-10578-0-1-0\" class=\"so-panel widget_sow-editor panel-first-child panel-last-child\" data-index=\"1\" ><div style=\"text-align: left;\" data-title-color=\"#47425d\" data-headings-color=\"#000000\" data-title_alignment=\"center\" class=\"panel-widget-style panel-widget-style-for-10578-0-1-0\" ><div\n\t\t\t\n\t\t\tclass=\"so-widget-sow-editor so-widget-sow-editor-base\"\n\t\t\t\n\t\t>\n<div class=\"siteorigin-widget-tinymce textwidget\">\n\t<h1 style=\"text-align: left;\">Berucoat \u00ae Beschichtung<\/h1>\n<hr align=\"left\" \/>\n<p style=\"text-align: justify;\"><b>Berucoat<\/b>\u00ae ist die Marke von Bechem f\u00fcr Gleitbeschichtungen. Es handelt sich um Trockenschmierstoffe, die Industrielacken \u00e4hnlich sind und meist aus Molybd\u00e4ndisulfid, Graphit und PTFE bestehen.<\/p>\n<\/div>\n<\/div><\/div><\/div><\/div><\/div><\/div><div id=\"pg-10578-1\"  class=\"panel-grid panel-has-style\" ><div class=\"FRANJA-BLAVA-TITOL siteorigin-panels-stretch panel-row-style panel-row-style-for-10578-1\" style=\"padding: 0px 0; \" data-stretch-type=\"full\" data-overlay=\"true\" data-overlay-color=\"#000000\" ><div id=\"pgc-10578-1-0\"  class=\"panel-grid-cell\" ><div id=\"panel-10578-1-0-0\" class=\"so-panel widget_sow-editor panel-first-child panel-last-child\" data-index=\"2\" ><div class=\"blanc panel-widget-style panel-widget-style-for-10578-1-0-0\" style=\"text-align: left;\" data-title-color=\"#47425d\" data-headings-color=\"#443f3f\" data-title_alignment=\"center\" ><div\n\t\t\t\n\t\t\tclass=\"so-widget-sow-editor so-widget-sow-editor-base\"\n\t\t\t\n\t\t>\n<div class=\"siteorigin-widget-tinymce textwidget\">\n\t<h2 style=\"text-align: center;\">Leistungsmerkmale und Applikation von Berucoat \u00ae Beschichtung<\/h2>\n<\/div>\n<\/div><\/div><\/div><\/div><\/div><\/div><div id=\"pg-10578-2\"  class=\"panel-grid panel-has-style\" ><div class=\"BGC-GRIS siteorigin-panels-stretch panel-row-style panel-row-style-for-10578-2\" style=\"padding: 40px 0; \" data-stretch-type=\"full\" data-overlay=\"true\" data-overlay-color=\"#000000\" ><div id=\"pgc-10578-2-0\"  class=\"panel-grid-cell\" ><div id=\"panel-10578-2-0-0\" class=\"so-panel widget_sow-image panel-first-child\" data-index=\"3\" ><div class=\"ICONA-MITJANA panel-widget-style panel-widget-style-for-10578-2-0-0\" style=\"text-align: left;\" data-title-color=\"#47425d\" data-headings-color=\"#443f3f\" data-title_alignment=\"center\" ><div\n\t\t\t\n\t\t\tclass=\"so-widget-sow-image so-widget-sow-image-default-c67d20f9f743-10578\"\n\t\t\t\n\t\t>\n<div class=\"sow-image-container\">\n\t\t<img \n\tsrc=\"https:\/\/www.coatresa.com\/wp-content\/uploads\/2018\/02\/recubrimiento-bajo-coeficiente-friccion-B.png\" width=\"227\" height=\"227\" srcset=\"https:\/\/www.coatresa.com\/wp-content\/uploads\/2018\/02\/recubrimiento-bajo-coeficiente-friccion-B.png 227w, https:\/\/www.coatresa.com\/wp-content\/uploads\/2018\/02\/recubrimiento-bajo-coeficiente-friccion-B-150x150.png 150w\" sizes=\"(max-width: 227px) 100vw, 227px\" title=\"recubrimiento con bajo coeficiente de fricci\u00f3n\" alt=\"recubrimiento con bajo coeficiente de fricci\u00f3n\" \t\tclass=\"so-widget-image\"\/>\n\t<\/div>\n\n<\/div><\/div><\/div><div id=\"panel-10578-2-0-1\" class=\"so-panel widget_sow-editor\" data-index=\"4\" ><div class=\"TEXTOS-DESTACATS panel-widget-style panel-widget-style-for-10578-2-0-1\" style=\"text-align: left;\" data-title-color=\"#47425d\" data-headings-color=\"#443f3f\" data-title_alignment=\"center\" ><div\n\t\t\t\n\t\t\tclass=\"so-widget-sow-editor so-widget-sow-editor-base\"\n\t\t\t\n\t\t>\n<div class=\"siteorigin-widget-tinymce textwidget\">\n\t<p style=\"text-align: center;\">Die Mikrokapsel-Technologie von\u00a0Berucoat\u00ae\u00a0ist jener der herk\u00f6mmlichen Gleitbeschichtungen aus MoS2 \u00fcberlegen. Bechem ist der erste Hersteller, der diese Gleitbeschichtung serienm\u00e4\u00dfig produziert.<\/p>\n<\/div>\n<\/div><\/div><\/div><div id=\"panel-10578-2-0-2\" class=\"so-panel widget_sow-editor panel-last-child\" data-index=\"5\" ><div style=\"text-align: left;\" data-title-color=\"#47425d\" data-headings-color=\"#443f3f\" data-title_alignment=\"center\" class=\"panel-widget-style panel-widget-style-for-10578-2-0-2\" ><div\n\t\t\t\n\t\t\tclass=\"so-widget-sow-editor so-widget-sow-editor-base\"\n\t\t\t\n\t\t>\n<div class=\"siteorigin-widget-tinymce textwidget\">\n\t<p style=\"text-align: justify;\">Die Applikation dieser Art von Beschichtung erfolgt mittels Bespr\u00fchen und Eintauchen der zuvor eingefetteten Oberfl\u00e4chen. Es gibt jedoch auch zahlreiche weitere Applikationstechniken.<\/p>\n<p style=\"text-align: justify;\">Zu den Teilen, die dieser Art von Behandlung unterzogen werden, geh\u00f6ren Muttern, Federn, Unterlegscheiben, Griffe, F\u00fchrungen, Schrauben, Zahnr\u00e4der etc. Die wichtigste Einsatzbereich dieser Art von Schmierstoffen ist die Automobilindustrie.<\/p>\n<\/div>\n<\/div><\/div><\/div><\/div><\/div><\/div><div id=\"pg-10578-3\"  class=\"panel-grid panel-has-style\" ><div class=\"siteorigin-panels-stretch panel-row-style panel-row-style-for-10578-3\" style=\"padding: 50px 0; \" data-stretch-type=\"full\" data-overlay=\"true\" data-overlay-color=\"#000000\" ><div id=\"pgc-10578-3-0\"  class=\"panel-grid-cell\" ><div id=\"panel-10578-3-0-0\" class=\"so-panel widget_siteorigin-panels-builder panel-first-child panel-last-child\" data-index=\"6\" ><div style=\"text-align: left;\" data-title-color=\"#47425d\" data-headings-color=\"#443f3f\" data-title_alignment=\"center\" class=\"panel-widget-style panel-widget-style-for-10578-3-0-0\" ><div id=\"pl-w5cd28a8a6403a\"  class=\"panel-layout\" ><div id=\"pg-w5cd28a8a6403a-0\"  class=\"panel-grid panel-has-style\" ><div style=\"padding: 0px 0; \" data-overlay=\"true\" data-overlay-color=\"#000000\" class=\"panel-row-style panel-row-style-for-w5cd28a8a6403a-0\" ><div id=\"pgc-w5cd28a8a6403a-0-0\"  class=\"panel-grid-cell\" ><div id=\"panel-w5cd28a8a6403a-0-0-0\" class=\"so-panel widget_sow-editor panel-first-child panel-last-child\" data-index=\"0\" ><div style=\"text-align: left;\" data-title-color=\"#47425d\" data-headings-color=\"#443f3f\" data-title_alignment=\"center\" class=\"panel-widget-style panel-widget-style-for-w5cd28a8a6403a-0-0-0\" ><div\n\t\t\t\n\t\t\tclass=\"so-widget-sow-editor so-widget-sow-editor-base\"\n\t\t\t\n\t\t>\n<div class=\"siteorigin-widget-tinymce textwidget\">\n\t<h2 class=\"BLAU-FOSC\" style=\"text-align: center;\">Berucoat\u00ae referenzen<\/h2>\n<\/div>\n<\/div><\/div><\/div><\/div><\/div><\/div><div id=\"pg-w5cd28a8a6403a-1\"  class=\"panel-grid panel-has-style\" ><div style=\"padding: 0px 0; \" data-overlay=\"true\" data-overlay-color=\"#000000\" class=\"panel-row-style panel-row-style-for-w5cd28a8a6403a-1\" ><div id=\"pgc-w5cd28a8a6403a-1-0\"  class=\"panel-grid-cell\" ><div id=\"panel-w5cd28a8a6403a-1-0-0\" class=\"so-panel widget_sow-editor panel-first-child panel-last-child\" data-index=\"1\" ><div style=\"text-align: left;\" data-title-color=\"#47425d\" data-headings-color=\"#443f3f\" data-title_alignment=\"center\" class=\"panel-widget-style panel-widget-style-for-w5cd28a8a6403a-1-0-0\" ><div\n\t\t\t\n\t\t\tclass=\"so-widget-sow-editor so-widget-sow-editor-base\"\n\t\t\t\n\t\t>\n<div class=\"siteorigin-widget-tinymce textwidget\">\n\t<p style=\"text-align: center; padding-top: 40px;\"><b>AF 320 E<\/b><br \/>\n<b>AK 978<\/b><br \/>\n<b>AK 376<\/b><br \/>\n<b>FX 876<\/b><br \/>\n<b>FX 670<\/b><br \/>\n<b>FX 270<\/b><\/p>\n<\/div>\n<\/div><\/div><\/div><\/div><div id=\"pgc-w5cd28a8a6403a-1-1\"  class=\"panel-grid-cell\" ><div id=\"panel-w5cd28a8a6403a-1-1-0\" class=\"so-panel widget_sow-editor panel-first-child panel-last-child\" data-index=\"2\" ><div style=\"text-align: left;\" data-title-color=\"#47425d\" data-headings-color=\"#443f3f\" data-title_alignment=\"center\" class=\"panel-widget-style panel-widget-style-for-w5cd28a8a6403a-1-1-0\" ><div\n\t\t\t\n\t\t\tclass=\"so-widget-sow-editor so-widget-sow-editor-base\"\n\t\t\t\n\t\t>\n<div class=\"siteorigin-widget-tinymce textwidget\">\n\t<p style=\"text-align: center; padding-top: 40px;\"><b>AF 732<\/b><br \/>\n<b>AF 481<\/b><br \/>\n<b>AF 438<\/b><br \/>\n<b>AF 291<\/b><br \/>\n<b>AF 130<\/b><br \/>\n<b>AF 438 Spray<\/b><\/p>\n<\/div>\n<\/div><\/div><\/div><\/div><\/div><\/div><\/div><\/div><\/div><\/div><\/div><\/div><\/div>","protected":false},"excerpt":{"rendered":"<p>Berucoat \u00ae Beschichtung Berucoat\u00ae ist die Marke von Bechem f\u00fcr Gleitbeschichtungen. Es handelt sich um Trockenschmierstoffe, die Industrielacken \u00e4hnlich sind und meist [&hellip;]<\/p>\n","protected":false},"author":1,"featured_media":7700,"parent":0,"menu_order":0,"comment_status":"closed","ping_status":"closed","template":"page-templates\/page_fullwidth.php","meta":{"footnotes":""},"class_list":["post-10578","page","type-page","status-publish","has-post-thumbnail","hentry"],"yoast_head":"<!-- This site is optimized with the Yoast SEO plugin v27.3 - https:\/\/yoast.com\/product\/yoast-seo-wordpress\/ -->\n<title>Berucoat Beschichtung - Coatresa<\/title>\n<meta name=\"description\" content=\"Berucoat Beschichtung von Bechem\u00a0: Gleitbeschichtung f\u00fcr die Automobilindustrie. Bestehend aus Molybd\u00e4ndisulfid, Graphit und PTFE, ist MoS2 \u00fcberlegen\" \/>\n<meta name=\"robots\" content=\"index, follow, max-snippet:-1, max-image-preview:large, max-video-preview:-1\" \/>\n<link rel=\"canonical\" href=\"https:\/\/www.coatresa.com\/de\/bechem-berucoat-beschichtung\/\" \/>\n<meta property=\"og:locale\" content=\"de_DE\" \/>\n<meta property=\"og:type\" content=\"article\" \/>\n<meta property=\"og:title\" content=\"Berucoat Beschichtung - Coatresa\" \/>\n<meta property=\"og:description\" content=\"Berucoat Beschichtung von Bechem\u00a0: Gleitbeschichtung f\u00fcr die Automobilindustrie. Bestehend aus Molybd\u00e4ndisulfid, Graphit und PTFE, ist MoS2 \u00fcberlegen\" \/>\n<meta property=\"og:url\" content=\"https:\/\/www.coatresa.com\/de\/bechem-berucoat-beschichtung\/\" \/>\n<meta property=\"og:site_name\" content=\"Coatresa\" \/>\n<meta property=\"article:publisher\" content=\"https:\/\/www.facebook.com\/Coatresa\/\" \/>\n<meta property=\"article:modified_time\" content=\"2019-05-08T07:51:38+00:00\" \/>\n<meta property=\"og:image\" content=\"https:\/\/www.coatresa.com\/wp-content\/uploads\/2018\/07\/recubrimientos-bechem-berucoat.png\" \/>\n\t<meta property=\"og:image:width\" content=\"197\" \/>\n\t<meta property=\"og:image:height\" content=\"197\" \/>\n\t<meta property=\"og:image:type\" content=\"image\/png\" \/>\n<meta name=\"twitter:card\" content=\"summary_large_image\" \/>\n<meta name=\"twitter:site\" content=\"@Coatresa\" \/>\n<meta name=\"twitter:label1\" content=\"Gesch\u00e4tzte Lesezeit\" \/>\n\t<meta name=\"twitter:data1\" content=\"1\u00a0Minute\" \/>\n<script type=\"application\/ld+json\" class=\"yoast-schema-graph\">{\"@context\":\"https:\\\/\\\/schema.org\",\"@graph\":[{\"@type\":\"WebPage\",\"@id\":\"https:\\\/\\\/www.coatresa.com\\\/de\\\/bechem-berucoat-beschichtung\\\/\",\"url\":\"https:\\\/\\\/www.coatresa.com\\\/de\\\/bechem-berucoat-beschichtung\\\/\",\"name\":\"Berucoat Beschichtung - Coatresa\",\"isPartOf\":{\"@id\":\"https:\\\/\\\/www.coatresa.com\\\/de\\\/#website\"},\"primaryImageOfPage\":{\"@id\":\"https:\\\/\\\/www.coatresa.com\\\/de\\\/bechem-berucoat-beschichtung\\\/#primaryimage\"},\"image\":{\"@id\":\"https:\\\/\\\/www.coatresa.com\\\/de\\\/bechem-berucoat-beschichtung\\\/#primaryimage\"},\"thumbnailUrl\":\"https:\\\/\\\/www.coatresa.com\\\/wp-content\\\/uploads\\\/2018\\\/07\\\/recubrimientos-bechem-berucoat.png\",\"datePublished\":\"2018-07-12T15:40:21+00:00\",\"dateModified\":\"2019-05-08T07:51:38+00:00\",\"description\":\"Berucoat Beschichtung von Bechem\u00a0: Gleitbeschichtung f\u00fcr die Automobilindustrie. Bestehend aus Molybd\u00e4ndisulfid, Graphit und PTFE, ist MoS2 \u00fcberlegen\",\"breadcrumb\":{\"@id\":\"https:\\\/\\\/www.coatresa.com\\\/de\\\/bechem-berucoat-beschichtung\\\/#breadcrumb\"},\"inLanguage\":\"de\",\"potentialAction\":[{\"@type\":\"ReadAction\",\"target\":[\"https:\\\/\\\/www.coatresa.com\\\/de\\\/bechem-berucoat-beschichtung\\\/\"]}]},{\"@type\":\"ImageObject\",\"inLanguage\":\"de\",\"@id\":\"https:\\\/\\\/www.coatresa.com\\\/de\\\/bechem-berucoat-beschichtung\\\/#primaryimage\",\"url\":\"https:\\\/\\\/www.coatresa.com\\\/wp-content\\\/uploads\\\/2018\\\/07\\\/recubrimientos-bechem-berucoat.png\",\"contentUrl\":\"https:\\\/\\\/www.coatresa.com\\\/wp-content\\\/uploads\\\/2018\\\/07\\\/recubrimientos-bechem-berucoat.png\",\"width\":197,\"height\":197,\"caption\":\"recubrimientos Bechem Berucoat\"},{\"@type\":\"BreadcrumbList\",\"@id\":\"https:\\\/\\\/www.coatresa.com\\\/de\\\/bechem-berucoat-beschichtung\\\/#breadcrumb\",\"itemListElement\":[{\"@type\":\"ListItem\",\"position\":1,\"name\":\"Portada\",\"item\":\"https:\\\/\\\/www.coatresa.com\\\/de\\\/\"},{\"@type\":\"ListItem\",\"position\":2,\"name\":\"Berucoat Beschichtung\"}]},{\"@type\":\"WebSite\",\"@id\":\"https:\\\/\\\/www.coatresa.com\\\/de\\\/#website\",\"url\":\"https:\\\/\\\/www.coatresa.com\\\/de\\\/\",\"name\":\"Coatresa\",\"description\":\"Aplicaci\u00f3n de recubrimientos antiadherentes y anticorrosivos como el Teflon. Expertos del Powder Coating\",\"publisher\":{\"@id\":\"https:\\\/\\\/www.coatresa.com\\\/de\\\/#organization\"},\"potentialAction\":[{\"@type\":\"SearchAction\",\"target\":{\"@type\":\"EntryPoint\",\"urlTemplate\":\"https:\\\/\\\/www.coatresa.com\\\/de\\\/?s={search_term_string}\"},\"query-input\":{\"@type\":\"PropertyValueSpecification\",\"valueRequired\":true,\"valueName\":\"search_term_string\"}}],\"inLanguage\":\"de\"},{\"@type\":\"Organization\",\"@id\":\"https:\\\/\\\/www.coatresa.com\\\/de\\\/#organization\",\"name\":\"Coatresa\",\"url\":\"https:\\\/\\\/www.coatresa.com\\\/de\\\/\",\"logo\":{\"@type\":\"ImageObject\",\"inLanguage\":\"de\",\"@id\":\"https:\\\/\\\/www.coatresa.com\\\/de\\\/#\\\/schema\\\/logo\\\/image\\\/\",\"url\":\"https:\\\/\\\/www.coatresa.com\\\/wp-content\\\/uploads\\\/2022\\\/07\\\/A_blava_mitja_transp.png\",\"contentUrl\":\"https:\\\/\\\/www.coatresa.com\\\/wp-content\\\/uploads\\\/2022\\\/07\\\/A_blava_mitja_transp.png\",\"width\":340,\"height\":326,\"caption\":\"Coatresa\"},\"image\":{\"@id\":\"https:\\\/\\\/www.coatresa.com\\\/de\\\/#\\\/schema\\\/logo\\\/image\\\/\"},\"sameAs\":[\"https:\\\/\\\/www.facebook.com\\\/Coatresa\\\/\",\"https:\\\/\\\/x.com\\\/Coatresa\",\"https:\\\/\\\/www.linkedin.com\\\/company\\\/coatresa\\\/\",\"https:\\\/\\\/www.youtube.com\\\/user\\\/CoatresaCoatings\"]}]}<\/script>\n<!-- \/ Yoast SEO plugin. -->","yoast_head_json":{"title":"Berucoat Beschichtung - Coatresa","description":"Berucoat Beschichtung von Bechem\u00a0: Gleitbeschichtung f\u00fcr die Automobilindustrie. Bestehend aus Molybd\u00e4ndisulfid, Graphit und PTFE, ist MoS2 \u00fcberlegen","robots":{"index":"index","follow":"follow","max-snippet":"max-snippet:-1","max-image-preview":"max-image-preview:large","max-video-preview":"max-video-preview:-1"},"canonical":"https:\/\/www.coatresa.com\/de\/bechem-berucoat-beschichtung\/","og_locale":"de_DE","og_type":"article","og_title":"Berucoat Beschichtung - Coatresa","og_description":"Berucoat Beschichtung von Bechem\u00a0: Gleitbeschichtung f\u00fcr die Automobilindustrie. Bestehend aus Molybd\u00e4ndisulfid, Graphit und PTFE, ist MoS2 \u00fcberlegen","og_url":"https:\/\/www.coatresa.com\/de\/bechem-berucoat-beschichtung\/","og_site_name":"Coatresa","article_publisher":"https:\/\/www.facebook.com\/Coatresa\/","article_modified_time":"2019-05-08T07:51:38+00:00","og_image":[{"width":197,"height":197,"url":"https:\/\/www.coatresa.com\/wp-content\/uploads\/2018\/07\/recubrimientos-bechem-berucoat.png","type":"image\/png"}],"twitter_card":"summary_large_image","twitter_site":"@Coatresa","twitter_misc":{"Gesch\u00e4tzte Lesezeit":"1\u00a0Minute"},"schema":{"@context":"https:\/\/schema.org","@graph":[{"@type":"WebPage","@id":"https:\/\/www.coatresa.com\/de\/bechem-berucoat-beschichtung\/","url":"https:\/\/www.coatresa.com\/de\/bechem-berucoat-beschichtung\/","name":"Berucoat Beschichtung - Coatresa","isPartOf":{"@id":"https:\/\/www.coatresa.com\/de\/#website"},"primaryImageOfPage":{"@id":"https:\/\/www.coatresa.com\/de\/bechem-berucoat-beschichtung\/#primaryimage"},"image":{"@id":"https:\/\/www.coatresa.com\/de\/bechem-berucoat-beschichtung\/#primaryimage"},"thumbnailUrl":"https:\/\/www.coatresa.com\/wp-content\/uploads\/2018\/07\/recubrimientos-bechem-berucoat.png","datePublished":"2018-07-12T15:40:21+00:00","dateModified":"2019-05-08T07:51:38+00:00","description":"Berucoat Beschichtung von Bechem\u00a0: Gleitbeschichtung f\u00fcr die Automobilindustrie. Bestehend aus Molybd\u00e4ndisulfid, Graphit und PTFE, ist MoS2 \u00fcberlegen","breadcrumb":{"@id":"https:\/\/www.coatresa.com\/de\/bechem-berucoat-beschichtung\/#breadcrumb"},"inLanguage":"de","potentialAction":[{"@type":"ReadAction","target":["https:\/\/www.coatresa.com\/de\/bechem-berucoat-beschichtung\/"]}]},{"@type":"ImageObject","inLanguage":"de","@id":"https:\/\/www.coatresa.com\/de\/bechem-berucoat-beschichtung\/#primaryimage","url":"https:\/\/www.coatresa.com\/wp-content\/uploads\/2018\/07\/recubrimientos-bechem-berucoat.png","contentUrl":"https:\/\/www.coatresa.com\/wp-content\/uploads\/2018\/07\/recubrimientos-bechem-berucoat.png","width":197,"height":197,"caption":"recubrimientos Bechem Berucoat"},{"@type":"BreadcrumbList","@id":"https:\/\/www.coatresa.com\/de\/bechem-berucoat-beschichtung\/#breadcrumb","itemListElement":[{"@type":"ListItem","position":1,"name":"Portada","item":"https:\/\/www.coatresa.com\/de\/"},{"@type":"ListItem","position":2,"name":"Berucoat Beschichtung"}]},{"@type":"WebSite","@id":"https:\/\/www.coatresa.com\/de\/#website","url":"https:\/\/www.coatresa.com\/de\/","name":"Coatresa","description":"Aplicaci\u00f3n de recubrimientos antiadherentes y anticorrosivos como el Teflon. Expertos del Powder Coating","publisher":{"@id":"https:\/\/www.coatresa.com\/de\/#organization"},"potentialAction":[{"@type":"SearchAction","target":{"@type":"EntryPoint","urlTemplate":"https:\/\/www.coatresa.com\/de\/?s={search_term_string}"},"query-input":{"@type":"PropertyValueSpecification","valueRequired":true,"valueName":"search_term_string"}}],"inLanguage":"de"},{"@type":"Organization","@id":"https:\/\/www.coatresa.com\/de\/#organization","name":"Coatresa","url":"https:\/\/www.coatresa.com\/de\/","logo":{"@type":"ImageObject","inLanguage":"de","@id":"https:\/\/www.coatresa.com\/de\/#\/schema\/logo\/image\/","url":"https:\/\/www.coatresa.com\/wp-content\/uploads\/2022\/07\/A_blava_mitja_transp.png","contentUrl":"https:\/\/www.coatresa.com\/wp-content\/uploads\/2022\/07\/A_blava_mitja_transp.png","width":340,"height":326,"caption":"Coatresa"},"image":{"@id":"https:\/\/www.coatresa.com\/de\/#\/schema\/logo\/image\/"},"sameAs":["https:\/\/www.facebook.com\/Coatresa\/","https:\/\/x.com\/Coatresa","https:\/\/www.linkedin.com\/company\/coatresa\/","https:\/\/www.youtube.com\/user\/CoatresaCoatings"]}]}},"_links":{"self":[{"href":"https:\/\/www.coatresa.com\/de\/wp-json\/wp\/v2\/pages\/10578","targetHints":{"allow":["GET"]}}],"collection":[{"href":"https:\/\/www.coatresa.com\/de\/wp-json\/wp\/v2\/pages"}],"about":[{"href":"https:\/\/www.coatresa.com\/de\/wp-json\/wp\/v2\/types\/page"}],"author":[{"embeddable":true,"href":"https:\/\/www.coatresa.com\/de\/wp-json\/wp\/v2\/users\/1"}],"replies":[{"embeddable":true,"href":"https:\/\/www.coatresa.com\/de\/wp-json\/wp\/v2\/comments?post=10578"}],"version-history":[{"count":0,"href":"https:\/\/www.coatresa.com\/de\/wp-json\/wp\/v2\/pages\/10578\/revisions"}],"wp:featuredmedia":[{"embeddable":true,"href":"https:\/\/www.coatresa.com\/de\/wp-json\/wp\/v2\/media\/7700"}],"wp:attachment":[{"href":"https:\/\/www.coatresa.com\/de\/wp-json\/wp\/v2\/media?parent=10578"}],"curies":[{"name":"wp","href":"https:\/\/api.w.org\/{rel}","templated":true}]}}