{"id":10581,"date":"2018-07-12T22:50:10","date_gmt":"2018-07-12T20:50:10","guid":{"rendered":"http:\/\/coatresa.com\/recubrimientos-daikin\/"},"modified":"2019-07-04T17:10:07","modified_gmt":"2019-07-04T15:10:07","slug":"daikin-beschichtungen","status":"publish","type":"page","link":"https:\/\/www.coatresa.com\/de\/daikin-beschichtungen\/","title":{"rendered":"Daikin Beschichtungen"},"content":{"rendered":"<div id=\"pl-10581\"  class=\"panel-layout\" ><div id=\"pg-10581-0\"  class=\"panel-grid panel-has-style\" ><div style=\"padding: 0px 0; \" data-overlay=\"true\" data-overlay-color=\"#000000\" class=\"panel-row-style panel-row-style-for-10581-0\" ><div id=\"pgc-10581-0-0\"  class=\"panel-grid-cell\" ><div id=\"panel-10581-0-0-0\" class=\"so-panel widget_sow-image panel-first-child\" data-index=\"0\" ><div style=\"text-align: left;\" data-title-color=\"#47425d\" data-headings-color=\"#443f3f\" data-title_alignment=\"center\" class=\"panel-widget-style panel-widget-style-for-10581-0-0-0\" ><div\n\t\t\t\n\t\t\tclass=\"so-widget-sow-image so-widget-sow-image-default-c67d20f9f743-10581\"\n\t\t\t\n\t\t>\n<div class=\"sow-image-container\">\n\t\t<img \n\tsrc=\"https:\/\/www.coatresa.com\/wp-content\/uploads\/2018\/07\/recubrimientos-daikin.png\" width=\"200\" height=\"120\" sizes=\"(max-width: 200px) 100vw, 200px\" title=\"recubrimientos Daikin\" alt=\"recubrimientos Daikin\" \t\tclass=\"so-widget-image\"\/>\n\t<\/div>\n\n<\/div><\/div><\/div><div id=\"panel-10581-0-0-1\" class=\"so-panel widget_sow-editor panel-last-child\" data-index=\"1\" ><div style=\"text-align: left;\" data-title-color=\"#47425d\" data-headings-color=\"#000000\" data-title_alignment=\"center\" class=\"panel-widget-style panel-widget-style-for-10581-0-0-1\" ><div\n\t\t\t\n\t\t\tclass=\"so-widget-sow-editor so-widget-sow-editor-base\"\n\t\t\t\n\t\t>\n<div class=\"siteorigin-widget-tinymce textwidget\">\n\t<h1 style=\"text-align: center;\">Daikin Beschichtungen<\/h1>\n<hr \/>\n<p style=\"text-align: justify;\">Daikin ist ein japanisches multinationales Unternehmen mit Sitz in Osaka, das 1924 gegr\u00fcndet wurde und auf allen Kontinenten t\u00e4tig ist. 1963 entwickelte Daikin sein bekanntes Fluorpolymer\u00a0Neoflon\u00ae. Etwas sp\u00e4ter erfand es die Systeme des variablen K\u00e4ltemittelvolumens (VRV), eine Innovation im Vergleich zu den damals vorhandenen Systemen, und brachte diese 1982 auf den Markt. Mit diesen Systemen ist Daikin weiter Marktf\u00fchrer. Der Bereich der Klimaanlagen ist vermutlich bei den Konsumenten am besten bekannt. Daikin verf\u00fcgt jedoch auch \u00fcber die Gesch\u00e4ftsbereiche Hydraulikanlagen, Verteidigungssysteme und Chemie, wobei Letzterer u.\u00a0a. in Fluorkohlenwasserstoffe, Fluorkunststoffe und Fluorelastomere unterteilt ist.<\/p>\n<\/div>\n<\/div><\/div><\/div><\/div><\/div><\/div><div id=\"pg-10581-1\"  class=\"panel-grid panel-has-style\" ><div class=\"FRANJA-BLAVA-TITOL siteorigin-panels-stretch panel-row-style panel-row-style-for-10581-1\" style=\"padding: 0px 0; \" data-stretch-type=\"full\" data-overlay=\"true\" data-overlay-color=\"#000000\" ><div id=\"pgc-10581-1-0\"  class=\"panel-grid-cell\" ><div id=\"panel-10581-1-0-0\" class=\"so-panel widget_sow-editor panel-first-child panel-last-child\" data-index=\"2\" ><div class=\"blanc panel-widget-style panel-widget-style-for-10581-1-0-0\" style=\"text-align: left;\" data-title-color=\"#47425d\" data-headings-color=\"#443f3f\" data-title_alignment=\"center\" ><div\n\t\t\t\n\t\t\tclass=\"so-widget-sow-editor so-widget-sow-editor-base\"\n\t\t\t\n\t\t>\n<div class=\"siteorigin-widget-tinymce textwidget\">\n\t<h2 style=\"text-align: center;\">Daikin Produkte<\/h2>\n<\/div>\n<\/div><\/div><\/div><\/div><\/div><\/div><div id=\"pg-10581-2\"  class=\"panel-grid panel-has-style\" ><div class=\"BGC-GRIS siteorigin-panels-stretch panel-row-style panel-row-style-for-10581-2\" style=\"padding: 50px 0; \" data-stretch-type=\"full\" data-overlay=\"true\" data-overlay-color=\"#000000\" ><div id=\"pgc-10581-2-0\"  class=\"panel-grid-cell\" ><div id=\"panel-10581-2-0-0\" class=\"so-panel widget_siteorigin-panels-builder panel-first-child panel-last-child\" data-index=\"3\" ><div style=\"text-align: left;\" data-title-color=\"#47425d\" data-headings-color=\"#443f3f\" data-title_alignment=\"center\" class=\"panel-widget-style panel-widget-style-for-10581-2-0-0\" ><div id=\"pl-w5b8e7379dc3fb\"  class=\"panel-layout\" ><div id=\"pg-w5b8e7379dc3fb-0\"  class=\"panel-grid panel-has-style\" ><div style=\"padding: 0px 0; \" data-overlay=\"true\" data-overlay-color=\"#000000\" class=\"panel-row-style panel-row-style-for-w5b8e7379dc3fb-0\" ><div id=\"pgc-w5b8e7379dc3fb-0-0\"  class=\"panel-grid-cell\" ><div id=\"panel-w5b8e7379dc3fb-0-0-0\" class=\"so-panel widget_sow-editor panel-first-child panel-last-child\" data-index=\"0\" ><div style=\"text-align: left;\" data-title-color=\"#47425d\" data-headings-color=\"#443f3f\" data-title_alignment=\"center\" class=\"panel-widget-style panel-widget-style-for-w5b8e7379dc3fb-0-0-0\" ><div\n\t\t\t\n\t\t\tclass=\"so-widget-sow-editor so-widget-sow-editor-base\"\n\t\t\t\n\t\t>\n<div class=\"siteorigin-widget-tinymce textwidget\">\n\t<p style=\"text-align: justify;\">Zu den von Coatresa applizierten Daikin-Fluorpolymeren geh\u00f6ren das bekannte\u00a0<b>Polyflon<\/b>\u00ae (PTFE) sowie die gesamte\u00a0<b>Neoflon<\/b>\u00ae-Palette, die sich in PFA, FEP, PCTFE, CPT, ETFE und EFEP finden.<\/p>\n<\/div>\n<\/div><\/div><\/div><\/div><\/div><\/div><div id=\"pg-w5b8e7379dc3fb-1\"  class=\"panel-grid panel-has-style\" ><div style=\"padding: 0px 0; \" data-overlay=\"true\" data-overlay-color=\"#000000\" class=\"panel-row-style panel-row-style-for-w5b8e7379dc3fb-1\" ><div id=\"pgc-w5b8e7379dc3fb-1-0\"  class=\"panel-grid-cell panel-grid-cell-empty\" ><\/div><div id=\"pgc-w5b8e7379dc3fb-1-1\"  class=\"panel-grid-cell\" ><div class=\"BGC-BLANC panel-cell-style panel-cell-style-for-w5b8e7379dc3fb-1-1\" ><div id=\"panel-w5b8e7379dc3fb-1-1-0\" class=\"so-panel widget_sow-image panel-first-child panel-last-child\" data-index=\"1\" ><div class=\"PADDING-H-1 AUGMENTAR-ICONA panel-widget-style panel-widget-style-for-w5b8e7379dc3fb-1-1-0\" style=\"text-align: left;\" data-title-color=\"#47425d\" data-headings-color=\"#443f3f\" data-title_alignment=\"center\" ><div\n\t\t\t\n\t\t\tclass=\"so-widget-sow-image so-widget-sow-image-default-c67d20f9f743\"\n\t\t\t\n\t\t>\n<div class=\"sow-image-container\">\n\t\t\t<a href=\"\/de\/daikin-neoflon-Beschichtung\"\n\t\t\t\t\t>\n\t\t\t<img \n\tsrc=\"https:\/\/www.coatresa.com\/wp-content\/uploads\/2018\/07\/recubrimientos-daikin-neoflon-1.png\" width=\"197\" height=\"197\" srcset=\"https:\/\/www.coatresa.com\/wp-content\/uploads\/2018\/07\/recubrimientos-daikin-neoflon-1.png 197w, https:\/\/www.coatresa.com\/wp-content\/uploads\/2018\/07\/recubrimientos-daikin-neoflon-1-150x150.png 150w\" sizes=\"(max-width: 197px) 100vw, 197px\" title=\"recubrimientos Daikin Neoflon\" alt=\"recubrimientos Daikin Neoflon\" \t\tclass=\"so-widget-image\"\/>\n\t\t\t<\/a><\/div>\n\n<\/div><\/div><\/div><\/div><\/div><div id=\"pgc-w5b8e7379dc3fb-1-2\"  class=\"panel-grid-cell panel-grid-cell-mobile-last\" ><div class=\"BGC-GRIS-CLAR panel-cell-style panel-cell-style-for-w5b8e7379dc3fb-1-2\" ><div id=\"panel-w5b8e7379dc3fb-1-2-0\" class=\"so-panel widget_sow-image panel-first-child panel-last-child\" data-index=\"2\" ><div class=\"PADDING-H-1 panel-widget-style panel-widget-style-for-w5b8e7379dc3fb-1-2-0\" style=\"text-align: left;\" data-title-color=\"#47425d\" data-headings-color=\"#443f3f\" data-title_alignment=\"center\" ><div\n\t\t\t\n\t\t\tclass=\"so-widget-sow-image so-widget-sow-image-default-c67d20f9f743\"\n\t\t\t\n\t\t>\n<div class=\"sow-image-container\">\n\t\t<img \n\tsrc=\"https:\/\/www.coatresa.com\/wp-content\/uploads\/2018\/07\/recubrimientos-daikin-polyflon.png\" width=\"197\" height=\"197\" srcset=\"https:\/\/www.coatresa.com\/wp-content\/uploads\/2018\/07\/recubrimientos-daikin-polyflon.png 197w, https:\/\/www.coatresa.com\/wp-content\/uploads\/2018\/07\/recubrimientos-daikin-polyflon-150x150.png 150w\" sizes=\"(max-width: 197px) 100vw, 197px\" title=\"recubrimientos Daikin Polyflon\" alt=\"recubrimientos Daikin Polyflon\" \t\tclass=\"so-widget-image\"\/>\n\t<\/div>\n\n<\/div><\/div><\/div><\/div><\/div><div id=\"pgc-w5b8e7379dc3fb-1-3\"  class=\"panel-grid-cell panel-grid-cell-empty\" ><\/div><\/div><\/div><div id=\"pg-w5b8e7379dc3fb-2\"  class=\"panel-grid panel-has-style\" ><div style=\"padding: 0px 0; \" data-overlay=\"true\" data-overlay-color=\"#000000\" class=\"panel-row-style panel-row-style-for-w5b8e7379dc3fb-2\" ><div id=\"pgc-w5b8e7379dc3fb-2-0\"  class=\"panel-grid-cell\" ><div id=\"panel-w5b8e7379dc3fb-2-0-0\" class=\"so-panel widget_sow-editor panel-first-child panel-last-child\" data-index=\"3\" ><div style=\"text-align: left;\" data-title-color=\"#47425d\" data-headings-color=\"#443f3f\" data-title_alignment=\"center\" class=\"panel-widget-style panel-widget-style-for-w5b8e7379dc3fb-2-0-0\" ><div\n\t\t\t\n\t\t\tclass=\"so-widget-sow-editor so-widget-sow-editor-base\"\n\t\t\t\n\t\t>\n<div class=\"siteorigin-widget-tinymce textwidget\">\n\t<p><b>Neoflon<\/b>\u00ae ist die Marke, unter der Daikin seine Fluorpolymere vertreibt.<\/p>\n<p style=\"text-align: justify;\"><b>Polyflon<\/b>\u00ae ist die Marke, unter der Daikin sein hochtemperatur- und chemikalienbest\u00e4ndiges Polytetrafluorethylen vertreibt. Diese Eigenschaften werden durch seine chemische Struktur erzielt, die aus Kohlenstoff- und Fluoratomen mit hoher Elektronegativit\u00e4t besteht. Dar\u00fcber hinaus ist das Material dank seines niedrigen Reibwertes und seiner ausgezeichneten thermischen, mechanischen und elektrischen Eigenschaften f\u00fcr eine Vielfalt von anspruchsvollen Anwendungen u.\u00a0a. im Nahrungsmittelsektor, sowie der Chemie- und der Verpackungsbranche geeignet.<br \/>\nDie\u00a0<b>Polyflon<\/b>\u00ae-Palette steht sowohl in Pulverform als auch als Dispersion zur Verf\u00fcgung.<\/p>\n<\/div>\n<\/div><\/div><\/div><\/div><\/div><\/div><\/div><\/div><\/div><\/div><\/div><\/div><div id=\"pg-10581-3\"  class=\"panel-grid panel-has-style\" ><div style=\"padding: 50px 0; \" data-overlay=\"true\" data-overlay-color=\"#000000\" class=\"panel-row-style panel-row-style-for-10581-3\" ><div id=\"pgc-10581-3-0\"  class=\"panel-grid-cell\" ><div id=\"panel-10581-3-0-0\" class=\"so-panel widget_siteorigin-panels-builder panel-first-child panel-last-child\" data-index=\"4\" ><div style=\"text-align: left;\" data-title-color=\"#47425d\" data-headings-color=\"#443f3f\" data-title_alignment=\"center\" class=\"panel-widget-style panel-widget-style-for-10581-3-0-0\" ><div id=\"pl-w5d1e16cf25748\"  class=\"panel-layout\" ><div id=\"pg-w5d1e16cf25748-0\"  class=\"panel-grid panel-has-style\" ><div style=\"padding: 0px 0; \" data-overlay=\"true\" data-overlay-color=\"#000000\" class=\"panel-row-style panel-row-style-for-w5d1e16cf25748-0\" ><div id=\"pgc-w5d1e16cf25748-0-0\"  class=\"panel-grid-cell\" ><div id=\"panel-w5d1e16cf25748-0-0-0\" class=\"so-panel widget_sow-editor panel-first-child\" data-index=\"0\" ><div style=\"text-align: left;\" data-title-color=\"#47425d\" data-headings-color=\"#443f3f\" data-title_alignment=\"center\" class=\"panel-widget-style panel-widget-style-for-w5d1e16cf25748-0-0-0\" ><div\n\t\t\t\n\t\t\tclass=\"so-widget-sow-editor so-widget-sow-editor-base\"\n\t\t\t\n\t\t>\n<div class=\"siteorigin-widget-tinymce textwidget\">\n\t<h3 class=\"BLAU-FOSC\" style=\"text-align: center;\">Polyflon\u00ae referenzen<\/h3>\n<\/div>\n<\/div><\/div><\/div><div id=\"panel-w5d1e16cf25748-0-0-1\" class=\"so-panel widget_siteorigin-panels-builder panel-last-child\" data-index=\"1\" ><div style=\"text-align: left;\" data-title-color=\"#47425d\" data-headings-color=\"#443f3f\" data-title_alignment=\"center\" class=\"panel-widget-style panel-widget-style-for-w5d1e16cf25748-0-0-1\" ><div id=\"pl-w5d1e16b85c1ee\"  class=\"panel-layout\" ><div id=\"pg-w5d1e16b85c1ee-0\"  class=\"panel-grid panel-has-style\" ><div style=\"padding: 0px 0; \" data-overlay=\"true\" data-overlay-color=\"#000000\" class=\"panel-row-style panel-row-style-for-w5d1e16b85c1ee-0\" ><div id=\"pgc-w5d1e16b85c1ee-0-0\"  class=\"panel-grid-cell\" ><div id=\"panel-w5d1e16b85c1ee-0-0-0\" class=\"so-panel widget_sow-editor panel-first-child panel-last-child\" data-index=\"0\" ><div style=\"text-align: left;\" data-title-color=\"#47425d\" data-headings-color=\"#443f3f\" data-title_alignment=\"center\" class=\"panel-widget-style panel-widget-style-for-w5d1e16b85c1ee-0-0-0\" ><div\n\t\t\t\n\t\t\tclass=\"so-widget-sow-editor so-widget-sow-editor-base\"\n\t\t\t\n\t\t>\n<div class=\"siteorigin-widget-tinymce textwidget\">\n\t<p style=\"text-align: center;\"><b>PTFE TC-7109BK<\/b><br \/>\n<b>PTFE TC-11000<\/b><br \/>\n<b>PTFE TC-1509M1<\/b><br \/>\n<b>PTFE TC-1559M2<\/b><br \/>\n<b>PTFE TC-7105GN<\/b><br \/>\n<b>PTFE TC-7113LB<\/b><br \/>\n<b>PTFE TC-7400CR<\/b><br \/>\n<b>PTFE TC-7405GN<\/b><br \/>\n<b>PTFE TC-7408GY<\/b><br \/>\n<b>PTFE TC-7409BK<\/b><br \/>\n<b>PTFE TC-7609M1<\/b><\/p>\n<\/div>\n<\/div><\/div><\/div><\/div><div id=\"pgc-w5d1e16b85c1ee-0-1\"  class=\"panel-grid-cell\" ><div id=\"panel-w5d1e16b85c1ee-0-1-0\" class=\"so-panel widget_sow-editor panel-first-child panel-last-child\" data-index=\"1\" ><div style=\"text-align: left;\" data-title-color=\"#47425d\" data-headings-color=\"#443f3f\" data-title_alignment=\"center\" class=\"panel-widget-style panel-widget-style-for-w5d1e16b85c1ee-0-1-0\" ><div\n\t\t\t\n\t\t\tclass=\"so-widget-sow-editor so-widget-sow-editor-base\"\n\t\t\t\n\t\t>\n<div class=\"siteorigin-widget-tinymce textwidget\">\n\t<p style=\"text-align: center;\"><b>PTFE TC-7808GY<\/b><br \/>\n<b>PTFE TC-7809BK<\/b><br \/>\n<b>PTFE TD-7139BD<\/b><br \/>\n<b>PTFE TT-7100<\/b><br \/>\n<b>PTFE TT-7400<\/b><br \/>\n<b>PTFE E-3705S21R<\/b><br \/>\n<b>PTFE EK-1209BKER<\/b><br \/>\n<b>PTFE EK-1209M10R<\/b><br \/>\n<b>PTFE EK-1908S21R<\/b><br \/>\n<b>PTFE EK-1909S21R<\/b><\/p>\n<\/div>\n<\/div><\/div><\/div><\/div><div id=\"pgc-w5d1e16b85c1ee-0-2\"  class=\"panel-grid-cell\" ><div id=\"panel-w5d1e16b85c1ee-0-2-0\" class=\"so-panel widget_sow-editor panel-first-child panel-last-child\" data-index=\"2\" ><div style=\"text-align: left;\" data-title-color=\"#47425d\" data-headings-color=\"#443f3f\" data-title_alignment=\"center\" class=\"panel-widget-style panel-widget-style-for-w5d1e16b85c1ee-0-2-0\" ><div\n\t\t\t\n\t\t\tclass=\"so-widget-sow-editor so-widget-sow-editor-base\"\n\t\t\t\n\t\t>\n<div class=\"siteorigin-widget-tinymce textwidget\">\n\t<p style=\"text-align: center;\"><b>PTFE EK-1959S21R<\/b><br \/>\n<b>PTFE EK-1983S21R<\/b><br \/>\n<b>PTFE EK-3700C21R<\/b><br \/>\n<b>PTFE EK-3707M21R<\/b><br \/>\n<b>PTFE EK-3708S21R<\/b><br \/>\n<b>PTFE EK-3709M21R<\/b><br \/>\n<b>PTFE EK-3709S21R<\/b><br \/>\n<b>PTFE EK-3712M21R<\/b><br \/>\n<b>PTFE EK-3781M21R<\/b><br \/>\n<b>PTFE EK-3783S21R<\/b><\/p>\n<\/div>\n<\/div><\/div><\/div><\/div><div id=\"pgc-w5d1e16b85c1ee-0-3\"  class=\"panel-grid-cell\" ><div id=\"panel-w5d1e16b85c1ee-0-3-0\" class=\"so-panel widget_sow-editor panel-first-child panel-last-child\" data-index=\"3\" ><div style=\"text-align: left;\" data-title-color=\"#47425d\" data-headings-color=\"#443f3f\" data-title_alignment=\"center\" class=\"panel-widget-style panel-widget-style-for-w5d1e16b85c1ee-0-3-0\" ><div\n\t\t\t\n\t\t\tclass=\"so-widget-sow-editor so-widget-sow-editor-base\"\n\t\t\t\n\t\t>\n<div class=\"siteorigin-widget-tinymce textwidget\">\n\t<p style=\"text-align: center;\"><b>PTFE EK-3793S21R<\/b><br \/>\n<b>PTFE EK-3798M21R<\/b><br \/>\n<b>PTFE ED-1939D21R<\/b><br \/>\n<b>PTFE ED-3239S1R<\/b><br \/>\n<b>PTFE ED-3293SW1R<\/b><br \/>\n<b>PTFE ND-110<\/b><br \/>\n<b>PTFE ND-2R<\/b><br \/>\n<b>PTFE ND-4GYHR<\/b><br \/>\n<b>PTFE ND-4R<\/b><br \/>\n<b>PTFE AD-2CRER<\/b><\/p>\n<\/div>\n<\/div><\/div><\/div><\/div><\/div><\/div><\/div><\/div><\/div><\/div><\/div><\/div><\/div><\/div><\/div><\/div><\/div><\/div><\/div>","protected":false},"excerpt":{"rendered":"<p>Daikin Beschichtungen Daikin ist ein japanisches multinationales Unternehmen mit Sitz in Osaka, das 1924 gegr\u00fcndet wurde und auf allen Kontinenten t\u00e4tig ist. [&hellip;]<\/p>\n","protected":false},"author":1,"featured_media":7408,"parent":0,"menu_order":0,"comment_status":"closed","ping_status":"closed","template":"page-templates\/page_fullwidth.php","meta":{"footnotes":""},"class_list":["post-10581","page","type-page","status-publish","has-post-thumbnail","hentry"],"yoast_head":"<!-- This site is optimized with the Yoast SEO plugin v27.4 - https:\/\/yoast.com\/product\/yoast-seo-wordpress\/ -->\n<title>Daikin Beschichtungen - Coatresa<\/title>\n<meta name=\"description\" content=\"Daikin Beschichtungen\u00a0: Applikation von Fluorpolymeren Polyflon PTFE und Neoflon in PFA, FEP, PCTFE, CPT, ETFE und EFEP. Niedriger Reibwert. Kontakt!\" \/>\n<meta name=\"robots\" content=\"index, follow, max-snippet:-1, max-image-preview:large, max-video-preview:-1\" \/>\n<link rel=\"canonical\" href=\"https:\/\/www.coatresa.com\/de\/daikin-beschichtungen\/\" \/>\n<meta property=\"og:locale\" content=\"de_DE\" \/>\n<meta property=\"og:type\" content=\"article\" \/>\n<meta property=\"og:title\" content=\"Daikin Beschichtungen - Coatresa\" \/>\n<meta property=\"og:description\" content=\"Daikin Beschichtungen\u00a0: Applikation von Fluorpolymeren Polyflon PTFE und Neoflon in PFA, FEP, PCTFE, CPT, ETFE und EFEP. Niedriger Reibwert. Kontakt!\" \/>\n<meta property=\"og:url\" content=\"https:\/\/www.coatresa.com\/de\/daikin-beschichtungen\/\" \/>\n<meta property=\"og:site_name\" content=\"Coatresa\" \/>\n<meta property=\"article:publisher\" content=\"https:\/\/www.facebook.com\/Coatresa\/\" \/>\n<meta property=\"article:modified_time\" content=\"2019-07-04T15:10:07+00:00\" \/>\n<meta property=\"og:image\" content=\"https:\/\/www.coatresa.com\/wp-content\/uploads\/2018\/07\/recubrimientos-daikin.png\" \/>\n\t<meta property=\"og:image:width\" content=\"200\" \/>\n\t<meta property=\"og:image:height\" content=\"120\" \/>\n\t<meta property=\"og:image:type\" content=\"image\/png\" \/>\n<meta name=\"twitter:card\" content=\"summary_large_image\" \/>\n<meta name=\"twitter:site\" content=\"@Coatresa\" \/>\n<meta name=\"twitter:label1\" content=\"Gesch\u00e4tzte Lesezeit\" \/>\n\t<meta name=\"twitter:data1\" content=\"2\u00a0Minuten\" \/>\n<script type=\"application\/ld+json\" class=\"yoast-schema-graph\">{\"@context\":\"https:\\\/\\\/schema.org\",\"@graph\":[{\"@type\":\"WebPage\",\"@id\":\"https:\\\/\\\/www.coatresa.com\\\/de\\\/daikin-beschichtungen\\\/\",\"url\":\"https:\\\/\\\/www.coatresa.com\\\/de\\\/daikin-beschichtungen\\\/\",\"name\":\"Daikin Beschichtungen - Coatresa\",\"isPartOf\":{\"@id\":\"https:\\\/\\\/www.coatresa.com\\\/de\\\/#website\"},\"primaryImageOfPage\":{\"@id\":\"https:\\\/\\\/www.coatresa.com\\\/de\\\/daikin-beschichtungen\\\/#primaryimage\"},\"image\":{\"@id\":\"https:\\\/\\\/www.coatresa.com\\\/de\\\/daikin-beschichtungen\\\/#primaryimage\"},\"thumbnailUrl\":\"https:\\\/\\\/www.coatresa.com\\\/wp-content\\\/uploads\\\/2018\\\/07\\\/recubrimientos-daikin.png\",\"datePublished\":\"2018-07-12T20:50:10+00:00\",\"dateModified\":\"2019-07-04T15:10:07+00:00\",\"description\":\"Daikin Beschichtungen\u00a0: Applikation von Fluorpolymeren Polyflon PTFE und Neoflon in PFA, FEP, PCTFE, CPT, ETFE und EFEP. Niedriger Reibwert. Kontakt!\",\"breadcrumb\":{\"@id\":\"https:\\\/\\\/www.coatresa.com\\\/de\\\/daikin-beschichtungen\\\/#breadcrumb\"},\"inLanguage\":\"de\",\"potentialAction\":[{\"@type\":\"ReadAction\",\"target\":[\"https:\\\/\\\/www.coatresa.com\\\/de\\\/daikin-beschichtungen\\\/\"]}]},{\"@type\":\"ImageObject\",\"inLanguage\":\"de\",\"@id\":\"https:\\\/\\\/www.coatresa.com\\\/de\\\/daikin-beschichtungen\\\/#primaryimage\",\"url\":\"https:\\\/\\\/www.coatresa.com\\\/wp-content\\\/uploads\\\/2018\\\/07\\\/recubrimientos-daikin.png\",\"contentUrl\":\"https:\\\/\\\/www.coatresa.com\\\/wp-content\\\/uploads\\\/2018\\\/07\\\/recubrimientos-daikin.png\",\"width\":200,\"height\":120,\"caption\":\"recubrimientos daikin\"},{\"@type\":\"BreadcrumbList\",\"@id\":\"https:\\\/\\\/www.coatresa.com\\\/de\\\/daikin-beschichtungen\\\/#breadcrumb\",\"itemListElement\":[{\"@type\":\"ListItem\",\"position\":1,\"name\":\"Portada\",\"item\":\"https:\\\/\\\/www.coatresa.com\\\/de\\\/\"},{\"@type\":\"ListItem\",\"position\":2,\"name\":\"Daikin Beschichtungen\"}]},{\"@type\":\"WebSite\",\"@id\":\"https:\\\/\\\/www.coatresa.com\\\/de\\\/#website\",\"url\":\"https:\\\/\\\/www.coatresa.com\\\/de\\\/\",\"name\":\"Coatresa\",\"description\":\"Aplicaci\u00f3n de recubrimientos antiadherentes y anticorrosivos como el Teflon. Expertos del Powder Coating\",\"publisher\":{\"@id\":\"https:\\\/\\\/www.coatresa.com\\\/de\\\/#organization\"},\"potentialAction\":[{\"@type\":\"SearchAction\",\"target\":{\"@type\":\"EntryPoint\",\"urlTemplate\":\"https:\\\/\\\/www.coatresa.com\\\/de\\\/?s={search_term_string}\"},\"query-input\":{\"@type\":\"PropertyValueSpecification\",\"valueRequired\":true,\"valueName\":\"search_term_string\"}}],\"inLanguage\":\"de\"},{\"@type\":\"Organization\",\"@id\":\"https:\\\/\\\/www.coatresa.com\\\/de\\\/#organization\",\"name\":\"Coatresa\",\"url\":\"https:\\\/\\\/www.coatresa.com\\\/de\\\/\",\"logo\":{\"@type\":\"ImageObject\",\"inLanguage\":\"de\",\"@id\":\"https:\\\/\\\/www.coatresa.com\\\/de\\\/#\\\/schema\\\/logo\\\/image\\\/\",\"url\":\"https:\\\/\\\/www.coatresa.com\\\/wp-content\\\/uploads\\\/2022\\\/07\\\/A_blava_mitja_transp.png\",\"contentUrl\":\"https:\\\/\\\/www.coatresa.com\\\/wp-content\\\/uploads\\\/2022\\\/07\\\/A_blava_mitja_transp.png\",\"width\":340,\"height\":326,\"caption\":\"Coatresa\"},\"image\":{\"@id\":\"https:\\\/\\\/www.coatresa.com\\\/de\\\/#\\\/schema\\\/logo\\\/image\\\/\"},\"sameAs\":[\"https:\\\/\\\/www.facebook.com\\\/Coatresa\\\/\",\"https:\\\/\\\/x.com\\\/Coatresa\",\"https:\\\/\\\/www.linkedin.com\\\/company\\\/coatresa\\\/\",\"https:\\\/\\\/www.youtube.com\\\/user\\\/CoatresaCoatings\"]}]}<\/script>\n<!-- \/ Yoast SEO plugin. -->","yoast_head_json":{"title":"Daikin Beschichtungen - Coatresa","description":"Daikin Beschichtungen\u00a0: Applikation von Fluorpolymeren Polyflon PTFE und Neoflon in PFA, FEP, PCTFE, CPT, ETFE und EFEP. Niedriger Reibwert. Kontakt!","robots":{"index":"index","follow":"follow","max-snippet":"max-snippet:-1","max-image-preview":"max-image-preview:large","max-video-preview":"max-video-preview:-1"},"canonical":"https:\/\/www.coatresa.com\/de\/daikin-beschichtungen\/","og_locale":"de_DE","og_type":"article","og_title":"Daikin Beschichtungen - Coatresa","og_description":"Daikin Beschichtungen\u00a0: Applikation von Fluorpolymeren Polyflon PTFE und Neoflon in PFA, FEP, PCTFE, CPT, ETFE und EFEP. Niedriger Reibwert. Kontakt!","og_url":"https:\/\/www.coatresa.com\/de\/daikin-beschichtungen\/","og_site_name":"Coatresa","article_publisher":"https:\/\/www.facebook.com\/Coatresa\/","article_modified_time":"2019-07-04T15:10:07+00:00","og_image":[{"width":200,"height":120,"url":"https:\/\/www.coatresa.com\/wp-content\/uploads\/2018\/07\/recubrimientos-daikin.png","type":"image\/png"}],"twitter_card":"summary_large_image","twitter_site":"@Coatresa","twitter_misc":{"Gesch\u00e4tzte Lesezeit":"2\u00a0Minuten"},"schema":{"@context":"https:\/\/schema.org","@graph":[{"@type":"WebPage","@id":"https:\/\/www.coatresa.com\/de\/daikin-beschichtungen\/","url":"https:\/\/www.coatresa.com\/de\/daikin-beschichtungen\/","name":"Daikin Beschichtungen - Coatresa","isPartOf":{"@id":"https:\/\/www.coatresa.com\/de\/#website"},"primaryImageOfPage":{"@id":"https:\/\/www.coatresa.com\/de\/daikin-beschichtungen\/#primaryimage"},"image":{"@id":"https:\/\/www.coatresa.com\/de\/daikin-beschichtungen\/#primaryimage"},"thumbnailUrl":"https:\/\/www.coatresa.com\/wp-content\/uploads\/2018\/07\/recubrimientos-daikin.png","datePublished":"2018-07-12T20:50:10+00:00","dateModified":"2019-07-04T15:10:07+00:00","description":"Daikin Beschichtungen\u00a0: Applikation von Fluorpolymeren Polyflon PTFE und Neoflon in PFA, FEP, PCTFE, CPT, ETFE und EFEP. Niedriger Reibwert. Kontakt!","breadcrumb":{"@id":"https:\/\/www.coatresa.com\/de\/daikin-beschichtungen\/#breadcrumb"},"inLanguage":"de","potentialAction":[{"@type":"ReadAction","target":["https:\/\/www.coatresa.com\/de\/daikin-beschichtungen\/"]}]},{"@type":"ImageObject","inLanguage":"de","@id":"https:\/\/www.coatresa.com\/de\/daikin-beschichtungen\/#primaryimage","url":"https:\/\/www.coatresa.com\/wp-content\/uploads\/2018\/07\/recubrimientos-daikin.png","contentUrl":"https:\/\/www.coatresa.com\/wp-content\/uploads\/2018\/07\/recubrimientos-daikin.png","width":200,"height":120,"caption":"recubrimientos daikin"},{"@type":"BreadcrumbList","@id":"https:\/\/www.coatresa.com\/de\/daikin-beschichtungen\/#breadcrumb","itemListElement":[{"@type":"ListItem","position":1,"name":"Portada","item":"https:\/\/www.coatresa.com\/de\/"},{"@type":"ListItem","position":2,"name":"Daikin Beschichtungen"}]},{"@type":"WebSite","@id":"https:\/\/www.coatresa.com\/de\/#website","url":"https:\/\/www.coatresa.com\/de\/","name":"Coatresa","description":"Aplicaci\u00f3n de recubrimientos antiadherentes y anticorrosivos como el Teflon. Expertos del Powder Coating","publisher":{"@id":"https:\/\/www.coatresa.com\/de\/#organization"},"potentialAction":[{"@type":"SearchAction","target":{"@type":"EntryPoint","urlTemplate":"https:\/\/www.coatresa.com\/de\/?s={search_term_string}"},"query-input":{"@type":"PropertyValueSpecification","valueRequired":true,"valueName":"search_term_string"}}],"inLanguage":"de"},{"@type":"Organization","@id":"https:\/\/www.coatresa.com\/de\/#organization","name":"Coatresa","url":"https:\/\/www.coatresa.com\/de\/","logo":{"@type":"ImageObject","inLanguage":"de","@id":"https:\/\/www.coatresa.com\/de\/#\/schema\/logo\/image\/","url":"https:\/\/www.coatresa.com\/wp-content\/uploads\/2022\/07\/A_blava_mitja_transp.png","contentUrl":"https:\/\/www.coatresa.com\/wp-content\/uploads\/2022\/07\/A_blava_mitja_transp.png","width":340,"height":326,"caption":"Coatresa"},"image":{"@id":"https:\/\/www.coatresa.com\/de\/#\/schema\/logo\/image\/"},"sameAs":["https:\/\/www.facebook.com\/Coatresa\/","https:\/\/x.com\/Coatresa","https:\/\/www.linkedin.com\/company\/coatresa\/","https:\/\/www.youtube.com\/user\/CoatresaCoatings"]}]}},"_links":{"self":[{"href":"https:\/\/www.coatresa.com\/de\/wp-json\/wp\/v2\/pages\/10581","targetHints":{"allow":["GET"]}}],"collection":[{"href":"https:\/\/www.coatresa.com\/de\/wp-json\/wp\/v2\/pages"}],"about":[{"href":"https:\/\/www.coatresa.com\/de\/wp-json\/wp\/v2\/types\/page"}],"author":[{"embeddable":true,"href":"https:\/\/www.coatresa.com\/de\/wp-json\/wp\/v2\/users\/1"}],"replies":[{"embeddable":true,"href":"https:\/\/www.coatresa.com\/de\/wp-json\/wp\/v2\/comments?post=10581"}],"version-history":[{"count":0,"href":"https:\/\/www.coatresa.com\/de\/wp-json\/wp\/v2\/pages\/10581\/revisions"}],"wp:featuredmedia":[{"embeddable":true,"href":"https:\/\/www.coatresa.com\/de\/wp-json\/wp\/v2\/media\/7408"}],"wp:attachment":[{"href":"https:\/\/www.coatresa.com\/de\/wp-json\/wp\/v2\/media?parent=10581"}],"curies":[{"name":"wp","href":"https:\/\/api.w.org\/{rel}","templated":true}]}}