{"id":10585,"date":"2018-07-12T23:10:30","date_gmt":"2018-07-12T21:10:30","guid":{"rendered":"http:\/\/coatresa.com\/recubrimientos-daikin-neoflon\/"},"modified":"2019-03-25T12:19:49","modified_gmt":"2019-03-25T11:19:49","slug":"daikin-neoflon-beschichtung","status":"publish","type":"page","link":"https:\/\/www.coatresa.com\/de\/daikin-neoflon-beschichtung\/","title":{"rendered":"Neoflon Beschichtung"},"content":{"rendered":"<div id=\"pl-10585\"  class=\"panel-layout\" ><div id=\"pg-10585-0\"  class=\"panel-grid panel-has-style\" ><div style=\"padding: 0px 0; \" data-overlay=\"true\" data-overlay-color=\"#000000\" class=\"panel-row-style panel-row-style-for-10585-0\" ><div id=\"pgc-10585-0-0\"  class=\"panel-grid-cell\" ><div id=\"panel-10585-0-0-0\" class=\"so-panel widget_sow-image panel-first-child panel-last-child\" data-index=\"0\" ><div style=\"text-align: left;\" data-title-color=\"#47425d\" data-headings-color=\"#443f3f\" data-title_alignment=\"center\" class=\"panel-widget-style panel-widget-style-for-10585-0-0-0\" ><div\n\t\t\t\n\t\t\tclass=\"so-widget-sow-image so-widget-sow-image-default-c67d20f9f743-10585\"\n\t\t\t\n\t\t>\n<div class=\"sow-image-container\">\n\t\t<img \n\tsrc=\"https:\/\/www.coatresa.com\/wp-content\/uploads\/2018\/07\/recubrimientos-daikin-neoflon-1.png\" width=\"197\" height=\"197\" srcset=\"https:\/\/www.coatresa.com\/wp-content\/uploads\/2018\/07\/recubrimientos-daikin-neoflon-1.png 197w, https:\/\/www.coatresa.com\/wp-content\/uploads\/2018\/07\/recubrimientos-daikin-neoflon-1-150x150.png 150w\" sizes=\"(max-width: 197px) 100vw, 197px\" title=\"recubrimientos Daikin Neoflon\" alt=\"recubrimientos Daikin Neoflon\" \t\tclass=\"so-widget-image\"\/>\n\t<\/div>\n\n<\/div><\/div><\/div><\/div><div id=\"pgc-10585-0-1\"  class=\"panel-grid-cell\" ><div id=\"panel-10585-0-1-0\" class=\"so-panel widget_sow-editor panel-first-child panel-last-child\" data-index=\"1\" ><div style=\"text-align: left;\" data-title-color=\"#47425d\" data-headings-color=\"#000000\" data-title_alignment=\"center\" class=\"panel-widget-style panel-widget-style-for-10585-0-1-0\" ><div\n\t\t\t\n\t\t\tclass=\"so-widget-sow-editor so-widget-sow-editor-base\"\n\t\t\t\n\t\t>\n<div class=\"siteorigin-widget-tinymce textwidget\">\n\t<h1 style=\"text-align: left;\">Neoflon \u00ae Beschichtung<\/h1>\n<hr align=\"left\" \/>\n<p style=\"text-align: justify;\"><b>Neoflon<\/b>\u00ae ist die Marke, unter der Daikin seine Fluorpolymere vertreibt. Diese Produkte finden haupts\u00e4chlich in den Bereichen Automobilherstellung, Flugzeugbau, Halbleiter, Informationstechnologien sowie in Artikeln und elektrischen Haushaltsger\u00e4ten Verwendung. Dies ist auf ihre Antihafteigenschaften, den niedrigen Reibwert, ihre Temperatur- und Chemikalienbest\u00e4ndigkeit und ihre elektrischen Eigenschaften im Vergleich mit anderen Polymeren zur\u00fcckzuf\u00fchren.<\/p>\n<\/div>\n<\/div><\/div><\/div><\/div><\/div><\/div><div id=\"pg-10585-1\"  class=\"panel-grid panel-has-style\" ><div class=\"FRANJA-BLAVA-TITOL siteorigin-panels-stretch panel-row-style panel-row-style-for-10585-1\" style=\"padding: 0px 0; \" data-stretch-type=\"full\" data-overlay=\"true\" data-overlay-color=\"#000000\" ><div id=\"pgc-10585-1-0\"  class=\"panel-grid-cell\" ><div id=\"panel-10585-1-0-0\" class=\"so-panel widget_sow-editor panel-first-child panel-last-child\" data-index=\"2\" ><div class=\"blanc panel-widget-style panel-widget-style-for-10585-1-0-0\" style=\"text-align: left;\" data-title-color=\"#47425d\" data-headings-color=\"#443f3f\" data-title_alignment=\"center\" ><div\n\t\t\t\n\t\t\tclass=\"so-widget-sow-editor so-widget-sow-editor-base\"\n\t\t\t\n\t\t>\n<div class=\"siteorigin-widget-tinymce textwidget\">\n\t<h2 style=\"text-align: center;\">Neoflon \u00ae Produktpalette<\/h2>\n<\/div>\n<\/div><\/div><\/div><\/div><\/div><\/div><div id=\"pg-10585-2\"  class=\"panel-grid panel-has-style\" ><div class=\"BGC-GRIS siteorigin-panels-stretch panel-row-style panel-row-style-for-10585-2\" style=\"padding: 50px 0; \" data-stretch-type=\"full\" data-overlay=\"true\" data-overlay-color=\"#000000\" ><div id=\"pgc-10585-2-0\"  class=\"panel-grid-cell\" ><div id=\"panel-10585-2-0-0\" class=\"so-panel widget_sow-editor panel-first-child\" data-index=\"3\" ><div class=\"TEXTOS-DESTACATS panel-widget-style panel-widget-style-for-10585-2-0-0\" style=\"text-align: left;\" data-title-color=\"#47425d\" data-headings-color=\"#443f3f\" data-title_alignment=\"center\" ><div\n\t\t\t\n\t\t\tclass=\"so-widget-sow-editor so-widget-sow-editor-base\"\n\t\t\t\n\t\t>\n<div class=\"siteorigin-widget-tinymce textwidget\">\n\t<p style=\"text-align: center;\"><b>Neoflon<\/b>\u00ae umfasst eine breite Palette an Produkten, die jeweils ein Derivat von PTFE bzw. Polytetrafluorethylen sind:<\/p>\n<\/div>\n<\/div><\/div><\/div><div id=\"panel-10585-2-0-1\" class=\"so-panel widget_siteorigin-panels-builder panel-last-child\" data-index=\"4\" ><div class=\"MARGE-LLISTA panel-widget-style panel-widget-style-for-10585-2-0-1\" style=\"text-align: left;\" data-title-color=\"#47425d\" data-headings-color=\"#443f3f\" data-title_alignment=\"center\" ><div id=\"pl-w5b8e753332639\"  class=\"panel-layout\" ><div id=\"pg-w5b8e753332639-0\"  class=\"panel-grid panel-has-style\" ><div style=\"padding: 0px 0; \" data-overlay=\"true\" data-overlay-color=\"#000000\" class=\"panel-row-style panel-row-style-for-w5b8e753332639-0\" ><div id=\"pgc-w5b8e753332639-0-0\"  class=\"panel-grid-cell\" ><div id=\"panel-w5b8e753332639-0-0-0\" class=\"so-panel widget_sow-editor panel-first-child\" data-index=\"0\" ><div style=\"text-align: left;\" data-title-color=\"#47425d\" data-headings-color=\"#443f3f\" data-title_alignment=\"center\" class=\"panel-widget-style panel-widget-style-for-w5b8e753332639-0-0-0\" ><div\n\t\t\t\n\t\t\tclass=\"so-widget-sow-editor so-widget-sow-editor-base\"\n\t\t\t\n\t\t>\n<div class=\"siteorigin-widget-tinymce textwidget\">\n\t<p style=\"text-align: justify;\"><b>Neoflon<\/b>\u00ae\u00a0<b>PFA<\/b>\u00a0bzw. Perfluoralkoxi ist ein Copolymer von Tetrafluorethylen und Perfluoralkylvinylether. Es handelt sich um ein Perfluorpolymer, das nur aus Kohlenstoff- und Fluoratomen besteht und kein Wasserstoffatom enth\u00e4lt. Es besitzt die gleichen Vorteile wie PTFE in einem breiten Temperaturbereich und zeichnet sich dar\u00fcber hinaus durch seine hervorragende Transparenz und seine gro\u00dfe mechanische Kraft bei hohen Temperaturen aus.<\/p>\n<\/div>\n<\/div><\/div><\/div><div id=\"panel-w5b8e753332639-0-0-1\" class=\"so-panel widget_sow-editor\" data-index=\"1\" ><div style=\"text-align: left;\" data-title-color=\"#47425d\" data-headings-color=\"#443f3f\" data-title_alignment=\"center\" class=\"panel-widget-style panel-widget-style-for-w5b8e753332639-0-0-1\" ><div\n\t\t\t\n\t\t\tclass=\"so-widget-sow-editor so-widget-sow-editor-base\"\n\t\t\t\n\t\t>\n<div class=\"siteorigin-widget-tinymce textwidget\">\n\t<p style=\"text-align: justify;\"><b>Neoflon<\/b>\u00ae\u00a0<b>FEP<\/b>\u00a0bzw. ist ein perfluoriertes Copolymer von Tetrafluorethylen und Hexafluorethylen. Es verf\u00fcgt \u00fcber ausgezeichnete elektrische Eigenschaften wie PTFE, weil FEP nur aus Fluor- und Kohlenstoffatomen besteht. Seine Best\u00e4ndigkeit gegen Chemikalien und mechanische Einwirkungen ist gleich wie jene von PFA, die Hochtemperaturbest\u00e4ndigkeit ist jedoch niedriger als jene von PFA.<\/p>\n<\/div>\n<\/div><\/div><\/div><div id=\"panel-w5b8e753332639-0-0-2\" class=\"so-panel widget_sow-editor\" data-index=\"2\" ><div style=\"text-align: left;\" data-title-color=\"#47425d\" data-headings-color=\"#443f3f\" data-title_alignment=\"center\" class=\"panel-widget-style panel-widget-style-for-w5b8e753332639-0-0-2\" ><div\n\t\t\t\n\t\t\tclass=\"so-widget-sow-editor so-widget-sow-editor-base\"\n\t\t\t\n\t\t>\n<div class=\"siteorigin-widget-tinymce textwidget\">\n\t<p style=\"text-align: justify;\"><b>Neoflon<\/b>\u00ae\u00a0<b>PCTFE<\/b>\u00a0bildet eine ausgezeichnete Gasbarriere, vor allem wegen seiner niedrigen Permeation von Feuchtigkeit und Dampf im Vergleich zu anderen Kunststoffen. Seine Hochtemperatur- und Chemikalienbest\u00e4ndigkeit ist niedriger als jene von PFA und FEP, dagegen bietet es \u00fcberlegene mechanische Eigenschaften (insbesondere in Bezug auf die H\u00e4rte).<\/p>\n<\/div>\n<\/div><\/div><\/div><div id=\"panel-w5b8e753332639-0-0-3\" class=\"so-panel widget_sow-editor\" data-index=\"3\" ><div style=\"text-align: left;\" data-title-color=\"#47425d\" data-headings-color=\"#443f3f\" data-title_alignment=\"center\" class=\"panel-widget-style panel-widget-style-for-w5b8e753332639-0-0-3\" ><div\n\t\t\t\n\t\t\tclass=\"so-widget-sow-editor so-widget-sow-editor-base\"\n\t\t\t\n\t\t>\n<div class=\"siteorigin-widget-tinymce textwidget\">\n\t<p style=\"text-align: justify;\"><b>Neoflon<\/b>\u00ae\u00a0<b>CPT<\/b>\u00a0ist ein neuer Typ von Fluorpolymeren, der eine ausgezeichnete Dichtigkeit gegen\u00fcber allen Arten von organischen L\u00f6sungsmitteln und sehr aktive S\u00e4uren wie HF, HCl, HNO3 aufweist. Es dient zur Applikation auf anderen Kunststoffen.<\/p>\n<\/div>\n<\/div><\/div><\/div><div id=\"panel-w5b8e753332639-0-0-4\" class=\"so-panel widget_sow-editor\" data-index=\"4\" ><div style=\"text-align: left;\" data-title-color=\"#47425d\" data-headings-color=\"#443f3f\" data-title_alignment=\"center\" class=\"panel-widget-style panel-widget-style-for-w5b8e753332639-0-0-4\" ><div\n\t\t\t\n\t\t\tclass=\"so-widget-sow-editor so-widget-sow-editor-base\"\n\t\t\t\n\t\t>\n<div class=\"siteorigin-widget-tinymce textwidget\">\n\t<p style=\"text-align: justify;\"><b>Neoflon<\/b>\u00ae\u00a0<b>ETFE<\/b>\u00a0ist ein Copolymer von Tetrafluorethylen und Ethylen und verf\u00fcgt \u00fcber die niedrigste relative Dichte aller Fluorpolymere. Im Vergleich zu PTFE und FEP bietet es \u00fcberlegene Schmelzeigenschaften und mechanische Eigenschaften. Dazu kommen gute elektrische und chemische Eigenschaften. Es eignet sich f\u00fcr Anwendungen, die mechanische H\u00e4rte, Chemikalienbest\u00e4ndigkeit, Hochtemperaturbest\u00e4ndigkeit und elektrische Eigenschaften fordern.<\/p>\n<\/div>\n<\/div><\/div><\/div><div id=\"panel-w5b8e753332639-0-0-5\" class=\"so-panel widget_sow-editor panel-last-child\" data-index=\"5\" ><div style=\"text-align: left;\" data-title-color=\"#47425d\" data-headings-color=\"#443f3f\" data-title_alignment=\"center\" class=\"panel-widget-style panel-widget-style-for-w5b8e753332639-0-0-5\" ><div\n\t\t\t\n\t\t\tclass=\"so-widget-sow-editor so-widget-sow-editor-base\"\n\t\t\t\n\t\t>\n<div class=\"siteorigin-widget-tinymce textwidget\">\n\t<p style=\"text-align: justify;\"><b>Neoflon<\/b>\u00ae\u00a0<b>EFEP<\/b>\u00a0ist ein neues Fluorpolymer, das die F\u00e4higkeit hat, auf anderen Materialien zu haften, die nicht zu den bestehenden anderen Antihaft-Fluorpolymeren geh\u00f6ren. Dar\u00fcber hinaus bietet es die gleiche Chemikalienbest\u00e4ndigkeit wie die anderen Fluorpolymere. Es ist transparenter als die herk\u00f6mmlichen Fluorpolymere und laut Daikin die n\u00e4chste Materialgeneration, die die M\u00f6glichkeiten der Anwendung von Fluorpolymeren erweitern wird.<\/p>\n<\/div>\n<\/div><\/div><\/div><\/div><\/div><\/div><\/div><\/div><\/div><\/div><\/div><\/div><div id=\"pg-10585-3\"  class=\"panel-grid panel-has-style\" ><div class=\"siteorigin-panels-stretch panel-row-style panel-row-style-for-10585-3\" style=\"padding: 50px 0; \" data-stretch-type=\"full\" data-overlay=\"true\" data-overlay-color=\"#000000\" ><div id=\"pgc-10585-3-0\"  class=\"panel-grid-cell\" ><div id=\"panel-10585-3-0-0\" class=\"so-panel widget_siteorigin-panels-builder panel-first-child panel-last-child\" data-index=\"5\" ><div style=\"text-align: left;\" data-title-color=\"#47425d\" data-headings-color=\"#443f3f\" data-title_alignment=\"center\" class=\"panel-widget-style panel-widget-style-for-10585-3-0-0\" ><div id=\"pl-w5c98b955ec7ee\"  class=\"panel-layout\" ><div id=\"pg-w5c98b955ec7ee-0\"  class=\"panel-grid panel-has-style\" ><div style=\"padding: 0px 0; \" data-overlay=\"true\" data-overlay-color=\"#000000\" class=\"panel-row-style panel-row-style-for-w5c98b955ec7ee-0\" ><div id=\"pgc-w5c98b955ec7ee-0-0\"  class=\"panel-grid-cell\" ><div id=\"panel-w5c98b955ec7ee-0-0-0\" class=\"so-panel widget_sow-editor panel-first-child panel-last-child\" data-index=\"0\" ><div style=\"text-align: left;\" data-title-color=\"#47425d\" data-headings-color=\"#443f3f\" data-title_alignment=\"center\" class=\"panel-widget-style panel-widget-style-for-w5c98b955ec7ee-0-0-0\" ><div\n\t\t\t\n\t\t\tclass=\"so-widget-sow-editor so-widget-sow-editor-base\"\n\t\t\t\n\t\t>\n<div class=\"siteorigin-widget-tinymce textwidget\">\n\t<h2 class=\"BLAU-FOSC\" style=\"text-align: center;\">Neoflon\u00ae referenzen<\/h2>\n<\/div>\n<\/div><\/div><\/div><\/div><\/div><\/div><div id=\"pg-w5c98b955ec7ee-1\"  class=\"panel-grid panel-has-style\" ><div style=\"padding: 0px 0; \" data-overlay=\"true\" data-overlay-color=\"#000000\" class=\"panel-row-style panel-row-style-for-w5c98b955ec7ee-1\" ><div id=\"pgc-w5c98b955ec7ee-1-0\"  class=\"panel-grid-cell\" ><div id=\"panel-w5c98b955ec7ee-1-0-0\" class=\"so-panel widget_sow-editor panel-first-child panel-last-child\" data-index=\"1\" ><div style=\"text-align: left;\" data-title-color=\"#47425d\" data-headings-color=\"#443f3f\" data-title_alignment=\"center\" class=\"panel-widget-style panel-widget-style-for-w5c98b955ec7ee-1-0-0\" ><div\n\t\t\t\n\t\t\tclass=\"so-widget-sow-editor so-widget-sow-editor-base\"\n\t\t\t\n\t\t>\n<div class=\"siteorigin-widget-tinymce textwidget\">\n\t<p style=\"text-align: center; padding-top: 40px;\"><b>FEP NC-1500<\/b><br \/>\n<b>FEP NC-1511<\/b><br \/>\n<b>FEP NC-1515<\/b><br \/>\n<b>FEP NC-1519<\/b><br \/>\n<b>FEP NC-1539N<\/b><br \/>\n<b>FEP NCX-1<\/b><br \/>\n<b>FEP NCX-11<\/b><br \/>\n<b>EFEP RC-4520<\/b><\/p>\n<\/div>\n<\/div><\/div><\/div><\/div><div id=\"pgc-w5c98b955ec7ee-1-1\"  class=\"panel-grid-cell\" ><div id=\"panel-w5c98b955ec7ee-1-1-0\" class=\"so-panel widget_sow-editor panel-first-child panel-last-child\" data-index=\"2\" ><div style=\"text-align: left;\" data-title-color=\"#47425d\" data-headings-color=\"#443f3f\" data-title_alignment=\"center\" class=\"panel-widget-style panel-widget-style-for-w5c98b955ec7ee-1-1-0\" ><div\n\t\t\t\n\t\t\tclass=\"so-widget-sow-editor so-widget-sow-editor-base\"\n\t\t\t\n\t\t>\n<div class=\"siteorigin-widget-tinymce textwidget\">\n\t<p style=\"text-align: center; padding-top: 40px;\"><b>ETFE EC-6510<\/b><br \/>\n<b>ETFE EC-6511<\/b><br \/>\n<b>ETFE EC-6515<\/b><br \/>\n<b>ETFE EC-6516<\/b><br \/>\n<b>ETFE EC-6519<\/b><br \/>\n<b>ETFE EC-6820<\/b><br \/>\n<b>ETFE EPW-1606BL<\/b><br \/>\n<b>ETFE EPW-1609BK<\/b><\/p>\n<\/div>\n<\/div><\/div><\/div><\/div><div id=\"pgc-w5c98b955ec7ee-1-2\"  class=\"panel-grid-cell\" ><div id=\"panel-w5c98b955ec7ee-1-2-0\" class=\"so-panel widget_sow-editor panel-first-child panel-last-child\" data-index=\"3\" ><div style=\"text-align: left;\" data-title-color=\"#47425d\" data-headings-color=\"#443f3f\" data-title_alignment=\"center\" class=\"panel-widget-style panel-widget-style-for-w5c98b955ec7ee-1-2-0\" ><div\n\t\t\t\n\t\t\tclass=\"so-widget-sow-editor so-widget-sow-editor-base\"\n\t\t\t\n\t\t>\n<div class=\"siteorigin-widget-tinymce textwidget\">\n\t<p style=\"text-align: center; padding-top: 40px;\"><b>PFA AC-5539<\/b><br \/>\n<b>PFA AC-5600<\/b><br \/>\n<b>PFA AC-5820<\/b><br \/>\n<b>PFA AC-5830<\/b><br \/>\n<b>PFA AC-5840<\/b><br \/>\n<b>PFA ACX-21<\/b><br \/>\n<b>PFA ACX-31<\/b><br \/>\n<b>PFA ACX-34<\/b><br \/>\n<b>PFA ACX-41<\/b><\/p>\n<\/div>\n<\/div><\/div><\/div><\/div><\/div><\/div><\/div><\/div><\/div><\/div><\/div><\/div><\/div>","protected":false},"excerpt":{"rendered":"<p>Neoflon \u00ae Beschichtung Neoflon\u00ae ist die Marke, unter der Daikin seine Fluorpolymere vertreibt. Diese Produkte finden haupts\u00e4chlich in den Bereichen Automobilherstellung, Flugzeugbau, [&hellip;]<\/p>\n","protected":false},"author":1,"featured_media":7844,"parent":0,"menu_order":0,"comment_status":"closed","ping_status":"closed","template":"page-templates\/page_fullwidth.php","meta":{"footnotes":""},"class_list":["post-10585","page","type-page","status-publish","has-post-thumbnail","hentry"],"yoast_head":"<!-- This site is optimized with the Yoast SEO plugin v27.4 - https:\/\/yoast.com\/product\/yoast-seo-wordpress\/ -->\n<title>Neoflon Beschichtung - Coatresa<\/title>\n<meta name=\"description\" content=\"Neoflon Beschichtung von Daikin\u00a0: Applikation von Fluorpolymeren wie Neoflon PFA, Neoflon FEP, Neoflon PCTFE, Neoflon CPT, Neoflon ETFE und Neoflon EFEP.\" \/>\n<meta name=\"robots\" content=\"index, follow, max-snippet:-1, max-image-preview:large, max-video-preview:-1\" \/>\n<link rel=\"canonical\" href=\"https:\/\/www.coatresa.com\/de\/daikin-neoflon-beschichtung\/\" \/>\n<meta property=\"og:locale\" content=\"de_DE\" \/>\n<meta property=\"og:type\" content=\"article\" \/>\n<meta property=\"og:title\" content=\"Neoflon Beschichtung - Coatresa\" \/>\n<meta property=\"og:description\" content=\"Neoflon Beschichtung von Daikin\u00a0: Applikation von Fluorpolymeren wie Neoflon PFA, Neoflon FEP, Neoflon PCTFE, Neoflon CPT, Neoflon ETFE und Neoflon EFEP.\" \/>\n<meta property=\"og:url\" content=\"https:\/\/www.coatresa.com\/de\/daikin-neoflon-beschichtung\/\" \/>\n<meta property=\"og:site_name\" content=\"Coatresa\" \/>\n<meta property=\"article:publisher\" content=\"https:\/\/www.facebook.com\/Coatresa\/\" \/>\n<meta property=\"article:modified_time\" content=\"2019-03-25T11:19:49+00:00\" \/>\n<meta property=\"og:image\" content=\"https:\/\/www.coatresa.com\/wp-content\/uploads\/2018\/07\/recubrimientos-daikin-neoflon-1.png\" \/>\n\t<meta property=\"og:image:width\" content=\"197\" \/>\n\t<meta property=\"og:image:height\" content=\"197\" \/>\n\t<meta property=\"og:image:type\" content=\"image\/png\" \/>\n<meta name=\"twitter:card\" content=\"summary_large_image\" \/>\n<meta name=\"twitter:site\" content=\"@Coatresa\" \/>\n<meta name=\"twitter:label1\" content=\"Gesch\u00e4tzte Lesezeit\" \/>\n\t<meta name=\"twitter:data1\" content=\"2\u00a0Minuten\" \/>\n<script type=\"application\/ld+json\" class=\"yoast-schema-graph\">{\"@context\":\"https:\\\/\\\/schema.org\",\"@graph\":[{\"@type\":\"WebPage\",\"@id\":\"https:\\\/\\\/www.coatresa.com\\\/de\\\/daikin-neoflon-beschichtung\\\/\",\"url\":\"https:\\\/\\\/www.coatresa.com\\\/de\\\/daikin-neoflon-beschichtung\\\/\",\"name\":\"Neoflon Beschichtung - Coatresa\",\"isPartOf\":{\"@id\":\"https:\\\/\\\/www.coatresa.com\\\/de\\\/#website\"},\"primaryImageOfPage\":{\"@id\":\"https:\\\/\\\/www.coatresa.com\\\/de\\\/daikin-neoflon-beschichtung\\\/#primaryimage\"},\"image\":{\"@id\":\"https:\\\/\\\/www.coatresa.com\\\/de\\\/daikin-neoflon-beschichtung\\\/#primaryimage\"},\"thumbnailUrl\":\"https:\\\/\\\/www.coatresa.com\\\/wp-content\\\/uploads\\\/2018\\\/07\\\/recubrimientos-daikin-neoflon-1.png\",\"datePublished\":\"2018-07-12T21:10:30+00:00\",\"dateModified\":\"2019-03-25T11:19:49+00:00\",\"description\":\"Neoflon Beschichtung von Daikin\u00a0: Applikation von Fluorpolymeren wie Neoflon PFA, Neoflon FEP, Neoflon PCTFE, Neoflon CPT, Neoflon ETFE und Neoflon EFEP.\",\"breadcrumb\":{\"@id\":\"https:\\\/\\\/www.coatresa.com\\\/de\\\/daikin-neoflon-beschichtung\\\/#breadcrumb\"},\"inLanguage\":\"de\",\"potentialAction\":[{\"@type\":\"ReadAction\",\"target\":[\"https:\\\/\\\/www.coatresa.com\\\/de\\\/daikin-neoflon-beschichtung\\\/\"]}]},{\"@type\":\"ImageObject\",\"inLanguage\":\"de\",\"@id\":\"https:\\\/\\\/www.coatresa.com\\\/de\\\/daikin-neoflon-beschichtung\\\/#primaryimage\",\"url\":\"https:\\\/\\\/www.coatresa.com\\\/wp-content\\\/uploads\\\/2018\\\/07\\\/recubrimientos-daikin-neoflon-1.png\",\"contentUrl\":\"https:\\\/\\\/www.coatresa.com\\\/wp-content\\\/uploads\\\/2018\\\/07\\\/recubrimientos-daikin-neoflon-1.png\",\"width\":197,\"height\":197,\"caption\":\"recubrimientos Daikin Neoflon\"},{\"@type\":\"BreadcrumbList\",\"@id\":\"https:\\\/\\\/www.coatresa.com\\\/de\\\/daikin-neoflon-beschichtung\\\/#breadcrumb\",\"itemListElement\":[{\"@type\":\"ListItem\",\"position\":1,\"name\":\"Portada\",\"item\":\"https:\\\/\\\/www.coatresa.com\\\/de\\\/\"},{\"@type\":\"ListItem\",\"position\":2,\"name\":\"Neoflon Beschichtung\"}]},{\"@type\":\"WebSite\",\"@id\":\"https:\\\/\\\/www.coatresa.com\\\/de\\\/#website\",\"url\":\"https:\\\/\\\/www.coatresa.com\\\/de\\\/\",\"name\":\"Coatresa\",\"description\":\"Aplicaci\u00f3n de recubrimientos antiadherentes y anticorrosivos como el Teflon. Expertos del Powder Coating\",\"publisher\":{\"@id\":\"https:\\\/\\\/www.coatresa.com\\\/de\\\/#organization\"},\"potentialAction\":[{\"@type\":\"SearchAction\",\"target\":{\"@type\":\"EntryPoint\",\"urlTemplate\":\"https:\\\/\\\/www.coatresa.com\\\/de\\\/?s={search_term_string}\"},\"query-input\":{\"@type\":\"PropertyValueSpecification\",\"valueRequired\":true,\"valueName\":\"search_term_string\"}}],\"inLanguage\":\"de\"},{\"@type\":\"Organization\",\"@id\":\"https:\\\/\\\/www.coatresa.com\\\/de\\\/#organization\",\"name\":\"Coatresa\",\"url\":\"https:\\\/\\\/www.coatresa.com\\\/de\\\/\",\"logo\":{\"@type\":\"ImageObject\",\"inLanguage\":\"de\",\"@id\":\"https:\\\/\\\/www.coatresa.com\\\/de\\\/#\\\/schema\\\/logo\\\/image\\\/\",\"url\":\"https:\\\/\\\/www.coatresa.com\\\/wp-content\\\/uploads\\\/2022\\\/07\\\/A_blava_mitja_transp.png\",\"contentUrl\":\"https:\\\/\\\/www.coatresa.com\\\/wp-content\\\/uploads\\\/2022\\\/07\\\/A_blava_mitja_transp.png\",\"width\":340,\"height\":326,\"caption\":\"Coatresa\"},\"image\":{\"@id\":\"https:\\\/\\\/www.coatresa.com\\\/de\\\/#\\\/schema\\\/logo\\\/image\\\/\"},\"sameAs\":[\"https:\\\/\\\/www.facebook.com\\\/Coatresa\\\/\",\"https:\\\/\\\/x.com\\\/Coatresa\",\"https:\\\/\\\/www.linkedin.com\\\/company\\\/coatresa\\\/\",\"https:\\\/\\\/www.youtube.com\\\/user\\\/CoatresaCoatings\"]}]}<\/script>\n<!-- \/ Yoast SEO plugin. -->","yoast_head_json":{"title":"Neoflon Beschichtung - Coatresa","description":"Neoflon Beschichtung von Daikin\u00a0: Applikation von Fluorpolymeren wie Neoflon PFA, Neoflon FEP, Neoflon PCTFE, Neoflon CPT, Neoflon ETFE und Neoflon EFEP.","robots":{"index":"index","follow":"follow","max-snippet":"max-snippet:-1","max-image-preview":"max-image-preview:large","max-video-preview":"max-video-preview:-1"},"canonical":"https:\/\/www.coatresa.com\/de\/daikin-neoflon-beschichtung\/","og_locale":"de_DE","og_type":"article","og_title":"Neoflon Beschichtung - Coatresa","og_description":"Neoflon Beschichtung von Daikin\u00a0: Applikation von Fluorpolymeren wie Neoflon PFA, Neoflon FEP, Neoflon PCTFE, Neoflon CPT, Neoflon ETFE und Neoflon EFEP.","og_url":"https:\/\/www.coatresa.com\/de\/daikin-neoflon-beschichtung\/","og_site_name":"Coatresa","article_publisher":"https:\/\/www.facebook.com\/Coatresa\/","article_modified_time":"2019-03-25T11:19:49+00:00","og_image":[{"width":197,"height":197,"url":"https:\/\/www.coatresa.com\/wp-content\/uploads\/2018\/07\/recubrimientos-daikin-neoflon-1.png","type":"image\/png"}],"twitter_card":"summary_large_image","twitter_site":"@Coatresa","twitter_misc":{"Gesch\u00e4tzte Lesezeit":"2\u00a0Minuten"},"schema":{"@context":"https:\/\/schema.org","@graph":[{"@type":"WebPage","@id":"https:\/\/www.coatresa.com\/de\/daikin-neoflon-beschichtung\/","url":"https:\/\/www.coatresa.com\/de\/daikin-neoflon-beschichtung\/","name":"Neoflon Beschichtung - Coatresa","isPartOf":{"@id":"https:\/\/www.coatresa.com\/de\/#website"},"primaryImageOfPage":{"@id":"https:\/\/www.coatresa.com\/de\/daikin-neoflon-beschichtung\/#primaryimage"},"image":{"@id":"https:\/\/www.coatresa.com\/de\/daikin-neoflon-beschichtung\/#primaryimage"},"thumbnailUrl":"https:\/\/www.coatresa.com\/wp-content\/uploads\/2018\/07\/recubrimientos-daikin-neoflon-1.png","datePublished":"2018-07-12T21:10:30+00:00","dateModified":"2019-03-25T11:19:49+00:00","description":"Neoflon Beschichtung von Daikin\u00a0: Applikation von Fluorpolymeren wie Neoflon PFA, Neoflon FEP, Neoflon PCTFE, Neoflon CPT, Neoflon ETFE und Neoflon EFEP.","breadcrumb":{"@id":"https:\/\/www.coatresa.com\/de\/daikin-neoflon-beschichtung\/#breadcrumb"},"inLanguage":"de","potentialAction":[{"@type":"ReadAction","target":["https:\/\/www.coatresa.com\/de\/daikin-neoflon-beschichtung\/"]}]},{"@type":"ImageObject","inLanguage":"de","@id":"https:\/\/www.coatresa.com\/de\/daikin-neoflon-beschichtung\/#primaryimage","url":"https:\/\/www.coatresa.com\/wp-content\/uploads\/2018\/07\/recubrimientos-daikin-neoflon-1.png","contentUrl":"https:\/\/www.coatresa.com\/wp-content\/uploads\/2018\/07\/recubrimientos-daikin-neoflon-1.png","width":197,"height":197,"caption":"recubrimientos Daikin Neoflon"},{"@type":"BreadcrumbList","@id":"https:\/\/www.coatresa.com\/de\/daikin-neoflon-beschichtung\/#breadcrumb","itemListElement":[{"@type":"ListItem","position":1,"name":"Portada","item":"https:\/\/www.coatresa.com\/de\/"},{"@type":"ListItem","position":2,"name":"Neoflon Beschichtung"}]},{"@type":"WebSite","@id":"https:\/\/www.coatresa.com\/de\/#website","url":"https:\/\/www.coatresa.com\/de\/","name":"Coatresa","description":"Aplicaci\u00f3n de recubrimientos antiadherentes y anticorrosivos como el Teflon. Expertos del Powder Coating","publisher":{"@id":"https:\/\/www.coatresa.com\/de\/#organization"},"potentialAction":[{"@type":"SearchAction","target":{"@type":"EntryPoint","urlTemplate":"https:\/\/www.coatresa.com\/de\/?s={search_term_string}"},"query-input":{"@type":"PropertyValueSpecification","valueRequired":true,"valueName":"search_term_string"}}],"inLanguage":"de"},{"@type":"Organization","@id":"https:\/\/www.coatresa.com\/de\/#organization","name":"Coatresa","url":"https:\/\/www.coatresa.com\/de\/","logo":{"@type":"ImageObject","inLanguage":"de","@id":"https:\/\/www.coatresa.com\/de\/#\/schema\/logo\/image\/","url":"https:\/\/www.coatresa.com\/wp-content\/uploads\/2022\/07\/A_blava_mitja_transp.png","contentUrl":"https:\/\/www.coatresa.com\/wp-content\/uploads\/2022\/07\/A_blava_mitja_transp.png","width":340,"height":326,"caption":"Coatresa"},"image":{"@id":"https:\/\/www.coatresa.com\/de\/#\/schema\/logo\/image\/"},"sameAs":["https:\/\/www.facebook.com\/Coatresa\/","https:\/\/x.com\/Coatresa","https:\/\/www.linkedin.com\/company\/coatresa\/","https:\/\/www.youtube.com\/user\/CoatresaCoatings"]}]}},"_links":{"self":[{"href":"https:\/\/www.coatresa.com\/de\/wp-json\/wp\/v2\/pages\/10585","targetHints":{"allow":["GET"]}}],"collection":[{"href":"https:\/\/www.coatresa.com\/de\/wp-json\/wp\/v2\/pages"}],"about":[{"href":"https:\/\/www.coatresa.com\/de\/wp-json\/wp\/v2\/types\/page"}],"author":[{"embeddable":true,"href":"https:\/\/www.coatresa.com\/de\/wp-json\/wp\/v2\/users\/1"}],"replies":[{"embeddable":true,"href":"https:\/\/www.coatresa.com\/de\/wp-json\/wp\/v2\/comments?post=10585"}],"version-history":[{"count":0,"href":"https:\/\/www.coatresa.com\/de\/wp-json\/wp\/v2\/pages\/10585\/revisions"}],"wp:featuredmedia":[{"embeddable":true,"href":"https:\/\/www.coatresa.com\/de\/wp-json\/wp\/v2\/media\/7844"}],"wp:attachment":[{"href":"https:\/\/www.coatresa.com\/de\/wp-json\/wp\/v2\/media?parent=10585"}],"curies":[{"name":"wp","href":"https:\/\/api.w.org\/{rel}","templated":true}]}}