{"id":10589,"date":"2018-07-12T23:31:54","date_gmt":"2018-07-12T21:31:54","guid":{"rendered":"http:\/\/coatresa.com\/recubrimientos-dupont-chemours\/"},"modified":"2020-01-17T16:05:03","modified_gmt":"2020-01-17T15:05:03","slug":"dupont-chemours-beschichtungen","status":"publish","type":"page","link":"https:\/\/www.coatresa.com\/de\/dupont-chemours-beschichtungen\/","title":{"rendered":"Beschichtungen von Dupont (Chemours)"},"content":{"rendered":"<div id=\"pl-10589\"  class=\"panel-layout\" ><div id=\"pg-10589-0\"  class=\"panel-grid panel-has-style\" ><div style=\"padding: 0px 0; \" data-overlay=\"true\" data-overlay-color=\"#000000\" class=\"panel-row-style panel-row-style-for-10589-0\" ><div id=\"pgc-10589-0-0\"  class=\"panel-grid-cell\" ><div id=\"panel-10589-0-0-0\" class=\"so-panel widget_sow-image panel-first-child\" data-index=\"0\" ><div style=\"text-align: left;\" data-title-color=\"#47425d\" data-headings-color=\"#443f3f\" data-title_alignment=\"center\" class=\"panel-widget-style panel-widget-style-for-10589-0-0-0\" ><div\n\t\t\t\n\t\t\tclass=\"so-widget-sow-image so-widget-sow-image-default-c67d20f9f743-10589\"\n\t\t\t\n\t\t>\n<div class=\"sow-image-container\">\n\t\t<img \n\tsrc=\"https:\/\/www.coatresa.com\/wp-content\/uploads\/2018\/07\/recubrimientos-chemours-dupont.png\" width=\"274\" height=\"120\" srcset=\"https:\/\/www.coatresa.com\/wp-content\/uploads\/2018\/07\/recubrimientos-chemours-dupont.png 274w, https:\/\/www.coatresa.com\/wp-content\/uploads\/2018\/07\/recubrimientos-chemours-dupont-230x101.png 230w, https:\/\/www.coatresa.com\/wp-content\/uploads\/2018\/07\/recubrimientos-chemours-dupont-272x120.png 272w\" sizes=\"(max-width: 274px) 100vw, 274px\" title=\"recubrimientos Chemours ( Dupont )\" alt=\"recubrimientos Chemours ( Dupont )\" \t\tclass=\"so-widget-image\"\/>\n\t<\/div>\n\n<\/div><\/div><\/div><div id=\"panel-10589-0-0-1\" class=\"so-panel widget_sow-editor panel-last-child\" data-index=\"1\" ><div style=\"text-align: left;\" data-title-color=\"#47425d\" data-headings-color=\"#000000\" data-title_alignment=\"center\" class=\"panel-widget-style panel-widget-style-for-10589-0-0-1\" ><div\n\t\t\t\n\t\t\tclass=\"so-widget-sow-editor so-widget-sow-editor-base\"\n\t\t\t\n\t\t>\n<div class=\"siteorigin-widget-tinymce textwidget\">\n\t<h1 style=\"text-align: center;\">Beschichtungen von Chemours (Dupont)<\/h1>\n<hr \/>\n<p style=\"text-align: justify;\">Chemours ist ein US-Unternehmen, das 2015 durch die Abspaltung des Gesch\u00e4ftsbereichs Hochleistungsspezialchemikalien aus dem multinationalen Konzern DuPont entstand und seit dem ersten Tag seines Bestehens an der B\u00f6rse notiert.<\/p>\n<p style=\"text-align: justify;\">Die T\u00e4tigkeit von Chemours umfasst drei Gesch\u00e4ftsbereiche (Herstellung und Vertrieb): fluorierte Produkte (einschlie\u00dflich fluorpolymerischer Kunststoffe mit den Markennamen <b>Teflon<\/b>\u00ae, <b>Freon<\/b>\u00ae und <b>Viton<\/b>\u00ae), chemische L\u00f6sungen und Titantechnologien.<\/p>\n<p style=\"text-align: justify;\">Chemours verf\u00fcgt \u00fcber mehr als 200 Jahre Branchenerfahrung und ist in 130 L\u00e4ndern vertreten. Dazu kommen \u00fcber 45 Forschungs- und Produktionsstandorte. Das Unternehmen ist Eigent\u00fcmer der ber\u00fchmten Marke Teflon\u00ae, die 1941 von DuPont als erste PTFE-basierte Beschichtung auf dem Markt patentiert wurde.<\/p>\n<\/div>\n<\/div><\/div><\/div><\/div><\/div><\/div><div id=\"pg-10589-1\"  class=\"panel-grid panel-has-style\" ><div class=\"FRANJA-BLAVA-TITOL siteorigin-panels-stretch panel-row-style panel-row-style-for-10589-1\" style=\"padding: 0px 0; \" data-stretch-type=\"full\" data-overlay=\"true\" data-overlay-color=\"#000000\" ><div id=\"pgc-10589-1-0\"  class=\"panel-grid-cell\" ><div id=\"panel-10589-1-0-0\" class=\"so-panel widget_sow-editor panel-first-child panel-last-child\" data-index=\"2\" ><div class=\"blanc panel-widget-style panel-widget-style-for-10589-1-0-0\" style=\"text-align: left;\" data-title-color=\"#47425d\" data-headings-color=\"#443f3f\" data-title_alignment=\"center\" ><div\n\t\t\t\n\t\t\tclass=\"so-widget-sow-editor so-widget-sow-editor-base\"\n\t\t\t\n\t\t>\n<div class=\"siteorigin-widget-tinymce textwidget\">\n\t<h2 style=\"text-align: center;\">Produkte von Chemours (Dupont)<\/h2>\n<\/div>\n<\/div><\/div><\/div><\/div><\/div><\/div><div id=\"pg-10589-2\"  class=\"panel-grid panel-has-style\" ><div class=\"BGC-GRIS siteorigin-panels-stretch panel-row-style panel-row-style-for-10589-2\" style=\"padding: 50px 0; \" data-stretch-type=\"full\" data-overlay=\"true\" data-overlay-color=\"#000000\" ><div id=\"pgc-10589-2-0\"  class=\"panel-grid-cell\" ><div id=\"panel-10589-2-0-0\" class=\"so-panel widget_siteorigin-panels-builder panel-first-child panel-last-child\" data-index=\"3\" ><div style=\"text-align: left;\" data-title-color=\"#47425d\" data-headings-color=\"#443f3f\" data-title_alignment=\"center\" class=\"panel-widget-style panel-widget-style-for-10589-2-0-0\" ><div id=\"pl-w5e21cd1fbc582\"  class=\"panel-layout\" ><div id=\"pg-w5e21cd1fbc582-0\"  class=\"panel-grid panel-has-style\" ><div style=\"padding: 0px 0; \" data-overlay=\"true\" data-overlay-color=\"#000000\" class=\"panel-row-style panel-row-style-for-w5e21cd1fbc582-0\" ><div id=\"pgc-w5e21cd1fbc582-0-0\"  class=\"panel-grid-cell\" ><div id=\"panel-w5e21cd1fbc582-0-0-0\" class=\"so-panel widget_sow-editor panel-first-child panel-last-child\" data-index=\"0\" ><div style=\"text-align: left;\" data-title-color=\"#47425d\" data-headings-color=\"#443f3f\" data-title_alignment=\"center\" class=\"panel-widget-style panel-widget-style-for-w5e21cd1fbc582-0-0-0\" ><div\n\t\t\t\n\t\t\tclass=\"so-widget-sow-editor so-widget-sow-editor-base\"\n\t\t\t\n\t\t>\n<div class=\"siteorigin-widget-tinymce textwidget\">\n\t<p style=\"text-align: justify;\">Chemours, das die Marke\u00a0<b>Teflon<\/b>\u00ae von Dupont geerbt hat, setzt weiter auf dieses Produkt und bringt innovative Weiterentwicklungen und Versionen auf den Markt: Dazu geh\u00f6ren u.\u00a0a. Teflon\u00ae Platinum, Teflon\u00ae Platinum Plus, Teflon\u00ae Select, Teflon\u00ae Xtra, die vor allem f\u00fcr Haushaltsger\u00e4te und Elektrokleinger\u00e4te Verwendung finden. Dar\u00fcber hinaus gibt es das besonders widerstandsf\u00e4hige Produkt\u00a0<b>SilverStone<\/b>\u00ae, f\u00fcr das PTFE und PFA kombiniert werden, und dessen Varianten SilverStone\u00ae Select und SilverStone\u00ae Professional.<\/p>\n<p style=\"text-align: justify;\">Die von Coatresa eingesetzten Fluorpolymere von Chemours auf der Basis von <b>PTFE<\/b>, <b>ETFE<\/b>, <b>FEP<\/b> und <b>PFA<\/b> zeichnen sich durch ihre starken Antihafteigenschaften und ein ausgezeichnetes Antikorrosionsverhalten aus. Teflon\u00ae f\u00fcr industrielle Anwendungen kann auf alle Metallteile appliziert werden, f\u00fcr die Antihafteigenschaften, Korrosionsfestigkeit, Reinigungsfreundlichkeit und ein niedriger Reibwert von Bedeutung sind, wie z.\u00a0B. in der Chemie-, Textil- oder grafischen Industrie.<\/p>\n<p style=\"text-align: justify;\">Zur Produktpalette technischer Beschichtungen, die von Coatresa appliziert werden, geh\u00f6rt auch\u00a0<b>Tefzel<\/b>\u00ae, ein Fluorkunststoff aus modifiziertem ETFE (Ethylen-Tetrafluorethylen), der vor allem in der chemischen Industrie und in Trinkwasseraufbereitungsanlagen Verwendung findet. Dieser Kunststoff ist chemisch inert und zeichnet sich durch seine hohe H\u00e4rte aus. Er wird in Schichten von bis zu 1.000 Mikrometern appliziert.<\/p>\n<\/div>\n<\/div><\/div><\/div><\/div><\/div><\/div><div id=\"pg-w5e21cd1fbc582-1\"  class=\"panel-grid panel-has-style\" ><div style=\"padding: 0px 0; \" data-overlay=\"true\" data-overlay-color=\"#000000\" class=\"panel-row-style panel-row-style-for-w5e21cd1fbc582-1\" ><div id=\"pgc-w5e21cd1fbc582-1-0\"  class=\"panel-grid-cell\" ><div class=\"BGC-BLANC panel-cell-style panel-cell-style-for-w5e21cd1fbc582-1-0\" ><div id=\"panel-w5e21cd1fbc582-1-0-0\" class=\"so-panel widget_sow-image panel-first-child panel-last-child\" data-index=\"1\" ><div class=\"PADDING-H-1 AUGMENTAR-ICONA panel-widget-style panel-widget-style-for-w5e21cd1fbc582-1-0-0\" style=\"text-align: left;\" data-title-color=\"#47425d\" data-headings-color=\"#443f3f\" data-title_alignment=\"center\" ><div\n\t\t\t\n\t\t\tclass=\"so-widget-sow-image so-widget-sow-image-default-c67d20f9f743\"\n\t\t\t\n\t\t>\n<div class=\"sow-image-container\">\n\t\t\t<a href=\"\/de\/teflon-beschichtung-dupont-chemours\"\n\t\t\t\t\t>\n\t\t\t<img \n\tsrc=\"https:\/\/www.coatresa.com\/wp-content\/uploads\/2018\/07\/recubrimientos-dupont-chemours-teflon.png\" width=\"197\" height=\"197\" srcset=\"https:\/\/www.coatresa.com\/wp-content\/uploads\/2018\/07\/recubrimientos-dupont-chemours-teflon.png 197w, https:\/\/www.coatresa.com\/wp-content\/uploads\/2018\/07\/recubrimientos-dupont-chemours-teflon-150x150.png 150w\" sizes=\"(max-width: 197px) 100vw, 197px\" title=\"recubrimientos Dupont Chemours Teflon\" alt=\"recubrimientos Dupont Chemours Teflon\" \t\tclass=\"so-widget-image\"\/>\n\t\t\t<\/a><\/div>\n\n<\/div><\/div><\/div><\/div><\/div><div id=\"pgc-w5e21cd1fbc582-1-1\"  class=\"panel-grid-cell\" ><div class=\"BGC-BLANC panel-cell-style panel-cell-style-for-w5e21cd1fbc582-1-1\" ><div id=\"panel-w5e21cd1fbc582-1-1-0\" class=\"so-panel widget_sow-image panel-first-child panel-last-child\" data-index=\"2\" ><div class=\"PADDING-H-1 AUGMENTAR-ICONA panel-widget-style panel-widget-style-for-w5e21cd1fbc582-1-1-0\" style=\"text-align: left;\" data-title-color=\"#47425d\" data-headings-color=\"#443f3f\" data-title_alignment=\"center\" ><div\n\t\t\t\n\t\t\tclass=\"so-widget-sow-image so-widget-sow-image-default-c67d20f9f743\"\n\t\t\t\n\t\t>\n<div class=\"sow-image-container\">\n\t\t\t<a href=\"\/de\/chemours-tefzel-beschichtung\"\n\t\t\t\t\t>\n\t\t\t<img \n\tsrc=\"https:\/\/www.coatresa.com\/wp-content\/uploads\/2018\/07\/recubrimientos-dupont-chemours-tefzel.png\" width=\"197\" height=\"197\" srcset=\"https:\/\/www.coatresa.com\/wp-content\/uploads\/2018\/07\/recubrimientos-dupont-chemours-tefzel.png 197w, https:\/\/www.coatresa.com\/wp-content\/uploads\/2018\/07\/recubrimientos-dupont-chemours-tefzel-150x150.png 150w\" sizes=\"(max-width: 197px) 100vw, 197px\" title=\"recubrimientos Dupont Chemours Tefzel\" alt=\"recubrimientos Dupont Chemours Tefzel\" \t\tclass=\"so-widget-image\"\/>\n\t\t\t<\/a><\/div>\n\n<\/div><\/div><\/div><\/div><\/div><div id=\"pgc-w5e21cd1fbc582-1-2\"  class=\"panel-grid-cell\" ><div class=\"BGC-GRIS-CLAR panel-cell-style panel-cell-style-for-w5e21cd1fbc582-1-2\" ><div id=\"panel-w5e21cd1fbc582-1-2-0\" class=\"so-panel widget_sow-image panel-first-child panel-last-child\" data-index=\"3\" ><div class=\"PADDING-H-1 panel-widget-style panel-widget-style-for-w5e21cd1fbc582-1-2-0\" style=\"text-align: left;\" data-title-color=\"#47425d\" data-headings-color=\"#443f3f\" data-title_alignment=\"center\" ><div\n\t\t\t\n\t\t\tclass=\"so-widget-sow-image so-widget-sow-image-default-c67d20f9f743\"\n\t\t\t\n\t\t>\n<div class=\"sow-image-container\">\n\t\t<img \n\tsrc=\"https:\/\/www.coatresa.com\/wp-content\/uploads\/2018\/07\/recubrimientos-dupont-chemours-SilverStone.png\" width=\"197\" height=\"197\" srcset=\"https:\/\/www.coatresa.com\/wp-content\/uploads\/2018\/07\/recubrimientos-dupont-chemours-SilverStone.png 197w, https:\/\/www.coatresa.com\/wp-content\/uploads\/2018\/07\/recubrimientos-dupont-chemours-SilverStone-150x150.png 150w\" sizes=\"(max-width: 197px) 100vw, 197px\" title=\"recubrimientos Dupont Chemours SilverStone\" alt=\"recubrimientos Dupont Chemours SilverStone\" \t\tclass=\"so-widget-image\"\/>\n\t<\/div>\n\n<\/div><\/div><\/div><\/div><\/div><\/div><\/div><div id=\"pg-w5e21cd1fbc582-2\"  class=\"panel-grid panel-has-style\" ><div style=\"padding: 0px 0; \" data-overlay=\"true\" data-overlay-color=\"#000000\" class=\"panel-row-style panel-row-style-for-w5e21cd1fbc582-2\" ><div id=\"pgc-w5e21cd1fbc582-2-0\"  class=\"panel-grid-cell\" ><div id=\"panel-w5e21cd1fbc582-2-0-0\" class=\"so-panel widget_sow-editor panel-first-child panel-last-child\" data-index=\"4\" ><div class=\"TEXTOS-DESTACATS panel-widget-style panel-widget-style-for-w5e21cd1fbc582-2-0-0\" style=\"text-align: left;\" data-title-color=\"#47425d\" data-headings-color=\"#443f3f\" data-title_alignment=\"center\" ><div\n\t\t\t\n\t\t\tclass=\"so-widget-sow-editor so-widget-sow-editor-base\"\n\t\t\t\n\t\t>\n<div class=\"siteorigin-widget-tinymce textwidget\">\n\t<p style=\"text-align: center;\">COATRESA ist ein \u201eLicensed Industrial Applicator\u201c (LIA) von Chemours f\u00fcr ganz Spanien.<\/p>\n<\/div>\n<\/div><\/div><\/div><\/div><\/div><\/div><\/div><\/div><\/div><\/div><\/div><\/div><\/div>","protected":false},"excerpt":{"rendered":"<p>Beschichtungen von Chemours (Dupont) Chemours ist ein US-Unternehmen, das 2015 durch die Abspaltung des Gesch\u00e4ftsbereichs Hochleistungsspezialchemikalien aus dem multinationalen Konzern DuPont entstand [&hellip;]<\/p>\n","protected":false},"author":1,"featured_media":9750,"parent":0,"menu_order":0,"comment_status":"closed","ping_status":"closed","template":"page-templates\/page_fullwidth.php","meta":{"footnotes":""},"class_list":["post-10589","page","type-page","status-publish","has-post-thumbnail","hentry"],"yoast_head":"<!-- This site is optimized with the Yoast SEO plugin v27.4 - https:\/\/yoast.com\/product\/yoast-seo-wordpress\/ -->\n<title>Beschichtungen von Dupont (Chemours) - Coatresa<\/title>\n<meta name=\"description\" content=\"Beschichtungen von Dupont Chemours: Fluorpolymere PTFE, ETFE, FEP und PFA wie Freon und Viton. Applikation von Teflon, SilverStone und Tefzel Fluorplastik.\" \/>\n<meta name=\"robots\" content=\"index, follow, max-snippet:-1, max-image-preview:large, max-video-preview:-1\" \/>\n<link rel=\"canonical\" href=\"https:\/\/www.coatresa.com\/de\/dupont-chemours-beschichtungen\/\" \/>\n<meta property=\"og:locale\" content=\"de_DE\" \/>\n<meta property=\"og:type\" content=\"article\" \/>\n<meta property=\"og:title\" content=\"Beschichtungen von Dupont (Chemours) - Coatresa\" \/>\n<meta property=\"og:description\" content=\"Beschichtungen von Dupont Chemours: Fluorpolymere PTFE, ETFE, FEP und PFA wie Freon und Viton. Applikation von Teflon, SilverStone und Tefzel Fluorplastik.\" \/>\n<meta property=\"og:url\" content=\"https:\/\/www.coatresa.com\/de\/dupont-chemours-beschichtungen\/\" \/>\n<meta property=\"og:site_name\" content=\"Coatresa\" \/>\n<meta property=\"article:publisher\" content=\"https:\/\/www.facebook.com\/Coatresa\/\" \/>\n<meta property=\"article:modified_time\" content=\"2020-01-17T15:05:03+00:00\" \/>\n<meta property=\"og:image\" content=\"https:\/\/www.coatresa.com\/wp-content\/uploads\/2018\/07\/recubrimientos-chemours-dupont.png\" \/>\n\t<meta property=\"og:image:width\" content=\"274\" \/>\n\t<meta property=\"og:image:height\" content=\"120\" \/>\n\t<meta property=\"og:image:type\" content=\"image\/png\" \/>\n<meta name=\"twitter:card\" content=\"summary_large_image\" \/>\n<meta name=\"twitter:site\" content=\"@Coatresa\" \/>\n<meta name=\"twitter:label1\" content=\"Gesch\u00e4tzte Lesezeit\" \/>\n\t<meta name=\"twitter:data1\" content=\"2\u00a0Minuten\" \/>\n<script type=\"application\/ld+json\" class=\"yoast-schema-graph\">{\"@context\":\"https:\\\/\\\/schema.org\",\"@graph\":[{\"@type\":\"WebPage\",\"@id\":\"https:\\\/\\\/www.coatresa.com\\\/de\\\/dupont-chemours-beschichtungen\\\/\",\"url\":\"https:\\\/\\\/www.coatresa.com\\\/de\\\/dupont-chemours-beschichtungen\\\/\",\"name\":\"Beschichtungen von Dupont (Chemours) - Coatresa\",\"isPartOf\":{\"@id\":\"https:\\\/\\\/www.coatresa.com\\\/de\\\/#website\"},\"primaryImageOfPage\":{\"@id\":\"https:\\\/\\\/www.coatresa.com\\\/de\\\/dupont-chemours-beschichtungen\\\/#primaryimage\"},\"image\":{\"@id\":\"https:\\\/\\\/www.coatresa.com\\\/de\\\/dupont-chemours-beschichtungen\\\/#primaryimage\"},\"thumbnailUrl\":\"https:\\\/\\\/www.coatresa.com\\\/wp-content\\\/uploads\\\/2018\\\/07\\\/recubrimientos-chemours-dupont.png\",\"datePublished\":\"2018-07-12T21:31:54+00:00\",\"dateModified\":\"2020-01-17T15:05:03+00:00\",\"description\":\"Beschichtungen von Dupont Chemours: Fluorpolymere PTFE, ETFE, FEP und PFA wie Freon und Viton. Applikation von Teflon, SilverStone und Tefzel Fluorplastik.\",\"breadcrumb\":{\"@id\":\"https:\\\/\\\/www.coatresa.com\\\/de\\\/dupont-chemours-beschichtungen\\\/#breadcrumb\"},\"inLanguage\":\"de\",\"potentialAction\":[{\"@type\":\"ReadAction\",\"target\":[\"https:\\\/\\\/www.coatresa.com\\\/de\\\/dupont-chemours-beschichtungen\\\/\"]}]},{\"@type\":\"ImageObject\",\"inLanguage\":\"de\",\"@id\":\"https:\\\/\\\/www.coatresa.com\\\/de\\\/dupont-chemours-beschichtungen\\\/#primaryimage\",\"url\":\"https:\\\/\\\/www.coatresa.com\\\/wp-content\\\/uploads\\\/2018\\\/07\\\/recubrimientos-chemours-dupont.png\",\"contentUrl\":\"https:\\\/\\\/www.coatresa.com\\\/wp-content\\\/uploads\\\/2018\\\/07\\\/recubrimientos-chemours-dupont.png\",\"width\":274,\"height\":120,\"caption\":\"recubrimientos chemours ( dupont )\"},{\"@type\":\"BreadcrumbList\",\"@id\":\"https:\\\/\\\/www.coatresa.com\\\/de\\\/dupont-chemours-beschichtungen\\\/#breadcrumb\",\"itemListElement\":[{\"@type\":\"ListItem\",\"position\":1,\"name\":\"Portada\",\"item\":\"https:\\\/\\\/www.coatresa.com\\\/de\\\/\"},{\"@type\":\"ListItem\",\"position\":2,\"name\":\"Beschichtungen von Dupont (Chemours)\"}]},{\"@type\":\"WebSite\",\"@id\":\"https:\\\/\\\/www.coatresa.com\\\/de\\\/#website\",\"url\":\"https:\\\/\\\/www.coatresa.com\\\/de\\\/\",\"name\":\"Coatresa\",\"description\":\"Aplicaci\u00f3n de recubrimientos antiadherentes y anticorrosivos como el Teflon. Expertos del Powder Coating\",\"publisher\":{\"@id\":\"https:\\\/\\\/www.coatresa.com\\\/de\\\/#organization\"},\"potentialAction\":[{\"@type\":\"SearchAction\",\"target\":{\"@type\":\"EntryPoint\",\"urlTemplate\":\"https:\\\/\\\/www.coatresa.com\\\/de\\\/?s={search_term_string}\"},\"query-input\":{\"@type\":\"PropertyValueSpecification\",\"valueRequired\":true,\"valueName\":\"search_term_string\"}}],\"inLanguage\":\"de\"},{\"@type\":\"Organization\",\"@id\":\"https:\\\/\\\/www.coatresa.com\\\/de\\\/#organization\",\"name\":\"Coatresa\",\"url\":\"https:\\\/\\\/www.coatresa.com\\\/de\\\/\",\"logo\":{\"@type\":\"ImageObject\",\"inLanguage\":\"de\",\"@id\":\"https:\\\/\\\/www.coatresa.com\\\/de\\\/#\\\/schema\\\/logo\\\/image\\\/\",\"url\":\"https:\\\/\\\/www.coatresa.com\\\/wp-content\\\/uploads\\\/2022\\\/07\\\/A_blava_mitja_transp.png\",\"contentUrl\":\"https:\\\/\\\/www.coatresa.com\\\/wp-content\\\/uploads\\\/2022\\\/07\\\/A_blava_mitja_transp.png\",\"width\":340,\"height\":326,\"caption\":\"Coatresa\"},\"image\":{\"@id\":\"https:\\\/\\\/www.coatresa.com\\\/de\\\/#\\\/schema\\\/logo\\\/image\\\/\"},\"sameAs\":[\"https:\\\/\\\/www.facebook.com\\\/Coatresa\\\/\",\"https:\\\/\\\/x.com\\\/Coatresa\",\"https:\\\/\\\/www.linkedin.com\\\/company\\\/coatresa\\\/\",\"https:\\\/\\\/www.youtube.com\\\/user\\\/CoatresaCoatings\"]}]}<\/script>\n<!-- \/ Yoast SEO plugin. -->","yoast_head_json":{"title":"Beschichtungen von Dupont (Chemours) - Coatresa","description":"Beschichtungen von Dupont Chemours: Fluorpolymere PTFE, ETFE, FEP und PFA wie Freon und Viton. Applikation von Teflon, SilverStone und Tefzel Fluorplastik.","robots":{"index":"index","follow":"follow","max-snippet":"max-snippet:-1","max-image-preview":"max-image-preview:large","max-video-preview":"max-video-preview:-1"},"canonical":"https:\/\/www.coatresa.com\/de\/dupont-chemours-beschichtungen\/","og_locale":"de_DE","og_type":"article","og_title":"Beschichtungen von Dupont (Chemours) - Coatresa","og_description":"Beschichtungen von Dupont Chemours: Fluorpolymere PTFE, ETFE, FEP und PFA wie Freon und Viton. Applikation von Teflon, SilverStone und Tefzel Fluorplastik.","og_url":"https:\/\/www.coatresa.com\/de\/dupont-chemours-beschichtungen\/","og_site_name":"Coatresa","article_publisher":"https:\/\/www.facebook.com\/Coatresa\/","article_modified_time":"2020-01-17T15:05:03+00:00","og_image":[{"width":274,"height":120,"url":"https:\/\/www.coatresa.com\/wp-content\/uploads\/2018\/07\/recubrimientos-chemours-dupont.png","type":"image\/png"}],"twitter_card":"summary_large_image","twitter_site":"@Coatresa","twitter_misc":{"Gesch\u00e4tzte Lesezeit":"2\u00a0Minuten"},"schema":{"@context":"https:\/\/schema.org","@graph":[{"@type":"WebPage","@id":"https:\/\/www.coatresa.com\/de\/dupont-chemours-beschichtungen\/","url":"https:\/\/www.coatresa.com\/de\/dupont-chemours-beschichtungen\/","name":"Beschichtungen von Dupont (Chemours) - Coatresa","isPartOf":{"@id":"https:\/\/www.coatresa.com\/de\/#website"},"primaryImageOfPage":{"@id":"https:\/\/www.coatresa.com\/de\/dupont-chemours-beschichtungen\/#primaryimage"},"image":{"@id":"https:\/\/www.coatresa.com\/de\/dupont-chemours-beschichtungen\/#primaryimage"},"thumbnailUrl":"https:\/\/www.coatresa.com\/wp-content\/uploads\/2018\/07\/recubrimientos-chemours-dupont.png","datePublished":"2018-07-12T21:31:54+00:00","dateModified":"2020-01-17T15:05:03+00:00","description":"Beschichtungen von Dupont Chemours: Fluorpolymere PTFE, ETFE, FEP und PFA wie Freon und Viton. Applikation von Teflon, SilverStone und Tefzel Fluorplastik.","breadcrumb":{"@id":"https:\/\/www.coatresa.com\/de\/dupont-chemours-beschichtungen\/#breadcrumb"},"inLanguage":"de","potentialAction":[{"@type":"ReadAction","target":["https:\/\/www.coatresa.com\/de\/dupont-chemours-beschichtungen\/"]}]},{"@type":"ImageObject","inLanguage":"de","@id":"https:\/\/www.coatresa.com\/de\/dupont-chemours-beschichtungen\/#primaryimage","url":"https:\/\/www.coatresa.com\/wp-content\/uploads\/2018\/07\/recubrimientos-chemours-dupont.png","contentUrl":"https:\/\/www.coatresa.com\/wp-content\/uploads\/2018\/07\/recubrimientos-chemours-dupont.png","width":274,"height":120,"caption":"recubrimientos chemours ( dupont )"},{"@type":"BreadcrumbList","@id":"https:\/\/www.coatresa.com\/de\/dupont-chemours-beschichtungen\/#breadcrumb","itemListElement":[{"@type":"ListItem","position":1,"name":"Portada","item":"https:\/\/www.coatresa.com\/de\/"},{"@type":"ListItem","position":2,"name":"Beschichtungen von Dupont (Chemours)"}]},{"@type":"WebSite","@id":"https:\/\/www.coatresa.com\/de\/#website","url":"https:\/\/www.coatresa.com\/de\/","name":"Coatresa","description":"Aplicaci\u00f3n de recubrimientos antiadherentes y anticorrosivos como el Teflon. Expertos del Powder Coating","publisher":{"@id":"https:\/\/www.coatresa.com\/de\/#organization"},"potentialAction":[{"@type":"SearchAction","target":{"@type":"EntryPoint","urlTemplate":"https:\/\/www.coatresa.com\/de\/?s={search_term_string}"},"query-input":{"@type":"PropertyValueSpecification","valueRequired":true,"valueName":"search_term_string"}}],"inLanguage":"de"},{"@type":"Organization","@id":"https:\/\/www.coatresa.com\/de\/#organization","name":"Coatresa","url":"https:\/\/www.coatresa.com\/de\/","logo":{"@type":"ImageObject","inLanguage":"de","@id":"https:\/\/www.coatresa.com\/de\/#\/schema\/logo\/image\/","url":"https:\/\/www.coatresa.com\/wp-content\/uploads\/2022\/07\/A_blava_mitja_transp.png","contentUrl":"https:\/\/www.coatresa.com\/wp-content\/uploads\/2022\/07\/A_blava_mitja_transp.png","width":340,"height":326,"caption":"Coatresa"},"image":{"@id":"https:\/\/www.coatresa.com\/de\/#\/schema\/logo\/image\/"},"sameAs":["https:\/\/www.facebook.com\/Coatresa\/","https:\/\/x.com\/Coatresa","https:\/\/www.linkedin.com\/company\/coatresa\/","https:\/\/www.youtube.com\/user\/CoatresaCoatings"]}]}},"_links":{"self":[{"href":"https:\/\/www.coatresa.com\/de\/wp-json\/wp\/v2\/pages\/10589","targetHints":{"allow":["GET"]}}],"collection":[{"href":"https:\/\/www.coatresa.com\/de\/wp-json\/wp\/v2\/pages"}],"about":[{"href":"https:\/\/www.coatresa.com\/de\/wp-json\/wp\/v2\/types\/page"}],"author":[{"embeddable":true,"href":"https:\/\/www.coatresa.com\/de\/wp-json\/wp\/v2\/users\/1"}],"replies":[{"embeddable":true,"href":"https:\/\/www.coatresa.com\/de\/wp-json\/wp\/v2\/comments?post=10589"}],"version-history":[{"count":0,"href":"https:\/\/www.coatresa.com\/de\/wp-json\/wp\/v2\/pages\/10589\/revisions"}],"wp:featuredmedia":[{"embeddable":true,"href":"https:\/\/www.coatresa.com\/de\/wp-json\/wp\/v2\/media\/9750"}],"wp:attachment":[{"href":"https:\/\/www.coatresa.com\/de\/wp-json\/wp\/v2\/media?parent=10589"}],"curies":[{"name":"wp","href":"https:\/\/api.w.org\/{rel}","templated":true}]}}