{"id":10597,"date":"2018-07-17T19:48:21","date_gmt":"2018-07-17T17:48:21","guid":{"rendered":"http:\/\/coatresa.com\/recubrimientos-hempel\/"},"modified":"2018-09-04T14:50:04","modified_gmt":"2018-09-04T12:50:04","slug":"hempel-beschichtungen","status":"publish","type":"page","link":"https:\/\/www.coatresa.com\/de\/hempel-beschichtungen\/","title":{"rendered":"Hempel Beschichtungen"},"content":{"rendered":"<div id=\"pl-10597\"  class=\"panel-layout\" ><div id=\"pg-10597-0\"  class=\"panel-grid panel-has-style\" ><div style=\"padding: 0px 0; \" data-overlay=\"true\" data-overlay-color=\"#000000\" class=\"panel-row-style panel-row-style-for-10597-0\" ><div id=\"pgc-10597-0-0\"  class=\"panel-grid-cell\" ><div id=\"panel-10597-0-0-0\" class=\"so-panel widget_sow-image panel-first-child\" data-index=\"0\" ><div style=\"text-align: left;\" data-title-color=\"#47425d\" data-headings-color=\"#443f3f\" data-title_alignment=\"center\" class=\"panel-widget-style panel-widget-style-for-10597-0-0-0\" ><div\n\t\t\t\n\t\t\tclass=\"so-widget-sow-image so-widget-sow-image-default-c67d20f9f743-10597\"\n\t\t\t\n\t\t>\n<div class=\"sow-image-container\">\n\t\t<img \n\tsrc=\"https:\/\/www.coatresa.com\/wp-content\/uploads\/2018\/07\/recubrimientos-hempel.png\" width=\"204\" height=\"120\" sizes=\"(max-width: 204px) 100vw, 204px\" title=\"recubrimientos Hempel\" alt=\"recubrimientos Hempel\" \t\tclass=\"so-widget-image\"\/>\n\t<\/div>\n\n<\/div><\/div><\/div><div id=\"panel-10597-0-0-1\" class=\"so-panel widget_sow-editor panel-last-child\" data-index=\"1\" ><div style=\"text-align: left;\" data-title-color=\"#47425d\" data-headings-color=\"#000000\" data-title_alignment=\"center\" class=\"panel-widget-style panel-widget-style-for-10597-0-0-1\" ><div\n\t\t\t\n\t\t\tclass=\"so-widget-sow-editor so-widget-sow-editor-base\"\n\t\t\t\n\t\t>\n<div class=\"siteorigin-widget-tinymce textwidget\">\n\t<h1 style=\"text-align: center;\">Hempel Beschichtungen<\/h1>\n<hr \/>\n<p style=\"text-align: justify;\">Hempel ist seit 1915 ein wichtiger Hersteller von Lacken und Beschichtungen. Dank seiner langj\u00e4hrigen Erfahrung im Schiffsbau verf\u00fcgt er \u00fcber Korrosionsschutzmittel, die praktisch jeden Stahlbau sch\u00fctzen k\u00f6nnen. Aufgrund seiner hohen Investition in F&E sind seine Korrosionsschutzmittel f\u00fcr verschiedene sehr anspruchsvolle Branchen geeignet. Neben Schiffsbau sind hier auch verschiedene Industriebranchen, wie Energieerzeugung sowie Chemie- und Petrochemieanlagen, hervorzuheben.<\/p>\n<\/div>\n<\/div><\/div><\/div><\/div><\/div><\/div><div id=\"pg-10597-1\"  class=\"panel-grid panel-has-style\" ><div class=\"FRANJA-BLAVA-TITOL siteorigin-panels-stretch panel-row-style panel-row-style-for-10597-1\" style=\"padding: 0px 0; \" data-stretch-type=\"full\" data-overlay=\"true\" data-overlay-color=\"#000000\" ><div id=\"pgc-10597-1-0\"  class=\"panel-grid-cell\" ><div id=\"panel-10597-1-0-0\" class=\"so-panel widget_sow-editor panel-first-child panel-last-child\" data-index=\"2\" ><div class=\"blanc panel-widget-style panel-widget-style-for-10597-1-0-0\" style=\"text-align: left;\" data-title-color=\"#47425d\" data-headings-color=\"#443f3f\" data-title_alignment=\"center\" ><div\n\t\t\t\n\t\t\tclass=\"so-widget-sow-editor so-widget-sow-editor-base\"\n\t\t\t\n\t\t>\n<div class=\"siteorigin-widget-tinymce textwidget\">\n\t<h2 style=\"text-align: center;\">Hempel Produkte<\/h2>\n<\/div>\n<\/div><\/div><\/div><\/div><\/div><\/div><div id=\"pg-10597-2\"  class=\"panel-grid panel-has-style\" ><div class=\"BGC-GRIS siteorigin-panels-stretch panel-row-style panel-row-style-for-10597-2\" style=\"padding: 50px 0; \" data-stretch-type=\"full\" data-overlay=\"true\" data-overlay-color=\"#000000\" ><div id=\"pgc-10597-2-0\"  class=\"panel-grid-cell\" ><div id=\"panel-10597-2-0-0\" class=\"so-panel widget_siteorigin-panels-builder panel-first-child panel-last-child\" data-index=\"3\" ><div style=\"text-align: left;\" data-title-color=\"#47425d\" data-headings-color=\"#443f3f\" data-title_alignment=\"center\" class=\"panel-widget-style panel-widget-style-for-10597-2-0-0\" ><div id=\"pl-w5b8e7f7c3ccc0\"  class=\"panel-layout\" ><div id=\"pg-w5b8e7f7c3ccc0-0\"  class=\"panel-grid panel-has-style\" ><div style=\"padding: 0px 0; \" data-overlay=\"true\" data-overlay-color=\"#000000\" class=\"panel-row-style panel-row-style-for-w5b8e7f7c3ccc0-0\" ><div id=\"pgc-w5b8e7f7c3ccc0-0-0\"  class=\"panel-grid-cell\" ><div id=\"panel-w5b8e7f7c3ccc0-0-0-0\" class=\"so-panel widget_sow-editor panel-first-child\" data-index=\"0\" ><div style=\"text-align: left;\" data-title-color=\"#47425d\" data-headings-color=\"#443f3f\" data-title_alignment=\"center\" class=\"panel-widget-style panel-widget-style-for-w5b8e7f7c3ccc0-0-0-0\" ><div\n\t\t\t\n\t\t\tclass=\"so-widget-sow-editor so-widget-sow-editor-base\"\n\t\t\t\n\t\t>\n<div class=\"siteorigin-widget-tinymce textwidget\">\n\t<p style=\"text-align: justify;\">Aufgrund der hohen Investition in F&E basieren die Hempel Beschichtungen auf modernster Technologie und sind in der Lage, Oberfl\u00e4chen in verschiedensten korrosiven Umgebungen, wie z.\u00a0B. mit hoher Chemikalienbelastung, vor Korrosion zu sch\u00fctzen. Ihre langfristige Wirksamkeit ist nachgewiesen.<\/p>\n<\/div>\n<\/div><\/div><\/div><div id=\"panel-w5b8e7f7c3ccc0-0-0-1\" class=\"so-panel widget_sow-editor panel-last-child\" data-index=\"1\" ><div class=\"TEXTOS-DESTACATS panel-widget-style panel-widget-style-for-w5b8e7f7c3ccc0-0-0-1\" style=\"text-align: left;\" data-title-color=\"#47425d\" data-headings-color=\"#443f3f\" data-title_alignment=\"center\" ><div\n\t\t\t\n\t\t\tclass=\"so-widget-sow-editor so-widget-sow-editor-base\"\n\t\t\t\n\t\t>\n<div class=\"siteorigin-widget-tinymce textwidget\">\n\t<p style=\"text-align: center;\">Dank dieser modernen Technologie finden seine Korrosionsschutzmittel in verschiedenen Branchen Anwendung:<\/p>\n<\/div>\n<\/div><\/div><\/div><\/div><\/div><\/div><div id=\"pg-w5b8e7f7c3ccc0-1\"  class=\"panel-grid panel-has-style\" ><div class=\"MARGE-LLISTA panel-row-style panel-row-style-for-w5b8e7f7c3ccc0-1\" style=\"padding: 0px 0; \" data-overlay=\"true\" data-overlay-color=\"#000000\" ><div id=\"pgc-w5b8e7f7c3ccc0-1-0\"  class=\"panel-grid-cell\" ><div id=\"panel-w5b8e7f7c3ccc0-1-0-0\" class=\"so-panel widget_sow-editor panel-first-child\" data-index=\"2\" ><div style=\"text-align: left;\" data-title-color=\"#47425d\" data-headings-color=\"#000000\" data-title_alignment=\"center\" class=\"panel-widget-style panel-widget-style-for-w5b8e7f7c3ccc0-1-0-0\" ><div\n\t\t\t\n\t\t\tclass=\"so-widget-sow-editor so-widget-sow-editor-base\"\n\t\t\t\n\t\t>\n<div class=\"siteorigin-widget-tinymce textwidget\">\n\t<h3 style=\"font-size: 16px;\">Erdgas und Erd\u00f6l<\/h3>\n<p style=\"text-align: justify;\">Der Bereich der Suche, F\u00f6rderung und des Vertriebs von Erdgas und Erd\u00f6l erfordert leistungsstarke Beschichtungen. Diese bieten auch in den aggressivsten Umgebungen einen umfassenden Korrosionsschutz.<\/p>\n<\/div>\n<\/div><\/div><\/div><div id=\"panel-w5b8e7f7c3ccc0-1-0-1\" class=\"so-panel widget_sow-editor\" data-index=\"3\" ><div style=\"text-align: left;\" data-title-color=\"#47425d\" data-headings-color=\"#000000\" data-title_alignment=\"center\" class=\"panel-widget-style panel-widget-style-for-w5b8e7f7c3ccc0-1-0-1\" ><div\n\t\t\t\n\t\t\tclass=\"so-widget-sow-editor so-widget-sow-editor-base\"\n\t\t\t\n\t\t>\n<div class=\"siteorigin-widget-tinymce textwidget\">\n\t<h3 style=\"font-size: 16px;\">Chemiewerke<\/h3>\n<p style=\"text-align: justify;\">Dank seiner Erfahrung in dieser anspruchsvollen Branche ist das Unternehmen in der Lage, jeden Fall individuell zu analysieren und je nach den Anforderungen des Kunden die beste Korrosionsschutzbeschichtung zu empfehlen.<\/p>\n<\/div>\n<\/div><\/div><\/div><div id=\"panel-w5b8e7f7c3ccc0-1-0-2\" class=\"so-panel widget_sow-editor\" data-index=\"4\" ><div style=\"text-align: left;\" data-title-color=\"#47425d\" data-headings-color=\"#000000\" data-title_alignment=\"center\" class=\"panel-widget-style panel-widget-style-for-w5b8e7f7c3ccc0-1-0-2\" ><div\n\t\t\t\n\t\t\tclass=\"so-widget-sow-editor so-widget-sow-editor-base\"\n\t\t\t\n\t\t>\n<div class=\"siteorigin-widget-tinymce textwidget\">\n\t<h3 style=\"font-size: 16px;\">Stromerzeugung<\/h3>\n<p style=\"text-align: justify;\">Die Hochtechnologie des Energiesektors erfordert Beschichtungen f\u00fcr einen optimalen Betrieb. Die Beschichtungen dieses Herstellers kommen von Atomkraftanlagen bis zum innovativen Bereich der Windkraftanlagen zum Einsatz, wo er dank seiner Erfahrung Spezialbeschichtungen f\u00fcr die Bauteile des Windgenerators anbietet.<\/p>\n<\/div>\n<\/div><\/div><\/div><div id=\"panel-w5b8e7f7c3ccc0-1-0-3\" class=\"so-panel widget_sow-editor panel-last-child\" data-index=\"5\" ><div style=\"text-align: left;\" data-title-color=\"#47425d\" data-headings-color=\"#000000\" data-title_alignment=\"center\" class=\"panel-widget-style panel-widget-style-for-w5b8e7f7c3ccc0-1-0-3\" ><div\n\t\t\t\n\t\t\tclass=\"so-widget-sow-editor so-widget-sow-editor-base\"\n\t\t\t\n\t\t>\n<div class=\"siteorigin-widget-tinymce textwidget\">\n\t<h3 style=\"font-size: 16px;\">Infrastrukturen<\/h3>\n<p style=\"text-align: justify;\">Auch im Bereich der Infrastrukturen ist der Oberfl\u00e4chenschutz unerl\u00e4sslich. Die Hempel-Beschichtungen kommen f\u00fcr den Schutz von Hafenanlagen, Br\u00fccken, Autobahnen und Bauprojekten zum Einsatz.<\/p>\n<\/div>\n<\/div><\/div><\/div><\/div><\/div><\/div><div id=\"pg-w5b8e7f7c3ccc0-2\"  class=\"panel-grid panel-has-style\" ><div style=\"padding: 20px 0; \" data-overlay=\"true\" data-overlay-color=\"#000000\" class=\"panel-row-style panel-row-style-for-w5b8e7f7c3ccc0-2\" ><div id=\"pgc-w5b8e7f7c3ccc0-2-0\"  class=\"panel-grid-cell\" ><div id=\"panel-w5b8e7f7c3ccc0-2-0-0\" class=\"so-panel widget_sow-editor panel-first-child panel-last-child\" data-index=\"6\" ><div style=\"text-align: left;\" data-title-color=\"#47425d\" data-headings-color=\"#443f3f\" data-title_alignment=\"center\" class=\"panel-widget-style panel-widget-style-for-w5b8e7f7c3ccc0-2-0-0\" ><div\n\t\t\t\n\t\t\tclass=\"so-widget-sow-editor so-widget-sow-editor-base\"\n\t\t\t\n\t\t>\n<div class=\"siteorigin-widget-tinymce textwidget\">\n\t<p style=\"text-align: justify;\">Unter den verschiedenen Produkten ist die <b>Avantguard Beschichtung<\/b> mit moderner Zink-Technologie hervorzuheben, die ausgezeichneten Schutz vor Korrosion und Verbesserungen in Bezug auf das Lackiersystem, den Schutz, die Ergiebigkeit und die Dauerhaftigkeit der Beschichtung bietet.<\/p>\n<\/div>\n<\/div><\/div><\/div><\/div><\/div><\/div><div id=\"pg-w5b8e7f7c3ccc0-3\"  class=\"panel-grid panel-has-style\" ><div style=\"padding: 0px 0; \" data-overlay=\"true\" data-overlay-color=\"#000000\" class=\"panel-row-style panel-row-style-for-w5b8e7f7c3ccc0-3\" ><div id=\"pgc-w5b8e7f7c3ccc0-3-0\"  class=\"panel-grid-cell panel-grid-cell-empty\" ><\/div><div id=\"pgc-w5b8e7f7c3ccc0-3-1\"  class=\"panel-grid-cell panel-grid-cell-mobile-last\" ><div class=\"BGC-BLANC panel-cell-style panel-cell-style-for-w5b8e7f7c3ccc0-3-1\" ><div id=\"panel-w5b8e7f7c3ccc0-3-1-0\" class=\"so-panel widget_sow-image panel-first-child panel-last-child\" data-index=\"7\" ><div class=\"PADDING-H-1 AUGMENTAR-ICONA panel-widget-style panel-widget-style-for-w5b8e7f7c3ccc0-3-1-0\" style=\"text-align: left;\" data-title-color=\"#47425d\" data-headings-color=\"#443f3f\" data-title_alignment=\"center\" ><div\n\t\t\t\n\t\t\tclass=\"so-widget-sow-image so-widget-sow-image-default-c67d20f9f743\"\n\t\t\t\n\t\t>\n<div class=\"sow-image-container\">\n\t\t\t<a href=\"\/de\/hempel-avantguard-Beschichtung\"\n\t\t\t\t\t>\n\t\t\t<img \n\tsrc=\"https:\/\/www.coatresa.com\/wp-content\/uploads\/2018\/07\/recubrimientos-avantguard.png\" width=\"197\" height=\"197\" srcset=\"https:\/\/www.coatresa.com\/wp-content\/uploads\/2018\/07\/recubrimientos-avantguard.png 197w, https:\/\/www.coatresa.com\/wp-content\/uploads\/2018\/07\/recubrimientos-avantguard-150x150.png 150w\" sizes=\"(max-width: 197px) 100vw, 197px\" title=\"recubrimientos Avantguard\" alt=\"recubrimientos Avantguard\" \t\tclass=\"so-widget-image\"\/>\n\t\t\t<\/a><\/div>\n\n<\/div><\/div><\/div><\/div><\/div><div id=\"pgc-w5b8e7f7c3ccc0-3-2\"  class=\"panel-grid-cell panel-grid-cell-empty\" ><div class=\"BGC-GRIS-CLAR panel-cell-style panel-cell-style-for-w5b8e7f7c3ccc0-3-2\" ><\/div><\/div><\/div><\/div><\/div><\/div><\/div><\/div><\/div><\/div><\/div>","protected":false},"excerpt":{"rendered":"<p>Hempel Beschichtungen Hempel ist seit 1915 ein wichtiger Hersteller von Lacken und Beschichtungen. Dank seiner langj\u00e4hrigen Erfahrung im Schiffsbau verf\u00fcgt er \u00fcber [&hellip;]<\/p>\n","protected":false},"author":1,"featured_media":7420,"parent":0,"menu_order":0,"comment_status":"closed","ping_status":"closed","template":"page-templates\/page_fullwidth.php","meta":{"footnotes":""},"class_list":["post-10597","page","type-page","status-publish","has-post-thumbnail","hentry"],"yoast_head":"<!-- This site is optimized with the Yoast SEO plugin v27.6 - https:\/\/yoast.com\/product\/yoast-seo-wordpress\/ -->\n<title>Hempel Beschichtungen - Coatresa<\/title>\n<meta name=\"description\" content=\"Hempel Beschichtungen: Applikation von Antikorrosionsbeschichtungen f\u00fcr die Gas- und Erd\u00f6l- sowie Chemieindustrie, die Stromerzeugung und Infrastrukturen.\" \/>\n<meta name=\"robots\" content=\"index, follow, max-snippet:-1, max-image-preview:large, max-video-preview:-1\" \/>\n<link rel=\"canonical\" href=\"https:\/\/www.coatresa.com\/de\/hempel-beschichtungen\/\" \/>\n<meta property=\"og:locale\" content=\"de_DE\" \/>\n<meta property=\"og:type\" content=\"article\" \/>\n<meta property=\"og:title\" content=\"Hempel Beschichtungen - Coatresa\" \/>\n<meta property=\"og:description\" content=\"Hempel Beschichtungen: Applikation von Antikorrosionsbeschichtungen f\u00fcr die Gas- und Erd\u00f6l- sowie Chemieindustrie, die Stromerzeugung und Infrastrukturen.\" \/>\n<meta property=\"og:url\" content=\"https:\/\/www.coatresa.com\/de\/hempel-beschichtungen\/\" \/>\n<meta property=\"og:site_name\" content=\"Coatresa\" \/>\n<meta property=\"article:publisher\" content=\"https:\/\/www.facebook.com\/Coatresa\/\" \/>\n<meta property=\"article:modified_time\" content=\"2018-09-04T12:50:04+00:00\" \/>\n<meta property=\"og:image\" content=\"https:\/\/www.coatresa.com\/wp-content\/uploads\/2018\/07\/recubrimientos-hempel.png\" \/>\n\t<meta property=\"og:image:width\" content=\"204\" \/>\n\t<meta property=\"og:image:height\" content=\"120\" \/>\n\t<meta property=\"og:image:type\" content=\"image\/png\" \/>\n<meta name=\"twitter:card\" content=\"summary_large_image\" \/>\n<meta name=\"twitter:site\" content=\"@Coatresa\" \/>\n<meta name=\"twitter:label1\" content=\"Gesch\u00e4tzte Lesezeit\" \/>\n\t<meta name=\"twitter:data1\" content=\"1\u00a0Minute\" \/>\n<script type=\"application\/ld+json\" class=\"yoast-schema-graph\">{\"@context\":\"https:\\\/\\\/schema.org\",\"@graph\":[{\"@type\":\"WebPage\",\"@id\":\"https:\\\/\\\/www.coatresa.com\\\/de\\\/hempel-beschichtungen\\\/\",\"url\":\"https:\\\/\\\/www.coatresa.com\\\/de\\\/hempel-beschichtungen\\\/\",\"name\":\"Hempel Beschichtungen - Coatresa\",\"isPartOf\":{\"@id\":\"https:\\\/\\\/www.coatresa.com\\\/de\\\/#website\"},\"primaryImageOfPage\":{\"@id\":\"https:\\\/\\\/www.coatresa.com\\\/de\\\/hempel-beschichtungen\\\/#primaryimage\"},\"image\":{\"@id\":\"https:\\\/\\\/www.coatresa.com\\\/de\\\/hempel-beschichtungen\\\/#primaryimage\"},\"thumbnailUrl\":\"https:\\\/\\\/www.coatresa.com\\\/wp-content\\\/uploads\\\/2018\\\/07\\\/recubrimientos-hempel.png\",\"datePublished\":\"2018-07-17T17:48:21+00:00\",\"dateModified\":\"2018-09-04T12:50:04+00:00\",\"description\":\"Hempel Beschichtungen: Applikation von Antikorrosionsbeschichtungen f\u00fcr die Gas- und Erd\u00f6l- sowie Chemieindustrie, die Stromerzeugung und Infrastrukturen.\",\"breadcrumb\":{\"@id\":\"https:\\\/\\\/www.coatresa.com\\\/de\\\/hempel-beschichtungen\\\/#breadcrumb\"},\"inLanguage\":\"de\",\"potentialAction\":[{\"@type\":\"ReadAction\",\"target\":[\"https:\\\/\\\/www.coatresa.com\\\/de\\\/hempel-beschichtungen\\\/\"]}]},{\"@type\":\"ImageObject\",\"inLanguage\":\"de\",\"@id\":\"https:\\\/\\\/www.coatresa.com\\\/de\\\/hempel-beschichtungen\\\/#primaryimage\",\"url\":\"https:\\\/\\\/www.coatresa.com\\\/wp-content\\\/uploads\\\/2018\\\/07\\\/recubrimientos-hempel.png\",\"contentUrl\":\"https:\\\/\\\/www.coatresa.com\\\/wp-content\\\/uploads\\\/2018\\\/07\\\/recubrimientos-hempel.png\",\"width\":204,\"height\":120,\"caption\":\"recubrimientos hempel\"},{\"@type\":\"BreadcrumbList\",\"@id\":\"https:\\\/\\\/www.coatresa.com\\\/de\\\/hempel-beschichtungen\\\/#breadcrumb\",\"itemListElement\":[{\"@type\":\"ListItem\",\"position\":1,\"name\":\"Portada\",\"item\":\"https:\\\/\\\/www.coatresa.com\\\/de\\\/\"},{\"@type\":\"ListItem\",\"position\":2,\"name\":\"Hempel Beschichtungen\"}]},{\"@type\":\"WebSite\",\"@id\":\"https:\\\/\\\/www.coatresa.com\\\/de\\\/#website\",\"url\":\"https:\\\/\\\/www.coatresa.com\\\/de\\\/\",\"name\":\"Coatresa\",\"description\":\"Aplicaci\u00f3n de recubrimientos antiadherentes y anticorrosivos como el Teflon. Expertos del Powder Coating\",\"publisher\":{\"@id\":\"https:\\\/\\\/www.coatresa.com\\\/de\\\/#organization\"},\"potentialAction\":[{\"@type\":\"SearchAction\",\"target\":{\"@type\":\"EntryPoint\",\"urlTemplate\":\"https:\\\/\\\/www.coatresa.com\\\/de\\\/?s={search_term_string}\"},\"query-input\":{\"@type\":\"PropertyValueSpecification\",\"valueRequired\":true,\"valueName\":\"search_term_string\"}}],\"inLanguage\":\"de\"},{\"@type\":\"Organization\",\"@id\":\"https:\\\/\\\/www.coatresa.com\\\/de\\\/#organization\",\"name\":\"Coatresa\",\"url\":\"https:\\\/\\\/www.coatresa.com\\\/de\\\/\",\"logo\":{\"@type\":\"ImageObject\",\"inLanguage\":\"de\",\"@id\":\"https:\\\/\\\/www.coatresa.com\\\/de\\\/#\\\/schema\\\/logo\\\/image\\\/\",\"url\":\"https:\\\/\\\/www.coatresa.com\\\/wp-content\\\/uploads\\\/2022\\\/07\\\/A_blava_mitja_transp.png\",\"contentUrl\":\"https:\\\/\\\/www.coatresa.com\\\/wp-content\\\/uploads\\\/2022\\\/07\\\/A_blava_mitja_transp.png\",\"width\":340,\"height\":326,\"caption\":\"Coatresa\"},\"image\":{\"@id\":\"https:\\\/\\\/www.coatresa.com\\\/de\\\/#\\\/schema\\\/logo\\\/image\\\/\"},\"sameAs\":[\"https:\\\/\\\/www.facebook.com\\\/Coatresa\\\/\",\"https:\\\/\\\/x.com\\\/Coatresa\",\"https:\\\/\\\/www.linkedin.com\\\/company\\\/coatresa\\\/\",\"https:\\\/\\\/www.youtube.com\\\/user\\\/CoatresaCoatings\"]}]}<\/script>\n<!-- \/ Yoast SEO plugin. -->","yoast_head_json":{"title":"Hempel Beschichtungen - Coatresa","description":"Hempel Beschichtungen: Applikation von Antikorrosionsbeschichtungen f\u00fcr die Gas- und Erd\u00f6l- sowie Chemieindustrie, die Stromerzeugung und Infrastrukturen.","robots":{"index":"index","follow":"follow","max-snippet":"max-snippet:-1","max-image-preview":"max-image-preview:large","max-video-preview":"max-video-preview:-1"},"canonical":"https:\/\/www.coatresa.com\/de\/hempel-beschichtungen\/","og_locale":"de_DE","og_type":"article","og_title":"Hempel Beschichtungen - Coatresa","og_description":"Hempel Beschichtungen: Applikation von Antikorrosionsbeschichtungen f\u00fcr die Gas- und Erd\u00f6l- sowie Chemieindustrie, die Stromerzeugung und Infrastrukturen.","og_url":"https:\/\/www.coatresa.com\/de\/hempel-beschichtungen\/","og_site_name":"Coatresa","article_publisher":"https:\/\/www.facebook.com\/Coatresa\/","article_modified_time":"2018-09-04T12:50:04+00:00","og_image":[{"width":204,"height":120,"url":"https:\/\/www.coatresa.com\/wp-content\/uploads\/2018\/07\/recubrimientos-hempel.png","type":"image\/png"}],"twitter_card":"summary_large_image","twitter_site":"@Coatresa","twitter_misc":{"Gesch\u00e4tzte Lesezeit":"1\u00a0Minute"},"schema":{"@context":"https:\/\/schema.org","@graph":[{"@type":"WebPage","@id":"https:\/\/www.coatresa.com\/de\/hempel-beschichtungen\/","url":"https:\/\/www.coatresa.com\/de\/hempel-beschichtungen\/","name":"Hempel Beschichtungen - Coatresa","isPartOf":{"@id":"https:\/\/www.coatresa.com\/de\/#website"},"primaryImageOfPage":{"@id":"https:\/\/www.coatresa.com\/de\/hempel-beschichtungen\/#primaryimage"},"image":{"@id":"https:\/\/www.coatresa.com\/de\/hempel-beschichtungen\/#primaryimage"},"thumbnailUrl":"https:\/\/www.coatresa.com\/wp-content\/uploads\/2018\/07\/recubrimientos-hempel.png","datePublished":"2018-07-17T17:48:21+00:00","dateModified":"2018-09-04T12:50:04+00:00","description":"Hempel Beschichtungen: Applikation von Antikorrosionsbeschichtungen f\u00fcr die Gas- und Erd\u00f6l- sowie Chemieindustrie, die Stromerzeugung und Infrastrukturen.","breadcrumb":{"@id":"https:\/\/www.coatresa.com\/de\/hempel-beschichtungen\/#breadcrumb"},"inLanguage":"de","potentialAction":[{"@type":"ReadAction","target":["https:\/\/www.coatresa.com\/de\/hempel-beschichtungen\/"]}]},{"@type":"ImageObject","inLanguage":"de","@id":"https:\/\/www.coatresa.com\/de\/hempel-beschichtungen\/#primaryimage","url":"https:\/\/www.coatresa.com\/wp-content\/uploads\/2018\/07\/recubrimientos-hempel.png","contentUrl":"https:\/\/www.coatresa.com\/wp-content\/uploads\/2018\/07\/recubrimientos-hempel.png","width":204,"height":120,"caption":"recubrimientos hempel"},{"@type":"BreadcrumbList","@id":"https:\/\/www.coatresa.com\/de\/hempel-beschichtungen\/#breadcrumb","itemListElement":[{"@type":"ListItem","position":1,"name":"Portada","item":"https:\/\/www.coatresa.com\/de\/"},{"@type":"ListItem","position":2,"name":"Hempel Beschichtungen"}]},{"@type":"WebSite","@id":"https:\/\/www.coatresa.com\/de\/#website","url":"https:\/\/www.coatresa.com\/de\/","name":"Coatresa","description":"Aplicaci\u00f3n de recubrimientos antiadherentes y anticorrosivos como el Teflon. Expertos del Powder Coating","publisher":{"@id":"https:\/\/www.coatresa.com\/de\/#organization"},"potentialAction":[{"@type":"SearchAction","target":{"@type":"EntryPoint","urlTemplate":"https:\/\/www.coatresa.com\/de\/?s={search_term_string}"},"query-input":{"@type":"PropertyValueSpecification","valueRequired":true,"valueName":"search_term_string"}}],"inLanguage":"de"},{"@type":"Organization","@id":"https:\/\/www.coatresa.com\/de\/#organization","name":"Coatresa","url":"https:\/\/www.coatresa.com\/de\/","logo":{"@type":"ImageObject","inLanguage":"de","@id":"https:\/\/www.coatresa.com\/de\/#\/schema\/logo\/image\/","url":"https:\/\/www.coatresa.com\/wp-content\/uploads\/2022\/07\/A_blava_mitja_transp.png","contentUrl":"https:\/\/www.coatresa.com\/wp-content\/uploads\/2022\/07\/A_blava_mitja_transp.png","width":340,"height":326,"caption":"Coatresa"},"image":{"@id":"https:\/\/www.coatresa.com\/de\/#\/schema\/logo\/image\/"},"sameAs":["https:\/\/www.facebook.com\/Coatresa\/","https:\/\/x.com\/Coatresa","https:\/\/www.linkedin.com\/company\/coatresa\/","https:\/\/www.youtube.com\/user\/CoatresaCoatings"]}]}},"_links":{"self":[{"href":"https:\/\/www.coatresa.com\/de\/wp-json\/wp\/v2\/pages\/10597","targetHints":{"allow":["GET"]}}],"collection":[{"href":"https:\/\/www.coatresa.com\/de\/wp-json\/wp\/v2\/pages"}],"about":[{"href":"https:\/\/www.coatresa.com\/de\/wp-json\/wp\/v2\/types\/page"}],"author":[{"embeddable":true,"href":"https:\/\/www.coatresa.com\/de\/wp-json\/wp\/v2\/users\/1"}],"replies":[{"embeddable":true,"href":"https:\/\/www.coatresa.com\/de\/wp-json\/wp\/v2\/comments?post=10597"}],"version-history":[{"count":0,"href":"https:\/\/www.coatresa.com\/de\/wp-json\/wp\/v2\/pages\/10597\/revisions"}],"wp:featuredmedia":[{"embeddable":true,"href":"https:\/\/www.coatresa.com\/de\/wp-json\/wp\/v2\/media\/7420"}],"wp:attachment":[{"href":"https:\/\/www.coatresa.com\/de\/wp-json\/wp\/v2\/media?parent=10597"}],"curies":[{"name":"wp","href":"https:\/\/api.w.org\/{rel}","templated":true}]}}