{"id":10619,"date":"2018-07-13T10:54:12","date_gmt":"2018-07-13T08:54:12","guid":{"rendered":"http:\/\/coatresa.com\/recubrimientos-weilburger\/"},"modified":"2020-01-17T15:54:54","modified_gmt":"2020-01-17T14:54:54","slug":"weilburger-beschichtungen","status":"publish","type":"page","link":"https:\/\/www.coatresa.com\/de\/weilburger-beschichtungen\/","title":{"rendered":"Weilburger Beschichtungen"},"content":{"rendered":"<div id=\"pl-10619\"  class=\"panel-layout\" ><div id=\"pg-10619-0\"  class=\"panel-grid panel-has-style\" ><div style=\"padding: 0px 0; \" data-overlay=\"true\" data-overlay-color=\"#000000\" class=\"panel-row-style panel-row-style-for-10619-0\" ><div id=\"pgc-10619-0-0\"  class=\"panel-grid-cell\" ><div id=\"panel-10619-0-0-0\" class=\"so-panel widget_sow-image panel-first-child\" data-index=\"0\" ><div style=\"text-align: left;\" data-title-color=\"#47425d\" data-headings-color=\"#443f3f\" data-title_alignment=\"center\" class=\"panel-widget-style panel-widget-style-for-10619-0-0-0\" ><div\n\t\t\t\n\t\t\tclass=\"so-widget-sow-image so-widget-sow-image-default-c67d20f9f743-10619\"\n\t\t\t\n\t\t>\n<div class=\"sow-image-container\">\n\t\t<img \n\tsrc=\"https:\/\/www.coatresa.com\/wp-content\/uploads\/2018\/07\/recubrimientos-weilburger.png\" width=\"274\" height=\"120\" srcset=\"https:\/\/www.coatresa.com\/wp-content\/uploads\/2018\/07\/recubrimientos-weilburger.png 274w, https:\/\/www.coatresa.com\/wp-content\/uploads\/2018\/07\/recubrimientos-weilburger-230x101.png 230w, https:\/\/www.coatresa.com\/wp-content\/uploads\/2018\/07\/recubrimientos-weilburger-272x120.png 272w\" sizes=\"(max-width: 274px) 100vw, 274px\" title=\"recubrimientos Weilburger\" alt=\"recubrimientos Weilburger\" \t\tclass=\"so-widget-image\"\/>\n\t<\/div>\n\n<\/div><\/div><\/div><div id=\"panel-10619-0-0-1\" class=\"so-panel widget_sow-editor panel-last-child\" data-index=\"1\" ><div style=\"text-align: left;\" data-title-color=\"#47425d\" data-headings-color=\"#000000\" data-title_alignment=\"center\" class=\"panel-widget-style panel-widget-style-for-10619-0-0-1\" ><div\n\t\t\t\n\t\t\tclass=\"so-widget-sow-editor so-widget-sow-editor-base\"\n\t\t\t\n\t\t>\n<div class=\"siteorigin-widget-tinymce textwidget\">\n\t<h1 style=\"text-align: center;\">Weilburger Beschichtungen<\/h1>\n<hr \/>\n<p style=\"text-align: justify;\">Weilburger wurde 1900 gegr\u00fcndet und ist bis heute ein mittelst\u00e4ndisches deutsches Unternehmen mit internationaler T\u00e4tigkeit. Es verf\u00fcgt \u00fcber 11 Produktionsst\u00e4tten und 8 Vertriebslager auf 4 Kontinenten.<\/p>\n<p style=\"text-align: justify;\">In der Gegenwart entwickelt und produziert es Beschichtungen f\u00fcr die Verwendung in der Industrie und in Konsumg\u00fctern sowie Beschichtungen und Speziallacke f\u00fcr die grafische Industrie.<\/p>\n<p style=\"text-align: justify;\">Der Gesch\u00e4ftsbereich f\u00fcr industrielle Beschichtungen +<b>COATINGS<\/b> umfasst Beschichtungen, die je nach dem Einsatzzweck auf verschiedensten Oberfl\u00e4chen appliziert werden k\u00f6nnen, von Metall \u00fcber Kunststoff, Glas oder Aluminiumfolie bis zu Holz.<\/p>\n<\/div>\n<\/div><\/div><\/div><\/div><\/div><\/div><div id=\"pg-10619-1\"  class=\"panel-grid panel-has-style\" ><div class=\"FRANJA-BLAVA-TITOL siteorigin-panels-stretch panel-row-style panel-row-style-for-10619-1\" style=\"padding: 0px 0; \" data-stretch-type=\"full\" data-overlay=\"true\" data-overlay-color=\"#000000\" ><div id=\"pgc-10619-1-0\"  class=\"panel-grid-cell\" ><div id=\"panel-10619-1-0-0\" class=\"so-panel widget_sow-editor panel-first-child panel-last-child\" data-index=\"2\" ><div class=\"blanc panel-widget-style panel-widget-style-for-10619-1-0-0\" style=\"text-align: left;\" data-title-color=\"#47425d\" data-headings-color=\"#443f3f\" data-title_alignment=\"center\" ><div\n\t\t\t\n\t\t\tclass=\"so-widget-sow-editor so-widget-sow-editor-base\"\n\t\t\t\n\t\t>\n<div class=\"siteorigin-widget-tinymce textwidget\">\n\t<h2 style=\"text-align: center;\">Weilburger Produkte<\/h2>\n<\/div>\n<\/div><\/div><\/div><\/div><\/div><\/div><div id=\"pg-10619-2\"  class=\"panel-grid panel-has-style\" ><div class=\"BGC-GRIS siteorigin-panels-stretch panel-row-style panel-row-style-for-10619-2\" style=\"padding: 50px 0; \" data-stretch-type=\"full\" data-overlay=\"true\" data-overlay-color=\"#000000\" ><div id=\"pgc-10619-2-0\"  class=\"panel-grid-cell\" ><div id=\"panel-10619-2-0-0\" class=\"so-panel widget_siteorigin-panels-builder panel-first-child panel-last-child\" data-index=\"3\" ><div style=\"text-align: left;\" data-title-color=\"#47425d\" data-headings-color=\"#443f3f\" data-title_alignment=\"center\" class=\"panel-widget-style panel-widget-style-for-10619-2-0-0\" ><div id=\"pl-w5e21cabec1034\"  class=\"panel-layout\" ><div id=\"pg-w5e21cabec1034-0\"  class=\"panel-grid panel-has-style\" ><div style=\"padding: 0px 0; \" data-overlay=\"true\" data-overlay-color=\"#000000\" class=\"panel-row-style panel-row-style-for-w5e21cabec1034-0\" ><div id=\"pgc-w5e21cabec1034-0-0\"  class=\"panel-grid-cell\" ><div id=\"panel-w5e21cabec1034-0-0-0\" class=\"so-panel widget_sow-editor panel-first-child panel-last-child\" data-index=\"0\" ><div style=\"text-align: left;\" data-title-color=\"#47425d\" data-headings-color=\"#443f3f\" data-title_alignment=\"center\" class=\"panel-widget-style panel-widget-style-for-w5e21cabec1034-0-0-0\" ><div\n\t\t\t\n\t\t\tclass=\"so-widget-sow-editor so-widget-sow-editor-base\"\n\t\t\t\n\t\t>\n<div class=\"siteorigin-widget-tinymce textwidget\">\n\t<p style=\"text-align: justify;\">Im genannten Gesch\u00e4ftsbereich werden seine bekannten Marken vertrieben: Senorail\u00ae f\u00fcr den Fahrzeugsektor,\u00a0<b>Senotherm<\/b>\u00ae und\u00a0<b>Greblon<\/b>\u00ae.<\/p>\n<\/div>\n<\/div><\/div><\/div><\/div><\/div><\/div><div id=\"pg-w5e21cabec1034-1\"  class=\"panel-grid panel-has-style\" ><div style=\"padding: 0px 0; \" data-overlay=\"true\" data-overlay-color=\"#000000\" class=\"panel-row-style panel-row-style-for-w5e21cabec1034-1\" ><div id=\"pgc-w5e21cabec1034-1-0\"  class=\"panel-grid-cell panel-grid-cell-empty\" ><\/div><div id=\"pgc-w5e21cabec1034-1-1\"  class=\"panel-grid-cell\" ><div class=\"BGC-BLANC panel-cell-style panel-cell-style-for-w5e21cabec1034-1-1\" ><div id=\"panel-w5e21cabec1034-1-1-0\" class=\"so-panel widget_sow-image panel-first-child panel-last-child\" data-index=\"1\" ><div class=\"PADDING-H-1 AUGMENTAR-ICONA panel-widget-style panel-widget-style-for-w5e21cabec1034-1-1-0\" style=\"text-align: left;\" data-title-color=\"#47425d\" data-headings-color=\"#443f3f\" data-title_alignment=\"center\" ><div\n\t\t\t\n\t\t\tclass=\"so-widget-sow-image so-widget-sow-image-default-c67d20f9f743\"\n\t\t\t\n\t\t>\n<div class=\"sow-image-container\">\n\t\t\t<a href=\"\/de\/weilburger-greblon-Beschichtung\"\n\t\t\t\t\t>\n\t\t\t<img \n\tsrc=\"https:\/\/www.coatresa.com\/wp-content\/uploads\/2018\/07\/recubrimientos-weilburger-greblon.png\" width=\"197\" height=\"197\" srcset=\"https:\/\/www.coatresa.com\/wp-content\/uploads\/2018\/07\/recubrimientos-weilburger-greblon.png 197w, https:\/\/www.coatresa.com\/wp-content\/uploads\/2018\/07\/recubrimientos-weilburger-greblon-150x150.png 150w\" sizes=\"(max-width: 197px) 100vw, 197px\" title=\"recubrimientos Weilburger Greblon\" alt=\"recubrimientos Weilburger Greblon\" \t\tclass=\"so-widget-image\"\/>\n\t\t\t<\/a><\/div>\n\n<\/div><\/div><\/div><\/div><\/div><div id=\"pgc-w5e21cabec1034-1-2\"  class=\"panel-grid-cell panel-grid-cell-mobile-last\" ><div class=\"BGC-BLANC panel-cell-style panel-cell-style-for-w5e21cabec1034-1-2\" ><div id=\"panel-w5e21cabec1034-1-2-0\" class=\"so-panel widget_sow-image panel-first-child panel-last-child\" data-index=\"2\" ><div class=\"PADDING-H-1 AUGMENTAR-ICONA panel-widget-style panel-widget-style-for-w5e21cabec1034-1-2-0\" style=\"text-align: left;\" data-title-color=\"#47425d\" data-headings-color=\"#443f3f\" data-title_alignment=\"center\" ><div\n\t\t\t\n\t\t\tclass=\"so-widget-sow-image so-widget-sow-image-default-c67d20f9f743\"\n\t\t\t\n\t\t>\n<div class=\"sow-image-container\">\n\t\t\t<a href=\"\/de\/weilburger-senotherm-beschichtung\"\n\t\t\t\t\t>\n\t\t\t<img \n\tsrc=\"https:\/\/www.coatresa.com\/wp-content\/uploads\/2018\/07\/recubrimientos-weilburger-senotherm.png\" width=\"197\" height=\"197\" srcset=\"https:\/\/www.coatresa.com\/wp-content\/uploads\/2018\/07\/recubrimientos-weilburger-senotherm.png 197w, https:\/\/www.coatresa.com\/wp-content\/uploads\/2018\/07\/recubrimientos-weilburger-senotherm-150x150.png 150w\" sizes=\"(max-width: 197px) 100vw, 197px\" title=\"recubrimientos Weilburger Senotherm\" alt=\"recubrimientos Weilburger Senotherm\" \t\tclass=\"so-widget-image\"\/>\n\t\t\t<\/a><\/div>\n\n<\/div><\/div><\/div><\/div><\/div><div id=\"pgc-w5e21cabec1034-1-3\"  class=\"panel-grid-cell panel-grid-cell-empty\" ><\/div><\/div><\/div><div id=\"pg-w5e21cabec1034-2\"  class=\"panel-grid panel-has-style\" ><div style=\"padding: 0px 0; \" data-overlay=\"true\" data-overlay-color=\"#000000\" class=\"panel-row-style panel-row-style-for-w5e21cabec1034-2\" ><div id=\"pgc-w5e21cabec1034-2-0\"  class=\"panel-grid-cell\" ><div id=\"panel-w5e21cabec1034-2-0-0\" class=\"so-panel widget_sow-editor panel-first-child panel-last-child\" data-index=\"3\" ><div style=\"text-align: left;\" data-title-color=\"#47425d\" data-headings-color=\"#443f3f\" data-title_alignment=\"center\" class=\"panel-widget-style panel-widget-style-for-w5e21cabec1034-2-0-0\" ><div\n\t\t\t\n\t\t\tclass=\"so-widget-sow-editor so-widget-sow-editor-base\"\n\t\t\t\n\t\t>\n<div class=\"siteorigin-widget-tinymce textwidget\">\n\t<p style=\"text-align: justify;\"><b>Senotherm<\/b>\u00ae ist die Marke, unter der Weilburger seine Palette an Beschichtungssystemen vertreibt, die speziell dazu konzipiert sind, Temperaturen bis 600\u00a0\u00b0C zu widerstehen. Diese finden vor allem f\u00fcr Schornsteine, Rauchabzugsrohre, Brat- und Grillroste, Tellerw\u00e4rmer etc. Verwendung. Es gibt drei Varianten: die klassische, die l\u00f6sungsmittelbasierte und die wasserbasierte.<\/p>\n<p style=\"text-align: justify;\"><b>Greblon<\/b>\u00ae ist die Marke, unter der Weilburger Antihaftbeschichtungen sowohl f\u00fcr Haushaltsutensilien als auch f\u00fcr die Nahrungsmittelindustrie vertreibt.<\/p>\n<p style=\"text-align: justify;\">Der Gesch\u00e4ftsbereich f\u00fcr die grafische Industrie +<b>GRAPHICS<\/b> umfasst Dispersionsmaterial, UV-best\u00e4ndige Lacke, \u00d6llacke, Druckertinten und Tinten f\u00fcr Verpackungen in der Nahrungsmittelindustrie.<\/p>\n<\/div>\n<\/div><\/div><\/div><\/div><\/div><\/div><\/div><\/div><\/div><\/div><\/div><\/div><\/div>","protected":false},"excerpt":{"rendered":"<p>Weilburger Beschichtungen Weilburger wurde 1900 gegr\u00fcndet und ist bis heute ein mittelst\u00e4ndisches deutsches Unternehmen mit internationaler T\u00e4tigkeit. Es verf\u00fcgt \u00fcber 11 Produktionsst\u00e4tten [&hellip;]<\/p>\n","protected":false},"author":1,"featured_media":8050,"parent":0,"menu_order":0,"comment_status":"closed","ping_status":"closed","template":"page-templates\/page_fullwidth.php","meta":{"footnotes":""},"class_list":["post-10619","page","type-page","status-publish","has-post-thumbnail","hentry"],"yoast_head":"<!-- This site is optimized with the Yoast SEO plugin v27.4 - https:\/\/yoast.com\/product\/yoast-seo-wordpress\/ -->\n<title>Weilburger Beschichtungen - Coatresa<\/title>\n<meta name=\"description\" content=\"Weilburger Beschichtungen\u00a0: f\u00fcr die Verwendung in der Industrie und der grafischen Industrie, mit den Marken Senorail, Senotherm und Greblon.\" \/>\n<meta name=\"robots\" content=\"index, follow, max-snippet:-1, max-image-preview:large, max-video-preview:-1\" \/>\n<link rel=\"canonical\" href=\"https:\/\/www.coatresa.com\/de\/weilburger-beschichtungen\/\" \/>\n<meta property=\"og:locale\" content=\"de_DE\" \/>\n<meta property=\"og:type\" content=\"article\" \/>\n<meta property=\"og:title\" content=\"Weilburger Beschichtungen - Coatresa\" \/>\n<meta property=\"og:description\" content=\"Weilburger Beschichtungen\u00a0: f\u00fcr die Verwendung in der Industrie und der grafischen Industrie, mit den Marken Senorail, Senotherm und Greblon.\" \/>\n<meta property=\"og:url\" content=\"https:\/\/www.coatresa.com\/de\/weilburger-beschichtungen\/\" \/>\n<meta property=\"og:site_name\" content=\"Coatresa\" \/>\n<meta property=\"article:publisher\" content=\"https:\/\/www.facebook.com\/Coatresa\/\" \/>\n<meta property=\"article:modified_time\" content=\"2020-01-17T14:54:54+00:00\" \/>\n<meta property=\"og:image\" content=\"https:\/\/www.coatresa.com\/wp-content\/uploads\/2018\/07\/recubrimientos-weilburger.png\" \/>\n\t<meta property=\"og:image:width\" content=\"274\" \/>\n\t<meta property=\"og:image:height\" content=\"120\" \/>\n\t<meta property=\"og:image:type\" content=\"image\/png\" \/>\n<meta name=\"twitter:card\" content=\"summary_large_image\" \/>\n<meta name=\"twitter:site\" content=\"@Coatresa\" \/>\n<meta name=\"twitter:label1\" content=\"Gesch\u00e4tzte Lesezeit\" \/>\n\t<meta name=\"twitter:data1\" content=\"1\u00a0Minute\" \/>\n<script type=\"application\/ld+json\" class=\"yoast-schema-graph\">{\"@context\":\"https:\\\/\\\/schema.org\",\"@graph\":[{\"@type\":\"WebPage\",\"@id\":\"https:\\\/\\\/www.coatresa.com\\\/de\\\/weilburger-beschichtungen\\\/\",\"url\":\"https:\\\/\\\/www.coatresa.com\\\/de\\\/weilburger-beschichtungen\\\/\",\"name\":\"Weilburger Beschichtungen - Coatresa\",\"isPartOf\":{\"@id\":\"https:\\\/\\\/www.coatresa.com\\\/de\\\/#website\"},\"primaryImageOfPage\":{\"@id\":\"https:\\\/\\\/www.coatresa.com\\\/de\\\/weilburger-beschichtungen\\\/#primaryimage\"},\"image\":{\"@id\":\"https:\\\/\\\/www.coatresa.com\\\/de\\\/weilburger-beschichtungen\\\/#primaryimage\"},\"thumbnailUrl\":\"https:\\\/\\\/www.coatresa.com\\\/wp-content\\\/uploads\\\/2018\\\/07\\\/recubrimientos-weilburger.png\",\"datePublished\":\"2018-07-13T08:54:12+00:00\",\"dateModified\":\"2020-01-17T14:54:54+00:00\",\"description\":\"Weilburger Beschichtungen\u00a0: f\u00fcr die Verwendung in der Industrie und der grafischen Industrie, mit den Marken Senorail, Senotherm und Greblon.\",\"breadcrumb\":{\"@id\":\"https:\\\/\\\/www.coatresa.com\\\/de\\\/weilburger-beschichtungen\\\/#breadcrumb\"},\"inLanguage\":\"de\",\"potentialAction\":[{\"@type\":\"ReadAction\",\"target\":[\"https:\\\/\\\/www.coatresa.com\\\/de\\\/weilburger-beschichtungen\\\/\"]}]},{\"@type\":\"ImageObject\",\"inLanguage\":\"de\",\"@id\":\"https:\\\/\\\/www.coatresa.com\\\/de\\\/weilburger-beschichtungen\\\/#primaryimage\",\"url\":\"https:\\\/\\\/www.coatresa.com\\\/wp-content\\\/uploads\\\/2018\\\/07\\\/recubrimientos-weilburger.png\",\"contentUrl\":\"https:\\\/\\\/www.coatresa.com\\\/wp-content\\\/uploads\\\/2018\\\/07\\\/recubrimientos-weilburger.png\",\"width\":274,\"height\":120,\"caption\":\"recubrimientos Weilburger\"},{\"@type\":\"BreadcrumbList\",\"@id\":\"https:\\\/\\\/www.coatresa.com\\\/de\\\/weilburger-beschichtungen\\\/#breadcrumb\",\"itemListElement\":[{\"@type\":\"ListItem\",\"position\":1,\"name\":\"Portada\",\"item\":\"https:\\\/\\\/www.coatresa.com\\\/de\\\/\"},{\"@type\":\"ListItem\",\"position\":2,\"name\":\"Weilburger Beschichtungen\"}]},{\"@type\":\"WebSite\",\"@id\":\"https:\\\/\\\/www.coatresa.com\\\/de\\\/#website\",\"url\":\"https:\\\/\\\/www.coatresa.com\\\/de\\\/\",\"name\":\"Coatresa\",\"description\":\"Aplicaci\u00f3n de recubrimientos antiadherentes y anticorrosivos como el Teflon. Expertos del Powder Coating\",\"publisher\":{\"@id\":\"https:\\\/\\\/www.coatresa.com\\\/de\\\/#organization\"},\"potentialAction\":[{\"@type\":\"SearchAction\",\"target\":{\"@type\":\"EntryPoint\",\"urlTemplate\":\"https:\\\/\\\/www.coatresa.com\\\/de\\\/?s={search_term_string}\"},\"query-input\":{\"@type\":\"PropertyValueSpecification\",\"valueRequired\":true,\"valueName\":\"search_term_string\"}}],\"inLanguage\":\"de\"},{\"@type\":\"Organization\",\"@id\":\"https:\\\/\\\/www.coatresa.com\\\/de\\\/#organization\",\"name\":\"Coatresa\",\"url\":\"https:\\\/\\\/www.coatresa.com\\\/de\\\/\",\"logo\":{\"@type\":\"ImageObject\",\"inLanguage\":\"de\",\"@id\":\"https:\\\/\\\/www.coatresa.com\\\/de\\\/#\\\/schema\\\/logo\\\/image\\\/\",\"url\":\"https:\\\/\\\/www.coatresa.com\\\/wp-content\\\/uploads\\\/2022\\\/07\\\/A_blava_mitja_transp.png\",\"contentUrl\":\"https:\\\/\\\/www.coatresa.com\\\/wp-content\\\/uploads\\\/2022\\\/07\\\/A_blava_mitja_transp.png\",\"width\":340,\"height\":326,\"caption\":\"Coatresa\"},\"image\":{\"@id\":\"https:\\\/\\\/www.coatresa.com\\\/de\\\/#\\\/schema\\\/logo\\\/image\\\/\"},\"sameAs\":[\"https:\\\/\\\/www.facebook.com\\\/Coatresa\\\/\",\"https:\\\/\\\/x.com\\\/Coatresa\",\"https:\\\/\\\/www.linkedin.com\\\/company\\\/coatresa\\\/\",\"https:\\\/\\\/www.youtube.com\\\/user\\\/CoatresaCoatings\"]}]}<\/script>\n<!-- \/ Yoast SEO plugin. -->","yoast_head_json":{"title":"Weilburger Beschichtungen - Coatresa","description":"Weilburger Beschichtungen\u00a0: f\u00fcr die Verwendung in der Industrie und der grafischen Industrie, mit den Marken Senorail, Senotherm und Greblon.","robots":{"index":"index","follow":"follow","max-snippet":"max-snippet:-1","max-image-preview":"max-image-preview:large","max-video-preview":"max-video-preview:-1"},"canonical":"https:\/\/www.coatresa.com\/de\/weilburger-beschichtungen\/","og_locale":"de_DE","og_type":"article","og_title":"Weilburger Beschichtungen - Coatresa","og_description":"Weilburger Beschichtungen\u00a0: f\u00fcr die Verwendung in der Industrie und der grafischen Industrie, mit den Marken Senorail, Senotherm und Greblon.","og_url":"https:\/\/www.coatresa.com\/de\/weilburger-beschichtungen\/","og_site_name":"Coatresa","article_publisher":"https:\/\/www.facebook.com\/Coatresa\/","article_modified_time":"2020-01-17T14:54:54+00:00","og_image":[{"width":274,"height":120,"url":"https:\/\/www.coatresa.com\/wp-content\/uploads\/2018\/07\/recubrimientos-weilburger.png","type":"image\/png"}],"twitter_card":"summary_large_image","twitter_site":"@Coatresa","twitter_misc":{"Gesch\u00e4tzte Lesezeit":"1\u00a0Minute"},"schema":{"@context":"https:\/\/schema.org","@graph":[{"@type":"WebPage","@id":"https:\/\/www.coatresa.com\/de\/weilburger-beschichtungen\/","url":"https:\/\/www.coatresa.com\/de\/weilburger-beschichtungen\/","name":"Weilburger Beschichtungen - Coatresa","isPartOf":{"@id":"https:\/\/www.coatresa.com\/de\/#website"},"primaryImageOfPage":{"@id":"https:\/\/www.coatresa.com\/de\/weilburger-beschichtungen\/#primaryimage"},"image":{"@id":"https:\/\/www.coatresa.com\/de\/weilburger-beschichtungen\/#primaryimage"},"thumbnailUrl":"https:\/\/www.coatresa.com\/wp-content\/uploads\/2018\/07\/recubrimientos-weilburger.png","datePublished":"2018-07-13T08:54:12+00:00","dateModified":"2020-01-17T14:54:54+00:00","description":"Weilburger Beschichtungen\u00a0: f\u00fcr die Verwendung in der Industrie und der grafischen Industrie, mit den Marken Senorail, Senotherm und Greblon.","breadcrumb":{"@id":"https:\/\/www.coatresa.com\/de\/weilburger-beschichtungen\/#breadcrumb"},"inLanguage":"de","potentialAction":[{"@type":"ReadAction","target":["https:\/\/www.coatresa.com\/de\/weilburger-beschichtungen\/"]}]},{"@type":"ImageObject","inLanguage":"de","@id":"https:\/\/www.coatresa.com\/de\/weilburger-beschichtungen\/#primaryimage","url":"https:\/\/www.coatresa.com\/wp-content\/uploads\/2018\/07\/recubrimientos-weilburger.png","contentUrl":"https:\/\/www.coatresa.com\/wp-content\/uploads\/2018\/07\/recubrimientos-weilburger.png","width":274,"height":120,"caption":"recubrimientos Weilburger"},{"@type":"BreadcrumbList","@id":"https:\/\/www.coatresa.com\/de\/weilburger-beschichtungen\/#breadcrumb","itemListElement":[{"@type":"ListItem","position":1,"name":"Portada","item":"https:\/\/www.coatresa.com\/de\/"},{"@type":"ListItem","position":2,"name":"Weilburger Beschichtungen"}]},{"@type":"WebSite","@id":"https:\/\/www.coatresa.com\/de\/#website","url":"https:\/\/www.coatresa.com\/de\/","name":"Coatresa","description":"Aplicaci\u00f3n de recubrimientos antiadherentes y anticorrosivos como el Teflon. Expertos del Powder Coating","publisher":{"@id":"https:\/\/www.coatresa.com\/de\/#organization"},"potentialAction":[{"@type":"SearchAction","target":{"@type":"EntryPoint","urlTemplate":"https:\/\/www.coatresa.com\/de\/?s={search_term_string}"},"query-input":{"@type":"PropertyValueSpecification","valueRequired":true,"valueName":"search_term_string"}}],"inLanguage":"de"},{"@type":"Organization","@id":"https:\/\/www.coatresa.com\/de\/#organization","name":"Coatresa","url":"https:\/\/www.coatresa.com\/de\/","logo":{"@type":"ImageObject","inLanguage":"de","@id":"https:\/\/www.coatresa.com\/de\/#\/schema\/logo\/image\/","url":"https:\/\/www.coatresa.com\/wp-content\/uploads\/2022\/07\/A_blava_mitja_transp.png","contentUrl":"https:\/\/www.coatresa.com\/wp-content\/uploads\/2022\/07\/A_blava_mitja_transp.png","width":340,"height":326,"caption":"Coatresa"},"image":{"@id":"https:\/\/www.coatresa.com\/de\/#\/schema\/logo\/image\/"},"sameAs":["https:\/\/www.facebook.com\/Coatresa\/","https:\/\/x.com\/Coatresa","https:\/\/www.linkedin.com\/company\/coatresa\/","https:\/\/www.youtube.com\/user\/CoatresaCoatings"]}]}},"_links":{"self":[{"href":"https:\/\/www.coatresa.com\/de\/wp-json\/wp\/v2\/pages\/10619","targetHints":{"allow":["GET"]}}],"collection":[{"href":"https:\/\/www.coatresa.com\/de\/wp-json\/wp\/v2\/pages"}],"about":[{"href":"https:\/\/www.coatresa.com\/de\/wp-json\/wp\/v2\/types\/page"}],"author":[{"embeddable":true,"href":"https:\/\/www.coatresa.com\/de\/wp-json\/wp\/v2\/users\/1"}],"replies":[{"embeddable":true,"href":"https:\/\/www.coatresa.com\/de\/wp-json\/wp\/v2\/comments?post=10619"}],"version-history":[{"count":0,"href":"https:\/\/www.coatresa.com\/de\/wp-json\/wp\/v2\/pages\/10619\/revisions"}],"wp:featuredmedia":[{"embeddable":true,"href":"https:\/\/www.coatresa.com\/de\/wp-json\/wp\/v2\/media\/8050"}],"wp:attachment":[{"href":"https:\/\/www.coatresa.com\/de\/wp-json\/wp\/v2\/media?parent=10619"}],"curies":[{"name":"wp","href":"https:\/\/api.w.org\/{rel}","templated":true}]}}