{"id":10623,"date":"2018-07-17T13:41:18","date_gmt":"2018-07-17T11:41:18","guid":{"rendered":"http:\/\/coatresa.com\/recubrimientos-weilburger-greblon\/"},"modified":"2019-05-08T09:12:45","modified_gmt":"2019-05-08T07:12:45","slug":"weilburger-greblon-beschichtung","status":"publish","type":"page","link":"https:\/\/www.coatresa.com\/de\/weilburger-greblon-beschichtung\/","title":{"rendered":"Greblon Beschichtung"},"content":{"rendered":"<div id=\"pl-10623\"  class=\"panel-layout\" ><div id=\"pg-10623-0\"  class=\"panel-grid panel-has-style\" ><div style=\"padding: 0px 0; \" data-overlay=\"true\" data-overlay-color=\"#000000\" class=\"panel-row-style panel-row-style-for-10623-0\" ><div id=\"pgc-10623-0-0\"  class=\"panel-grid-cell\" ><div id=\"panel-10623-0-0-0\" class=\"so-panel widget_sow-image panel-first-child panel-last-child\" data-index=\"0\" ><div style=\"text-align: left;\" data-title-color=\"#47425d\" data-headings-color=\"#443f3f\" data-title_alignment=\"center\" class=\"panel-widget-style panel-widget-style-for-10623-0-0-0\" ><div\n\t\t\t\n\t\t\tclass=\"so-widget-sow-image so-widget-sow-image-default-c67d20f9f743-10623\"\n\t\t\t\n\t\t>\n<div class=\"sow-image-container\">\n\t\t<img \n\tsrc=\"https:\/\/www.coatresa.com\/wp-content\/uploads\/2018\/07\/recubrimientos-weilburger-greblon.png\" width=\"197\" height=\"197\" srcset=\"https:\/\/www.coatresa.com\/wp-content\/uploads\/2018\/07\/recubrimientos-weilburger-greblon.png 197w, https:\/\/www.coatresa.com\/wp-content\/uploads\/2018\/07\/recubrimientos-weilburger-greblon-150x150.png 150w\" sizes=\"(max-width: 197px) 100vw, 197px\" title=\"recubrimientos Weilburger Greblon\" alt=\"recubrimientos Weilburger Greblon\" \t\tclass=\"so-widget-image\"\/>\n\t<\/div>\n\n<\/div><\/div><\/div><\/div><div id=\"pgc-10623-0-1\"  class=\"panel-grid-cell\" ><div id=\"panel-10623-0-1-0\" class=\"so-panel widget_sow-editor panel-first-child panel-last-child\" data-index=\"1\" ><div style=\"text-align: left;\" data-title-color=\"#47425d\" data-headings-color=\"#000000\" data-title_alignment=\"center\" class=\"panel-widget-style panel-widget-style-for-10623-0-1-0\" ><div\n\t\t\t\n\t\t\tclass=\"so-widget-sow-editor so-widget-sow-editor-base\"\n\t\t\t\n\t\t>\n<div class=\"siteorigin-widget-tinymce textwidget\">\n\t<h1 style=\"text-align: left;\">Greblon \u00ae Beschichtung<\/h1>\n<hr align=\"left\" \/>\n<p style=\"text-align: justify;\"><b>Greblon<\/b>\u00ae ist die Marke von Weilburger, unter der Beschichtungsl\u00f6sungen auf der Basis von Fluorpolymeren, Polymersystemen und Sol-Gel-Technologie vertrieben werden. Sie umfasst Antihaftbeschichtungen und hochtemperaturbest\u00e4ndige Beschichtungen sowie funktionelle Beschichtungen und dekorative Au\u00dfenbeschichtungen sowohl f\u00fcr Haushalts- als auch Industrieartikel. Als Material kommen PTFE und keramische Beschichtungen zum Einsatz.<\/p>\n<\/div>\n<\/div><\/div><\/div><\/div><\/div><\/div><div id=\"pg-10623-1\"  class=\"panel-grid panel-has-style\" ><div class=\"FRANJA-BLAVA-TITOL siteorigin-panels-stretch panel-row-style panel-row-style-for-10623-1\" style=\"padding: 0px 0; \" data-stretch-type=\"full\" data-overlay=\"true\" data-overlay-color=\"#000000\" ><div id=\"pgc-10623-1-0\"  class=\"panel-grid-cell\" ><div id=\"panel-10623-1-0-0\" class=\"so-panel widget_sow-editor panel-first-child panel-last-child\" data-index=\"2\" ><div class=\"blanc panel-widget-style panel-widget-style-for-10623-1-0-0\" style=\"text-align: left;\" data-title-color=\"#47425d\" data-headings-color=\"#443f3f\" data-title_alignment=\"center\" ><div\n\t\t\t\n\t\t\tclass=\"so-widget-sow-editor so-widget-sow-editor-base\"\n\t\t\t\n\t\t>\n<div class=\"siteorigin-widget-tinymce textwidget\">\n\t<h2 style=\"text-align: center;\">Zielbranchen der Greblon \u00ae Produkte<\/h2>\n<\/div>\n<\/div><\/div><\/div><\/div><\/div><\/div><div id=\"pg-10623-2\"  class=\"panel-grid panel-has-style\" ><div class=\"BGC-GRIS siteorigin-panels-stretch panel-row-style panel-row-style-for-10623-2\" style=\"padding: 50px 0; \" data-stretch-type=\"full\" data-overlay=\"true\" data-overlay-color=\"#000000\" ><div id=\"pgc-10623-2-0\"  class=\"panel-grid-cell\" ><div id=\"panel-10623-2-0-0\" class=\"so-panel widget_sow-editor panel-first-child\" data-index=\"3\" ><div class=\"TEXTOS-DESTACATS panel-widget-style panel-widget-style-for-10623-2-0-0\" style=\"text-align: left;\" data-title-color=\"#47425d\" data-headings-color=\"#443f3f\" data-title_alignment=\"center\" ><div\n\t\t\t\n\t\t\tclass=\"so-widget-sow-editor so-widget-sow-editor-base\"\n\t\t\t\n\t\t>\n<div class=\"siteorigin-widget-tinymce textwidget\">\n\t<p style=\"text-align: center;\">Greblon \u00ae Beschichtung unterscheidet zwischen 5 Produktlinien in Abh\u00e4ngigkeit vom Endprodukt:<\/p>\n<\/div>\n<\/div><\/div><\/div><div id=\"panel-10623-2-0-1\" class=\"so-panel widget_siteorigin-panels-builder panel-last-child\" data-index=\"4\" ><div class=\"MARGE-LLISTA panel-widget-style panel-widget-style-for-10623-2-0-1\" style=\"text-align: left;\" data-title-color=\"#47425d\" data-headings-color=\"#443f3f\" data-title_alignment=\"center\" ><div id=\"pl-w5b8f8c9a78bb2\"  class=\"panel-layout\" ><div id=\"pg-w5b8f8c9a78bb2-0\"  class=\"panel-grid panel-has-style\" ><div style=\"padding: 0px 0; \" data-overlay=\"true\" data-overlay-color=\"#000000\" class=\"panel-row-style panel-row-style-for-w5b8f8c9a78bb2-0\" ><div id=\"pgc-w5b8f8c9a78bb2-0-0\"  class=\"panel-grid-cell\" ><div id=\"panel-w5b8f8c9a78bb2-0-0-0\" class=\"so-panel widget_sow-editor panel-first-child\" data-index=\"0\" ><div style=\"text-align: left;\" data-title-color=\"#47425d\" data-headings-color=\"#443f3f\" data-title_alignment=\"center\" class=\"panel-widget-style panel-widget-style-for-w5b8f8c9a78bb2-0-0-0\" ><div\n\t\t\t\n\t\t\tclass=\"so-widget-sow-editor so-widget-sow-editor-base\"\n\t\t\t\n\t\t>\n<div class=\"siteorigin-widget-tinymce textwidget\">\n\t<p style=\"text-align: justify;\"><b>Bereich Haushaltsutensilien<\/b>: F\u00fcr diesen Markt bietet\u00a0<b>Greblon<\/b>\u00ae Antihaftbeschichtungen, sowohl aus PTFE als auch aus Keramik, mit ein, zwei oder drei Schichten sowie einer Verst\u00e4rkungsschicht aus Keramikpartikeln f\u00fcr Pfannen, T\u00f6pfe etc.<\/p>\n<\/div>\n<\/div><\/div><\/div><div id=\"panel-w5b8f8c9a78bb2-0-0-1\" class=\"so-panel widget_sow-editor\" data-index=\"1\" ><div style=\"text-align: left;\" data-title-color=\"#47425d\" data-headings-color=\"#443f3f\" data-title_alignment=\"center\" class=\"panel-widget-style panel-widget-style-for-w5b8f8c9a78bb2-0-0-1\" ><div\n\t\t\t\n\t\t\tclass=\"so-widget-sow-editor so-widget-sow-editor-base\"\n\t\t\t\n\t\t>\n<div class=\"siteorigin-widget-tinymce textwidget\">\n\t<p style=\"text-align: justify;\"><b>Elektrokleinger\u00e4te<\/b>: Mit Greblon\u00ae behandelte Elektroger\u00e4te sind mit PTFE \u00fcberzogen, die aus einer oder zwei Schichten sowie einer keramische Verst\u00e4rkung zur Verbesserung der Abriebfestigkeit und Temperaturbest\u00e4ndigkeit bestehen k\u00f6nnen. Der Beschichtungsstoff kommt in Ger\u00e4ten des Alltags, wie Grillger\u00e4ten, Gl\u00e4tteisen, Sandwichtoastern etc. zum Einsatz.<\/p>\n<\/div>\n<\/div><\/div><\/div><div id=\"panel-w5b8f8c9a78bb2-0-0-2\" class=\"so-panel widget_sow-editor\" data-index=\"2\" ><div style=\"text-align: left;\" data-title-color=\"#47425d\" data-headings-color=\"#443f3f\" data-title_alignment=\"center\" class=\"panel-widget-style panel-widget-style-for-w5b8f8c9a78bb2-0-0-2\" ><div\n\t\t\t\n\t\t\tclass=\"so-widget-sow-editor so-widget-sow-editor-base\"\n\t\t\t\n\t\t>\n<div class=\"siteorigin-widget-tinymce textwidget\">\n\t<p style=\"text-align: justify;\"><b>Backutensilien<\/b>: Die Beschichtungen f\u00fcr Backformen bestehen aus Fluorpolymeren bzw. PTFE. Sie k\u00f6nnen als Einschicht- oder Zweischichtensystem mit keramischer Verst\u00e4rkung appliziert werden. Die keramische Antihaftbeschichtung wird speziell f\u00fcr Massen mit hohem Zuckergehalt, z.\u00a0B. Kuchen, Torten, gie\u00dfbare Massen, Pflaumenkuchen, Muffins etc. verwendet.<\/p>\n<\/div>\n<\/div><\/div><\/div><div id=\"panel-w5b8f8c9a78bb2-0-0-3\" class=\"so-panel widget_sow-editor\" data-index=\"3\" ><div style=\"text-align: left;\" data-title-color=\"#47425d\" data-headings-color=\"#443f3f\" data-title_alignment=\"center\" class=\"panel-widget-style panel-widget-style-for-w5b8f8c9a78bb2-0-0-3\" ><div\n\t\t\t\n\t\t\tclass=\"so-widget-sow-editor so-widget-sow-editor-base\"\n\t\t\t\n\t\t>\n<div class=\"siteorigin-widget-tinymce textwidget\">\n\t<p style=\"text-align: justify;\"><b>Technisches Werkzeug<\/b>:\u00a0<b>Greblon<\/b>\u00ae wird als funktionelle Beschichtung auf Werkzeug und Werkzeugteilen, wie Messer, Rollen etc., appliziert, damit das entsprechende Werkzeug f\u00fcr einen langen Zeitraum optimale Funktionseigenschaften aufweist.<\/p>\n<\/div>\n<\/div><\/div><\/div><div id=\"panel-w5b8f8c9a78bb2-0-0-4\" class=\"so-panel widget_sow-editor panel-last-child\" data-index=\"4\" ><div style=\"text-align: left;\" data-title-color=\"#47425d\" data-headings-color=\"#443f3f\" data-title_alignment=\"center\" class=\"panel-widget-style panel-widget-style-for-w5b8f8c9a78bb2-0-0-4\" ><div\n\t\t\t\n\t\t\tclass=\"so-widget-sow-editor so-widget-sow-editor-base\"\n\t\t\t\n\t\t>\n<div class=\"siteorigin-widget-tinymce textwidget\">\n\t<p style=\"text-align: justify;\"><b>Dekorative Beschichtungen<\/b>: Mit den dekoraktiven Beschichtungen und Oberfl\u00e4chenbehandlungen der Marke Greblon\u00ae k\u00f6nnen Haushaltsartikel und Elektrokleinger\u00e4te individuell und besonders attraktiv gestaltet werden, wozu f\u00fcr jeden Hersteller einzigartige Farben bzw. Farbt\u00f6ne angeboten werden. Diese Beschichtungen basieren auf Fluorpolymeren, Silikonpolyester und der Sol-Gel-Technologie, die alle Vorteile funktioneller Beschichtungen bieten.<\/p>\n<\/div>\n<\/div><\/div><\/div><\/div><\/div><\/div><\/div><\/div><\/div><\/div><\/div><\/div><div id=\"pg-10623-3\"  class=\"panel-grid panel-has-style\" ><div class=\"siteorigin-panels-stretch panel-row-style panel-row-style-for-10623-3\" style=\"padding: 50px 0; \" data-stretch-type=\"full\" data-overlay=\"true\" data-overlay-color=\"#000000\" ><div id=\"pgc-10623-3-0\"  class=\"panel-grid-cell\" ><div id=\"panel-10623-3-0-0\" class=\"so-panel widget_siteorigin-panels-builder panel-first-child panel-last-child\" data-index=\"5\" ><div style=\"text-align: left;\" data-title-color=\"#47425d\" data-headings-color=\"#443f3f\" data-title_alignment=\"center\" class=\"panel-widget-style panel-widget-style-for-10623-3-0-0\" ><div id=\"pl-w5cd2816d7e931\"  class=\"panel-layout\" ><div id=\"pg-w5cd2816d7e931-0\"  class=\"panel-grid panel-has-style\" ><div style=\"padding: 0px 0; \" data-overlay=\"true\" data-overlay-color=\"#000000\" class=\"panel-row-style panel-row-style-for-w5cd2816d7e931-0\" ><div id=\"pgc-w5cd2816d7e931-0-0\"  class=\"panel-grid-cell\" ><div id=\"panel-w5cd2816d7e931-0-0-0\" class=\"so-panel widget_sow-editor panel-first-child panel-last-child\" data-index=\"0\" ><div style=\"text-align: left;\" data-title-color=\"#47425d\" data-headings-color=\"#443f3f\" data-title_alignment=\"center\" class=\"panel-widget-style panel-widget-style-for-w5cd2816d7e931-0-0-0\" ><div\n\t\t\t\n\t\t\tclass=\"so-widget-sow-editor so-widget-sow-editor-base\"\n\t\t\t\n\t\t>\n<div class=\"siteorigin-widget-tinymce textwidget\">\n\t<h2 class=\"BLAU-FOSC\" style=\"text-align: center;\">Greblon\u00ae referenzen<\/h2>\n<\/div>\n<\/div><\/div><\/div><\/div><\/div><\/div><div id=\"pg-w5cd2816d7e931-1\"  class=\"panel-grid panel-has-style\" ><div style=\"padding: 0px 0; \" data-overlay=\"true\" data-overlay-color=\"#000000\" class=\"panel-row-style panel-row-style-for-w5cd2816d7e931-1\" ><div id=\"pgc-w5cd2816d7e931-1-0\"  class=\"panel-grid-cell\" ><div id=\"panel-w5cd2816d7e931-1-0-0\" class=\"so-panel widget_sow-editor panel-first-child panel-last-child\" data-index=\"1\" ><div style=\"text-align: left;\" data-title-color=\"#47425d\" data-headings-color=\"#443f3f\" data-title_alignment=\"center\" class=\"panel-widget-style panel-widget-style-for-w5cd2816d7e931-1-0-0\" ><div\n\t\t\t\n\t\t\tclass=\"so-widget-sow-editor so-widget-sow-editor-base\"\n\t\t\t\n\t\t>\n<div class=\"siteorigin-widget-tinymce textwidget\">\n\t<p style=\"text-align: center; padding-top: 40px;\"><b>C<\/b><br \/>\n<b>C1<\/b><br \/>\n<b>CR<\/b><br \/>\n<b>CK1<\/b><br \/>\n<b>CK2<\/b><br \/>\n<b>C2<\/b><br \/>\n<b>C2+<\/b><\/p>\n<\/div>\n<\/div><\/div><\/div><\/div><div id=\"pgc-w5cd2816d7e931-1-1\"  class=\"panel-grid-cell\" ><div id=\"panel-w5cd2816d7e931-1-1-0\" class=\"so-panel widget_sow-editor panel-first-child panel-last-child\" data-index=\"2\" ><div style=\"text-align: left;\" data-title-color=\"#47425d\" data-headings-color=\"#443f3f\" data-title_alignment=\"center\" class=\"panel-widget-style panel-widget-style-for-w5cd2816d7e931-1-1-0\" ><div\n\t\t\t\n\t\t\tclass=\"so-widget-sow-editor so-widget-sow-editor-base\"\n\t\t\t\n\t\t>\n<div class=\"siteorigin-widget-tinymce textwidget\">\n\t<p style=\"text-align: center; padding-top: 40px;\"><b>C3<\/b><br \/>\n<b>C3+<\/b><br \/>\n<b>C3+ PEEK<\/b><br \/>\n<b>E2+<\/b><br \/>\n<b>E2<\/b><br \/>\n<b>E1<\/b><br \/>\n<b>EK2<\/b><\/p>\n<\/div>\n<\/div><\/div><\/div><\/div><div id=\"pgc-w5cd2816d7e931-1-2\"  class=\"panel-grid-cell\" ><div id=\"panel-w5cd2816d7e931-1-2-0\" class=\"so-panel widget_sow-editor panel-first-child panel-last-child\" data-index=\"3\" ><div style=\"text-align: left;\" data-title-color=\"#47425d\" data-headings-color=\"#443f3f\" data-title_alignment=\"center\" class=\"panel-widget-style panel-widget-style-for-w5cd2816d7e931-1-2-0\" ><div\n\t\t\t\n\t\t\tclass=\"so-widget-sow-editor so-widget-sow-editor-base\"\n\t\t\t\n\t\t>\n<div class=\"siteorigin-widget-tinymce textwidget\">\n\t<p style=\"text-align: center; padding-top: 40px;\"><b>B2+<\/b><br \/>\n<b>B2<\/b><br \/>\n<b>B1<\/b><br \/>\n<b>BR<\/b><br \/>\n<b>BK2<\/b><br \/>\n<b>TK2<\/b><br \/>\n<b>TK1<\/b><\/p>\n<\/div>\n<\/div><\/div><\/div><\/div><div id=\"pgc-w5cd2816d7e931-1-3\"  class=\"panel-grid-cell\" ><div id=\"panel-w5cd2816d7e931-1-3-0\" class=\"so-panel widget_sow-editor panel-first-child panel-last-child\" data-index=\"4\" ><div style=\"text-align: left;\" data-title-color=\"#47425d\" data-headings-color=\"#443f3f\" data-title_alignment=\"center\" class=\"panel-widget-style panel-widget-style-for-w5cd2816d7e931-1-3-0\" ><div\n\t\t\t\n\t\t\tclass=\"so-widget-sow-editor so-widget-sow-editor-base\"\n\t\t\t\n\t\t>\n<div class=\"siteorigin-widget-tinymce textwidget\">\n\t<p style=\"text-align: center; padding-top: 40px;\"><b>T3<\/b><br \/>\n<b>T2<\/b><br \/>\n<b>T2+<\/b><br \/>\n<b>T1<\/b><br \/>\n<b>T1+<\/b><br \/>\n<b>D1<\/b><br \/>\n<b>D2<\/b><\/p>\n<\/div>\n<\/div><\/div><\/div><\/div><\/div><\/div><\/div><\/div><\/div><\/div><\/div><\/div><\/div>","protected":false},"excerpt":{"rendered":"<p>Greblon \u00ae Beschichtung Greblon\u00ae ist die Marke von Weilburger, unter der Beschichtungsl\u00f6sungen auf der Basis von Fluorpolymeren, Polymersystemen und Sol-Gel-Technologie vertrieben werden. [&hellip;]<\/p>\n","protected":false},"author":1,"featured_media":8038,"parent":0,"menu_order":0,"comment_status":"closed","ping_status":"closed","template":"page-templates\/page_fullwidth.php","meta":{"footnotes":""},"class_list":["post-10623","page","type-page","status-publish","has-post-thumbnail","hentry"],"yoast_head":"<!-- This site is optimized with the Yoast SEO plugin v27.3 - https:\/\/yoast.com\/product\/yoast-seo-wordpress\/ -->\n<title>Greblon Beschichtung - Coatresa<\/title>\n<meta name=\"description\" content=\"Greblon-Beschichtungen von Weilburger\u00a0: PTFE und keramische Beschichtungen. Fluorpolymeren, Silikonpolyester und Sol-Gel-Technologie.\" \/>\n<meta name=\"robots\" content=\"index, follow, max-snippet:-1, max-image-preview:large, max-video-preview:-1\" \/>\n<link rel=\"canonical\" href=\"https:\/\/www.coatresa.com\/de\/weilburger-greblon-beschichtung\/\" \/>\n<meta property=\"og:locale\" content=\"de_DE\" \/>\n<meta property=\"og:type\" content=\"article\" \/>\n<meta property=\"og:title\" content=\"Greblon Beschichtung - Coatresa\" \/>\n<meta property=\"og:description\" content=\"Greblon-Beschichtungen von Weilburger\u00a0: PTFE und keramische Beschichtungen. Fluorpolymeren, Silikonpolyester und Sol-Gel-Technologie.\" \/>\n<meta property=\"og:url\" content=\"https:\/\/www.coatresa.com\/de\/weilburger-greblon-beschichtung\/\" \/>\n<meta property=\"og:site_name\" content=\"Coatresa\" \/>\n<meta property=\"article:publisher\" content=\"https:\/\/www.facebook.com\/Coatresa\/\" \/>\n<meta property=\"article:modified_time\" content=\"2019-05-08T07:12:45+00:00\" \/>\n<meta property=\"og:image\" content=\"https:\/\/www.coatresa.com\/wp-content\/uploads\/2018\/07\/recubrimientos-weilburger-greblon.png\" \/>\n\t<meta property=\"og:image:width\" content=\"197\" \/>\n\t<meta property=\"og:image:height\" content=\"197\" \/>\n\t<meta property=\"og:image:type\" content=\"image\/png\" \/>\n<meta name=\"twitter:card\" content=\"summary_large_image\" \/>\n<meta name=\"twitter:site\" content=\"@Coatresa\" \/>\n<meta name=\"twitter:label1\" content=\"Gesch\u00e4tzte Lesezeit\" \/>\n\t<meta name=\"twitter:data1\" content=\"2\u00a0Minuten\" \/>\n<script type=\"application\/ld+json\" class=\"yoast-schema-graph\">{\"@context\":\"https:\\\/\\\/schema.org\",\"@graph\":[{\"@type\":\"WebPage\",\"@id\":\"https:\\\/\\\/www.coatresa.com\\\/de\\\/weilburger-greblon-beschichtung\\\/\",\"url\":\"https:\\\/\\\/www.coatresa.com\\\/de\\\/weilburger-greblon-beschichtung\\\/\",\"name\":\"Greblon Beschichtung - Coatresa\",\"isPartOf\":{\"@id\":\"https:\\\/\\\/www.coatresa.com\\\/de\\\/#website\"},\"primaryImageOfPage\":{\"@id\":\"https:\\\/\\\/www.coatresa.com\\\/de\\\/weilburger-greblon-beschichtung\\\/#primaryimage\"},\"image\":{\"@id\":\"https:\\\/\\\/www.coatresa.com\\\/de\\\/weilburger-greblon-beschichtung\\\/#primaryimage\"},\"thumbnailUrl\":\"https:\\\/\\\/www.coatresa.com\\\/wp-content\\\/uploads\\\/2018\\\/07\\\/recubrimientos-weilburger-greblon.png\",\"datePublished\":\"2018-07-17T11:41:18+00:00\",\"dateModified\":\"2019-05-08T07:12:45+00:00\",\"description\":\"Greblon-Beschichtungen von Weilburger\u00a0: PTFE und keramische Beschichtungen. Fluorpolymeren, Silikonpolyester und Sol-Gel-Technologie.\",\"breadcrumb\":{\"@id\":\"https:\\\/\\\/www.coatresa.com\\\/de\\\/weilburger-greblon-beschichtung\\\/#breadcrumb\"},\"inLanguage\":\"de\",\"potentialAction\":[{\"@type\":\"ReadAction\",\"target\":[\"https:\\\/\\\/www.coatresa.com\\\/de\\\/weilburger-greblon-beschichtung\\\/\"]}]},{\"@type\":\"ImageObject\",\"inLanguage\":\"de\",\"@id\":\"https:\\\/\\\/www.coatresa.com\\\/de\\\/weilburger-greblon-beschichtung\\\/#primaryimage\",\"url\":\"https:\\\/\\\/www.coatresa.com\\\/wp-content\\\/uploads\\\/2018\\\/07\\\/recubrimientos-weilburger-greblon.png\",\"contentUrl\":\"https:\\\/\\\/www.coatresa.com\\\/wp-content\\\/uploads\\\/2018\\\/07\\\/recubrimientos-weilburger-greblon.png\",\"width\":197,\"height\":197,\"caption\":\"recubrimientos Weilburger Greblon\"},{\"@type\":\"BreadcrumbList\",\"@id\":\"https:\\\/\\\/www.coatresa.com\\\/de\\\/weilburger-greblon-beschichtung\\\/#breadcrumb\",\"itemListElement\":[{\"@type\":\"ListItem\",\"position\":1,\"name\":\"Portada\",\"item\":\"https:\\\/\\\/www.coatresa.com\\\/de\\\/\"},{\"@type\":\"ListItem\",\"position\":2,\"name\":\"Greblon Beschichtung\"}]},{\"@type\":\"WebSite\",\"@id\":\"https:\\\/\\\/www.coatresa.com\\\/de\\\/#website\",\"url\":\"https:\\\/\\\/www.coatresa.com\\\/de\\\/\",\"name\":\"Coatresa\",\"description\":\"Aplicaci\u00f3n de recubrimientos antiadherentes y anticorrosivos como el Teflon. Expertos del Powder Coating\",\"publisher\":{\"@id\":\"https:\\\/\\\/www.coatresa.com\\\/de\\\/#organization\"},\"potentialAction\":[{\"@type\":\"SearchAction\",\"target\":{\"@type\":\"EntryPoint\",\"urlTemplate\":\"https:\\\/\\\/www.coatresa.com\\\/de\\\/?s={search_term_string}\"},\"query-input\":{\"@type\":\"PropertyValueSpecification\",\"valueRequired\":true,\"valueName\":\"search_term_string\"}}],\"inLanguage\":\"de\"},{\"@type\":\"Organization\",\"@id\":\"https:\\\/\\\/www.coatresa.com\\\/de\\\/#organization\",\"name\":\"Coatresa\",\"url\":\"https:\\\/\\\/www.coatresa.com\\\/de\\\/\",\"logo\":{\"@type\":\"ImageObject\",\"inLanguage\":\"de\",\"@id\":\"https:\\\/\\\/www.coatresa.com\\\/de\\\/#\\\/schema\\\/logo\\\/image\\\/\",\"url\":\"https:\\\/\\\/www.coatresa.com\\\/wp-content\\\/uploads\\\/2022\\\/07\\\/A_blava_mitja_transp.png\",\"contentUrl\":\"https:\\\/\\\/www.coatresa.com\\\/wp-content\\\/uploads\\\/2022\\\/07\\\/A_blava_mitja_transp.png\",\"width\":340,\"height\":326,\"caption\":\"Coatresa\"},\"image\":{\"@id\":\"https:\\\/\\\/www.coatresa.com\\\/de\\\/#\\\/schema\\\/logo\\\/image\\\/\"},\"sameAs\":[\"https:\\\/\\\/www.facebook.com\\\/Coatresa\\\/\",\"https:\\\/\\\/x.com\\\/Coatresa\",\"https:\\\/\\\/www.linkedin.com\\\/company\\\/coatresa\\\/\",\"https:\\\/\\\/www.youtube.com\\\/user\\\/CoatresaCoatings\"]}]}<\/script>\n<!-- \/ Yoast SEO plugin. -->","yoast_head_json":{"title":"Greblon Beschichtung - Coatresa","description":"Greblon-Beschichtungen von Weilburger\u00a0: PTFE und keramische Beschichtungen. Fluorpolymeren, Silikonpolyester und Sol-Gel-Technologie.","robots":{"index":"index","follow":"follow","max-snippet":"max-snippet:-1","max-image-preview":"max-image-preview:large","max-video-preview":"max-video-preview:-1"},"canonical":"https:\/\/www.coatresa.com\/de\/weilburger-greblon-beschichtung\/","og_locale":"de_DE","og_type":"article","og_title":"Greblon Beschichtung - Coatresa","og_description":"Greblon-Beschichtungen von Weilburger\u00a0: PTFE und keramische Beschichtungen. Fluorpolymeren, Silikonpolyester und Sol-Gel-Technologie.","og_url":"https:\/\/www.coatresa.com\/de\/weilburger-greblon-beschichtung\/","og_site_name":"Coatresa","article_publisher":"https:\/\/www.facebook.com\/Coatresa\/","article_modified_time":"2019-05-08T07:12:45+00:00","og_image":[{"width":197,"height":197,"url":"https:\/\/www.coatresa.com\/wp-content\/uploads\/2018\/07\/recubrimientos-weilburger-greblon.png","type":"image\/png"}],"twitter_card":"summary_large_image","twitter_site":"@Coatresa","twitter_misc":{"Gesch\u00e4tzte Lesezeit":"2\u00a0Minuten"},"schema":{"@context":"https:\/\/schema.org","@graph":[{"@type":"WebPage","@id":"https:\/\/www.coatresa.com\/de\/weilburger-greblon-beschichtung\/","url":"https:\/\/www.coatresa.com\/de\/weilburger-greblon-beschichtung\/","name":"Greblon Beschichtung - Coatresa","isPartOf":{"@id":"https:\/\/www.coatresa.com\/de\/#website"},"primaryImageOfPage":{"@id":"https:\/\/www.coatresa.com\/de\/weilburger-greblon-beschichtung\/#primaryimage"},"image":{"@id":"https:\/\/www.coatresa.com\/de\/weilburger-greblon-beschichtung\/#primaryimage"},"thumbnailUrl":"https:\/\/www.coatresa.com\/wp-content\/uploads\/2018\/07\/recubrimientos-weilburger-greblon.png","datePublished":"2018-07-17T11:41:18+00:00","dateModified":"2019-05-08T07:12:45+00:00","description":"Greblon-Beschichtungen von Weilburger\u00a0: PTFE und keramische Beschichtungen. Fluorpolymeren, Silikonpolyester und Sol-Gel-Technologie.","breadcrumb":{"@id":"https:\/\/www.coatresa.com\/de\/weilburger-greblon-beschichtung\/#breadcrumb"},"inLanguage":"de","potentialAction":[{"@type":"ReadAction","target":["https:\/\/www.coatresa.com\/de\/weilburger-greblon-beschichtung\/"]}]},{"@type":"ImageObject","inLanguage":"de","@id":"https:\/\/www.coatresa.com\/de\/weilburger-greblon-beschichtung\/#primaryimage","url":"https:\/\/www.coatresa.com\/wp-content\/uploads\/2018\/07\/recubrimientos-weilburger-greblon.png","contentUrl":"https:\/\/www.coatresa.com\/wp-content\/uploads\/2018\/07\/recubrimientos-weilburger-greblon.png","width":197,"height":197,"caption":"recubrimientos Weilburger Greblon"},{"@type":"BreadcrumbList","@id":"https:\/\/www.coatresa.com\/de\/weilburger-greblon-beschichtung\/#breadcrumb","itemListElement":[{"@type":"ListItem","position":1,"name":"Portada","item":"https:\/\/www.coatresa.com\/de\/"},{"@type":"ListItem","position":2,"name":"Greblon Beschichtung"}]},{"@type":"WebSite","@id":"https:\/\/www.coatresa.com\/de\/#website","url":"https:\/\/www.coatresa.com\/de\/","name":"Coatresa","description":"Aplicaci\u00f3n de recubrimientos antiadherentes y anticorrosivos como el Teflon. Expertos del Powder Coating","publisher":{"@id":"https:\/\/www.coatresa.com\/de\/#organization"},"potentialAction":[{"@type":"SearchAction","target":{"@type":"EntryPoint","urlTemplate":"https:\/\/www.coatresa.com\/de\/?s={search_term_string}"},"query-input":{"@type":"PropertyValueSpecification","valueRequired":true,"valueName":"search_term_string"}}],"inLanguage":"de"},{"@type":"Organization","@id":"https:\/\/www.coatresa.com\/de\/#organization","name":"Coatresa","url":"https:\/\/www.coatresa.com\/de\/","logo":{"@type":"ImageObject","inLanguage":"de","@id":"https:\/\/www.coatresa.com\/de\/#\/schema\/logo\/image\/","url":"https:\/\/www.coatresa.com\/wp-content\/uploads\/2022\/07\/A_blava_mitja_transp.png","contentUrl":"https:\/\/www.coatresa.com\/wp-content\/uploads\/2022\/07\/A_blava_mitja_transp.png","width":340,"height":326,"caption":"Coatresa"},"image":{"@id":"https:\/\/www.coatresa.com\/de\/#\/schema\/logo\/image\/"},"sameAs":["https:\/\/www.facebook.com\/Coatresa\/","https:\/\/x.com\/Coatresa","https:\/\/www.linkedin.com\/company\/coatresa\/","https:\/\/www.youtube.com\/user\/CoatresaCoatings"]}]}},"_links":{"self":[{"href":"https:\/\/www.coatresa.com\/de\/wp-json\/wp\/v2\/pages\/10623","targetHints":{"allow":["GET"]}}],"collection":[{"href":"https:\/\/www.coatresa.com\/de\/wp-json\/wp\/v2\/pages"}],"about":[{"href":"https:\/\/www.coatresa.com\/de\/wp-json\/wp\/v2\/types\/page"}],"author":[{"embeddable":true,"href":"https:\/\/www.coatresa.com\/de\/wp-json\/wp\/v2\/users\/1"}],"replies":[{"embeddable":true,"href":"https:\/\/www.coatresa.com\/de\/wp-json\/wp\/v2\/comments?post=10623"}],"version-history":[{"count":0,"href":"https:\/\/www.coatresa.com\/de\/wp-json\/wp\/v2\/pages\/10623\/revisions"}],"wp:featuredmedia":[{"embeddable":true,"href":"https:\/\/www.coatresa.com\/de\/wp-json\/wp\/v2\/media\/8038"}],"wp:attachment":[{"href":"https:\/\/www.coatresa.com\/de\/wp-json\/wp\/v2\/media?parent=10623"}],"curies":[{"name":"wp","href":"https:\/\/api.w.org\/{rel}","templated":true}]}}