{"id":12055,"date":"2018-05-18T11:35:27","date_gmt":"2018-05-18T09:35:27","guid":{"rendered":"http:\/\/coatresa.com\/informativa-sulla-privacy\/"},"modified":"2023-04-19T09:08:52","modified_gmt":"2023-04-19T07:08:52","slug":"datenschutzerklaerung","status":"publish","type":"page","link":"https:\/\/www.coatresa.com\/de\/datenschutzerklaerung\/","title":{"rendered":"Datenschutzerkl\u00e4rung"},"content":{"rendered":"<div id=\"pl-12055\"  class=\"panel-layout\" ><div id=\"pg-12055-0\"  class=\"panel-grid panel-has-style\" ><div style=\"padding: 0px 0; \" data-overlay=\"true\" data-overlay-color=\"#000000\" class=\"panel-row-style panel-row-style-for-12055-0\" ><div id=\"pgc-12055-0-0\"  class=\"panel-grid-cell\" ><div id=\"panel-12055-0-0-0\" class=\"so-panel widget_sow-editor panel-first-child panel-last-child\" data-index=\"0\" ><div style=\"text-align: left;\" data-title-color=\"#47425d\" data-headings-color=\"#443f3f\" data-title_alignment=\"center\" class=\"panel-widget-style panel-widget-style-for-12055-0-0-0\" ><div\n\t\t\t\n\t\t\tclass=\"so-widget-sow-editor so-widget-sow-editor-base\"\n\t\t\t\n\t\t>\n<div class=\"siteorigin-widget-tinymce textwidget\">\n\t<h1 style=\"text-align: center;\"><strong>Datenschutz-Bestimmungen<\/strong><\/h1>\n<p><strong>EINF\u00dcHRUNG<\/strong><br \/>\nIhre Privatsph\u00e4re ist uns wichtig, daher erkl\u00e4ren wir in diesem Dokument, welche Daten wir von Benutzern sammeln, wie wir sie verwenden und wof\u00fcr, unter anderem.<br \/>\nZu Ihrer Information: Wir werden niemals mehr Informationen anfordern, als wir f\u00fcr die erforderlichen Dienstleistungen wirklich ben\u00f6tigen; wir werden sie niemals an Dritte weitergeben, au\u00dfer aufgrund einer gesetzlichen Verpflichtung oder mit Ihrer vorherigen Genehmigung; und wir werden Ihre Daten niemals f\u00fcr andere Zwecke verwenden, die nicht zuvor angegeben wurden.<br \/>\nAls Benutzer sollten Sie diese Datenschutzrichtlinie regelm\u00e4\u00dfig und bei jeder Eingabe Ihrer pers\u00f6nlichen Daten sorgf\u00e4ltig lesen, da dieses Dokument ge\u00e4ndert werden kann, da der Kreditgeber jede Art von Informationen, die im Internet erscheinen, \u00e4ndern kann, um den Vorschriften zu entsprechen. oder die Richtlinie aktualisieren, und ohne dass eine Verpflichtung besteht, die Benutzer auf diese Pflichten hinzuweisen oder zu informieren, reicht die Ver\u00f6ffentlichung auf der Website des Anbieters aus.<\/p>\n<p><strong>UNTERNEHMEN, F\u00dcR DIE DIESE DATENSCHUTZERKL\u00c4RUNG GILT<\/strong><br \/>\n<strong>COATRESA, S.L.U.<\/strong> mit NIF B61370714, Adresse C\/ Empord\u00e0 3-5, 08130, Santa Perp\u00e8tua de la Mogoda, Barcelona und Registerdaten des Barcelona Mercantile Registry, in Volume 29855, Folio 84, Page B-163157, Inscription 1.<br \/>\n<strong>ANTRESA INTL, S.L.U.<\/strong> mit NIF B65748709, Adresse C\/ Empord\u00e0 3-5, 08130, Santa Perp\u00e8tua de la Mogoda, Barcelona und Registerdaten des Barcelona Mercantile Registry, in Volume 43093, Folio 1, Seite 421466, Inscription 1.<br \/>\n<strong>RETANSA COAT, S.L.<\/strong> mit CIF B01041789, Adresse C\/ Empord\u00e0 3-5, 08130, Santa Perp\u00e8tua de la Mogoda, Barcelona und Registrierungsdaten des Handelsregisters von \u00c1lava, in Band 1003, Folio 133, Blatt VI-3073, Eintrag 1.<br \/>\nAb sofort <strong>\"COATRESA GRUPPE\".<\/strong><br \/>\nE-Mail: <strong>info@coatresa.com<\/strong><\/p>\n<p><strong>COATRESA GROUP<\/strong> als Verantwortlicher f\u00fcr die Website gem\u00e4\u00df den Bestimmungen der Verordnung (EU) 2016\/679 vom 27. April 2016 (RGPD) zum Schutz nat\u00fcrlicher Personen bei der Verarbeitung personenbezogener Daten und deren freien Verkehr Daten und andere geltende Vorschriften zum Schutz personenbezogener Daten und durch das Gesetz 34\/2002 vom 11. Juli \u00fcber Dienste der Informationsgesellschaft und des elektronischen Gesch\u00e4ftsverkehrs (LSSICE) informiert Sie, dass die erforderlichen Sicherheitsma\u00dfnahmen implementiert wurden, von einer technischen und organisatorischer Natur, um die Vertraulichkeit, Integrit\u00e4t und Verf\u00fcgbarkeit der eingegebenen Daten zu gew\u00e4hrleisten und zu sch\u00fctzen.<\/p>\n<p><strong>METHODE ZUM ERHALT DER DATEN UND DATEN, DIE WIR SAMMELN:<\/strong> Die Daten, die wir sammeln und wie wir sie erhalten, sind wie folgt:<br \/>\n<strong>1. Kontaktformular:<\/strong><br \/>\n\u25e6 Erforderliche Daten: Name, E-Mail, Alter, Telefon,<br \/>\n\u25e6 Zweck: Beantwortung von Anfragen und\/oder Bereitstellung von Informationen, die der Benutzer ben\u00f6tigt<br \/>\n\u25e6 Legitimation: Zustimmung des Benutzers<\/p>\n<p><strong>2. Durchf\u00fchrung des Vertragsverh\u00e4ltnisses und \u00e4hnlicher Verwaltungs-, Steuer- und Buchhaltungsverfahren, die nach geltendem Recht erforderlich sind<\/strong><br \/>\n\u25e6 Erforderliche Daten: Vor- und Nachname, Telefon, Adresse, ID, E-Mail, Unterschrift<br \/>\n\u25e6 Zweck: Durchf\u00fchrung der internen steuerlichen und administrativen kaufm\u00e4nnischen Verwaltung<br \/>\n\u25e6 Legitimation: Einwilligung des Interessenten und Vertragsverh\u00e4ltnis<\/p>\n<p><strong>3. WhatsApp:<\/strong> Die Verwendung wird im Abschnitt \u201eWhatsApp\u201c dieser Richtlinie beschrieben.<br \/>\nDie Verantwortlichen, die Teil von <strong>GRUPO COATRESA<\/strong> sind, k\u00f6nnen die \u00dcbermittlung personenbezogener Daten f\u00fcr interne Verwaltungszwecke zwischen ihnen im berechtigten Interesse gem\u00e4\u00df den Bestimmungen in Erw\u00e4gungsgrund 48 der DSGVO unterst\u00fctzen.<br \/>\nIhre Einwilligung k\u00f6nnen Sie jederzeit per Brief mit dem Betreff \u201eAbmelden\u201c in der gelesenen E-Mail widerrufen.<\/p>\n<p>In \u00dcbereinstimmung mit dem LSSICE f\u00fchrt GRUPO COATRESA keine SPAM-Praktiken durch und versendet daher keine kommerziellen E-Mails, die nicht zuvor vom Benutzer angefordert oder autorisiert wurden. Folglich hat der Nutzer in allen Mitteilungen, die Sie vom Anbieter erhalten, die M\u00f6glichkeit, seine ausdr\u00fcckliche Zustimmung zum Erhalt unserer Mitteilungen zu widerrufen.<br \/>\nWir werden Ihre personenbezogenen Daten nicht f\u00fcr andere Zwecke als die beschriebenen verarbeiten, au\u00dfer aufgrund einer gesetzlichen Verpflichtung oder einer gerichtlichen Anordnung.<br \/>\nSie werden keinen Entscheidungen unterworfen, die auf einer automatisierten Verarbeitung beruhen und Auswirkungen auf Ihre Daten haben.<\/p>\n<p><strong>DAUER DER DATENAUFBEWAHRUNG:<\/strong><br \/>\nIhre Daten werden f\u00fcr die Dauer der Gesch\u00e4ftsbeziehung mit uns aufbewahrt oder Sie \u00fcben Ihr Widerrufs- oder Widerspruchsrecht oder die Einschr\u00e4nkung der Behandlung aus. Wir werden Ihre Daten jedoch im Rahmen der gesetzlich festgelegten Fristen in den geltenden Bestimmungen aufbewahren.<\/p>\n<p><strong>EMPF\u00c4NGER VON AUFTR\u00c4GEN ODER \u00dcBERTRAGUNGEN:<\/strong><br \/>\n<strong>GRUPO COATRESA<\/strong> kann bestimmte Dienstleistungen in Auftrag geben, deren Erbringung von Drittunternehmen (Auftragsverarbeitern) durchgef\u00fchrt wird, denen Ihre Daten mitgeteilt werden. Mit all diesen Unternehmen wird der entsprechende Behandlungsmanagervertrag abgeschlossen, um zu gew\u00e4hrleisten, dass die Nutzung der personenbezogenen Daten, zu denen wir ihnen f\u00fcr die Erbringung der Dienstleistung Zugang gew\u00e4hren, in \u00dcbereinstimmung mit den geltenden Datenschutzgesetzen erfolgt.<\/p>\n<p>Ihre Daten k\u00f6nnen zwischen den Unternehmen der <strong>GRUPO COATRESA<\/strong> und den Sicherheitskr\u00e4ften und -organen auf gerichtliche Anordnung oder aufgrund einer gesetzlichen Verpflichtung \u00fcbertragen werden, unbeschadet der M\u00f6glichkeit, Ihr Konto zu sperren oder zu l\u00f6schen, wenn es Hinweise auf die Beauftragung eines solchen gibt Verbrechen des Benutzers. Die bereitgestellten Informationen sind nur diejenigen, die dem Anbieter zu diesem Zeitpunkt zur Verf\u00fcgung stehen.<br \/>\nDie Informationen, die Sie uns \u00fcber diese Website zur Verf\u00fcgung stellen, werden auf den Servern von COATRESA, S.L.U. gespeichert, die mit dem Unternehmen, das den Webhosting-Service anbietet, unter Vertrag stehen. Die Verarbeitung der Daten des Unternehmens wird durch einen Auftragsverarbeitungsvertrag zwischen dem Anbieter und diesem Unternehmen geregelt.<br \/>\nEbenso verwendet der Anbieter bestimmte Tools, um Dienste bereitzustellen, die f\u00fcr die Entwicklung der Aktivit\u00e4t erforderlich sind, und kann Ihre Daten speichern. Diese Werkzeuge sind die folgenden:<br \/>\n<strong>Mailing-Plattformen:<\/strong><br \/>\n\u2022 Mailchimp: The Rocket Science Group, LLC, 675 Ponce de Leon Ave NE, Suite 5000, Atlanta, GA 30308 USA.<br \/>\n\u2022 ZOHO: Datenschutzbeauftragter, Zoho Corporation BV, Beneluxlaan 4B, 3527 HT Utrecht, Niederlande.<\/p>\n<p><strong>RECHTE DER INTERESSIERTEN PERSONEN:<\/strong><br \/>\nAls interessierter Benutzer k\u00f6nnen Sie die Aus\u00fcbung der folgenden Rechte gegen\u00fcber GRUPO COATRESA beantragen, indem Sie einen Brief an die in der Kopfzeile angegebene Postanschrift oder eine E-Mail an info@coatresa.com senden und als Betreff angeben: \u201eDATENSCHUTZ: RECHTE VON DIE BETROFFENEN\u201c.<\/p>\n<p><strong>Rechte:<\/strong><br \/>\n\u2022 Zugangsrecht: erm\u00f6glicht es dem Interessenten, Informationen \u00fcber seine zur Behandlung \u00fcbermittelten personenbezogenen Daten zu erhalten und zu erfahren.<br \/>\n\u2022 Recht auf Berichtigung oder L\u00f6schung: Erm\u00f6glicht die Berichtigung von Fehlern und die \u00c4nderung von Daten, die sich als ungenau oder unvollst\u00e4ndig herausstellen.<br \/>\n\u2022 Widerrufsrecht: Erm\u00f6glicht die L\u00f6schung unzureichender oder \u00fcberm\u00e4\u00dfiger Daten<br \/>\n\u2022 Widerspruchsrecht: Recht der interessierten Partei, die Verarbeitung ihrer personenbezogenen Daten nicht durchzuf\u00fchren oder einzustellen.<br \/>\n\u2022 Einschr\u00e4nkung der Behandlung: Beinhaltet die Markierung der gespeicherten personenbezogenen Daten, um ihre k\u00fcnftige Behandlung f\u00fcr die Geltendmachung oder Verteidigung von Anspr\u00fcchen einzuschr\u00e4nken.<br \/>\n\u2022 Daten\u00fcbertragbarkeit: Bereitstellung der zu verarbeitenden Daten an die interessierte Partei, damit diese sie ungehindert an einen anderen Verantwortlichen \u00fcbermitteln kann.<br \/>\n\u2022 Recht, keinen automatisierten Einzelentscheidungen unterworfen zu werden (einschlie\u00dflich Profiling): Recht, nicht einer auf einer automatisierten Verarbeitung beruhenden Entscheidung unterworfen zu werden, die Auswirkungen hat oder erhebliche Auswirkungen hat<\/p>\n<p>Als Nutzer haben Sie das Recht, eine erteilte Einwilligung jederzeit zu widerrufen. Der Widerruf der Einwilligung ber\u00fchrt nicht die Rechtm\u00e4\u00dfigkeit der vor dem Widerruf der Einwilligung durchgef\u00fchrten Behandlung.<br \/>\nSie haben auch das Recht, eine Beschwerde bei der Kontrollbeh\u00f6rde einzureichen, wenn Sie der Meinung sind, dass Ihre Rechte in Bezug auf den Schutz Ihrer Daten (aepd.es) verletzt wurden.<\/p>\n<p><strong>WEITERE INFORMATIONEN<\/strong><br \/>\n<strong>SICHERHEITSMASSNAHMEN:<\/strong><br \/>\nDie Daten, die Sie uns zur Verf\u00fcgung stellen, werden vertraulich behandelt. Der Anbieter hat alle technischen und organisatorischen Ma\u00dfnahmen und alle Schutzniveaus getroffen, die erforderlich sind, um die Sicherheit bei der Behandlung der Daten zu gew\u00e4hrleisten und deren Ver\u00e4nderung, Verlust, Diebstahl, Behandlung oder unbefugten Zugriff nach dem Stand der Technik zu vermeiden und Art der gespeicherten Daten. Ebenso wird auch garantiert, dass die Behandlung und Registrierung in Dateien, Programmen, Systemen oder Ger\u00e4ten, R\u00e4umlichkeiten und Zentren den Anforderungen und Bedingungen der Integrit\u00e4t und Sicherheit entsprechen, die in den geltenden Vorschriften festgelegt sind.<\/p>\n<p><strong>SPRACHE<\/strong><br \/>\nDie f\u00fcr diese Datenschutzrichtlinie geltende Sprache ist Spanisch. Im Falle von Widerspr\u00fcchen in einer der in anderen Sprachen bereitgestellten Versionen hat daher die spanische Version Vorrang.<\/p>\n<p><strong>SOZIALE NETZWERKE<\/strong><\/p>\n<p>Wir informieren Sie, dass GRUPO COATRESA in sozialen Netzwerken pr\u00e4sent sein kann. Die Behandlung der Daten von Personen, die Follower in den sozialen Netzwerken werden (und \/ oder eine Link- oder Verbindungsaktion \u00fcber die sozialen Netzwerke durchf\u00fchren) der offiziellen Seiten von GRUPO COATRESA wird durch diesen Abschnitt geregelt, as sowie f\u00fcr diejenigen Nutzungsbedingungen, Datenschutzrichtlinien und Zugangsregelungen, die zu dem jeweils zutreffenden sozialen Netzwerk geh\u00f6ren und zuvor vom Nutzer akzeptiert wurden.<\/p>\n<p><strong>GRUPO COATRESA<\/strong> verarbeitet Ihre Daten zum Zweck der korrekten Verwaltung Ihrer Pr\u00e4senz im sozialen Netzwerk, der Information \u00fcber die Aktivit\u00e4ten, Produkte oder Dienstleistungen des Anbieters sowie f\u00fcr alle anderen Zwecke, die die Bestimmungen der sozialen Netzwerke zulassen.<br \/>\nDie Ver\u00f6ffentlichung von Inhalten ist untersagt:<br \/>\n\u2022 die nach nationalen, gemeinschaftlichen oder internationalen Vorschriften angeblich illegal sind oder angeblich illegale Aktivit\u00e4ten durchf\u00fchren oder gegen die Grunds\u00e4tze von Treu und Glauben versto\u00dfen.<br \/>\n\u2022 die gegen die Grundrechte von Menschen versto\u00dfen, unh\u00f6flich im Netzwerk sind, unsere Benutzer oder Dritte st\u00f6ren oder negative Meinungen hervorrufen k\u00f6nnen, und im Allgemeinen alle Inhalte, die <strong>GRUPO COATRESA<\/strong> f\u00fcr unangemessen h\u00e4lt.<br \/>\n\u2022 Und im Allgemeinen, die gegen die Grunds\u00e4tze der Rechtm\u00e4\u00dfigkeit, Ehrlichkeit, Verantwortlichkeit, des Schutzes der Menschenw\u00fcrde, des Jugendschutzes, des Schutzes der \u00f6ffentlichen Ordnung, des Schutzes des Privatlebens, des Verbraucherschutzes und der Rechte des geistigen und gewerblichen Eigentums versto\u00dfen.<\/p>\n<p>Ebenso beh\u00e4lt sich <strong>GRUPO COATRESA<\/strong> das Recht vor, unangemessene Inhalte ohne vorherige Ank\u00fcndigung von der Website oder dem sozialen Netzwerk des Unternehmens zu entfernen.<br \/>\nWenn Sie personenbezogene Daten \u00fcber das soziale Netzwerk senden, ist GRUPO COATRESA in jedem Fall von der Haftung in Bezug auf die f\u00fcr diese Plattform geltenden Sicherheitsma\u00dfnahmen befreit, und der Benutzer sollte, falls er sie wissen m\u00f6chte, die entsprechenden Bedingungen konsultieren des betreffenden Netzes.<\/p>\n<p>Wenn Sie personenbezogene Daten \u00fcber das soziale Netzwerk senden, ist GRUPO COATRESA in jedem Fall von der Haftung in Bezug auf die f\u00fcr diese Plattform geltenden Sicherheitsma\u00dfnahmen befreit, und der Benutzer sollte, falls er sie wissen m\u00f6chte, die entsprechenden Bedingungen konsultieren des betreffenden Netzes.<\/p>\n<p><strong>WHATSAPP<\/strong><br \/>\nDie Behandlung der Daten durch Personen, die eine Anfrage \u00fcber WhatsApp von GRUPO COATRESA stellen, wird durch diesen Abschnitt sowie die Nutzungsbedingungen, Datenschutzrichtlinien und Zugangsregelungen geregelt, die zu der Anwendung geh\u00f6ren, die jeweils und zuvor gelten vom Benutzer akzeptiert. GRUPO COATRESA verarbeitet Ihre Daten, um Ihre Anfrage korrekt zu bearbeiten, sowie f\u00fcr alle anderen Zwecke der administrativen Verwaltung des Dienstes. Die Nutzung der WhatsApp von GRUPO COATRESA ist untersagt, f\u00fcr das Versenden von Inhalten, die f\u00fcr die Beantwortung der Anfrage nicht erforderlich sind und die gegen nationale oder internationale Vorschriften versto\u00dfen, die die Grundrechte von Menschen verletzen und im Allgemeinen gegen die Grunds\u00e4tze des Rechtm\u00e4\u00dfigkeit, Ehrlichkeit, Verantwortung, Schutz des Privatlebens, Verbraucherschutz und Rechte an geistigem und gewerblichem Eigentum.<\/p>\n<p><strong>\u00c4NDERUNGEN AN DIESER DATENSCHUTZERKL\u00c4RUNG<\/strong><br \/>\n<strong>GRUPO COATRESA<\/strong> beh\u00e4lt sich das Recht vor, diese Richtlinie zu \u00e4ndern, um sie an neue Gesetze oder Rechtsprechung anzupassen.<\/p>\n<p><strong>WIDERRUFSRECHT<\/strong><br \/>\nDie erteilte Zustimmung sowohl zur Behandlung als auch zur \u00dcbermittlung der Daten der interessierten Parteien kann jederzeit widerrufen werden, indem GRUPO COATRESA gem\u00e4\u00df den in dieser Richtlinie f\u00fcr die Aus\u00fcbung von Rechten festgelegten Bedingungen benachrichtigt wird. Dieser Widerruf erfolgt in keinem Fall r\u00fcckwirkend.<\/p>\n<p><strong>GESETZGEBUNG<\/strong><br \/>\nIm Allgemeinen unterliegen die Beziehungen zwischen GRUPO COATRESA und den Nutzern ihrer Telematikdienste, die auf dieser Website pr\u00e4sentiert werden, der spanischen Gesetzgebung und Gerichtsbarkeit, der sich die Parteien ausdr\u00fccklich unterwerfen und die f\u00fcr die L\u00f6sung aller abgeleiteten oder damit verbundenen Konflikte zust\u00e4ndig sind die Gerichte und Gerichtsh\u00f6fe von Barcelona.<\/p>\n<\/div>\n<\/div><\/div><\/div><\/div><\/div><\/div><\/div>","protected":false},"excerpt":{"rendered":"<p>Datenschutz-Bestimmungen EINF\u00dcHRUNG Ihre Privatsph\u00e4re ist uns wichtig, daher erkl\u00e4ren wir in diesem Dokument, welche Daten wir von Benutzern sammeln, wie wir sie [&hellip;]<\/p>\n","protected":false},"author":1,"featured_media":0,"parent":0,"menu_order":0,"comment_status":"closed","ping_status":"closed","template":"page-templates\/page_fullwidth.php","meta":{"footnotes":""},"class_list":["post-12055","page","type-page","status-publish","hentry"],"yoast_head":"<!-- This site is optimized with the Yoast SEO plugin v27.4 - https:\/\/yoast.com\/product\/yoast-seo-wordpress\/ -->\n<title>Datenschutzerkl\u00e4rung - Coatresa<\/title>\n<meta name=\"robots\" content=\"noindex, follow\" \/>\n<meta property=\"og:locale\" content=\"de_DE\" \/>\n<meta property=\"og:type\" content=\"article\" \/>\n<meta property=\"og:title\" content=\"Datenschutzerkl\u00e4rung - Coatresa\" \/>\n<meta property=\"og:description\" content=\"Datenschutz-Bestimmungen EINF\u00dcHRUNG Ihre Privatsph\u00e4re ist uns wichtig, daher erkl\u00e4ren wir in diesem Dokument, welche Daten wir von Benutzern sammeln, wie wir sie [&hellip;]\" \/>\n<meta property=\"og:url\" content=\"https:\/\/www.coatresa.com\/de\/datenschutzerklaerung\/\" \/>\n<meta property=\"og:site_name\" content=\"Coatresa\" \/>\n<meta property=\"article:publisher\" content=\"https:\/\/www.facebook.com\/Coatresa\/\" \/>\n<meta property=\"article:modified_time\" content=\"2023-04-19T07:08:52+00:00\" \/>\n<meta name=\"twitter:card\" content=\"summary_large_image\" \/>\n<meta name=\"twitter:site\" content=\"@Coatresa\" \/>\n<meta name=\"twitter:label1\" content=\"Gesch\u00e4tzte Lesezeit\" \/>\n\t<meta name=\"twitter:data1\" content=\"12\u00a0Minuten\" \/>\n<script type=\"application\/ld+json\" class=\"yoast-schema-graph\">{\"@context\":\"https:\\\/\\\/schema.org\",\"@graph\":[{\"@type\":\"WebPage\",\"@id\":\"https:\\\/\\\/www.coatresa.com\\\/de\\\/datenschutzerklaerung\\\/\",\"url\":\"https:\\\/\\\/www.coatresa.com\\\/de\\\/datenschutzerklaerung\\\/\",\"name\":\"Datenschutzerkl\u00e4rung - Coatresa\",\"isPartOf\":{\"@id\":\"https:\\\/\\\/www.coatresa.com\\\/de\\\/#website\"},\"datePublished\":\"2018-05-18T09:35:27+00:00\",\"dateModified\":\"2023-04-19T07:08:52+00:00\",\"breadcrumb\":{\"@id\":\"https:\\\/\\\/www.coatresa.com\\\/de\\\/datenschutzerklaerung\\\/#breadcrumb\"},\"inLanguage\":\"de\",\"potentialAction\":[{\"@type\":\"ReadAction\",\"target\":[\"https:\\\/\\\/www.coatresa.com\\\/de\\\/datenschutzerklaerung\\\/\"]}]},{\"@type\":\"BreadcrumbList\",\"@id\":\"https:\\\/\\\/www.coatresa.com\\\/de\\\/datenschutzerklaerung\\\/#breadcrumb\",\"itemListElement\":[{\"@type\":\"ListItem\",\"position\":1,\"name\":\"Portada\",\"item\":\"https:\\\/\\\/www.coatresa.com\\\/de\\\/\"},{\"@type\":\"ListItem\",\"position\":2,\"name\":\"Datenschutzerkl\u00e4rung\"}]},{\"@type\":\"WebSite\",\"@id\":\"https:\\\/\\\/www.coatresa.com\\\/de\\\/#website\",\"url\":\"https:\\\/\\\/www.coatresa.com\\\/de\\\/\",\"name\":\"Coatresa\",\"description\":\"Aplicaci\u00f3n de recubrimientos antiadherentes y anticorrosivos como el Teflon. Expertos del Powder Coating\",\"publisher\":{\"@id\":\"https:\\\/\\\/www.coatresa.com\\\/de\\\/#organization\"},\"potentialAction\":[{\"@type\":\"SearchAction\",\"target\":{\"@type\":\"EntryPoint\",\"urlTemplate\":\"https:\\\/\\\/www.coatresa.com\\\/de\\\/?s={search_term_string}\"},\"query-input\":{\"@type\":\"PropertyValueSpecification\",\"valueRequired\":true,\"valueName\":\"search_term_string\"}}],\"inLanguage\":\"de\"},{\"@type\":\"Organization\",\"@id\":\"https:\\\/\\\/www.coatresa.com\\\/de\\\/#organization\",\"name\":\"Coatresa\",\"url\":\"https:\\\/\\\/www.coatresa.com\\\/de\\\/\",\"logo\":{\"@type\":\"ImageObject\",\"inLanguage\":\"de\",\"@id\":\"https:\\\/\\\/www.coatresa.com\\\/de\\\/#\\\/schema\\\/logo\\\/image\\\/\",\"url\":\"https:\\\/\\\/www.coatresa.com\\\/wp-content\\\/uploads\\\/2022\\\/07\\\/A_blava_mitja_transp.png\",\"contentUrl\":\"https:\\\/\\\/www.coatresa.com\\\/wp-content\\\/uploads\\\/2022\\\/07\\\/A_blava_mitja_transp.png\",\"width\":340,\"height\":326,\"caption\":\"Coatresa\"},\"image\":{\"@id\":\"https:\\\/\\\/www.coatresa.com\\\/de\\\/#\\\/schema\\\/logo\\\/image\\\/\"},\"sameAs\":[\"https:\\\/\\\/www.facebook.com\\\/Coatresa\\\/\",\"https:\\\/\\\/x.com\\\/Coatresa\",\"https:\\\/\\\/www.linkedin.com\\\/company\\\/coatresa\\\/\",\"https:\\\/\\\/www.youtube.com\\\/user\\\/CoatresaCoatings\"]}]}<\/script>\n<!-- \/ Yoast SEO plugin. -->","yoast_head_json":{"title":"Datenschutzerkl\u00e4rung - Coatresa","robots":{"index":"noindex","follow":"follow"},"og_locale":"de_DE","og_type":"article","og_title":"Datenschutzerkl\u00e4rung - Coatresa","og_description":"Datenschutz-Bestimmungen EINF\u00dcHRUNG Ihre Privatsph\u00e4re ist uns wichtig, daher erkl\u00e4ren wir in diesem Dokument, welche Daten wir von Benutzern sammeln, wie wir sie [&hellip;]","og_url":"https:\/\/www.coatresa.com\/de\/datenschutzerklaerung\/","og_site_name":"Coatresa","article_publisher":"https:\/\/www.facebook.com\/Coatresa\/","article_modified_time":"2023-04-19T07:08:52+00:00","twitter_card":"summary_large_image","twitter_site":"@Coatresa","twitter_misc":{"Gesch\u00e4tzte Lesezeit":"12\u00a0Minuten"},"schema":{"@context":"https:\/\/schema.org","@graph":[{"@type":"WebPage","@id":"https:\/\/www.coatresa.com\/de\/datenschutzerklaerung\/","url":"https:\/\/www.coatresa.com\/de\/datenschutzerklaerung\/","name":"Datenschutzerkl\u00e4rung - Coatresa","isPartOf":{"@id":"https:\/\/www.coatresa.com\/de\/#website"},"datePublished":"2018-05-18T09:35:27+00:00","dateModified":"2023-04-19T07:08:52+00:00","breadcrumb":{"@id":"https:\/\/www.coatresa.com\/de\/datenschutzerklaerung\/#breadcrumb"},"inLanguage":"de","potentialAction":[{"@type":"ReadAction","target":["https:\/\/www.coatresa.com\/de\/datenschutzerklaerung\/"]}]},{"@type":"BreadcrumbList","@id":"https:\/\/www.coatresa.com\/de\/datenschutzerklaerung\/#breadcrumb","itemListElement":[{"@type":"ListItem","position":1,"name":"Portada","item":"https:\/\/www.coatresa.com\/de\/"},{"@type":"ListItem","position":2,"name":"Datenschutzerkl\u00e4rung"}]},{"@type":"WebSite","@id":"https:\/\/www.coatresa.com\/de\/#website","url":"https:\/\/www.coatresa.com\/de\/","name":"Coatresa","description":"Aplicaci\u00f3n de recubrimientos antiadherentes y anticorrosivos como el Teflon. Expertos del Powder Coating","publisher":{"@id":"https:\/\/www.coatresa.com\/de\/#organization"},"potentialAction":[{"@type":"SearchAction","target":{"@type":"EntryPoint","urlTemplate":"https:\/\/www.coatresa.com\/de\/?s={search_term_string}"},"query-input":{"@type":"PropertyValueSpecification","valueRequired":true,"valueName":"search_term_string"}}],"inLanguage":"de"},{"@type":"Organization","@id":"https:\/\/www.coatresa.com\/de\/#organization","name":"Coatresa","url":"https:\/\/www.coatresa.com\/de\/","logo":{"@type":"ImageObject","inLanguage":"de","@id":"https:\/\/www.coatresa.com\/de\/#\/schema\/logo\/image\/","url":"https:\/\/www.coatresa.com\/wp-content\/uploads\/2022\/07\/A_blava_mitja_transp.png","contentUrl":"https:\/\/www.coatresa.com\/wp-content\/uploads\/2022\/07\/A_blava_mitja_transp.png","width":340,"height":326,"caption":"Coatresa"},"image":{"@id":"https:\/\/www.coatresa.com\/de\/#\/schema\/logo\/image\/"},"sameAs":["https:\/\/www.facebook.com\/Coatresa\/","https:\/\/x.com\/Coatresa","https:\/\/www.linkedin.com\/company\/coatresa\/","https:\/\/www.youtube.com\/user\/CoatresaCoatings"]}]}},"_links":{"self":[{"href":"https:\/\/www.coatresa.com\/de\/wp-json\/wp\/v2\/pages\/12055","targetHints":{"allow":["GET"]}}],"collection":[{"href":"https:\/\/www.coatresa.com\/de\/wp-json\/wp\/v2\/pages"}],"about":[{"href":"https:\/\/www.coatresa.com\/de\/wp-json\/wp\/v2\/types\/page"}],"author":[{"embeddable":true,"href":"https:\/\/www.coatresa.com\/de\/wp-json\/wp\/v2\/users\/1"}],"replies":[{"embeddable":true,"href":"https:\/\/www.coatresa.com\/de\/wp-json\/wp\/v2\/comments?post=12055"}],"version-history":[{"count":0,"href":"https:\/\/www.coatresa.com\/de\/wp-json\/wp\/v2\/pages\/12055\/revisions"}],"wp:attachment":[{"href":"https:\/\/www.coatresa.com\/de\/wp-json\/wp\/v2\/media?parent=12055"}],"curies":[{"name":"wp","href":"https:\/\/api.w.org\/{rel}","templated":true}]}}