{"id":12061,"date":"2018-05-18T10:58:09","date_gmt":"2018-05-18T08:58:09","guid":{"rendered":"http:\/\/coatresa.com\/aviso-legal\/"},"modified":"2023-04-19T09:17:00","modified_gmt":"2023-04-19T07:17:00","slug":"rechtlicher-hinweis","status":"publish","type":"page","link":"https:\/\/www.coatresa.com\/de\/rechtlicher-hinweis\/","title":{"rendered":"Rechtlicher Hinweis"},"content":{"rendered":"<div id=\"pl-12061\"  class=\"panel-layout\" ><div id=\"pg-12061-0\"  class=\"panel-grid panel-has-style\" ><div style=\"padding: 0px 0; \" data-overlay=\"true\" data-overlay-color=\"#000000\" class=\"panel-row-style panel-row-style-for-12061-0\" ><div id=\"pgc-12061-0-0\"  class=\"panel-grid-cell\" ><div id=\"panel-12061-0-0-0\" class=\"so-panel widget_sow-editor panel-first-child panel-last-child\" data-index=\"0\" ><div style=\"text-align: left;\" data-title-color=\"#47425d\" data-headings-color=\"#443f3f\" data-title_alignment=\"center\" class=\"panel-widget-style panel-widget-style-for-12061-0-0-0\" ><div\n\t\t\t\n\t\t\tclass=\"so-widget-sow-editor so-widget-sow-editor-base\"\n\t\t\t\n\t\t>\n<div class=\"siteorigin-widget-tinymce textwidget\">\n\t<h1 style=\"text-align: center;\">Rechtlicher Hinweis<\/h1>\n<p>Gem\u00e4\u00df Artikel 10 des Gesetzes 34\/2002 \u00fcber Dienste der Informationsgesellschaft und des elektronischen Gesch\u00e4ftsverkehrs teilen wir den Benutzern unsere Daten mit:<\/p>\n<p>Firmenname: <strong>COATRESA, S.L.U.<\/strong> mit CIF B61370714 und Registrierungsdaten Eingetragen im Handelsregister von Barcelona, \u200b\u200b\u200b\u200bin Band 29855, Blatt 84, Seite B-163157, Eintragung 1, <strong>ANTRESA INTL, S.L.U.<\/strong> mit <strong>CIF B65748709<\/strong> und Registrierungsdaten Eingetragen im Handelsregister von Barcelona, \u200b\u200b\u200b\u200bin Band 43093, Blatt 1, Seite 421466, Eintragung 1 und <strong>RETANSA COAT, S.L.<\/strong> mit CIF <strong>B01041789<\/strong> und Registerdaten Eingetragen im Handelsregister von \u00c1lava, in Band 1003, Folio 133, Blatt VI-3073, Eintrag 1 von nun an <strong>\u201eGRUPO COATRESA\u201c.<\/strong><br \/>\nAdresse:<strong> C\/ Empord\u00e0 3-5, 08130, Santa Perp\u00e8tua de la Mogoda, Barcelona<\/strong><br \/>\nTelefon: <strong>937 189 402<\/strong><br \/>\nE-Mail:<strong> info@coatresa.com<\/strong><br \/>\nInternet: <strong>www.coatresa.com<\/strong><\/p>\n<p><strong>1. OBJEKT<\/strong><br \/>\n<strong>GRUPO COATRESA<\/strong> (von nun an auch der Anbieter) als Verantwortlicher f\u00fcr die Website stellt den Benutzern dieses Dokument zur Verf\u00fcgung, das die Nutzung der Website www.coatresa.com regelt, mit der wir beabsichtigen, die durch das Gesetz 34 festgelegten Verpflichtungen einzuhalten \/2002 \u00fcber Dienste der Informationsgesellschaft und des elektronischen Gesch\u00e4ftsverkehrs (LSSICE oder LSSI) sowie die Information aller Benutzer der Website \u00fcber die Nutzungsbedingungen der Website.<br \/>\n\u00dcber das Web bietet <strong>GRUPO COATRESA<\/strong> Benutzern Zugang und Nutzung verschiedener Dienste und Inhalte, die \u00fcber das Web verf\u00fcgbar gemacht werden.<br \/>\nJede Person, die auf diese Website zugreift, \u00fcbernimmt die Rolle des Benutzers (im Folgenden der Benutzer) und impliziert die vollst\u00e4ndige und vorbehaltlose Annahme aller in diesem rechtlichen Hinweis enthaltenen Bestimmungen sowie aller anderen anwendbaren gesetzlichen Bestimmungen.<br \/>\nAls Benutzer m\u00fcssen sie diesen rechtlichen Hinweis bei jeder Gelegenheit, in der sie das Internet betreten, sorgf\u00e4ltig lesen, da er ge\u00e4ndert werden kann, da sich der Anbieter das Recht vorbeh\u00e4lt, jede Art von Informationen, die im Internet erscheinen, zu \u00e4ndern, ohne dass eine Verpflichtung zur Benachrichtigung besteht oder Nutzer auf solche Pflichten hinzuweisen, wobei die Ver\u00f6ffentlichung auf der Website des Anbieters ausreicht.<\/p>\n<p><strong>2. BEDINGUNGEN F\u00dcR ZUGANG UND NUTZUNG DER WEB<\/strong><br \/>\n<strong>2.1. Freie Art des Zugangs und der Nutzung des Internets.<\/strong><br \/>\nDie Bereitstellung von Dienstleistungen durch GRUPO COATRESA ist f\u00fcr alle Benutzer kostenlos.<\/p>\n<p><strong>2.2. Benutzer registrieren.<\/strong><br \/>\nIm Allgemeinen erfordert die Bereitstellung der Dienste keine vorherige Anmeldung oder Registrierung von Benutzern.<\/p>\n<p><strong>2.3. Wahrhaftigkeit der Informationen.<\/strong><br \/>\nAlle Angaben des Nutzers m\u00fcssen wahrheitsgem\u00e4\u00df sein. F\u00fcr diese Zwecke garantiert der Benutzer die Authentizit\u00e4t der \u00fcber die Formulare \u00fcbermittelten Daten. Es liegt in der Verantwortung des Benutzers, alle Informationen, die GRUPO COATRESA zur Verf\u00fcgung gestellt werden, st\u00e4ndig auf dem neuesten Stand zu halten, damit sie jederzeit der tats\u00e4chlichen Situation entsprechen. In jedem Fall ist der Benutzer allein verantwortlich f\u00fcr die falschen oder ungenauen Angaben und die Sch\u00e4den, die dem Anbieter oder Dritten entstehen.<\/p>\n<p><strong>2.4. Minderj\u00e4hrige.<\/strong><br \/>\nF\u00fcr die Nutzung der Dienste m\u00fcssen Minderj\u00e4hrige immer zuvor die Zustimmung der Eltern, Erziehungsberechtigten oder gesetzlichen Vertreter einholen, die letztendlich f\u00fcr alle Handlungen der von ihnen betreuten Minderj\u00e4hrigen verantwortlich sind. Die Verantwortung f\u00fcr die Bestimmung der konkreten Inhalte, auf die Minderj\u00e4hrige zugreifen, entspricht denen, weshalb auf ihren Computern Mechanismen, insbesondere Computerprogramme, Filter und Sperren, eingerichtet werden m\u00fcssen, wenn sie auf Inhalte zugreifen, die nicht f\u00fcr das Internet geeignet sind, die eine Begrenzung erm\u00f6glichen die verf\u00fcgbaren Inhalte, und obwohl sie nicht unfehlbar sind, sind sie besonders n\u00fctzlich, um die Materialien zu kontrollieren und einzuschr\u00e4nken, auf die Minderj\u00e4hrige zugreifen k\u00f6nnen.<\/p>\n<p><strong>2.5. Verpflichtung zur korrekten Nutzung des Webs.<\/strong><br \/>\nDer Benutzer verpflichtet sich, die Website in \u00dcbereinstimmung mit dem Gesetz und diesem rechtlichen Hinweis sowie den guten Sitten und Sitten zu nutzen. In der Tat wird der Benutzer davon absehen, die Seite f\u00fcr illegale oder verbotene Zwecke zu verwenden, die den Rechten und Interessen Dritter schaden oder die in irgendeiner Weise die normale Verwendung von Computerausr\u00fcstung oder Dokumenten besch\u00e4digen, deaktivieren, \u00fcberlasten, verschlechtern oder verhindern k\u00f6nnen. Dateien und alle Arten von Inhalten, die auf Computerger\u00e4ten des Anbieters gespeichert sind.<\/p>\n<p>Der Nutzer verpflichtet sich insbesondere, aber nicht abschlie\u00dfend, Informationen, Daten, Inhalte, Mitteilungen, Grafiken, Zeichnungen, Ton- oder Bilddateien, Fotografien, Aufzeichnungen, Software u Im Allgemeinen jede Art von Material, das:<br \/>\n(A) verst\u00f6\u00dft gegen, schm\u00e4lert oder verletzt die Grundrechte und \u00f6ffentlichen Freiheiten, die in der Verfassung, in internationalen Vertr\u00e4gen und anderen geltenden Vorschriften anerkannt sind;<br \/>\n(B) kriminelle, verunglimpfende, verleumderische, gewaltt\u00e4tige oder allgemein gegen das Gesetz, die guten Sitten und die \u00f6ffentliche Ordnung versto\u00dfende Handlungen herbeizuf\u00fchren, anzustiften oder zu f\u00f6rdern;<br \/>\n(C) diskriminierende Handlungen, Einstellungen oder Gedanken aufgrund von Geschlecht, Rasse, Religion, Weltanschauung, Alter oder Zustand hervorrufen, anstiften oder f\u00f6rdern;<br \/>\n(D) gegen das Recht auf Ehre, pers\u00f6nliche oder famili\u00e4re Privatsph\u00e4re oder das Bild von Menschen verst\u00f6\u00dft;<br \/>\n(E) in irgendeiner Weise die Glaubw\u00fcrdigkeit des Anbieters oder Dritter beeintr\u00e4chtigt; Und<br \/>\n(F) illegale, irref\u00fchrende oder unfaire Werbung darstellt.<\/p>\n<p><strong>3. AUSSCHLUSS VON GEW\u00c4HRLEISTUNG UND HAFTUNG<\/strong><br \/>\nDer Anbieter ist von jeglicher Verantwortung befreit, die sich aus den auf unserer Website ver\u00f6ffentlichten Informationen ergibt, sofern diese Informationen von Dritten manipuliert oder eingef\u00fchrt wurden.<br \/>\nDiese Website wurde \u00fcberpr\u00fcft und getestet, damit sie korrekt funktioniert. Grunds\u00e4tzlich kann ein einwandfreier Betrieb an 365 Tagen im Jahr, 24 Stunden am Tag gew\u00e4hrleistet werden. Der Anbieter schlie\u00dft jedoch bestimmte Programmierfehler, h\u00f6here Gewalt, Naturkatastrophen, Streiks oder \u00e4hnliche Umst\u00e4nde nicht aus, die den Zugriff auf die Website unm\u00f6glich machen.<br \/>\n<strong>GRUPO COATRESA<\/strong> gew\u00e4hrt keine Garantie und ist in keinem Fall verantwortlich f\u00fcr Sch\u00e4den jeglicher Art, die sich aus der mangelnden Verf\u00fcgbarkeit, Wartung und dem effektiven Betrieb der Website oder ihrer Dienste und Inhalte ergeben k\u00f6nnen; das Vorhandensein von Viren, b\u00f6sartigen oder sch\u00e4dlichen Programmen in den Inhalten; der rechtswidrigen, fahrl\u00e4ssigen, betr\u00fcgerischen Nutzung oder im Widerspruch zu diesen rechtlichen Hinweisen und Nutzungsbedingungen; oder der Mangel an Rechtm\u00e4\u00dfigkeit, Qualit\u00e4t, Zuverl\u00e4ssigkeit, N\u00fctzlichkeit und Verf\u00fcgbarkeit der Dienste, die von Dritten bereitgestellt und den Benutzern auf der Website zur Verf\u00fcgung gestellt werden.<br \/>\nDer Anbieter haftet unter keinen Umst\u00e4nden f\u00fcr Sch\u00e4den, die durch die illegale oder missbr\u00e4uchliche Nutzung dieser Website entstehen.<\/p>\n<p><strong>4. PL\u00c4TZCHEN<\/strong><br \/>\nDie Website des Anbieters kann Cookies (kleine Informationsdateien, die der Server an den Computer der Person sendet, die auf die Seite zugreift) verwenden, um bestimmte Funktionen auszuf\u00fchren, die f\u00fcr das ordnungsgem\u00e4\u00dfe Funktionieren und Anzeigen der Website als wesentlich erachtet werden. Die verwendeten Cookies sind in jedem Fall tempor\u00e4r und dienen ausschlie\u00dflich dazu, das Surfen effizienter zu gestalten, und sie verschwinden am Ende der Sitzung des Benutzers. In keinem Fall werden Cookies verwendet, um personenbezogene Daten zu sammeln. Weitere Informationen finden Sie in unserer <a href=\"https:\/\/www.coatresa.com\/de\/politica-de-cookies-ue\/\">Cookie-Richtlinie.<\/a><\/p>\n<p><strong>5. LINKS<\/strong><br \/>\nVon der Website ist es m\u00f6glich, zu gesponserten Inhalten, Anzeigen und\/oder Affiliate-Links und\/oder Websites Dritter umgeleitet zu werden.<br \/>\nUnter den bereitgestellten Links besteht die M\u00f6glichkeit, \u00fcber Produkte und\/oder Dienstleistungen Dritter zu informieren oder darauf hinzuweisen. Da wir die von Dritten \u00fcber die Website eingegebenen Inhalte nicht kontrollieren k\u00f6nnen, \u00fcbernimmt <strong>GRUPO COATRESA<\/strong> keinerlei Verantwortung in Bezug auf diese Inhalte und garantiert auch nicht die Erfahrung, Integrit\u00e4t oder Qualit\u00e4t ihrer Produkte. In jedem Fall erkl\u00e4rt der Anbieter, dass er alle Inhalte, die gegen nationale oder internationale Gesetze, die guten Sitten oder die \u00f6ffentliche Ordnung versto\u00dfen k\u00f6nnten, unverz\u00fcglich zur\u00fcckziehen wird, indem er die Weiterleitung auf diese Websites unverz\u00fcglich zur\u00fcckzieht und die f\u00fcr den Inhalt zust\u00e4ndigen Beh\u00f6rden informiert Frage<\/p>\n<p><strong>GRUPO COATRESA<\/strong> l\u00e4sst diese Links ver\u00f6ffentlichen, bis sie vom Anbieter oder Werbetreibenden entfernt oder gesperrt werden, und ist nicht verantwortlich, auch wenn diese Anzeigen von anderen Suchmaschinen au\u00dferhalb dieser Website indexiert werden.<br \/>\nDer Anbieter ist nicht verantwortlich f\u00fcr Informationen und Inhalte, die beispielsweise, aber nicht ausschlie\u00dflich, in Foren, Chats, Bloggeneratoren, Kommentaren, sozialen Netzwerken oder anderen Mitteln gespeichert sind, die es Dritten erm\u00f6glichen, Inhalte unabh\u00e4ngig auf der Website des Anbieters zu ver\u00f6ffentlichen Kreditgeber. Ungeachtet dessen und in \u00dcbereinstimmung mit den Bestimmungen von Art. 11 und 16 des LSSICE stellt sich der Anbieter allen Benutzern, Beh\u00f6rden und Sicherheitskr\u00e4ften zur Verf\u00fcgung und wirkt aktiv an der R\u00fccknahme oder gegebenenfalls Sperrung aller Inhalte mit, die die nationalen oder internationalen Gesetze beeintr\u00e4chtigen oder verletzen k\u00f6nnten, Rechte von Dritte oder Moral und \u00f6ffentliche Ordnung. F\u00fcr den Fall, dass der Benutzer der Meinung ist, dass einige Inhalte f\u00fcr diese Klassifizierung anf\u00e4llig sein k\u00f6nnten, benachrichtigen Sie bitte umgehend den Website-Administrator.<\/p>\n<p><strong>GRUPO COATRESA<\/strong> weist Sie jedoch darauf hin, dass jegliche vertragliche oder au\u00dfervertragliche Beziehung, die der Benutzer mit diesen Dritten, verbundenen Unternehmen oder Werbetreibenden \u00fcber den auf dieser Website bereitgestellten Link formalisiert, einzig und allein zwischen dem Benutzer und dem Werbetreibenden und\/oder Dritten g\u00fcltig ist COATRESA \u00fcbernimmt keinerlei Verantwortung f\u00fcr Sch\u00e4den oder Verluste, die durch die Erbringung von Dienstleistungen und \/ oder vertraglichen oder au\u00dfervertraglichen Beziehungen zwischen dem Benutzer und den \u00fcber dieses Portal kontaktierten Inserenten oder Dritten verursacht werden k\u00f6nnten da der Anbieter lediglich als Vermittler bzw. Werbetr\u00e4ger auftritt.<\/p>\n<p><strong>6. SCHUTZ PERSONENBEZOGENER DATEN<\/strong><br \/>\nDer Anbieter ist der Einhaltung der Bestimmungen zum Schutz personenbezogener Daten zutiefst verpflichtet und garantiert die vollst\u00e4ndige Einhaltung der vorgesehenen Verpflichtungen sowie die Umsetzung der Sicherheitsma\u00dfnahmen, die in der europ\u00e4ischen Datenschutzverordnung und den spanischen Datenschutzbestimmungen vorgesehen sind. Weitere Informationen finden Sie in unserer <a href=\"https:\/\/www.coatresa.com\/de\/datenschutzerklaerung\/\">Datenschutzerkl\u00e4rung.<\/a><\/p>\n<p><strong>7. GEISTIGES UND INDUSTRIELLES EIGENTUM<\/strong><br \/>\nDie Website, einschlie\u00dflich, aber nicht beschr\u00e4nkt auf: die Programmierung, Bearbeitung, Zusammenstellung und andere f\u00fcr ihren Betrieb notwendige Elemente, die Designs, Logos, Texte, Fotos und \/ oder Grafiken sind Eigentum des Anbieters oder, falls erforderlich, hat das Lizenz oder ausdr\u00fcckliche Genehmigung der Autoren. Alle Inhalte der Website sind ordnungsgem\u00e4\u00df durch die Bestimmungen \u00fcber geistiges und gewerbliches Eigentum gesch\u00fctzt.<br \/>\nDie vollst\u00e4ndige oder teilweise Vervielf\u00e4ltigung, Nutzung, Verbreitung und \u00f6ffentliche Wiedergabe bed\u00fcrfen unabh\u00e4ngig von der Zweckbestimmung der vorherigen schriftlichen Zustimmung des Anbieters. Jede Verwendung, die nicht zuvor vom Anbieter genehmigt wurde, wird als schwerwiegende Verletzung der geistigen oder gewerblichen Eigentumsrechte des Autors angesehen.<br \/>\nDie Designs, Logos, Texte und \/ oder Grafiken au\u00dferhalb des Anbieters, die auf der Website erscheinen k\u00f6nnen, geh\u00f6ren ihren jeweiligen Eigent\u00fcmern, die selbst f\u00fcr m\u00f6gliche Kontroversen verantwortlich sind, die sich in Bezug auf sie ergeben k\u00f6nnen. In jedem Fall hat der Anbieter die ausdr\u00fcckliche und vorherige Genehmigung von ihnen.<br \/>\nDer Anbieter erkennt zugunsten seiner Eigent\u00fcmer die entsprechenden gewerblichen und geistigen Eigentumsrechte an, was weder die Erw\u00e4hnung oder das Erscheinen auf der Website des Bestehens von Rechten oder der Verantwortung des Anbieters f\u00fcr sie noch die Billigung, F\u00f6rderung oder Empfehlung derselben impliziert.<br \/>\nUm jede Art von Beobachtung bez\u00fcglich m\u00f6glicher Verletzungen von Rechten an geistigem oder gewerblichem Eigentum sowie der Inhalte der Website zu machen, k\u00f6nnen Sie dies \u00fcber die oben genannte E-Mail-Adresse tun.<\/p>\n<p><strong>8. ANWENDBARES RECHT UND GERICHTSSTAND<\/strong><br \/>\nF\u00fcr die Beilegung von Kontroversen oder Fragen im Zusammenhang mit dieser Website oder den darauf durchgef\u00fchrten Aktivit\u00e4ten gilt die spanische Gesetzgebung, der sich die Parteien ausdr\u00fccklich unterwerfen, und die zust\u00e4ndig ist, alle abgeleiteten oder damit verbundenen Konflikte zu l\u00f6sen, mit ihrer Verwendung die Gerichte von Barcelona .<\/p>\n<\/div>\n<\/div><\/div><\/div><\/div><\/div><\/div><\/div>","protected":false},"excerpt":{"rendered":"<p>Rechtlicher Hinweis Gem\u00e4\u00df Artikel 10 des Gesetzes 34\/2002 \u00fcber Dienste der Informationsgesellschaft und des elektronischen Gesch\u00e4ftsverkehrs teilen wir den Benutzern unsere Daten [&hellip;]<\/p>\n","protected":false},"author":1,"featured_media":0,"parent":0,"menu_order":0,"comment_status":"closed","ping_status":"closed","template":"page-templates\/page_fullwidth.php","meta":{"footnotes":""},"class_list":["post-12061","page","type-page","status-publish","hentry"],"yoast_head":"<!-- This site is optimized with the Yoast SEO plugin v27.6 - https:\/\/yoast.com\/product\/yoast-seo-wordpress\/ -->\n<title>Rechtlicher Hinweis - Coatresa<\/title>\n<meta name=\"robots\" content=\"noindex, follow\" \/>\n<meta property=\"og:locale\" content=\"de_DE\" \/>\n<meta property=\"og:type\" content=\"article\" \/>\n<meta property=\"og:title\" content=\"Rechtlicher Hinweis - Coatresa\" \/>\n<meta property=\"og:description\" content=\"Rechtlicher Hinweis Gem\u00e4\u00df Artikel 10 des Gesetzes 34\/2002 \u00fcber Dienste der Informationsgesellschaft und des elektronischen Gesch\u00e4ftsverkehrs teilen wir den Benutzern unsere Daten [&hellip;]\" \/>\n<meta property=\"og:url\" content=\"https:\/\/www.coatresa.com\/de\/rechtlicher-hinweis\/\" \/>\n<meta property=\"og:site_name\" content=\"Coatresa\" \/>\n<meta property=\"article:publisher\" content=\"https:\/\/www.facebook.com\/Coatresa\/\" \/>\n<meta property=\"article:modified_time\" content=\"2023-04-19T07:17:00+00:00\" \/>\n<meta name=\"twitter:card\" content=\"summary_large_image\" \/>\n<meta name=\"twitter:site\" content=\"@Coatresa\" \/>\n<meta name=\"twitter:label1\" content=\"Gesch\u00e4tzte Lesezeit\" \/>\n\t<meta name=\"twitter:data1\" content=\"6\u00a0Minuten\" \/>\n<script type=\"application\/ld+json\" class=\"yoast-schema-graph\">{\"@context\":\"https:\\\/\\\/schema.org\",\"@graph\":[{\"@type\":\"WebPage\",\"@id\":\"https:\\\/\\\/www.coatresa.com\\\/de\\\/rechtlicher-hinweis\\\/\",\"url\":\"https:\\\/\\\/www.coatresa.com\\\/de\\\/rechtlicher-hinweis\\\/\",\"name\":\"Rechtlicher Hinweis - Coatresa\",\"isPartOf\":{\"@id\":\"https:\\\/\\\/www.coatresa.com\\\/de\\\/#website\"},\"datePublished\":\"2018-05-18T08:58:09+00:00\",\"dateModified\":\"2023-04-19T07:17:00+00:00\",\"breadcrumb\":{\"@id\":\"https:\\\/\\\/www.coatresa.com\\\/de\\\/rechtlicher-hinweis\\\/#breadcrumb\"},\"inLanguage\":\"de\",\"potentialAction\":[{\"@type\":\"ReadAction\",\"target\":[\"https:\\\/\\\/www.coatresa.com\\\/de\\\/rechtlicher-hinweis\\\/\"]}]},{\"@type\":\"BreadcrumbList\",\"@id\":\"https:\\\/\\\/www.coatresa.com\\\/de\\\/rechtlicher-hinweis\\\/#breadcrumb\",\"itemListElement\":[{\"@type\":\"ListItem\",\"position\":1,\"name\":\"Portada\",\"item\":\"https:\\\/\\\/www.coatresa.com\\\/de\\\/\"},{\"@type\":\"ListItem\",\"position\":2,\"name\":\"Rechtlicher Hinweis\"}]},{\"@type\":\"WebSite\",\"@id\":\"https:\\\/\\\/www.coatresa.com\\\/de\\\/#website\",\"url\":\"https:\\\/\\\/www.coatresa.com\\\/de\\\/\",\"name\":\"Coatresa\",\"description\":\"Aplicaci\u00f3n de recubrimientos antiadherentes y anticorrosivos como el Teflon. Expertos del Powder Coating\",\"publisher\":{\"@id\":\"https:\\\/\\\/www.coatresa.com\\\/de\\\/#organization\"},\"potentialAction\":[{\"@type\":\"SearchAction\",\"target\":{\"@type\":\"EntryPoint\",\"urlTemplate\":\"https:\\\/\\\/www.coatresa.com\\\/de\\\/?s={search_term_string}\"},\"query-input\":{\"@type\":\"PropertyValueSpecification\",\"valueRequired\":true,\"valueName\":\"search_term_string\"}}],\"inLanguage\":\"de\"},{\"@type\":\"Organization\",\"@id\":\"https:\\\/\\\/www.coatresa.com\\\/de\\\/#organization\",\"name\":\"Coatresa\",\"url\":\"https:\\\/\\\/www.coatresa.com\\\/de\\\/\",\"logo\":{\"@type\":\"ImageObject\",\"inLanguage\":\"de\",\"@id\":\"https:\\\/\\\/www.coatresa.com\\\/de\\\/#\\\/schema\\\/logo\\\/image\\\/\",\"url\":\"https:\\\/\\\/www.coatresa.com\\\/wp-content\\\/uploads\\\/2022\\\/07\\\/A_blava_mitja_transp.png\",\"contentUrl\":\"https:\\\/\\\/www.coatresa.com\\\/wp-content\\\/uploads\\\/2022\\\/07\\\/A_blava_mitja_transp.png\",\"width\":340,\"height\":326,\"caption\":\"Coatresa\"},\"image\":{\"@id\":\"https:\\\/\\\/www.coatresa.com\\\/de\\\/#\\\/schema\\\/logo\\\/image\\\/\"},\"sameAs\":[\"https:\\\/\\\/www.facebook.com\\\/Coatresa\\\/\",\"https:\\\/\\\/x.com\\\/Coatresa\",\"https:\\\/\\\/www.linkedin.com\\\/company\\\/coatresa\\\/\",\"https:\\\/\\\/www.youtube.com\\\/user\\\/CoatresaCoatings\"]}]}<\/script>\n<!-- \/ Yoast SEO plugin. -->","yoast_head_json":{"title":"Rechtlicher Hinweis - Coatresa","robots":{"index":"noindex","follow":"follow"},"og_locale":"de_DE","og_type":"article","og_title":"Rechtlicher Hinweis - Coatresa","og_description":"Rechtlicher Hinweis Gem\u00e4\u00df Artikel 10 des Gesetzes 34\/2002 \u00fcber Dienste der Informationsgesellschaft und des elektronischen Gesch\u00e4ftsverkehrs teilen wir den Benutzern unsere Daten [&hellip;]","og_url":"https:\/\/www.coatresa.com\/de\/rechtlicher-hinweis\/","og_site_name":"Coatresa","article_publisher":"https:\/\/www.facebook.com\/Coatresa\/","article_modified_time":"2023-04-19T07:17:00+00:00","twitter_card":"summary_large_image","twitter_site":"@Coatresa","twitter_misc":{"Gesch\u00e4tzte Lesezeit":"6\u00a0Minuten"},"schema":{"@context":"https:\/\/schema.org","@graph":[{"@type":"WebPage","@id":"https:\/\/www.coatresa.com\/de\/rechtlicher-hinweis\/","url":"https:\/\/www.coatresa.com\/de\/rechtlicher-hinweis\/","name":"Rechtlicher Hinweis - Coatresa","isPartOf":{"@id":"https:\/\/www.coatresa.com\/de\/#website"},"datePublished":"2018-05-18T08:58:09+00:00","dateModified":"2023-04-19T07:17:00+00:00","breadcrumb":{"@id":"https:\/\/www.coatresa.com\/de\/rechtlicher-hinweis\/#breadcrumb"},"inLanguage":"de","potentialAction":[{"@type":"ReadAction","target":["https:\/\/www.coatresa.com\/de\/rechtlicher-hinweis\/"]}]},{"@type":"BreadcrumbList","@id":"https:\/\/www.coatresa.com\/de\/rechtlicher-hinweis\/#breadcrumb","itemListElement":[{"@type":"ListItem","position":1,"name":"Portada","item":"https:\/\/www.coatresa.com\/de\/"},{"@type":"ListItem","position":2,"name":"Rechtlicher Hinweis"}]},{"@type":"WebSite","@id":"https:\/\/www.coatresa.com\/de\/#website","url":"https:\/\/www.coatresa.com\/de\/","name":"Coatresa","description":"Aplicaci\u00f3n de recubrimientos antiadherentes y anticorrosivos como el Teflon. Expertos del Powder Coating","publisher":{"@id":"https:\/\/www.coatresa.com\/de\/#organization"},"potentialAction":[{"@type":"SearchAction","target":{"@type":"EntryPoint","urlTemplate":"https:\/\/www.coatresa.com\/de\/?s={search_term_string}"},"query-input":{"@type":"PropertyValueSpecification","valueRequired":true,"valueName":"search_term_string"}}],"inLanguage":"de"},{"@type":"Organization","@id":"https:\/\/www.coatresa.com\/de\/#organization","name":"Coatresa","url":"https:\/\/www.coatresa.com\/de\/","logo":{"@type":"ImageObject","inLanguage":"de","@id":"https:\/\/www.coatresa.com\/de\/#\/schema\/logo\/image\/","url":"https:\/\/www.coatresa.com\/wp-content\/uploads\/2022\/07\/A_blava_mitja_transp.png","contentUrl":"https:\/\/www.coatresa.com\/wp-content\/uploads\/2022\/07\/A_blava_mitja_transp.png","width":340,"height":326,"caption":"Coatresa"},"image":{"@id":"https:\/\/www.coatresa.com\/de\/#\/schema\/logo\/image\/"},"sameAs":["https:\/\/www.facebook.com\/Coatresa\/","https:\/\/x.com\/Coatresa","https:\/\/www.linkedin.com\/company\/coatresa\/","https:\/\/www.youtube.com\/user\/CoatresaCoatings"]}]}},"_links":{"self":[{"href":"https:\/\/www.coatresa.com\/de\/wp-json\/wp\/v2\/pages\/12061","targetHints":{"allow":["GET"]}}],"collection":[{"href":"https:\/\/www.coatresa.com\/de\/wp-json\/wp\/v2\/pages"}],"about":[{"href":"https:\/\/www.coatresa.com\/de\/wp-json\/wp\/v2\/types\/page"}],"author":[{"embeddable":true,"href":"https:\/\/www.coatresa.com\/de\/wp-json\/wp\/v2\/users\/1"}],"replies":[{"embeddable":true,"href":"https:\/\/www.coatresa.com\/de\/wp-json\/wp\/v2\/comments?post=12061"}],"version-history":[{"count":0,"href":"https:\/\/www.coatresa.com\/de\/wp-json\/wp\/v2\/pages\/12061\/revisions"}],"wp:attachment":[{"href":"https:\/\/www.coatresa.com\/de\/wp-json\/wp\/v2\/media?parent=12061"}],"curies":[{"name":"wp","href":"https:\/\/api.w.org\/{rel}","templated":true}]}}