{"id":17833,"date":"2019-07-24T13:36:58","date_gmt":"2019-07-24T11:36:58","guid":{"rendered":"https:\/\/www.coatresa.com\/revetement-gleitmo-fuchs\/"},"modified":"2020-01-13T11:46:56","modified_gmt":"2020-01-13T10:46:56","slug":"fuchs-gleitmo-beschichtung","status":"publish","type":"page","link":"https:\/\/www.coatresa.com\/de\/fuchs-gleitmo-beschichtung\/","title":{"rendered":"Gleitmo beschichtung"},"content":{"rendered":"<div id=\"pl-17833\"  class=\"panel-layout\" ><div id=\"pg-17833-0\"  class=\"panel-grid panel-has-style\" ><div style=\"padding: 0px 0; \" data-overlay=\"true\" data-overlay-color=\"#000000\" class=\"panel-row-style panel-row-style-for-17833-0\" ><div id=\"pgc-17833-0-0\"  class=\"panel-grid-cell\" ><div id=\"panel-17833-0-0-0\" class=\"so-panel widget_sow-image panel-first-child panel-last-child\" data-index=\"0\" ><div style=\"text-align: left;\" data-title-color=\"#47425d\" data-headings-color=\"#443f3f\" data-title_alignment=\"center\" class=\"panel-widget-style panel-widget-style-for-17833-0-0-0\" ><div\n\t\t\t\n\t\t\tclass=\"so-widget-sow-image so-widget-sow-image-default-c67d20f9f743-17833\"\n\t\t\t\n\t\t>\n<div class=\"sow-image-container\">\n\t\t<img \n\tsrc=\"https:\/\/www.coatresa.com\/wp-content\/uploads\/2018\/09\/recubrimiento-fuchs-gleitmo.png\" width=\"197\" height=\"197\" srcset=\"https:\/\/www.coatresa.com\/wp-content\/uploads\/2018\/09\/recubrimiento-fuchs-gleitmo.png 197w, https:\/\/www.coatresa.com\/wp-content\/uploads\/2018\/09\/recubrimiento-fuchs-gleitmo-150x150.png 150w\" sizes=\"(max-width: 197px) 100vw, 197px\" title=\"Recubrimiento Fuchs Gleitmo\" alt=\"Recubrimiento Fuchs Gleitmo\" \t\tclass=\"so-widget-image\"\/>\n\t<\/div>\n\n<\/div><\/div><\/div><\/div><div id=\"pgc-17833-0-1\"  class=\"panel-grid-cell\" ><div id=\"panel-17833-0-1-0\" class=\"so-panel widget_sow-editor panel-first-child panel-last-child\" data-index=\"1\" ><div style=\"text-align: left;\" data-title-color=\"#47425d\" data-headings-color=\"#000000\" data-title_alignment=\"center\" class=\"panel-widget-style panel-widget-style-for-17833-0-1-0\" ><div\n\t\t\t\n\t\t\tclass=\"so-widget-sow-editor so-widget-sow-editor-base\"\n\t\t\t\n\t\t>\n<div class=\"siteorigin-widget-tinymce textwidget\">\n\t<h1 style=\"text-align: left;\">Gleitmo \u00ae beschichtung <\/h1>\n<hr align=\"left\" \/>\n<p style=\"text-align: justify;\">Die von Fuchs hergestellte <b>Gleitmo<\/b>\u00ae-Produktfamilie verf\u00fcgt \u00fcber verschiedene Schmierelemente wie Polytetrafluorethylen (PTFE) und Molybd\u00e4ndisulfid (MoS2). Es steht eine Vielzahl von Produkten zur Verf\u00fcgung, darunter Trockenfilmbeschichtungen, hochwertige Hochleistungs-Festschmierstoffe, spezielle Fettpasten und Pasten f\u00fcr Schmier- und Montagezwecke. Dar\u00fcber hinaus gibt es spezielle Formulierungen mit wei\u00dfen Festschmierstoffen und sauerstoff- und hochtemperaturbest\u00e4ndigen Schmierstoffen.<\/p>\n<p style=\"text-align: justify;\">Typische Anwendungen reichen von Lagern und Gleitlagern bis hin zur Beschichtung von Schrauben oder Bolzen, Gleitschienen und Dichtungen (z. B. O-Ringe).<\/p>\n<\/div>\n<\/div><\/div><\/div><\/div><\/div><\/div><div id=\"pg-17833-1\"  class=\"panel-grid panel-has-style\" ><div class=\"FRANJA-BLAVA-TITOL siteorigin-panels-stretch panel-row-style panel-row-style-for-17833-1\" style=\"padding: 0px 0; \" data-stretch-type=\"full\" data-overlay=\"true\" data-overlay-color=\"#000000\" ><div id=\"pgc-17833-1-0\"  class=\"panel-grid-cell\" ><div id=\"panel-17833-1-0-0\" class=\"so-panel widget_sow-editor panel-first-child panel-last-child\" data-index=\"2\" ><div class=\"blanc panel-widget-style panel-widget-style-for-17833-1-0-0\" style=\"text-align: left;\" data-title-color=\"#47425d\" data-headings-color=\"#443f3f\" data-title_alignment=\"center\" ><div\n\t\t\t\n\t\t\tclass=\"so-widget-sow-editor so-widget-sow-editor-base\"\n\t\t\t\n\t\t>\n<div class=\"siteorigin-widget-tinymce textwidget\">\n\t<h2 style=\"text-align: center;\">Eigenschaften und Vorteile der Gleitmo\u00ae-Beschichtung<\/h2>\n<\/div>\n<\/div><\/div><\/div><\/div><\/div><\/div><div id=\"pg-17833-2\"  class=\"panel-grid panel-has-style\" ><div class=\"BGC-GRIS siteorigin-panels-stretch panel-row-style panel-row-style-for-17833-2\" style=\"padding: 0px 0; \" data-stretch-type=\"full\" data-overlay=\"true\" data-overlay-color=\"#000000\" ><div id=\"pgc-17833-2-0\"  class=\"panel-grid-cell\" ><div id=\"panel-17833-2-0-0\" class=\"so-panel widget_sow-editor panel-first-child panel-last-child\" data-index=\"3\" ><div style=\"text-align: left;\" data-title-color=\"#47425d\" data-headings-color=\"#443f3f\" data-title_alignment=\"center\" class=\"panel-widget-style panel-widget-style-for-17833-2-0-0\" ><div\n\t\t\t\n\t\t\tclass=\"so-widget-sow-editor so-widget-sow-editor-base\"\n\t\t\t\n\t\t>\n<div class=\"siteorigin-widget-tinymce textwidget\">\n\t<p style=\"text-align: center;\">Die Eigenschaften des Gleitmo\u00ae-Sortiments bedienen viele M\u00e4rkte. Ihre gro\u00dfe Vielfalt f\u00fchrt zu einer Gruppierung nach Kategorien:<\/p>\n<\/div>\n<\/div><\/div><\/div><\/div><\/div><\/div><div id=\"pg-17833-3\"  class=\"panel-grid panel-has-style\" ><div class=\"BGC-GRIS siteorigin-panels-stretch panel-row-style panel-row-style-for-17833-3\" style=\"padding: 0px 0; \" data-stretch-type=\"full\" data-overlay=\"true\" data-overlay-color=\"#000000\" ><div id=\"pgc-17833-3-0\"  class=\"panel-grid-cell\" ><div id=\"panel-17833-3-0-0\" class=\"so-panel widget_sow-editor panel-first-child panel-last-child\" data-index=\"4\" ><div style=\"text-align: left;\" data-title-color=\"#47425d\" data-headings-color=\"#443f3f\" data-title_alignment=\"center\" class=\"panel-widget-style panel-widget-style-for-17833-3-0-0\" ><div\n\t\t\t\n\t\t\tclass=\"so-widget-sow-editor so-widget-sow-editor-base\"\n\t\t\t\n\t\t>\n<div class=\"siteorigin-widget-tinymce textwidget\">\n\t<ul>\n<li>Automobilschmierstoffe<\/li>\n<li>Industrielle Schmierstoffe<\/li>\n<\/ul>\n<\/div>\n<\/div><\/div><\/div><\/div><div id=\"pgc-17833-3-1\"  class=\"panel-grid-cell\" ><div id=\"panel-17833-3-1-0\" class=\"so-panel widget_sow-editor panel-first-child panel-last-child\" data-index=\"5\" ><div style=\"text-align: left;\" data-title-color=\"#47425d\" data-headings-color=\"#443f3f\" data-title_alignment=\"center\" class=\"panel-widget-style panel-widget-style-for-17833-3-1-0\" ><div\n\t\t\t\n\t\t\tclass=\"so-widget-sow-editor so-widget-sow-editor-base\"\n\t\t\t\n\t\t>\n<div class=\"siteorigin-widget-tinymce textwidget\">\n\t<ul>\n<li>Schmierfette<\/li>\n<li>Metallverarbeitung<\/li>\n<\/ul>\n<\/div>\n<\/div><\/div><\/div><\/div><div id=\"pgc-17833-3-2\"  class=\"panel-grid-cell\" ><div id=\"panel-17833-3-2-0\" class=\"so-panel widget_sow-editor panel-first-child panel-last-child\" data-index=\"6\" ><div style=\"text-align: left;\" data-title-color=\"#47425d\" data-headings-color=\"#443f3f\" data-title_alignment=\"center\" class=\"panel-widget-style panel-widget-style-for-17833-3-2-0\" ><div\n\t\t\t\n\t\t\tclass=\"so-widget-sow-editor so-widget-sow-editor-base\"\n\t\t\t\n\t\t>\n<div class=\"siteorigin-widget-tinymce textwidget\">\n\t<ul>\n<li>Spezielle Anwendungen<\/li>\n<\/ul>\n<\/div>\n<\/div><\/div><\/div><\/div><\/div><\/div><div id=\"pg-17833-4\"  class=\"panel-grid panel-has-style\" ><div class=\"BGC-GRIS siteorigin-panels-stretch panel-row-style panel-row-style-for-17833-4\" style=\"padding: 0px 0; \" data-stretch-type=\"full\" data-overlay=\"true\" data-overlay-color=\"#000000\" ><div id=\"pgc-17833-4-0\"  class=\"panel-grid-cell\" ><div id=\"panel-17833-4-0-0\" class=\"so-panel widget_sow-editor panel-first-child panel-last-child\" data-index=\"7\" ><div style=\"text-align: left;\" data-title-color=\"#47425d\" data-headings-color=\"#443f3f\" data-title_alignment=\"center\" class=\"panel-widget-style panel-widget-style-for-17833-4-0-0\" ><div\n\t\t\t\n\t\t\tclass=\"so-widget-sow-editor so-widget-sow-editor-base\"\n\t\t\t\n\t\t>\n<div class=\"siteorigin-widget-tinymce textwidget\">\n\t<p class=\"TEXTOS-DESTACATS\" style=\"text-align: center;\">Die Hauptmerkmale der Gleitmo\u00ae-Beschichtungen sind:<\/p>\n<ul class=\"LLISTA-SUBRATLLADA\">\n<li>Fettfreie Trockenschmierung<\/li>\n<li>Gute Haftung auf vielen Materialien<\/li>\n<li>Nachweisbar durch ultraviolettes Licht<\/li>\n<li>Resistent gegen direkten Kontakt und Abrieb<\/li>\n<li>Reduziert das Anzugsdrehmoment an Befestigungselementen<\/li>\n<li>Gro\u00dfer Betriebstemperaturbereich<\/li>\n<li>Druckfest<\/li>\n<li>Trennwirkung von Elementen mit Festfressrisiko<\/li>\n<li>Korrosionsschutz<\/li>\n<li>Best\u00e4ndig gegen L\u00f6sungsmittel, Mineral\u00f6le und synthetische Fl\u00fcssigkeiten<\/li>\n<\/ul>\n<\/div>\n<\/div><\/div><\/div><\/div><\/div><\/div><div id=\"pg-17833-5\"  class=\"panel-grid panel-has-style\" ><div class=\"siteorigin-panels-stretch panel-row-style panel-row-style-for-17833-5\" style=\"padding: 50px 0; \" data-stretch-type=\"full\" data-overlay=\"true\" data-overlay-color=\"#000000\" ><div id=\"pgc-17833-5-0\"  class=\"panel-grid-cell\" ><div id=\"panel-17833-5-0-0\" class=\"so-panel widget_siteorigin-panels-builder panel-first-child panel-last-child\" data-index=\"8\" ><div style=\"text-align: left;\" data-title-color=\"#47425d\" data-headings-color=\"#443f3f\" data-title_alignment=\"center\" class=\"panel-widget-style panel-widget-style-for-17833-5-0-0\" ><div id=\"pl-w5e1c4a6ed0611\"  class=\"panel-layout\" ><div id=\"pg-w5e1c4a6ed0611-0\"  class=\"panel-grid panel-has-style\" ><div style=\"padding: 0px 0; \" data-overlay=\"true\" data-overlay-color=\"#000000\" class=\"panel-row-style panel-row-style-for-w5e1c4a6ed0611-0\" ><div id=\"pgc-w5e1c4a6ed0611-0-0\"  class=\"panel-grid-cell\" ><div id=\"panel-w5e1c4a6ed0611-0-0-0\" class=\"so-panel widget_sow-editor panel-first-child panel-last-child\" data-index=\"0\" ><div style=\"text-align: left;\" data-title-color=\"#47425d\" data-headings-color=\"#443f3f\" data-title_alignment=\"center\" class=\"panel-widget-style panel-widget-style-for-w5e1c4a6ed0611-0-0-0\" ><div\n\t\t\t\n\t\t\tclass=\"so-widget-sow-editor so-widget-sow-editor-base\"\n\t\t\t\n\t\t>\n<div class=\"siteorigin-widget-tinymce textwidget\">\n\t<h2 class=\"BLAU-FOSC\" style=\"text-align: center;\">Gleitmo \u00ae referenzen<\/h2>\n<\/div>\n<\/div><\/div><\/div><\/div><\/div><\/div><div id=\"pg-w5e1c4a6ed0611-1\"  class=\"panel-grid panel-has-style\" ><div style=\"padding: 0px 0; \" data-overlay=\"true\" data-overlay-color=\"#000000\" class=\"panel-row-style panel-row-style-for-w5e1c4a6ed0611-1\" ><div id=\"pgc-w5e1c4a6ed0611-1-0\"  class=\"panel-grid-cell\" ><div id=\"panel-w5e1c4a6ed0611-1-0-0\" class=\"so-panel widget_sow-editor panel-first-child panel-last-child\" data-index=\"1\" ><div style=\"text-align: left;\" data-title-color=\"#47425d\" data-headings-color=\"#443f3f\" data-title_alignment=\"center\" class=\"panel-widget-style panel-widget-style-for-w5e1c4a6ed0611-1-0-0\" ><div\n\t\t\t\n\t\t\tclass=\"so-widget-sow-editor so-widget-sow-editor-base\"\n\t\t\t\n\t\t>\n<div class=\"siteorigin-widget-tinymce textwidget\">\n\t<p style=\"text-align: center; padding-top: 40px;\"><b>2332 V<\/b><br \/>\n<b>2345V<\/b><br \/>\n<b>300<\/b><br \/>\n<b>300 Spray<\/b><br \/>\n<b>305<\/b><br \/>\n<b>602<\/b><br \/>\n<b>603<\/b><br \/>\n<b>605<\/b><br \/>\n<b>615<\/b><br \/>\n<b>625<\/b><br \/>\n<b>627<\/b><br \/>\n<b>900<\/b><\/p>\n<\/div>\n<\/div><\/div><\/div><\/div><div id=\"pgc-w5e1c4a6ed0611-1-1\"  class=\"panel-grid-cell\" ><div id=\"panel-w5e1c4a6ed0611-1-1-0\" class=\"so-panel widget_sow-editor panel-first-child panel-last-child\" data-index=\"2\" ><div style=\"text-align: left;\" data-title-color=\"#47425d\" data-headings-color=\"#443f3f\" data-title_alignment=\"center\" class=\"panel-widget-style panel-widget-style-for-w5e1c4a6ed0611-1-1-0\" ><div\n\t\t\t\n\t\t\tclass=\"so-widget-sow-editor so-widget-sow-editor-base\"\n\t\t\t\n\t\t>\n<div class=\"siteorigin-widget-tinymce textwidget\">\n\t<p style=\"text-align: center; padding-top: 40px;\"><b>900 Spray<\/b><br \/>\n<b>905<\/b><br \/>\n<b>920<\/b><br \/>\n<b>935<\/b><br \/>\n<b>960<\/b><br \/>\n<b>961 Spray<\/b><br \/>\n<b>980<\/b><br \/>\n<b>980 Spray<\/b><br \/>\n<b>HMP 8420<\/b><br \/>\n<b>HMP 9020 K<\/b><br \/>\n<b>RLC 3000<\/b><br \/>\n<b>RLC 3100<\/b><\/p>\n<\/div>\n<\/div><\/div><\/div><\/div><div id=\"pgc-w5e1c4a6ed0611-1-2\"  class=\"panel-grid-cell\" ><div id=\"panel-w5e1c4a6ed0611-1-2-0\" class=\"so-panel widget_sow-editor panel-first-child panel-last-child\" data-index=\"3\" ><div style=\"text-align: left;\" data-title-color=\"#47425d\" data-headings-color=\"#443f3f\" data-title_alignment=\"center\" class=\"panel-widget-style panel-widget-style-for-w5e1c4a6ed0611-1-2-0\" ><div\n\t\t\t\n\t\t\tclass=\"so-widget-sow-editor so-widget-sow-editor-base\"\n\t\t\t\n\t\t>\n<div class=\"siteorigin-widget-tinymce textwidget\">\n\t<p style=\"text-align: center; padding-top: 40px;\"><b>RLC 4000<\/b><br \/>\n<b>SFL 9025<\/b><br \/>\n<b>SFL 9065<\/b><br \/>\n<b>SFL 9070<\/b><br \/>\n<b>SFL 9085<\/b><br \/>\n<b>SFL 9540<\/b><br \/>\n<b>SFL 9550<\/b><br \/>\n<b>SFL 9560<\/b><br \/>\n<b>SFL 9563<\/b><br \/>\n<b>SFL 9580<\/b><br \/>\n<b>SFL 9680<\/b><br \/>\n<b>SFL 9680 TF<\/b><\/p>\n<\/div>\n<\/div><\/div><\/div><\/div><\/div><\/div><\/div><\/div><\/div><\/div><\/div><\/div><\/div>","protected":false},"excerpt":{"rendered":"<p>Gleitmo \u00ae beschichtung Die von Fuchs hergestellte Gleitmo\u00ae-Produktfamilie verf\u00fcgt \u00fcber verschiedene Schmierelemente wie Polytetrafluorethylen (PTFE) und Molybd\u00e4ndisulfid (MoS2). Es steht eine Vielzahl [&hellip;]<\/p>\n","protected":false},"author":1,"featured_media":12204,"parent":0,"menu_order":0,"comment_status":"closed","ping_status":"closed","template":"page-templates\/page_fullwidth.php","meta":{"footnotes":""},"class_list":["post-17833","page","type-page","status-publish","has-post-thumbnail","hentry"],"yoast_head":"<!-- This site is optimized with the Yoast SEO plugin v27.4 - https:\/\/yoast.com\/product\/yoast-seo-wordpress\/ -->\n<title>Gleitmo beschichtung - Coatresa<\/title>\n<meta name=\"description\" content=\"Gleitmo Fuchs Beschichtung: mit Gleitmitteln wie Polytetrafluorethylen (PTFE) und Molybd\u00e4nbisulfid (MoS2). Fettfreie Trockenschmierung.\" \/>\n<meta name=\"robots\" content=\"index, follow, max-snippet:-1, max-image-preview:large, max-video-preview:-1\" \/>\n<link rel=\"canonical\" href=\"https:\/\/www.coatresa.com\/de\/fuchs-gleitmo-beschichtung\/\" \/>\n<meta property=\"og:locale\" content=\"de_DE\" \/>\n<meta property=\"og:type\" content=\"article\" \/>\n<meta property=\"og:title\" content=\"Gleitmo beschichtung - Coatresa\" \/>\n<meta property=\"og:description\" content=\"Gleitmo Fuchs Beschichtung: mit Gleitmitteln wie Polytetrafluorethylen (PTFE) und Molybd\u00e4nbisulfid (MoS2). Fettfreie Trockenschmierung.\" \/>\n<meta property=\"og:url\" content=\"https:\/\/www.coatresa.com\/de\/fuchs-gleitmo-beschichtung\/\" \/>\n<meta property=\"og:site_name\" content=\"Coatresa\" \/>\n<meta property=\"article:publisher\" content=\"https:\/\/www.facebook.com\/Coatresa\/\" \/>\n<meta property=\"article:modified_time\" content=\"2020-01-13T10:46:56+00:00\" \/>\n<meta property=\"og:image\" content=\"https:\/\/www.coatresa.com\/wp-content\/uploads\/2018\/09\/recubrimiento-fuchs-gleitmo.png\" \/>\n\t<meta property=\"og:image:width\" content=\"197\" \/>\n\t<meta property=\"og:image:height\" content=\"197\" \/>\n\t<meta property=\"og:image:type\" content=\"image\/png\" \/>\n<meta name=\"twitter:card\" content=\"summary_large_image\" \/>\n<meta name=\"twitter:site\" content=\"@Coatresa\" \/>\n<meta name=\"twitter:label1\" content=\"Gesch\u00e4tzte Lesezeit\" \/>\n\t<meta name=\"twitter:data1\" content=\"1\u00a0Minute\" \/>\n<script type=\"application\/ld+json\" class=\"yoast-schema-graph\">{\"@context\":\"https:\\\/\\\/schema.org\",\"@graph\":[{\"@type\":\"WebPage\",\"@id\":\"https:\\\/\\\/www.coatresa.com\\\/de\\\/fuchs-gleitmo-beschichtung\\\/\",\"url\":\"https:\\\/\\\/www.coatresa.com\\\/de\\\/fuchs-gleitmo-beschichtung\\\/\",\"name\":\"Gleitmo beschichtung - Coatresa\",\"isPartOf\":{\"@id\":\"https:\\\/\\\/www.coatresa.com\\\/de\\\/#website\"},\"primaryImageOfPage\":{\"@id\":\"https:\\\/\\\/www.coatresa.com\\\/de\\\/fuchs-gleitmo-beschichtung\\\/#primaryimage\"},\"image\":{\"@id\":\"https:\\\/\\\/www.coatresa.com\\\/de\\\/fuchs-gleitmo-beschichtung\\\/#primaryimage\"},\"thumbnailUrl\":\"https:\\\/\\\/www.coatresa.com\\\/wp-content\\\/uploads\\\/2018\\\/09\\\/recubrimiento-fuchs-gleitmo.png\",\"datePublished\":\"2019-07-24T11:36:58+00:00\",\"dateModified\":\"2020-01-13T10:46:56+00:00\",\"description\":\"Gleitmo Fuchs Beschichtung: mit Gleitmitteln wie Polytetrafluorethylen (PTFE) und Molybd\u00e4nbisulfid (MoS2). Fettfreie Trockenschmierung.\",\"breadcrumb\":{\"@id\":\"https:\\\/\\\/www.coatresa.com\\\/de\\\/fuchs-gleitmo-beschichtung\\\/#breadcrumb\"},\"inLanguage\":\"de\",\"potentialAction\":[{\"@type\":\"ReadAction\",\"target\":[\"https:\\\/\\\/www.coatresa.com\\\/de\\\/fuchs-gleitmo-beschichtung\\\/\"]}]},{\"@type\":\"ImageObject\",\"inLanguage\":\"de\",\"@id\":\"https:\\\/\\\/www.coatresa.com\\\/de\\\/fuchs-gleitmo-beschichtung\\\/#primaryimage\",\"url\":\"https:\\\/\\\/www.coatresa.com\\\/wp-content\\\/uploads\\\/2018\\\/09\\\/recubrimiento-fuchs-gleitmo.png\",\"contentUrl\":\"https:\\\/\\\/www.coatresa.com\\\/wp-content\\\/uploads\\\/2018\\\/09\\\/recubrimiento-fuchs-gleitmo.png\",\"width\":197,\"height\":197,\"caption\":\"Recubrimiento Fuchs Gleitmo\"},{\"@type\":\"BreadcrumbList\",\"@id\":\"https:\\\/\\\/www.coatresa.com\\\/de\\\/fuchs-gleitmo-beschichtung\\\/#breadcrumb\",\"itemListElement\":[{\"@type\":\"ListItem\",\"position\":1,\"name\":\"Portada\",\"item\":\"https:\\\/\\\/www.coatresa.com\\\/de\\\/\"},{\"@type\":\"ListItem\",\"position\":2,\"name\":\"Gleitmo beschichtung\"}]},{\"@type\":\"WebSite\",\"@id\":\"https:\\\/\\\/www.coatresa.com\\\/de\\\/#website\",\"url\":\"https:\\\/\\\/www.coatresa.com\\\/de\\\/\",\"name\":\"Coatresa\",\"description\":\"Aplicaci\u00f3n de recubrimientos antiadherentes y anticorrosivos como el Teflon. Expertos del Powder Coating\",\"publisher\":{\"@id\":\"https:\\\/\\\/www.coatresa.com\\\/de\\\/#organization\"},\"potentialAction\":[{\"@type\":\"SearchAction\",\"target\":{\"@type\":\"EntryPoint\",\"urlTemplate\":\"https:\\\/\\\/www.coatresa.com\\\/de\\\/?s={search_term_string}\"},\"query-input\":{\"@type\":\"PropertyValueSpecification\",\"valueRequired\":true,\"valueName\":\"search_term_string\"}}],\"inLanguage\":\"de\"},{\"@type\":\"Organization\",\"@id\":\"https:\\\/\\\/www.coatresa.com\\\/de\\\/#organization\",\"name\":\"Coatresa\",\"url\":\"https:\\\/\\\/www.coatresa.com\\\/de\\\/\",\"logo\":{\"@type\":\"ImageObject\",\"inLanguage\":\"de\",\"@id\":\"https:\\\/\\\/www.coatresa.com\\\/de\\\/#\\\/schema\\\/logo\\\/image\\\/\",\"url\":\"https:\\\/\\\/www.coatresa.com\\\/wp-content\\\/uploads\\\/2022\\\/07\\\/A_blava_mitja_transp.png\",\"contentUrl\":\"https:\\\/\\\/www.coatresa.com\\\/wp-content\\\/uploads\\\/2022\\\/07\\\/A_blava_mitja_transp.png\",\"width\":340,\"height\":326,\"caption\":\"Coatresa\"},\"image\":{\"@id\":\"https:\\\/\\\/www.coatresa.com\\\/de\\\/#\\\/schema\\\/logo\\\/image\\\/\"},\"sameAs\":[\"https:\\\/\\\/www.facebook.com\\\/Coatresa\\\/\",\"https:\\\/\\\/x.com\\\/Coatresa\",\"https:\\\/\\\/www.linkedin.com\\\/company\\\/coatresa\\\/\",\"https:\\\/\\\/www.youtube.com\\\/user\\\/CoatresaCoatings\"]}]}<\/script>\n<!-- \/ Yoast SEO plugin. -->","yoast_head_json":{"title":"Gleitmo beschichtung - Coatresa","description":"Gleitmo Fuchs Beschichtung: mit Gleitmitteln wie Polytetrafluorethylen (PTFE) und Molybd\u00e4nbisulfid (MoS2). Fettfreie Trockenschmierung.","robots":{"index":"index","follow":"follow","max-snippet":"max-snippet:-1","max-image-preview":"max-image-preview:large","max-video-preview":"max-video-preview:-1"},"canonical":"https:\/\/www.coatresa.com\/de\/fuchs-gleitmo-beschichtung\/","og_locale":"de_DE","og_type":"article","og_title":"Gleitmo beschichtung - Coatresa","og_description":"Gleitmo Fuchs Beschichtung: mit Gleitmitteln wie Polytetrafluorethylen (PTFE) und Molybd\u00e4nbisulfid (MoS2). Fettfreie Trockenschmierung.","og_url":"https:\/\/www.coatresa.com\/de\/fuchs-gleitmo-beschichtung\/","og_site_name":"Coatresa","article_publisher":"https:\/\/www.facebook.com\/Coatresa\/","article_modified_time":"2020-01-13T10:46:56+00:00","og_image":[{"width":197,"height":197,"url":"https:\/\/www.coatresa.com\/wp-content\/uploads\/2018\/09\/recubrimiento-fuchs-gleitmo.png","type":"image\/png"}],"twitter_card":"summary_large_image","twitter_site":"@Coatresa","twitter_misc":{"Gesch\u00e4tzte Lesezeit":"1\u00a0Minute"},"schema":{"@context":"https:\/\/schema.org","@graph":[{"@type":"WebPage","@id":"https:\/\/www.coatresa.com\/de\/fuchs-gleitmo-beschichtung\/","url":"https:\/\/www.coatresa.com\/de\/fuchs-gleitmo-beschichtung\/","name":"Gleitmo beschichtung - Coatresa","isPartOf":{"@id":"https:\/\/www.coatresa.com\/de\/#website"},"primaryImageOfPage":{"@id":"https:\/\/www.coatresa.com\/de\/fuchs-gleitmo-beschichtung\/#primaryimage"},"image":{"@id":"https:\/\/www.coatresa.com\/de\/fuchs-gleitmo-beschichtung\/#primaryimage"},"thumbnailUrl":"https:\/\/www.coatresa.com\/wp-content\/uploads\/2018\/09\/recubrimiento-fuchs-gleitmo.png","datePublished":"2019-07-24T11:36:58+00:00","dateModified":"2020-01-13T10:46:56+00:00","description":"Gleitmo Fuchs Beschichtung: mit Gleitmitteln wie Polytetrafluorethylen (PTFE) und Molybd\u00e4nbisulfid (MoS2). Fettfreie Trockenschmierung.","breadcrumb":{"@id":"https:\/\/www.coatresa.com\/de\/fuchs-gleitmo-beschichtung\/#breadcrumb"},"inLanguage":"de","potentialAction":[{"@type":"ReadAction","target":["https:\/\/www.coatresa.com\/de\/fuchs-gleitmo-beschichtung\/"]}]},{"@type":"ImageObject","inLanguage":"de","@id":"https:\/\/www.coatresa.com\/de\/fuchs-gleitmo-beschichtung\/#primaryimage","url":"https:\/\/www.coatresa.com\/wp-content\/uploads\/2018\/09\/recubrimiento-fuchs-gleitmo.png","contentUrl":"https:\/\/www.coatresa.com\/wp-content\/uploads\/2018\/09\/recubrimiento-fuchs-gleitmo.png","width":197,"height":197,"caption":"Recubrimiento Fuchs Gleitmo"},{"@type":"BreadcrumbList","@id":"https:\/\/www.coatresa.com\/de\/fuchs-gleitmo-beschichtung\/#breadcrumb","itemListElement":[{"@type":"ListItem","position":1,"name":"Portada","item":"https:\/\/www.coatresa.com\/de\/"},{"@type":"ListItem","position":2,"name":"Gleitmo beschichtung"}]},{"@type":"WebSite","@id":"https:\/\/www.coatresa.com\/de\/#website","url":"https:\/\/www.coatresa.com\/de\/","name":"Coatresa","description":"Aplicaci\u00f3n de recubrimientos antiadherentes y anticorrosivos como el Teflon. Expertos del Powder Coating","publisher":{"@id":"https:\/\/www.coatresa.com\/de\/#organization"},"potentialAction":[{"@type":"SearchAction","target":{"@type":"EntryPoint","urlTemplate":"https:\/\/www.coatresa.com\/de\/?s={search_term_string}"},"query-input":{"@type":"PropertyValueSpecification","valueRequired":true,"valueName":"search_term_string"}}],"inLanguage":"de"},{"@type":"Organization","@id":"https:\/\/www.coatresa.com\/de\/#organization","name":"Coatresa","url":"https:\/\/www.coatresa.com\/de\/","logo":{"@type":"ImageObject","inLanguage":"de","@id":"https:\/\/www.coatresa.com\/de\/#\/schema\/logo\/image\/","url":"https:\/\/www.coatresa.com\/wp-content\/uploads\/2022\/07\/A_blava_mitja_transp.png","contentUrl":"https:\/\/www.coatresa.com\/wp-content\/uploads\/2022\/07\/A_blava_mitja_transp.png","width":340,"height":326,"caption":"Coatresa"},"image":{"@id":"https:\/\/www.coatresa.com\/de\/#\/schema\/logo\/image\/"},"sameAs":["https:\/\/www.facebook.com\/Coatresa\/","https:\/\/x.com\/Coatresa","https:\/\/www.linkedin.com\/company\/coatresa\/","https:\/\/www.youtube.com\/user\/CoatresaCoatings"]}]}},"_links":{"self":[{"href":"https:\/\/www.coatresa.com\/de\/wp-json\/wp\/v2\/pages\/17833","targetHints":{"allow":["GET"]}}],"collection":[{"href":"https:\/\/www.coatresa.com\/de\/wp-json\/wp\/v2\/pages"}],"about":[{"href":"https:\/\/www.coatresa.com\/de\/wp-json\/wp\/v2\/types\/page"}],"author":[{"embeddable":true,"href":"https:\/\/www.coatresa.com\/de\/wp-json\/wp\/v2\/users\/1"}],"replies":[{"embeddable":true,"href":"https:\/\/www.coatresa.com\/de\/wp-json\/wp\/v2\/comments?post=17833"}],"version-history":[{"count":0,"href":"https:\/\/www.coatresa.com\/de\/wp-json\/wp\/v2\/pages\/17833\/revisions"}],"wp:featuredmedia":[{"embeddable":true,"href":"https:\/\/www.coatresa.com\/de\/wp-json\/wp\/v2\/media\/12204"}],"wp:attachment":[{"href":"https:\/\/www.coatresa.com\/de\/wp-json\/wp\/v2\/media?parent=17833"}],"curies":[{"name":"wp","href":"https:\/\/api.w.org\/{rel}","templated":true}]}}