{"id":17843,"date":"2019-10-16T16:45:32","date_gmt":"2019-10-16T14:45:32","guid":{"rendered":"https:\/\/www.coatresa.com\/recubrimientos-dow\/"},"modified":"2020-01-13T11:59:58","modified_gmt":"2020-01-13T10:59:58","slug":"dow-beschichtungen","status":"publish","type":"page","link":"https:\/\/www.coatresa.com\/de\/dow-beschichtungen\/","title":{"rendered":"DOW beschichtungen"},"content":{"rendered":"<div id=\"pl-17843\"  class=\"panel-layout\" ><div id=\"pg-17843-0\"  class=\"panel-grid panel-has-style\" ><div style=\"padding: 0px 0; \" data-overlay=\"true\" data-overlay-color=\"#000000\" class=\"panel-row-style panel-row-style-for-17843-0\" ><div id=\"pgc-17843-0-0\"  class=\"panel-grid-cell\" ><div id=\"panel-17843-0-0-0\" class=\"so-panel widget_sow-image panel-first-child\" data-index=\"0\" ><div style=\"text-align: left;\" data-title-color=\"#47425d\" data-headings-color=\"#443f3f\" data-title_alignment=\"center\" class=\"panel-widget-style panel-widget-style-for-17843-0-0-0\" ><div\n\t\t\t\n\t\t\tclass=\"so-widget-sow-image so-widget-sow-image-default-c67d20f9f743-17843\"\n\t\t\t\n\t\t>\n<div class=\"sow-image-container\">\n\t\t<img \n\tsrc=\"https:\/\/www.coatresa.com\/wp-content\/uploads\/2019\/10\/recubrimientos-dow-1.png\" width=\"240\" height=\"120\" srcset=\"https:\/\/www.coatresa.com\/wp-content\/uploads\/2019\/10\/recubrimientos-dow-1.png 240w, https:\/\/www.coatresa.com\/wp-content\/uploads\/2019\/10\/recubrimientos-dow-1-230x115.png 230w\" sizes=\"(max-width: 240px) 100vw, 240px\" title=\"recubrimientos DOW\" alt=\"recubrimientos DOW\" \t\tclass=\"so-widget-image\"\/>\n\t<\/div>\n\n<\/div><\/div><\/div><div id=\"panel-17843-0-0-1\" class=\"so-panel widget_sow-editor panel-last-child\" data-index=\"1\" ><div style=\"text-align: left;\" data-title-color=\"#47425d\" data-headings-color=\"#000000\" data-title_alignment=\"center\" class=\"panel-widget-style panel-widget-style-for-17843-0-0-1\" ><div\n\t\t\t\n\t\t\tclass=\"so-widget-sow-editor so-widget-sow-editor-base\"\n\t\t\t\n\t\t>\n<div class=\"siteorigin-widget-tinymce textwidget\">\n\t<h1 style=\"text-align: center;\">DOW beschichtungen<\/h1>\n<hr \/>\n<p style=\"text-align: justify;\">Dow ist ein wichtiges US-amerikanisches Unternehmen f\u00fcr die Entwicklung technologischer Innovationen und bietet nachhaltige L\u00f6sungen, die den Wert der biologischen, chemischen und polymeren Wissenschaften zur Bew\u00e4ltigung von Herausforderungen wie der Erzeugung und Erhaltung erneuerbarer Energien nutzen. Als Branchenf\u00fchrer in den Bereichen Spezialchemikalien, fortschrittliche Materialien und Kunststoffe bietet es eine breite Palette technologiebasierter Produkte und L\u00f6sungen f\u00fcr Kunden in 180 L\u00e4ndern in wachstumsstarken Branchen wie Verpackung, Beschichtungen und Energieeffizienz.<\/p>\n<\/div>\n<\/div><\/div><\/div><\/div><\/div><\/div><div id=\"pg-17843-1\"  class=\"panel-grid panel-has-style\" ><div class=\"FRANJA-BLAVA-TITOL siteorigin-panels-stretch panel-row-style panel-row-style-for-17843-1\" style=\"padding: 0px 0; \" data-stretch-type=\"full\" data-overlay=\"true\" data-overlay-color=\"#000000\" ><div id=\"pgc-17843-1-0\"  class=\"panel-grid-cell\" ><div id=\"panel-17843-1-0-0\" class=\"so-panel widget_sow-editor panel-first-child panel-last-child\" data-index=\"2\" ><div class=\"blanc panel-widget-style panel-widget-style-for-17843-1-0-0\" style=\"text-align: left;\" data-title-color=\"#47425d\" data-headings-color=\"#443f3f\" data-title_alignment=\"center\" ><div\n\t\t\t\n\t\t\tclass=\"so-widget-sow-editor so-widget-sow-editor-base\"\n\t\t\t\n\t\t>\n<div class=\"siteorigin-widget-tinymce textwidget\">\n\t<h2 style=\"text-align: center;\">DOW produkte<\/h2>\n<\/div>\n<\/div><\/div><\/div><\/div><\/div><\/div><div id=\"pg-17843-2\"  class=\"panel-grid panel-has-style\" ><div class=\"BGC-GRIS siteorigin-panels-stretch panel-row-style panel-row-style-for-17843-2\" style=\"padding: 50px 0; \" data-stretch-type=\"full\" data-overlay=\"true\" data-overlay-color=\"#000000\" ><div id=\"pgc-17843-2-0\"  class=\"panel-grid-cell\" ><div id=\"panel-17843-2-0-0\" class=\"so-panel widget_siteorigin-panels-builder panel-first-child panel-last-child\" data-index=\"3\" ><div style=\"text-align: left;\" data-title-color=\"#47425d\" data-headings-color=\"#443f3f\" data-title_alignment=\"center\" class=\"panel-widget-style panel-widget-style-for-17843-2-0-0\" ><div id=\"pl-w5e1c4daeafb57\"  class=\"panel-layout\" ><div id=\"pg-w5e1c4daeafb57-0\"  class=\"panel-grid panel-has-style\" ><div style=\"padding: 0px 0; \" data-overlay=\"true\" data-overlay-color=\"#000000\" class=\"panel-row-style panel-row-style-for-w5e1c4daeafb57-0\" ><div id=\"pgc-w5e1c4daeafb57-0-0\"  class=\"panel-grid-cell\" ><div id=\"panel-w5e1c4daeafb57-0-0-0\" class=\"so-panel widget_sow-editor panel-first-child panel-last-child\" data-index=\"0\" ><div style=\"text-align: left;\" data-title-color=\"#47425d\" data-headings-color=\"#443f3f\" data-title_alignment=\"center\" class=\"panel-widget-style panel-widget-style-for-w5e1c4daeafb57-0-0-0\" ><div\n\t\t\t\n\t\t\tclass=\"so-widget-sow-editor so-widget-sow-editor-base\"\n\t\t\t\n\t\t>\n<div class=\"siteorigin-widget-tinymce textwidget\">\n\t<p style=\"text-align: justify;\">DOW verf\u00fcgt \u00fcber umfangreiche technische Erfahrung in der Beschichtungswissenschaft und sucht nach innovativen L\u00f6sungen zur Verbesserung von Leistung, Haltbarkeit, \u00c4sthetik und Nachhaltigkeit. Mit einem breiten Portfolio an Materialien bietet Dow die richtige L\u00f6sung f\u00fcr spezifische Anforderungen und Anwendungen in der Industriebeschichtung:<\/p>\n<\/div>\n<\/div><\/div><\/div><\/div><\/div><\/div><div id=\"pg-w5e1c4daeafb57-1\"  class=\"panel-grid panel-has-style\" ><div style=\"padding: 0px 0; \" data-overlay=\"true\" data-overlay-color=\"#000000\" class=\"panel-row-style panel-row-style-for-w5e1c4daeafb57-1\" ><div id=\"pgc-w5e1c4daeafb57-1-0\"  class=\"panel-grid-cell panel-grid-cell-empty\" ><\/div><div id=\"pgc-w5e1c4daeafb57-1-1\"  class=\"panel-grid-cell\" ><div id=\"panel-w5e1c4daeafb57-1-1-0\" class=\"so-panel widget_sow-editor panel-first-child panel-last-child\" data-index=\"1\" ><div style=\"text-align: left;\" data-title-color=\"#47425d\" data-headings-color=\"#443f3f\" data-title_alignment=\"center\" class=\"panel-widget-style panel-widget-style-for-w5e1c4daeafb57-1-1-0\" ><div\n\t\t\t\n\t\t\tclass=\"so-widget-sow-editor so-widget-sow-editor-base\"\n\t\t\t\n\t\t>\n<div class=\"siteorigin-widget-tinymce textwidget\">\n\t<ul>\n<li>Wasserbasierte Acrylate und L\u00f6sungsmittel f\u00fcr die industrielle Beschichtungen und Instandhaltung<\/li>\n<li>Technische L\u00f6sungen zur Schalld\u00e4mmung<\/li>\n<li>Silikonharz-Technologie f\u00fcr einfache Handhabung<\/li>\n<\/ul>\n<\/div>\n<\/div><\/div><\/div><\/div><div id=\"pgc-w5e1c4daeafb57-1-2\"  class=\"panel-grid-cell panel-grid-cell-mobile-last\" ><div id=\"panel-w5e1c4daeafb57-1-2-0\" class=\"so-panel widget_sow-editor panel-first-child panel-last-child\" data-index=\"2\" ><div style=\"text-align: left;\" data-title-color=\"#47425d\" data-headings-color=\"#443f3f\" data-title_alignment=\"center\" class=\"panel-widget-style panel-widget-style-for-w5e1c4daeafb57-1-2-0\" ><div\n\t\t\t\n\t\t\tclass=\"so-widget-sow-editor so-widget-sow-editor-base\"\n\t\t\t\n\t\t>\n<div class=\"siteorigin-widget-tinymce textwidget\">\n\t<ul>\n<li>Additive zur Verbesserung der Oberfl\u00e4cheneigenschaften<\/li>\n<li>L\u00f6sungsmittel mit unterschiedlichen Verdampfungsraten<\/li>\n<li>Koaleszenzmittel und Co-L\u00f6sungsmittel f\u00fcr wasserbasierte industrielle Anwendungen<\/li>\n<\/ul>\n<\/div>\n<\/div><\/div><\/div><\/div><div id=\"pgc-w5e1c4daeafb57-1-3\"  class=\"panel-grid-cell panel-grid-cell-empty\" ><\/div><\/div><\/div><div id=\"pg-w5e1c4daeafb57-2\"  class=\"panel-grid panel-has-style\" ><div style=\"padding: 0px 0; \" data-overlay=\"true\" data-overlay-color=\"#000000\" class=\"panel-row-style panel-row-style-for-w5e1c4daeafb57-2\" ><div id=\"pgc-w5e1c4daeafb57-2-0\"  class=\"panel-grid-cell panel-grid-cell-empty\" ><\/div><div id=\"pgc-w5e1c4daeafb57-2-1\"  class=\"panel-grid-cell\" ><div class=\"BGC-BLANC panel-cell-style panel-cell-style-for-w5e1c4daeafb57-2-1\" ><div id=\"panel-w5e1c4daeafb57-2-1-0\" class=\"so-panel widget_sow-image panel-first-child panel-last-child\" data-index=\"3\" ><div class=\"PADDING-H-1 AUGMENTAR-ICONA panel-widget-style panel-widget-style-for-w5e1c4daeafb57-2-1-0\" style=\"text-align: left;\" data-title-color=\"#47425d\" data-headings-color=\"#443f3f\" data-title_alignment=\"center\" ><div\n\t\t\t\n\t\t\tclass=\"so-widget-sow-image so-widget-sow-image-default-c67d20f9f743\"\n\t\t\t\n\t\t>\n<div class=\"sow-image-container\">\n\t\t\t<a href=\"\/de\/dow-molykote-beschichtung\"\n\t\t\t\t\t>\n\t\t\t<img \n\tsrc=\"https:\/\/www.coatresa.com\/wp-content\/uploads\/2019\/10\/recubrimientos-dow-molykote.png\" width=\"240\" height=\"197\" srcset=\"https:\/\/www.coatresa.com\/wp-content\/uploads\/2019\/10\/recubrimientos-dow-molykote.png 240w, https:\/\/www.coatresa.com\/wp-content\/uploads\/2019\/10\/recubrimientos-dow-molykote-230x189.png 230w\" sizes=\"(max-width: 240px) 100vw, 240px\" title=\"recubrimientos Molykote de DOW\" alt=\"recubrimientos Molykote de DOW\" \t\tclass=\"so-widget-image\"\/>\n\t\t\t<\/a><\/div>\n\n<\/div><\/div><\/div><\/div><\/div><div id=\"pgc-w5e1c4daeafb57-2-2\"  class=\"panel-grid-cell panel-grid-cell-mobile-last\" ><div class=\"BGC-GRIS-CLAR panel-cell-style panel-cell-style-for-w5e1c4daeafb57-2-2\" ><div id=\"panel-w5e1c4daeafb57-2-2-0\" class=\"so-panel widget_sow-image panel-first-child panel-last-child\" data-index=\"4\" ><div class=\"PADDING-H-1 panel-widget-style panel-widget-style-for-w5e1c4daeafb57-2-2-0\" style=\"text-align: left;\" data-title-color=\"#47425d\" data-headings-color=\"#443f3f\" data-title_alignment=\"center\" ><div\n\t\t\t\n\t\t\tclass=\"so-widget-sow-image so-widget-sow-image-default-c67d20f9f743\"\n\t\t\t\n\t\t>\n<div class=\"sow-image-container\">\n\t\t<img \n\tsrc=\"https:\/\/www.coatresa.com\/wp-content\/uploads\/2019\/10\/recubrimientos-dow-xiameter.png\" width=\"240\" height=\"197\" srcset=\"https:\/\/www.coatresa.com\/wp-content\/uploads\/2019\/10\/recubrimientos-dow-xiameter.png 240w, https:\/\/www.coatresa.com\/wp-content\/uploads\/2019\/10\/recubrimientos-dow-xiameter-230x189.png 230w\" sizes=\"(max-width: 240px) 100vw, 240px\" title=\"recubrimientos Xiameter de DOW\" alt=\"\" \t\tclass=\"so-widget-image\"\/>\n\t<\/div>\n\n<\/div><\/div><\/div><\/div><\/div><div id=\"pgc-w5e1c4daeafb57-2-3\"  class=\"panel-grid-cell panel-grid-cell-empty\" ><\/div><\/div><\/div><\/div><\/div><\/div><\/div><\/div><\/div><div id=\"pg-17843-3\"  class=\"panel-grid panel-has-style\" ><div style=\"padding: 50px 0; \" data-overlay=\"true\" data-overlay-color=\"#000000\" class=\"panel-row-style panel-row-style-for-17843-3\" ><div id=\"pgc-17843-3-0\"  class=\"panel-grid-cell\" ><div id=\"panel-17843-3-0-0\" class=\"so-panel widget_siteorigin-panels-builder panel-first-child panel-last-child\" data-index=\"4\" ><div style=\"text-align: left;\" data-title-color=\"#47425d\" data-headings-color=\"#443f3f\" data-title_alignment=\"center\" class=\"panel-widget-style panel-widget-style-for-17843-3-0-0\" ><div id=\"pl-w5da73c9f5ce0e\"  class=\"panel-layout\" ><div id=\"pg-w5da73c9f5ce0e-0\"  class=\"panel-grid panel-has-style\" ><div style=\"padding: 0px 0; \" data-overlay=\"true\" data-overlay-color=\"#000000\" class=\"panel-row-style panel-row-style-for-w5da73c9f5ce0e-0\" ><div id=\"pgc-w5da73c9f5ce0e-0-0\"  class=\"panel-grid-cell\" ><div id=\"panel-w5da73c9f5ce0e-0-0-0\" class=\"so-panel widget_sow-editor panel-first-child panel-last-child\" data-index=\"0\" ><div style=\"text-align: left;\" data-title-color=\"#47425d\" data-headings-color=\"#443f3f\" data-title_alignment=\"center\" class=\"panel-widget-style panel-widget-style-for-w5da73c9f5ce0e-0-0-0\" ><div\n\t\t\t\n\t\t\tclass=\"so-widget-sow-editor so-widget-sow-editor-base\"\n\t\t\t\n\t\t>\n<div class=\"siteorigin-widget-tinymce textwidget\">\n\t<h3 class=\"BLAU-FOSC\" style=\"text-align: center;\">Referencias de Xiameter\u00ae<\/h3>\n<p style=\"text-align: center; padding-top: 40px;\"><b>SLT-3445<\/b><br \/>\n<b>SLT-5130<\/b><br \/>\n<b>SLT-5200<\/b><br \/>\n<b>SLT-5331<\/b><br \/>\n<b>SLT-5400<\/b><br \/>\n<b>SLT-7000<\/b><br \/>\n<b>SLT-7460<\/b><br \/>\n<b>SLT-7160<\/b><\/p>\n<\/div>\n<\/div><\/div><\/div><\/div><\/div><\/div><\/div><\/div><\/div><\/div><\/div><\/div><\/div>","protected":false},"excerpt":{"rendered":"<p>DOW beschichtungen Dow ist ein wichtiges US-amerikanisches Unternehmen f\u00fcr die Entwicklung technologischer Innovationen und bietet nachhaltige L\u00f6sungen, die den Wert der biologischen, [&hellip;]<\/p>\n","protected":false},"author":1,"featured_media":16001,"parent":0,"menu_order":0,"comment_status":"closed","ping_status":"closed","template":"page-templates\/page_fullwidth.php","meta":{"footnotes":""},"class_list":["post-17843","page","type-page","status-publish","has-post-thumbnail","hentry"],"yoast_head":"<!-- This site is optimized with the Yoast SEO plugin v27.6 - https:\/\/yoast.com\/product\/yoast-seo-wordpress\/ -->\n<title>DOW beschichtungen - Coatresa<\/title>\n<meta name=\"description\" content=\"DOW Beschichtungen: eine breite Palette von Produkten zur Verbesserung von Leistung, Haltbarkeit, \u00c4sthetik und Nachhaltigkeit. Hochleistungskunststoffe.\" \/>\n<meta name=\"robots\" content=\"index, follow, max-snippet:-1, max-image-preview:large, max-video-preview:-1\" \/>\n<link rel=\"canonical\" href=\"https:\/\/www.coatresa.com\/de\/dow-beschichtungen\/\" \/>\n<meta property=\"og:locale\" content=\"de_DE\" \/>\n<meta property=\"og:type\" content=\"article\" \/>\n<meta property=\"og:title\" content=\"DOW beschichtungen - Coatresa\" \/>\n<meta property=\"og:description\" content=\"DOW Beschichtungen: eine breite Palette von Produkten zur Verbesserung von Leistung, Haltbarkeit, \u00c4sthetik und Nachhaltigkeit. Hochleistungskunststoffe.\" \/>\n<meta property=\"og:url\" content=\"https:\/\/www.coatresa.com\/de\/dow-beschichtungen\/\" \/>\n<meta property=\"og:site_name\" content=\"Coatresa\" \/>\n<meta property=\"article:publisher\" content=\"https:\/\/www.facebook.com\/Coatresa\/\" \/>\n<meta property=\"article:modified_time\" content=\"2020-01-13T10:59:58+00:00\" \/>\n<meta property=\"og:image\" content=\"https:\/\/www.coatresa.com\/wp-content\/uploads\/2019\/10\/recubrimientos-dow-1.png\" \/>\n\t<meta property=\"og:image:width\" content=\"240\" \/>\n\t<meta property=\"og:image:height\" content=\"120\" \/>\n\t<meta property=\"og:image:type\" content=\"image\/png\" \/>\n<meta name=\"twitter:card\" content=\"summary_large_image\" \/>\n<meta name=\"twitter:site\" content=\"@Coatresa\" \/>\n<meta name=\"twitter:label1\" content=\"Gesch\u00e4tzte Lesezeit\" \/>\n\t<meta name=\"twitter:data1\" content=\"1\u00a0Minute\" \/>\n<script type=\"application\/ld+json\" class=\"yoast-schema-graph\">{\"@context\":\"https:\\\/\\\/schema.org\",\"@graph\":[{\"@type\":\"WebPage\",\"@id\":\"https:\\\/\\\/www.coatresa.com\\\/de\\\/dow-beschichtungen\\\/\",\"url\":\"https:\\\/\\\/www.coatresa.com\\\/de\\\/dow-beschichtungen\\\/\",\"name\":\"DOW beschichtungen - Coatresa\",\"isPartOf\":{\"@id\":\"https:\\\/\\\/www.coatresa.com\\\/de\\\/#website\"},\"primaryImageOfPage\":{\"@id\":\"https:\\\/\\\/www.coatresa.com\\\/de\\\/dow-beschichtungen\\\/#primaryimage\"},\"image\":{\"@id\":\"https:\\\/\\\/www.coatresa.com\\\/de\\\/dow-beschichtungen\\\/#primaryimage\"},\"thumbnailUrl\":\"https:\\\/\\\/www.coatresa.com\\\/wp-content\\\/uploads\\\/2019\\\/10\\\/recubrimientos-dow-1.png\",\"datePublished\":\"2019-10-16T14:45:32+00:00\",\"dateModified\":\"2020-01-13T10:59:58+00:00\",\"description\":\"DOW Beschichtungen: eine breite Palette von Produkten zur Verbesserung von Leistung, Haltbarkeit, \u00c4sthetik und Nachhaltigkeit. Hochleistungskunststoffe.\",\"breadcrumb\":{\"@id\":\"https:\\\/\\\/www.coatresa.com\\\/de\\\/dow-beschichtungen\\\/#breadcrumb\"},\"inLanguage\":\"de\",\"potentialAction\":[{\"@type\":\"ReadAction\",\"target\":[\"https:\\\/\\\/www.coatresa.com\\\/de\\\/dow-beschichtungen\\\/\"]}]},{\"@type\":\"ImageObject\",\"inLanguage\":\"de\",\"@id\":\"https:\\\/\\\/www.coatresa.com\\\/de\\\/dow-beschichtungen\\\/#primaryimage\",\"url\":\"https:\\\/\\\/www.coatresa.com\\\/wp-content\\\/uploads\\\/2019\\\/10\\\/recubrimientos-dow-1.png\",\"contentUrl\":\"https:\\\/\\\/www.coatresa.com\\\/wp-content\\\/uploads\\\/2019\\\/10\\\/recubrimientos-dow-1.png\",\"width\":240,\"height\":120,\"caption\":\"DOW beschichtungen\"},{\"@type\":\"BreadcrumbList\",\"@id\":\"https:\\\/\\\/www.coatresa.com\\\/de\\\/dow-beschichtungen\\\/#breadcrumb\",\"itemListElement\":[{\"@type\":\"ListItem\",\"position\":1,\"name\":\"Portada\",\"item\":\"https:\\\/\\\/www.coatresa.com\\\/de\\\/\"},{\"@type\":\"ListItem\",\"position\":2,\"name\":\"DOW beschichtungen\"}]},{\"@type\":\"WebSite\",\"@id\":\"https:\\\/\\\/www.coatresa.com\\\/de\\\/#website\",\"url\":\"https:\\\/\\\/www.coatresa.com\\\/de\\\/\",\"name\":\"Coatresa\",\"description\":\"Aplicaci\u00f3n de recubrimientos antiadherentes y anticorrosivos como el Teflon. Expertos del Powder Coating\",\"publisher\":{\"@id\":\"https:\\\/\\\/www.coatresa.com\\\/de\\\/#organization\"},\"potentialAction\":[{\"@type\":\"SearchAction\",\"target\":{\"@type\":\"EntryPoint\",\"urlTemplate\":\"https:\\\/\\\/www.coatresa.com\\\/de\\\/?s={search_term_string}\"},\"query-input\":{\"@type\":\"PropertyValueSpecification\",\"valueRequired\":true,\"valueName\":\"search_term_string\"}}],\"inLanguage\":\"de\"},{\"@type\":\"Organization\",\"@id\":\"https:\\\/\\\/www.coatresa.com\\\/de\\\/#organization\",\"name\":\"Coatresa\",\"url\":\"https:\\\/\\\/www.coatresa.com\\\/de\\\/\",\"logo\":{\"@type\":\"ImageObject\",\"inLanguage\":\"de\",\"@id\":\"https:\\\/\\\/www.coatresa.com\\\/de\\\/#\\\/schema\\\/logo\\\/image\\\/\",\"url\":\"https:\\\/\\\/www.coatresa.com\\\/wp-content\\\/uploads\\\/2022\\\/07\\\/A_blava_mitja_transp.png\",\"contentUrl\":\"https:\\\/\\\/www.coatresa.com\\\/wp-content\\\/uploads\\\/2022\\\/07\\\/A_blava_mitja_transp.png\",\"width\":340,\"height\":326,\"caption\":\"Coatresa\"},\"image\":{\"@id\":\"https:\\\/\\\/www.coatresa.com\\\/de\\\/#\\\/schema\\\/logo\\\/image\\\/\"},\"sameAs\":[\"https:\\\/\\\/www.facebook.com\\\/Coatresa\\\/\",\"https:\\\/\\\/x.com\\\/Coatresa\",\"https:\\\/\\\/www.linkedin.com\\\/company\\\/coatresa\\\/\",\"https:\\\/\\\/www.youtube.com\\\/user\\\/CoatresaCoatings\"]}]}<\/script>\n<!-- \/ Yoast SEO plugin. -->","yoast_head_json":{"title":"DOW beschichtungen - Coatresa","description":"DOW Beschichtungen: eine breite Palette von Produkten zur Verbesserung von Leistung, Haltbarkeit, \u00c4sthetik und Nachhaltigkeit. Hochleistungskunststoffe.","robots":{"index":"index","follow":"follow","max-snippet":"max-snippet:-1","max-image-preview":"max-image-preview:large","max-video-preview":"max-video-preview:-1"},"canonical":"https:\/\/www.coatresa.com\/de\/dow-beschichtungen\/","og_locale":"de_DE","og_type":"article","og_title":"DOW beschichtungen - Coatresa","og_description":"DOW Beschichtungen: eine breite Palette von Produkten zur Verbesserung von Leistung, Haltbarkeit, \u00c4sthetik und Nachhaltigkeit. Hochleistungskunststoffe.","og_url":"https:\/\/www.coatresa.com\/de\/dow-beschichtungen\/","og_site_name":"Coatresa","article_publisher":"https:\/\/www.facebook.com\/Coatresa\/","article_modified_time":"2020-01-13T10:59:58+00:00","og_image":[{"width":240,"height":120,"url":"https:\/\/www.coatresa.com\/wp-content\/uploads\/2019\/10\/recubrimientos-dow-1.png","type":"image\/png"}],"twitter_card":"summary_large_image","twitter_site":"@Coatresa","twitter_misc":{"Gesch\u00e4tzte Lesezeit":"1\u00a0Minute"},"schema":{"@context":"https:\/\/schema.org","@graph":[{"@type":"WebPage","@id":"https:\/\/www.coatresa.com\/de\/dow-beschichtungen\/","url":"https:\/\/www.coatresa.com\/de\/dow-beschichtungen\/","name":"DOW beschichtungen - Coatresa","isPartOf":{"@id":"https:\/\/www.coatresa.com\/de\/#website"},"primaryImageOfPage":{"@id":"https:\/\/www.coatresa.com\/de\/dow-beschichtungen\/#primaryimage"},"image":{"@id":"https:\/\/www.coatresa.com\/de\/dow-beschichtungen\/#primaryimage"},"thumbnailUrl":"https:\/\/www.coatresa.com\/wp-content\/uploads\/2019\/10\/recubrimientos-dow-1.png","datePublished":"2019-10-16T14:45:32+00:00","dateModified":"2020-01-13T10:59:58+00:00","description":"DOW Beschichtungen: eine breite Palette von Produkten zur Verbesserung von Leistung, Haltbarkeit, \u00c4sthetik und Nachhaltigkeit. Hochleistungskunststoffe.","breadcrumb":{"@id":"https:\/\/www.coatresa.com\/de\/dow-beschichtungen\/#breadcrumb"},"inLanguage":"de","potentialAction":[{"@type":"ReadAction","target":["https:\/\/www.coatresa.com\/de\/dow-beschichtungen\/"]}]},{"@type":"ImageObject","inLanguage":"de","@id":"https:\/\/www.coatresa.com\/de\/dow-beschichtungen\/#primaryimage","url":"https:\/\/www.coatresa.com\/wp-content\/uploads\/2019\/10\/recubrimientos-dow-1.png","contentUrl":"https:\/\/www.coatresa.com\/wp-content\/uploads\/2019\/10\/recubrimientos-dow-1.png","width":240,"height":120,"caption":"DOW beschichtungen"},{"@type":"BreadcrumbList","@id":"https:\/\/www.coatresa.com\/de\/dow-beschichtungen\/#breadcrumb","itemListElement":[{"@type":"ListItem","position":1,"name":"Portada","item":"https:\/\/www.coatresa.com\/de\/"},{"@type":"ListItem","position":2,"name":"DOW beschichtungen"}]},{"@type":"WebSite","@id":"https:\/\/www.coatresa.com\/de\/#website","url":"https:\/\/www.coatresa.com\/de\/","name":"Coatresa","description":"Aplicaci\u00f3n de recubrimientos antiadherentes y anticorrosivos como el Teflon. Expertos del Powder Coating","publisher":{"@id":"https:\/\/www.coatresa.com\/de\/#organization"},"potentialAction":[{"@type":"SearchAction","target":{"@type":"EntryPoint","urlTemplate":"https:\/\/www.coatresa.com\/de\/?s={search_term_string}"},"query-input":{"@type":"PropertyValueSpecification","valueRequired":true,"valueName":"search_term_string"}}],"inLanguage":"de"},{"@type":"Organization","@id":"https:\/\/www.coatresa.com\/de\/#organization","name":"Coatresa","url":"https:\/\/www.coatresa.com\/de\/","logo":{"@type":"ImageObject","inLanguage":"de","@id":"https:\/\/www.coatresa.com\/de\/#\/schema\/logo\/image\/","url":"https:\/\/www.coatresa.com\/wp-content\/uploads\/2022\/07\/A_blava_mitja_transp.png","contentUrl":"https:\/\/www.coatresa.com\/wp-content\/uploads\/2022\/07\/A_blava_mitja_transp.png","width":340,"height":326,"caption":"Coatresa"},"image":{"@id":"https:\/\/www.coatresa.com\/de\/#\/schema\/logo\/image\/"},"sameAs":["https:\/\/www.facebook.com\/Coatresa\/","https:\/\/x.com\/Coatresa","https:\/\/www.linkedin.com\/company\/coatresa\/","https:\/\/www.youtube.com\/user\/CoatresaCoatings"]}]}},"_links":{"self":[{"href":"https:\/\/www.coatresa.com\/de\/wp-json\/wp\/v2\/pages\/17843","targetHints":{"allow":["GET"]}}],"collection":[{"href":"https:\/\/www.coatresa.com\/de\/wp-json\/wp\/v2\/pages"}],"about":[{"href":"https:\/\/www.coatresa.com\/de\/wp-json\/wp\/v2\/types\/page"}],"author":[{"embeddable":true,"href":"https:\/\/www.coatresa.com\/de\/wp-json\/wp\/v2\/users\/1"}],"replies":[{"embeddable":true,"href":"https:\/\/www.coatresa.com\/de\/wp-json\/wp\/v2\/comments?post=17843"}],"version-history":[{"count":0,"href":"https:\/\/www.coatresa.com\/de\/wp-json\/wp\/v2\/pages\/17843\/revisions"}],"wp:featuredmedia":[{"embeddable":true,"href":"https:\/\/www.coatresa.com\/de\/wp-json\/wp\/v2\/media\/16001"}],"wp:attachment":[{"href":"https:\/\/www.coatresa.com\/de\/wp-json\/wp\/v2\/media?parent=17843"}],"curies":[{"name":"wp","href":"https:\/\/api.w.org\/{rel}","templated":true}]}}