{"id":17849,"date":"2019-09-04T13:34:02","date_gmt":"2019-09-04T11:34:02","guid":{"rendered":"https:\/\/www.coatresa.com\/recubrimientos-akzonobel\/"},"modified":"2021-02-08T12:40:47","modified_gmt":"2021-02-08T11:40:47","slug":"akzonobel-beschichtungen","status":"publish","type":"page","link":"https:\/\/www.coatresa.com\/de\/akzonobel-beschichtungen\/","title":{"rendered":"AkzoNobel beschichtungen"},"content":{"rendered":"<div id=\"pl-17849\"  class=\"panel-layout\" ><div id=\"pg-17849-0\"  class=\"panel-grid panel-has-style\" ><div style=\"padding: 0px 0; \" data-overlay=\"true\" data-overlay-color=\"#000000\" class=\"panel-row-style panel-row-style-for-17849-0\" ><div id=\"pgc-17849-0-0\"  class=\"panel-grid-cell\" ><div id=\"panel-17849-0-0-0\" class=\"so-panel widget_sow-image panel-first-child\" data-index=\"0\" ><div style=\"text-align: left;\" data-title-color=\"#47425d\" data-headings-color=\"#443f3f\" data-title_alignment=\"center\" class=\"panel-widget-style panel-widget-style-for-17849-0-0-0\" ><div\n\t\t\t\n\t\t\tclass=\"so-widget-sow-image so-widget-sow-image-default-c67d20f9f743-17849\"\n\t\t\t\n\t\t>\n<div class=\"sow-image-container\">\n\t\t<img \n\tsrc=\"https:\/\/www.coatresa.com\/wp-content\/uploads\/2019\/09\/recubrimientos-akzonobel.png\" width=\"200\" height=\"120\" sizes=\"(max-width: 200px) 100vw, 200px\" title=\"recubrimientos AkzoNobel\" alt=\"recubrimientos AkzoNobel\" \t\tclass=\"so-widget-image\"\/>\n\t<\/div>\n\n<\/div><\/div><\/div><div id=\"panel-17849-0-0-1\" class=\"so-panel widget_sow-editor panel-last-child\" data-index=\"1\" ><div style=\"text-align: left;\" data-title-color=\"#47425d\" data-headings-color=\"#000000\" data-title_alignment=\"center\" class=\"panel-widget-style panel-widget-style-for-17849-0-0-1\" ><div\n\t\t\t\n\t\t\tclass=\"so-widget-sow-editor so-widget-sow-editor-base\"\n\t\t\t\n\t\t>\n<div class=\"siteorigin-widget-tinymce textwidget\">\n\t<h1 style=\"text-align: center;\">AkzoNobel beschichtungen<\/h1>\n<hr \/>\n<p style=\"text-align: justify;\">AkzoNobel Powder Coatings, Teil der AkzoNobel-Gruppe, ist der weltweit gr\u00f6\u00dfte Hersteller von Pulverbeschichtungen. AkzoNobel mit Sitz in Amsterdam ist ein multinationales Unternehmen, das sich auf Dekorfarben, Spezialchemikalien und Industrielacke oder technische Beschichtungen spezialisiert hat. Die Hochtechnologie der Pulverbeschichtungen bietet H\u00f6chstleistungen in allen Industriebereichen wie Architektur und Bauwesen, Automobil, Verpackung, Elektronik, Gas, \u00d6l, Chemie und Petrochemie.<\/p>\n<p style=\"text-align: justify;\">Mit Aktivit\u00e4ten auf der ganzen Welt ist das aktuelle AzkoNobel das Ergebnis von mehreren Fusionen und \u00dcbernahmen von Unternehmen. Seine Urspr\u00fcnge gehen auf das 17. Jahrhundert mit der Firma Bofors Forge zur\u00fcck, die 1646 in Schweden gegr\u00fcndet wurde. Akzo wurde 1969 gegr\u00fcndet und fusionierte sp\u00e4ter mit dem schwedischen Unternehmen Nobel Industries (gegr\u00fcndet von Alfred Nobel), das schlie\u00dflich den heutigen Namen des Unternehmens erhielt.<\/p>\n<\/div>\n<\/div><\/div><\/div><\/div><\/div><\/div><div id=\"pg-17849-1\"  class=\"panel-grid panel-has-style\" ><div class=\"FRANJA-BLAVA-TITOL siteorigin-panels-stretch panel-row-style panel-row-style-for-17849-1\" style=\"padding: 0px 0; \" data-stretch-type=\"full\" data-overlay=\"true\" data-overlay-color=\"#000000\" ><div id=\"pgc-17849-1-0\"  class=\"panel-grid-cell\" ><div id=\"panel-17849-1-0-0\" class=\"so-panel widget_sow-editor panel-first-child panel-last-child\" data-index=\"2\" ><div class=\"blanc panel-widget-style panel-widget-style-for-17849-1-0-0\" style=\"text-align: left;\" data-title-color=\"#47425d\" data-headings-color=\"#443f3f\" data-title_alignment=\"center\" ><div\n\t\t\t\n\t\t\tclass=\"so-widget-sow-editor so-widget-sow-editor-base\"\n\t\t\t\n\t\t>\n<div class=\"siteorigin-widget-tinymce textwidget\">\n\t<h2 style=\"text-align: center;\">AkzoNobel produkte<\/h2>\n<\/div>\n<\/div><\/div><\/div><\/div><\/div><\/div><div id=\"pg-17849-2\"  class=\"panel-grid panel-has-style\" ><div class=\"BGC-GRIS siteorigin-panels-stretch panel-row-style panel-row-style-for-17849-2\" style=\"padding: 50px 0; \" data-stretch-type=\"full\" data-overlay=\"true\" data-overlay-color=\"#000000\" ><div id=\"pgc-17849-2-0\"  class=\"panel-grid-cell\" ><div id=\"panel-17849-2-0-0\" class=\"so-panel widget_siteorigin-panels-builder panel-first-child panel-last-child\" data-index=\"3\" ><div style=\"text-align: left;\" data-title-color=\"#47425d\" data-headings-color=\"#443f3f\" data-title_alignment=\"center\" class=\"panel-widget-style panel-widget-style-for-17849-2-0-0\" ><div id=\"pl-w6021233fa56f3\"  class=\"panel-layout\" ><div id=\"pg-w6021233fa56f3-0\"  class=\"panel-grid panel-has-style\" ><div style=\"padding: 0px 0; \" data-overlay=\"true\" data-overlay-color=\"#000000\" class=\"panel-row-style panel-row-style-for-w6021233fa56f3-0\" ><div id=\"pgc-w6021233fa56f3-0-0\"  class=\"panel-grid-cell\" ><div id=\"panel-w6021233fa56f3-0-0-0\" class=\"so-panel widget_sow-editor panel-first-child panel-last-child\" data-index=\"0\" ><div style=\"text-align: left;\" data-title-color=\"#47425d\" data-headings-color=\"#443f3f\" data-title_alignment=\"center\" class=\"panel-widget-style panel-widget-style-for-w6021233fa56f3-0-0-0\" ><div\n\t\t\t\n\t\t\tclass=\"so-widget-sow-editor so-widget-sow-editor-base\"\n\t\t\t\n\t\t>\n<div class=\"siteorigin-widget-tinymce textwidget\">\n\t<p style=\"text-align: justify;\">AkzoNobel ist das weltweit gr\u00f6\u00dfte Unternehmen im Bereich Industrielacke und hochleistungsf\u00e4hige technische Beschichtungen. Das Unternehmen ist auf die Entwicklung nachhaltiger L\u00f6sungen f\u00fcr verschiedene Industriezweige spezialisiert, darunter Autolacke, Marine- und Au\u00dfenschutzlacke, Pulverlacke, Industrielacke, Holzklebstoffe und Verpackungslacke.<\/p>\n<p style=\"text-align: justify;\">Die innovativen Produkte werden haupts\u00e4chlich unter den Marken Interpon\u00ae und Resicoat\u00ae eingesetzt.<\/p>\n<\/div>\n<\/div><\/div><\/div><\/div><\/div><\/div><div id=\"pg-w6021233fa56f3-1\"  class=\"panel-grid panel-has-style\" ><div style=\"padding: 0px 0; \" data-overlay=\"true\" data-overlay-color=\"#000000\" class=\"panel-row-style panel-row-style-for-w6021233fa56f3-1\" ><div id=\"pgc-w6021233fa56f3-1-0\"  class=\"panel-grid-cell panel-grid-cell-empty\" ><\/div><div id=\"pgc-w6021233fa56f3-1-1\"  class=\"panel-grid-cell\" ><div class=\"BGC-BLANC panel-cell-style panel-cell-style-for-w6021233fa56f3-1-1\" ><div id=\"panel-w6021233fa56f3-1-1-0\" class=\"so-panel widget_sow-image panel-first-child panel-last-child\" data-index=\"1\" ><div class=\"PADDING-H-1 AUGMENTAR-ICONA panel-widget-style panel-widget-style-for-w6021233fa56f3-1-1-0\" style=\"text-align: left;\" data-title-color=\"#47425d\" data-headings-color=\"#443f3f\" data-title_alignment=\"center\" ><div\n\t\t\t\n\t\t\tclass=\"so-widget-sow-image so-widget-sow-image-default-c67d20f9f743\"\n\t\t\t\n\t\t>\n<div class=\"sow-image-container\">\n\t\t\t<a href=\"\/de\/akzonobel-resicoat-beschichtung\"\n\t\t\t\t\t>\n\t\t\t<img \n\tsrc=\"https:\/\/www.coatresa.com\/wp-content\/uploads\/2019\/09\/recubrimientos-akzonobel-resicoat.png\" width=\"197\" height=\"197\" srcset=\"https:\/\/www.coatresa.com\/wp-content\/uploads\/2019\/09\/recubrimientos-akzonobel-resicoat.png 197w, https:\/\/www.coatresa.com\/wp-content\/uploads\/2019\/09\/recubrimientos-akzonobel-resicoat-150x150.png 150w\" sizes=\"(max-width: 197px) 100vw, 197px\" title=\"recubrimiento AkzoNobel Resicoat\" alt=\"recubrimiento AkzoNobel Resicoat\" \t\tclass=\"so-widget-image\"\/>\n\t\t\t<\/a><\/div>\n\n<\/div><\/div><\/div><\/div><\/div><div id=\"pgc-w6021233fa56f3-1-2\"  class=\"panel-grid-cell panel-grid-cell-mobile-last\" ><div class=\"BGC-GRIS-CLAR panel-cell-style panel-cell-style-for-w6021233fa56f3-1-2\" ><div id=\"panel-w6021233fa56f3-1-2-0\" class=\"so-panel widget_sow-image panel-first-child panel-last-child\" data-index=\"2\" ><div class=\"PADDING-H-1 AUGMENTAR-ICONA panel-widget-style panel-widget-style-for-w6021233fa56f3-1-2-0\" style=\"text-align: left;\" data-title-color=\"#47425d\" data-headings-color=\"#443f3f\" data-title_alignment=\"center\" ><div\n\t\t\t\n\t\t\tclass=\"so-widget-sow-image so-widget-sow-image-default-c67d20f9f743\"\n\t\t\t\n\t\t>\n<div class=\"sow-image-container\">\n\t\t\t<a href=\"\/de\/interpon-redox\/\"\n\t\t\t\t\t>\n\t\t\t<img \n\tsrc=\"https:\/\/www.coatresa.com\/wp-content\/uploads\/2021\/02\/Diseno-sin-titulo-6.png\" width=\"197\" height=\"197\" srcset=\"https:\/\/www.coatresa.com\/wp-content\/uploads\/2021\/02\/Diseno-sin-titulo-6.png 197w, https:\/\/www.coatresa.com\/wp-content\/uploads\/2021\/02\/Diseno-sin-titulo-6-150x150.png 150w\" sizes=\"(max-width: 197px) 100vw, 197px\" title=\"Interpon Redox\" alt=\"\" \t\tclass=\"so-widget-image\"\/>\n\t\t\t<\/a><\/div>\n\n<\/div><\/div><\/div><\/div><\/div><div id=\"pgc-w6021233fa56f3-1-3\"  class=\"panel-grid-cell panel-grid-cell-empty\" ><\/div><\/div><\/div><\/div><\/div><\/div><\/div><\/div><\/div><div id=\"pg-17849-3\"  class=\"panel-grid panel-has-style\" ><div style=\"padding: 50px 0; \" data-overlay=\"true\" data-overlay-color=\"#000000\" class=\"panel-row-style panel-row-style-for-17849-3\" ><div id=\"pgc-17849-3-0\"  class=\"panel-grid-cell\" ><div id=\"panel-17849-3-0-0\" class=\"so-panel widget_siteorigin-panels-builder panel-first-child panel-last-child\" data-index=\"4\" ><div style=\"text-align: left;\" data-title-color=\"#47425d\" data-headings-color=\"#443f3f\" data-title_alignment=\"center\" class=\"panel-widget-style panel-widget-style-for-17849-3-0-0\" ><div id=\"pl-w5e1c51807c1c4\"  class=\"panel-layout\" ><div id=\"pg-w5e1c51807c1c4-0\"  class=\"panel-grid panel-has-style\" ><div style=\"padding: 0px 0; \" data-overlay=\"true\" data-overlay-color=\"#000000\" class=\"panel-row-style panel-row-style-for-w5e1c51807c1c4-0\" ><div id=\"pgc-w5e1c51807c1c4-0-0\"  class=\"panel-grid-cell\" ><div id=\"panel-w5e1c51807c1c4-0-0-0\" class=\"so-panel widget_sow-editor panel-first-child\" data-index=\"0\" ><div style=\"text-align: left;\" data-title-color=\"#47425d\" data-headings-color=\"#443f3f\" data-title_alignment=\"center\" class=\"panel-widget-style panel-widget-style-for-w5e1c51807c1c4-0-0-0\" ><div\n\t\t\t\n\t\t\tclass=\"so-widget-sow-editor so-widget-sow-editor-base\"\n\t\t\t\n\t\t>\n<div class=\"siteorigin-widget-tinymce textwidget\">\n\t<h3 class=\"BLAU-FOSC\" style=\"text-align: center;\">Interpon\u00ae referenzen<\/h3>\n<\/div>\n<\/div><\/div><\/div><div id=\"panel-w5e1c51807c1c4-0-0-1\" class=\"so-panel widget_siteorigin-panels-builder panel-last-child\" data-index=\"1\" ><div style=\"text-align: center;\" data-title-color=\"#47425d\" data-headings-color=\"#443f3f\" data-title_alignment=\"center\" class=\"panel-widget-style panel-widget-style-for-w5e1c51807c1c4-0-0-1\" ><div id=\"pl-w5d6fde153dba8\"  class=\"panel-layout\" ><div id=\"pg-w5d6fde153dba8-0\"  class=\"panel-grid panel-has-style\" ><div style=\"padding: 0px 0; \" data-overlay=\"true\" data-overlay-color=\"#000000\" class=\"panel-row-style panel-row-style-for-w5d6fde153dba8-0\" ><div id=\"pgc-w5d6fde153dba8-0-0\"  class=\"panel-grid-cell\" ><div id=\"panel-w5d6fde153dba8-0-0-0\" class=\"so-panel widget_sow-editor panel-first-child panel-last-child\" data-index=\"0\" ><div style=\"text-align: left;\" data-title-color=\"#47425d\" data-headings-color=\"#443f3f\" data-title_alignment=\"center\" class=\"panel-widget-style panel-widget-style-for-w5d6fde153dba8-0-0-0\" ><div\n\t\t\t\n\t\t\tclass=\"so-widget-sow-editor so-widget-sow-editor-base\"\n\t\t\t\n\t\t>\n<div class=\"siteorigin-widget-tinymce textwidget\">\n\t<p style=\"text-align: center;\"><b>100<\/b><br \/>\n<b>106<\/b><br \/>\n<b>200<\/b><br \/>\n<b>310<\/b><br \/>\n<b>610<\/b><br \/>\n<b>700<\/b><br \/>\n<b>A2000<\/b><br \/>\n<b>D1036<\/b><br \/>\n<b>D1094 STF<\/b><br \/>\n<b>D1200 STF<\/b><br \/>\n<b>D2525<\/b><br \/>\n<b>D2525 SD<\/b><br \/>\n<b>MR<\/b><\/p>\n<\/div>\n<\/div><\/div><\/div><\/div><\/div><\/div><\/div><\/div><\/div><\/div><\/div><\/div><\/div><\/div><\/div><\/div><\/div><\/div><\/div>","protected":false},"excerpt":{"rendered":"<p>AkzoNobel beschichtungen AkzoNobel Powder Coatings, Teil der AkzoNobel-Gruppe, ist der weltweit gr\u00f6\u00dfte Hersteller von Pulverbeschichtungen. AkzoNobel mit Sitz in Amsterdam ist ein [&hellip;]<\/p>\n","protected":false},"author":1,"featured_media":15428,"parent":0,"menu_order":0,"comment_status":"closed","ping_status":"closed","template":"page-templates\/page_fullwidth.php","meta":{"footnotes":""},"class_list":["post-17849","page","type-page","status-publish","has-post-thumbnail","hentry"],"yoast_head":"<!-- This site is optimized with the Yoast SEO plugin v27.4 - https:\/\/yoast.com\/product\/yoast-seo-wordpress\/ -->\n<title>AkzoNobel beschichtungen - Coatresa<\/title>\n<meta name=\"description\" content=\"AkzoNobel Powder Coatings ist der weltweit gr\u00f6\u00dfte Hersteller von Pulverbeschichtungen. Unter den Interpon und Resicoat werden nachhaltige L\u00f6sungen angeboten\" \/>\n<meta name=\"robots\" content=\"index, follow, max-snippet:-1, max-image-preview:large, max-video-preview:-1\" \/>\n<link rel=\"canonical\" href=\"https:\/\/www.coatresa.com\/de\/akzonobel-beschichtungen\/\" \/>\n<meta property=\"og:locale\" content=\"de_DE\" \/>\n<meta property=\"og:type\" content=\"article\" \/>\n<meta property=\"og:title\" content=\"AkzoNobel beschichtungen - Coatresa\" \/>\n<meta property=\"og:description\" content=\"AkzoNobel Powder Coatings ist der weltweit gr\u00f6\u00dfte Hersteller von Pulverbeschichtungen. Unter den Interpon und Resicoat werden nachhaltige L\u00f6sungen angeboten\" \/>\n<meta property=\"og:url\" content=\"https:\/\/www.coatresa.com\/de\/akzonobel-beschichtungen\/\" \/>\n<meta property=\"og:site_name\" content=\"Coatresa\" \/>\n<meta property=\"article:publisher\" content=\"https:\/\/www.facebook.com\/Coatresa\/\" \/>\n<meta property=\"article:modified_time\" content=\"2021-02-08T11:40:47+00:00\" \/>\n<meta property=\"og:image\" content=\"https:\/\/www.coatresa.com\/wp-content\/uploads\/2019\/09\/recubrimientos-akzonobel.png\" \/>\n\t<meta property=\"og:image:width\" content=\"200\" \/>\n\t<meta property=\"og:image:height\" content=\"120\" \/>\n\t<meta property=\"og:image:type\" content=\"image\/png\" \/>\n<meta name=\"twitter:card\" content=\"summary_large_image\" \/>\n<meta name=\"twitter:site\" content=\"@Coatresa\" \/>\n<meta name=\"twitter:label1\" content=\"Gesch\u00e4tzte Lesezeit\" \/>\n\t<meta name=\"twitter:data1\" content=\"1\u00a0Minute\" \/>\n<script type=\"application\/ld+json\" class=\"yoast-schema-graph\">{\"@context\":\"https:\\\/\\\/schema.org\",\"@graph\":[{\"@type\":\"WebPage\",\"@id\":\"https:\\\/\\\/www.coatresa.com\\\/de\\\/akzonobel-beschichtungen\\\/\",\"url\":\"https:\\\/\\\/www.coatresa.com\\\/de\\\/akzonobel-beschichtungen\\\/\",\"name\":\"AkzoNobel beschichtungen - Coatresa\",\"isPartOf\":{\"@id\":\"https:\\\/\\\/www.coatresa.com\\\/de\\\/#website\"},\"primaryImageOfPage\":{\"@id\":\"https:\\\/\\\/www.coatresa.com\\\/de\\\/akzonobel-beschichtungen\\\/#primaryimage\"},\"image\":{\"@id\":\"https:\\\/\\\/www.coatresa.com\\\/de\\\/akzonobel-beschichtungen\\\/#primaryimage\"},\"thumbnailUrl\":\"https:\\\/\\\/www.coatresa.com\\\/wp-content\\\/uploads\\\/2019\\\/09\\\/recubrimientos-akzonobel.png\",\"datePublished\":\"2019-09-04T11:34:02+00:00\",\"dateModified\":\"2021-02-08T11:40:47+00:00\",\"description\":\"AkzoNobel Powder Coatings ist der weltweit gr\u00f6\u00dfte Hersteller von Pulverbeschichtungen. Unter den Interpon und Resicoat werden nachhaltige L\u00f6sungen angeboten\",\"breadcrumb\":{\"@id\":\"https:\\\/\\\/www.coatresa.com\\\/de\\\/akzonobel-beschichtungen\\\/#breadcrumb\"},\"inLanguage\":\"de\",\"potentialAction\":[{\"@type\":\"ReadAction\",\"target\":[\"https:\\\/\\\/www.coatresa.com\\\/de\\\/akzonobel-beschichtungen\\\/\"]}]},{\"@type\":\"ImageObject\",\"inLanguage\":\"de\",\"@id\":\"https:\\\/\\\/www.coatresa.com\\\/de\\\/akzonobel-beschichtungen\\\/#primaryimage\",\"url\":\"https:\\\/\\\/www.coatresa.com\\\/wp-content\\\/uploads\\\/2019\\\/09\\\/recubrimientos-akzonobel.png\",\"contentUrl\":\"https:\\\/\\\/www.coatresa.com\\\/wp-content\\\/uploads\\\/2019\\\/09\\\/recubrimientos-akzonobel.png\",\"width\":200,\"height\":120,\"caption\":\"AkzoNobel beschichtungen\"},{\"@type\":\"BreadcrumbList\",\"@id\":\"https:\\\/\\\/www.coatresa.com\\\/de\\\/akzonobel-beschichtungen\\\/#breadcrumb\",\"itemListElement\":[{\"@type\":\"ListItem\",\"position\":1,\"name\":\"Portada\",\"item\":\"https:\\\/\\\/www.coatresa.com\\\/de\\\/\"},{\"@type\":\"ListItem\",\"position\":2,\"name\":\"AkzoNobel beschichtungen\"}]},{\"@type\":\"WebSite\",\"@id\":\"https:\\\/\\\/www.coatresa.com\\\/de\\\/#website\",\"url\":\"https:\\\/\\\/www.coatresa.com\\\/de\\\/\",\"name\":\"Coatresa\",\"description\":\"Aplicaci\u00f3n de recubrimientos antiadherentes y anticorrosivos como el Teflon. Expertos del Powder Coating\",\"publisher\":{\"@id\":\"https:\\\/\\\/www.coatresa.com\\\/de\\\/#organization\"},\"potentialAction\":[{\"@type\":\"SearchAction\",\"target\":{\"@type\":\"EntryPoint\",\"urlTemplate\":\"https:\\\/\\\/www.coatresa.com\\\/de\\\/?s={search_term_string}\"},\"query-input\":{\"@type\":\"PropertyValueSpecification\",\"valueRequired\":true,\"valueName\":\"search_term_string\"}}],\"inLanguage\":\"de\"},{\"@type\":\"Organization\",\"@id\":\"https:\\\/\\\/www.coatresa.com\\\/de\\\/#organization\",\"name\":\"Coatresa\",\"url\":\"https:\\\/\\\/www.coatresa.com\\\/de\\\/\",\"logo\":{\"@type\":\"ImageObject\",\"inLanguage\":\"de\",\"@id\":\"https:\\\/\\\/www.coatresa.com\\\/de\\\/#\\\/schema\\\/logo\\\/image\\\/\",\"url\":\"https:\\\/\\\/www.coatresa.com\\\/wp-content\\\/uploads\\\/2022\\\/07\\\/A_blava_mitja_transp.png\",\"contentUrl\":\"https:\\\/\\\/www.coatresa.com\\\/wp-content\\\/uploads\\\/2022\\\/07\\\/A_blava_mitja_transp.png\",\"width\":340,\"height\":326,\"caption\":\"Coatresa\"},\"image\":{\"@id\":\"https:\\\/\\\/www.coatresa.com\\\/de\\\/#\\\/schema\\\/logo\\\/image\\\/\"},\"sameAs\":[\"https:\\\/\\\/www.facebook.com\\\/Coatresa\\\/\",\"https:\\\/\\\/x.com\\\/Coatresa\",\"https:\\\/\\\/www.linkedin.com\\\/company\\\/coatresa\\\/\",\"https:\\\/\\\/www.youtube.com\\\/user\\\/CoatresaCoatings\"]}]}<\/script>\n<!-- \/ Yoast SEO plugin. -->","yoast_head_json":{"title":"AkzoNobel beschichtungen - Coatresa","description":"AkzoNobel Powder Coatings ist der weltweit gr\u00f6\u00dfte Hersteller von Pulverbeschichtungen. Unter den Interpon und Resicoat werden nachhaltige L\u00f6sungen angeboten","robots":{"index":"index","follow":"follow","max-snippet":"max-snippet:-1","max-image-preview":"max-image-preview:large","max-video-preview":"max-video-preview:-1"},"canonical":"https:\/\/www.coatresa.com\/de\/akzonobel-beschichtungen\/","og_locale":"de_DE","og_type":"article","og_title":"AkzoNobel beschichtungen - Coatresa","og_description":"AkzoNobel Powder Coatings ist der weltweit gr\u00f6\u00dfte Hersteller von Pulverbeschichtungen. Unter den Interpon und Resicoat werden nachhaltige L\u00f6sungen angeboten","og_url":"https:\/\/www.coatresa.com\/de\/akzonobel-beschichtungen\/","og_site_name":"Coatresa","article_publisher":"https:\/\/www.facebook.com\/Coatresa\/","article_modified_time":"2021-02-08T11:40:47+00:00","og_image":[{"width":200,"height":120,"url":"https:\/\/www.coatresa.com\/wp-content\/uploads\/2019\/09\/recubrimientos-akzonobel.png","type":"image\/png"}],"twitter_card":"summary_large_image","twitter_site":"@Coatresa","twitter_misc":{"Gesch\u00e4tzte Lesezeit":"1\u00a0Minute"},"schema":{"@context":"https:\/\/schema.org","@graph":[{"@type":"WebPage","@id":"https:\/\/www.coatresa.com\/de\/akzonobel-beschichtungen\/","url":"https:\/\/www.coatresa.com\/de\/akzonobel-beschichtungen\/","name":"AkzoNobel beschichtungen - Coatresa","isPartOf":{"@id":"https:\/\/www.coatresa.com\/de\/#website"},"primaryImageOfPage":{"@id":"https:\/\/www.coatresa.com\/de\/akzonobel-beschichtungen\/#primaryimage"},"image":{"@id":"https:\/\/www.coatresa.com\/de\/akzonobel-beschichtungen\/#primaryimage"},"thumbnailUrl":"https:\/\/www.coatresa.com\/wp-content\/uploads\/2019\/09\/recubrimientos-akzonobel.png","datePublished":"2019-09-04T11:34:02+00:00","dateModified":"2021-02-08T11:40:47+00:00","description":"AkzoNobel Powder Coatings ist der weltweit gr\u00f6\u00dfte Hersteller von Pulverbeschichtungen. Unter den Interpon und Resicoat werden nachhaltige L\u00f6sungen angeboten","breadcrumb":{"@id":"https:\/\/www.coatresa.com\/de\/akzonobel-beschichtungen\/#breadcrumb"},"inLanguage":"de","potentialAction":[{"@type":"ReadAction","target":["https:\/\/www.coatresa.com\/de\/akzonobel-beschichtungen\/"]}]},{"@type":"ImageObject","inLanguage":"de","@id":"https:\/\/www.coatresa.com\/de\/akzonobel-beschichtungen\/#primaryimage","url":"https:\/\/www.coatresa.com\/wp-content\/uploads\/2019\/09\/recubrimientos-akzonobel.png","contentUrl":"https:\/\/www.coatresa.com\/wp-content\/uploads\/2019\/09\/recubrimientos-akzonobel.png","width":200,"height":120,"caption":"AkzoNobel beschichtungen"},{"@type":"BreadcrumbList","@id":"https:\/\/www.coatresa.com\/de\/akzonobel-beschichtungen\/#breadcrumb","itemListElement":[{"@type":"ListItem","position":1,"name":"Portada","item":"https:\/\/www.coatresa.com\/de\/"},{"@type":"ListItem","position":2,"name":"AkzoNobel beschichtungen"}]},{"@type":"WebSite","@id":"https:\/\/www.coatresa.com\/de\/#website","url":"https:\/\/www.coatresa.com\/de\/","name":"Coatresa","description":"Aplicaci\u00f3n de recubrimientos antiadherentes y anticorrosivos como el Teflon. Expertos del Powder Coating","publisher":{"@id":"https:\/\/www.coatresa.com\/de\/#organization"},"potentialAction":[{"@type":"SearchAction","target":{"@type":"EntryPoint","urlTemplate":"https:\/\/www.coatresa.com\/de\/?s={search_term_string}"},"query-input":{"@type":"PropertyValueSpecification","valueRequired":true,"valueName":"search_term_string"}}],"inLanguage":"de"},{"@type":"Organization","@id":"https:\/\/www.coatresa.com\/de\/#organization","name":"Coatresa","url":"https:\/\/www.coatresa.com\/de\/","logo":{"@type":"ImageObject","inLanguage":"de","@id":"https:\/\/www.coatresa.com\/de\/#\/schema\/logo\/image\/","url":"https:\/\/www.coatresa.com\/wp-content\/uploads\/2022\/07\/A_blava_mitja_transp.png","contentUrl":"https:\/\/www.coatresa.com\/wp-content\/uploads\/2022\/07\/A_blava_mitja_transp.png","width":340,"height":326,"caption":"Coatresa"},"image":{"@id":"https:\/\/www.coatresa.com\/de\/#\/schema\/logo\/image\/"},"sameAs":["https:\/\/www.facebook.com\/Coatresa\/","https:\/\/x.com\/Coatresa","https:\/\/www.linkedin.com\/company\/coatresa\/","https:\/\/www.youtube.com\/user\/CoatresaCoatings"]}]}},"_links":{"self":[{"href":"https:\/\/www.coatresa.com\/de\/wp-json\/wp\/v2\/pages\/17849","targetHints":{"allow":["GET"]}}],"collection":[{"href":"https:\/\/www.coatresa.com\/de\/wp-json\/wp\/v2\/pages"}],"about":[{"href":"https:\/\/www.coatresa.com\/de\/wp-json\/wp\/v2\/types\/page"}],"author":[{"embeddable":true,"href":"https:\/\/www.coatresa.com\/de\/wp-json\/wp\/v2\/users\/1"}],"replies":[{"embeddable":true,"href":"https:\/\/www.coatresa.com\/de\/wp-json\/wp\/v2\/comments?post=17849"}],"version-history":[{"count":0,"href":"https:\/\/www.coatresa.com\/de\/wp-json\/wp\/v2\/pages\/17849\/revisions"}],"wp:featuredmedia":[{"embeddable":true,"href":"https:\/\/www.coatresa.com\/de\/wp-json\/wp\/v2\/media\/15428"}],"wp:attachment":[{"href":"https:\/\/www.coatresa.com\/de\/wp-json\/wp\/v2\/media?parent=17849"}],"curies":[{"name":"wp","href":"https:\/\/api.w.org\/{rel}","templated":true}]}}