{"id":17853,"date":"2019-09-04T17:27:58","date_gmt":"2019-09-04T15:27:58","guid":{"rendered":"https:\/\/www.coatresa.com\/recubrimiento-akzonobel-resicoat\/"},"modified":"2020-01-13T12:22:14","modified_gmt":"2020-01-13T11:22:14","slug":"akzonobel-resicoat-beschichtung","status":"publish","type":"page","link":"https:\/\/www.coatresa.com\/de\/akzonobel-resicoat-beschichtung\/","title":{"rendered":"Resicoat beschichtung"},"content":{"rendered":"<div id=\"pl-17853\"  class=\"panel-layout\" ><div id=\"pg-17853-0\"  class=\"panel-grid panel-has-style\" ><div style=\"padding: 0px 0; \" data-overlay=\"true\" data-overlay-color=\"#000000\" class=\"panel-row-style panel-row-style-for-17853-0\" ><div id=\"pgc-17853-0-0\"  class=\"panel-grid-cell\" ><div id=\"panel-17853-0-0-0\" class=\"so-panel widget_sow-image panel-first-child panel-last-child\" data-index=\"0\" ><div style=\"text-align: left;\" data-title-color=\"#47425d\" data-headings-color=\"#443f3f\" data-title_alignment=\"center\" class=\"panel-widget-style panel-widget-style-for-17853-0-0-0\" ><div\n\t\t\t\n\t\t\tclass=\"so-widget-sow-image so-widget-sow-image-default-c67d20f9f743-17853\"\n\t\t\t\n\t\t>\n<div class=\"sow-image-container\">\n\t\t<img \n\tsrc=\"https:\/\/www.coatresa.com\/wp-content\/uploads\/2019\/09\/recubrimientos-akzonobel-resicoat.png\" width=\"197\" height=\"197\" srcset=\"https:\/\/www.coatresa.com\/wp-content\/uploads\/2019\/09\/recubrimientos-akzonobel-resicoat.png 197w, https:\/\/www.coatresa.com\/wp-content\/uploads\/2019\/09\/recubrimientos-akzonobel-resicoat-150x150.png 150w\" sizes=\"(max-width: 197px) 100vw, 197px\" title=\"recubrimiento AkzoNobel Resicoat\" alt=\"recubrimiento AkzoNobel Resicoat\" \t\tclass=\"so-widget-image\"\/>\n\t<\/div>\n\n<\/div><\/div><\/div><\/div><div id=\"pgc-17853-0-1\"  class=\"panel-grid-cell\" ><div id=\"panel-17853-0-1-0\" class=\"so-panel widget_sow-editor panel-first-child panel-last-child\" data-index=\"1\" ><div style=\"text-align: left;\" data-title-color=\"#47425d\" data-headings-color=\"#000000\" data-title_alignment=\"center\" class=\"panel-widget-style panel-widget-style-for-17853-0-1-0\" ><div\n\t\t\t\n\t\t\tclass=\"so-widget-sow-editor so-widget-sow-editor-base\"\n\t\t\t\n\t\t>\n<div class=\"siteorigin-widget-tinymce textwidget\">\n\t<h1 style=\"text-align: left;\">Resicoat \u00ae beschichtung<\/h1>\n<hr align=\"left\" \/>\n<p style=\"text-align: justify;\">Die Resicoat \u00ae - Pulverbeschichtungen von AkzoNobel sind l\u00f6sungsmittelfreie Lacke, die zum Schutz beschichteter Teile in rauen Umgebungen dienen. Sie bieten eine \u00fcberlegene Leistung bei gleichzeitig geringere Umweltbelastung im Vergleich zu ihren fl\u00fcssigen Gegenst\u00fccken.<\/p>\n<p style=\"text-align: justify;\">Die Hauptvorteile dieser Pulverbeschichtungen gegen\u00fcber anderen Marktalternativen liegen in der Abwesenheit von VOCs oder Schwermetallen in den Beschichtungen, einer globalen SMaRT-Umweltzertifizierung und der m\u00f6glichen Senkung der Beschichtungskosten. Sie werden sowohl f\u00fcr den Korrosionsschutz in Ventilen als auch f\u00fcr die Abdichtung und den Korrosionsschutz z. B. in elektronischen Bauteilen eingesetzt.<\/p>\n<\/div>\n<\/div><\/div><\/div><\/div><\/div><\/div><div id=\"pg-17853-1\"  class=\"panel-grid panel-has-style\" ><div class=\"FRANJA-BLAVA-TITOL siteorigin-panels-stretch panel-row-style panel-row-style-for-17853-1\" style=\"padding: 0px 0; \" data-stretch-type=\"full\" data-overlay=\"true\" data-overlay-color=\"#000000\" ><div id=\"pgc-17853-1-0\"  class=\"panel-grid-cell\" ><div id=\"panel-17853-1-0-0\" class=\"so-panel widget_sow-editor panel-first-child panel-last-child\" data-index=\"2\" ><div class=\"blanc panel-widget-style panel-widget-style-for-17853-1-0-0\" style=\"text-align: left;\" data-title-color=\"#47425d\" data-headings-color=\"#443f3f\" data-title_alignment=\"center\" ><div\n\t\t\t\n\t\t\tclass=\"so-widget-sow-editor so-widget-sow-editor-base\"\n\t\t\t\n\t\t>\n<div class=\"siteorigin-widget-tinymce textwidget\">\n\t<h2 style=\"text-align: center;\">Eigenschaften der Resicoat \u00ae - Beschichtung<\/h2>\n<\/div>\n<\/div><\/div><\/div><\/div><\/div><\/div><div id=\"pg-17853-2\"  class=\"panel-grid panel-has-style\" ><div class=\"BGC-GRIS siteorigin-panels-stretch panel-row-style panel-row-style-for-17853-2\" style=\"padding: 50px 0; \" data-stretch-type=\"full\" data-overlay=\"true\" data-overlay-color=\"#000000\" ><div id=\"pgc-17853-2-0\"  class=\"panel-grid-cell\" ><div id=\"panel-17853-2-0-0\" class=\"so-panel widget_sow-editor panel-first-child\" data-index=\"3\" ><div style=\"text-align: left;\" data-title-color=\"#47425d\" data-headings-color=\"#443f3f\" data-title_alignment=\"center\" class=\"panel-widget-style panel-widget-style-for-17853-2-0-0\" ><div\n\t\t\t\n\t\t\tclass=\"so-widget-sow-editor so-widget-sow-editor-base\"\n\t\t\t\n\t\t>\n<div class=\"siteorigin-widget-tinymce textwidget\">\n\t<p class=\"TEXTOS-DESTACATS\" style=\"text-align: center;\"> Die Resicoat\u00ae - Pulverbeschichtungen werden in vielen Industriezweigen eingesetzt und bieten L\u00f6sungen wie z. B.:<\/p>\n<\/div>\n<\/div><\/div><\/div><div id=\"panel-17853-2-0-1\" class=\"so-panel widget_sow-editor panel-last-child\" data-index=\"4\" ><div style=\"text-align: left;\" data-title-color=\"#47425d\" data-headings-color=\"#443f3f\" data-title_alignment=\"center\" class=\"panel-widget-style panel-widget-style-for-17853-2-0-1\" ><div\n\t\t\t\n\t\t\tclass=\"so-widget-sow-editor so-widget-sow-editor-base\"\n\t\t\t\n\t\t>\n<div class=\"siteorigin-widget-tinymce textwidget\">\n\t<ul class=\"LLISTA-SUBRATLLADA\">\n<li><b>Beschichtung zur elektrischen Isolierung<\/b><br \/>\nResicoat\u00ae wurde erstmals Ende der 1960er Jahre f\u00fcr die elektrische Isolierung entwickelt. Seitdem haben sich diese Pulverbeschichtungen weiterentwickelt und verbessert, um neue Bereiche der dielektrischen Anwendungen zu erschlie\u00dfen. Die Resicoat\u00ae EL-Serie enth\u00e4lt Epoxidpulverbeschichtungen f\u00fcr die Isolierung von Walzzellen in Motoren und f\u00fcr Metallstangen in elektrischen Verteilersystemen sowie f\u00fcr die Isolierung von kleinen Bauteilen wie Magnetkernen.<\/li>\n<li><b>Au\u00dfen- und Innenbeschichtung von Rohren<\/b><br \/>\nRohrleitungen sind Energieautobahnen. Sie sind die wichtigsten Transportmittel f\u00fcr \u00d6l, Erdgas, Petrochemie und Wasser. Es ist wichtig, dass Rohre w\u00e4hrend ihrer Lebensdauer sicher und effizient funktionieren. Dies wird durch die Kombination von kathodischem Schutz und Schutzbeschichtungen wie Resicoat\u00ae erreicht, wodurch hohe Wartungskosten und m\u00f6gliche Umweltsch\u00e4den im Falle von Korrosionslecks vermieden werden.<\/li>\n<li><b>Beschichtung f\u00fcr Wellst\u00e4be<\/b><br \/>\nDie Resicoat\u00ae RB-Serie sch\u00fctzt Wellst\u00e4be, die zur Bewehrung von Stahlbetonkonstruktionen verwendet werden, vor Korrosion. Resicoat\u00ae RB ist sowohl in flexibler als auch in unflexibler Ausf\u00fchrung erh\u00e4ltlich und erf\u00fcllt die ASTM A775 und U.S. DOT-Zertifizierung.<\/li>\n<li><b>Beschichtung von Ventilen und Armaturen<\/b><br \/>\nDie Resicoat\u00ae R4-Serie bietet eine Reihe von Epoxidpulvern f\u00fcr diese Anwendungen mit weltweiten Trinkwasserzulassungen und Zertifizierungen f\u00fcr Gas- und Biogasanwendungen. Ventilbeschichtungen m\u00fcssen unter einem weiten Temperatur- und Umgebungsbedingungen best\u00e4ndig sein.\u2028Die Resicoat R4-Serie bietet eine vollst\u00e4ndig abgedichtete und porosit\u00e4tsfreie Oberfl\u00e4che, verhindert Korrosion und reduziert die Reibung zwischen dem F\u00f6rdermedium und der Verbindung und verhindert Inkrustationen durch Salze oder organische Materialien.<\/li>\n<\/ul>\n<\/div>\n<\/div><\/div><\/div><\/div><\/div><\/div><div id=\"pg-17853-3\"  class=\"panel-grid panel-has-style\" ><div class=\"siteorigin-panels-stretch panel-row-style panel-row-style-for-17853-3\" style=\"padding: 50px 0; \" data-stretch-type=\"full\" data-overlay=\"true\" data-overlay-color=\"#000000\" ><div id=\"pgc-17853-3-0\"  class=\"panel-grid-cell\" ><div id=\"panel-17853-3-0-0\" class=\"so-panel widget_sow-editor panel-first-child\" data-index=\"5\" ><div style=\"text-align: left;\" data-title-color=\"#47425d\" data-headings-color=\"#443f3f\" data-title_alignment=\"center\" class=\"panel-widget-style panel-widget-style-for-17853-3-0-0\" ><div\n\t\t\t\n\t\t\tclass=\"so-widget-sow-editor so-widget-sow-editor-base\"\n\t\t\t\n\t\t>\n<div class=\"siteorigin-widget-tinymce textwidget\">\n\t<h2 class=\"BLAU-FOSC\" style=\"text-align: center;\">Resicoat \u00ae referenzen<\/h2>\n<\/div>\n<\/div><\/div><\/div><div id=\"panel-17853-3-0-1\" class=\"so-panel widget_siteorigin-panels-builder panel-last-child\" data-index=\"6\" ><div style=\"text-align: left;\" data-title-color=\"#47425d\" data-headings-color=\"#443f3f\" data-title_alignment=\"center\" class=\"panel-widget-style panel-widget-style-for-17853-3-0-1\" ><div id=\"pl-w5d6fd4790b935\"  class=\"panel-layout\" ><div id=\"pg-w5d6fd4790b935-0\"  class=\"panel-grid panel-has-style\" ><div style=\"padding: 40px 0; \" data-overlay=\"true\" data-overlay-color=\"#000000\" class=\"panel-row-style panel-row-style-for-w5d6fd4790b935-0\" ><div id=\"pgc-w5d6fd4790b935-0-0\"  class=\"panel-grid-cell\" ><div id=\"panel-w5d6fd4790b935-0-0-0\" class=\"so-panel widget_sow-editor panel-first-child panel-last-child\" data-index=\"0\" ><div style=\"text-align: left;\" data-title-color=\"#47425d\" data-headings-color=\"#443f3f\" data-title_alignment=\"center\" class=\"panel-widget-style panel-widget-style-for-w5d6fd4790b935-0-0-0\" ><div\n\t\t\t\n\t\t\tclass=\"so-widget-sow-editor so-widget-sow-editor-base\"\n\t\t\t\n\t\t>\n<div class=\"siteorigin-widget-tinymce textwidget\">\n\t<p style=\"text-align: center;\"><b>HLF59R EL<\/b><br \/>\n<b>HLG03R EL201<\/b><br \/>\n<b>HKF97R EL3<\/b><br \/>\n<b>HGC20R EL<\/b><br \/>\n<b>HNE06R EL4<\/b><br \/>\n<b>HKE03R e-lock<\/b><br \/>\n<b>HNE03R e-lock<\/b><br \/>\n<b>HNH04R EL1<\/b><br \/>\n<b>HLF04R R-726<\/b><br \/>\n<b>HKF70R R-726A<\/b><\/p>\n<\/div>\n<\/div><\/div><\/div><\/div><div id=\"pgc-w5d6fd4790b935-0-1\"  class=\"panel-grid-cell\" ><div id=\"panel-w5d6fd4790b935-0-1-0\" class=\"so-panel widget_sow-editor panel-first-child panel-last-child\" data-index=\"1\" ><div style=\"text-align: left;\" data-title-color=\"#47425d\" data-headings-color=\"#443f3f\" data-title_alignment=\"center\" class=\"panel-widget-style panel-widget-style-for-w5d6fd4790b935-0-1-0\" ><div\n\t\t\t\n\t\t\tclass=\"so-widget-sow-editor so-widget-sow-editor-base\"\n\t\t\t\n\t\t>\n<div class=\"siteorigin-widget-tinymce textwidget\">\n\t<p style=\"text-align: center;\"><b>HDF01R R-726LAT<\/b><br \/>\n<b>HKF58R R-735LD<\/b><br \/>\n<b>HLF76R R-726A<\/b><br \/>\n<b>HLF75R R-735LD<\/b><br \/>\n<b>HKF30R RB-600<\/b><br \/>\n<b>HEF06R R4-ES \/ ca. RAL 1023GL<\/b><br \/>\n<b>HGF03R R4-ES \/ ca. RAL 3011GL<\/b><br \/>\n<b>HGF10R R4-ES \/ redbrown<\/b><br \/>\n<b>HGF14R R4-ES \/ ca. RAL 3000<\/b><br \/>\n<b>HGF17R R4-ES \/ rust red<\/b><\/p>\n<\/div>\n<\/div><\/div><\/div><\/div><div id=\"pgc-w5d6fd4790b935-0-2\"  class=\"panel-grid-cell\" ><div id=\"panel-w5d6fd4790b935-0-2-0\" class=\"so-panel widget_sow-editor panel-first-child panel-last-child\" data-index=\"2\" ><div style=\"text-align: left;\" data-title-color=\"#47425d\" data-headings-color=\"#443f3f\" data-title_alignment=\"center\" class=\"panel-widget-style panel-widget-style-for-w5d6fd4790b935-0-2-0\" ><div\n\t\t\t\n\t\t\tclass=\"so-widget-sow-editor so-widget-sow-editor-base\"\n\t\t\t\n\t\t>\n<div class=\"siteorigin-widget-tinymce textwidget\">\n\t<p style=\"text-align: center;\"><b>HJF01R R4-ES \/ ca. RAL 5005<\/b><br \/>\n<b>HJF10R R4-ES \/ ca. RAL 5017<\/b><br \/>\n<b>HJF13R R4-ES<\/b><br \/>\n<b>HJF14R R4-ES \/ ca. RAL 5015<\/b><br \/>\n<b>HJF19R R4-ES \/ ca. RAL 5010GL<\/b><br \/>\n<b>HJF22R R4-ES \/ ca. RAL 5015GL<\/b><br \/>\n<b>HJF23R R4-ES \/ ca. RAL 5003<\/b><br \/>\n<b>HJF24R R4-ES \/ ca. RAL 5013GL<\/b><br \/>\n<b>HJF26R R4-ES \/ ca. RAL 5005<\/b><br \/>\n<b>HJF42R R4-ES \/ blue<\/b><\/p>\n<\/div>\n<\/div><\/div><\/div><\/div><div id=\"pgc-w5d6fd4790b935-0-3\"  class=\"panel-grid-cell\" ><div id=\"panel-w5d6fd4790b935-0-3-0\" class=\"so-panel widget_sow-editor panel-first-child panel-last-child\" data-index=\"3\" ><div style=\"text-align: left;\" data-title-color=\"#47425d\" data-headings-color=\"#443f3f\" data-title_alignment=\"center\" class=\"panel-widget-style panel-widget-style-for-w5d6fd4790b935-0-3-0\" ><div\n\t\t\t\n\t\t\tclass=\"so-widget-sow-editor so-widget-sow-editor-base\"\n\t\t\t\n\t\t>\n<div class=\"siteorigin-widget-tinymce textwidget\">\n\t<p style=\"text-align: center;\"><b>HKF47R R4-ES \/ green<\/b><br \/>\n<b>HNF04R R4-ES \/ ca. RAL 9005<\/b><br \/>\n<b>HGH02R R4-ES \/ redbrown<\/b><br \/>\n<b>HEC01R R4-FB \/ ca. RAL 1023GL<\/b><br \/>\n<b>HGC07R R4-FB \/ redbrown<\/b><br \/>\n<b>HGC17R R4-FB \/ redbrown<\/b><br \/>\n<b>HJC06R R4-FB \/ ca. RAL 5005<\/b><br \/>\n<b>HJC08R R4-FB \/ ca. RAL 5017<\/b><br \/>\n<b>HKC71R R4-FB \/ green<\/b><br \/>\n<b>HNC01R R4-FB \/ black<\/b><\/p>\n<\/div>\n<\/div><\/div><\/div><\/div><\/div><\/div><\/div><\/div><\/div><\/div><\/div><\/div><\/div>","protected":false},"excerpt":{"rendered":"<p>Resicoat \u00ae beschichtung Die Resicoat \u00ae &#8211; Pulverbeschichtungen von AkzoNobel sind l\u00f6sungsmittelfreie Lacke, die zum Schutz beschichteter Teile in rauen Umgebungen dienen. [&hellip;]<\/p>\n","protected":false},"author":1,"featured_media":15440,"parent":0,"menu_order":0,"comment_status":"closed","ping_status":"closed","template":"page-templates\/page_fullwidth.php","meta":{"_monsterinsights_skip_tracking":false,"_monsterinsights_sitenote_active":false,"_monsterinsights_sitenote_note":"","_monsterinsights_sitenote_category":0,"footnotes":""},"class_list":["post-17853","page","type-page","status-publish","has-post-thumbnail","hentry"],"yoast_head":"<!-- This site is optimized with the Yoast SEO plugin v27.3 - https:\/\/yoast.com\/product\/yoast-seo-wordpress\/ -->\n<title>Resicoat beschichtung - Coatresa<\/title>\n<meta name=\"description\" content=\"Resicoat - Beschichtung von AkzoNobel: Pulverbeschichtungen ohne VOC und mit SMaRT-Umweltzertifizierung, elektrische Isolierung, Rohre und Ventile.\" \/>\n<meta name=\"robots\" content=\"index, follow, max-snippet:-1, max-image-preview:large, max-video-preview:-1\" \/>\n<link rel=\"canonical\" href=\"https:\/\/www.coatresa.com\/de\/akzonobel-resicoat-beschichtung\/\" \/>\n<meta property=\"og:locale\" content=\"de_DE\" \/>\n<meta property=\"og:type\" content=\"article\" \/>\n<meta property=\"og:title\" content=\"Resicoat beschichtung - Coatresa\" \/>\n<meta property=\"og:description\" content=\"Resicoat - Beschichtung von AkzoNobel: Pulverbeschichtungen ohne VOC und mit SMaRT-Umweltzertifizierung, elektrische Isolierung, Rohre und Ventile.\" \/>\n<meta property=\"og:url\" content=\"https:\/\/www.coatresa.com\/de\/akzonobel-resicoat-beschichtung\/\" \/>\n<meta property=\"og:site_name\" content=\"Coatresa\" \/>\n<meta property=\"article:publisher\" content=\"https:\/\/www.facebook.com\/Coatresa\/\" \/>\n<meta property=\"article:modified_time\" content=\"2020-01-13T11:22:14+00:00\" \/>\n<meta property=\"og:image\" content=\"https:\/\/www.coatresa.com\/wp-content\/uploads\/2019\/09\/recubrimientos-akzonobel-resicoat.png\" \/>\n\t<meta property=\"og:image:width\" content=\"197\" \/>\n\t<meta property=\"og:image:height\" content=\"197\" \/>\n\t<meta property=\"og:image:type\" content=\"image\/png\" \/>\n<meta name=\"twitter:card\" content=\"summary_large_image\" \/>\n<meta name=\"twitter:site\" content=\"@Coatresa\" \/>\n<meta name=\"twitter:label1\" content=\"Gesch\u00e4tzte Lesezeit\" \/>\n\t<meta name=\"twitter:data1\" content=\"3\u00a0Minuten\" \/>\n<script type=\"application\/ld+json\" class=\"yoast-schema-graph\">{\"@context\":\"https:\\\/\\\/schema.org\",\"@graph\":[{\"@type\":\"WebPage\",\"@id\":\"https:\\\/\\\/www.coatresa.com\\\/de\\\/akzonobel-resicoat-beschichtung\\\/\",\"url\":\"https:\\\/\\\/www.coatresa.com\\\/de\\\/akzonobel-resicoat-beschichtung\\\/\",\"name\":\"Resicoat beschichtung - Coatresa\",\"isPartOf\":{\"@id\":\"https:\\\/\\\/www.coatresa.com\\\/de\\\/#website\"},\"primaryImageOfPage\":{\"@id\":\"https:\\\/\\\/www.coatresa.com\\\/de\\\/akzonobel-resicoat-beschichtung\\\/#primaryimage\"},\"image\":{\"@id\":\"https:\\\/\\\/www.coatresa.com\\\/de\\\/akzonobel-resicoat-beschichtung\\\/#primaryimage\"},\"thumbnailUrl\":\"https:\\\/\\\/www.coatresa.com\\\/wp-content\\\/uploads\\\/2019\\\/09\\\/recubrimientos-akzonobel-resicoat.png\",\"datePublished\":\"2019-09-04T15:27:58+00:00\",\"dateModified\":\"2020-01-13T11:22:14+00:00\",\"description\":\"Resicoat - Beschichtung von AkzoNobel: Pulverbeschichtungen ohne VOC und mit SMaRT-Umweltzertifizierung, elektrische Isolierung, Rohre und Ventile.\",\"breadcrumb\":{\"@id\":\"https:\\\/\\\/www.coatresa.com\\\/de\\\/akzonobel-resicoat-beschichtung\\\/#breadcrumb\"},\"inLanguage\":\"de\",\"potentialAction\":[{\"@type\":\"ReadAction\",\"target\":[\"https:\\\/\\\/www.coatresa.com\\\/de\\\/akzonobel-resicoat-beschichtung\\\/\"]}]},{\"@type\":\"ImageObject\",\"inLanguage\":\"de\",\"@id\":\"https:\\\/\\\/www.coatresa.com\\\/de\\\/akzonobel-resicoat-beschichtung\\\/#primaryimage\",\"url\":\"https:\\\/\\\/www.coatresa.com\\\/wp-content\\\/uploads\\\/2019\\\/09\\\/recubrimientos-akzonobel-resicoat.png\",\"contentUrl\":\"https:\\\/\\\/www.coatresa.com\\\/wp-content\\\/uploads\\\/2019\\\/09\\\/recubrimientos-akzonobel-resicoat.png\",\"width\":197,\"height\":197,\"caption\":\"recubrimiento AkzoNobel Resicoat\"},{\"@type\":\"BreadcrumbList\",\"@id\":\"https:\\\/\\\/www.coatresa.com\\\/de\\\/akzonobel-resicoat-beschichtung\\\/#breadcrumb\",\"itemListElement\":[{\"@type\":\"ListItem\",\"position\":1,\"name\":\"Portada\",\"item\":\"https:\\\/\\\/www.coatresa.com\\\/de\\\/\"},{\"@type\":\"ListItem\",\"position\":2,\"name\":\"Resicoat beschichtung\"}]},{\"@type\":\"WebSite\",\"@id\":\"https:\\\/\\\/www.coatresa.com\\\/de\\\/#website\",\"url\":\"https:\\\/\\\/www.coatresa.com\\\/de\\\/\",\"name\":\"Coatresa\",\"description\":\"Aplicaci\u00f3n de recubrimientos antiadherentes y anticorrosivos como el Teflon. Expertos del Powder Coating\",\"publisher\":{\"@id\":\"https:\\\/\\\/www.coatresa.com\\\/de\\\/#organization\"},\"potentialAction\":[{\"@type\":\"SearchAction\",\"target\":{\"@type\":\"EntryPoint\",\"urlTemplate\":\"https:\\\/\\\/www.coatresa.com\\\/de\\\/?s={search_term_string}\"},\"query-input\":{\"@type\":\"PropertyValueSpecification\",\"valueRequired\":true,\"valueName\":\"search_term_string\"}}],\"inLanguage\":\"de\"},{\"@type\":\"Organization\",\"@id\":\"https:\\\/\\\/www.coatresa.com\\\/de\\\/#organization\",\"name\":\"Coatresa\",\"url\":\"https:\\\/\\\/www.coatresa.com\\\/de\\\/\",\"logo\":{\"@type\":\"ImageObject\",\"inLanguage\":\"de\",\"@id\":\"https:\\\/\\\/www.coatresa.com\\\/de\\\/#\\\/schema\\\/logo\\\/image\\\/\",\"url\":\"https:\\\/\\\/www.coatresa.com\\\/wp-content\\\/uploads\\\/2022\\\/07\\\/A_blava_mitja_transp.png\",\"contentUrl\":\"https:\\\/\\\/www.coatresa.com\\\/wp-content\\\/uploads\\\/2022\\\/07\\\/A_blava_mitja_transp.png\",\"width\":340,\"height\":326,\"caption\":\"Coatresa\"},\"image\":{\"@id\":\"https:\\\/\\\/www.coatresa.com\\\/de\\\/#\\\/schema\\\/logo\\\/image\\\/\"},\"sameAs\":[\"https:\\\/\\\/www.facebook.com\\\/Coatresa\\\/\",\"https:\\\/\\\/x.com\\\/Coatresa\",\"https:\\\/\\\/www.linkedin.com\\\/company\\\/coatresa\\\/\",\"https:\\\/\\\/www.youtube.com\\\/user\\\/CoatresaCoatings\"]}]}<\/script>\n<!-- \/ Yoast SEO plugin. -->","yoast_head_json":{"title":"Resicoat beschichtung - Coatresa","description":"Resicoat - Beschichtung von AkzoNobel: Pulverbeschichtungen ohne VOC und mit SMaRT-Umweltzertifizierung, elektrische Isolierung, Rohre und Ventile.","robots":{"index":"index","follow":"follow","max-snippet":"max-snippet:-1","max-image-preview":"max-image-preview:large","max-video-preview":"max-video-preview:-1"},"canonical":"https:\/\/www.coatresa.com\/de\/akzonobel-resicoat-beschichtung\/","og_locale":"de_DE","og_type":"article","og_title":"Resicoat beschichtung - Coatresa","og_description":"Resicoat - Beschichtung von AkzoNobel: Pulverbeschichtungen ohne VOC und mit SMaRT-Umweltzertifizierung, elektrische Isolierung, Rohre und Ventile.","og_url":"https:\/\/www.coatresa.com\/de\/akzonobel-resicoat-beschichtung\/","og_site_name":"Coatresa","article_publisher":"https:\/\/www.facebook.com\/Coatresa\/","article_modified_time":"2020-01-13T11:22:14+00:00","og_image":[{"width":197,"height":197,"url":"https:\/\/www.coatresa.com\/wp-content\/uploads\/2019\/09\/recubrimientos-akzonobel-resicoat.png","type":"image\/png"}],"twitter_card":"summary_large_image","twitter_site":"@Coatresa","twitter_misc":{"Gesch\u00e4tzte Lesezeit":"3\u00a0Minuten"},"schema":{"@context":"https:\/\/schema.org","@graph":[{"@type":"WebPage","@id":"https:\/\/www.coatresa.com\/de\/akzonobel-resicoat-beschichtung\/","url":"https:\/\/www.coatresa.com\/de\/akzonobel-resicoat-beschichtung\/","name":"Resicoat beschichtung - Coatresa","isPartOf":{"@id":"https:\/\/www.coatresa.com\/de\/#website"},"primaryImageOfPage":{"@id":"https:\/\/www.coatresa.com\/de\/akzonobel-resicoat-beschichtung\/#primaryimage"},"image":{"@id":"https:\/\/www.coatresa.com\/de\/akzonobel-resicoat-beschichtung\/#primaryimage"},"thumbnailUrl":"https:\/\/www.coatresa.com\/wp-content\/uploads\/2019\/09\/recubrimientos-akzonobel-resicoat.png","datePublished":"2019-09-04T15:27:58+00:00","dateModified":"2020-01-13T11:22:14+00:00","description":"Resicoat - Beschichtung von AkzoNobel: Pulverbeschichtungen ohne VOC und mit SMaRT-Umweltzertifizierung, elektrische Isolierung, Rohre und Ventile.","breadcrumb":{"@id":"https:\/\/www.coatresa.com\/de\/akzonobel-resicoat-beschichtung\/#breadcrumb"},"inLanguage":"de","potentialAction":[{"@type":"ReadAction","target":["https:\/\/www.coatresa.com\/de\/akzonobel-resicoat-beschichtung\/"]}]},{"@type":"ImageObject","inLanguage":"de","@id":"https:\/\/www.coatresa.com\/de\/akzonobel-resicoat-beschichtung\/#primaryimage","url":"https:\/\/www.coatresa.com\/wp-content\/uploads\/2019\/09\/recubrimientos-akzonobel-resicoat.png","contentUrl":"https:\/\/www.coatresa.com\/wp-content\/uploads\/2019\/09\/recubrimientos-akzonobel-resicoat.png","width":197,"height":197,"caption":"recubrimiento AkzoNobel Resicoat"},{"@type":"BreadcrumbList","@id":"https:\/\/www.coatresa.com\/de\/akzonobel-resicoat-beschichtung\/#breadcrumb","itemListElement":[{"@type":"ListItem","position":1,"name":"Portada","item":"https:\/\/www.coatresa.com\/de\/"},{"@type":"ListItem","position":2,"name":"Resicoat beschichtung"}]},{"@type":"WebSite","@id":"https:\/\/www.coatresa.com\/de\/#website","url":"https:\/\/www.coatresa.com\/de\/","name":"Coatresa","description":"Aplicaci\u00f3n de recubrimientos antiadherentes y anticorrosivos como el Teflon. Expertos del Powder Coating","publisher":{"@id":"https:\/\/www.coatresa.com\/de\/#organization"},"potentialAction":[{"@type":"SearchAction","target":{"@type":"EntryPoint","urlTemplate":"https:\/\/www.coatresa.com\/de\/?s={search_term_string}"},"query-input":{"@type":"PropertyValueSpecification","valueRequired":true,"valueName":"search_term_string"}}],"inLanguage":"de"},{"@type":"Organization","@id":"https:\/\/www.coatresa.com\/de\/#organization","name":"Coatresa","url":"https:\/\/www.coatresa.com\/de\/","logo":{"@type":"ImageObject","inLanguage":"de","@id":"https:\/\/www.coatresa.com\/de\/#\/schema\/logo\/image\/","url":"https:\/\/www.coatresa.com\/wp-content\/uploads\/2022\/07\/A_blava_mitja_transp.png","contentUrl":"https:\/\/www.coatresa.com\/wp-content\/uploads\/2022\/07\/A_blava_mitja_transp.png","width":340,"height":326,"caption":"Coatresa"},"image":{"@id":"https:\/\/www.coatresa.com\/de\/#\/schema\/logo\/image\/"},"sameAs":["https:\/\/www.facebook.com\/Coatresa\/","https:\/\/x.com\/Coatresa","https:\/\/www.linkedin.com\/company\/coatresa\/","https:\/\/www.youtube.com\/user\/CoatresaCoatings"]}]}},"_links":{"self":[{"href":"https:\/\/www.coatresa.com\/de\/wp-json\/wp\/v2\/pages\/17853","targetHints":{"allow":["GET"]}}],"collection":[{"href":"https:\/\/www.coatresa.com\/de\/wp-json\/wp\/v2\/pages"}],"about":[{"href":"https:\/\/www.coatresa.com\/de\/wp-json\/wp\/v2\/types\/page"}],"author":[{"embeddable":true,"href":"https:\/\/www.coatresa.com\/de\/wp-json\/wp\/v2\/users\/1"}],"replies":[{"embeddable":true,"href":"https:\/\/www.coatresa.com\/de\/wp-json\/wp\/v2\/comments?post=17853"}],"version-history":[{"count":0,"href":"https:\/\/www.coatresa.com\/de\/wp-json\/wp\/v2\/pages\/17853\/revisions"}],"wp:featuredmedia":[{"embeddable":true,"href":"https:\/\/www.coatresa.com\/de\/wp-json\/wp\/v2\/media\/15440"}],"wp:attachment":[{"href":"https:\/\/www.coatresa.com\/de\/wp-json\/wp\/v2\/media?parent=17853"}],"curies":[{"name":"wp","href":"https:\/\/api.w.org\/{rel}","templated":true}]}}