{"id":17886,"date":"2019-10-03T11:17:20","date_gmt":"2019-10-03T09:17:20","guid":{"rendered":"https:\/\/www.coatresa.com\/recubrimiento-whitford-eclipse\/"},"modified":"2023-06-13T13:09:50","modified_gmt":"2023-06-13T11:09:50","slug":"whitford-eclipse-beschichtung","status":"publish","type":"page","link":"https:\/\/www.coatresa.com\/de\/whitford-eclipse-beschichtung\/","title":{"rendered":"Eclipse beschichtung"},"content":{"rendered":"<div id=\"pl-17886\"  class=\"panel-layout\" ><div id=\"pg-17886-0\"  class=\"panel-grid panel-has-style\" ><div style=\"padding: 0px 0; \" data-overlay=\"true\" data-overlay-color=\"#000000\" class=\"panel-row-style panel-row-style-for-17886-0\" ><div id=\"pgc-17886-0-0\"  class=\"panel-grid-cell\" ><div id=\"panel-17886-0-0-0\" class=\"so-panel widget_sow-image panel-first-child panel-last-child\" data-index=\"0\" ><div style=\"text-align: left;\" data-title-color=\"#47425d\" data-headings-color=\"#443f3f\" data-title_alignment=\"center\" class=\"panel-widget-style panel-widget-style-for-17886-0-0-0\" ><div\n\t\t\t\n\t\t\tclass=\"so-widget-sow-image so-widget-sow-image-default-c67d20f9f743-17886\"\n\t\t\t\n\t\t>\n<div class=\"sow-image-container\">\n\t\t<img \n\tsrc=\"https:\/\/www.coatresa.com\/wp-content\/uploads\/2023\/06\/Recubrimiento-Whitford_Eclipse.png\" width=\"197\" height=\"197\" srcset=\"https:\/\/www.coatresa.com\/wp-content\/uploads\/2023\/06\/Recubrimiento-Whitford_Eclipse.png 197w, https:\/\/www.coatresa.com\/wp-content\/uploads\/2023\/06\/Recubrimiento-Whitford_Eclipse-150x150.png 150w\" sizes=\"(max-width: 197px) 100vw, 197px\" title=\"Recubrimiento Whitford_Eclipse\" alt=\"\" \t\tclass=\"so-widget-image\"\/>\n\t<\/div>\n\n<\/div><\/div><\/div><\/div><div id=\"pgc-17886-0-1\"  class=\"panel-grid-cell\" ><div id=\"panel-17886-0-1-0\" class=\"so-panel widget_sow-editor panel-first-child panel-last-child\" data-index=\"1\" ><div style=\"text-align: left;\" data-title-color=\"#47425d\" data-headings-color=\"#000000\" data-title_alignment=\"center\" class=\"panel-widget-style panel-widget-style-for-17886-0-1-0\" ><div\n\t\t\t\n\t\t\tclass=\"so-widget-sow-editor so-widget-sow-editor-base\"\n\t\t\t\n\t\t>\n<div class=\"siteorigin-widget-tinymce textwidget\">\n\t<h1 style=\"text-align: left;\">Eclipse \u00ae beschichtung<\/h1>\n<hr align=\"left\" \/>\n<p style=\"text-align: justify;\">Die Eclipse\u00ae-Beschichtung ist ein intern verst\u00e4rktes Antihaft-System, das f\u00fcr eine l\u00e4ngere Lebensdauer als andere Beschichtungen dieser Art ausgelegt ist.<br \/>\nDie Eclipse\u00ae - Beschichtungsfamilie (Eclipse und Eclipse High-Build f\u00fcr K\u00fcchenutensilien und Eclipse f\u00fcr Backutensilien) verf\u00fcgt \u00fcber eine bemerkenswerte Widerstandsf\u00e4higkeit gegen Missbrauch und Verschlei\u00df, die f\u00fcr die heutige Durchschnittsk\u00fcche typisch ist.<\/p>\n<\/div>\n<\/div><\/div><\/div><\/div><\/div><\/div><div id=\"pg-17886-1\"  class=\"panel-grid panel-has-style\" ><div class=\"FRANJA-BLAVA-TITOL siteorigin-panels-stretch panel-row-style panel-row-style-for-17886-1\" style=\"padding: 0px 0; \" data-stretch-type=\"full\" data-overlay=\"true\" data-overlay-color=\"#000000\" ><div id=\"pgc-17886-1-0\"  class=\"panel-grid-cell\" ><div id=\"panel-17886-1-0-0\" class=\"so-panel widget_sow-editor panel-first-child panel-last-child\" data-index=\"2\" ><div style=\"text-align: left;\" data-title-color=\"#47425d\" data-headings-color=\"#443f3f\" data-title_alignment=\"center\" class=\"panel-widget-style panel-widget-style-for-17886-1-0-0\" ><div\n\t\t\t\n\t\t\tclass=\"so-widget-sow-editor so-widget-sow-editor-base\"\n\t\t\t\n\t\t>\n<div class=\"siteorigin-widget-tinymce textwidget\">\n\t<h2 style=\"text-align: center;\"> Eigenschaften von Eclipse \u00ae - Beschichtungen<\/h2>\n<\/div>\n<\/div><\/div><\/div><\/div><\/div><\/div><div id=\"pg-17886-2\"  class=\"panel-grid panel-has-style\" ><div class=\"BGC-GRIS siteorigin-panels-stretch panel-row-style panel-row-style-for-17886-2\" style=\"padding: 50px 0; \" data-stretch-type=\"full\" data-overlay=\"true\" data-overlay-color=\"#000000\" ><div id=\"pgc-17886-2-0\"  class=\"panel-grid-cell\" ><div id=\"panel-17886-2-0-0\" class=\"so-panel widget_sow-editor panel-first-child panel-last-child\" data-index=\"3\" ><div style=\"text-align: left;\" data-title-color=\"#47425d\" data-headings-color=\"#443f3f\" data-title_alignment=\"center\" class=\"panel-widget-style panel-widget-style-for-17886-2-0-0\" ><div\n\t\t\t\n\t\t\tclass=\"so-widget-sow-editor so-widget-sow-editor-base\"\n\t\t\t\n\t\t>\n<div class=\"siteorigin-widget-tinymce textwidget\">\n\t<h3>Eclipse f\u00fcr K\u00fcchenutensilien<\/h3>\n<ul>\n<li>Dreischichtige Beschichtung<\/li>\n<li>Der Basisprimer enth\u00e4lt eine sorgf\u00e4ltig ausgew\u00e4hlte und kombinierte Kombination aus Harzen und ungew\u00f6hnlich harten Materialien, die einen wesentlich h\u00f6heren Prozentsatz an speziellen Verst\u00e4rkungselementen als normal erm\u00f6glicht<\/li>\n<li>Die oberste Schicht ist reich an Fluorpolymer und ist vollst\u00e4ndig auf Antihaftbeschichtung ausgelegt<\/li>\n<li>Hervorragende gegenseitige Abrieb-Testergebnisse: mehr als 700 000 Zyklen, die st\u00e4rkste innenverst\u00e4rkte Beschichtung, die zuvor getestet wurde, mit 20 000 Zyklen<\/li>\n<\/ul>\n<\/div>\n<\/div><\/div><\/div><\/div><div id=\"pgc-17886-2-1\"  class=\"panel-grid-cell\" ><div id=\"panel-17886-2-1-0\" class=\"so-panel widget_sow-editor panel-first-child panel-last-child\" data-index=\"4\" ><div style=\"text-align: left;\" data-title-color=\"#47425d\" data-headings-color=\"#443f3f\" data-title_alignment=\"center\" class=\"panel-widget-style panel-widget-style-for-17886-2-1-0\" ><div\n\t\t\t\n\t\t\tclass=\"so-widget-sow-editor so-widget-sow-editor-base\"\n\t\t\t\n\t\t>\n<div class=\"siteorigin-widget-tinymce textwidget\">\n\t<h3>Eclipse High-Build f\u00fcr K\u00fcchenutensilien<\/h3>\n<ul>\n<li>Durch intensive Forschung und Entwicklung verbessert, um einen Standard zu erreichen, der vor allem bei innenverst\u00e4rkten Beschichtungen weitestgehend eingehalten wird<\/li>\n<li>Erf\u00fcllt alle US-amerikanischen und europ\u00e4ischen Lebensmittelsicherheitsstandards<\/li>\n<li>Bis zu 60 Mikrometer k\u00f6nnen ohne Schlammbr\u00fcche aufgetragen werden (die meisten Antihaft-Systeme brechen, wenn sie auf mehr als 40 Mikrometer aufgetragen werden)<\/li>\n<\/ul>\n<\/div>\n<\/div><\/div><\/div><\/div><div id=\"pgc-17886-2-2\"  class=\"panel-grid-cell\" ><div id=\"panel-17886-2-2-0\" class=\"so-panel widget_sow-editor panel-first-child panel-last-child\" data-index=\"5\" ><div style=\"text-align: left;\" data-title-color=\"#47425d\" data-headings-color=\"#443f3f\" data-title_alignment=\"center\" class=\"panel-widget-style panel-widget-style-for-17886-2-2-0\" ><div\n\t\t\t\n\t\t\tclass=\"so-widget-sow-editor so-widget-sow-editor-base\"\n\t\t\t\n\t\t>\n<div class=\"siteorigin-widget-tinymce textwidget\">\n\t<h3>Eclipse zum Backen<\/h3>\n<ul>\n<li>Ein innen verst\u00e4rktes 2-Schicht-Antihaft-System<\/li>\n<li>Entwickelt f\u00fcr eine l\u00e4ngere Lebensdauer als andere innenverst\u00e4rkte Backbeschichtungen<\/li>\n<li>Exzellente Version aus Silikon, daher kann die Spr\u00fchversion von Eclipse f\u00fcr Backger\u00e4te als \u201e<b>Hergestellt ohne PFOA<\/b>\u201c vermarktet werden<\/li>\n<li>Ideal f\u00fcr Aluminiumsubstrate und Kohlenstoffphosphatst\u00e4hle<\/li>\n<\/ul>\n<\/div>\n<\/div><\/div><\/div><\/div><\/div><\/div><div id=\"pg-17886-3\"  class=\"panel-grid panel-has-style\" ><div class=\"siteorigin-panels-stretch panel-row-style panel-row-style-for-17886-3\" style=\"padding: 50px 0; \" data-stretch-type=\"full\" data-overlay=\"true\" data-overlay-color=\"#000000\" ><div id=\"pgc-17886-3-0\"  class=\"panel-grid-cell\" ><div id=\"panel-17886-3-0-0\" class=\"so-panel widget_siteorigin-panels-builder panel-first-child panel-last-child\" data-index=\"6\" ><div style=\"text-align: left;\" data-title-color=\"#47425d\" data-headings-color=\"#443f3f\" data-title_alignment=\"center\" class=\"panel-widget-style panel-widget-style-for-17886-3-0-0\" ><div id=\"pl-w64884e7eb62a3\"  class=\"panel-layout\" ><div id=\"pg-w64884e7eb62a3-0\"  class=\"panel-grid panel-has-style\" ><div style=\"padding: 0px 0; \" data-overlay=\"true\" data-overlay-color=\"#000000\" class=\"panel-row-style panel-row-style-for-w64884e7eb62a3-0\" ><div id=\"pgc-w64884e7eb62a3-0-0\"  class=\"panel-grid-cell\" ><div id=\"panel-w64884e7eb62a3-0-0-0\" class=\"so-panel widget_sow-editor panel-first-child panel-last-child\" data-index=\"0\" ><div style=\"text-align: left;\" data-title-color=\"#47425d\" data-headings-color=\"#443f3f\" data-title_alignment=\"center\" class=\"panel-widget-style panel-widget-style-for-w64884e7eb62a3-0-0-0\" ><div\n\t\t\t\n\t\t\tclass=\"so-widget-sow-editor so-widget-sow-editor-base\"\n\t\t\t\n\t\t>\n<div class=\"siteorigin-widget-tinymce textwidget\">\n\t<h2 class=\"BLAU-FOSC\" style=\"text-align: center;\">Eclipse\u00ae referenzen<\/h2>\n<p style=\"text-align: center; padding-top: 40px;\"><b>Eclipse 7050<\/b><br \/>\n<b>Eclipse 7252<\/b><br \/>\n<b>Eclipse HB 70-750<\/b><br \/>\n<b>Eclipse HB 72-752<\/b><br \/>\n<b>Eclipse HB 73-753<\/b><\/p>\n<\/div>\n<\/div><\/div><\/div><\/div><\/div><\/div><\/div><\/div><\/div><\/div><\/div><\/div><\/div>","protected":false},"excerpt":{"rendered":"<p>Eclipse \u00ae beschichtung Die Eclipse\u00ae-Beschichtung ist ein intern verst\u00e4rktes Antihaft-System, das f\u00fcr eine l\u00e4ngere Lebensdauer als andere Beschichtungen dieser Art ausgelegt ist. [&hellip;]<\/p>\n","protected":false},"author":1,"featured_media":15870,"parent":0,"menu_order":0,"comment_status":"closed","ping_status":"closed","template":"page-templates\/page_fullwidth.php","meta":{"footnotes":""},"class_list":["post-17886","page","type-page","status-publish","has-post-thumbnail","hentry"],"yoast_head":"<!-- This site is optimized with the Yoast SEO plugin v27.6 - https:\/\/yoast.com\/product\/yoast-seo-wordpress\/ -->\n<title>Eclipse beschichtung - Coatresa<\/title>\n<meta name=\"description\" content=\"Eclipse Whitford Beschichtung: Beschichtungen mit einem innen verst\u00e4rkten Antihaft-System. Verschlei\u00dffestigkeit f\u00fcr K\u00fcchen- und Herdger\u00e4te\" \/>\n<meta name=\"robots\" content=\"index, follow, max-snippet:-1, max-image-preview:large, max-video-preview:-1\" \/>\n<link rel=\"canonical\" href=\"https:\/\/www.coatresa.com\/de\/whitford-eclipse-beschichtung\/\" \/>\n<meta property=\"og:locale\" content=\"de_DE\" \/>\n<meta property=\"og:type\" content=\"article\" \/>\n<meta property=\"og:title\" content=\"Eclipse beschichtung - Coatresa\" \/>\n<meta property=\"og:description\" content=\"Eclipse Whitford Beschichtung: Beschichtungen mit einem innen verst\u00e4rkten Antihaft-System. Verschlei\u00dffestigkeit f\u00fcr K\u00fcchen- und Herdger\u00e4te\" \/>\n<meta property=\"og:url\" content=\"https:\/\/www.coatresa.com\/de\/whitford-eclipse-beschichtung\/\" \/>\n<meta property=\"og:site_name\" content=\"Coatresa\" \/>\n<meta property=\"article:publisher\" content=\"https:\/\/www.facebook.com\/Coatresa\/\" \/>\n<meta property=\"article:modified_time\" content=\"2023-06-13T11:09:50+00:00\" \/>\n<meta property=\"og:image\" content=\"https:\/\/www.coatresa.com\/wp-content\/uploads\/2019\/10\/recubrimientos-eclipse-whitford.png\" \/>\n\t<meta property=\"og:image:width\" content=\"197\" \/>\n\t<meta property=\"og:image:height\" content=\"197\" \/>\n\t<meta property=\"og:image:type\" content=\"image\/png\" \/>\n<meta name=\"twitter:card\" content=\"summary_large_image\" \/>\n<meta name=\"twitter:site\" content=\"@Coatresa\" \/>\n<meta name=\"twitter:label1\" content=\"Gesch\u00e4tzte Lesezeit\" \/>\n\t<meta name=\"twitter:data1\" content=\"2\u00a0Minuten\" \/>\n<script type=\"application\/ld+json\" class=\"yoast-schema-graph\">{\"@context\":\"https:\\\/\\\/schema.org\",\"@graph\":[{\"@type\":\"WebPage\",\"@id\":\"https:\\\/\\\/www.coatresa.com\\\/de\\\/whitford-eclipse-beschichtung\\\/\",\"url\":\"https:\\\/\\\/www.coatresa.com\\\/de\\\/whitford-eclipse-beschichtung\\\/\",\"name\":\"Eclipse beschichtung - Coatresa\",\"isPartOf\":{\"@id\":\"https:\\\/\\\/www.coatresa.com\\\/de\\\/#website\"},\"primaryImageOfPage\":{\"@id\":\"https:\\\/\\\/www.coatresa.com\\\/de\\\/whitford-eclipse-beschichtung\\\/#primaryimage\"},\"image\":{\"@id\":\"https:\\\/\\\/www.coatresa.com\\\/de\\\/whitford-eclipse-beschichtung\\\/#primaryimage\"},\"thumbnailUrl\":\"https:\\\/\\\/www.coatresa.com\\\/wp-content\\\/uploads\\\/2019\\\/10\\\/recubrimientos-eclipse-whitford.png\",\"datePublished\":\"2019-10-03T09:17:20+00:00\",\"dateModified\":\"2023-06-13T11:09:50+00:00\",\"description\":\"Eclipse Whitford Beschichtung: Beschichtungen mit einem innen verst\u00e4rkten Antihaft-System. Verschlei\u00dffestigkeit f\u00fcr K\u00fcchen- und Herdger\u00e4te\",\"breadcrumb\":{\"@id\":\"https:\\\/\\\/www.coatresa.com\\\/de\\\/whitford-eclipse-beschichtung\\\/#breadcrumb\"},\"inLanguage\":\"de\",\"potentialAction\":[{\"@type\":\"ReadAction\",\"target\":[\"https:\\\/\\\/www.coatresa.com\\\/de\\\/whitford-eclipse-beschichtung\\\/\"]}]},{\"@type\":\"ImageObject\",\"inLanguage\":\"de\",\"@id\":\"https:\\\/\\\/www.coatresa.com\\\/de\\\/whitford-eclipse-beschichtung\\\/#primaryimage\",\"url\":\"https:\\\/\\\/www.coatresa.com\\\/wp-content\\\/uploads\\\/2019\\\/10\\\/recubrimientos-eclipse-whitford.png\",\"contentUrl\":\"https:\\\/\\\/www.coatresa.com\\\/wp-content\\\/uploads\\\/2019\\\/10\\\/recubrimientos-eclipse-whitford.png\",\"width\":197,\"height\":197,\"caption\":\"Eclipse Whitford beschichtungen\"},{\"@type\":\"BreadcrumbList\",\"@id\":\"https:\\\/\\\/www.coatresa.com\\\/de\\\/whitford-eclipse-beschichtung\\\/#breadcrumb\",\"itemListElement\":[{\"@type\":\"ListItem\",\"position\":1,\"name\":\"Portada\",\"item\":\"https:\\\/\\\/www.coatresa.com\\\/de\\\/\"},{\"@type\":\"ListItem\",\"position\":2,\"name\":\"Eclipse beschichtung\"}]},{\"@type\":\"WebSite\",\"@id\":\"https:\\\/\\\/www.coatresa.com\\\/de\\\/#website\",\"url\":\"https:\\\/\\\/www.coatresa.com\\\/de\\\/\",\"name\":\"Coatresa\",\"description\":\"Aplicaci\u00f3n de recubrimientos antiadherentes y anticorrosivos como el Teflon. Expertos del Powder Coating\",\"publisher\":{\"@id\":\"https:\\\/\\\/www.coatresa.com\\\/de\\\/#organization\"},\"potentialAction\":[{\"@type\":\"SearchAction\",\"target\":{\"@type\":\"EntryPoint\",\"urlTemplate\":\"https:\\\/\\\/www.coatresa.com\\\/de\\\/?s={search_term_string}\"},\"query-input\":{\"@type\":\"PropertyValueSpecification\",\"valueRequired\":true,\"valueName\":\"search_term_string\"}}],\"inLanguage\":\"de\"},{\"@type\":\"Organization\",\"@id\":\"https:\\\/\\\/www.coatresa.com\\\/de\\\/#organization\",\"name\":\"Coatresa\",\"url\":\"https:\\\/\\\/www.coatresa.com\\\/de\\\/\",\"logo\":{\"@type\":\"ImageObject\",\"inLanguage\":\"de\",\"@id\":\"https:\\\/\\\/www.coatresa.com\\\/de\\\/#\\\/schema\\\/logo\\\/image\\\/\",\"url\":\"https:\\\/\\\/www.coatresa.com\\\/wp-content\\\/uploads\\\/2022\\\/07\\\/A_blava_mitja_transp.png\",\"contentUrl\":\"https:\\\/\\\/www.coatresa.com\\\/wp-content\\\/uploads\\\/2022\\\/07\\\/A_blava_mitja_transp.png\",\"width\":340,\"height\":326,\"caption\":\"Coatresa\"},\"image\":{\"@id\":\"https:\\\/\\\/www.coatresa.com\\\/de\\\/#\\\/schema\\\/logo\\\/image\\\/\"},\"sameAs\":[\"https:\\\/\\\/www.facebook.com\\\/Coatresa\\\/\",\"https:\\\/\\\/x.com\\\/Coatresa\",\"https:\\\/\\\/www.linkedin.com\\\/company\\\/coatresa\\\/\",\"https:\\\/\\\/www.youtube.com\\\/user\\\/CoatresaCoatings\"]}]}<\/script>\n<!-- \/ Yoast SEO plugin. -->","yoast_head_json":{"title":"Eclipse beschichtung - Coatresa","description":"Eclipse Whitford Beschichtung: Beschichtungen mit einem innen verst\u00e4rkten Antihaft-System. Verschlei\u00dffestigkeit f\u00fcr K\u00fcchen- und Herdger\u00e4te","robots":{"index":"index","follow":"follow","max-snippet":"max-snippet:-1","max-image-preview":"max-image-preview:large","max-video-preview":"max-video-preview:-1"},"canonical":"https:\/\/www.coatresa.com\/de\/whitford-eclipse-beschichtung\/","og_locale":"de_DE","og_type":"article","og_title":"Eclipse beschichtung - Coatresa","og_description":"Eclipse Whitford Beschichtung: Beschichtungen mit einem innen verst\u00e4rkten Antihaft-System. Verschlei\u00dffestigkeit f\u00fcr K\u00fcchen- und Herdger\u00e4te","og_url":"https:\/\/www.coatresa.com\/de\/whitford-eclipse-beschichtung\/","og_site_name":"Coatresa","article_publisher":"https:\/\/www.facebook.com\/Coatresa\/","article_modified_time":"2023-06-13T11:09:50+00:00","og_image":[{"width":197,"height":197,"url":"https:\/\/www.coatresa.com\/wp-content\/uploads\/2019\/10\/recubrimientos-eclipse-whitford.png","type":"image\/png"}],"twitter_card":"summary_large_image","twitter_site":"@Coatresa","twitter_misc":{"Gesch\u00e4tzte Lesezeit":"2\u00a0Minuten"},"schema":{"@context":"https:\/\/schema.org","@graph":[{"@type":"WebPage","@id":"https:\/\/www.coatresa.com\/de\/whitford-eclipse-beschichtung\/","url":"https:\/\/www.coatresa.com\/de\/whitford-eclipse-beschichtung\/","name":"Eclipse beschichtung - Coatresa","isPartOf":{"@id":"https:\/\/www.coatresa.com\/de\/#website"},"primaryImageOfPage":{"@id":"https:\/\/www.coatresa.com\/de\/whitford-eclipse-beschichtung\/#primaryimage"},"image":{"@id":"https:\/\/www.coatresa.com\/de\/whitford-eclipse-beschichtung\/#primaryimage"},"thumbnailUrl":"https:\/\/www.coatresa.com\/wp-content\/uploads\/2019\/10\/recubrimientos-eclipse-whitford.png","datePublished":"2019-10-03T09:17:20+00:00","dateModified":"2023-06-13T11:09:50+00:00","description":"Eclipse Whitford Beschichtung: Beschichtungen mit einem innen verst\u00e4rkten Antihaft-System. Verschlei\u00dffestigkeit f\u00fcr K\u00fcchen- und Herdger\u00e4te","breadcrumb":{"@id":"https:\/\/www.coatresa.com\/de\/whitford-eclipse-beschichtung\/#breadcrumb"},"inLanguage":"de","potentialAction":[{"@type":"ReadAction","target":["https:\/\/www.coatresa.com\/de\/whitford-eclipse-beschichtung\/"]}]},{"@type":"ImageObject","inLanguage":"de","@id":"https:\/\/www.coatresa.com\/de\/whitford-eclipse-beschichtung\/#primaryimage","url":"https:\/\/www.coatresa.com\/wp-content\/uploads\/2019\/10\/recubrimientos-eclipse-whitford.png","contentUrl":"https:\/\/www.coatresa.com\/wp-content\/uploads\/2019\/10\/recubrimientos-eclipse-whitford.png","width":197,"height":197,"caption":"Eclipse Whitford beschichtungen"},{"@type":"BreadcrumbList","@id":"https:\/\/www.coatresa.com\/de\/whitford-eclipse-beschichtung\/#breadcrumb","itemListElement":[{"@type":"ListItem","position":1,"name":"Portada","item":"https:\/\/www.coatresa.com\/de\/"},{"@type":"ListItem","position":2,"name":"Eclipse beschichtung"}]},{"@type":"WebSite","@id":"https:\/\/www.coatresa.com\/de\/#website","url":"https:\/\/www.coatresa.com\/de\/","name":"Coatresa","description":"Aplicaci\u00f3n de recubrimientos antiadherentes y anticorrosivos como el Teflon. Expertos del Powder Coating","publisher":{"@id":"https:\/\/www.coatresa.com\/de\/#organization"},"potentialAction":[{"@type":"SearchAction","target":{"@type":"EntryPoint","urlTemplate":"https:\/\/www.coatresa.com\/de\/?s={search_term_string}"},"query-input":{"@type":"PropertyValueSpecification","valueRequired":true,"valueName":"search_term_string"}}],"inLanguage":"de"},{"@type":"Organization","@id":"https:\/\/www.coatresa.com\/de\/#organization","name":"Coatresa","url":"https:\/\/www.coatresa.com\/de\/","logo":{"@type":"ImageObject","inLanguage":"de","@id":"https:\/\/www.coatresa.com\/de\/#\/schema\/logo\/image\/","url":"https:\/\/www.coatresa.com\/wp-content\/uploads\/2022\/07\/A_blava_mitja_transp.png","contentUrl":"https:\/\/www.coatresa.com\/wp-content\/uploads\/2022\/07\/A_blava_mitja_transp.png","width":340,"height":326,"caption":"Coatresa"},"image":{"@id":"https:\/\/www.coatresa.com\/de\/#\/schema\/logo\/image\/"},"sameAs":["https:\/\/www.facebook.com\/Coatresa\/","https:\/\/x.com\/Coatresa","https:\/\/www.linkedin.com\/company\/coatresa\/","https:\/\/www.youtube.com\/user\/CoatresaCoatings"]}]}},"_links":{"self":[{"href":"https:\/\/www.coatresa.com\/de\/wp-json\/wp\/v2\/pages\/17886","targetHints":{"allow":["GET"]}}],"collection":[{"href":"https:\/\/www.coatresa.com\/de\/wp-json\/wp\/v2\/pages"}],"about":[{"href":"https:\/\/www.coatresa.com\/de\/wp-json\/wp\/v2\/types\/page"}],"author":[{"embeddable":true,"href":"https:\/\/www.coatresa.com\/de\/wp-json\/wp\/v2\/users\/1"}],"replies":[{"embeddable":true,"href":"https:\/\/www.coatresa.com\/de\/wp-json\/wp\/v2\/comments?post=17886"}],"version-history":[{"count":0,"href":"https:\/\/www.coatresa.com\/de\/wp-json\/wp\/v2\/pages\/17886\/revisions"}],"wp:featuredmedia":[{"embeddable":true,"href":"https:\/\/www.coatresa.com\/de\/wp-json\/wp\/v2\/media\/15870"}],"wp:attachment":[{"href":"https:\/\/www.coatresa.com\/de\/wp-json\/wp\/v2\/media?parent=17886"}],"curies":[{"name":"wp","href":"https:\/\/api.w.org\/{rel}","templated":true}]}}