{"id":17890,"date":"2019-10-03T11:03:17","date_gmt":"2019-10-03T09:03:17","guid":{"rendered":"https:\/\/www.coatresa.com\/recubrimiento-whitford-fusion\/"},"modified":"2023-06-13T13:16:05","modified_gmt":"2023-06-13T11:16:05","slug":"whitford-fusion-beschichtung","status":"publish","type":"page","link":"https:\/\/www.coatresa.com\/de\/whitford-fusion-beschichtung\/","title":{"rendered":"Fusion beschichtung"},"content":{"rendered":"<div id=\"pl-17890\"  class=\"panel-layout\" ><div id=\"pg-17890-0\"  class=\"panel-grid panel-has-style\" ><div style=\"padding: 0px 0; \" data-overlay=\"true\" data-overlay-color=\"#000000\" class=\"panel-row-style panel-row-style-for-17890-0\" ><div id=\"pgc-17890-0-0\"  class=\"panel-grid-cell\" ><div id=\"panel-17890-0-0-0\" class=\"so-panel widget_sow-image panel-first-child panel-last-child\" data-index=\"0\" ><div style=\"text-align: left;\" data-title-color=\"#47425d\" data-headings-color=\"#443f3f\" data-title_alignment=\"center\" class=\"panel-widget-style panel-widget-style-for-17890-0-0-0\" ><div\n\t\t\t\n\t\t\tclass=\"so-widget-sow-image so-widget-sow-image-default-c67d20f9f743-17890\"\n\t\t\t\n\t\t>\n<div class=\"sow-image-container\">\n\t\t<img \n\tsrc=\"https:\/\/www.coatresa.com\/wp-content\/uploads\/2023\/06\/Recubrimiento-Whitford_Fusion.png\" width=\"197\" height=\"197\" srcset=\"https:\/\/www.coatresa.com\/wp-content\/uploads\/2023\/06\/Recubrimiento-Whitford_Fusion.png 197w, https:\/\/www.coatresa.com\/wp-content\/uploads\/2023\/06\/Recubrimiento-Whitford_Fusion-150x150.png 150w\" sizes=\"(max-width: 197px) 100vw, 197px\" title=\"Recubrimiento Whitford_Fusion\" alt=\"\" \t\tclass=\"so-widget-image\"\/>\n\t<\/div>\n\n<\/div><\/div><\/div><\/div><div id=\"pgc-17890-0-1\"  class=\"panel-grid-cell\" ><div id=\"panel-17890-0-1-0\" class=\"so-panel widget_sow-editor panel-first-child panel-last-child\" data-index=\"1\" ><div style=\"text-align: left;\" data-title-color=\"#47425d\" data-headings-color=\"#000000\" data-title_alignment=\"center\" class=\"panel-widget-style panel-widget-style-for-17890-0-1-0\" ><div\n\t\t\t\n\t\t\tclass=\"so-widget-sow-editor so-widget-sow-editor-base\"\n\t\t\t\n\t\t>\n<div class=\"siteorigin-widget-tinymce textwidget\">\n\t<h1 style=\"text-align: left;\">Fusion \u00ae beschichtung<\/h1>\n<hr align=\"left\" \/>\n<p style=\"text-align: justify;\">Fusion\u00ae ist ein Beschichtungssystem auf Basis der Sol-Gel-Technologie, das ohne PFOA und PTFE hergestellt wird. Es handelt sich um eine Hybridbeschichtung aus organischer und anorganischer Chemie, die in der Keramiktechnik \u00fcblich ist.<br \/>\nDie Beschichtungsfamilie Fusion\u00ae (Fusion, Fusion TI, Fusion HR, FusionX) ist wasserbasiert. Sie arbeitet bei extremen Temperaturen und h\u00e4rtet bei niedrigeren Temperaturen mit weniger Energie aus.<\/p>\n<\/div>\n<\/div><\/div><\/div><\/div><\/div><\/div><div id=\"pg-17890-1\"  class=\"panel-grid panel-has-style\" ><div class=\"FRANJA-BLAVA-TITOL siteorigin-panels-stretch panel-row-style panel-row-style-for-17890-1\" style=\"padding: 0px 0; \" data-stretch-type=\"full\" data-overlay=\"true\" data-overlay-color=\"#000000\" ><div id=\"pgc-17890-1-0\"  class=\"panel-grid-cell\" ><div id=\"panel-17890-1-0-0\" class=\"so-panel widget_sow-editor panel-first-child panel-last-child\" data-index=\"2\" ><div style=\"text-align: left;\" data-title-color=\"#47425d\" data-headings-color=\"#443f3f\" data-title_alignment=\"center\" class=\"panel-widget-style panel-widget-style-for-17890-1-0-0\" ><div\n\t\t\t\n\t\t\tclass=\"so-widget-sow-editor so-widget-sow-editor-base\"\n\t\t\t\n\t\t>\n<div class=\"siteorigin-widget-tinymce textwidget\">\n\t<h2 style=\"text-align: center;\">Eigenschaften von Fusion \u00ae - Beschichtungen<\/h2>\n<\/div>\n<\/div><\/div><\/div><\/div><\/div><\/div><div id=\"pg-17890-2\"  class=\"panel-grid panel-has-style\" ><div class=\"BGC-GRIS siteorigin-panels-stretch panel-row-style panel-row-style-for-17890-2\" style=\"padding: 50px 0; \" data-stretch-type=\"full\" data-overlay=\"true\" data-overlay-color=\"#000000\" ><div id=\"pgc-17890-2-0\"  class=\"panel-grid-cell\" ><div id=\"panel-17890-2-0-0\" class=\"so-panel widget_sow-editor panel-first-child panel-last-child\" data-index=\"3\" ><div style=\"text-align: left;\" data-title-color=\"#47425d\" data-headings-color=\"#443f3f\" data-title_alignment=\"center\" class=\"panel-widget-style panel-widget-style-for-17890-2-0-0\" ><div\n\t\t\t\n\t\t\tclass=\"so-widget-sow-editor so-widget-sow-editor-base\"\n\t\t\t\n\t\t>\n<div class=\"siteorigin-widget-tinymce textwidget\">\n\t<h3>Fusion<\/h3>\n<p style=\"text-align: justify;\">Bessere Antihaftwirkung, bessere Fleckenbest\u00e4ndigkeit und besserer Glanz im Vergleich zu anderen keramischen Antihaftbeschichtungen.<\/p>\n<h3>Fusion TI<\/h3>\n<p style=\"text-align: justify;\">Verst\u00e4rkt mit Titanpartikeln. Au\u00dfergew\u00f6hnliche Haltbarkeit und Abriebfestigkeit: weit \u00fcber anderen getesteten Sol-Gel-Keramikfliesen.<\/p>\n<h3>Fusion HR<\/h3>\n<p style=\"text-align: justify;\">Au\u00dfergew\u00f6hnliche Antihaftwirkung, nachgewiesen durch zwei extrem harte Whitford-Tests: den thermischen Belastungstest und den chemischen Belastungstest. Die Leistung h\u00e4lt > 2,5 mal l\u00e4nger als bei anderen Keramikbeschichtungen an. Antihafteigenschaften, die bisher in einer Sol-Gel-\u201eKeramik\u201c-Beschichtung unerreichbar waren.<\/p>\n<\/div>\n<\/div><\/div><\/div><\/div><div id=\"pgc-17890-2-1\"  class=\"panel-grid-cell\" ><div id=\"panel-17890-2-1-0\" class=\"so-panel widget_sow-editor panel-first-child panel-last-child\" data-index=\"4\" ><div style=\"text-align: left;\" data-title-color=\"#47425d\" data-headings-color=\"#443f3f\" data-title_alignment=\"center\" class=\"panel-widget-style panel-widget-style-for-17890-2-1-0\" ><div\n\t\t\t\n\t\t\tclass=\"so-widget-sow-editor so-widget-sow-editor-base\"\n\t\t\t\n\t\t>\n<div class=\"siteorigin-widget-tinymce textwidget\">\n\t<h3>Fusion X<\/h3>\n<p style=\"text-align: justify;\"> Das j\u00fcngste Mitglied der Fusionsbeschichtungsfamilie ist eine neue Linie von Sol-Gel-\u201eKeramik\u201c-Au\u00dfenbeschichtungen. Ein einschichtiges System, das in einer Vielzahl von leuchtenden Farben erh\u00e4ltlich ist, eine farbenfrohe, auff\u00e4llige und einfache Alternative zu Porzellanemail. Kann bei extremen Temperaturen (930\u00b0F \/ 500\u00b0C, je nach Farbe) eingesetzt werden und ist f\u00fcr den Einsatz \u00fcber einer direkten Flamme geeignet.<br \/>\nDie Antihaft-Keramik-Sol-Gel-Antihaftbeschichtung Fusion von Whitford verf\u00fcgt \u00fcber eine unabh\u00e4ngige rechtliche Zertifizierung, die best\u00e4tigt, dass sie den US-FDA-Vorschriften f\u00fcr den Kontakt mit Lebensmitteln und den wichtigsten EU-Gesetzen 1935\/2004 entspricht.<\/p>\n<\/div>\n<\/div><\/div><\/div><\/div><\/div><\/div><div id=\"pg-17890-3\"  class=\"panel-grid panel-has-style\" ><div class=\"siteorigin-panels-stretch panel-row-style panel-row-style-for-17890-3\" style=\"padding: 50px 0; \" data-stretch-type=\"full\" data-overlay=\"true\" data-overlay-color=\"#000000\" ><div id=\"pgc-17890-3-0\"  class=\"panel-grid-cell\" ><div id=\"panel-17890-3-0-0\" class=\"so-panel widget_siteorigin-panels-builder panel-first-child panel-last-child\" data-index=\"5\" ><div style=\"text-align: left;\" data-title-color=\"#47425d\" data-headings-color=\"#443f3f\" data-title_alignment=\"center\" class=\"panel-widget-style panel-widget-style-for-17890-3-0-0\" ><div id=\"pl-w64884ff5d6e5f\"  class=\"panel-layout\" ><div id=\"pg-w64884ff5d6e5f-0\"  class=\"panel-grid panel-has-style\" ><div style=\"padding: 0px 0; \" data-overlay=\"true\" data-overlay-color=\"#000000\" class=\"panel-row-style panel-row-style-for-w64884ff5d6e5f-0\" ><div id=\"pgc-w64884ff5d6e5f-0-0\"  class=\"panel-grid-cell\" ><div id=\"panel-w64884ff5d6e5f-0-0-0\" class=\"so-panel widget_sow-editor panel-first-child panel-last-child\" data-index=\"0\" ><div style=\"text-align: left;\" data-title-color=\"#47425d\" data-headings-color=\"#443f3f\" data-title_alignment=\"center\" class=\"panel-widget-style panel-widget-style-for-w64884ff5d6e5f-0-0-0\" ><div\n\t\t\t\n\t\t\tclass=\"so-widget-sow-editor so-widget-sow-editor-base\"\n\t\t\t\n\t\t>\n<div class=\"siteorigin-widget-tinymce textwidget\">\n\t<h2 class=\"BLAU-FOSC\" style=\"text-align: center;\">Fusion\u00ae referenzen<\/h2>\n<p style=\"text-align: center; padding-top: 40px;\"><b>Fusion 8088<\/b><br \/>\n<b>Fusion 8089<\/b><\/p>\n<\/div>\n<\/div><\/div><\/div><\/div><\/div><\/div><\/div><\/div><\/div><\/div><\/div><\/div><\/div>","protected":false},"excerpt":{"rendered":"<p>Fusion \u00ae beschichtung Fusion\u00ae ist ein Beschichtungssystem auf Basis der Sol-Gel-Technologie, das ohne PFOA und PTFE hergestellt wird. Es handelt sich um [&hellip;]<\/p>\n","protected":false},"author":1,"featured_media":15876,"parent":0,"menu_order":0,"comment_status":"closed","ping_status":"closed","template":"page-templates\/page_fullwidth.php","meta":{"footnotes":""},"class_list":["post-17890","page","type-page","status-publish","has-post-thumbnail","hentry"],"yoast_head":"<!-- This site is optimized with the Yoast SEO plugin v27.3 - https:\/\/yoast.com\/product\/yoast-seo-wordpress\/ -->\n<title>Fusion beschichtung - Coatresa<\/title>\n<meta name=\"description\" content=\"Die Beschichtung Fusion von Whitford: Beschichtungen mit Sol-Gel-Technologie ohne PFOA und PTFE. Eine Kreuzung aus organischer und anorganischer Chemie.\" \/>\n<meta name=\"robots\" content=\"index, follow, max-snippet:-1, max-image-preview:large, max-video-preview:-1\" \/>\n<link rel=\"canonical\" href=\"https:\/\/www.coatresa.com\/de\/whitford-fusion-beschichtung\/\" \/>\n<meta property=\"og:locale\" content=\"de_DE\" \/>\n<meta property=\"og:type\" content=\"article\" \/>\n<meta property=\"og:title\" content=\"Fusion beschichtung - Coatresa\" \/>\n<meta property=\"og:description\" content=\"Die Beschichtung Fusion von Whitford: Beschichtungen mit Sol-Gel-Technologie ohne PFOA und PTFE. Eine Kreuzung aus organischer und anorganischer Chemie.\" \/>\n<meta property=\"og:url\" content=\"https:\/\/www.coatresa.com\/de\/whitford-fusion-beschichtung\/\" \/>\n<meta property=\"og:site_name\" content=\"Coatresa\" \/>\n<meta property=\"article:publisher\" content=\"https:\/\/www.facebook.com\/Coatresa\/\" \/>\n<meta property=\"article:modified_time\" content=\"2023-06-13T11:16:05+00:00\" \/>\n<meta property=\"og:image\" content=\"https:\/\/www.coatresa.com\/wp-content\/uploads\/2019\/10\/recubrimientos-fusion-whitford.png\" \/>\n\t<meta property=\"og:image:width\" content=\"197\" \/>\n\t<meta property=\"og:image:height\" content=\"197\" \/>\n\t<meta property=\"og:image:type\" content=\"image\/png\" \/>\n<meta name=\"twitter:card\" content=\"summary_large_image\" \/>\n<meta name=\"twitter:site\" content=\"@Coatresa\" \/>\n<meta name=\"twitter:label1\" content=\"Gesch\u00e4tzte Lesezeit\" \/>\n\t<meta name=\"twitter:data1\" content=\"2\u00a0Minuten\" \/>\n<script type=\"application\/ld+json\" class=\"yoast-schema-graph\">{\"@context\":\"https:\\\/\\\/schema.org\",\"@graph\":[{\"@type\":\"WebPage\",\"@id\":\"https:\\\/\\\/www.coatresa.com\\\/de\\\/whitford-fusion-beschichtung\\\/\",\"url\":\"https:\\\/\\\/www.coatresa.com\\\/de\\\/whitford-fusion-beschichtung\\\/\",\"name\":\"Fusion beschichtung - Coatresa\",\"isPartOf\":{\"@id\":\"https:\\\/\\\/www.coatresa.com\\\/de\\\/#website\"},\"primaryImageOfPage\":{\"@id\":\"https:\\\/\\\/www.coatresa.com\\\/de\\\/whitford-fusion-beschichtung\\\/#primaryimage\"},\"image\":{\"@id\":\"https:\\\/\\\/www.coatresa.com\\\/de\\\/whitford-fusion-beschichtung\\\/#primaryimage\"},\"thumbnailUrl\":\"https:\\\/\\\/www.coatresa.com\\\/wp-content\\\/uploads\\\/2019\\\/10\\\/recubrimientos-fusion-whitford.png\",\"datePublished\":\"2019-10-03T09:03:17+00:00\",\"dateModified\":\"2023-06-13T11:16:05+00:00\",\"description\":\"Die Beschichtung Fusion von Whitford: Beschichtungen mit Sol-Gel-Technologie ohne PFOA und PTFE. Eine Kreuzung aus organischer und anorganischer Chemie.\",\"breadcrumb\":{\"@id\":\"https:\\\/\\\/www.coatresa.com\\\/de\\\/whitford-fusion-beschichtung\\\/#breadcrumb\"},\"inLanguage\":\"de\",\"potentialAction\":[{\"@type\":\"ReadAction\",\"target\":[\"https:\\\/\\\/www.coatresa.com\\\/de\\\/whitford-fusion-beschichtung\\\/\"]}]},{\"@type\":\"ImageObject\",\"inLanguage\":\"de\",\"@id\":\"https:\\\/\\\/www.coatresa.com\\\/de\\\/whitford-fusion-beschichtung\\\/#primaryimage\",\"url\":\"https:\\\/\\\/www.coatresa.com\\\/wp-content\\\/uploads\\\/2019\\\/10\\\/recubrimientos-fusion-whitford.png\",\"contentUrl\":\"https:\\\/\\\/www.coatresa.com\\\/wp-content\\\/uploads\\\/2019\\\/10\\\/recubrimientos-fusion-whitford.png\",\"width\":197,\"height\":197,\"caption\":\"Fusion Whitford beschichtungen\"},{\"@type\":\"BreadcrumbList\",\"@id\":\"https:\\\/\\\/www.coatresa.com\\\/de\\\/whitford-fusion-beschichtung\\\/#breadcrumb\",\"itemListElement\":[{\"@type\":\"ListItem\",\"position\":1,\"name\":\"Portada\",\"item\":\"https:\\\/\\\/www.coatresa.com\\\/de\\\/\"},{\"@type\":\"ListItem\",\"position\":2,\"name\":\"Fusion beschichtung\"}]},{\"@type\":\"WebSite\",\"@id\":\"https:\\\/\\\/www.coatresa.com\\\/de\\\/#website\",\"url\":\"https:\\\/\\\/www.coatresa.com\\\/de\\\/\",\"name\":\"Coatresa\",\"description\":\"Aplicaci\u00f3n de recubrimientos antiadherentes y anticorrosivos como el Teflon. Expertos del Powder Coating\",\"publisher\":{\"@id\":\"https:\\\/\\\/www.coatresa.com\\\/de\\\/#organization\"},\"potentialAction\":[{\"@type\":\"SearchAction\",\"target\":{\"@type\":\"EntryPoint\",\"urlTemplate\":\"https:\\\/\\\/www.coatresa.com\\\/de\\\/?s={search_term_string}\"},\"query-input\":{\"@type\":\"PropertyValueSpecification\",\"valueRequired\":true,\"valueName\":\"search_term_string\"}}],\"inLanguage\":\"de\"},{\"@type\":\"Organization\",\"@id\":\"https:\\\/\\\/www.coatresa.com\\\/de\\\/#organization\",\"name\":\"Coatresa\",\"url\":\"https:\\\/\\\/www.coatresa.com\\\/de\\\/\",\"logo\":{\"@type\":\"ImageObject\",\"inLanguage\":\"de\",\"@id\":\"https:\\\/\\\/www.coatresa.com\\\/de\\\/#\\\/schema\\\/logo\\\/image\\\/\",\"url\":\"https:\\\/\\\/www.coatresa.com\\\/wp-content\\\/uploads\\\/2022\\\/07\\\/A_blava_mitja_transp.png\",\"contentUrl\":\"https:\\\/\\\/www.coatresa.com\\\/wp-content\\\/uploads\\\/2022\\\/07\\\/A_blava_mitja_transp.png\",\"width\":340,\"height\":326,\"caption\":\"Coatresa\"},\"image\":{\"@id\":\"https:\\\/\\\/www.coatresa.com\\\/de\\\/#\\\/schema\\\/logo\\\/image\\\/\"},\"sameAs\":[\"https:\\\/\\\/www.facebook.com\\\/Coatresa\\\/\",\"https:\\\/\\\/x.com\\\/Coatresa\",\"https:\\\/\\\/www.linkedin.com\\\/company\\\/coatresa\\\/\",\"https:\\\/\\\/www.youtube.com\\\/user\\\/CoatresaCoatings\"]}]}<\/script>\n<!-- \/ Yoast SEO plugin. -->","yoast_head_json":{"title":"Fusion beschichtung - Coatresa","description":"Die Beschichtung Fusion von Whitford: Beschichtungen mit Sol-Gel-Technologie ohne PFOA und PTFE. Eine Kreuzung aus organischer und anorganischer Chemie.","robots":{"index":"index","follow":"follow","max-snippet":"max-snippet:-1","max-image-preview":"max-image-preview:large","max-video-preview":"max-video-preview:-1"},"canonical":"https:\/\/www.coatresa.com\/de\/whitford-fusion-beschichtung\/","og_locale":"de_DE","og_type":"article","og_title":"Fusion beschichtung - Coatresa","og_description":"Die Beschichtung Fusion von Whitford: Beschichtungen mit Sol-Gel-Technologie ohne PFOA und PTFE. Eine Kreuzung aus organischer und anorganischer Chemie.","og_url":"https:\/\/www.coatresa.com\/de\/whitford-fusion-beschichtung\/","og_site_name":"Coatresa","article_publisher":"https:\/\/www.facebook.com\/Coatresa\/","article_modified_time":"2023-06-13T11:16:05+00:00","og_image":[{"width":197,"height":197,"url":"https:\/\/www.coatresa.com\/wp-content\/uploads\/2019\/10\/recubrimientos-fusion-whitford.png","type":"image\/png"}],"twitter_card":"summary_large_image","twitter_site":"@Coatresa","twitter_misc":{"Gesch\u00e4tzte Lesezeit":"2\u00a0Minuten"},"schema":{"@context":"https:\/\/schema.org","@graph":[{"@type":"WebPage","@id":"https:\/\/www.coatresa.com\/de\/whitford-fusion-beschichtung\/","url":"https:\/\/www.coatresa.com\/de\/whitford-fusion-beschichtung\/","name":"Fusion beschichtung - Coatresa","isPartOf":{"@id":"https:\/\/www.coatresa.com\/de\/#website"},"primaryImageOfPage":{"@id":"https:\/\/www.coatresa.com\/de\/whitford-fusion-beschichtung\/#primaryimage"},"image":{"@id":"https:\/\/www.coatresa.com\/de\/whitford-fusion-beschichtung\/#primaryimage"},"thumbnailUrl":"https:\/\/www.coatresa.com\/wp-content\/uploads\/2019\/10\/recubrimientos-fusion-whitford.png","datePublished":"2019-10-03T09:03:17+00:00","dateModified":"2023-06-13T11:16:05+00:00","description":"Die Beschichtung Fusion von Whitford: Beschichtungen mit Sol-Gel-Technologie ohne PFOA und PTFE. Eine Kreuzung aus organischer und anorganischer Chemie.","breadcrumb":{"@id":"https:\/\/www.coatresa.com\/de\/whitford-fusion-beschichtung\/#breadcrumb"},"inLanguage":"de","potentialAction":[{"@type":"ReadAction","target":["https:\/\/www.coatresa.com\/de\/whitford-fusion-beschichtung\/"]}]},{"@type":"ImageObject","inLanguage":"de","@id":"https:\/\/www.coatresa.com\/de\/whitford-fusion-beschichtung\/#primaryimage","url":"https:\/\/www.coatresa.com\/wp-content\/uploads\/2019\/10\/recubrimientos-fusion-whitford.png","contentUrl":"https:\/\/www.coatresa.com\/wp-content\/uploads\/2019\/10\/recubrimientos-fusion-whitford.png","width":197,"height":197,"caption":"Fusion Whitford beschichtungen"},{"@type":"BreadcrumbList","@id":"https:\/\/www.coatresa.com\/de\/whitford-fusion-beschichtung\/#breadcrumb","itemListElement":[{"@type":"ListItem","position":1,"name":"Portada","item":"https:\/\/www.coatresa.com\/de\/"},{"@type":"ListItem","position":2,"name":"Fusion beschichtung"}]},{"@type":"WebSite","@id":"https:\/\/www.coatresa.com\/de\/#website","url":"https:\/\/www.coatresa.com\/de\/","name":"Coatresa","description":"Aplicaci\u00f3n de recubrimientos antiadherentes y anticorrosivos como el Teflon. Expertos del Powder Coating","publisher":{"@id":"https:\/\/www.coatresa.com\/de\/#organization"},"potentialAction":[{"@type":"SearchAction","target":{"@type":"EntryPoint","urlTemplate":"https:\/\/www.coatresa.com\/de\/?s={search_term_string}"},"query-input":{"@type":"PropertyValueSpecification","valueRequired":true,"valueName":"search_term_string"}}],"inLanguage":"de"},{"@type":"Organization","@id":"https:\/\/www.coatresa.com\/de\/#organization","name":"Coatresa","url":"https:\/\/www.coatresa.com\/de\/","logo":{"@type":"ImageObject","inLanguage":"de","@id":"https:\/\/www.coatresa.com\/de\/#\/schema\/logo\/image\/","url":"https:\/\/www.coatresa.com\/wp-content\/uploads\/2022\/07\/A_blava_mitja_transp.png","contentUrl":"https:\/\/www.coatresa.com\/wp-content\/uploads\/2022\/07\/A_blava_mitja_transp.png","width":340,"height":326,"caption":"Coatresa"},"image":{"@id":"https:\/\/www.coatresa.com\/de\/#\/schema\/logo\/image\/"},"sameAs":["https:\/\/www.facebook.com\/Coatresa\/","https:\/\/x.com\/Coatresa","https:\/\/www.linkedin.com\/company\/coatresa\/","https:\/\/www.youtube.com\/user\/CoatresaCoatings"]}]}},"_links":{"self":[{"href":"https:\/\/www.coatresa.com\/de\/wp-json\/wp\/v2\/pages\/17890","targetHints":{"allow":["GET"]}}],"collection":[{"href":"https:\/\/www.coatresa.com\/de\/wp-json\/wp\/v2\/pages"}],"about":[{"href":"https:\/\/www.coatresa.com\/de\/wp-json\/wp\/v2\/types\/page"}],"author":[{"embeddable":true,"href":"https:\/\/www.coatresa.com\/de\/wp-json\/wp\/v2\/users\/1"}],"replies":[{"embeddable":true,"href":"https:\/\/www.coatresa.com\/de\/wp-json\/wp\/v2\/comments?post=17890"}],"version-history":[{"count":0,"href":"https:\/\/www.coatresa.com\/de\/wp-json\/wp\/v2\/pages\/17890\/revisions"}],"wp:featuredmedia":[{"embeddable":true,"href":"https:\/\/www.coatresa.com\/de\/wp-json\/wp\/v2\/media\/15876"}],"wp:attachment":[{"href":"https:\/\/www.coatresa.com\/de\/wp-json\/wp\/v2\/media?parent=17890"}],"curies":[{"name":"wp","href":"https:\/\/api.w.org\/{rel}","templated":true}]}}