{"id":17894,"date":"2019-10-03T10:42:11","date_gmt":"2019-10-03T08:42:11","guid":{"rendered":"https:\/\/www.coatresa.com\/recubrimiento-whitford-resilon\/"},"modified":"2023-06-09T14:47:16","modified_gmt":"2023-06-09T12:47:16","slug":"whitford-resilon-beschichtung","status":"publish","type":"page","link":"https:\/\/www.coatresa.com\/de\/whitford-resilon-beschichtung\/","title":{"rendered":"Resilon beschichtung"},"content":{"rendered":"<div id=\"pl-17894\"  class=\"panel-layout\" ><div id=\"pg-17894-0\"  class=\"panel-grid panel-has-style\" ><div style=\"padding: 0px 0; \" data-overlay=\"true\" data-overlay-color=\"#000000\" class=\"panel-row-style panel-row-style-for-17894-0\" ><div id=\"pgc-17894-0-0\"  class=\"panel-grid-cell\" ><div id=\"panel-17894-0-0-0\" class=\"so-panel widget_sow-image panel-first-child panel-last-child\" data-index=\"0\" ><div style=\"text-align: left;\" data-title-color=\"#47425d\" data-headings-color=\"#443f3f\" data-title_alignment=\"center\" class=\"panel-widget-style panel-widget-style-for-17894-0-0-0\" ><div\n\t\t\t\n\t\t\tclass=\"so-widget-sow-image so-widget-sow-image-default-c67d20f9f743-17894\"\n\t\t\t\n\t\t>\n<div class=\"sow-image-container\">\n\t\t<img \n\tsrc=\"https:\/\/www.coatresa.com\/wp-content\/uploads\/2023\/06\/Recubrimiento-Whitford_Resilon.png\" width=\"197\" height=\"197\" srcset=\"https:\/\/www.coatresa.com\/wp-content\/uploads\/2023\/06\/Recubrimiento-Whitford_Resilon.png 197w, https:\/\/www.coatresa.com\/wp-content\/uploads\/2023\/06\/Recubrimiento-Whitford_Resilon-150x150.png 150w\" sizes=\"(max-width: 197px) 100vw, 197px\" title=\"Recubrimiento Whitford_Resilon\" alt=\"\" \t\tclass=\"so-widget-image\"\/>\n\t<\/div>\n\n<\/div><\/div><\/div><\/div><div id=\"pgc-17894-0-1\"  class=\"panel-grid-cell\" ><div id=\"panel-17894-0-1-0\" class=\"so-panel widget_sow-editor panel-first-child panel-last-child\" data-index=\"1\" ><div style=\"text-align: left;\" data-title-color=\"#47425d\" data-headings-color=\"#000000\" data-title_alignment=\"center\" class=\"panel-widget-style panel-widget-style-for-17894-0-1-0\" ><div\n\t\t\t\n\t\t\tclass=\"so-widget-sow-editor so-widget-sow-editor-base\"\n\t\t\t\n\t\t>\n<div class=\"siteorigin-widget-tinymce textwidget\">\n\t<h1 style=\"text-align: left;\">Resilon \u00ae beschichtung<\/h1>\n<hr align=\"left\" \/>\n<p style=\"text-align: justify;\">Resilon\u00ae ist eine Reihe von wasserbasierten Einkomponentenbeschichtungen f\u00fcr den Einsatz auf flexiblen Tr\u00e4germaterialien in der Automobilindustrie. Basierend auf der PU-\/Si-Hybrid-Technologie sind Resilon\u00ae - Beschichtungen f\u00fcr die L\u00f6sung einer Vielzahl von Problemen konzipiert.<\/p>\n<p style=\"text-align: justify;\">Resilon \u00ae hilft, die Reibung zu reduzieren, unterdr\u00fcckt Ger\u00e4usche, verhindert das Anhaften und sch\u00fctzt vor Witterungseinfl\u00fcssen f\u00fcr Gummi-Autoabdichtungssysteme, z. B. Kofferraumkanten, Gummi-T\u00fcrdichtungen, etc. <\/p>\n<\/div>\n<\/div><\/div><\/div><\/div><\/div><\/div><div id=\"pg-17894-1\"  class=\"panel-grid panel-has-style\" ><div class=\"FRANJA-BLAVA-TITOL siteorigin-panels-stretch panel-row-style panel-row-style-for-17894-1\" style=\"padding: 0px 0; \" data-stretch-type=\"full\" data-overlay=\"true\" data-overlay-color=\"#000000\" ><div id=\"pgc-17894-1-0\"  class=\"panel-grid-cell\" ><div id=\"panel-17894-1-0-0\" class=\"so-panel widget_sow-editor panel-first-child panel-last-child\" data-index=\"2\" ><div style=\"text-align: left;\" data-title-color=\"#47425d\" data-headings-color=\"#443f3f\" data-title_alignment=\"center\" class=\"panel-widget-style panel-widget-style-for-17894-1-0-0\" ><div\n\t\t\t\n\t\t\tclass=\"so-widget-sow-editor so-widget-sow-editor-base\"\n\t\t\t\n\t\t>\n<div class=\"siteorigin-widget-tinymce textwidget\">\n\t<h2 style=\"text-align: center;\">Eigenschaften und Anwendungen der Resilon \u00ae - Beschichtung<\/h2>\n<\/div>\n<\/div><\/div><\/div><\/div><\/div><\/div><div id=\"pg-17894-2\"  class=\"panel-grid panel-has-style\" ><div class=\"BGC-GRIS siteorigin-panels-stretch panel-row-style panel-row-style-for-17894-2\" style=\"padding: 0px 0; \" data-stretch-type=\"full\" data-overlay=\"true\" data-overlay-color=\"#000000\" ><div id=\"pgc-17894-2-0\"  class=\"panel-grid-cell\" ><div id=\"panel-17894-2-0-0\" class=\"so-panel widget_sow-editor panel-first-child panel-last-child\" data-index=\"3\" ><div style=\"text-align: left;\" data-title-color=\"#47425d\" data-headings-color=\"#443f3f\" data-title_alignment=\"center\" class=\"panel-widget-style panel-widget-style-for-17894-2-0-0\" ><div\n\t\t\t\n\t\t\tclass=\"so-widget-sow-editor so-widget-sow-editor-base\"\n\t\t\t\n\t\t>\n<div class=\"siteorigin-widget-tinymce textwidget\">\n\t<p style=\"text-align: center;\">Die Palette der Resilon\u00ae - Beschichtungen bietet erhebliche Vorteile:<\/p>\n<\/div>\n<\/div><\/div><\/div><\/div><\/div><\/div><div id=\"pg-17894-3\"  class=\"panel-grid panel-has-style\" ><div class=\"BGC-GRIS siteorigin-panels-stretch panel-row-style panel-row-style-for-17894-3\" style=\"padding: 0px 0; \" data-stretch-type=\"full\" data-overlay=\"true\" data-overlay-color=\"#000000\" ><div id=\"pgc-17894-3-0\"  class=\"panel-grid-cell\" ><div id=\"panel-17894-3-0-0\" class=\"so-panel widget_sow-editor panel-first-child panel-last-child\" data-index=\"4\" ><div style=\"text-align: left;\" data-title-color=\"#47425d\" data-headings-color=\"#443f3f\" data-title_alignment=\"center\" class=\"panel-widget-style panel-widget-style-for-17894-3-0-0\" ><div\n\t\t\t\n\t\t\tclass=\"so-widget-sow-editor so-widget-sow-editor-base\"\n\t\t\t\n\t\t>\n<div class=\"siteorigin-widget-tinymce textwidget\">\n\t<ul>\n<li style=\"text-align: justify;\"><b>Niedrige VOCs: Wasserbasiertes und NMP-freies Produkt<\/b><\/li>\n<li style=\"text-align: justify;\"><b>Unterdr\u00fcckung des Quietscheen von Gummi\/Metall oder Gummi\/Gummi<\/b><\/li>\n<li style=\"text-align: justify;\"><b>Hervorragende Abriebfestigkeit und Langlebigkeit<\/b><\/li>\n<li style=\"text-align: justify;\"><b>Hervorragende haptische Eigenschaften<\/b><\/li>\n<\/ul>\n<\/div>\n<\/div><\/div><\/div><\/div><div id=\"pgc-17894-3-1\"  class=\"panel-grid-cell\" ><div id=\"panel-17894-3-1-0\" class=\"so-panel widget_sow-editor panel-first-child panel-last-child\" data-index=\"5\" ><div style=\"text-align: left;\" data-title-color=\"#47425d\" data-headings-color=\"#443f3f\" data-title_alignment=\"center\" class=\"panel-widget-style panel-widget-style-for-17894-3-1-0\" ><div\n\t\t\t\n\t\t\tclass=\"so-widget-sow-editor so-widget-sow-editor-base\"\n\t\t\t\n\t\t>\n<div class=\"siteorigin-widget-tinymce textwidget\">\n\t<ul>\n<li style=\"text-align: justify;\"><b>Kontrollierte niedrige Reibung: 0,1 bis 1,0<\/b><\/li>\n<li style=\"text-align: justify;\"><b>Hervorragende W\u00e4rmeabgabe und Gefriereigenschaften<\/b><\/li>\n<li style=\"text-align: justify;\"><b>Ausgezeichnete Witterungs- und Chemikalienbest\u00e4ndigkeit<\/b><\/li>\n<li style=\"text-align: justify;\"><b>Ideal f\u00fcr Extrusions- und Eckformteile<\/b><\/li>\n<\/ul>\n<\/div>\n<\/div><\/div><\/div><\/div><\/div><\/div><div id=\"pg-17894-4\"  class=\"panel-grid panel-has-style\" ><div class=\"BGC-GRIS siteorigin-panels-stretch panel-row-style panel-row-style-for-17894-4\" style=\"padding: 0px 0; \" data-stretch-type=\"full\" data-overlay=\"true\" data-overlay-color=\"#000000\" ><div id=\"pgc-17894-4-0\"  class=\"panel-grid-cell\" ><div id=\"panel-17894-4-0-0\" class=\"so-panel widget_sow-editor panel-first-child panel-last-child\" data-index=\"6\" ><div style=\"text-align: left;\" data-title-color=\"#47425d\" data-headings-color=\"#443f3f\" data-title_alignment=\"center\" class=\"panel-widget-style panel-widget-style-for-17894-4-0-0\" ><div\n\t\t\t\n\t\t\tclass=\"so-widget-sow-editor so-widget-sow-editor-base\"\n\t\t\t\n\t\t>\n<div class=\"siteorigin-widget-tinymce textwidget\">\n\t<p style=\"text-align: justify;\">Erh\u00e4ltlich in schwarz - transparent und andere Farben auf Anfrage, Resilon\u00ae - Beschichtungen k\u00f6nnen problemlos auf <b>EPDM<\/b>, <b>TPE<\/b>, <b>NBR<\/b>, <b>PVC<\/b>, <b>ABS<\/b> und anderen temperaturempfindlichen Tr\u00e4germaterialien aufgebracht werden. Resilon\u00ae wird derzeit auf mehr als 100 Automobilplattformen weltweit eingesetzt, unter anderen einschlie\u00dflich der folgenden Marken:<\/p>\n<p style=\"text-align: center;\"><b>Aston Martin, Bentley, BMW, Bugatti, Chevrolet, Chrysler, Fiat, Ford, GM, Honda, Hyundai, Jeep, Lotus, Mercedes-Benz, Nissan, Porsche, Renault, Rolls Royce, Skoda, Suzuki, Tesla, Toyota, VW<\/b><\/p>\n<p style=\"text-align: center;\">Resilon \u00ae - Beschichtungen, die nach spezifischen Produktanforderungen entwickelt wurden, erf\u00fcllen und \u00fcbertreffen die Spezifikationen der folgenden Automobilbranche:<\/p>\n<\/div>\n<\/div><\/div><\/div><\/div><\/div><\/div><div id=\"pg-17894-5\"  class=\"panel-grid panel-has-style\" ><div class=\"BGC-GRIS siteorigin-panels-stretch panel-row-style panel-row-style-for-17894-5\" style=\"padding: 0px 0; \" data-stretch-type=\"full\" data-overlay=\"true\" data-overlay-color=\"#000000\" ><div id=\"pgc-17894-5-0\"  class=\"panel-grid-cell\" ><div id=\"panel-17894-5-0-0\" class=\"so-panel widget_sow-editor panel-first-child panel-last-child\" data-index=\"7\" ><div style=\"text-align: left;\" data-title-color=\"#47425d\" data-headings-color=\"#443f3f\" data-title_alignment=\"center\" class=\"panel-widget-style panel-widget-style-for-17894-5-0-0\" ><div\n\t\t\t\n\t\t\tclass=\"so-widget-sow-editor so-widget-sow-editor-base\"\n\t\t\t\n\t\t>\n<div class=\"siteorigin-widget-tinymce textwidget\">\n\t<ul>\n<li>Adhesion Fingernail scratch<\/li>\n<li>Karcher VW 50129: 2008-02<\/li>\n<li>Coefficient of Friction \u2013 Dynamic VW 50129: 2008-02<\/li>\n<li>Coefficient of Friction \u2013 Static VW 50129: 2008-02<\/li>\n<li>Cold Flex DBL 5578.30<\/li>\n<li>Crocking \u2013 Armorall Ford \u2013 WSB-M9P9-A 900gm load<\/li>\n<li>Crocking \u2013 Dry Ford \u2013 WSS-M9P9-A 900gm load<\/li>\n<li>Crocking \u2013 IPA\/DIW (1:1) Ford \u2013 WSB-M9P9-A 900gm load<\/li>\n<li>Crocking \u2013 Soapy water Ford \u2013 WSB-M2D49A2 900gm load<\/li>\n<li>Crocking \u2013 Wet Ford \u2013 WSS-M9P9-A 900gm load<\/li>\n<\/ul>\n<\/div>\n<\/div><\/div><\/div><\/div><div id=\"pgc-17894-5-1\"  class=\"panel-grid-cell\" ><div id=\"panel-17894-5-1-0\" class=\"so-panel widget_sow-editor panel-first-child panel-last-child\" data-index=\"8\" ><div style=\"text-align: left;\" data-title-color=\"#47425d\" data-headings-color=\"#443f3f\" data-title_alignment=\"center\" class=\"panel-widget-style panel-widget-style-for-17894-5-1-0\" ><div\n\t\t\t\n\t\t\tclass=\"so-widget-sow-editor so-widget-sow-editor-base\"\n\t\t\t\n\t\t>\n<div class=\"siteorigin-widget-tinymce textwidget\">\n\t<ul>\n<li>Crocking Windex Ford \u2013 WSS-M9P9-A 900gm load<\/li>\n<li>Crocking (VW) VW 50129: 2008-02<\/li>\n<li>Elongation Whitford Test Method 133L<\/li>\n<li>Jeans Test VW 50129: 2008-02<\/li>\n<li>Noise and Vibration Harshness (NVH) Noise test GM9842P Rev.D<\/li>\n<li>Oven Aging Whitford Test Method 173K<\/li>\n<li>Toulene Double Rubs Whitford Test Method 115A<\/li>\n<li>80\u00b0C Water Immersion Whitford Test Method 153K<\/li>\n<li>Water Sealing Skoda<\/li>\n<li>VW Florida\/Kalahari Weathering PV 3930 \/ PV 3929<\/li>\n<\/ul>\n<\/div>\n<\/div><\/div><\/div><\/div><\/div><\/div><div id=\"pg-17894-6\"  class=\"panel-grid panel-has-style\" ><div class=\"siteorigin-panels-stretch panel-row-style panel-row-style-for-17894-6\" style=\"padding: 50px 0; \" data-stretch-type=\"full\" data-overlay=\"true\" data-overlay-color=\"#000000\" ><div id=\"pgc-17894-6-0\"  class=\"panel-grid-cell\" ><div id=\"panel-17894-6-0-0\" class=\"so-panel widget_siteorigin-panels-builder panel-first-child panel-last-child\" data-index=\"9\" ><div style=\"text-align: left;\" data-title-color=\"#47425d\" data-headings-color=\"#443f3f\" data-title_alignment=\"center\" class=\"panel-widget-style panel-widget-style-for-17894-6-0-0\" ><div id=\"pl-w5e1c80d03262c\"  class=\"panel-layout\" ><div id=\"pg-w5e1c80d03262c-0\"  class=\"panel-grid panel-has-style\" ><div style=\"padding: 0px 0; \" data-overlay=\"true\" data-overlay-color=\"#000000\" class=\"panel-row-style panel-row-style-for-w5e1c80d03262c-0\" ><div id=\"pgc-w5e1c80d03262c-0-0\"  class=\"panel-grid-cell\" ><div id=\"panel-w5e1c80d03262c-0-0-0\" class=\"so-panel widget_sow-editor panel-first-child panel-last-child\" data-index=\"0\" ><div style=\"text-align: left;\" data-title-color=\"#47425d\" data-headings-color=\"#443f3f\" data-title_alignment=\"center\" class=\"panel-widget-style panel-widget-style-for-w5e1c80d03262c-0-0-0\" ><div\n\t\t\t\n\t\t\tclass=\"so-widget-sow-editor so-widget-sow-editor-base\"\n\t\t\t\n\t\t>\n<div class=\"siteorigin-widget-tinymce textwidget\">\n\t<h2 class=\"BLAU-FOSC\" style=\"text-align: center;\">Resilon\u00ae referenzen<\/h2>\n<p style=\"text-align: center; padding-top: 40px;\"><b>2020<\/b><br \/>\n<b>2420<\/b><\/p>\n<\/div>\n<\/div><\/div><\/div><\/div><\/div><\/div><\/div><\/div><\/div><\/div><\/div><\/div><\/div>","protected":false},"excerpt":{"rendered":"<p>Resilon \u00ae beschichtung Resilon\u00ae ist eine Reihe von wasserbasierten Einkomponentenbeschichtungen f\u00fcr den Einsatz auf flexiblen Tr\u00e4germaterialien in der Automobilindustrie. Basierend auf der [&hellip;]<\/p>\n","protected":false},"author":1,"featured_media":15882,"parent":0,"menu_order":0,"comment_status":"closed","ping_status":"closed","template":"page-templates\/page_fullwidth.php","meta":{"footnotes":""},"class_list":["post-17894","page","type-page","status-publish","has-post-thumbnail","hentry"],"yoast_head":"<!-- This site is optimized with the Yoast SEO plugin v27.6 - https:\/\/yoast.com\/product\/yoast-seo-wordpress\/ -->\n<title>Resilon beschichtung - Coatresa<\/title>\n<meta name=\"description\" content=\"Resilon Whitford Beschichtung: Wasserbasierte Lacke f\u00fcr den Einsatz in der Automobilindustrie. PU \/ Si-Hybrid-Technologie. Reduziert Reibung und L\u00e4rm.\" \/>\n<meta name=\"robots\" content=\"index, follow, max-snippet:-1, max-image-preview:large, max-video-preview:-1\" \/>\n<link rel=\"canonical\" href=\"https:\/\/www.coatresa.com\/de\/whitford-resilon-beschichtung\/\" \/>\n<meta property=\"og:locale\" content=\"de_DE\" \/>\n<meta property=\"og:type\" content=\"article\" \/>\n<meta property=\"og:title\" content=\"Resilon beschichtung - Coatresa\" \/>\n<meta property=\"og:description\" content=\"Resilon Whitford Beschichtung: Wasserbasierte Lacke f\u00fcr den Einsatz in der Automobilindustrie. PU \/ Si-Hybrid-Technologie. Reduziert Reibung und L\u00e4rm.\" \/>\n<meta property=\"og:url\" content=\"https:\/\/www.coatresa.com\/de\/whitford-resilon-beschichtung\/\" \/>\n<meta property=\"og:site_name\" content=\"Coatresa\" \/>\n<meta property=\"article:publisher\" content=\"https:\/\/www.facebook.com\/Coatresa\/\" \/>\n<meta property=\"article:modified_time\" content=\"2023-06-09T12:47:16+00:00\" \/>\n<meta property=\"og:image\" content=\"https:\/\/www.coatresa.com\/wp-content\/uploads\/2019\/10\/recubrimientos-resilon-whitford.png\" \/>\n\t<meta property=\"og:image:width\" content=\"197\" \/>\n\t<meta property=\"og:image:height\" content=\"197\" \/>\n\t<meta property=\"og:image:type\" content=\"image\/png\" \/>\n<meta name=\"twitter:card\" content=\"summary_large_image\" \/>\n<meta name=\"twitter:site\" content=\"@Coatresa\" \/>\n<meta name=\"twitter:label1\" content=\"Gesch\u00e4tzte Lesezeit\" \/>\n\t<meta name=\"twitter:data1\" content=\"2\u00a0Minuten\" \/>\n<script type=\"application\/ld+json\" class=\"yoast-schema-graph\">{\"@context\":\"https:\\\/\\\/schema.org\",\"@graph\":[{\"@type\":\"WebPage\",\"@id\":\"https:\\\/\\\/www.coatresa.com\\\/de\\\/whitford-resilon-beschichtung\\\/\",\"url\":\"https:\\\/\\\/www.coatresa.com\\\/de\\\/whitford-resilon-beschichtung\\\/\",\"name\":\"Resilon beschichtung - Coatresa\",\"isPartOf\":{\"@id\":\"https:\\\/\\\/www.coatresa.com\\\/de\\\/#website\"},\"primaryImageOfPage\":{\"@id\":\"https:\\\/\\\/www.coatresa.com\\\/de\\\/whitford-resilon-beschichtung\\\/#primaryimage\"},\"image\":{\"@id\":\"https:\\\/\\\/www.coatresa.com\\\/de\\\/whitford-resilon-beschichtung\\\/#primaryimage\"},\"thumbnailUrl\":\"https:\\\/\\\/www.coatresa.com\\\/wp-content\\\/uploads\\\/2019\\\/10\\\/recubrimientos-resilon-whitford.png\",\"datePublished\":\"2019-10-03T08:42:11+00:00\",\"dateModified\":\"2023-06-09T12:47:16+00:00\",\"description\":\"Resilon Whitford Beschichtung: Wasserbasierte Lacke f\u00fcr den Einsatz in der Automobilindustrie. PU \\\/ Si-Hybrid-Technologie. Reduziert Reibung und L\u00e4rm.\",\"breadcrumb\":{\"@id\":\"https:\\\/\\\/www.coatresa.com\\\/de\\\/whitford-resilon-beschichtung\\\/#breadcrumb\"},\"inLanguage\":\"de\",\"potentialAction\":[{\"@type\":\"ReadAction\",\"target\":[\"https:\\\/\\\/www.coatresa.com\\\/de\\\/whitford-resilon-beschichtung\\\/\"]}]},{\"@type\":\"ImageObject\",\"inLanguage\":\"de\",\"@id\":\"https:\\\/\\\/www.coatresa.com\\\/de\\\/whitford-resilon-beschichtung\\\/#primaryimage\",\"url\":\"https:\\\/\\\/www.coatresa.com\\\/wp-content\\\/uploads\\\/2019\\\/10\\\/recubrimientos-resilon-whitford.png\",\"contentUrl\":\"https:\\\/\\\/www.coatresa.com\\\/wp-content\\\/uploads\\\/2019\\\/10\\\/recubrimientos-resilon-whitford.png\",\"width\":197,\"height\":197,\"caption\":\"Resilon Whitford beschichtungen\"},{\"@type\":\"BreadcrumbList\",\"@id\":\"https:\\\/\\\/www.coatresa.com\\\/de\\\/whitford-resilon-beschichtung\\\/#breadcrumb\",\"itemListElement\":[{\"@type\":\"ListItem\",\"position\":1,\"name\":\"Portada\",\"item\":\"https:\\\/\\\/www.coatresa.com\\\/de\\\/\"},{\"@type\":\"ListItem\",\"position\":2,\"name\":\"Resilon beschichtung\"}]},{\"@type\":\"WebSite\",\"@id\":\"https:\\\/\\\/www.coatresa.com\\\/de\\\/#website\",\"url\":\"https:\\\/\\\/www.coatresa.com\\\/de\\\/\",\"name\":\"Coatresa\",\"description\":\"Aplicaci\u00f3n de recubrimientos antiadherentes y anticorrosivos como el Teflon. Expertos del Powder Coating\",\"publisher\":{\"@id\":\"https:\\\/\\\/www.coatresa.com\\\/de\\\/#organization\"},\"potentialAction\":[{\"@type\":\"SearchAction\",\"target\":{\"@type\":\"EntryPoint\",\"urlTemplate\":\"https:\\\/\\\/www.coatresa.com\\\/de\\\/?s={search_term_string}\"},\"query-input\":{\"@type\":\"PropertyValueSpecification\",\"valueRequired\":true,\"valueName\":\"search_term_string\"}}],\"inLanguage\":\"de\"},{\"@type\":\"Organization\",\"@id\":\"https:\\\/\\\/www.coatresa.com\\\/de\\\/#organization\",\"name\":\"Coatresa\",\"url\":\"https:\\\/\\\/www.coatresa.com\\\/de\\\/\",\"logo\":{\"@type\":\"ImageObject\",\"inLanguage\":\"de\",\"@id\":\"https:\\\/\\\/www.coatresa.com\\\/de\\\/#\\\/schema\\\/logo\\\/image\\\/\",\"url\":\"https:\\\/\\\/www.coatresa.com\\\/wp-content\\\/uploads\\\/2022\\\/07\\\/A_blava_mitja_transp.png\",\"contentUrl\":\"https:\\\/\\\/www.coatresa.com\\\/wp-content\\\/uploads\\\/2022\\\/07\\\/A_blava_mitja_transp.png\",\"width\":340,\"height\":326,\"caption\":\"Coatresa\"},\"image\":{\"@id\":\"https:\\\/\\\/www.coatresa.com\\\/de\\\/#\\\/schema\\\/logo\\\/image\\\/\"},\"sameAs\":[\"https:\\\/\\\/www.facebook.com\\\/Coatresa\\\/\",\"https:\\\/\\\/x.com\\\/Coatresa\",\"https:\\\/\\\/www.linkedin.com\\\/company\\\/coatresa\\\/\",\"https:\\\/\\\/www.youtube.com\\\/user\\\/CoatresaCoatings\"]}]}<\/script>\n<!-- \/ Yoast SEO plugin. -->","yoast_head_json":{"title":"Resilon beschichtung - Coatresa","description":"Resilon Whitford Beschichtung: Wasserbasierte Lacke f\u00fcr den Einsatz in der Automobilindustrie. PU \/ Si-Hybrid-Technologie. Reduziert Reibung und L\u00e4rm.","robots":{"index":"index","follow":"follow","max-snippet":"max-snippet:-1","max-image-preview":"max-image-preview:large","max-video-preview":"max-video-preview:-1"},"canonical":"https:\/\/www.coatresa.com\/de\/whitford-resilon-beschichtung\/","og_locale":"de_DE","og_type":"article","og_title":"Resilon beschichtung - Coatresa","og_description":"Resilon Whitford Beschichtung: Wasserbasierte Lacke f\u00fcr den Einsatz in der Automobilindustrie. PU \/ Si-Hybrid-Technologie. Reduziert Reibung und L\u00e4rm.","og_url":"https:\/\/www.coatresa.com\/de\/whitford-resilon-beschichtung\/","og_site_name":"Coatresa","article_publisher":"https:\/\/www.facebook.com\/Coatresa\/","article_modified_time":"2023-06-09T12:47:16+00:00","og_image":[{"width":197,"height":197,"url":"https:\/\/www.coatresa.com\/wp-content\/uploads\/2019\/10\/recubrimientos-resilon-whitford.png","type":"image\/png"}],"twitter_card":"summary_large_image","twitter_site":"@Coatresa","twitter_misc":{"Gesch\u00e4tzte Lesezeit":"2\u00a0Minuten"},"schema":{"@context":"https:\/\/schema.org","@graph":[{"@type":"WebPage","@id":"https:\/\/www.coatresa.com\/de\/whitford-resilon-beschichtung\/","url":"https:\/\/www.coatresa.com\/de\/whitford-resilon-beschichtung\/","name":"Resilon beschichtung - Coatresa","isPartOf":{"@id":"https:\/\/www.coatresa.com\/de\/#website"},"primaryImageOfPage":{"@id":"https:\/\/www.coatresa.com\/de\/whitford-resilon-beschichtung\/#primaryimage"},"image":{"@id":"https:\/\/www.coatresa.com\/de\/whitford-resilon-beschichtung\/#primaryimage"},"thumbnailUrl":"https:\/\/www.coatresa.com\/wp-content\/uploads\/2019\/10\/recubrimientos-resilon-whitford.png","datePublished":"2019-10-03T08:42:11+00:00","dateModified":"2023-06-09T12:47:16+00:00","description":"Resilon Whitford Beschichtung: Wasserbasierte Lacke f\u00fcr den Einsatz in der Automobilindustrie. PU \/ Si-Hybrid-Technologie. Reduziert Reibung und L\u00e4rm.","breadcrumb":{"@id":"https:\/\/www.coatresa.com\/de\/whitford-resilon-beschichtung\/#breadcrumb"},"inLanguage":"de","potentialAction":[{"@type":"ReadAction","target":["https:\/\/www.coatresa.com\/de\/whitford-resilon-beschichtung\/"]}]},{"@type":"ImageObject","inLanguage":"de","@id":"https:\/\/www.coatresa.com\/de\/whitford-resilon-beschichtung\/#primaryimage","url":"https:\/\/www.coatresa.com\/wp-content\/uploads\/2019\/10\/recubrimientos-resilon-whitford.png","contentUrl":"https:\/\/www.coatresa.com\/wp-content\/uploads\/2019\/10\/recubrimientos-resilon-whitford.png","width":197,"height":197,"caption":"Resilon Whitford beschichtungen"},{"@type":"BreadcrumbList","@id":"https:\/\/www.coatresa.com\/de\/whitford-resilon-beschichtung\/#breadcrumb","itemListElement":[{"@type":"ListItem","position":1,"name":"Portada","item":"https:\/\/www.coatresa.com\/de\/"},{"@type":"ListItem","position":2,"name":"Resilon beschichtung"}]},{"@type":"WebSite","@id":"https:\/\/www.coatresa.com\/de\/#website","url":"https:\/\/www.coatresa.com\/de\/","name":"Coatresa","description":"Aplicaci\u00f3n de recubrimientos antiadherentes y anticorrosivos como el Teflon. Expertos del Powder Coating","publisher":{"@id":"https:\/\/www.coatresa.com\/de\/#organization"},"potentialAction":[{"@type":"SearchAction","target":{"@type":"EntryPoint","urlTemplate":"https:\/\/www.coatresa.com\/de\/?s={search_term_string}"},"query-input":{"@type":"PropertyValueSpecification","valueRequired":true,"valueName":"search_term_string"}}],"inLanguage":"de"},{"@type":"Organization","@id":"https:\/\/www.coatresa.com\/de\/#organization","name":"Coatresa","url":"https:\/\/www.coatresa.com\/de\/","logo":{"@type":"ImageObject","inLanguage":"de","@id":"https:\/\/www.coatresa.com\/de\/#\/schema\/logo\/image\/","url":"https:\/\/www.coatresa.com\/wp-content\/uploads\/2022\/07\/A_blava_mitja_transp.png","contentUrl":"https:\/\/www.coatresa.com\/wp-content\/uploads\/2022\/07\/A_blava_mitja_transp.png","width":340,"height":326,"caption":"Coatresa"},"image":{"@id":"https:\/\/www.coatresa.com\/de\/#\/schema\/logo\/image\/"},"sameAs":["https:\/\/www.facebook.com\/Coatresa\/","https:\/\/x.com\/Coatresa","https:\/\/www.linkedin.com\/company\/coatresa\/","https:\/\/www.youtube.com\/user\/CoatresaCoatings"]}]}},"_links":{"self":[{"href":"https:\/\/www.coatresa.com\/de\/wp-json\/wp\/v2\/pages\/17894","targetHints":{"allow":["GET"]}}],"collection":[{"href":"https:\/\/www.coatresa.com\/de\/wp-json\/wp\/v2\/pages"}],"about":[{"href":"https:\/\/www.coatresa.com\/de\/wp-json\/wp\/v2\/types\/page"}],"author":[{"embeddable":true,"href":"https:\/\/www.coatresa.com\/de\/wp-json\/wp\/v2\/users\/1"}],"replies":[{"embeddable":true,"href":"https:\/\/www.coatresa.com\/de\/wp-json\/wp\/v2\/comments?post=17894"}],"version-history":[{"count":0,"href":"https:\/\/www.coatresa.com\/de\/wp-json\/wp\/v2\/pages\/17894\/revisions"}],"wp:featuredmedia":[{"embeddable":true,"href":"https:\/\/www.coatresa.com\/de\/wp-json\/wp\/v2\/media\/15882"}],"wp:attachment":[{"href":"https:\/\/www.coatresa.com\/de\/wp-json\/wp\/v2\/media?parent=17894"}],"curies":[{"name":"wp","href":"https:\/\/api.w.org\/{rel}","templated":true}]}}