{"id":17905,"date":"2019-09-26T12:47:48","date_gmt":"2019-09-26T10:47:48","guid":{"rendered":"https:\/\/www.coatresa.com\/recubrimiento-acheson-emralon\/"},"modified":"2020-01-17T11:40:15","modified_gmt":"2020-01-17T10:40:15","slug":"acheson-emralon-beschichtung","status":"publish","type":"page","link":"https:\/\/www.coatresa.com\/de\/acheson-emralon-beschichtung\/","title":{"rendered":"Emralon beschichtung"},"content":{"rendered":"<div id=\"pl-17905\"  class=\"panel-layout\" ><div id=\"pg-17905-0\"  class=\"panel-grid panel-has-style\" ><div style=\"padding: 0px 0; \" data-overlay=\"true\" data-overlay-color=\"#000000\" class=\"panel-row-style panel-row-style-for-17905-0\" ><div id=\"pgc-17905-0-0\"  class=\"panel-grid-cell\" ><div id=\"panel-17905-0-0-0\" class=\"so-panel widget_sow-image panel-first-child panel-last-child\" data-index=\"0\" ><div style=\"text-align: left;\" data-title-color=\"#47425d\" data-headings-color=\"#443f3f\" data-title_alignment=\"center\" class=\"panel-widget-style panel-widget-style-for-17905-0-0-0\" ><div\n\t\t\t\n\t\t\tclass=\"so-widget-sow-image so-widget-sow-image-default-c67d20f9f743-17905\"\n\t\t\t\n\t\t>\n<div class=\"sow-image-container\">\n\t\t<img \n\tsrc=\"https:\/\/www.coatresa.com\/wp-content\/uploads\/2018\/09\/recubrimiento-acheson-emralon.png\" width=\"197\" height=\"197\" srcset=\"https:\/\/www.coatresa.com\/wp-content\/uploads\/2018\/09\/recubrimiento-acheson-emralon.png 197w, https:\/\/www.coatresa.com\/wp-content\/uploads\/2018\/09\/recubrimiento-acheson-emralon-150x150.png 150w\" sizes=\"(max-width: 197px) 100vw, 197px\" title=\"recubrimiento Acheson Emralon\" alt=\"recubrimiento Acheson Emralon\" \t\tclass=\"so-widget-image\"\/>\n\t<\/div>\n\n<\/div><\/div><\/div><\/div><div id=\"pgc-17905-0-1\"  class=\"panel-grid-cell\" ><div id=\"panel-17905-0-1-0\" class=\"so-panel widget_sow-editor panel-first-child panel-last-child\" data-index=\"1\" ><div style=\"text-align: left;\" data-title-color=\"#47425d\" data-headings-color=\"#000000\" data-title_alignment=\"center\" class=\"panel-widget-style panel-widget-style-for-17905-0-1-0\" ><div\n\t\t\t\n\t\t\tclass=\"so-widget-sow-editor so-widget-sow-editor-base\"\n\t\t\t\n\t\t>\n<div class=\"siteorigin-widget-tinymce textwidget\">\n\t<h1 style=\"text-align: left;\">Emralon \u00ae beschichtung<\/h1>\n<hr align=\"left\" \/>\n<p style=\"text-align: justify;\">Die <b>Emralon<\/b>\u00ae - Produktpalette besteht aus Dispersionen auf PTFE-Basis, Graphit und Molybd\u00e4nbisulfid, die als Trockenschmierstoff wirken und eine ausgezeichnete Korrosions- und L\u00f6sungsmittelbest\u00e4ndigkeit sowie einen niedrigen Reibungskoeffizienten bieten.<br \/>\nEmralon\u00ae - Dispersionen verf\u00fcgen \u00fcber einen weiten Temperaturbereich und damit \u00fcber Produkte, die auf Holz, Gummi, allen Arten von Metallen und einer Vielzahl von Kunststoffen anwendbar sind.<\/p>\n<\/div>\n<\/div><\/div><\/div><\/div><\/div><\/div><div id=\"pg-17905-1\"  class=\"panel-grid panel-has-style\" ><div class=\"FRANJA-BLAVA-TITOL siteorigin-panels-stretch panel-row-style panel-row-style-for-17905-1\" style=\"padding: 0px 0; \" data-stretch-type=\"full\" data-overlay=\"true\" data-overlay-color=\"#000000\" ><div id=\"pgc-17905-1-0\"  class=\"panel-grid-cell\" ><div id=\"panel-17905-1-0-0\" class=\"so-panel widget_sow-editor panel-first-child panel-last-child\" data-index=\"2\" ><div class=\"blanc panel-widget-style panel-widget-style-for-17905-1-0-0\" style=\"text-align: left;\" data-title-color=\"#47425d\" data-headings-color=\"#443f3f\" data-title_alignment=\"center\" ><div\n\t\t\t\n\t\t\tclass=\"so-widget-sow-editor so-widget-sow-editor-base\"\n\t\t\t\n\t\t>\n<div class=\"siteorigin-widget-tinymce textwidget\">\n\t<h2 style=\"text-align: center;\">Eigenschaften und Vorteile der Emralon \u00ae - Beschichtung<\/h2>\n<\/div>\n<\/div><\/div><\/div><\/div><\/div><\/div><div id=\"pg-17905-2\"  class=\"panel-grid panel-has-style\" ><div class=\"BGC-GRIS siteorigin-panels-stretch panel-row-style panel-row-style-for-17905-2\" style=\"padding: 0px 0; \" data-stretch-type=\"full\" data-overlay=\"true\" data-overlay-color=\"#000000\" ><div id=\"pgc-17905-2-0\"  class=\"panel-grid-cell\" ><div id=\"panel-17905-2-0-0\" class=\"so-panel widget_sow-editor panel-first-child panel-last-child\" data-index=\"3\" ><div style=\"text-align: left;\" data-title-color=\"#47425d\" data-headings-color=\"#443f3f\" data-title_alignment=\"center\" class=\"panel-widget-style panel-widget-style-for-17905-2-0-0\" ><div\n\t\t\t\n\t\t\tclass=\"so-widget-sow-editor so-widget-sow-editor-base\"\n\t\t\t\n\t\t>\n<div class=\"siteorigin-widget-tinymce textwidget\">\n\t<p style=\"text-align: justify;\">Aufgrund ihrer Eigenschaften haften nur sehr wenige fl\u00fcssige oder feste Stoffe an Emralon\u00ae - Beschichtungen. Diese werden im Allgemeinen in Dickenbereichen von 15-35 Mikron eingesetzt. Sie haben auch hervorragende thermische Eigenschaften, da sie kryogene Temperaturen unter -250\u00baC und Temperaturen \u00fcber 300\u00baC intermittierend widerstehen. Die dielektrischen Widerstandswerte sind bemerkenswert, ebenso wie die Best\u00e4ndigkeit gegen Reibverschlei\u00df, die im Tabor-Abriebtest Ergebnisse von mehr als 1000 Zyklen erzielen. <\/p>\n<p class=\"TEXTOS-DESTACATS\" style=\"text-align: center;\">Typische Anwendungen f\u00fcr Emralon\u00ae - Produkte sind:<\/p>\n<\/div>\n<\/div><\/div><\/div><\/div><\/div><\/div><div id=\"pg-17905-3\"  class=\"panel-grid panel-has-style\" ><div class=\"BGC-GRIS siteorigin-panels-stretch panel-row-style panel-row-style-for-17905-3\" style=\"padding: 0px 0; \" data-stretch-type=\"full\" data-overlay=\"true\" data-overlay-color=\"#000000\" ><div id=\"pgc-17905-3-0\"  class=\"panel-grid-cell\" ><div id=\"panel-17905-3-0-0\" class=\"so-panel widget_sow-editor panel-first-child panel-last-child\" data-index=\"4\" ><div style=\"text-align: left;\" data-title-color=\"#47425d\" data-headings-color=\"#443f3f\" data-title_alignment=\"center\" class=\"panel-widget-style panel-widget-style-for-17905-3-0-0\" ><div\n\t\t\t\n\t\t\tclass=\"so-widget-sow-editor so-widget-sow-editor-base\"\n\t\t\t\n\t\t>\n<div class=\"siteorigin-widget-tinymce textwidget\">\n\t<ul>\n<li>Sicherheitsgurtkomponenten<\/li>\n<li>Fahrzeugmontage Innenteile<\/li>\n<li>Vergaserachsen<\/li>\n<li>Mechanismen<\/li>\n<\/ul>\n<\/div>\n<\/div><\/div><\/div><\/div><div id=\"pgc-17905-3-1\"  class=\"panel-grid-cell\" ><div id=\"panel-17905-3-1-0\" class=\"so-panel widget_sow-editor panel-first-child panel-last-child\" data-index=\"5\" ><div style=\"text-align: left;\" data-title-color=\"#47425d\" data-headings-color=\"#443f3f\" data-title_alignment=\"center\" class=\"panel-widget-style panel-widget-style-for-17905-3-1-0\" ><div\n\t\t\t\n\t\t\tclass=\"so-widget-sow-editor so-widget-sow-editor-base\"\n\t\t\t\n\t\t>\n<div class=\"siteorigin-widget-tinymce textwidget\">\n\t<ul>\n<li>Schlosserarbeiten<\/li>\n<li>Gleitf\u00fchrungen oder Schienen<\/li>\n<li>Nautische Ausr\u00fcstung<\/li>\n<li>Ventilkegel<\/li>\n<\/ul>\n<\/div>\n<\/div><\/div><\/div><\/div><div id=\"pgc-17905-3-2\"  class=\"panel-grid-cell\" ><div id=\"panel-17905-3-2-0\" class=\"so-panel widget_sow-editor panel-first-child panel-last-child\" data-index=\"6\" ><div style=\"text-align: left;\" data-title-color=\"#47425d\" data-headings-color=\"#443f3f\" data-title_alignment=\"center\" class=\"panel-widget-style panel-widget-style-for-17905-3-2-0\" ><div\n\t\t\t\n\t\t\tclass=\"so-widget-sow-editor so-widget-sow-editor-base\"\n\t\t\t\n\t\t>\n<div class=\"siteorigin-widget-tinymce textwidget\">\n\t<ul>\n<li>Teile von Luftdruckpistolen<\/li>\n<li>Schneide - und Schermesser<\/li>\n<li>Schrauben<\/li>\n<\/ul>\n<\/div>\n<\/div><\/div><\/div><\/div><\/div><\/div><div id=\"pg-17905-4\"  class=\"panel-grid panel-has-style\" ><div class=\"siteorigin-panels-stretch panel-row-style panel-row-style-for-17905-4\" style=\"padding: 50px 0; \" data-stretch-type=\"full\" data-overlay=\"true\" data-overlay-color=\"#000000\" ><div id=\"pgc-17905-4-0\"  class=\"panel-grid-cell\" ><div id=\"panel-17905-4-0-0\" class=\"so-panel widget_siteorigin-panels-builder panel-first-child panel-last-child\" data-index=\"7\" ><div style=\"text-align: left;\" data-title-color=\"#47425d\" data-headings-color=\"#443f3f\" data-title_alignment=\"center\" class=\"panel-widget-style panel-widget-style-for-17905-4-0-0\" ><div id=\"pl-w5e218f0f4b18a\"  class=\"panel-layout\" ><div id=\"pg-w5e218f0f4b18a-0\"  class=\"panel-grid panel-has-style\" ><div style=\"padding: 0px 0; \" data-overlay=\"true\" data-overlay-color=\"#000000\" class=\"panel-row-style panel-row-style-for-w5e218f0f4b18a-0\" ><div id=\"pgc-w5e218f0f4b18a-0-0\"  class=\"panel-grid-cell\" ><div id=\"panel-w5e218f0f4b18a-0-0-0\" class=\"so-panel widget_sow-editor panel-first-child panel-last-child\" data-index=\"0\" ><div style=\"text-align: left;\" data-title-color=\"#47425d\" data-headings-color=\"#443f3f\" data-title_alignment=\"center\" class=\"panel-widget-style panel-widget-style-for-w5e218f0f4b18a-0-0-0\" ><div\n\t\t\t\n\t\t\tclass=\"so-widget-sow-editor so-widget-sow-editor-base\"\n\t\t\t\n\t\t>\n<div class=\"siteorigin-widget-tinymce textwidget\">\n\t<h2 class=\"BLAU-FOSC\" style=\"text-align: center;\">Emralon \u00ae referenzen<\/h2>\n<\/div>\n<\/div><\/div><\/div><\/div><\/div><\/div><div id=\"pg-w5e218f0f4b18a-1\"  class=\"panel-grid panel-has-style\" ><div style=\"padding: 0px 0; \" data-overlay=\"true\" data-overlay-color=\"#000000\" class=\"panel-row-style panel-row-style-for-w5e218f0f4b18a-1\" ><div id=\"pgc-w5e218f0f4b18a-1-0\"  class=\"panel-grid-cell\" ><div id=\"panel-w5e218f0f4b18a-1-0-0\" class=\"so-panel widget_sow-editor panel-first-child panel-last-child\" data-index=\"1\" ><div style=\"text-align: left;\" data-title-color=\"#47425d\" data-headings-color=\"#443f3f\" data-title_alignment=\"center\" class=\"panel-widget-style panel-widget-style-for-w5e218f0f4b18a-1-0-0\" ><div\n\t\t\t\n\t\t\tclass=\"so-widget-sow-editor so-widget-sow-editor-base\"\n\t\t\t\n\t\t>\n<div class=\"siteorigin-widget-tinymce textwidget\">\n\t<p style=\"text-align: center;\"><b>305<\/b><br \/>\n<b>310<\/b><br \/>\n<b>312<\/b><br \/>\n<b>323<\/b><br \/>\n<b>325<\/b><br \/>\n<b>330<\/b><br \/>\n<b>333<\/b><br \/>\n<b>334<\/b><br \/>\n<b>338<\/b><br \/>\n<b>8370<\/b><br \/>\n<b>GP 1904<\/b><\/p>\n<\/div>\n<\/div><\/div><\/div><\/div><div id=\"pgc-w5e218f0f4b18a-1-1\"  class=\"panel-grid-cell\" ><div id=\"panel-w5e218f0f4b18a-1-1-0\" class=\"so-panel widget_sow-editor panel-first-child panel-last-child\" data-index=\"2\" ><div style=\"text-align: left;\" data-title-color=\"#47425d\" data-headings-color=\"#443f3f\" data-title_alignment=\"center\" class=\"panel-widget-style panel-widget-style-for-w5e218f0f4b18a-1-1-0\" ><div\n\t\t\t\n\t\t\tclass=\"so-widget-sow-editor so-widget-sow-editor-base\"\n\t\t\t\n\t\t>\n<div class=\"siteorigin-widget-tinymce textwidget\">\n\t<p style=\"text-align: center;\"><b>TW-005U<\/b><br \/>\n<b>TW-500<\/b><br \/>\n<b>TW-501<\/b><br \/>\n<b>TW-502<\/b><br \/>\n<b>TW-503<\/b><br \/>\n<b>TW-504<\/b><br \/>\n<b>TW-511<\/b><br \/>\n<b>TW-512<\/b><br \/>\n<b>TW-520<\/b><br \/>\n<b>TW-067G<\/b><br \/>\n<b>TW-067LG<\/b><\/p>\n<\/div>\n<\/div><\/div><\/div><\/div><div id=\"pgc-w5e218f0f4b18a-1-2\"  class=\"panel-grid-cell\" ><div id=\"panel-w5e218f0f4b18a-1-2-0\" class=\"so-panel widget_sow-editor panel-first-child panel-last-child\" data-index=\"3\" ><div style=\"text-align: left;\" data-title-color=\"#47425d\" data-headings-color=\"#443f3f\" data-title_alignment=\"center\" class=\"panel-widget-style panel-widget-style-for-w5e218f0f4b18a-1-2-0\" ><div\n\t\t\t\n\t\t\tclass=\"so-widget-sow-editor so-widget-sow-editor-base\"\n\t\t\t\n\t\t>\n<div class=\"siteorigin-widget-tinymce textwidget\">\n\t<p style=\"text-align: center;\"><b>TW-020<\/b><br \/>\n<b>TW-023HS<\/b><br \/>\n<b>TW-040<\/b><br \/>\n<b>TW-090<\/b><br \/>\n<b>TW-098<\/b><br \/>\n<b>TW-422<\/b><br \/>\n<b>TW-437<\/b><br \/>\n<b>TW-454<\/b><br \/>\n<b>TW-467<\/b><br \/>\n<b>TW-470<\/b><br \/>\n<b>TW-475<\/b><\/p>\n<\/div>\n<\/div><\/div><\/div><\/div><\/div><\/div><\/div><\/div><\/div><\/div><\/div><\/div><\/div>","protected":false},"excerpt":{"rendered":"<p>Emralon \u00ae beschichtung Die Emralon\u00ae &#8211; Produktpalette besteht aus Dispersionen auf PTFE-Basis, Graphit und Molybd\u00e4nbisulfid, die als Trockenschmierstoff wirken und eine ausgezeichnete [&hellip;]<\/p>\n","protected":false},"author":1,"featured_media":12153,"parent":0,"menu_order":0,"comment_status":"closed","ping_status":"closed","template":"page-templates\/page_fullwidth.php","meta":{"footnotes":""},"class_list":["post-17905","page","type-page","status-publish","has-post-thumbnail","hentry"],"yoast_head":"<!-- This site is optimized with the Yoast SEO plugin v27.6 - https:\/\/yoast.com\/product\/yoast-seo-wordpress\/ -->\n<title>Emralon beschichtung - Coatresa<\/title>\n<meta name=\"description\" content=\"Emralon Acheson Beschichtung: PTFE-, Graphit- und Molybd\u00e4nbisulfid-basierte Dispersionen. Trockenschmiermittel. Korrosions- und L\u00f6sungsmittelbest\u00e4ndigkeit.\" \/>\n<meta name=\"robots\" content=\"index, follow, max-snippet:-1, max-image-preview:large, max-video-preview:-1\" \/>\n<link rel=\"canonical\" href=\"https:\/\/www.coatresa.com\/de\/acheson-emralon-beschichtung\/\" \/>\n<meta property=\"og:locale\" content=\"de_DE\" \/>\n<meta property=\"og:type\" content=\"article\" \/>\n<meta property=\"og:title\" content=\"Emralon beschichtung - Coatresa\" \/>\n<meta property=\"og:description\" content=\"Emralon Acheson Beschichtung: PTFE-, Graphit- und Molybd\u00e4nbisulfid-basierte Dispersionen. Trockenschmiermittel. Korrosions- und L\u00f6sungsmittelbest\u00e4ndigkeit.\" \/>\n<meta property=\"og:url\" content=\"https:\/\/www.coatresa.com\/de\/acheson-emralon-beschichtung\/\" \/>\n<meta property=\"og:site_name\" content=\"Coatresa\" \/>\n<meta property=\"article:publisher\" content=\"https:\/\/www.facebook.com\/Coatresa\/\" \/>\n<meta property=\"article:modified_time\" content=\"2020-01-17T10:40:15+00:00\" \/>\n<meta property=\"og:image\" content=\"https:\/\/www.coatresa.com\/wp-content\/uploads\/2018\/09\/recubrimiento-acheson-emralon.png\" \/>\n\t<meta property=\"og:image:width\" content=\"197\" \/>\n\t<meta property=\"og:image:height\" content=\"197\" \/>\n\t<meta property=\"og:image:type\" content=\"image\/png\" \/>\n<meta name=\"twitter:card\" content=\"summary_large_image\" \/>\n<meta name=\"twitter:site\" content=\"@Coatresa\" \/>\n<meta name=\"twitter:label1\" content=\"Gesch\u00e4tzte Lesezeit\" \/>\n\t<meta name=\"twitter:data1\" content=\"1\u00a0Minute\" \/>\n<script type=\"application\/ld+json\" class=\"yoast-schema-graph\">{\"@context\":\"https:\\\/\\\/schema.org\",\"@graph\":[{\"@type\":\"WebPage\",\"@id\":\"https:\\\/\\\/www.coatresa.com\\\/de\\\/acheson-emralon-beschichtung\\\/\",\"url\":\"https:\\\/\\\/www.coatresa.com\\\/de\\\/acheson-emralon-beschichtung\\\/\",\"name\":\"Emralon beschichtung - Coatresa\",\"isPartOf\":{\"@id\":\"https:\\\/\\\/www.coatresa.com\\\/de\\\/#website\"},\"primaryImageOfPage\":{\"@id\":\"https:\\\/\\\/www.coatresa.com\\\/de\\\/acheson-emralon-beschichtung\\\/#primaryimage\"},\"image\":{\"@id\":\"https:\\\/\\\/www.coatresa.com\\\/de\\\/acheson-emralon-beschichtung\\\/#primaryimage\"},\"thumbnailUrl\":\"https:\\\/\\\/www.coatresa.com\\\/wp-content\\\/uploads\\\/2018\\\/09\\\/recubrimiento-acheson-emralon.png\",\"datePublished\":\"2019-09-26T10:47:48+00:00\",\"dateModified\":\"2020-01-17T10:40:15+00:00\",\"description\":\"Emralon Acheson Beschichtung: PTFE-, Graphit- und Molybd\u00e4nbisulfid-basierte Dispersionen. Trockenschmiermittel. Korrosions- und L\u00f6sungsmittelbest\u00e4ndigkeit.\",\"breadcrumb\":{\"@id\":\"https:\\\/\\\/www.coatresa.com\\\/de\\\/acheson-emralon-beschichtung\\\/#breadcrumb\"},\"inLanguage\":\"de\",\"potentialAction\":[{\"@type\":\"ReadAction\",\"target\":[\"https:\\\/\\\/www.coatresa.com\\\/de\\\/acheson-emralon-beschichtung\\\/\"]}]},{\"@type\":\"ImageObject\",\"inLanguage\":\"de\",\"@id\":\"https:\\\/\\\/www.coatresa.com\\\/de\\\/acheson-emralon-beschichtung\\\/#primaryimage\",\"url\":\"https:\\\/\\\/www.coatresa.com\\\/wp-content\\\/uploads\\\/2018\\\/09\\\/recubrimiento-acheson-emralon.png\",\"contentUrl\":\"https:\\\/\\\/www.coatresa.com\\\/wp-content\\\/uploads\\\/2018\\\/09\\\/recubrimiento-acheson-emralon.png\",\"width\":197,\"height\":197,\"caption\":\"Acheson Emralon Beschichtungen\"},{\"@type\":\"BreadcrumbList\",\"@id\":\"https:\\\/\\\/www.coatresa.com\\\/de\\\/acheson-emralon-beschichtung\\\/#breadcrumb\",\"itemListElement\":[{\"@type\":\"ListItem\",\"position\":1,\"name\":\"Portada\",\"item\":\"https:\\\/\\\/www.coatresa.com\\\/de\\\/\"},{\"@type\":\"ListItem\",\"position\":2,\"name\":\"Emralon beschichtung\"}]},{\"@type\":\"WebSite\",\"@id\":\"https:\\\/\\\/www.coatresa.com\\\/de\\\/#website\",\"url\":\"https:\\\/\\\/www.coatresa.com\\\/de\\\/\",\"name\":\"Coatresa\",\"description\":\"Aplicaci\u00f3n de recubrimientos antiadherentes y anticorrosivos como el Teflon. Expertos del Powder Coating\",\"publisher\":{\"@id\":\"https:\\\/\\\/www.coatresa.com\\\/de\\\/#organization\"},\"potentialAction\":[{\"@type\":\"SearchAction\",\"target\":{\"@type\":\"EntryPoint\",\"urlTemplate\":\"https:\\\/\\\/www.coatresa.com\\\/de\\\/?s={search_term_string}\"},\"query-input\":{\"@type\":\"PropertyValueSpecification\",\"valueRequired\":true,\"valueName\":\"search_term_string\"}}],\"inLanguage\":\"de\"},{\"@type\":\"Organization\",\"@id\":\"https:\\\/\\\/www.coatresa.com\\\/de\\\/#organization\",\"name\":\"Coatresa\",\"url\":\"https:\\\/\\\/www.coatresa.com\\\/de\\\/\",\"logo\":{\"@type\":\"ImageObject\",\"inLanguage\":\"de\",\"@id\":\"https:\\\/\\\/www.coatresa.com\\\/de\\\/#\\\/schema\\\/logo\\\/image\\\/\",\"url\":\"https:\\\/\\\/www.coatresa.com\\\/wp-content\\\/uploads\\\/2022\\\/07\\\/A_blava_mitja_transp.png\",\"contentUrl\":\"https:\\\/\\\/www.coatresa.com\\\/wp-content\\\/uploads\\\/2022\\\/07\\\/A_blava_mitja_transp.png\",\"width\":340,\"height\":326,\"caption\":\"Coatresa\"},\"image\":{\"@id\":\"https:\\\/\\\/www.coatresa.com\\\/de\\\/#\\\/schema\\\/logo\\\/image\\\/\"},\"sameAs\":[\"https:\\\/\\\/www.facebook.com\\\/Coatresa\\\/\",\"https:\\\/\\\/x.com\\\/Coatresa\",\"https:\\\/\\\/www.linkedin.com\\\/company\\\/coatresa\\\/\",\"https:\\\/\\\/www.youtube.com\\\/user\\\/CoatresaCoatings\"]}]}<\/script>\n<!-- \/ Yoast SEO plugin. -->","yoast_head_json":{"title":"Emralon beschichtung - Coatresa","description":"Emralon Acheson Beschichtung: PTFE-, Graphit- und Molybd\u00e4nbisulfid-basierte Dispersionen. Trockenschmiermittel. Korrosions- und L\u00f6sungsmittelbest\u00e4ndigkeit.","robots":{"index":"index","follow":"follow","max-snippet":"max-snippet:-1","max-image-preview":"max-image-preview:large","max-video-preview":"max-video-preview:-1"},"canonical":"https:\/\/www.coatresa.com\/de\/acheson-emralon-beschichtung\/","og_locale":"de_DE","og_type":"article","og_title":"Emralon beschichtung - Coatresa","og_description":"Emralon Acheson Beschichtung: PTFE-, Graphit- und Molybd\u00e4nbisulfid-basierte Dispersionen. Trockenschmiermittel. Korrosions- und L\u00f6sungsmittelbest\u00e4ndigkeit.","og_url":"https:\/\/www.coatresa.com\/de\/acheson-emralon-beschichtung\/","og_site_name":"Coatresa","article_publisher":"https:\/\/www.facebook.com\/Coatresa\/","article_modified_time":"2020-01-17T10:40:15+00:00","og_image":[{"width":197,"height":197,"url":"https:\/\/www.coatresa.com\/wp-content\/uploads\/2018\/09\/recubrimiento-acheson-emralon.png","type":"image\/png"}],"twitter_card":"summary_large_image","twitter_site":"@Coatresa","twitter_misc":{"Gesch\u00e4tzte Lesezeit":"1\u00a0Minute"},"schema":{"@context":"https:\/\/schema.org","@graph":[{"@type":"WebPage","@id":"https:\/\/www.coatresa.com\/de\/acheson-emralon-beschichtung\/","url":"https:\/\/www.coatresa.com\/de\/acheson-emralon-beschichtung\/","name":"Emralon beschichtung - Coatresa","isPartOf":{"@id":"https:\/\/www.coatresa.com\/de\/#website"},"primaryImageOfPage":{"@id":"https:\/\/www.coatresa.com\/de\/acheson-emralon-beschichtung\/#primaryimage"},"image":{"@id":"https:\/\/www.coatresa.com\/de\/acheson-emralon-beschichtung\/#primaryimage"},"thumbnailUrl":"https:\/\/www.coatresa.com\/wp-content\/uploads\/2018\/09\/recubrimiento-acheson-emralon.png","datePublished":"2019-09-26T10:47:48+00:00","dateModified":"2020-01-17T10:40:15+00:00","description":"Emralon Acheson Beschichtung: PTFE-, Graphit- und Molybd\u00e4nbisulfid-basierte Dispersionen. Trockenschmiermittel. Korrosions- und L\u00f6sungsmittelbest\u00e4ndigkeit.","breadcrumb":{"@id":"https:\/\/www.coatresa.com\/de\/acheson-emralon-beschichtung\/#breadcrumb"},"inLanguage":"de","potentialAction":[{"@type":"ReadAction","target":["https:\/\/www.coatresa.com\/de\/acheson-emralon-beschichtung\/"]}]},{"@type":"ImageObject","inLanguage":"de","@id":"https:\/\/www.coatresa.com\/de\/acheson-emralon-beschichtung\/#primaryimage","url":"https:\/\/www.coatresa.com\/wp-content\/uploads\/2018\/09\/recubrimiento-acheson-emralon.png","contentUrl":"https:\/\/www.coatresa.com\/wp-content\/uploads\/2018\/09\/recubrimiento-acheson-emralon.png","width":197,"height":197,"caption":"Acheson Emralon Beschichtungen"},{"@type":"BreadcrumbList","@id":"https:\/\/www.coatresa.com\/de\/acheson-emralon-beschichtung\/#breadcrumb","itemListElement":[{"@type":"ListItem","position":1,"name":"Portada","item":"https:\/\/www.coatresa.com\/de\/"},{"@type":"ListItem","position":2,"name":"Emralon beschichtung"}]},{"@type":"WebSite","@id":"https:\/\/www.coatresa.com\/de\/#website","url":"https:\/\/www.coatresa.com\/de\/","name":"Coatresa","description":"Aplicaci\u00f3n de recubrimientos antiadherentes y anticorrosivos como el Teflon. Expertos del Powder Coating","publisher":{"@id":"https:\/\/www.coatresa.com\/de\/#organization"},"potentialAction":[{"@type":"SearchAction","target":{"@type":"EntryPoint","urlTemplate":"https:\/\/www.coatresa.com\/de\/?s={search_term_string}"},"query-input":{"@type":"PropertyValueSpecification","valueRequired":true,"valueName":"search_term_string"}}],"inLanguage":"de"},{"@type":"Organization","@id":"https:\/\/www.coatresa.com\/de\/#organization","name":"Coatresa","url":"https:\/\/www.coatresa.com\/de\/","logo":{"@type":"ImageObject","inLanguage":"de","@id":"https:\/\/www.coatresa.com\/de\/#\/schema\/logo\/image\/","url":"https:\/\/www.coatresa.com\/wp-content\/uploads\/2022\/07\/A_blava_mitja_transp.png","contentUrl":"https:\/\/www.coatresa.com\/wp-content\/uploads\/2022\/07\/A_blava_mitja_transp.png","width":340,"height":326,"caption":"Coatresa"},"image":{"@id":"https:\/\/www.coatresa.com\/de\/#\/schema\/logo\/image\/"},"sameAs":["https:\/\/www.facebook.com\/Coatresa\/","https:\/\/x.com\/Coatresa","https:\/\/www.linkedin.com\/company\/coatresa\/","https:\/\/www.youtube.com\/user\/CoatresaCoatings"]}]}},"_links":{"self":[{"href":"https:\/\/www.coatresa.com\/de\/wp-json\/wp\/v2\/pages\/17905","targetHints":{"allow":["GET"]}}],"collection":[{"href":"https:\/\/www.coatresa.com\/de\/wp-json\/wp\/v2\/pages"}],"about":[{"href":"https:\/\/www.coatresa.com\/de\/wp-json\/wp\/v2\/types\/page"}],"author":[{"embeddable":true,"href":"https:\/\/www.coatresa.com\/de\/wp-json\/wp\/v2\/users\/1"}],"replies":[{"embeddable":true,"href":"https:\/\/www.coatresa.com\/de\/wp-json\/wp\/v2\/comments?post=17905"}],"version-history":[{"count":0,"href":"https:\/\/www.coatresa.com\/de\/wp-json\/wp\/v2\/pages\/17905\/revisions"}],"wp:featuredmedia":[{"embeddable":true,"href":"https:\/\/www.coatresa.com\/de\/wp-json\/wp\/v2\/media\/12153"}],"wp:attachment":[{"href":"https:\/\/www.coatresa.com\/de\/wp-json\/wp\/v2\/media?parent=17905"}],"curies":[{"name":"wp","href":"https:\/\/api.w.org\/{rel}","templated":true}]}}