{"id":17911,"date":"2019-07-19T14:16:45","date_gmt":"2019-07-19T12:16:45","guid":{"rendered":"https:\/\/www.coatresa.com\/recubrimiento-acheson-molydag\/"},"modified":"2020-01-17T11:53:09","modified_gmt":"2020-01-17T10:53:09","slug":"acheson-molydag-beschichtung","status":"publish","type":"page","link":"https:\/\/www.coatresa.com\/de\/acheson-molydag-beschichtung\/","title":{"rendered":"Molydag beschichtung"},"content":{"rendered":"<div id=\"pl-17911\"  class=\"panel-layout\" ><div id=\"pg-17911-0\"  class=\"panel-grid panel-has-style\" ><div style=\"padding: 0px 0; \" data-overlay=\"true\" data-overlay-color=\"#000000\" class=\"panel-row-style panel-row-style-for-17911-0\" ><div id=\"pgc-17911-0-0\"  class=\"panel-grid-cell\" ><div id=\"panel-17911-0-0-0\" class=\"so-panel widget_sow-image panel-first-child panel-last-child\" data-index=\"0\" ><div style=\"text-align: left;\" data-title-color=\"#47425d\" data-headings-color=\"#443f3f\" data-title_alignment=\"center\" class=\"panel-widget-style panel-widget-style-for-17911-0-0-0\" ><div\n\t\t\t\n\t\t\tclass=\"so-widget-sow-image so-widget-sow-image-default-c67d20f9f743-17911\"\n\t\t\t\n\t\t>\n<div class=\"sow-image-container\">\n\t\t<img \n\tsrc=\"https:\/\/www.coatresa.com\/wp-content\/uploads\/2018\/09\/recubrimiento-acheson-molydag.png\" width=\"197\" height=\"197\" srcset=\"https:\/\/www.coatresa.com\/wp-content\/uploads\/2018\/09\/recubrimiento-acheson-molydag.png 197w, https:\/\/www.coatresa.com\/wp-content\/uploads\/2018\/09\/recubrimiento-acheson-molydag-150x150.png 150w\" sizes=\"(max-width: 197px) 100vw, 197px\" title=\"recubrimiento Acheson Molydag\" alt=\"recubrimiento Acheson Molydag\" \t\tclass=\"so-widget-image\"\/>\n\t<\/div>\n\n<\/div><\/div><\/div><\/div><div id=\"pgc-17911-0-1\"  class=\"panel-grid-cell\" ><div id=\"panel-17911-0-1-0\" class=\"so-panel widget_sow-editor panel-first-child panel-last-child\" data-index=\"1\" ><div style=\"text-align: left;\" data-title-color=\"#47425d\" data-headings-color=\"#000000\" data-title_alignment=\"center\" class=\"panel-widget-style panel-widget-style-for-17911-0-1-0\" ><div\n\t\t\t\n\t\t\tclass=\"so-widget-sow-editor so-widget-sow-editor-base\"\n\t\t\t\n\t\t>\n<div class=\"siteorigin-widget-tinymce textwidget\">\n\t<h1 style=\"text-align: left;\">Molydag \u00ae beschichtung<\/h1>\n<hr align=\"left\" \/>\n<p style=\"text-align: justify;\"><b>Molydag<\/b>\u00ae ist eine Produktreihe des Herstellers Acheson, die sich durch ihre harzbasierten Schmiereigenschaften auszeichnet. Diese Produkte wurden entwickelt, um einen trockenen Schmierfilm f\u00fcr eine Vielzahl von industriellen, privaten und milit\u00e4rischen Anwendungen bereitzustellen.<\/p>\n<p style=\"text-align: justify;\">Eine der Haupteigenschaften der <b>Molydag<\/b>\u00ae - Reihe ist die Anwendung auf Komponenten, die nach der Montage nicht zug\u00e4nglich sind, aber dennoch auf der Schmierungsebene zuverl\u00e4ssig weiterarbeiten m\u00fcssen. Dar\u00fcber hinaus bieten diese Beschichtungen eine effektive Leistung, selbst bei einem sehr d\u00fcnnen Film von nur 8 Mikron, so dass die mechanischen Toleranzen der geschmierten Komponenten nicht beeintr\u00e4chtigt werden.<\/p>\n<\/div>\n<\/div><\/div><\/div><\/div><\/div><\/div><div id=\"pg-17911-1\"  class=\"panel-grid panel-has-style\" ><div class=\"FRANJA-BLAVA-TITOL siteorigin-panels-stretch panel-row-style panel-row-style-for-17911-1\" style=\"padding: 0px 0; \" data-stretch-type=\"full\" data-overlay=\"true\" data-overlay-color=\"#000000\" ><div id=\"pgc-17911-1-0\"  class=\"panel-grid-cell\" ><div id=\"panel-17911-1-0-0\" class=\"so-panel widget_sow-editor panel-first-child panel-last-child\" data-index=\"2\" ><div class=\"blanc panel-widget-style panel-widget-style-for-17911-1-0-0\" style=\"text-align: left;\" data-title-color=\"#47425d\" data-headings-color=\"#443f3f\" data-title_alignment=\"center\" ><div\n\t\t\t\n\t\t\tclass=\"so-widget-sow-editor so-widget-sow-editor-base\"\n\t\t\t\n\t\t>\n<div class=\"siteorigin-widget-tinymce textwidget\">\n\t<h2 style=\"text-align: center;\">Eigenschaften und Vorteile der Molydag \u00ae - Beschichtung<\/h2>\n<\/div>\n<\/div><\/div><\/div><\/div><\/div><\/div><div id=\"pg-17911-2\"  class=\"panel-grid panel-has-style\" ><div class=\"BGC-GRIS siteorigin-panels-stretch panel-row-style panel-row-style-for-17911-2\" style=\"padding: 0px 0; \" data-stretch-type=\"full\" data-overlay=\"true\" data-overlay-color=\"#000000\" ><div id=\"pgc-17911-2-0\"  class=\"panel-grid-cell\" ><div id=\"panel-17911-2-0-0\" class=\"so-panel widget_sow-editor panel-first-child panel-last-child\" data-index=\"3\" ><div style=\"text-align: left;\" data-title-color=\"#47425d\" data-headings-color=\"#443f3f\" data-title_alignment=\"center\" class=\"panel-widget-style panel-widget-style-for-17911-2-0-0\" ><div\n\t\t\t\n\t\t\tclass=\"so-widget-sow-editor so-widget-sow-editor-base\"\n\t\t\t\n\t\t>\n<div class=\"siteorigin-widget-tinymce textwidget\">\n\t<p style=\"text-align: center;\">Molydag\u00ae - Produkte k\u00f6nnen mit verschiedenen Techniken angewendet werden, durch B\u00fcrsten, Eintauchen und Zentrifugieren oder durch aerographische Beitr\u00e4ge.<br \/>\nTypische Anwendungen:<\/p>\n<\/div>\n<\/div><\/div><\/div><\/div><\/div><\/div><div id=\"pg-17911-3\"  class=\"panel-grid panel-has-style\" ><div class=\"BGC-GRIS siteorigin-panels-stretch panel-row-style panel-row-style-for-17911-3\" style=\"padding: 0px 0; \" data-stretch-type=\"full\" data-overlay=\"true\" data-overlay-color=\"#000000\" ><div id=\"pgc-17911-3-0\"  class=\"panel-grid-cell\" ><div id=\"panel-17911-3-0-0\" class=\"so-panel widget_sow-editor panel-first-child panel-last-child\" data-index=\"4\" ><div style=\"text-align: left;\" data-title-color=\"#47425d\" data-headings-color=\"#443f3f\" data-title_alignment=\"center\" class=\"panel-widget-style panel-widget-style-for-17911-3-0-0\" ><div\n\t\t\t\n\t\t\tclass=\"so-widget-sow-editor so-widget-sow-editor-base\"\n\t\t\t\n\t\t>\n<div class=\"siteorigin-widget-tinymce textwidget\">\n\t<ul>\n<li>Baumaschinen<\/li>\n<li>Kaltstartmaschinen<\/li>\n<li>Gewerbliche Maschinen<\/li>\n<li>Gewindeanschl\u00fcsse<\/li>\n<\/ul>\n<\/div>\n<\/div><\/div><\/div><\/div><div id=\"pgc-17911-3-1\"  class=\"panel-grid-cell\" ><div id=\"panel-17911-3-1-0\" class=\"so-panel widget_sow-editor panel-first-child panel-last-child\" data-index=\"5\" ><div style=\"text-align: left;\" data-title-color=\"#47425d\" data-headings-color=\"#443f3f\" data-title_alignment=\"center\" class=\"panel-widget-style panel-widget-style-for-17911-3-1-0\" ><div\n\t\t\t\n\t\t\tclass=\"so-widget-sow-editor so-widget-sow-editor-base\"\n\t\t\t\n\t\t>\n<div class=\"siteorigin-widget-tinymce textwidget\">\n\t<ul>\n<li>Teile von Strahltriebwerken<\/li>\n<li>Landmaschinen<\/li>\n<li>Komponenten der Tischlereiausr\u00fcstung<\/li>\n<li>Mechanismen von Sicherheitsgurten in der Luftfahrt<\/li>\n<\/ul>\n<\/div>\n<\/div><\/div><\/div><\/div><div id=\"pgc-17911-3-2\"  class=\"panel-grid-cell\" ><div id=\"panel-17911-3-2-0\" class=\"so-panel widget_sow-editor panel-first-child panel-last-child\" data-index=\"6\" ><div style=\"text-align: left;\" data-title-color=\"#47425d\" data-headings-color=\"#443f3f\" data-title_alignment=\"center\" class=\"panel-widget-style panel-widget-style-for-17911-3-2-0\" ><div\n\t\t\t\n\t\t\tclass=\"so-widget-sow-editor so-widget-sow-editor-base\"\n\t\t\t\n\t\t>\n<div class=\"siteorigin-widget-tinymce textwidget\">\n\t<ul>\n<li>Bergbauausr\u00fcstung<\/li>\n<li>Hochspannungsmuttern und -schrauben<\/li>\n<li>Sicherheitseinrichtungen<\/li>\n<\/ul>\n<\/div>\n<\/div><\/div><\/div><\/div><\/div><\/div><div id=\"pg-17911-4\"  class=\"panel-grid panel-has-style\" ><div class=\"BGC-GRIS siteorigin-panels-stretch panel-row-style panel-row-style-for-17911-4\" style=\"padding: 0px 0; \" data-stretch-type=\"full\" data-overlay=\"true\" data-overlay-color=\"#000000\" ><div id=\"pgc-17911-4-0\"  class=\"panel-grid-cell\" ><div id=\"panel-17911-4-0-0\" class=\"so-panel widget_sow-editor panel-first-child panel-last-child\" data-index=\"7\" ><div style=\"text-align: left;\" data-title-color=\"#47425d\" data-headings-color=\"#443f3f\" data-title_alignment=\"center\" class=\"panel-widget-style panel-widget-style-for-17911-4-0-0\" ><div\n\t\t\t\n\t\t\tclass=\"so-widget-sow-editor so-widget-sow-editor-base\"\n\t\t\t\n\t\t>\n<div class=\"siteorigin-widget-tinymce textwidget\">\n\t<p class=\"TEXTOS-DESTACATS\" style=\"text-align: center;\">Die Hauptvorteile der Molydag\u00ae - Produkte sind:<\/p>\n<ul class=\"LLISTA-SUBRATLLADA\">\n<li>Gute Haftung auf Metallen<\/li>\n<li>Niedriger Reibungskoeffizient<\/li>\n<li>Gute Lebensdauer (Abrieb- und Reibungsbest\u00e4ndigkeit)<\/li>\n<li>Korrosionsbest\u00e4ndigkeit<\/li>\n<li>Best\u00e4ndigkeit gegen viele Chemikalien und L\u00f6sungsmittel. (Siehe Anforderungen an die chemische Best\u00e4ndigkeit MIL-L-8937-D)<\/li>\n<\/ul>\n<\/div>\n<\/div><\/div><\/div><\/div><\/div><\/div><div id=\"pg-17911-5\"  class=\"panel-grid panel-has-style\" ><div class=\"siteorigin-panels-stretch panel-row-style panel-row-style-for-17911-5\" style=\"padding: 50px 0; \" data-stretch-type=\"full\" data-overlay=\"true\" data-overlay-color=\"#000000\" ><div id=\"pgc-17911-5-0\"  class=\"panel-grid-cell\" ><div id=\"panel-17911-5-0-0\" class=\"so-panel widget_siteorigin-panels-builder panel-first-child panel-last-child\" data-index=\"8\" ><div style=\"text-align: left;\" data-title-color=\"#47425d\" data-headings-color=\"#443f3f\" data-title_alignment=\"center\" class=\"panel-widget-style panel-widget-style-for-17911-5-0-0\" ><div id=\"pl-w5d31ada502c41\"  class=\"panel-layout\" ><div id=\"pg-w5d31ada502c41-0\"  class=\"panel-grid panel-has-style\" ><div style=\"padding: 0px 0; \" data-overlay=\"true\" data-overlay-color=\"#000000\" class=\"panel-row-style panel-row-style-for-w5d31ada502c41-0\" ><div id=\"pgc-w5d31ada502c41-0-0\"  class=\"panel-grid-cell\" ><div id=\"panel-w5d31ada502c41-0-0-0\" class=\"so-panel widget_sow-editor panel-first-child panel-last-child\" data-index=\"0\" ><div style=\"text-align: left;\" data-title-color=\"#47425d\" data-headings-color=\"#443f3f\" data-title_alignment=\"center\" class=\"panel-widget-style panel-widget-style-for-w5d31ada502c41-0-0-0\" ><div\n\t\t\t\n\t\t\tclass=\"so-widget-sow-editor so-widget-sow-editor-base\"\n\t\t\t\n\t\t>\n<div class=\"siteorigin-widget-tinymce textwidget\">\n\t<h2 class=\"BLAU-FOSC\" style=\"text-align: center;\">Referencias de Molydag \u00ae<\/h2>\n<\/div>\n<\/div><\/div><\/div><\/div><\/div><\/div><div id=\"pg-w5d31ada502c41-1\"  class=\"panel-grid panel-has-style\" ><div style=\"padding: 0px 0; \" data-overlay=\"true\" data-overlay-color=\"#000000\" class=\"panel-row-style panel-row-style-for-w5d31ada502c41-1\" ><div id=\"pgc-w5d31ada502c41-1-0\"  class=\"panel-grid-cell\" ><div id=\"panel-w5d31ada502c41-1-0-0\" class=\"so-panel widget_sow-editor panel-first-child panel-last-child\" data-index=\"1\" ><div style=\"text-align: left;\" data-title-color=\"#47425d\" data-headings-color=\"#443f3f\" data-title_alignment=\"center\" class=\"panel-widget-style panel-widget-style-for-w5d31ada502c41-1-0-0\" ><div\n\t\t\t\n\t\t\tclass=\"so-widget-sow-editor so-widget-sow-editor-base\"\n\t\t\t\n\t\t>\n<div class=\"siteorigin-widget-tinymce textwidget\">\n\t<p style=\"text-align: center; padding-top: 40px;\"><b>210<\/b><br \/>\n<b>213<\/b><br \/>\n<b>254<\/b><br \/>\n<b>250<\/b><br \/>\n<b>200<\/b><br \/>\n<b>15<\/b><br \/>\n<b>16<\/b><br \/>\n<b>147<\/b><br \/>\n<b>709<\/b><\/p>\n<\/div>\n<\/div><\/div><\/div><\/div><\/div><\/div><\/div><\/div><\/div><\/div><\/div><\/div><\/div>","protected":false},"excerpt":{"rendered":"<p>Molydag \u00ae beschichtung Molydag\u00ae ist eine Produktreihe des Herstellers Acheson, die sich durch ihre harzbasierten Schmiereigenschaften auszeichnet. Diese Produkte wurden entwickelt, um [&hellip;]<\/p>\n","protected":false},"author":1,"featured_media":12159,"parent":0,"menu_order":0,"comment_status":"closed","ping_status":"closed","template":"page-templates\/page_fullwidth.php","meta":{"footnotes":""},"class_list":["post-17911","page","type-page","status-publish","has-post-thumbnail","hentry"],"yoast_head":"<!-- This site is optimized with the Yoast SEO plugin v27.6 - https:\/\/yoast.com\/product\/yoast-seo-wordpress\/ -->\n<title>Molydag beschichtung - Coatresa<\/title>\n<meta name=\"description\" content=\"Molydag Acheson Coating: Schmierstoffe auf Harzbasis, die einen trockenen Schmierfilm f\u00fcr Industriebereiche bilden - erfahren Sie mehr!\" \/>\n<meta name=\"robots\" content=\"index, follow, max-snippet:-1, max-image-preview:large, max-video-preview:-1\" \/>\n<link rel=\"canonical\" href=\"https:\/\/www.coatresa.com\/de\/acheson-molydag-beschichtung\/\" \/>\n<meta property=\"og:locale\" content=\"de_DE\" \/>\n<meta property=\"og:type\" content=\"article\" \/>\n<meta property=\"og:title\" content=\"Molydag beschichtung - Coatresa\" \/>\n<meta property=\"og:description\" content=\"Molydag Acheson Coating: Schmierstoffe auf Harzbasis, die einen trockenen Schmierfilm f\u00fcr Industriebereiche bilden - erfahren Sie mehr!\" \/>\n<meta property=\"og:url\" content=\"https:\/\/www.coatresa.com\/de\/acheson-molydag-beschichtung\/\" \/>\n<meta property=\"og:site_name\" content=\"Coatresa\" \/>\n<meta property=\"article:publisher\" content=\"https:\/\/www.facebook.com\/Coatresa\/\" \/>\n<meta property=\"article:modified_time\" content=\"2020-01-17T10:53:09+00:00\" \/>\n<meta property=\"og:image\" content=\"https:\/\/www.coatresa.com\/wp-content\/uploads\/2018\/09\/recubrimiento-acheson-molydag.png\" \/>\n\t<meta property=\"og:image:width\" content=\"197\" \/>\n\t<meta property=\"og:image:height\" content=\"197\" \/>\n\t<meta property=\"og:image:type\" content=\"image\/png\" \/>\n<meta name=\"twitter:card\" content=\"summary_large_image\" \/>\n<meta name=\"twitter:site\" content=\"@Coatresa\" \/>\n<meta name=\"twitter:label1\" content=\"Gesch\u00e4tzte Lesezeit\" \/>\n\t<meta name=\"twitter:data1\" content=\"1\u00a0Minute\" \/>\n<script type=\"application\/ld+json\" class=\"yoast-schema-graph\">{\"@context\":\"https:\\\/\\\/schema.org\",\"@graph\":[{\"@type\":\"WebPage\",\"@id\":\"https:\\\/\\\/www.coatresa.com\\\/de\\\/acheson-molydag-beschichtung\\\/\",\"url\":\"https:\\\/\\\/www.coatresa.com\\\/de\\\/acheson-molydag-beschichtung\\\/\",\"name\":\"Molydag beschichtung - Coatresa\",\"isPartOf\":{\"@id\":\"https:\\\/\\\/www.coatresa.com\\\/de\\\/#website\"},\"primaryImageOfPage\":{\"@id\":\"https:\\\/\\\/www.coatresa.com\\\/de\\\/acheson-molydag-beschichtung\\\/#primaryimage\"},\"image\":{\"@id\":\"https:\\\/\\\/www.coatresa.com\\\/de\\\/acheson-molydag-beschichtung\\\/#primaryimage\"},\"thumbnailUrl\":\"https:\\\/\\\/www.coatresa.com\\\/wp-content\\\/uploads\\\/2018\\\/09\\\/recubrimiento-acheson-molydag.png\",\"datePublished\":\"2019-07-19T12:16:45+00:00\",\"dateModified\":\"2020-01-17T10:53:09+00:00\",\"description\":\"Molydag Acheson Coating: Schmierstoffe auf Harzbasis, die einen trockenen Schmierfilm f\u00fcr Industriebereiche bilden - erfahren Sie mehr!\",\"breadcrumb\":{\"@id\":\"https:\\\/\\\/www.coatresa.com\\\/de\\\/acheson-molydag-beschichtung\\\/#breadcrumb\"},\"inLanguage\":\"de\",\"potentialAction\":[{\"@type\":\"ReadAction\",\"target\":[\"https:\\\/\\\/www.coatresa.com\\\/de\\\/acheson-molydag-beschichtung\\\/\"]}]},{\"@type\":\"ImageObject\",\"inLanguage\":\"de\",\"@id\":\"https:\\\/\\\/www.coatresa.com\\\/de\\\/acheson-molydag-beschichtung\\\/#primaryimage\",\"url\":\"https:\\\/\\\/www.coatresa.com\\\/wp-content\\\/uploads\\\/2018\\\/09\\\/recubrimiento-acheson-molydag.png\",\"contentUrl\":\"https:\\\/\\\/www.coatresa.com\\\/wp-content\\\/uploads\\\/2018\\\/09\\\/recubrimiento-acheson-molydag.png\",\"width\":197,\"height\":197,\"caption\":\"Acheson Molydag Beschichtungen\"},{\"@type\":\"BreadcrumbList\",\"@id\":\"https:\\\/\\\/www.coatresa.com\\\/de\\\/acheson-molydag-beschichtung\\\/#breadcrumb\",\"itemListElement\":[{\"@type\":\"ListItem\",\"position\":1,\"name\":\"Portada\",\"item\":\"https:\\\/\\\/www.coatresa.com\\\/de\\\/\"},{\"@type\":\"ListItem\",\"position\":2,\"name\":\"Molydag beschichtung\"}]},{\"@type\":\"WebSite\",\"@id\":\"https:\\\/\\\/www.coatresa.com\\\/de\\\/#website\",\"url\":\"https:\\\/\\\/www.coatresa.com\\\/de\\\/\",\"name\":\"Coatresa\",\"description\":\"Aplicaci\u00f3n de recubrimientos antiadherentes y anticorrosivos como el Teflon. Expertos del Powder Coating\",\"publisher\":{\"@id\":\"https:\\\/\\\/www.coatresa.com\\\/de\\\/#organization\"},\"potentialAction\":[{\"@type\":\"SearchAction\",\"target\":{\"@type\":\"EntryPoint\",\"urlTemplate\":\"https:\\\/\\\/www.coatresa.com\\\/de\\\/?s={search_term_string}\"},\"query-input\":{\"@type\":\"PropertyValueSpecification\",\"valueRequired\":true,\"valueName\":\"search_term_string\"}}],\"inLanguage\":\"de\"},{\"@type\":\"Organization\",\"@id\":\"https:\\\/\\\/www.coatresa.com\\\/de\\\/#organization\",\"name\":\"Coatresa\",\"url\":\"https:\\\/\\\/www.coatresa.com\\\/de\\\/\",\"logo\":{\"@type\":\"ImageObject\",\"inLanguage\":\"de\",\"@id\":\"https:\\\/\\\/www.coatresa.com\\\/de\\\/#\\\/schema\\\/logo\\\/image\\\/\",\"url\":\"https:\\\/\\\/www.coatresa.com\\\/wp-content\\\/uploads\\\/2022\\\/07\\\/A_blava_mitja_transp.png\",\"contentUrl\":\"https:\\\/\\\/www.coatresa.com\\\/wp-content\\\/uploads\\\/2022\\\/07\\\/A_blava_mitja_transp.png\",\"width\":340,\"height\":326,\"caption\":\"Coatresa\"},\"image\":{\"@id\":\"https:\\\/\\\/www.coatresa.com\\\/de\\\/#\\\/schema\\\/logo\\\/image\\\/\"},\"sameAs\":[\"https:\\\/\\\/www.facebook.com\\\/Coatresa\\\/\",\"https:\\\/\\\/x.com\\\/Coatresa\",\"https:\\\/\\\/www.linkedin.com\\\/company\\\/coatresa\\\/\",\"https:\\\/\\\/www.youtube.com\\\/user\\\/CoatresaCoatings\"]}]}<\/script>\n<!-- \/ Yoast SEO plugin. -->","yoast_head_json":{"title":"Molydag beschichtung - Coatresa","description":"Molydag Acheson Coating: Schmierstoffe auf Harzbasis, die einen trockenen Schmierfilm f\u00fcr Industriebereiche bilden - erfahren Sie mehr!","robots":{"index":"index","follow":"follow","max-snippet":"max-snippet:-1","max-image-preview":"max-image-preview:large","max-video-preview":"max-video-preview:-1"},"canonical":"https:\/\/www.coatresa.com\/de\/acheson-molydag-beschichtung\/","og_locale":"de_DE","og_type":"article","og_title":"Molydag beschichtung - Coatresa","og_description":"Molydag Acheson Coating: Schmierstoffe auf Harzbasis, die einen trockenen Schmierfilm f\u00fcr Industriebereiche bilden - erfahren Sie mehr!","og_url":"https:\/\/www.coatresa.com\/de\/acheson-molydag-beschichtung\/","og_site_name":"Coatresa","article_publisher":"https:\/\/www.facebook.com\/Coatresa\/","article_modified_time":"2020-01-17T10:53:09+00:00","og_image":[{"width":197,"height":197,"url":"https:\/\/www.coatresa.com\/wp-content\/uploads\/2018\/09\/recubrimiento-acheson-molydag.png","type":"image\/png"}],"twitter_card":"summary_large_image","twitter_site":"@Coatresa","twitter_misc":{"Gesch\u00e4tzte Lesezeit":"1\u00a0Minute"},"schema":{"@context":"https:\/\/schema.org","@graph":[{"@type":"WebPage","@id":"https:\/\/www.coatresa.com\/de\/acheson-molydag-beschichtung\/","url":"https:\/\/www.coatresa.com\/de\/acheson-molydag-beschichtung\/","name":"Molydag beschichtung - Coatresa","isPartOf":{"@id":"https:\/\/www.coatresa.com\/de\/#website"},"primaryImageOfPage":{"@id":"https:\/\/www.coatresa.com\/de\/acheson-molydag-beschichtung\/#primaryimage"},"image":{"@id":"https:\/\/www.coatresa.com\/de\/acheson-molydag-beschichtung\/#primaryimage"},"thumbnailUrl":"https:\/\/www.coatresa.com\/wp-content\/uploads\/2018\/09\/recubrimiento-acheson-molydag.png","datePublished":"2019-07-19T12:16:45+00:00","dateModified":"2020-01-17T10:53:09+00:00","description":"Molydag Acheson Coating: Schmierstoffe auf Harzbasis, die einen trockenen Schmierfilm f\u00fcr Industriebereiche bilden - erfahren Sie mehr!","breadcrumb":{"@id":"https:\/\/www.coatresa.com\/de\/acheson-molydag-beschichtung\/#breadcrumb"},"inLanguage":"de","potentialAction":[{"@type":"ReadAction","target":["https:\/\/www.coatresa.com\/de\/acheson-molydag-beschichtung\/"]}]},{"@type":"ImageObject","inLanguage":"de","@id":"https:\/\/www.coatresa.com\/de\/acheson-molydag-beschichtung\/#primaryimage","url":"https:\/\/www.coatresa.com\/wp-content\/uploads\/2018\/09\/recubrimiento-acheson-molydag.png","contentUrl":"https:\/\/www.coatresa.com\/wp-content\/uploads\/2018\/09\/recubrimiento-acheson-molydag.png","width":197,"height":197,"caption":"Acheson Molydag Beschichtungen"},{"@type":"BreadcrumbList","@id":"https:\/\/www.coatresa.com\/de\/acheson-molydag-beschichtung\/#breadcrumb","itemListElement":[{"@type":"ListItem","position":1,"name":"Portada","item":"https:\/\/www.coatresa.com\/de\/"},{"@type":"ListItem","position":2,"name":"Molydag beschichtung"}]},{"@type":"WebSite","@id":"https:\/\/www.coatresa.com\/de\/#website","url":"https:\/\/www.coatresa.com\/de\/","name":"Coatresa","description":"Aplicaci\u00f3n de recubrimientos antiadherentes y anticorrosivos como el Teflon. Expertos del Powder Coating","publisher":{"@id":"https:\/\/www.coatresa.com\/de\/#organization"},"potentialAction":[{"@type":"SearchAction","target":{"@type":"EntryPoint","urlTemplate":"https:\/\/www.coatresa.com\/de\/?s={search_term_string}"},"query-input":{"@type":"PropertyValueSpecification","valueRequired":true,"valueName":"search_term_string"}}],"inLanguage":"de"},{"@type":"Organization","@id":"https:\/\/www.coatresa.com\/de\/#organization","name":"Coatresa","url":"https:\/\/www.coatresa.com\/de\/","logo":{"@type":"ImageObject","inLanguage":"de","@id":"https:\/\/www.coatresa.com\/de\/#\/schema\/logo\/image\/","url":"https:\/\/www.coatresa.com\/wp-content\/uploads\/2022\/07\/A_blava_mitja_transp.png","contentUrl":"https:\/\/www.coatresa.com\/wp-content\/uploads\/2022\/07\/A_blava_mitja_transp.png","width":340,"height":326,"caption":"Coatresa"},"image":{"@id":"https:\/\/www.coatresa.com\/de\/#\/schema\/logo\/image\/"},"sameAs":["https:\/\/www.facebook.com\/Coatresa\/","https:\/\/x.com\/Coatresa","https:\/\/www.linkedin.com\/company\/coatresa\/","https:\/\/www.youtube.com\/user\/CoatresaCoatings"]}]}},"_links":{"self":[{"href":"https:\/\/www.coatresa.com\/de\/wp-json\/wp\/v2\/pages\/17911","targetHints":{"allow":["GET"]}}],"collection":[{"href":"https:\/\/www.coatresa.com\/de\/wp-json\/wp\/v2\/pages"}],"about":[{"href":"https:\/\/www.coatresa.com\/de\/wp-json\/wp\/v2\/types\/page"}],"author":[{"embeddable":true,"href":"https:\/\/www.coatresa.com\/de\/wp-json\/wp\/v2\/users\/1"}],"replies":[{"embeddable":true,"href":"https:\/\/www.coatresa.com\/de\/wp-json\/wp\/v2\/comments?post=17911"}],"version-history":[{"count":0,"href":"https:\/\/www.coatresa.com\/de\/wp-json\/wp\/v2\/pages\/17911\/revisions"}],"wp:featuredmedia":[{"embeddable":true,"href":"https:\/\/www.coatresa.com\/de\/wp-json\/wp\/v2\/media\/12159"}],"wp:attachment":[{"href":"https:\/\/www.coatresa.com\/de\/wp-json\/wp\/v2\/media?parent=17911"}],"curies":[{"name":"wp","href":"https:\/\/api.w.org\/{rel}","templated":true}]}}