{"id":17926,"date":"2019-09-23T17:36:36","date_gmt":"2019-09-23T15:36:36","guid":{"rendered":"https:\/\/www.coatresa.com\/recubrimiento-weilburger-senotherm\/"},"modified":"2020-01-17T15:52:45","modified_gmt":"2020-01-17T14:52:45","slug":"weilburger-senotherm-beschichtung","status":"publish","type":"page","link":"https:\/\/www.coatresa.com\/de\/weilburger-senotherm-beschichtung\/","title":{"rendered":"Senotherm beschichtung"},"content":{"rendered":"<div id=\"pl-17926\"  class=\"panel-layout\" ><div id=\"pg-17926-0\"  class=\"panel-grid panel-has-style\" ><div style=\"padding: 0px 0; \" data-overlay=\"true\" data-overlay-color=\"#000000\" class=\"panel-row-style panel-row-style-for-17926-0\" ><div id=\"pgc-17926-0-0\"  class=\"panel-grid-cell\" ><div id=\"panel-17926-0-0-0\" class=\"so-panel widget_sow-image panel-first-child panel-last-child\" data-index=\"0\" ><div style=\"text-align: left;\" data-title-color=\"#47425d\" data-headings-color=\"#443f3f\" data-title_alignment=\"center\" class=\"panel-widget-style panel-widget-style-for-17926-0-0-0\" ><div\n\t\t\t\n\t\t\tclass=\"so-widget-sow-image so-widget-sow-image-default-c67d20f9f743-17926\"\n\t\t\t\n\t\t>\n<div class=\"sow-image-container\">\n\t\t<img \n\tsrc=\"https:\/\/www.coatresa.com\/wp-content\/uploads\/2018\/07\/recubrimientos-weilburger-senotherm.png\" width=\"197\" height=\"197\" srcset=\"https:\/\/www.coatresa.com\/wp-content\/uploads\/2018\/07\/recubrimientos-weilburger-senotherm.png 197w, https:\/\/www.coatresa.com\/wp-content\/uploads\/2018\/07\/recubrimientos-weilburger-senotherm-150x150.png 150w\" sizes=\"(max-width: 197px) 100vw, 197px\" title=\"recubrimientos Weilburger Senotherm\" alt=\"recubrimientos Weilburger Senotherm\" \t\tclass=\"so-widget-image\"\/>\n\t<\/div>\n\n<\/div><\/div><\/div><\/div><div id=\"pgc-17926-0-1\"  class=\"panel-grid-cell\" ><div id=\"panel-17926-0-1-0\" class=\"so-panel widget_sow-editor panel-first-child panel-last-child\" data-index=\"1\" ><div style=\"text-align: left;\" data-title-color=\"#47425d\" data-headings-color=\"#000000\" data-title_alignment=\"center\" class=\"panel-widget-style panel-widget-style-for-17926-0-1-0\" ><div\n\t\t\t\n\t\t\tclass=\"so-widget-sow-editor so-widget-sow-editor-base\"\n\t\t\t\n\t\t>\n<div class=\"siteorigin-widget-tinymce textwidget\">\n\t<h1 style=\"text-align: left;\">Senotherm \u00ae beschichtung<\/h1>\n<hr align=\"left\" \/>\n<p style=\"text-align: justify;\"><b>Senotherm<\/b>\u00ae ist die Marke von <b>Weilburger<\/b>, unter der hochtemperaturbest\u00e4ndige Beschichtungsl\u00f6sungen f\u00fcr alle Arten von Oberfl\u00e4chen mit hoher thermischer Belastung vermarktet werden:<\/p>\n<ul>\n<li>\u00d6fen <\/li>\n<li>Ofensch\u00e4chte<\/li>\n<li>Sch\u00fcbe<\/li>\n<li>\u00d6fen und Kochfelder<\/li>\n<li>Grill und Roste zum R\u00e4uchern<\/li>\n<li>Und im technischen Bereich Funktionsteile<\/li>\n<\/ul>\n<p style=\"text-align: justify;\">Technologisch setzt Senotherm\u00ae Ma\u00dfst\u00e4be, um auf dem europ\u00e4ischen Markt f\u00fchrend zu sein. Mehr als 40 Jahre Erfahrung in diesem Fachgebiet, kontinuierliche Forschungs- und Entwicklungsarbeit und die daraus resultierenden Innovationen haben Senotherm\u00ae zu einer einzigartigen Palette von Beschichtungssystemen gemacht, die den Marktanforderungen entsprechen. Senotherm\u00ae ist einfach die beste L\u00f6sung f\u00fcr jeden Ofen und alle Arten von feuerfesten Komponenten zu Hause.<br \/>\nDie Qualit\u00e4t von senotherm\u00ae ist bew\u00e4hrt und weithin anerkannt. Als Neuheit ist die Non-Smoker\u00ae-Reihe erh\u00e4ltlich.<\/p>\n<\/div>\n<\/div><\/div><\/div><\/div><\/div><\/div><div id=\"pg-17926-1\"  class=\"panel-grid panel-has-style\" ><div class=\"FRANJA-BLAVA-TITOL siteorigin-panels-stretch panel-row-style panel-row-style-for-17926-1\" style=\"padding: 0px 0; \" data-stretch-type=\"full\" data-overlay=\"true\" data-overlay-color=\"#000000\" ><div id=\"pgc-17926-1-0\"  class=\"panel-grid-cell\" ><div id=\"panel-17926-1-0-0\" class=\"so-panel widget_sow-editor panel-first-child panel-last-child\" data-index=\"2\" ><div class=\"blanc panel-widget-style panel-widget-style-for-17926-1-0-0\" style=\"text-align: left;\" data-title-color=\"#47425d\" data-headings-color=\"#443f3f\" data-title_alignment=\"center\" ><div\n\t\t\t\n\t\t\tclass=\"so-widget-sow-editor so-widget-sow-editor-base\"\n\t\t\t\n\t\t>\n<div class=\"siteorigin-widget-tinymce textwidget\">\n\t<h2 style=\"text-align: center;\">Eigenschaften der Senotherm \u00ae - Beschichtung<\/h2>\n<\/div>\n<\/div><\/div><\/div><\/div><\/div><\/div><div id=\"pg-17926-2\"  class=\"panel-grid panel-has-style\" ><div class=\"BGC-GRIS siteorigin-panels-stretch panel-row-style panel-row-style-for-17926-2\" style=\"padding: 50px 0; \" data-stretch-type=\"full\" data-overlay=\"true\" data-overlay-color=\"#000000\" ><div id=\"pgc-17926-2-0\"  class=\"panel-grid-cell\" ><div id=\"panel-17926-2-0-0\" class=\"so-panel widget_sow-editor panel-first-child panel-last-child\" data-index=\"3\" ><div style=\"text-align: left;\" data-title-color=\"#47425d\" data-headings-color=\"#443f3f\" data-title_alignment=\"center\" class=\"panel-widget-style panel-widget-style-for-17926-2-0-0\" ><div\n\t\t\t\n\t\t\tclass=\"so-widget-sow-editor so-widget-sow-editor-base\"\n\t\t\t\n\t\t>\n<div class=\"siteorigin-widget-tinymce textwidget\">\n\t<p style=\"text-align: justify;\">Mit seinen Non-Smoker\u00ae - Beschichtungen macht Senotherm\u00ae den Ofen rauchfrei. Die Produktreihen UHT und UHT HYDRO bieten eine Vielzahl von Beschichtungsl\u00f6sungen, die die Entstehung von Rauch und Ger\u00fcchen beim ersten Einsatz durch den Kunden verhindern und die Bildung von Verunreinigungen (z. B. VOCs) auf ein Minimum reduzieren.<br \/>\nIm Gegensatz zu herk\u00f6mmlichen Beschichtungssystemen, bei denen die Endtrocknung bei Temperaturen \u00fcber 200 \u00b0C erfolgt, h\u00e4rten Senotherm\u00ae Non-Smoker\u00ae-Beschichtungen bei Raumtemperatur vollst\u00e4ndig aus. Der Kunde kann seinen Ofen von Anfang an ohne Unterbrechungen genie\u00dfen und wird bei der ersten Nutzung nicht mehr von der Entwicklung von Rauch und Geruch beeinflusst.<\/p>\n<p class=\"TEXTOS-DESTACATS\" style=\"text-align: center;\">Vorteile von Non-Smoker\u00ae - Beschichtungen:<\/p>\n<ul class=\"LLISTA-SUBRATLLADA\">\n<li>Kein l\u00e4stiger Rauch oder Geruch f\u00fcr den Endkunden<\/li>\n<li>Die endg\u00fcltige Aush\u00e4rtung erfolgt bei Raumtemperatur (18-23\u00b0C)<\/li>\n<li>Nachhaltige Beschichtung f\u00fcr die wachsende Sensibilit\u00e4t der Endkunden f\u00fcr Gesundheit und Umweltbewusstsein<\/li>\n<li>Deutlich robuster f\u00fcr Transport und Endmontage<\/li>\n<li>Die kostspielige Aufgabe, geh\u00e4rtetes Spray separat entsorgen zu m\u00fcssen, entf\u00e4llt, da es mit den gew\u00f6hnlichen Gewerbeabf\u00e4llen entsorgt werden kann<\/li>\n<\/ul>\n<\/div>\n<\/div><\/div><\/div><\/div><\/div><\/div><div id=\"pg-17926-3\"  class=\"panel-grid panel-has-style\" ><div class=\"siteorigin-panels-stretch panel-row-style panel-row-style-for-17926-3\" style=\"padding: 50px 0; \" data-stretch-type=\"full\" data-overlay=\"true\" data-overlay-color=\"#000000\" ><div id=\"pgc-17926-3-0\"  class=\"panel-grid-cell\" ><div id=\"panel-17926-3-0-0\" class=\"so-panel widget_siteorigin-panels-builder panel-first-child panel-last-child\" data-index=\"4\" ><div style=\"text-align: left;\" data-title-color=\"#47425d\" data-headings-color=\"#443f3f\" data-title_alignment=\"center\" class=\"panel-widget-style panel-widget-style-for-17926-3-0-0\" ><div id=\"pl-w5e21ca3d564e6\"  class=\"panel-layout\" ><div id=\"pg-w5e21ca3d564e6-0\"  class=\"panel-grid panel-has-style\" ><div style=\"padding: 0px 0; \" data-overlay=\"true\" data-overlay-color=\"#000000\" class=\"panel-row-style panel-row-style-for-w5e21ca3d564e6-0\" ><div id=\"pgc-w5e21ca3d564e6-0-0\"  class=\"panel-grid-cell\" ><div id=\"panel-w5e21ca3d564e6-0-0-0\" class=\"so-panel widget_sow-editor panel-first-child panel-last-child\" data-index=\"0\" ><div style=\"text-align: left;\" data-title-color=\"#47425d\" data-headings-color=\"#443f3f\" data-title_alignment=\"center\" class=\"panel-widget-style panel-widget-style-for-w5e21ca3d564e6-0-0-0\" ><div\n\t\t\t\n\t\t\tclass=\"so-widget-sow-editor so-widget-sow-editor-base\"\n\t\t\t\n\t\t>\n<div class=\"siteorigin-widget-tinymce textwidget\">\n\t<h2 class=\"BLAU-FOSC\" style=\"text-align: center;\">Senotherm\u00ae referenzen<\/h2>\n<\/div>\n<\/div><\/div><\/div><\/div><\/div><\/div><div id=\"pg-w5e21ca3d564e6-1\"  class=\"panel-grid panel-has-style\" ><div style=\"padding: 0px 0; \" data-overlay=\"true\" data-overlay-color=\"#000000\" class=\"panel-row-style panel-row-style-for-w5e21ca3d564e6-1\" ><div id=\"pgc-w5e21ca3d564e6-1-0\"  class=\"panel-grid-cell\" ><div id=\"panel-w5e21ca3d564e6-1-0-0\" class=\"so-panel widget_sow-editor panel-first-child panel-last-child\" data-index=\"1\" ><div style=\"text-align: left;\" data-title-color=\"#47425d\" data-headings-color=\"#443f3f\" data-title_alignment=\"center\" class=\"panel-widget-style panel-widget-style-for-w5e21ca3d564e6-1-0-0\" ><div\n\t\t\t\n\t\t\tclass=\"so-widget-sow-editor so-widget-sow-editor-base\"\n\t\t\t\n\t\t>\n<div class=\"siteorigin-widget-tinymce textwidget\">\n\t<p style=\"text-align: center; padding-top: 40px;\"><b>1030 CLASSIC<\/b><br \/>\n<b>1666 CLASSIC<\/b><br \/>\n<b>1664 CLASSIC<\/b><br \/>\n<b>1111 CLASSIC<\/b><br \/>\n<b>1155 UHT<\/b><br \/>\n<b>1157 UHT<\/b><br \/>\n<b>3590 UHT-HYDRO<\/b><br \/>\n<b>2860 UHT-HYDRO<\/b><\/p>\n<\/div>\n<\/div><\/div><\/div><\/div><\/div><\/div><\/div><\/div><\/div><\/div><\/div><\/div><\/div>","protected":false},"excerpt":{"rendered":"<p>Senotherm \u00ae beschichtung Senotherm\u00ae ist die Marke von Weilburger, unter der hochtemperaturbest\u00e4ndige Beschichtungsl\u00f6sungen f\u00fcr alle Arten von Oberfl\u00e4chen mit hoher thermischer Belastung [&hellip;]<\/p>\n","protected":false},"author":1,"featured_media":8044,"parent":0,"menu_order":0,"comment_status":"closed","ping_status":"closed","template":"page-templates\/page_fullwidth.php","meta":{"footnotes":""},"class_list":["post-17926","page","type-page","status-publish","has-post-thumbnail","hentry"],"yoast_head":"<!-- This site is optimized with the Yoast SEO plugin v27.6 - https:\/\/yoast.com\/product\/yoast-seo-wordpress\/ -->\n<title>Senotherm beschichtung - Coatresa<\/title>\n<meta name=\"description\" content=\"Senotherm Beschichtung von Weilburger: Beschichtungen die gegen hohe thermische Belastungen best\u00e4ndig sind. F\u00fcr \u00d6fen, Kamine, Kochplatten...Reihe Non-Smoker\" \/>\n<meta name=\"robots\" content=\"index, follow, max-snippet:-1, max-image-preview:large, max-video-preview:-1\" \/>\n<link rel=\"canonical\" href=\"https:\/\/www.coatresa.com\/de\/weilburger-senotherm-beschichtung\/\" \/>\n<meta property=\"og:locale\" content=\"de_DE\" \/>\n<meta property=\"og:type\" content=\"article\" \/>\n<meta property=\"og:title\" content=\"Senotherm beschichtung - Coatresa\" \/>\n<meta property=\"og:description\" content=\"Senotherm Beschichtung von Weilburger: Beschichtungen die gegen hohe thermische Belastungen best\u00e4ndig sind. F\u00fcr \u00d6fen, Kamine, Kochplatten...Reihe Non-Smoker\" \/>\n<meta property=\"og:url\" content=\"https:\/\/www.coatresa.com\/de\/weilburger-senotherm-beschichtung\/\" \/>\n<meta property=\"og:site_name\" content=\"Coatresa\" \/>\n<meta property=\"article:publisher\" content=\"https:\/\/www.facebook.com\/Coatresa\/\" \/>\n<meta property=\"article:modified_time\" content=\"2020-01-17T14:52:45+00:00\" \/>\n<meta property=\"og:image\" content=\"https:\/\/www.coatresa.com\/wp-content\/uploads\/2018\/07\/recubrimientos-weilburger-senotherm.png\" \/>\n\t<meta property=\"og:image:width\" content=\"197\" \/>\n\t<meta property=\"og:image:height\" content=\"197\" \/>\n\t<meta property=\"og:image:type\" content=\"image\/png\" \/>\n<meta name=\"twitter:card\" content=\"summary_large_image\" \/>\n<meta name=\"twitter:site\" content=\"@Coatresa\" \/>\n<meta name=\"twitter:label1\" content=\"Gesch\u00e4tzte Lesezeit\" \/>\n\t<meta name=\"twitter:data1\" content=\"2\u00a0Minuten\" \/>\n<script type=\"application\/ld+json\" class=\"yoast-schema-graph\">{\"@context\":\"https:\\\/\\\/schema.org\",\"@graph\":[{\"@type\":\"WebPage\",\"@id\":\"https:\\\/\\\/www.coatresa.com\\\/de\\\/weilburger-senotherm-beschichtung\\\/\",\"url\":\"https:\\\/\\\/www.coatresa.com\\\/de\\\/weilburger-senotherm-beschichtung\\\/\",\"name\":\"Senotherm beschichtung - Coatresa\",\"isPartOf\":{\"@id\":\"https:\\\/\\\/www.coatresa.com\\\/de\\\/#website\"},\"primaryImageOfPage\":{\"@id\":\"https:\\\/\\\/www.coatresa.com\\\/de\\\/weilburger-senotherm-beschichtung\\\/#primaryimage\"},\"image\":{\"@id\":\"https:\\\/\\\/www.coatresa.com\\\/de\\\/weilburger-senotherm-beschichtung\\\/#primaryimage\"},\"thumbnailUrl\":\"https:\\\/\\\/www.coatresa.com\\\/wp-content\\\/uploads\\\/2018\\\/07\\\/recubrimientos-weilburger-senotherm.png\",\"datePublished\":\"2019-09-23T15:36:36+00:00\",\"dateModified\":\"2020-01-17T14:52:45+00:00\",\"description\":\"Senotherm Beschichtung von Weilburger: Beschichtungen die gegen hohe thermische Belastungen best\u00e4ndig sind. F\u00fcr \u00d6fen, Kamine, Kochplatten...Reihe Non-Smoker\",\"breadcrumb\":{\"@id\":\"https:\\\/\\\/www.coatresa.com\\\/de\\\/weilburger-senotherm-beschichtung\\\/#breadcrumb\"},\"inLanguage\":\"de\",\"potentialAction\":[{\"@type\":\"ReadAction\",\"target\":[\"https:\\\/\\\/www.coatresa.com\\\/de\\\/weilburger-senotherm-beschichtung\\\/\"]}]},{\"@type\":\"ImageObject\",\"inLanguage\":\"de\",\"@id\":\"https:\\\/\\\/www.coatresa.com\\\/de\\\/weilburger-senotherm-beschichtung\\\/#primaryimage\",\"url\":\"https:\\\/\\\/www.coatresa.com\\\/wp-content\\\/uploads\\\/2018\\\/07\\\/recubrimientos-weilburger-senotherm.png\",\"contentUrl\":\"https:\\\/\\\/www.coatresa.com\\\/wp-content\\\/uploads\\\/2018\\\/07\\\/recubrimientos-weilburger-senotherm.png\",\"width\":197,\"height\":197,\"caption\":\"recubrimientos Weilburger Senotherm\"},{\"@type\":\"BreadcrumbList\",\"@id\":\"https:\\\/\\\/www.coatresa.com\\\/de\\\/weilburger-senotherm-beschichtung\\\/#breadcrumb\",\"itemListElement\":[{\"@type\":\"ListItem\",\"position\":1,\"name\":\"Portada\",\"item\":\"https:\\\/\\\/www.coatresa.com\\\/de\\\/\"},{\"@type\":\"ListItem\",\"position\":2,\"name\":\"Senotherm beschichtung\"}]},{\"@type\":\"WebSite\",\"@id\":\"https:\\\/\\\/www.coatresa.com\\\/de\\\/#website\",\"url\":\"https:\\\/\\\/www.coatresa.com\\\/de\\\/\",\"name\":\"Coatresa\",\"description\":\"Aplicaci\u00f3n de recubrimientos antiadherentes y anticorrosivos como el Teflon. Expertos del Powder Coating\",\"publisher\":{\"@id\":\"https:\\\/\\\/www.coatresa.com\\\/de\\\/#organization\"},\"potentialAction\":[{\"@type\":\"SearchAction\",\"target\":{\"@type\":\"EntryPoint\",\"urlTemplate\":\"https:\\\/\\\/www.coatresa.com\\\/de\\\/?s={search_term_string}\"},\"query-input\":{\"@type\":\"PropertyValueSpecification\",\"valueRequired\":true,\"valueName\":\"search_term_string\"}}],\"inLanguage\":\"de\"},{\"@type\":\"Organization\",\"@id\":\"https:\\\/\\\/www.coatresa.com\\\/de\\\/#organization\",\"name\":\"Coatresa\",\"url\":\"https:\\\/\\\/www.coatresa.com\\\/de\\\/\",\"logo\":{\"@type\":\"ImageObject\",\"inLanguage\":\"de\",\"@id\":\"https:\\\/\\\/www.coatresa.com\\\/de\\\/#\\\/schema\\\/logo\\\/image\\\/\",\"url\":\"https:\\\/\\\/www.coatresa.com\\\/wp-content\\\/uploads\\\/2022\\\/07\\\/A_blava_mitja_transp.png\",\"contentUrl\":\"https:\\\/\\\/www.coatresa.com\\\/wp-content\\\/uploads\\\/2022\\\/07\\\/A_blava_mitja_transp.png\",\"width\":340,\"height\":326,\"caption\":\"Coatresa\"},\"image\":{\"@id\":\"https:\\\/\\\/www.coatresa.com\\\/de\\\/#\\\/schema\\\/logo\\\/image\\\/\"},\"sameAs\":[\"https:\\\/\\\/www.facebook.com\\\/Coatresa\\\/\",\"https:\\\/\\\/x.com\\\/Coatresa\",\"https:\\\/\\\/www.linkedin.com\\\/company\\\/coatresa\\\/\",\"https:\\\/\\\/www.youtube.com\\\/user\\\/CoatresaCoatings\"]}]}<\/script>\n<!-- \/ Yoast SEO plugin. -->","yoast_head_json":{"title":"Senotherm beschichtung - Coatresa","description":"Senotherm Beschichtung von Weilburger: Beschichtungen die gegen hohe thermische Belastungen best\u00e4ndig sind. F\u00fcr \u00d6fen, Kamine, Kochplatten...Reihe Non-Smoker","robots":{"index":"index","follow":"follow","max-snippet":"max-snippet:-1","max-image-preview":"max-image-preview:large","max-video-preview":"max-video-preview:-1"},"canonical":"https:\/\/www.coatresa.com\/de\/weilburger-senotherm-beschichtung\/","og_locale":"de_DE","og_type":"article","og_title":"Senotherm beschichtung - Coatresa","og_description":"Senotherm Beschichtung von Weilburger: Beschichtungen die gegen hohe thermische Belastungen best\u00e4ndig sind. F\u00fcr \u00d6fen, Kamine, Kochplatten...Reihe Non-Smoker","og_url":"https:\/\/www.coatresa.com\/de\/weilburger-senotherm-beschichtung\/","og_site_name":"Coatresa","article_publisher":"https:\/\/www.facebook.com\/Coatresa\/","article_modified_time":"2020-01-17T14:52:45+00:00","og_image":[{"width":197,"height":197,"url":"https:\/\/www.coatresa.com\/wp-content\/uploads\/2018\/07\/recubrimientos-weilburger-senotherm.png","type":"image\/png"}],"twitter_card":"summary_large_image","twitter_site":"@Coatresa","twitter_misc":{"Gesch\u00e4tzte Lesezeit":"2\u00a0Minuten"},"schema":{"@context":"https:\/\/schema.org","@graph":[{"@type":"WebPage","@id":"https:\/\/www.coatresa.com\/de\/weilburger-senotherm-beschichtung\/","url":"https:\/\/www.coatresa.com\/de\/weilburger-senotherm-beschichtung\/","name":"Senotherm beschichtung - Coatresa","isPartOf":{"@id":"https:\/\/www.coatresa.com\/de\/#website"},"primaryImageOfPage":{"@id":"https:\/\/www.coatresa.com\/de\/weilburger-senotherm-beschichtung\/#primaryimage"},"image":{"@id":"https:\/\/www.coatresa.com\/de\/weilburger-senotherm-beschichtung\/#primaryimage"},"thumbnailUrl":"https:\/\/www.coatresa.com\/wp-content\/uploads\/2018\/07\/recubrimientos-weilburger-senotherm.png","datePublished":"2019-09-23T15:36:36+00:00","dateModified":"2020-01-17T14:52:45+00:00","description":"Senotherm Beschichtung von Weilburger: Beschichtungen die gegen hohe thermische Belastungen best\u00e4ndig sind. F\u00fcr \u00d6fen, Kamine, Kochplatten...Reihe Non-Smoker","breadcrumb":{"@id":"https:\/\/www.coatresa.com\/de\/weilburger-senotherm-beschichtung\/#breadcrumb"},"inLanguage":"de","potentialAction":[{"@type":"ReadAction","target":["https:\/\/www.coatresa.com\/de\/weilburger-senotherm-beschichtung\/"]}]},{"@type":"ImageObject","inLanguage":"de","@id":"https:\/\/www.coatresa.com\/de\/weilburger-senotherm-beschichtung\/#primaryimage","url":"https:\/\/www.coatresa.com\/wp-content\/uploads\/2018\/07\/recubrimientos-weilburger-senotherm.png","contentUrl":"https:\/\/www.coatresa.com\/wp-content\/uploads\/2018\/07\/recubrimientos-weilburger-senotherm.png","width":197,"height":197,"caption":"recubrimientos Weilburger Senotherm"},{"@type":"BreadcrumbList","@id":"https:\/\/www.coatresa.com\/de\/weilburger-senotherm-beschichtung\/#breadcrumb","itemListElement":[{"@type":"ListItem","position":1,"name":"Portada","item":"https:\/\/www.coatresa.com\/de\/"},{"@type":"ListItem","position":2,"name":"Senotherm beschichtung"}]},{"@type":"WebSite","@id":"https:\/\/www.coatresa.com\/de\/#website","url":"https:\/\/www.coatresa.com\/de\/","name":"Coatresa","description":"Aplicaci\u00f3n de recubrimientos antiadherentes y anticorrosivos como el Teflon. Expertos del Powder Coating","publisher":{"@id":"https:\/\/www.coatresa.com\/de\/#organization"},"potentialAction":[{"@type":"SearchAction","target":{"@type":"EntryPoint","urlTemplate":"https:\/\/www.coatresa.com\/de\/?s={search_term_string}"},"query-input":{"@type":"PropertyValueSpecification","valueRequired":true,"valueName":"search_term_string"}}],"inLanguage":"de"},{"@type":"Organization","@id":"https:\/\/www.coatresa.com\/de\/#organization","name":"Coatresa","url":"https:\/\/www.coatresa.com\/de\/","logo":{"@type":"ImageObject","inLanguage":"de","@id":"https:\/\/www.coatresa.com\/de\/#\/schema\/logo\/image\/","url":"https:\/\/www.coatresa.com\/wp-content\/uploads\/2022\/07\/A_blava_mitja_transp.png","contentUrl":"https:\/\/www.coatresa.com\/wp-content\/uploads\/2022\/07\/A_blava_mitja_transp.png","width":340,"height":326,"caption":"Coatresa"},"image":{"@id":"https:\/\/www.coatresa.com\/de\/#\/schema\/logo\/image\/"},"sameAs":["https:\/\/www.facebook.com\/Coatresa\/","https:\/\/x.com\/Coatresa","https:\/\/www.linkedin.com\/company\/coatresa\/","https:\/\/www.youtube.com\/user\/CoatresaCoatings"]}]}},"_links":{"self":[{"href":"https:\/\/www.coatresa.com\/de\/wp-json\/wp\/v2\/pages\/17926","targetHints":{"allow":["GET"]}}],"collection":[{"href":"https:\/\/www.coatresa.com\/de\/wp-json\/wp\/v2\/pages"}],"about":[{"href":"https:\/\/www.coatresa.com\/de\/wp-json\/wp\/v2\/types\/page"}],"author":[{"embeddable":true,"href":"https:\/\/www.coatresa.com\/de\/wp-json\/wp\/v2\/users\/1"}],"replies":[{"embeddable":true,"href":"https:\/\/www.coatresa.com\/de\/wp-json\/wp\/v2\/comments?post=17926"}],"version-history":[{"count":0,"href":"https:\/\/www.coatresa.com\/de\/wp-json\/wp\/v2\/pages\/17926\/revisions"}],"wp:featuredmedia":[{"embeddable":true,"href":"https:\/\/www.coatresa.com\/de\/wp-json\/wp\/v2\/media\/8044"}],"wp:attachment":[{"href":"https:\/\/www.coatresa.com\/de\/wp-json\/wp\/v2\/media?parent=17926"}],"curies":[{"name":"wp","href":"https:\/\/api.w.org\/{rel}","templated":true}]}}