{"id":17933,"date":"2019-07-12T10:08:17","date_gmt":"2019-07-12T08:08:17","guid":{"rendered":"https:\/\/www.coatresa.com\/recubrimiento-chemours-tefzel\/"},"modified":"2020-01-17T16:03:44","modified_gmt":"2020-01-17T15:03:44","slug":"chemours-tefzel-beschichtung","status":"publish","type":"page","link":"https:\/\/www.coatresa.com\/de\/chemours-tefzel-beschichtung\/","title":{"rendered":"Tefzel beschichtung"},"content":{"rendered":"<div id=\"pl-17933\"  class=\"panel-layout\" ><div id=\"pg-17933-0\"  class=\"panel-grid panel-has-style\" ><div style=\"padding: 0px 0; \" data-overlay=\"true\" data-overlay-color=\"#000000\" class=\"panel-row-style panel-row-style-for-17933-0\" ><div id=\"pgc-17933-0-0\"  class=\"panel-grid-cell\" ><div id=\"panel-17933-0-0-0\" class=\"so-panel widget_sow-image panel-first-child panel-last-child\" data-index=\"0\" ><div style=\"text-align: left;\" data-title-color=\"#47425d\" data-headings-color=\"#443f3f\" data-title_alignment=\"center\" class=\"panel-widget-style panel-widget-style-for-17933-0-0-0\" ><div\n\t\t\t\n\t\t\tclass=\"so-widget-sow-image so-widget-sow-image-default-c67d20f9f743-17933\"\n\t\t\t\n\t\t>\n<div class=\"sow-image-container\">\n\t\t<img \n\tsrc=\"https:\/\/www.coatresa.com\/wp-content\/uploads\/2018\/07\/recubrimientos-dupont-chemours-tefzel.png\" width=\"197\" height=\"197\" srcset=\"https:\/\/www.coatresa.com\/wp-content\/uploads\/2018\/07\/recubrimientos-dupont-chemours-tefzel.png 197w, https:\/\/www.coatresa.com\/wp-content\/uploads\/2018\/07\/recubrimientos-dupont-chemours-tefzel-150x150.png 150w\" sizes=\"(max-width: 197px) 100vw, 197px\" title=\"recubrimientos Dupont Chemours Tefzel\" alt=\"recubrimientos Dupont Chemours Tefzel\" \t\tclass=\"so-widget-image\"\/>\n\t<\/div>\n\n<\/div><\/div><\/div><\/div><div id=\"pgc-17933-0-1\"  class=\"panel-grid-cell\" ><div id=\"panel-17933-0-1-0\" class=\"so-panel widget_sow-editor panel-first-child panel-last-child\" data-index=\"1\" ><div style=\"text-align: left;\" data-title-color=\"#47425d\" data-headings-color=\"#000000\" data-title_alignment=\"center\" class=\"panel-widget-style panel-widget-style-for-17933-0-1-0\" ><div\n\t\t\t\n\t\t\tclass=\"so-widget-sow-editor so-widget-sow-editor-base\"\n\t\t\t\n\t\t>\n<div class=\"siteorigin-widget-tinymce textwidget\">\n\t<h1 style=\"text-align: left;\">Tefzel \u2122 beschichtung<\/h1>\n<hr align=\"left\" \/>\n<p style=\"text-align: justify;\">Die Beschichtung <b>Tefzel<\/b>\u2122 ist ein modifizierter Fluorkunststoff aus ETFE (Ethylen-Tetrafluorethylen), der als Granulat oder Rotationsformpulver erh\u00e4ltlich ist. Es handelt sich um einen Thermoplast, der eine \u00fcberlegene mechanische Belastbarkeit mit einer au\u00dfergew\u00f6hnlichen chemischen Best\u00e4ndigkeit kombiniert, die der von Fluorkunststoffen Teflon\u2122 nahe kommt.<\/p>\n<p style=\"text-align: justify;\">Tefzel \u2122 zeichnet sich durch einfache Verarbeitbarkeit, ein spezifisches Gewicht von 1,7 und hohe Energiebest\u00e4ndigkeit aus. Die meisten Arten sind f\u00fcr die kontinuierliche Exposition bei 150 \u00b0C (302 \u00b0F) geeignet. Fluorkunststoffe <b>Tefzel \u2122 ETFE<\/b> werden mit konventionellen Schmelzextrusionstechniken sowie Injektions-, Kompressions-, Transfer-, Rotations- und Blasformverfahren verarbeitet.<\/p>\n<\/div>\n<\/div><\/div><\/div><\/div><\/div><\/div><div id=\"pg-17933-1\"  class=\"panel-grid panel-has-style\" ><div class=\"FRANJA-BLAVA-TITOL siteorigin-panels-stretch panel-row-style panel-row-style-for-17933-1\" style=\"padding: 0px 0; \" data-stretch-type=\"full\" data-overlay=\"true\" data-overlay-color=\"#000000\" ><div id=\"pgc-17933-1-0\"  class=\"panel-grid-cell\" ><div id=\"panel-17933-1-0-0\" class=\"so-panel widget_sow-editor panel-first-child panel-last-child\" data-index=\"2\" ><div class=\"blanc panel-widget-style panel-widget-style-for-17933-1-0-0\" style=\"text-align: left;\" data-title-color=\"#47425d\" data-headings-color=\"#443f3f\" data-title_alignment=\"center\" ><div\n\t\t\t\n\t\t\tclass=\"so-widget-sow-editor so-widget-sow-editor-base\"\n\t\t\t\n\t\t>\n<div class=\"siteorigin-widget-tinymce textwidget\">\n\t<h2 style=\"text-align: center;\">Eigenschaften der Tefzel \u2122 - Beschichtung<\/h2>\n<\/div>\n<\/div><\/div><\/div><\/div><\/div><\/div><div id=\"pg-17933-2\"  class=\"panel-grid panel-has-style\" ><div class=\"BGC-GRIS siteorigin-panels-stretch panel-row-style panel-row-style-for-17933-2\" style=\"padding: 50px 0; \" data-stretch-type=\"full\" data-overlay=\"true\" data-overlay-color=\"#000000\" ><div id=\"pgc-17933-2-0\"  class=\"panel-grid-cell\" ><div id=\"panel-17933-2-0-0\" class=\"so-panel widget_sow-editor panel-first-child\" data-index=\"3\" ><div style=\"text-align: left;\" data-title-color=\"#47425d\" data-headings-color=\"#443f3f\" data-title_alignment=\"center\" class=\"panel-widget-style panel-widget-style-for-17933-2-0-0\" ><div\n\t\t\t\n\t\t\tclass=\"so-widget-sow-editor so-widget-sow-editor-base\"\n\t\t\t\n\t\t>\n<div class=\"siteorigin-widget-tinymce textwidget\">\n\t<p style=\"text-align: justify;\"><b>ETFE<\/b> kombiniert auch die Eigenschaft der elektrischen Isolierung mit guter Antihaftbeschichtung und niedrigem Reibungskoeffizienten. Unter den vielen Referenzen, aus denen sich die Marke Tefzel\u2122 zusammensetzt, finden wir einige, die den FDA-Vorschriften f\u00fcr den Kontakt mit Lebensmitteln entsprechen.<\/p>\n<p style=\"text-align: justify;\">Einer der Hauptvorteile gegen\u00fcber anderen Beschichtungen mit \u00e4hnlichen Eigenschaften ist die M\u00f6glichkeit, sie auf das kalte Tr\u00e4germaterial und in verschiedenen Dicken von 250 Mikron bis 1300 Mikron mit der \u201e<b>Spray &amp; Bake<\/b>\u201c-Technik aufzutragen, die darin besteht, mehrere Schichten aerografisch gespr\u00fcht und anschlie\u00dfend eingebrannt aufzutragen. Mit dieser Technik wird ein widerstandsf\u00e4higer Film ohne Porosit\u00e4ten erreicht, der eine unschlagbare Best\u00e4ndigkeit gegen chemische Einfl\u00fcsse gew\u00e4hrleistet.<\/p>\n<\/div>\n<\/div><\/div><\/div><div id=\"panel-17933-2-0-1\" class=\"so-panel widget_sow-editor panel-last-child\" data-index=\"4\" ><div style=\"text-align: left;\" data-title-color=\"#47425d\" data-headings-color=\"#443f3f\" data-title_alignment=\"center\" class=\"panel-widget-style panel-widget-style-for-17933-2-0-1\" ><div\n\t\t\t\n\t\t\tclass=\"so-widget-sow-editor so-widget-sow-editor-base\"\n\t\t\t\n\t\t>\n<div class=\"siteorigin-widget-tinymce textwidget\">\n\t<ul class=\"LLISTA-SUBRATLLADA\">\n<li>Niedriger Reibungskoeffizient<\/li>\n<li>Einfach zu verarbeiten<\/li>\n<li>Elektrischer Isolator<\/li>\n<li>Strahlungsbest\u00e4ndigkeit<\/li>\n<li>Chemische Best\u00e4ndigkeit<\/li>\n<li>Anwendung auf kaltem Untergrund<\/li>\n<\/ul>\n<\/div>\n<\/div><\/div><\/div><\/div><\/div><\/div><div id=\"pg-17933-3\"  class=\"panel-grid panel-has-style\" ><div class=\"siteorigin-panels-stretch panel-row-style panel-row-style-for-17933-3\" style=\"padding: 50px 0; \" data-stretch-type=\"full\" data-overlay=\"true\" data-overlay-color=\"#000000\" ><div id=\"pgc-17933-3-0\"  class=\"panel-grid-cell\" ><div id=\"panel-17933-3-0-0\" class=\"so-panel widget_sow-editor panel-first-child\" data-index=\"5\" ><div style=\"text-align: left;\" data-title-color=\"#47425d\" data-headings-color=\"#443f3f\" data-title_alignment=\"center\" class=\"panel-widget-style panel-widget-style-for-17933-3-0-0\" ><div\n\t\t\t\n\t\t\tclass=\"so-widget-sow-editor so-widget-sow-editor-base\"\n\t\t\t\n\t\t>\n<div class=\"siteorigin-widget-tinymce textwidget\">\n\t<h2 class=\"BLAU-FOSC\" style=\"text-align: center;\">Tefzel \u2122 referenzen<\/h2>\n<\/div>\n<\/div><\/div><\/div><div id=\"panel-17933-3-0-1\" class=\"so-panel widget_siteorigin-panels-builder panel-last-child\" data-index=\"6\" ><div style=\"text-align: left;\" data-title-color=\"#47425d\" data-headings-color=\"#443f3f\" data-title_alignment=\"center\" class=\"panel-widget-style panel-widget-style-for-17933-3-0-1\" ><div id=\"pl-w5d271e5f76a50\"  class=\"panel-layout\" ><div id=\"pg-w5d271e5f76a50-0\"  class=\"panel-grid panel-has-style\" ><div style=\"padding: 40px 0; \" data-overlay=\"true\" data-overlay-color=\"#000000\" class=\"panel-row-style panel-row-style-for-w5d271e5f76a50-0\" ><div id=\"pgc-w5d271e5f76a50-0-0\"  class=\"panel-grid-cell\" ><div id=\"panel-w5d271e5f76a50-0-0-0\" class=\"so-panel widget_sow-editor panel-first-child panel-last-child\" data-index=\"0\" ><div style=\"text-align: left;\" data-title-color=\"#47425d\" data-headings-color=\"#443f3f\" data-title_alignment=\"center\" class=\"panel-widget-style panel-widget-style-for-w5d271e5f76a50-0-0-0\" ><div\n\t\t\t\n\t\t\tclass=\"so-widget-sow-editor so-widget-sow-editor-base\"\n\t\t\t\n\t\t>\n<div class=\"siteorigin-widget-tinymce textwidget\">\n\t<p style=\"text-align: center;\"><b>ETFE 699-205<\/b><br \/>\n<b>ETFE 699N-129<\/b><br \/>\n<b>ETFE 532-6305<\/b><br \/>\n<b>ETFE 532-6405<\/b><br \/>\n<b>ETFE 532-6118<\/b><\/p>\n<\/div>\n<\/div><\/div><\/div><\/div><div id=\"pgc-w5d271e5f76a50-0-1\"  class=\"panel-grid-cell\" ><div id=\"panel-w5d271e5f76a50-0-1-0\" class=\"so-panel widget_sow-editor panel-first-child panel-last-child\" data-index=\"1\" ><div style=\"text-align: left;\" data-title-color=\"#47425d\" data-headings-color=\"#443f3f\" data-title_alignment=\"center\" class=\"panel-widget-style panel-widget-style-for-w5d271e5f76a50-0-1-0\" ><div\n\t\t\t\n\t\t\tclass=\"so-widget-sow-editor so-widget-sow-editor-base\"\n\t\t\t\n\t\t>\n<div class=\"siteorigin-widget-tinymce textwidget\">\n\t<p style=\"text-align: center;\"><b>ETFE 532-6210<\/b><br \/>\n<b>ETFE 532-6310<\/b><br \/>\n<b>ETFE 532-6314<\/b><br \/>\n<b>ETFE 532-6412<\/b><br \/>\n<b>ETFE 532-6410<\/b><\/p>\n<\/div>\n<\/div><\/div><\/div><\/div><\/div><\/div><\/div><\/div><\/div><\/div><\/div><\/div><\/div>","protected":false},"excerpt":{"rendered":"<p>Tefzel \u2122 beschichtung Die Beschichtung Tefzel\u2122 ist ein modifizierter Fluorkunststoff aus ETFE (Ethylen-Tetrafluorethylen), der als Granulat oder Rotationsformpulver erh\u00e4ltlich ist. Es handelt [&hellip;]<\/p>\n","protected":false},"author":1,"featured_media":7770,"parent":0,"menu_order":0,"comment_status":"closed","ping_status":"closed","template":"page-templates\/page_fullwidth.php","meta":{"footnotes":""},"class_list":["post-17933","page","type-page","status-publish","has-post-thumbnail","hentry"],"yoast_head":"<!-- This site is optimized with the Yoast SEO plugin v27.6 - https:\/\/yoast.com\/product\/yoast-seo-wordpress\/ -->\n<title>Tefzel beschichtung - Coatresa<\/title>\n<meta name=\"description\" content=\"Tefzel Beschichtung von Chemours: ETFE Fluorkunststoff mit au\u00dfergew\u00f6hnlicher chemischer Best\u00e4ndigkeit. Ethylen-Tetrafluorethylen mit Strahlungsbest\u00e4ndigkeit\" \/>\n<meta name=\"robots\" content=\"index, follow, max-snippet:-1, max-image-preview:large, max-video-preview:-1\" \/>\n<link rel=\"canonical\" href=\"https:\/\/www.coatresa.com\/de\/chemours-tefzel-beschichtung\/\" \/>\n<meta property=\"og:locale\" content=\"de_DE\" \/>\n<meta property=\"og:type\" content=\"article\" \/>\n<meta property=\"og:title\" content=\"Tefzel beschichtung - Coatresa\" \/>\n<meta property=\"og:description\" content=\"Tefzel Beschichtung von Chemours: ETFE Fluorkunststoff mit au\u00dfergew\u00f6hnlicher chemischer Best\u00e4ndigkeit. Ethylen-Tetrafluorethylen mit Strahlungsbest\u00e4ndigkeit\" \/>\n<meta property=\"og:url\" content=\"https:\/\/www.coatresa.com\/de\/chemours-tefzel-beschichtung\/\" \/>\n<meta property=\"og:site_name\" content=\"Coatresa\" \/>\n<meta property=\"article:publisher\" content=\"https:\/\/www.facebook.com\/Coatresa\/\" \/>\n<meta property=\"article:modified_time\" content=\"2020-01-17T15:03:44+00:00\" \/>\n<meta property=\"og:image\" content=\"https:\/\/www.coatresa.com\/wp-content\/uploads\/2018\/07\/recubrimientos-dupont-chemours-tefzel.png\" \/>\n\t<meta property=\"og:image:width\" content=\"197\" \/>\n\t<meta property=\"og:image:height\" content=\"197\" \/>\n\t<meta property=\"og:image:type\" content=\"image\/png\" \/>\n<meta name=\"twitter:card\" content=\"summary_large_image\" \/>\n<meta name=\"twitter:site\" content=\"@Coatresa\" \/>\n<meta name=\"twitter:label1\" content=\"Gesch\u00e4tzte Lesezeit\" \/>\n\t<meta name=\"twitter:data1\" content=\"1\u00a0Minute\" \/>\n<script type=\"application\/ld+json\" class=\"yoast-schema-graph\">{\"@context\":\"https:\\\/\\\/schema.org\",\"@graph\":[{\"@type\":\"WebPage\",\"@id\":\"https:\\\/\\\/www.coatresa.com\\\/de\\\/chemours-tefzel-beschichtung\\\/\",\"url\":\"https:\\\/\\\/www.coatresa.com\\\/de\\\/chemours-tefzel-beschichtung\\\/\",\"name\":\"Tefzel beschichtung - Coatresa\",\"isPartOf\":{\"@id\":\"https:\\\/\\\/www.coatresa.com\\\/de\\\/#website\"},\"primaryImageOfPage\":{\"@id\":\"https:\\\/\\\/www.coatresa.com\\\/de\\\/chemours-tefzel-beschichtung\\\/#primaryimage\"},\"image\":{\"@id\":\"https:\\\/\\\/www.coatresa.com\\\/de\\\/chemours-tefzel-beschichtung\\\/#primaryimage\"},\"thumbnailUrl\":\"https:\\\/\\\/www.coatresa.com\\\/wp-content\\\/uploads\\\/2018\\\/07\\\/recubrimientos-dupont-chemours-tefzel.png\",\"datePublished\":\"2019-07-12T08:08:17+00:00\",\"dateModified\":\"2020-01-17T15:03:44+00:00\",\"description\":\"Tefzel Beschichtung von Chemours: ETFE Fluorkunststoff mit au\u00dfergew\u00f6hnlicher chemischer Best\u00e4ndigkeit. Ethylen-Tetrafluorethylen mit Strahlungsbest\u00e4ndigkeit\",\"breadcrumb\":{\"@id\":\"https:\\\/\\\/www.coatresa.com\\\/de\\\/chemours-tefzel-beschichtung\\\/#breadcrumb\"},\"inLanguage\":\"de\",\"potentialAction\":[{\"@type\":\"ReadAction\",\"target\":[\"https:\\\/\\\/www.coatresa.com\\\/de\\\/chemours-tefzel-beschichtung\\\/\"]}]},{\"@type\":\"ImageObject\",\"inLanguage\":\"de\",\"@id\":\"https:\\\/\\\/www.coatresa.com\\\/de\\\/chemours-tefzel-beschichtung\\\/#primaryimage\",\"url\":\"https:\\\/\\\/www.coatresa.com\\\/wp-content\\\/uploads\\\/2018\\\/07\\\/recubrimientos-dupont-chemours-tefzel.png\",\"contentUrl\":\"https:\\\/\\\/www.coatresa.com\\\/wp-content\\\/uploads\\\/2018\\\/07\\\/recubrimientos-dupont-chemours-tefzel.png\",\"width\":197,\"height\":197,\"caption\":\"recubrimientos Dupont Chemours Tefzel\"},{\"@type\":\"BreadcrumbList\",\"@id\":\"https:\\\/\\\/www.coatresa.com\\\/de\\\/chemours-tefzel-beschichtung\\\/#breadcrumb\",\"itemListElement\":[{\"@type\":\"ListItem\",\"position\":1,\"name\":\"Portada\",\"item\":\"https:\\\/\\\/www.coatresa.com\\\/de\\\/\"},{\"@type\":\"ListItem\",\"position\":2,\"name\":\"Tefzel beschichtung\"}]},{\"@type\":\"WebSite\",\"@id\":\"https:\\\/\\\/www.coatresa.com\\\/de\\\/#website\",\"url\":\"https:\\\/\\\/www.coatresa.com\\\/de\\\/\",\"name\":\"Coatresa\",\"description\":\"Aplicaci\u00f3n de recubrimientos antiadherentes y anticorrosivos como el Teflon. Expertos del Powder Coating\",\"publisher\":{\"@id\":\"https:\\\/\\\/www.coatresa.com\\\/de\\\/#organization\"},\"potentialAction\":[{\"@type\":\"SearchAction\",\"target\":{\"@type\":\"EntryPoint\",\"urlTemplate\":\"https:\\\/\\\/www.coatresa.com\\\/de\\\/?s={search_term_string}\"},\"query-input\":{\"@type\":\"PropertyValueSpecification\",\"valueRequired\":true,\"valueName\":\"search_term_string\"}}],\"inLanguage\":\"de\"},{\"@type\":\"Organization\",\"@id\":\"https:\\\/\\\/www.coatresa.com\\\/de\\\/#organization\",\"name\":\"Coatresa\",\"url\":\"https:\\\/\\\/www.coatresa.com\\\/de\\\/\",\"logo\":{\"@type\":\"ImageObject\",\"inLanguage\":\"de\",\"@id\":\"https:\\\/\\\/www.coatresa.com\\\/de\\\/#\\\/schema\\\/logo\\\/image\\\/\",\"url\":\"https:\\\/\\\/www.coatresa.com\\\/wp-content\\\/uploads\\\/2022\\\/07\\\/A_blava_mitja_transp.png\",\"contentUrl\":\"https:\\\/\\\/www.coatresa.com\\\/wp-content\\\/uploads\\\/2022\\\/07\\\/A_blava_mitja_transp.png\",\"width\":340,\"height\":326,\"caption\":\"Coatresa\"},\"image\":{\"@id\":\"https:\\\/\\\/www.coatresa.com\\\/de\\\/#\\\/schema\\\/logo\\\/image\\\/\"},\"sameAs\":[\"https:\\\/\\\/www.facebook.com\\\/Coatresa\\\/\",\"https:\\\/\\\/x.com\\\/Coatresa\",\"https:\\\/\\\/www.linkedin.com\\\/company\\\/coatresa\\\/\",\"https:\\\/\\\/www.youtube.com\\\/user\\\/CoatresaCoatings\"]}]}<\/script>\n<!-- \/ Yoast SEO plugin. -->","yoast_head_json":{"title":"Tefzel beschichtung - Coatresa","description":"Tefzel Beschichtung von Chemours: ETFE Fluorkunststoff mit au\u00dfergew\u00f6hnlicher chemischer Best\u00e4ndigkeit. Ethylen-Tetrafluorethylen mit Strahlungsbest\u00e4ndigkeit","robots":{"index":"index","follow":"follow","max-snippet":"max-snippet:-1","max-image-preview":"max-image-preview:large","max-video-preview":"max-video-preview:-1"},"canonical":"https:\/\/www.coatresa.com\/de\/chemours-tefzel-beschichtung\/","og_locale":"de_DE","og_type":"article","og_title":"Tefzel beschichtung - Coatresa","og_description":"Tefzel Beschichtung von Chemours: ETFE Fluorkunststoff mit au\u00dfergew\u00f6hnlicher chemischer Best\u00e4ndigkeit. Ethylen-Tetrafluorethylen mit Strahlungsbest\u00e4ndigkeit","og_url":"https:\/\/www.coatresa.com\/de\/chemours-tefzel-beschichtung\/","og_site_name":"Coatresa","article_publisher":"https:\/\/www.facebook.com\/Coatresa\/","article_modified_time":"2020-01-17T15:03:44+00:00","og_image":[{"width":197,"height":197,"url":"https:\/\/www.coatresa.com\/wp-content\/uploads\/2018\/07\/recubrimientos-dupont-chemours-tefzel.png","type":"image\/png"}],"twitter_card":"summary_large_image","twitter_site":"@Coatresa","twitter_misc":{"Gesch\u00e4tzte Lesezeit":"1\u00a0Minute"},"schema":{"@context":"https:\/\/schema.org","@graph":[{"@type":"WebPage","@id":"https:\/\/www.coatresa.com\/de\/chemours-tefzel-beschichtung\/","url":"https:\/\/www.coatresa.com\/de\/chemours-tefzel-beschichtung\/","name":"Tefzel beschichtung - Coatresa","isPartOf":{"@id":"https:\/\/www.coatresa.com\/de\/#website"},"primaryImageOfPage":{"@id":"https:\/\/www.coatresa.com\/de\/chemours-tefzel-beschichtung\/#primaryimage"},"image":{"@id":"https:\/\/www.coatresa.com\/de\/chemours-tefzel-beschichtung\/#primaryimage"},"thumbnailUrl":"https:\/\/www.coatresa.com\/wp-content\/uploads\/2018\/07\/recubrimientos-dupont-chemours-tefzel.png","datePublished":"2019-07-12T08:08:17+00:00","dateModified":"2020-01-17T15:03:44+00:00","description":"Tefzel Beschichtung von Chemours: ETFE Fluorkunststoff mit au\u00dfergew\u00f6hnlicher chemischer Best\u00e4ndigkeit. Ethylen-Tetrafluorethylen mit Strahlungsbest\u00e4ndigkeit","breadcrumb":{"@id":"https:\/\/www.coatresa.com\/de\/chemours-tefzel-beschichtung\/#breadcrumb"},"inLanguage":"de","potentialAction":[{"@type":"ReadAction","target":["https:\/\/www.coatresa.com\/de\/chemours-tefzel-beschichtung\/"]}]},{"@type":"ImageObject","inLanguage":"de","@id":"https:\/\/www.coatresa.com\/de\/chemours-tefzel-beschichtung\/#primaryimage","url":"https:\/\/www.coatresa.com\/wp-content\/uploads\/2018\/07\/recubrimientos-dupont-chemours-tefzel.png","contentUrl":"https:\/\/www.coatresa.com\/wp-content\/uploads\/2018\/07\/recubrimientos-dupont-chemours-tefzel.png","width":197,"height":197,"caption":"recubrimientos Dupont Chemours Tefzel"},{"@type":"BreadcrumbList","@id":"https:\/\/www.coatresa.com\/de\/chemours-tefzel-beschichtung\/#breadcrumb","itemListElement":[{"@type":"ListItem","position":1,"name":"Portada","item":"https:\/\/www.coatresa.com\/de\/"},{"@type":"ListItem","position":2,"name":"Tefzel beschichtung"}]},{"@type":"WebSite","@id":"https:\/\/www.coatresa.com\/de\/#website","url":"https:\/\/www.coatresa.com\/de\/","name":"Coatresa","description":"Aplicaci\u00f3n de recubrimientos antiadherentes y anticorrosivos como el Teflon. Expertos del Powder Coating","publisher":{"@id":"https:\/\/www.coatresa.com\/de\/#organization"},"potentialAction":[{"@type":"SearchAction","target":{"@type":"EntryPoint","urlTemplate":"https:\/\/www.coatresa.com\/de\/?s={search_term_string}"},"query-input":{"@type":"PropertyValueSpecification","valueRequired":true,"valueName":"search_term_string"}}],"inLanguage":"de"},{"@type":"Organization","@id":"https:\/\/www.coatresa.com\/de\/#organization","name":"Coatresa","url":"https:\/\/www.coatresa.com\/de\/","logo":{"@type":"ImageObject","inLanguage":"de","@id":"https:\/\/www.coatresa.com\/de\/#\/schema\/logo\/image\/","url":"https:\/\/www.coatresa.com\/wp-content\/uploads\/2022\/07\/A_blava_mitja_transp.png","contentUrl":"https:\/\/www.coatresa.com\/wp-content\/uploads\/2022\/07\/A_blava_mitja_transp.png","width":340,"height":326,"caption":"Coatresa"},"image":{"@id":"https:\/\/www.coatresa.com\/de\/#\/schema\/logo\/image\/"},"sameAs":["https:\/\/www.facebook.com\/Coatresa\/","https:\/\/x.com\/Coatresa","https:\/\/www.linkedin.com\/company\/coatresa\/","https:\/\/www.youtube.com\/user\/CoatresaCoatings"]}]}},"_links":{"self":[{"href":"https:\/\/www.coatresa.com\/de\/wp-json\/wp\/v2\/pages\/17933","targetHints":{"allow":["GET"]}}],"collection":[{"href":"https:\/\/www.coatresa.com\/de\/wp-json\/wp\/v2\/pages"}],"about":[{"href":"https:\/\/www.coatresa.com\/de\/wp-json\/wp\/v2\/types\/page"}],"author":[{"embeddable":true,"href":"https:\/\/www.coatresa.com\/de\/wp-json\/wp\/v2\/users\/1"}],"replies":[{"embeddable":true,"href":"https:\/\/www.coatresa.com\/de\/wp-json\/wp\/v2\/comments?post=17933"}],"version-history":[{"count":0,"href":"https:\/\/www.coatresa.com\/de\/wp-json\/wp\/v2\/pages\/17933\/revisions"}],"wp:featuredmedia":[{"embeddable":true,"href":"https:\/\/www.coatresa.com\/de\/wp-json\/wp\/v2\/media\/7770"}],"wp:attachment":[{"href":"https:\/\/www.coatresa.com\/de\/wp-json\/wp\/v2\/media?parent=17933"}],"curies":[{"name":"wp","href":"https:\/\/api.w.org\/{rel}","templated":true}]}}