{"id":19458,"date":"2019-07-12T10:07:07","date_gmt":"2019-07-12T08:07:07","guid":{"rendered":"https:\/\/www.coatresa.com\/recubrimiento-3m-scotchcast\/"},"modified":"2020-04-14T11:36:56","modified_gmt":"2020-04-14T09:36:56","slug":"3m-scotchcast-beschichtung","status":"publish","type":"page","link":"https:\/\/www.coatresa.com\/de\/3m-scotchcast-beschichtung\/","title":{"rendered":"Scotchcast Beschichtung"},"content":{"rendered":"<div id=\"pl-19458\"  class=\"panel-layout\" ><div id=\"pg-19458-0\"  class=\"panel-grid panel-has-style\" ><div style=\"padding: 0px 0; \" data-overlay=\"true\" data-overlay-color=\"#000000\" class=\"panel-row-style panel-row-style-for-19458-0\" ><div id=\"pgc-19458-0-0\"  class=\"panel-grid-cell\" ><div id=\"panel-19458-0-0-0\" class=\"so-panel widget_sow-image panel-first-child panel-last-child\" data-index=\"0\" ><div style=\"text-align: left;\" data-title-color=\"#47425d\" data-headings-color=\"#443f3f\" data-title_alignment=\"center\" class=\"panel-widget-style panel-widget-style-for-19458-0-0-0\" ><div\n\t\t\t\n\t\t\tclass=\"so-widget-sow-image so-widget-sow-image-default-c67d20f9f743-19458\"\n\t\t\t\n\t\t>\n<div class=\"sow-image-container\">\n\t\t<img \n\tsrc=\"https:\/\/www.coatresa.com\/wp-content\/uploads\/2019\/07\/recubrimientos-3m-scotchcast.png\" width=\"197\" height=\"197\" srcset=\"https:\/\/www.coatresa.com\/wp-content\/uploads\/2019\/07\/recubrimientos-3m-scotchcast.png 197w, https:\/\/www.coatresa.com\/wp-content\/uploads\/2019\/07\/recubrimientos-3m-scotchcast-150x150.png 150w\" sizes=\"(max-width: 197px) 100vw, 197px\" title=\"recubrimientos 3M Scotchcast\" alt=\"recubrimientos 3M Scotchcast\" \t\tclass=\"so-widget-image\"\/>\n\t<\/div>\n\n<\/div><\/div><\/div><\/div><div id=\"pgc-19458-0-1\"  class=\"panel-grid-cell\" ><div id=\"panel-19458-0-1-0\" class=\"so-panel widget_sow-editor panel-first-child panel-last-child\" data-index=\"1\" ><div style=\"text-align: left;\" data-title-color=\"#47425d\" data-headings-color=\"#000000\" data-title_alignment=\"center\" class=\"panel-widget-style panel-widget-style-for-19458-0-1-0\" ><div\n\t\t\t\n\t\t\tclass=\"so-widget-sow-editor so-widget-sow-editor-base\"\n\t\t\t\n\t\t>\n<div class=\"siteorigin-widget-tinymce textwidget\">\n\t<h1 style=\"text-align: left;\">Scotchcast \u2122 Beschichtung<\/h1>\n<hr align=\"left\" \/>\n<p style=\"text-align: justify;\"><strong>Scotchcast<\/strong>\u2122-Elektroharz von 3M ist ein weit verbreitetes und bekanntes Produkt, ein universelles, schnell h\u00e4rtendes Epoxidharz, das entwickelt wurde, um eine kontinuierliche dielektrische, feuchtigkeitsbest\u00e4ndige und chemikalienbest\u00e4ndige Beschichtung f\u00fcr eine Vielzahl von Tr\u00e4germaterialien bereitzustellen. Die Beschichtung Scotchcast\u2122 ist ein Pulverharz zur Beschichtung von ebenen Oberfl\u00e4chen, Ecken und komplizierten Geometrien, das durch elektrostatisches Spritzen, Wirbelschichttauchverfahren und Venturispritzen angewendet werden kann.<\/p>\n<p style=\"text-align: justify;\">Die Komponenten, die mit Scotchcast\u2122 beschichtet sind, sind:<\/p>\n<ul>\n<li>Statoren<\/li>\n<li>Verteilerschienen<\/li>\n<li>Elektrische Komponenten<\/li>\n<\/ul>\n<p>Zertifiziert nach UL, zugelassen nach EIS und RoHS 2011\/65 \/ EU-konform.<\/p>\n<\/div>\n<\/div><\/div><\/div><\/div><\/div><\/div><div id=\"pg-19458-1\"  class=\"panel-grid panel-has-style\" ><div class=\"FRANJA-BLAVA-TITOL siteorigin-panels-stretch panel-row-style panel-row-style-for-19458-1\" style=\"padding: 0px 0; \" data-stretch-type=\"full\" data-overlay=\"true\" data-overlay-color=\"#000000\" ><div id=\"pgc-19458-1-0\"  class=\"panel-grid-cell\" ><div id=\"panel-19458-1-0-0\" class=\"so-panel widget_sow-editor panel-first-child panel-last-child\" data-index=\"2\" ><div class=\"blanc panel-widget-style panel-widget-style-for-19458-1-0-0\" style=\"text-align: left;\" data-title-color=\"#47425d\" data-headings-color=\"#443f3f\" data-title_alignment=\"center\" ><div\n\t\t\t\n\t\t\tclass=\"so-widget-sow-editor so-widget-sow-editor-base\"\n\t\t\t\n\t\t>\n<div class=\"siteorigin-widget-tinymce textwidget\">\n\t<h2 style=\"text-align: center;\">Eigenschaften der Scotchcast\u2122-Beschichtung<\/h2>\n<\/div>\n<\/div><\/div><\/div><\/div><\/div><\/div><div id=\"pg-19458-2\"  class=\"panel-grid panel-has-style\" ><div class=\"BGC-GRIS siteorigin-panels-stretch panel-row-style panel-row-style-for-19458-2\" style=\"padding: 50px 0; \" data-stretch-type=\"full\" data-overlay=\"true\" data-overlay-color=\"#000000\" ><div id=\"pgc-19458-2-0\"  class=\"panel-grid-cell\" ><div id=\"panel-19458-2-0-0\" class=\"so-panel widget_sow-editor panel-first-child\" data-index=\"3\" ><div style=\"text-align: left;\" data-title-color=\"#47425d\" data-headings-color=\"#443f3f\" data-title_alignment=\"center\" class=\"panel-widget-style panel-widget-style-for-19458-2-0-0\" ><div\n\t\t\t\n\t\t\tclass=\"so-widget-sow-editor so-widget-sow-editor-base\"\n\t\t\t\n\t\t>\n<div class=\"siteorigin-widget-tinymce textwidget\">\n\t<p style=\"text-align: justify;\">Dieses universell einsetzbare Pulverharz auf Epoxidbasis hat eine sehr niedrige Viskosit\u00e4tseigenschaft, die die Infusion auf jeder Oberfl\u00e4che erleichtert. Das Harz schmilzt beim Erw\u00e4rmen, flie\u00dft kontrolliert und h\u00e4rtet dann aus und haftet als gleichm\u00e4\u00dfige Beschichtung auf der Oberfl\u00e4che.<\/p>\n<p class=\"TEXTOS-DESTACATS\" style=\"text-align: center;\">Die Haupteigenschaften der Scotchcast\u2122-Produkte sind:<\/p>\n<\/div>\n<\/div><\/div><\/div><div id=\"panel-19458-2-0-1\" class=\"so-panel widget_sow-editor panel-last-child\" data-index=\"4\" ><div style=\"text-align: left;\" data-title-color=\"#47425d\" data-headings-color=\"#443f3f\" data-title_alignment=\"center\" class=\"panel-widget-style panel-widget-style-for-19458-2-0-1\" ><div\n\t\t\t\n\t\t\tclass=\"so-widget-sow-editor so-widget-sow-editor-base\"\n\t\t\t\n\t\t>\n<div class=\"siteorigin-widget-tinymce textwidget\">\n\t<ul class=\"LLISTA-SUBRATLLADA\">\n<li>Schnelle Aush\u00e4rtung<\/li>\n<li>Niedriger Gelpunkt durch niedrige Viskosit\u00e4t<\/li>\n<li>Hervorragende elektrische Eigenschaften<\/li>\n<li>Hervorragende Temperaturwechselbest\u00e4ndigkeit, temperaturbest\u00e4ndig bis 180\u00baC<\/li>\n<li>Hervorragende Sto\u00dffestigkeit<\/li>\n<li>Hervorragende Best\u00e4ndigkeit gegen Hitze, Chemie und Feuchtigkeit<\/li>\n<li>Gute Schnittfestigkeit<\/li>\n<li>Ausgezeichneter Durchfluss<\/li>\n<\/ul>\n<\/div>\n<\/div><\/div><\/div><\/div><\/div><\/div><div id=\"pg-19458-3\"  class=\"panel-grid panel-has-style\" ><div class=\"siteorigin-panels-stretch panel-row-style panel-row-style-for-19458-3\" style=\"padding: 50px 0; \" data-stretch-type=\"full\" data-overlay=\"true\" data-overlay-color=\"#000000\" ><div id=\"pgc-19458-3-0\"  class=\"panel-grid-cell\" ><div id=\"panel-19458-3-0-0\" class=\"so-panel widget_sow-editor panel-first-child\" data-index=\"5\" ><div style=\"text-align: left;\" data-title-color=\"#47425d\" data-headings-color=\"#443f3f\" data-title_alignment=\"center\" class=\"panel-widget-style panel-widget-style-for-19458-3-0-0\" ><div\n\t\t\t\n\t\t\tclass=\"so-widget-sow-editor so-widget-sow-editor-base\"\n\t\t\t\n\t\t>\n<div class=\"siteorigin-widget-tinymce textwidget\">\n\t<h2 class=\"BLAU-FOSC\" style=\"text-align: center;\">Scotchcast\u2122 Referenzen<\/h2>\n<\/div>\n<\/div><\/div><\/div><div id=\"panel-19458-3-0-1\" class=\"so-panel widget_siteorigin-panels-builder panel-last-child\" data-index=\"6\" ><div style=\"text-align: left;\" data-title-color=\"#47425d\" data-headings-color=\"#443f3f\" data-title_alignment=\"center\" class=\"panel-widget-style panel-widget-style-for-19458-3-0-1\" ><div id=\"pl-w5d2713f752a95\"  class=\"panel-layout\" ><div id=\"pg-w5d2713f752a95-0\"  class=\"panel-grid panel-has-style\" ><div style=\"padding: 40px 0; \" data-overlay=\"true\" data-overlay-color=\"#000000\" class=\"panel-row-style panel-row-style-for-w5d2713f752a95-0\" ><div id=\"pgc-w5d2713f752a95-0-0\"  class=\"panel-grid-cell\" ><div id=\"panel-w5d2713f752a95-0-0-0\" class=\"so-panel widget_sow-editor panel-first-child panel-last-child\" data-index=\"0\" ><div style=\"text-align: left;\" data-title-color=\"#47425d\" data-headings-color=\"#443f3f\" data-title_alignment=\"center\" class=\"panel-widget-style panel-widget-style-for-w5d2713f752a95-0-0-0\" ><div\n\t\t\t\n\t\t\tclass=\"so-widget-sow-editor so-widget-sow-editor-base\"\n\t\t\t\n\t\t>\n<div class=\"siteorigin-widget-tinymce textwidget\">\n\t<p style=\"text-align: center;\"><b>Electrical Resin 260<\/b><br \/>\n<b>Electrical Resin 262<\/b><br \/>\n<b>Electrical Resin 265<\/b><br \/>\n<b>Electrical Resin 281<\/b><br \/>\n<b>Electrical Resin 2123<\/b><br \/>\n<b>Electrical Resin 2131<\/b><\/p>\n<\/div>\n<\/div><\/div><\/div><\/div><div id=\"pgc-w5d2713f752a95-0-1\"  class=\"panel-grid-cell\" ><div id=\"panel-w5d2713f752a95-0-1-0\" class=\"so-panel widget_sow-editor panel-first-child panel-last-child\" data-index=\"1\" ><div style=\"text-align: left;\" data-title-color=\"#47425d\" data-headings-color=\"#443f3f\" data-title_alignment=\"center\" class=\"panel-widget-style panel-widget-style-for-w5d2713f752a95-0-1-0\" ><div\n\t\t\t\n\t\t\tclass=\"so-widget-sow-editor so-widget-sow-editor-base\"\n\t\t\t\n\t\t>\n<div class=\"siteorigin-widget-tinymce textwidget\">\n\t<p style=\"text-align: center;\"><b>Electrical Resin 2140<\/b><br \/>\n<b>Electrical Resin 5133<\/b><br \/>\n<b>Electrical Resin 5136N<\/b><br \/>\n<b>Electrical Resin 5230N<\/b><br \/>\n<b>Electrical Resin 5400<\/b><br \/>\n<b>Electrical Resin 5555<\/b><\/p>\n<\/div>\n<\/div><\/div><\/div><\/div><\/div><\/div><\/div><\/div><\/div><\/div><\/div><\/div><\/div>","protected":false},"excerpt":{"rendered":"<p>Scotchcast \u2122 Beschichtung Scotchcast\u2122-Elektroharz von 3M ist ein weit verbreitetes und bekanntes Produkt, ein universelles, schnell h\u00e4rtendes Epoxidharz, das entwickelt wurde, um [&hellip;]<\/p>\n","protected":false},"author":1,"featured_media":15106,"parent":0,"menu_order":0,"comment_status":"closed","ping_status":"closed","template":"page-templates\/page_fullwidth.php","meta":{"footnotes":""},"class_list":["post-19458","page","type-page","status-publish","has-post-thumbnail","hentry"],"yoast_head":"<!-- This site is optimized with the Yoast SEO plugin v27.3 - https:\/\/yoast.com\/product\/yoast-seo-wordpress\/ -->\n<title>Scotchcast Beschichtung - Coatresa<\/title>\n<meta name=\"description\" content=\"Scotchcast-Beschichtung von 3M: Epoxidharzpulver, das gegen Feuchtigkeit und Hitze best\u00e4ndig ist. Chemikalien-, Schnitt- und Schlagfestigkeit.\" \/>\n<meta name=\"robots\" content=\"index, follow, max-snippet:-1, max-image-preview:large, max-video-preview:-1\" \/>\n<link rel=\"canonical\" href=\"https:\/\/www.coatresa.com\/de\/3m-scotchcast-beschichtung\/\" \/>\n<meta property=\"og:locale\" content=\"de_DE\" \/>\n<meta property=\"og:type\" content=\"article\" \/>\n<meta property=\"og:title\" content=\"Scotchcast Beschichtung - Coatresa\" \/>\n<meta property=\"og:description\" content=\"Scotchcast-Beschichtung von 3M: Epoxidharzpulver, das gegen Feuchtigkeit und Hitze best\u00e4ndig ist. Chemikalien-, Schnitt- und Schlagfestigkeit.\" \/>\n<meta property=\"og:url\" content=\"https:\/\/www.coatresa.com\/de\/3m-scotchcast-beschichtung\/\" \/>\n<meta property=\"og:site_name\" content=\"Coatresa\" \/>\n<meta property=\"article:publisher\" content=\"https:\/\/www.facebook.com\/Coatresa\/\" \/>\n<meta property=\"article:modified_time\" content=\"2020-04-14T09:36:56+00:00\" \/>\n<meta property=\"og:image\" content=\"https:\/\/www.coatresa.com\/wp-content\/uploads\/2019\/07\/recubrimientos-3m-scotchcast.png\" \/>\n\t<meta property=\"og:image:width\" content=\"197\" \/>\n\t<meta property=\"og:image:height\" content=\"197\" \/>\n\t<meta property=\"og:image:type\" content=\"image\/png\" \/>\n<meta name=\"twitter:card\" content=\"summary_large_image\" \/>\n<meta name=\"twitter:site\" content=\"@Coatresa\" \/>\n<meta name=\"twitter:label1\" content=\"Gesch\u00e4tzte Lesezeit\" \/>\n\t<meta name=\"twitter:data1\" content=\"1\u00a0Minute\" \/>\n<script type=\"application\/ld+json\" class=\"yoast-schema-graph\">{\"@context\":\"https:\\\/\\\/schema.org\",\"@graph\":[{\"@type\":\"WebPage\",\"@id\":\"https:\\\/\\\/www.coatresa.com\\\/de\\\/3m-scotchcast-beschichtung\\\/\",\"url\":\"https:\\\/\\\/www.coatresa.com\\\/de\\\/3m-scotchcast-beschichtung\\\/\",\"name\":\"Scotchcast Beschichtung - Coatresa\",\"isPartOf\":{\"@id\":\"https:\\\/\\\/www.coatresa.com\\\/de\\\/#website\"},\"primaryImageOfPage\":{\"@id\":\"https:\\\/\\\/www.coatresa.com\\\/de\\\/3m-scotchcast-beschichtung\\\/#primaryimage\"},\"image\":{\"@id\":\"https:\\\/\\\/www.coatresa.com\\\/de\\\/3m-scotchcast-beschichtung\\\/#primaryimage\"},\"thumbnailUrl\":\"https:\\\/\\\/www.coatresa.com\\\/wp-content\\\/uploads\\\/2019\\\/07\\\/recubrimientos-3m-scotchcast.png\",\"datePublished\":\"2019-07-12T08:07:07+00:00\",\"dateModified\":\"2020-04-14T09:36:56+00:00\",\"description\":\"Scotchcast-Beschichtung von 3M: Epoxidharzpulver, das gegen Feuchtigkeit und Hitze best\u00e4ndig ist. Chemikalien-, Schnitt- und Schlagfestigkeit.\",\"breadcrumb\":{\"@id\":\"https:\\\/\\\/www.coatresa.com\\\/de\\\/3m-scotchcast-beschichtung\\\/#breadcrumb\"},\"inLanguage\":\"de\",\"potentialAction\":[{\"@type\":\"ReadAction\",\"target\":[\"https:\\\/\\\/www.coatresa.com\\\/de\\\/3m-scotchcast-beschichtung\\\/\"]}]},{\"@type\":\"ImageObject\",\"inLanguage\":\"de\",\"@id\":\"https:\\\/\\\/www.coatresa.com\\\/de\\\/3m-scotchcast-beschichtung\\\/#primaryimage\",\"url\":\"https:\\\/\\\/www.coatresa.com\\\/wp-content\\\/uploads\\\/2019\\\/07\\\/recubrimientos-3m-scotchcast.png\",\"contentUrl\":\"https:\\\/\\\/www.coatresa.com\\\/wp-content\\\/uploads\\\/2019\\\/07\\\/recubrimientos-3m-scotchcast.png\",\"width\":197,\"height\":197,\"caption\":\"3M Scotchcast beschichtungen\"},{\"@type\":\"BreadcrumbList\",\"@id\":\"https:\\\/\\\/www.coatresa.com\\\/de\\\/3m-scotchcast-beschichtung\\\/#breadcrumb\",\"itemListElement\":[{\"@type\":\"ListItem\",\"position\":1,\"name\":\"Portada\",\"item\":\"https:\\\/\\\/www.coatresa.com\\\/de\\\/\"},{\"@type\":\"ListItem\",\"position\":2,\"name\":\"Scotchcast Beschichtung\"}]},{\"@type\":\"WebSite\",\"@id\":\"https:\\\/\\\/www.coatresa.com\\\/de\\\/#website\",\"url\":\"https:\\\/\\\/www.coatresa.com\\\/de\\\/\",\"name\":\"Coatresa\",\"description\":\"Aplicaci\u00f3n de recubrimientos antiadherentes y anticorrosivos como el Teflon. Expertos del Powder Coating\",\"publisher\":{\"@id\":\"https:\\\/\\\/www.coatresa.com\\\/de\\\/#organization\"},\"potentialAction\":[{\"@type\":\"SearchAction\",\"target\":{\"@type\":\"EntryPoint\",\"urlTemplate\":\"https:\\\/\\\/www.coatresa.com\\\/de\\\/?s={search_term_string}\"},\"query-input\":{\"@type\":\"PropertyValueSpecification\",\"valueRequired\":true,\"valueName\":\"search_term_string\"}}],\"inLanguage\":\"de\"},{\"@type\":\"Organization\",\"@id\":\"https:\\\/\\\/www.coatresa.com\\\/de\\\/#organization\",\"name\":\"Coatresa\",\"url\":\"https:\\\/\\\/www.coatresa.com\\\/de\\\/\",\"logo\":{\"@type\":\"ImageObject\",\"inLanguage\":\"de\",\"@id\":\"https:\\\/\\\/www.coatresa.com\\\/de\\\/#\\\/schema\\\/logo\\\/image\\\/\",\"url\":\"https:\\\/\\\/www.coatresa.com\\\/wp-content\\\/uploads\\\/2022\\\/07\\\/A_blava_mitja_transp.png\",\"contentUrl\":\"https:\\\/\\\/www.coatresa.com\\\/wp-content\\\/uploads\\\/2022\\\/07\\\/A_blava_mitja_transp.png\",\"width\":340,\"height\":326,\"caption\":\"Coatresa\"},\"image\":{\"@id\":\"https:\\\/\\\/www.coatresa.com\\\/de\\\/#\\\/schema\\\/logo\\\/image\\\/\"},\"sameAs\":[\"https:\\\/\\\/www.facebook.com\\\/Coatresa\\\/\",\"https:\\\/\\\/x.com\\\/Coatresa\",\"https:\\\/\\\/www.linkedin.com\\\/company\\\/coatresa\\\/\",\"https:\\\/\\\/www.youtube.com\\\/user\\\/CoatresaCoatings\"]}]}<\/script>\n<!-- \/ Yoast SEO plugin. -->","yoast_head_json":{"title":"Scotchcast Beschichtung - Coatresa","description":"Scotchcast-Beschichtung von 3M: Epoxidharzpulver, das gegen Feuchtigkeit und Hitze best\u00e4ndig ist. Chemikalien-, Schnitt- und Schlagfestigkeit.","robots":{"index":"index","follow":"follow","max-snippet":"max-snippet:-1","max-image-preview":"max-image-preview:large","max-video-preview":"max-video-preview:-1"},"canonical":"https:\/\/www.coatresa.com\/de\/3m-scotchcast-beschichtung\/","og_locale":"de_DE","og_type":"article","og_title":"Scotchcast Beschichtung - Coatresa","og_description":"Scotchcast-Beschichtung von 3M: Epoxidharzpulver, das gegen Feuchtigkeit und Hitze best\u00e4ndig ist. Chemikalien-, Schnitt- und Schlagfestigkeit.","og_url":"https:\/\/www.coatresa.com\/de\/3m-scotchcast-beschichtung\/","og_site_name":"Coatresa","article_publisher":"https:\/\/www.facebook.com\/Coatresa\/","article_modified_time":"2020-04-14T09:36:56+00:00","og_image":[{"width":197,"height":197,"url":"https:\/\/www.coatresa.com\/wp-content\/uploads\/2019\/07\/recubrimientos-3m-scotchcast.png","type":"image\/png"}],"twitter_card":"summary_large_image","twitter_site":"@Coatresa","twitter_misc":{"Gesch\u00e4tzte Lesezeit":"1\u00a0Minute"},"schema":{"@context":"https:\/\/schema.org","@graph":[{"@type":"WebPage","@id":"https:\/\/www.coatresa.com\/de\/3m-scotchcast-beschichtung\/","url":"https:\/\/www.coatresa.com\/de\/3m-scotchcast-beschichtung\/","name":"Scotchcast Beschichtung - Coatresa","isPartOf":{"@id":"https:\/\/www.coatresa.com\/de\/#website"},"primaryImageOfPage":{"@id":"https:\/\/www.coatresa.com\/de\/3m-scotchcast-beschichtung\/#primaryimage"},"image":{"@id":"https:\/\/www.coatresa.com\/de\/3m-scotchcast-beschichtung\/#primaryimage"},"thumbnailUrl":"https:\/\/www.coatresa.com\/wp-content\/uploads\/2019\/07\/recubrimientos-3m-scotchcast.png","datePublished":"2019-07-12T08:07:07+00:00","dateModified":"2020-04-14T09:36:56+00:00","description":"Scotchcast-Beschichtung von 3M: Epoxidharzpulver, das gegen Feuchtigkeit und Hitze best\u00e4ndig ist. Chemikalien-, Schnitt- und Schlagfestigkeit.","breadcrumb":{"@id":"https:\/\/www.coatresa.com\/de\/3m-scotchcast-beschichtung\/#breadcrumb"},"inLanguage":"de","potentialAction":[{"@type":"ReadAction","target":["https:\/\/www.coatresa.com\/de\/3m-scotchcast-beschichtung\/"]}]},{"@type":"ImageObject","inLanguage":"de","@id":"https:\/\/www.coatresa.com\/de\/3m-scotchcast-beschichtung\/#primaryimage","url":"https:\/\/www.coatresa.com\/wp-content\/uploads\/2019\/07\/recubrimientos-3m-scotchcast.png","contentUrl":"https:\/\/www.coatresa.com\/wp-content\/uploads\/2019\/07\/recubrimientos-3m-scotchcast.png","width":197,"height":197,"caption":"3M Scotchcast beschichtungen"},{"@type":"BreadcrumbList","@id":"https:\/\/www.coatresa.com\/de\/3m-scotchcast-beschichtung\/#breadcrumb","itemListElement":[{"@type":"ListItem","position":1,"name":"Portada","item":"https:\/\/www.coatresa.com\/de\/"},{"@type":"ListItem","position":2,"name":"Scotchcast Beschichtung"}]},{"@type":"WebSite","@id":"https:\/\/www.coatresa.com\/de\/#website","url":"https:\/\/www.coatresa.com\/de\/","name":"Coatresa","description":"Aplicaci\u00f3n de recubrimientos antiadherentes y anticorrosivos como el Teflon. Expertos del Powder Coating","publisher":{"@id":"https:\/\/www.coatresa.com\/de\/#organization"},"potentialAction":[{"@type":"SearchAction","target":{"@type":"EntryPoint","urlTemplate":"https:\/\/www.coatresa.com\/de\/?s={search_term_string}"},"query-input":{"@type":"PropertyValueSpecification","valueRequired":true,"valueName":"search_term_string"}}],"inLanguage":"de"},{"@type":"Organization","@id":"https:\/\/www.coatresa.com\/de\/#organization","name":"Coatresa","url":"https:\/\/www.coatresa.com\/de\/","logo":{"@type":"ImageObject","inLanguage":"de","@id":"https:\/\/www.coatresa.com\/de\/#\/schema\/logo\/image\/","url":"https:\/\/www.coatresa.com\/wp-content\/uploads\/2022\/07\/A_blava_mitja_transp.png","contentUrl":"https:\/\/www.coatresa.com\/wp-content\/uploads\/2022\/07\/A_blava_mitja_transp.png","width":340,"height":326,"caption":"Coatresa"},"image":{"@id":"https:\/\/www.coatresa.com\/de\/#\/schema\/logo\/image\/"},"sameAs":["https:\/\/www.facebook.com\/Coatresa\/","https:\/\/x.com\/Coatresa","https:\/\/www.linkedin.com\/company\/coatresa\/","https:\/\/www.youtube.com\/user\/CoatresaCoatings"]}]}},"_links":{"self":[{"href":"https:\/\/www.coatresa.com\/de\/wp-json\/wp\/v2\/pages\/19458","targetHints":{"allow":["GET"]}}],"collection":[{"href":"https:\/\/www.coatresa.com\/de\/wp-json\/wp\/v2\/pages"}],"about":[{"href":"https:\/\/www.coatresa.com\/de\/wp-json\/wp\/v2\/types\/page"}],"author":[{"embeddable":true,"href":"https:\/\/www.coatresa.com\/de\/wp-json\/wp\/v2\/users\/1"}],"replies":[{"embeddable":true,"href":"https:\/\/www.coatresa.com\/de\/wp-json\/wp\/v2\/comments?post=19458"}],"version-history":[{"count":0,"href":"https:\/\/www.coatresa.com\/de\/wp-json\/wp\/v2\/pages\/19458\/revisions"}],"wp:featuredmedia":[{"embeddable":true,"href":"https:\/\/www.coatresa.com\/de\/wp-json\/wp\/v2\/media\/15106"}],"wp:attachment":[{"href":"https:\/\/www.coatresa.com\/de\/wp-json\/wp\/v2\/media?parent=19458"}],"curies":[{"name":"wp","href":"https:\/\/api.w.org\/{rel}","templated":true}]}}